{"id":30256,"date":"2019-10-11T11:21:35","date_gmt":"2020-08-05T10:41:28","guid":{"rendered":"https:\/\/newgarden.es\/?post_type=product&#038;p=30256"},"modified":"2022-03-01T14:33:47","modified_gmt":"2022-03-01T13:33:47","slug":"calobra","status":"publish","type":"product","link":"https:\/\/newgarden.es\/de\/shop\/lightdeco-de\/pendelleuchten\/calobra\/","title":{"rendered":"PENDELLEUCHTE CALOBRA"},"content":{"rendered":"<section class=\"wpb-content-wrapper\"><p>[vc_row][vc_column][vc_column_text]<\/p>\n<p>[\/vc_column_text][\/vc_column][\/vc_row][vc_row][vc_column el_class=&#8221;descripcion_producto&#8221;][vc_column_text]<\/p>\n<p>CALOBRA PENDELLEUCHTE: Die CALOBRA Pendelleuchte ist eine der Neuheiten von NEWGARDEN. Es ist perfekt f\u00fcr Veranstaltungen und Partys geeignet, da es nicht installiert werden muss. Es ist auch ideal f\u00fcr den Innenbereich bei Ihnen zu Hause und f\u00fcr jede Au\u00dfenecke, jeden Garten, jede Terrasse oder jedes Gesch\u00e4ft.<\/p>\n<p>Kombinieren Sie es mit den Pendelmodellen Sisine, Bossa und Reona, um wirklich erstaunliche Kompositionen zu schaffen. Alle diese Anh\u00e4ngermodelle sind IP54<\/p>\n<p>Die Pendelleuchte im Calobra-Design besteht aus einem 3-Meter-Seil, einem Lampenschirm und einer Gl\u00fchbirne mit 3 Lichtst\u00e4rken bis zu 500 Lumen Licht. <strong>Autonomie von 6 bis 20 Stunden<\/strong>.<\/p>\n<p>Alle Newgarden-Produkte bestehen aus Polyethylen, wodurch sie leicht und \u00e4u\u00dferst widerstandsf\u00e4hig gegen extreme Temperaturen sind. Sie sind auch vor UV-Strahlen gesch\u00fctzt, wodurch die Lebensdauer des Produkts extrem lang wird.<\/p>\n<p>[\/vc_column_text][\/vc_column][\/vc_row][vc_row disable_element=&#8221;yes&#8221;][vc_column][vc_single_image image=&#8221;6566&#8243; img_size=&#8221;full&#8221;][\/vc_column][\/vc_row]<\/p>\n<\/section>","protected":false},"excerpt":{"rendered":"<h5><strong>CALOBRA PENDELLEUCHTE<\/strong><\/h5>\n","protected":false},"featured_media":55150,"template":"","meta":[],"product_cat":[763,73,337,819],"product_tag":[],"class_list":{"0":"post-30256","1":"product","2":"type-product","3":"status-publish","4":"has-post-thumbnail","6":"product_cat-lightdeco-de","7":"product_cat-lightdeco","8":"product_cat-colgantes","9":"product_cat-pendelleuchten","11":"first","12":"instock","13":"taxable","14":"shipping-taxable","15":"purchasable","16":"product-type-variable","17":"has-default-attributes"},"yoast_head":"<!-- This site is optimized with the Yoast SEO plugin v24.2 - https:\/\/yoast.com\/wordpress\/plugins\/seo\/ -->\n<title>PENDELLEUCHTE CALOBRA - Newgarden<\/title>\n<meta name=\"description\" content=\"Die CALOBRA Pendelleuchte ist eine der Neuheiten von NEWGARDEN. Es ist perfekt f\u00fcr Veranstaltungen und Partys geeignet, da es nicht installiert werden muss.\" \/>\n<meta name=\"robots\" content=\"index, follow, max-snippet:-1, max-image-preview:large, max-video-preview:-1\" \/>\n<link rel=\"canonical\" href=\"https:\/\/newgarden.es\/de\/shop\/lightdeco-de\/pendelleuchten\/calobra\/\" \/>\n<meta property=\"og:locale\" content=\"de_DE\" \/>\n<meta property=\"og:type\" content=\"article\" \/>\n<meta property=\"og:title\" content=\"PENDELLEUCHTE CALOBRA - Newgarden\" \/>\n<meta property=\"og:description\" content=\"Die CALOBRA Pendelleuchte ist eine der Neuheiten von NEWGARDEN. Es ist perfekt f\u00fcr Veranstaltungen und Partys geeignet, da es nicht installiert werden muss.\" \/>\n<meta property=\"og:url\" content=\"https:\/\/newgarden.es\/de\/shop\/lightdeco-de\/pendelleuchten\/calobra\/\" \/>\n<meta property=\"og:site_name\" content=\"Newgarden\" \/>\n<meta property=\"article:modified_time\" content=\"2022-03-01T13:33:47+00:00\" \/>\n<meta property=\"og:image\" content=\"https:\/\/newgarden.es\/wp-content\/uploads\/2019\/10\/CALOBRA_HANG_1200X1200-2.jpg\" \/>\n\t<meta property=\"og:image:width\" content=\"1200\" \/>\n\t<meta property=\"og:image:height\" content=\"1200\" \/>\n\t<meta property=\"og:image:type\" content=\"image\/jpeg\" \/>\n<meta name=\"twitter:card\" content=\"summary_large_image\" \/>\n<meta name=\"twitter:label1\" content=\"Gesch\u00e4tzte Lesezeit\" \/>\n\t<meta name=\"twitter:data1\" content=\"1\u00a0Minute\" \/>\n<script type=\"application\/ld+json\" class=\"yoast-schema-graph\">{\"@context\":\"https:\/\/schema.org\",\"@graph\":[{\"@type\":\"WebPage\",\"@id\":\"https:\/\/newgarden.es\/de\/shop\/lightdeco-de\/pendelleuchten\/calobra\/\",\"url\":\"https:\/\/newgarden.es\/de\/shop\/lightdeco-de\/pendelleuchten\/calobra\/\",\"name\":\"PENDELLEUCHTE CALOBRA - Newgarden\",\"isPartOf\":{\"@id\":\"https:\/\/newgarden.es\/#website\"},\"primaryImageOfPage\":{\"@id\":\"https:\/\/newgarden.es\/de\/shop\/lightdeco-de\/pendelleuchten\/calobra\/#primaryimage\"},\"image\":{\"@id\":\"https:\/\/newgarden.es\/de\/shop\/lightdeco-de\/pendelleuchten\/calobra\/#primaryimage\"},\"thumbnailUrl\":\"https:\/\/newgarden.es\/wp-content\/uploads\/2019\/10\/CALOBRA_HANG_1200X1200-2.jpg\",\"datePublished\":\"2020-08-05T10:41:28+00:00\",\"dateModified\":\"2022-03-01T13:33:47+00:00\",\"description\":\"Die CALOBRA Pendelleuchte ist eine der Neuheiten von NEWGARDEN. Es ist perfekt f\u00fcr Veranstaltungen und Partys geeignet, da es nicht installiert werden muss.\",\"breadcrumb\":{\"@id\":\"https:\/\/newgarden.es\/de\/shop\/lightdeco-de\/pendelleuchten\/calobra\/#breadcrumb\"},\"inLanguage\":\"de\",\"potentialAction\":[{\"@type\":\"ReadAction\",\"target\":[\"https:\/\/newgarden.es\/de\/shop\/lightdeco-de\/pendelleuchten\/calobra\/\"]}]},{\"@type\":\"ImageObject\",\"inLanguage\":\"de\",\"@id\":\"https:\/\/newgarden.es\/de\/shop\/lightdeco-de\/pendelleuchten\/calobra\/#primaryimage\",\"url\":\"https:\/\/newgarden.es\/wp-content\/uploads\/2019\/10\/CALOBRA_HANG_1200X1200-2.jpg\",\"contentUrl\":\"https:\/\/newgarden.es\/wp-content\/uploads\/2019\/10\/CALOBRA_HANG_1200X1200-2.jpg\",\"width\":1200,\"height\":1200},{\"@type\":\"BreadcrumbList\",\"@id\":\"https:\/\/newgarden.es\/de\/shop\/lightdeco-de\/pendelleuchten\/calobra\/#breadcrumb\",\"itemListElement\":[{\"@type\":\"ListItem\",\"position\":1,\"name\":\"Home\",\"item\":\"https:\/\/newgarden.es\/de\/\"},{\"@type\":\"ListItem\",\"position\":2,\"name\":\"Shop\",\"item\":\"https:\/\/newgarden.es\/de\/shop\/\"},{\"@type\":\"ListItem\",\"position\":3,\"name\":\"PENDELLEUCHTE CALOBRA\"}]},{\"@type\":\"WebSite\",\"@id\":\"https:\/\/newgarden.es\/#website\",\"url\":\"https:\/\/newgarden.es\/\",\"name\":\"Newgarden\",\"description\":\"Be happy\",\"potentialAction\":[{\"@type\":\"SearchAction\",\"target\":{\"@type\":\"EntryPoint\",\"urlTemplate\":\"https:\/\/newgarden.es\/?s={search_term_string}\"},\"query-input\":{\"@type\":\"PropertyValueSpecification\",\"valueRequired\":true,\"valueName\":\"search_term_string\"}}],\"inLanguage\":\"de\"}]}<\/script>\n<!-- \/ Yoast SEO plugin. -->","yoast_head_json":{"title":"PENDELLEUCHTE CALOBRA - Newgarden","description":"Die CALOBRA Pendelleuchte ist eine der Neuheiten von NEWGARDEN. Es ist perfekt f\u00fcr Veranstaltungen und Partys geeignet, da es nicht installiert werden muss.","robots":{"index":"index","follow":"follow","max-snippet":"max-snippet:-1","max-image-preview":"max-image-preview:large","max-video-preview":"max-video-preview:-1"},"canonical":"https:\/\/newgarden.es\/de\/shop\/lightdeco-de\/pendelleuchten\/calobra\/","og_locale":"de_DE","og_type":"article","og_title":"PENDELLEUCHTE CALOBRA - Newgarden","og_description":"Die CALOBRA Pendelleuchte ist eine der Neuheiten von NEWGARDEN. Es ist perfekt f\u00fcr Veranstaltungen und Partys geeignet, da es nicht installiert werden muss.","og_url":"https:\/\/newgarden.es\/de\/shop\/lightdeco-de\/pendelleuchten\/calobra\/","og_site_name":"Newgarden","article_modified_time":"2022-03-01T13:33:47+00:00","og_image":[{"width":1200,"height":1200,"url":"https:\/\/newgarden.es\/wp-content\/uploads\/2019\/10\/CALOBRA_HANG_1200X1200-2.jpg","type":"image\/jpeg"}],"twitter_card":"summary_large_image","twitter_misc":{"Gesch\u00e4tzte Lesezeit":"1\u00a0Minute"},"schema":{"@context":"https:\/\/schema.org","@graph":[{"@type":"WebPage","@id":"https:\/\/newgarden.es\/de\/shop\/lightdeco-de\/pendelleuchten\/calobra\/","url":"https:\/\/newgarden.es\/de\/shop\/lightdeco-de\/pendelleuchten\/calobra\/","name":"PENDELLEUCHTE CALOBRA - Newgarden","isPartOf":{"@id":"https:\/\/newgarden.es\/#website"},"primaryImageOfPage":{"@id":"https:\/\/newgarden.es\/de\/shop\/lightdeco-de\/pendelleuchten\/calobra\/#primaryimage"},"image":{"@id":"https:\/\/newgarden.es\/de\/shop\/lightdeco-de\/pendelleuchten\/calobra\/#primaryimage"},"thumbnailUrl":"https:\/\/newgarden.es\/wp-content\/uploads\/2019\/10\/CALOBRA_HANG_1200X1200-2.jpg","datePublished":"2020-08-05T10:41:28+00:00","dateModified":"2022-03-01T13:33:47+00:00","description":"Die CALOBRA Pendelleuchte ist eine der Neuheiten von NEWGARDEN. Es ist perfekt f\u00fcr Veranstaltungen und Partys geeignet, da es nicht installiert werden muss.","breadcrumb":{"@id":"https:\/\/newgarden.es\/de\/shop\/lightdeco-de\/pendelleuchten\/calobra\/#breadcrumb"},"inLanguage":"de","potentialAction":[{"@type":"ReadAction","target":["https:\/\/newgarden.es\/de\/shop\/lightdeco-de\/pendelleuchten\/calobra\/"]}]},{"@type":"ImageObject","inLanguage":"de","@id":"https:\/\/newgarden.es\/de\/shop\/lightdeco-de\/pendelleuchten\/calobra\/#primaryimage","url":"https:\/\/newgarden.es\/wp-content\/uploads\/2019\/10\/CALOBRA_HANG_1200X1200-2.jpg","contentUrl":"https:\/\/newgarden.es\/wp-content\/uploads\/2019\/10\/CALOBRA_HANG_1200X1200-2.jpg","width":1200,"height":1200},{"@type":"BreadcrumbList","@id":"https:\/\/newgarden.es\/de\/shop\/lightdeco-de\/pendelleuchten\/calobra\/#breadcrumb","itemListElement":[{"@type":"ListItem","position":1,"name":"Home","item":"https:\/\/newgarden.es\/de\/"},{"@type":"ListItem","position":2,"name":"Shop","item":"https:\/\/newgarden.es\/de\/shop\/"},{"@type":"ListItem","position":3,"name":"PENDELLEUCHTE CALOBRA"}]},{"@type":"WebSite","@id":"https:\/\/newgarden.es\/#website","url":"https:\/\/newgarden.es\/","name":"Newgarden","description":"Be happy","potentialAction":[{"@type":"SearchAction","target":{"@type":"EntryPoint","urlTemplate":"https:\/\/newgarden.es\/?s={search_term_string}"},"query-input":{"@type":"PropertyValueSpecification","valueRequired":true,"valueName":"search_term_string"}}],"inLanguage":"de"}]}},"df_price":56.1,"df_sale_price":"","df_regular_price":56.1,"df_image_link":"https:\/\/newgarden.es\/wp-content\/uploads\/2019\/10\/CALOBRA_HANG_1200X1200-2-580x400.jpg","_links":{"self":[{"href":"https:\/\/newgarden.es\/de\/wp-json\/wp\/v2\/product\/30256"}],"collection":[{"href":"https:\/\/newgarden.es\/de\/wp-json\/wp\/v2\/product"}],"about":[{"href":"https:\/\/newgarden.es\/de\/wp-json\/wp\/v2\/types\/product"}],"wp:featuredmedia":[{"embeddable":true,"href":"https:\/\/newgarden.es\/de\/wp-json\/wp\/v2\/media\/55150"}],"wp:attachment":[{"href":"https:\/\/newgarden.es\/de\/wp-json\/wp\/v2\/media?parent=30256"}],"wp:term":[{"taxonomy":"product_cat","embeddable":true,"href":"https:\/\/newgarden.es\/de\/wp-json\/wp\/v2\/product_cat?post=30256"},{"taxonomy":"product_tag","embeddable":true,"href":"https:\/\/newgarden.es\/de\/wp-json\/wp\/v2\/product_tag?post=30256"}],"curies":[{"name":"wp","href":"https:\/\/api.w.org\/{rel}","templated":true}]}}