{"id":30273,"date":"2019-10-14T10:38:02","date_gmt":"2020-08-05T11:15:37","guid":{"rendered":"https:\/\/newgarden.es\/?post_type=product&#038;p=30273"},"modified":"2024-05-29T13:01:55","modified_gmt":"2024-05-29T11:01:55","slug":"x3-girlande-stella","status":"publish","type":"product","link":"https:\/\/newgarden.es\/de\/shop\/lightdeco-de\/weihnachten\/x3-girlande-stella\/","title":{"rendered":"DEKORATIVE GIRLANDE STELLA"},"content":{"rendered":"<section class=\"wpb-content-wrapper\"><p>[vc_row][vc_column][vc_column_text]Die Girlande STELLA ist eine der NEWGARDEN-Neuheiten. Sie eignet sich perfekt f\u00fcr Veranstaltungen und Partys, aber auch f\u00fcr den Innenbereich im Haus sowie f\u00fcr jede Ecke im Freien, Garten, Terrasse, Gesch\u00e4ft oder als Weihnachtsdekoration.<\/p>\n<p>Im Gegensatz zu den meisten anderen Girlanden auf dem Markt hat die Newgarden STELLA Girlande 10 integrierte, nicht austauschbare LED-Birnen, die ihr ein Vintage-Design verleihen.<\/p>\n<p>Die Girlande hat eine L\u00e4nge von 4,5 Metern und ist f\u00fcr den Au\u00dfen- und Innenbereich geeignet (IP44).<\/p>\n<p><strong>TECHNISCHES DATENBLATT<\/strong><\/p>\n<p>&nbsp;[\/vc_column_text][\/vc_column][\/vc_row][vc_row][vc_column width=&#8220;1\/2&#8243;][vc_btn title=&#8220;Technisches Datenblatt&#8220; style=&#8220;custom&#8220; custom_background=&#8220;#009bc2&#8243; custom_text=&#8220;#ffffff&#8220; link=&#8220;url:https%3A%2F%2Fbit.ly%2F3oXVVhE|&#8220;][vc_btn title=&#8220;Technisches Datenblatt&#8220; style=&#8220;custom&#8220; custom_background=&#8220;#009bc2&#8243; custom_text=&#8220;#ffffff&#8220; link=&#8220;url:https%3A%2F%2Fbit.ly%2F3zDgNj4|&#8220;][\/vc_column][vc_column width=&#8220;1\/2&#8243;][vc_btn title=&#8220;BEDIENUNGSANLEITUNG&#8220; style=&#8220;custom&#8220; custom_background=&#8220;#009bc2&#8243; custom_text=&#8220;#ffffff&#8220; link=&#8220;url:https%3A%2F%2Fbit.ly%2F3A1mB7O|&#8220;][vc_btn title=&#8220;BEDIENUNGSANLEITUNG&#8220; style=&#8220;custom&#8220; custom_background=&#8220;#009bc2&#8243; custom_text=&#8220;#ffffff&#8220; link=&#8220;url:https%3A%2F%2Fbit.ly%2F3pfw5pP|&#8220;][\/vc_column][\/vc_row]<\/p>\n<\/section>","protected":false},"excerpt":{"rendered":"<p>[vc_row][vc_column][vc_column_text]Die Girlande STELLA ist eine der NEWGARDEN-Neuheiten. Sie eignet sich perfekt f\u00fcr Veranstaltungen und Partys, aber auch f\u00fcr den Innenbereich im Haus sowie f\u00fcr jede Ecke im Freien, Garten, Terrasse,<\/p>\n","protected":false},"featured_media":58506,"template":"","meta":[],"product_cat":[763,1576,811],"product_tag":[],"class_list":{"0":"post-30273","1":"product","2":"type-product","3":"status-publish","4":"has-post-thumbnail","6":"product_cat-lightdeco-de","7":"product_cat-girlanden","8":"product_cat-weihnachten","10":"first","11":"instock","12":"taxable","13":"shipping-taxable","14":"purchasable","15":"product-type-variable","16":"has-default-attributes"},"yoast_head":"<!-- This site is optimized with the Yoast SEO plugin v24.2 - https:\/\/yoast.com\/wordpress\/plugins\/seo\/ -->\n<title>STELLA Newgarden Girlande, inklusive 10 Gl\u00fchbirnen<\/title>\n<meta name=\"description\" content=\"Der STELLA-Kranz, ist eine der Neuheiten von NEWGARDEN. Es eignet sich perfekt f\u00fcr Veranstaltungen und Partys und ist sowohl f\u00fcr den Innenbereich im Haus als auch f\u00fcr jede Au\u00dfenecke, Garten, Terrasse, Gesch\u00e4ft oder als Weihnachtsdekoration geeignet.\" \/>\n<meta name=\"robots\" content=\"index, follow, max-snippet:-1, max-image-preview:large, max-video-preview:-1\" \/>\n<link rel=\"canonical\" href=\"https:\/\/newgarden.es\/de\/shop\/lightdeco-de\/weihnachten\/x3-girlande-stella\/\" \/>\n<meta property=\"og:locale\" content=\"de_DE\" \/>\n<meta property=\"og:type\" content=\"article\" \/>\n<meta property=\"og:title\" content=\"STELLA Newgarden Girlande, inklusive 10 Gl\u00fchbirnen\" \/>\n<meta property=\"og:description\" content=\"Der STELLA-Kranz, ist eine der Neuheiten von NEWGARDEN. Es eignet sich perfekt f\u00fcr Veranstaltungen und Partys und ist sowohl f\u00fcr den Innenbereich im Haus als auch f\u00fcr jede Au\u00dfenecke, Garten, Terrasse, Gesch\u00e4ft oder als Weihnachtsdekoration geeignet.\" \/>\n<meta property=\"og:url\" content=\"https:\/\/newgarden.es\/de\/shop\/lightdeco-de\/weihnachten\/x3-girlande-stella\/\" \/>\n<meta property=\"og:site_name\" content=\"Newgarden\" \/>\n<meta property=\"article:modified_time\" content=\"2024-05-29T11:01:55+00:00\" \/>\n<meta property=\"og:image\" content=\"https:\/\/newgarden.es\/wp-content\/uploads\/2019\/10\/STELLA_1200X1200-2-1.jpg\" \/>\n\t<meta property=\"og:image:width\" content=\"1200\" \/>\n\t<meta property=\"og:image:height\" content=\"1200\" \/>\n\t<meta property=\"og:image:type\" content=\"image\/jpeg\" \/>\n<meta name=\"twitter:card\" content=\"summary_large_image\" \/>\n<meta name=\"twitter:label1\" content=\"Gesch\u00e4tzte Lesezeit\" \/>\n\t<meta name=\"twitter:data1\" content=\"1\u00a0Minute\" \/>\n<script type=\"application\/ld+json\" class=\"yoast-schema-graph\">{\"@context\":\"https:\/\/schema.org\",\"@graph\":[{\"@type\":\"WebPage\",\"@id\":\"https:\/\/newgarden.es\/de\/shop\/lightdeco-de\/weihnachten\/x3-girlande-stella\/\",\"url\":\"https:\/\/newgarden.es\/de\/shop\/lightdeco-de\/weihnachten\/x3-girlande-stella\/\",\"name\":\"STELLA Newgarden Girlande, inklusive 10 Gl\u00fchbirnen\",\"isPartOf\":{\"@id\":\"https:\/\/newgarden.es\/#website\"},\"primaryImageOfPage\":{\"@id\":\"https:\/\/newgarden.es\/de\/shop\/lightdeco-de\/weihnachten\/x3-girlande-stella\/#primaryimage\"},\"image\":{\"@id\":\"https:\/\/newgarden.es\/de\/shop\/lightdeco-de\/weihnachten\/x3-girlande-stella\/#primaryimage\"},\"thumbnailUrl\":\"https:\/\/newgarden.es\/wp-content\/uploads\/2019\/10\/STELLA_1200X1200-2-1.jpg\",\"datePublished\":\"2020-08-05T11:15:37+00:00\",\"dateModified\":\"2024-05-29T11:01:55+00:00\",\"description\":\"Der STELLA-Kranz, ist eine der Neuheiten von NEWGARDEN. Es eignet sich perfekt f\u00fcr Veranstaltungen und Partys und ist sowohl f\u00fcr den Innenbereich im Haus als auch f\u00fcr jede Au\u00dfenecke, Garten, Terrasse, Gesch\u00e4ft oder als Weihnachtsdekoration geeignet.\",\"breadcrumb\":{\"@id\":\"https:\/\/newgarden.es\/de\/shop\/lightdeco-de\/weihnachten\/x3-girlande-stella\/#breadcrumb\"},\"inLanguage\":\"de\",\"potentialAction\":[{\"@type\":\"ReadAction\",\"target\":[\"https:\/\/newgarden.es\/de\/shop\/lightdeco-de\/weihnachten\/x3-girlande-stella\/\"]}]},{\"@type\":\"ImageObject\",\"inLanguage\":\"de\",\"@id\":\"https:\/\/newgarden.es\/de\/shop\/lightdeco-de\/weihnachten\/x3-girlande-stella\/#primaryimage\",\"url\":\"https:\/\/newgarden.es\/wp-content\/uploads\/2019\/10\/STELLA_1200X1200-2-1.jpg\",\"contentUrl\":\"https:\/\/newgarden.es\/wp-content\/uploads\/2019\/10\/STELLA_1200X1200-2-1.jpg\",\"width\":1200,\"height\":1200},{\"@type\":\"BreadcrumbList\",\"@id\":\"https:\/\/newgarden.es\/de\/shop\/lightdeco-de\/weihnachten\/x3-girlande-stella\/#breadcrumb\",\"itemListElement\":[{\"@type\":\"ListItem\",\"position\":1,\"name\":\"Home\",\"item\":\"https:\/\/newgarden.es\/de\/\"},{\"@type\":\"ListItem\",\"position\":2,\"name\":\"Shop\",\"item\":\"https:\/\/newgarden.es\/de\/shop\/\"},{\"@type\":\"ListItem\",\"position\":3,\"name\":\"DEKORATIVE GIRLANDE STELLA\"}]},{\"@type\":\"WebSite\",\"@id\":\"https:\/\/newgarden.es\/#website\",\"url\":\"https:\/\/newgarden.es\/\",\"name\":\"Newgarden\",\"description\":\"Be happy\",\"potentialAction\":[{\"@type\":\"SearchAction\",\"target\":{\"@type\":\"EntryPoint\",\"urlTemplate\":\"https:\/\/newgarden.es\/?s={search_term_string}\"},\"query-input\":{\"@type\":\"PropertyValueSpecification\",\"valueRequired\":true,\"valueName\":\"search_term_string\"}}],\"inLanguage\":\"de\"}]}<\/script>\n<!-- \/ Yoast SEO plugin. -->","yoast_head_json":{"title":"STELLA Newgarden Girlande, inklusive 10 Gl\u00fchbirnen","description":"Der STELLA-Kranz, ist eine der Neuheiten von NEWGARDEN. Es eignet sich perfekt f\u00fcr Veranstaltungen und Partys und ist sowohl f\u00fcr den Innenbereich im Haus als auch f\u00fcr jede Au\u00dfenecke, Garten, Terrasse, Gesch\u00e4ft oder als Weihnachtsdekoration geeignet.","robots":{"index":"index","follow":"follow","max-snippet":"max-snippet:-1","max-image-preview":"max-image-preview:large","max-video-preview":"max-video-preview:-1"},"canonical":"https:\/\/newgarden.es\/de\/shop\/lightdeco-de\/weihnachten\/x3-girlande-stella\/","og_locale":"de_DE","og_type":"article","og_title":"STELLA Newgarden Girlande, inklusive 10 Gl\u00fchbirnen","og_description":"Der STELLA-Kranz, ist eine der Neuheiten von NEWGARDEN. Es eignet sich perfekt f\u00fcr Veranstaltungen und Partys und ist sowohl f\u00fcr den Innenbereich im Haus als auch f\u00fcr jede Au\u00dfenecke, Garten, Terrasse, Gesch\u00e4ft oder als Weihnachtsdekoration geeignet.","og_url":"https:\/\/newgarden.es\/de\/shop\/lightdeco-de\/weihnachten\/x3-girlande-stella\/","og_site_name":"Newgarden","article_modified_time":"2024-05-29T11:01:55+00:00","og_image":[{"width":1200,"height":1200,"url":"https:\/\/newgarden.es\/wp-content\/uploads\/2019\/10\/STELLA_1200X1200-2-1.jpg","type":"image\/jpeg"}],"twitter_card":"summary_large_image","twitter_misc":{"Gesch\u00e4tzte Lesezeit":"1\u00a0Minute"},"schema":{"@context":"https:\/\/schema.org","@graph":[{"@type":"WebPage","@id":"https:\/\/newgarden.es\/de\/shop\/lightdeco-de\/weihnachten\/x3-girlande-stella\/","url":"https:\/\/newgarden.es\/de\/shop\/lightdeco-de\/weihnachten\/x3-girlande-stella\/","name":"STELLA Newgarden Girlande, inklusive 10 Gl\u00fchbirnen","isPartOf":{"@id":"https:\/\/newgarden.es\/#website"},"primaryImageOfPage":{"@id":"https:\/\/newgarden.es\/de\/shop\/lightdeco-de\/weihnachten\/x3-girlande-stella\/#primaryimage"},"image":{"@id":"https:\/\/newgarden.es\/de\/shop\/lightdeco-de\/weihnachten\/x3-girlande-stella\/#primaryimage"},"thumbnailUrl":"https:\/\/newgarden.es\/wp-content\/uploads\/2019\/10\/STELLA_1200X1200-2-1.jpg","datePublished":"2020-08-05T11:15:37+00:00","dateModified":"2024-05-29T11:01:55+00:00","description":"Der STELLA-Kranz, ist eine der Neuheiten von NEWGARDEN. Es eignet sich perfekt f\u00fcr Veranstaltungen und Partys und ist sowohl f\u00fcr den Innenbereich im Haus als auch f\u00fcr jede Au\u00dfenecke, Garten, Terrasse, Gesch\u00e4ft oder als Weihnachtsdekoration geeignet.","breadcrumb":{"@id":"https:\/\/newgarden.es\/de\/shop\/lightdeco-de\/weihnachten\/x3-girlande-stella\/#breadcrumb"},"inLanguage":"de","potentialAction":[{"@type":"ReadAction","target":["https:\/\/newgarden.es\/de\/shop\/lightdeco-de\/weihnachten\/x3-girlande-stella\/"]}]},{"@type":"ImageObject","inLanguage":"de","@id":"https:\/\/newgarden.es\/de\/shop\/lightdeco-de\/weihnachten\/x3-girlande-stella\/#primaryimage","url":"https:\/\/newgarden.es\/wp-content\/uploads\/2019\/10\/STELLA_1200X1200-2-1.jpg","contentUrl":"https:\/\/newgarden.es\/wp-content\/uploads\/2019\/10\/STELLA_1200X1200-2-1.jpg","width":1200,"height":1200},{"@type":"BreadcrumbList","@id":"https:\/\/newgarden.es\/de\/shop\/lightdeco-de\/weihnachten\/x3-girlande-stella\/#breadcrumb","itemListElement":[{"@type":"ListItem","position":1,"name":"Home","item":"https:\/\/newgarden.es\/de\/"},{"@type":"ListItem","position":2,"name":"Shop","item":"https:\/\/newgarden.es\/de\/shop\/"},{"@type":"ListItem","position":3,"name":"DEKORATIVE GIRLANDE STELLA"}]},{"@type":"WebSite","@id":"https:\/\/newgarden.es\/#website","url":"https:\/\/newgarden.es\/","name":"Newgarden","description":"Be happy","potentialAction":[{"@type":"SearchAction","target":{"@type":"EntryPoint","urlTemplate":"https:\/\/newgarden.es\/?s={search_term_string}"},"query-input":{"@type":"PropertyValueSpecification","valueRequired":true,"valueName":"search_term_string"}}],"inLanguage":"de"}]}},"df_price":63,"df_sale_price":"","df_regular_price":63,"df_image_link":"https:\/\/newgarden.es\/wp-content\/uploads\/2019\/10\/STELLA_1200X1200-2-1-580x400.jpg","_links":{"self":[{"href":"https:\/\/newgarden.es\/de\/wp-json\/wp\/v2\/product\/30273"}],"collection":[{"href":"https:\/\/newgarden.es\/de\/wp-json\/wp\/v2\/product"}],"about":[{"href":"https:\/\/newgarden.es\/de\/wp-json\/wp\/v2\/types\/product"}],"wp:featuredmedia":[{"embeddable":true,"href":"https:\/\/newgarden.es\/de\/wp-json\/wp\/v2\/media\/58506"}],"wp:attachment":[{"href":"https:\/\/newgarden.es\/de\/wp-json\/wp\/v2\/media?parent=30273"}],"wp:term":[{"taxonomy":"product_cat","embeddable":true,"href":"https:\/\/newgarden.es\/de\/wp-json\/wp\/v2\/product_cat?post=30273"},{"taxonomy":"product_tag","embeddable":true,"href":"https:\/\/newgarden.es\/de\/wp-json\/wp\/v2\/product_tag?post=30273"}],"curies":[{"name":"wp","href":"https:\/\/api.w.org\/{rel}","templated":true}]}}