{"id":30284,"date":"2019-10-14T10:44:23","date_gmt":"2020-08-05T11:31:48","guid":{"rendered":"https:\/\/newgarden.es\/?post_type=product&#038;p=30284"},"modified":"2024-05-29T12:45:04","modified_gmt":"2024-05-29T10:45:04","slug":"x6-guirlande-allegra","status":"publish","type":"product","link":"https:\/\/newgarden.es\/de\/shop\/lightdeco-de\/weihnachten\/x6-guirlande-allegra\/","title":{"rendered":"GIRLANDE ALLEGRA ROSA"},"content":{"rendered":"<section class=\"wpb-content-wrapper\"><p>[vc_row][vc_column][vc_column_text]<strong>GIRLANDE ALLEGRA ROSA <\/strong><\/p>\n<p>Die Girlande ALLEGRA ist eines der neuen Produkte von NEWGARDEN. Sie eignet sich perfekt f\u00fcr Veranstaltungen und Partys, aber auch f\u00fcr die Dekoration Ihres Hauses sowie f\u00fcr jede Ecke im Freien, Garten, Terrasse, Gesch\u00e4ft oder als Weihnachtsdekoration.<\/p>\n<p>Im Gegensatz zu den meisten anderen Girlanden auf dem Markt hat die Newgarden-Girlande 10 integrierte, nicht austauschbare LED-Birnen, die ihr ein Vintage-Design verleihen.<\/p>\n<p>Das Modell in Rosa ist speziell f\u00fcr die Dekoration und die Stimmung geschaffen, auch wenn die Girlande nicht beleuchtet ist, ist ihre Farbe einzigartig!<\/p>\n<p>Die Allegra Dekorationsgirlande ist in 2 Ausf\u00fchrungen erh\u00e4ltlich: Schwarz und Rosa.<\/p>\n<p>Die Gr\u00f6\u00dfe der Allegra Design Girlande betr\u00e4gt 8 Meter und es k\u00f6nnen bis zu 4 St\u00fcck zusammengef\u00fcgt werden.[\/vc_column_text][vc_video link=&#8220;https:\/\/youtu.be\/UIOM3rWcvh0&#8243;][\/vc_column][\/vc_row][vc_row][vc_column width=&#8220;1\/2&#8243;][vc_btn title=&#8220;Technisches Datenblatt&#8220; style=&#8220;custom&#8220; custom_background=&#8220;#009bc2&#8243; custom_text=&#8220;#ffffff&#8220; link=&#8220;url:https%3A%2F%2Fbit.ly%2F3OrxpQO|&#8220;][\/vc_column][vc_column width=&#8220;1\/2&#8243;][vc_btn title=&#8220;BEDIENUNGSANLEITUNG&#8220; style=&#8220;custom&#8220; custom_background=&#8220;#009bc2&#8243; custom_text=&#8220;#ffffff&#8220; link=&#8220;url:https%3A%2F%2Fbit.ly%2F3zwJWg8|target:%20_blank|&#8220; el_class=&#8220;btn_descargar_ficha&#8220;][\/vc_column][\/vc_row]<\/p>\n<\/section>","protected":false},"excerpt":{"rendered":"<p>[vc_row][vc_column][vc_column_text]GIRLANDE ALLEGRA ROSA Die Girlande ALLEGRA ist eines der neuen Produkte von NEWGARDEN. Sie eignet sich perfekt f\u00fcr Veranstaltungen und Partys, aber auch f\u00fcr die Dekoration Ihres Hauses sowie f\u00fcr<\/p>\n","protected":false},"featured_media":58454,"template":"","meta":[],"product_cat":[763,1576,811],"product_tag":[],"class_list":{"0":"post-30284","1":"product","2":"type-product","3":"status-publish","4":"has-post-thumbnail","6":"product_cat-lightdeco-de","7":"product_cat-girlanden","8":"product_cat-weihnachten","10":"first","11":"instock","12":"taxable","13":"shipping-taxable","14":"purchasable","15":"product-type-variable"},"yoast_head":"<!-- This site is optimized with the Yoast SEO plugin v24.2 - https:\/\/yoast.com\/wordpress\/plugins\/seo\/ -->\n<title>ALLEGRA ROSE Kranz Newgarden, mit 10 Zwiebeln inklusive<\/title>\n<meta name=\"description\" content=\"Die Girlande ALLEGRA ROSA ist eine der Neuheiten von NEWGARDEN. Sie ist perfekt f\u00fcr jede Ecke im Freien, Garten, Terrassen und Gesch\u00e4fte. Enth\u00e4lt 10 Gl\u00fchbirnen\" \/>\n<meta name=\"robots\" content=\"index, follow, max-snippet:-1, max-image-preview:large, max-video-preview:-1\" \/>\n<link rel=\"canonical\" href=\"https:\/\/newgarden.es\/de\/shop\/lightdeco-de\/weihnachten\/x6-guirlande-allegra\/\" \/>\n<meta property=\"og:locale\" content=\"de_DE\" \/>\n<meta property=\"og:type\" content=\"article\" \/>\n<meta property=\"og:title\" content=\"ALLEGRA ROSE Kranz Newgarden, mit 10 Zwiebeln inklusive\" \/>\n<meta property=\"og:description\" content=\"Die Girlande ALLEGRA ROSA ist eine der Neuheiten von NEWGARDEN. Sie ist perfekt f\u00fcr jede Ecke im Freien, Garten, Terrassen und Gesch\u00e4fte. Enth\u00e4lt 10 Gl\u00fchbirnen\" \/>\n<meta property=\"og:url\" content=\"https:\/\/newgarden.es\/de\/shop\/lightdeco-de\/weihnachten\/x6-guirlande-allegra\/\" \/>\n<meta property=\"og:site_name\" content=\"Newgarden\" \/>\n<meta property=\"article:modified_time\" content=\"2024-05-29T10:45:04+00:00\" \/>\n<meta property=\"og:image\" content=\"https:\/\/newgarden.es\/wp-content\/uploads\/2019\/10\/ALLEGRA-1200X1200-2.jpg\" \/>\n\t<meta property=\"og:image:width\" content=\"1200\" \/>\n\t<meta property=\"og:image:height\" content=\"1200\" \/>\n\t<meta property=\"og:image:type\" content=\"image\/jpeg\" \/>\n<meta name=\"twitter:card\" content=\"summary_large_image\" \/>\n<meta name=\"twitter:label1\" content=\"Gesch\u00e4tzte Lesezeit\" \/>\n\t<meta name=\"twitter:data1\" content=\"1\u00a0Minute\" \/>\n<script type=\"application\/ld+json\" class=\"yoast-schema-graph\">{\"@context\":\"https:\/\/schema.org\",\"@graph\":[{\"@type\":\"WebPage\",\"@id\":\"https:\/\/newgarden.es\/de\/shop\/lightdeco-de\/weihnachten\/x6-guirlande-allegra\/\",\"url\":\"https:\/\/newgarden.es\/de\/shop\/lightdeco-de\/weihnachten\/x6-guirlande-allegra\/\",\"name\":\"ALLEGRA ROSE Kranz Newgarden, mit 10 Zwiebeln inklusive\",\"isPartOf\":{\"@id\":\"https:\/\/newgarden.es\/#website\"},\"primaryImageOfPage\":{\"@id\":\"https:\/\/newgarden.es\/de\/shop\/lightdeco-de\/weihnachten\/x6-guirlande-allegra\/#primaryimage\"},\"image\":{\"@id\":\"https:\/\/newgarden.es\/de\/shop\/lightdeco-de\/weihnachten\/x6-guirlande-allegra\/#primaryimage\"},\"thumbnailUrl\":\"https:\/\/newgarden.es\/wp-content\/uploads\/2019\/10\/ALLEGRA-1200X1200-2.jpg\",\"datePublished\":\"2020-08-05T11:31:48+00:00\",\"dateModified\":\"2024-05-29T10:45:04+00:00\",\"description\":\"Die Girlande ALLEGRA ROSA ist eine der Neuheiten von NEWGARDEN. Sie ist perfekt f\u00fcr jede Ecke im Freien, Garten, Terrassen und Gesch\u00e4fte. Enth\u00e4lt 10 Gl\u00fchbirnen\",\"breadcrumb\":{\"@id\":\"https:\/\/newgarden.es\/de\/shop\/lightdeco-de\/weihnachten\/x6-guirlande-allegra\/#breadcrumb\"},\"inLanguage\":\"de\",\"potentialAction\":[{\"@type\":\"ReadAction\",\"target\":[\"https:\/\/newgarden.es\/de\/shop\/lightdeco-de\/weihnachten\/x6-guirlande-allegra\/\"]}]},{\"@type\":\"ImageObject\",\"inLanguage\":\"de\",\"@id\":\"https:\/\/newgarden.es\/de\/shop\/lightdeco-de\/weihnachten\/x6-guirlande-allegra\/#primaryimage\",\"url\":\"https:\/\/newgarden.es\/wp-content\/uploads\/2019\/10\/ALLEGRA-1200X1200-2.jpg\",\"contentUrl\":\"https:\/\/newgarden.es\/wp-content\/uploads\/2019\/10\/ALLEGRA-1200X1200-2.jpg\",\"width\":1200,\"height\":1200},{\"@type\":\"BreadcrumbList\",\"@id\":\"https:\/\/newgarden.es\/de\/shop\/lightdeco-de\/weihnachten\/x6-guirlande-allegra\/#breadcrumb\",\"itemListElement\":[{\"@type\":\"ListItem\",\"position\":1,\"name\":\"Home\",\"item\":\"https:\/\/newgarden.es\/de\/\"},{\"@type\":\"ListItem\",\"position\":2,\"name\":\"Shop\",\"item\":\"https:\/\/newgarden.es\/de\/shop\/\"},{\"@type\":\"ListItem\",\"position\":3,\"name\":\"GIRLANDE ALLEGRA ROSA\"}]},{\"@type\":\"WebSite\",\"@id\":\"https:\/\/newgarden.es\/#website\",\"url\":\"https:\/\/newgarden.es\/\",\"name\":\"Newgarden\",\"description\":\"Be happy\",\"potentialAction\":[{\"@type\":\"SearchAction\",\"target\":{\"@type\":\"EntryPoint\",\"urlTemplate\":\"https:\/\/newgarden.es\/?s={search_term_string}\"},\"query-input\":{\"@type\":\"PropertyValueSpecification\",\"valueRequired\":true,\"valueName\":\"search_term_string\"}}],\"inLanguage\":\"de\"}]}<\/script>\n<!-- \/ Yoast SEO plugin. -->","yoast_head_json":{"title":"ALLEGRA ROSE Kranz Newgarden, mit 10 Zwiebeln inklusive","description":"Die Girlande ALLEGRA ROSA ist eine der Neuheiten von NEWGARDEN. Sie ist perfekt f\u00fcr jede Ecke im Freien, Garten, Terrassen und Gesch\u00e4fte. Enth\u00e4lt 10 Gl\u00fchbirnen","robots":{"index":"index","follow":"follow","max-snippet":"max-snippet:-1","max-image-preview":"max-image-preview:large","max-video-preview":"max-video-preview:-1"},"canonical":"https:\/\/newgarden.es\/de\/shop\/lightdeco-de\/weihnachten\/x6-guirlande-allegra\/","og_locale":"de_DE","og_type":"article","og_title":"ALLEGRA ROSE Kranz Newgarden, mit 10 Zwiebeln inklusive","og_description":"Die Girlande ALLEGRA ROSA ist eine der Neuheiten von NEWGARDEN. Sie ist perfekt f\u00fcr jede Ecke im Freien, Garten, Terrassen und Gesch\u00e4fte. Enth\u00e4lt 10 Gl\u00fchbirnen","og_url":"https:\/\/newgarden.es\/de\/shop\/lightdeco-de\/weihnachten\/x6-guirlande-allegra\/","og_site_name":"Newgarden","article_modified_time":"2024-05-29T10:45:04+00:00","og_image":[{"width":1200,"height":1200,"url":"https:\/\/newgarden.es\/wp-content\/uploads\/2019\/10\/ALLEGRA-1200X1200-2.jpg","type":"image\/jpeg"}],"twitter_card":"summary_large_image","twitter_misc":{"Gesch\u00e4tzte Lesezeit":"1\u00a0Minute"},"schema":{"@context":"https:\/\/schema.org","@graph":[{"@type":"WebPage","@id":"https:\/\/newgarden.es\/de\/shop\/lightdeco-de\/weihnachten\/x6-guirlande-allegra\/","url":"https:\/\/newgarden.es\/de\/shop\/lightdeco-de\/weihnachten\/x6-guirlande-allegra\/","name":"ALLEGRA ROSE Kranz Newgarden, mit 10 Zwiebeln inklusive","isPartOf":{"@id":"https:\/\/newgarden.es\/#website"},"primaryImageOfPage":{"@id":"https:\/\/newgarden.es\/de\/shop\/lightdeco-de\/weihnachten\/x6-guirlande-allegra\/#primaryimage"},"image":{"@id":"https:\/\/newgarden.es\/de\/shop\/lightdeco-de\/weihnachten\/x6-guirlande-allegra\/#primaryimage"},"thumbnailUrl":"https:\/\/newgarden.es\/wp-content\/uploads\/2019\/10\/ALLEGRA-1200X1200-2.jpg","datePublished":"2020-08-05T11:31:48+00:00","dateModified":"2024-05-29T10:45:04+00:00","description":"Die Girlande ALLEGRA ROSA ist eine der Neuheiten von NEWGARDEN. Sie ist perfekt f\u00fcr jede Ecke im Freien, Garten, Terrassen und Gesch\u00e4fte. Enth\u00e4lt 10 Gl\u00fchbirnen","breadcrumb":{"@id":"https:\/\/newgarden.es\/de\/shop\/lightdeco-de\/weihnachten\/x6-guirlande-allegra\/#breadcrumb"},"inLanguage":"de","potentialAction":[{"@type":"ReadAction","target":["https:\/\/newgarden.es\/de\/shop\/lightdeco-de\/weihnachten\/x6-guirlande-allegra\/"]}]},{"@type":"ImageObject","inLanguage":"de","@id":"https:\/\/newgarden.es\/de\/shop\/lightdeco-de\/weihnachten\/x6-guirlande-allegra\/#primaryimage","url":"https:\/\/newgarden.es\/wp-content\/uploads\/2019\/10\/ALLEGRA-1200X1200-2.jpg","contentUrl":"https:\/\/newgarden.es\/wp-content\/uploads\/2019\/10\/ALLEGRA-1200X1200-2.jpg","width":1200,"height":1200},{"@type":"BreadcrumbList","@id":"https:\/\/newgarden.es\/de\/shop\/lightdeco-de\/weihnachten\/x6-guirlande-allegra\/#breadcrumb","itemListElement":[{"@type":"ListItem","position":1,"name":"Home","item":"https:\/\/newgarden.es\/de\/"},{"@type":"ListItem","position":2,"name":"Shop","item":"https:\/\/newgarden.es\/de\/shop\/"},{"@type":"ListItem","position":3,"name":"GIRLANDE ALLEGRA ROSA"}]},{"@type":"WebSite","@id":"https:\/\/newgarden.es\/#website","url":"https:\/\/newgarden.es\/","name":"Newgarden","description":"Be happy","potentialAction":[{"@type":"SearchAction","target":{"@type":"EntryPoint","urlTemplate":"https:\/\/newgarden.es\/?s={search_term_string}"},"query-input":{"@type":"PropertyValueSpecification","valueRequired":true,"valueName":"search_term_string"}}],"inLanguage":"de"}]}},"df_price":116.1,"df_sale_price":"","df_regular_price":116.1,"df_image_link":"https:\/\/newgarden.es\/wp-content\/uploads\/2019\/10\/ALLEGRA-1200X1200-2-580x400.jpg","_links":{"self":[{"href":"https:\/\/newgarden.es\/de\/wp-json\/wp\/v2\/product\/30284"}],"collection":[{"href":"https:\/\/newgarden.es\/de\/wp-json\/wp\/v2\/product"}],"about":[{"href":"https:\/\/newgarden.es\/de\/wp-json\/wp\/v2\/types\/product"}],"wp:featuredmedia":[{"embeddable":true,"href":"https:\/\/newgarden.es\/de\/wp-json\/wp\/v2\/media\/58454"}],"wp:attachment":[{"href":"https:\/\/newgarden.es\/de\/wp-json\/wp\/v2\/media?parent=30284"}],"wp:term":[{"taxonomy":"product_cat","embeddable":true,"href":"https:\/\/newgarden.es\/de\/wp-json\/wp\/v2\/product_cat?post=30284"},{"taxonomy":"product_tag","embeddable":true,"href":"https:\/\/newgarden.es\/de\/wp-json\/wp\/v2\/product_tag?post=30284"}],"curies":[{"name":"wp","href":"https:\/\/api.w.org\/{rel}","templated":true}]}}