{"id":30294,"date":"2020-02-20T09:11:21","date_gmt":"2020-08-05T12:53:21","guid":{"rendered":"https:\/\/newgarden.es\/?post_type=product&#038;p=30294"},"modified":"2023-09-26T15:05:57","modified_gmt":"2023-09-26T13:05:57","slug":"chloe-35-tischlampe","status":"publish","type":"product","link":"https:\/\/newgarden.es\/de\/shop\/lightdeco-de\/tischlampe\/chloe-35-tischlampe\/","title":{"rendered":"Chloe 35 TISCHLAMPE"},"content":{"rendered":"<section class=\"wpb-content-wrapper\"><p>[vc_row][vc_column el_class=&#8221;descripcion_producto&#8221;][vc_column_text]<\/p>\n<p>Die Chloe 35 Tischlampe ist eine der attraktivsten Neuheiten in Newgarden.<\/p>\n<p>Es ist ideal f\u00fcr jede Ecke Ihres Hauses oder Zimmers. Aufgrund seiner geringen Gr\u00f6\u00dfe eignet es sich perfekt zum Dekorieren und Beleuchten von Tischen in Restaurants, Bars, Terrassen, Hotels oder Unternehmen.<\/p>\n<p>Die Chloe 35 Designerlampe ist in Kabeloptik mit Touch-On \/ Off, Dimmer und Hanfkabel erh\u00e4ltlich.<br \/>\nDas Solar + Rechargeable Battery-Finish eignet sich perfekt f\u00fcr den Innen- und Au\u00dfenbereich, sodass Sie den Farbton der RGB-LED-Farbe mit Ihrer Fernbedienung \u00e4ndern k\u00f6nnen.<\/p>\n<p>[\/vc_column_text][\/vc_column][\/vc_row][vc_row disable_element=&#8221;yes&#8221;][vc_column][vc_single_image image=&#8221;6566&#8243; img_size=&#8221;full&#8221;][\/vc_column][\/vc_row][vc_row][vc_column width=&#8221;1\/2&#8243;][vc_btn title=&#8221;DATA SHEET&#8221; style=&#8221;custom&#8221; custom_background=&#8221;#009bc2&#8243; custom_text=&#8221;#ffffff&#8221; shape=&#8221;square&#8221; link=&#8221;url:https%3A%2F%2Fwww.newgarden.es%2Fwp-content%2Fuploads%2F2018%2F05%2FVioleta.pdf|target:%20_blank|&#8221; el_class=&#8221;btn_descargar_ficha&#8221;][\/vc_column][vc_column width=&#8221;1\/2&#8243;][vc_btn title=&#8221;MANUAL&#8221; style=&#8221;custom&#8221; custom_background=&#8221;#009bc2&#8243; custom_text=&#8221;#ffffff&#8221; shape=&#8221;square&#8221; link=&#8221;url:https%3A%2F%2Fnewgarden.es%2Finstrucciones%2F||target:%20_blank|&#8221; el_class=&#8221;btn_descargar_ficha&#8221;][\/vc_column][\/vc_row]<\/p>\n<\/section>","protected":false},"excerpt":{"rendered":"<h5><strong>Chloe 35 TISCHLAMPE<\/strong><\/h5>\n","protected":false},"featured_media":61397,"template":"","meta":[],"product_cat":[1696,763,764,1589],"product_tag":[],"class_list":{"0":"post-30294","1":"product","2":"type-product","3":"status-publish","4":"has-post-thumbnail","6":"product_cat-productos-de","7":"product_cat-lightdeco-de","8":"product_cat-tischlampe","9":"product_cat-innenbereich-de","11":"first","12":"instock","13":"taxable","14":"shipping-taxable","15":"purchasable","16":"product-type-variable"},"yoast_head":"<!-- This site is optimized with the Yoast SEO plugin v24.2 - https:\/\/yoast.com\/wordpress\/plugins\/seo\/ -->\n<title>Chloe 35 TISCHLAMPE - Newgarden<\/title>\n<meta name=\"description\" content=\"Es ist ideal f\u00fcr jede Ecke Ihres Hauses oder Zimmers. Aufgrund seiner geringen Gr\u00f6\u00dfe eignet es sich perfekt zum Dekorieren und Beleuchten von Tischen in Restaurants, Bars, Terrassen, Hotels oder Unternehmen.\" \/>\n<meta name=\"robots\" content=\"index, follow, max-snippet:-1, max-image-preview:large, max-video-preview:-1\" \/>\n<link rel=\"canonical\" href=\"https:\/\/newgarden.es\/de\/shop\/lightdeco-de\/tischlampe\/chloe-35-tischlampe\/\" \/>\n<meta property=\"og:locale\" content=\"de_DE\" \/>\n<meta property=\"og:type\" content=\"article\" \/>\n<meta property=\"og:title\" content=\"Chloe 35 TISCHLAMPE - Newgarden\" \/>\n<meta property=\"og:description\" content=\"Es ist ideal f\u00fcr jede Ecke Ihres Hauses oder Zimmers. Aufgrund seiner geringen Gr\u00f6\u00dfe eignet es sich perfekt zum Dekorieren und Beleuchten von Tischen in Restaurants, Bars, Terrassen, Hotels oder Unternehmen.\" \/>\n<meta property=\"og:url\" content=\"https:\/\/newgarden.es\/de\/shop\/lightdeco-de\/tischlampe\/chloe-35-tischlampe\/\" \/>\n<meta property=\"og:site_name\" content=\"Newgarden\" \/>\n<meta property=\"article:modified_time\" content=\"2023-09-26T13:05:57+00:00\" \/>\n<meta property=\"og:image\" content=\"https:\/\/newgarden.es\/wp-content\/uploads\/2020\/02\/CHLOE_35_BATTERY_1200X1200-4.jpg\" \/>\n\t<meta property=\"og:image:width\" content=\"1200\" \/>\n\t<meta property=\"og:image:height\" content=\"1200\" \/>\n\t<meta property=\"og:image:type\" content=\"image\/jpeg\" \/>\n<meta name=\"twitter:card\" content=\"summary_large_image\" \/>\n<meta name=\"twitter:label1\" content=\"Gesch\u00e4tzte Lesezeit\" \/>\n\t<meta name=\"twitter:data1\" content=\"1\u00a0Minute\" \/>\n<script type=\"application\/ld+json\" class=\"yoast-schema-graph\">{\"@context\":\"https:\/\/schema.org\",\"@graph\":[{\"@type\":\"WebPage\",\"@id\":\"https:\/\/newgarden.es\/de\/shop\/lightdeco-de\/tischlampe\/chloe-35-tischlampe\/\",\"url\":\"https:\/\/newgarden.es\/de\/shop\/lightdeco-de\/tischlampe\/chloe-35-tischlampe\/\",\"name\":\"Chloe 35 TISCHLAMPE - Newgarden\",\"isPartOf\":{\"@id\":\"https:\/\/newgarden.es\/#website\"},\"primaryImageOfPage\":{\"@id\":\"https:\/\/newgarden.es\/de\/shop\/lightdeco-de\/tischlampe\/chloe-35-tischlampe\/#primaryimage\"},\"image\":{\"@id\":\"https:\/\/newgarden.es\/de\/shop\/lightdeco-de\/tischlampe\/chloe-35-tischlampe\/#primaryimage\"},\"thumbnailUrl\":\"https:\/\/newgarden.es\/wp-content\/uploads\/2020\/02\/CHLOE_35_BATTERY_1200X1200-4.jpg\",\"datePublished\":\"2020-08-05T12:53:21+00:00\",\"dateModified\":\"2023-09-26T13:05:57+00:00\",\"description\":\"Es ist ideal f\u00fcr jede Ecke Ihres Hauses oder Zimmers. Aufgrund seiner geringen Gr\u00f6\u00dfe eignet es sich perfekt zum Dekorieren und Beleuchten von Tischen in Restaurants, Bars, Terrassen, Hotels oder Unternehmen.\",\"breadcrumb\":{\"@id\":\"https:\/\/newgarden.es\/de\/shop\/lightdeco-de\/tischlampe\/chloe-35-tischlampe\/#breadcrumb\"},\"inLanguage\":\"de\",\"potentialAction\":[{\"@type\":\"ReadAction\",\"target\":[\"https:\/\/newgarden.es\/de\/shop\/lightdeco-de\/tischlampe\/chloe-35-tischlampe\/\"]}]},{\"@type\":\"ImageObject\",\"inLanguage\":\"de\",\"@id\":\"https:\/\/newgarden.es\/de\/shop\/lightdeco-de\/tischlampe\/chloe-35-tischlampe\/#primaryimage\",\"url\":\"https:\/\/newgarden.es\/wp-content\/uploads\/2020\/02\/CHLOE_35_BATTERY_1200X1200-4.jpg\",\"contentUrl\":\"https:\/\/newgarden.es\/wp-content\/uploads\/2020\/02\/CHLOE_35_BATTERY_1200X1200-4.jpg\",\"width\":1200,\"height\":1200},{\"@type\":\"BreadcrumbList\",\"@id\":\"https:\/\/newgarden.es\/de\/shop\/lightdeco-de\/tischlampe\/chloe-35-tischlampe\/#breadcrumb\",\"itemListElement\":[{\"@type\":\"ListItem\",\"position\":1,\"name\":\"Home\",\"item\":\"https:\/\/newgarden.es\/de\/\"},{\"@type\":\"ListItem\",\"position\":2,\"name\":\"Shop\",\"item\":\"https:\/\/newgarden.es\/de\/shop\/\"},{\"@type\":\"ListItem\",\"position\":3,\"name\":\"Chloe 35 TISCHLAMPE\"}]},{\"@type\":\"WebSite\",\"@id\":\"https:\/\/newgarden.es\/#website\",\"url\":\"https:\/\/newgarden.es\/\",\"name\":\"Newgarden\",\"description\":\"Be happy\",\"potentialAction\":[{\"@type\":\"SearchAction\",\"target\":{\"@type\":\"EntryPoint\",\"urlTemplate\":\"https:\/\/newgarden.es\/?s={search_term_string}\"},\"query-input\":{\"@type\":\"PropertyValueSpecification\",\"valueRequired\":true,\"valueName\":\"search_term_string\"}}],\"inLanguage\":\"de\"}]}<\/script>\n<!-- \/ Yoast SEO plugin. -->","yoast_head_json":{"title":"Chloe 35 TISCHLAMPE - Newgarden","description":"Es ist ideal f\u00fcr jede Ecke Ihres Hauses oder Zimmers. Aufgrund seiner geringen Gr\u00f6\u00dfe eignet es sich perfekt zum Dekorieren und Beleuchten von Tischen in Restaurants, Bars, Terrassen, Hotels oder Unternehmen.","robots":{"index":"index","follow":"follow","max-snippet":"max-snippet:-1","max-image-preview":"max-image-preview:large","max-video-preview":"max-video-preview:-1"},"canonical":"https:\/\/newgarden.es\/de\/shop\/lightdeco-de\/tischlampe\/chloe-35-tischlampe\/","og_locale":"de_DE","og_type":"article","og_title":"Chloe 35 TISCHLAMPE - Newgarden","og_description":"Es ist ideal f\u00fcr jede Ecke Ihres Hauses oder Zimmers. Aufgrund seiner geringen Gr\u00f6\u00dfe eignet es sich perfekt zum Dekorieren und Beleuchten von Tischen in Restaurants, Bars, Terrassen, Hotels oder Unternehmen.","og_url":"https:\/\/newgarden.es\/de\/shop\/lightdeco-de\/tischlampe\/chloe-35-tischlampe\/","og_site_name":"Newgarden","article_modified_time":"2023-09-26T13:05:57+00:00","og_image":[{"width":1200,"height":1200,"url":"https:\/\/newgarden.es\/wp-content\/uploads\/2020\/02\/CHLOE_35_BATTERY_1200X1200-4.jpg","type":"image\/jpeg"}],"twitter_card":"summary_large_image","twitter_misc":{"Gesch\u00e4tzte Lesezeit":"1\u00a0Minute"},"schema":{"@context":"https:\/\/schema.org","@graph":[{"@type":"WebPage","@id":"https:\/\/newgarden.es\/de\/shop\/lightdeco-de\/tischlampe\/chloe-35-tischlampe\/","url":"https:\/\/newgarden.es\/de\/shop\/lightdeco-de\/tischlampe\/chloe-35-tischlampe\/","name":"Chloe 35 TISCHLAMPE - Newgarden","isPartOf":{"@id":"https:\/\/newgarden.es\/#website"},"primaryImageOfPage":{"@id":"https:\/\/newgarden.es\/de\/shop\/lightdeco-de\/tischlampe\/chloe-35-tischlampe\/#primaryimage"},"image":{"@id":"https:\/\/newgarden.es\/de\/shop\/lightdeco-de\/tischlampe\/chloe-35-tischlampe\/#primaryimage"},"thumbnailUrl":"https:\/\/newgarden.es\/wp-content\/uploads\/2020\/02\/CHLOE_35_BATTERY_1200X1200-4.jpg","datePublished":"2020-08-05T12:53:21+00:00","dateModified":"2023-09-26T13:05:57+00:00","description":"Es ist ideal f\u00fcr jede Ecke Ihres Hauses oder Zimmers. Aufgrund seiner geringen Gr\u00f6\u00dfe eignet es sich perfekt zum Dekorieren und Beleuchten von Tischen in Restaurants, Bars, Terrassen, Hotels oder Unternehmen.","breadcrumb":{"@id":"https:\/\/newgarden.es\/de\/shop\/lightdeco-de\/tischlampe\/chloe-35-tischlampe\/#breadcrumb"},"inLanguage":"de","potentialAction":[{"@type":"ReadAction","target":["https:\/\/newgarden.es\/de\/shop\/lightdeco-de\/tischlampe\/chloe-35-tischlampe\/"]}]},{"@type":"ImageObject","inLanguage":"de","@id":"https:\/\/newgarden.es\/de\/shop\/lightdeco-de\/tischlampe\/chloe-35-tischlampe\/#primaryimage","url":"https:\/\/newgarden.es\/wp-content\/uploads\/2020\/02\/CHLOE_35_BATTERY_1200X1200-4.jpg","contentUrl":"https:\/\/newgarden.es\/wp-content\/uploads\/2020\/02\/CHLOE_35_BATTERY_1200X1200-4.jpg","width":1200,"height":1200},{"@type":"BreadcrumbList","@id":"https:\/\/newgarden.es\/de\/shop\/lightdeco-de\/tischlampe\/chloe-35-tischlampe\/#breadcrumb","itemListElement":[{"@type":"ListItem","position":1,"name":"Home","item":"https:\/\/newgarden.es\/de\/"},{"@type":"ListItem","position":2,"name":"Shop","item":"https:\/\/newgarden.es\/de\/shop\/"},{"@type":"ListItem","position":3,"name":"Chloe 35 TISCHLAMPE"}]},{"@type":"WebSite","@id":"https:\/\/newgarden.es\/#website","url":"https:\/\/newgarden.es\/","name":"Newgarden","description":"Be happy","potentialAction":[{"@type":"SearchAction","target":{"@type":"EntryPoint","urlTemplate":"https:\/\/newgarden.es\/?s={search_term_string}"},"query-input":{"@type":"PropertyValueSpecification","valueRequired":true,"valueName":"search_term_string"}}],"inLanguage":"de"}]}},"df_price":57.8,"df_sale_price":"","df_regular_price":57.8,"df_image_link":"https:\/\/newgarden.es\/wp-content\/uploads\/2020\/02\/CHLOE_35_BATTERY_1200X1200-4-580x400.jpg","_links":{"self":[{"href":"https:\/\/newgarden.es\/de\/wp-json\/wp\/v2\/product\/30294"}],"collection":[{"href":"https:\/\/newgarden.es\/de\/wp-json\/wp\/v2\/product"}],"about":[{"href":"https:\/\/newgarden.es\/de\/wp-json\/wp\/v2\/types\/product"}],"wp:featuredmedia":[{"embeddable":true,"href":"https:\/\/newgarden.es\/de\/wp-json\/wp\/v2\/media\/61397"}],"wp:attachment":[{"href":"https:\/\/newgarden.es\/de\/wp-json\/wp\/v2\/media?parent=30294"}],"wp:term":[{"taxonomy":"product_cat","embeddable":true,"href":"https:\/\/newgarden.es\/de\/wp-json\/wp\/v2\/product_cat?post=30294"},{"taxonomy":"product_tag","embeddable":true,"href":"https:\/\/newgarden.es\/de\/wp-json\/wp\/v2\/product_tag?post=30294"}],"curies":[{"name":"wp","href":"https:\/\/api.w.org\/{rel}","templated":true}]}}