{"id":30323,"date":"2020-02-18T15:47:36","date_gmt":"2020-08-06T07:47:11","guid":{"rendered":"https:\/\/newgarden.es\/?post_type=product&#038;p=30323"},"modified":"2024-06-13T16:22:59","modified_gmt":"2024-06-13T14:22:59","slug":"weisse-panchito","status":"publish","type":"product","link":"https:\/\/newgarden.es\/de\/shop\/lightdeco-de\/tischlampe\/weisse-panchito\/","title":{"rendered":"WEISSE PANCHITO\u00a0"},"content":{"rendered":"<section class=\"wpb-content-wrapper\"><p>[vc_row][vc_column][vc_column_text]Die Panchito Tischleuchte ist eine der Neuheiten von Newgarden. Sie ist ideal f\u00fcr jede Ecke Ihres Hauses und Ihrer R\u00e4ume. Aufgrund ihrer geringen Gr\u00f6\u00dfe ist sie ideal f\u00fcr die Dekoration und Beleuchtung von Tischen in Restaurants, Bars, Terrassen, Hotels und allen Arten von Gesch\u00e4ften.<\/p>\n<p>Technische Merkmale:<\/p>\n<p>-LED-Technik<br \/>\nIP43 Innen- und Au\u00dfeneinsatz<br \/>\n-Wiederaufladbare Batterie<br \/>\n-Gr\u00f6\u00dfe: 20 x 16 cm.<br \/>\n-Wei\u00dfes Finish<br \/>\n-Wei\u00dfes Licht[\/vc_column_text][\/vc_column][\/vc_row][vc_row][vc_column width=&#8220;1\/2&#8243;][vc_btn title=&#8220;Technisches Datenblatt&#8220; style=&#8220;custom&#8220; custom_background=&#8220;#009bc2&#8243; custom_text=&#8220;#ffffff&#8220; link=&#8220;url:https%3A%2F%2Fbit.ly%2F3HGe8ZO|target:%20_blank|&#8220; el_class=&#8220;btn_descargar_ficha&#8220;][\/vc_column][vc_column width=&#8220;1\/2&#8243;][vc_btn title=&#8220;BEDIENUNGSANLEITUNG&#8220; style=&#8220;custom&#8220; custom_background=&#8220;#009bc2&#8243; custom_text=&#8220;#ffffff&#8220; link=&#8220;url:https%3A%2F%2Fbit.ly%2F3Q0Xvv3|target:%20_blank|&#8220; el_class=&#8220;btn_descargar_ficha&#8220;][\/vc_column][\/vc_row]<\/p>\n<\/section>","protected":false},"excerpt":{"rendered":"<h5 class=\"Polaris-DisplayText_1u0t8 Polaris-DisplayText--sizeLarge_61dxo\">Panchito Tischlampe<\/h5>\n","protected":false},"featured_media":61417,"template":"","meta":[],"product_cat":[1696,763,764,1589],"product_tag":[],"class_list":{"0":"post-30323","1":"product","2":"type-product","3":"status-publish","4":"has-post-thumbnail","6":"product_cat-productos-de","7":"product_cat-lightdeco-de","8":"product_cat-tischlampe","9":"product_cat-innenbereich-de","11":"first","12":"instock","13":"taxable","14":"shipping-taxable","15":"purchasable","16":"product-type-variable"},"yoast_head":"<!-- This site is optimized with the Yoast SEO plugin v24.2 - https:\/\/yoast.com\/wordpress\/plugins\/seo\/ -->\n<title>WEISSE PANCHITO\u00a0 - Newgarden<\/title>\n<meta name=\"robots\" content=\"index, follow, max-snippet:-1, max-image-preview:large, max-video-preview:-1\" \/>\n<link rel=\"canonical\" href=\"https:\/\/newgarden.es\/de\/shop\/lightdeco-de\/tischlampe\/weisse-panchito\/\" \/>\n<meta property=\"og:locale\" content=\"de_DE\" \/>\n<meta property=\"og:type\" content=\"article\" \/>\n<meta property=\"og:title\" content=\"WEISSE PANCHITO\u00a0 - Newgarden\" \/>\n<meta property=\"og:description\" content=\"Panchito Tischlampe\" \/>\n<meta property=\"og:url\" content=\"https:\/\/newgarden.es\/de\/shop\/lightdeco-de\/tischlampe\/weisse-panchito\/\" \/>\n<meta property=\"og:site_name\" content=\"Newgarden\" \/>\n<meta property=\"article:modified_time\" content=\"2024-06-13T14:22:59+00:00\" \/>\n<meta property=\"og:image\" content=\"https:\/\/newgarden.es\/wp-content\/uploads\/2020\/02\/PANCHITO_1200X1200-8.jpg\" \/>\n\t<meta property=\"og:image:width\" content=\"1200\" \/>\n\t<meta property=\"og:image:height\" content=\"1200\" \/>\n\t<meta property=\"og:image:type\" content=\"image\/jpeg\" \/>\n<meta name=\"twitter:card\" content=\"summary_large_image\" \/>\n<meta name=\"twitter:label1\" content=\"Gesch\u00e4tzte Lesezeit\" \/>\n\t<meta name=\"twitter:data1\" content=\"1\u00a0Minute\" \/>\n<script type=\"application\/ld+json\" class=\"yoast-schema-graph\">{\"@context\":\"https:\/\/schema.org\",\"@graph\":[{\"@type\":\"WebPage\",\"@id\":\"https:\/\/newgarden.es\/de\/shop\/lightdeco-de\/tischlampe\/weisse-panchito\/\",\"url\":\"https:\/\/newgarden.es\/de\/shop\/lightdeco-de\/tischlampe\/weisse-panchito\/\",\"name\":\"WEISSE PANCHITO\u00a0 - Newgarden\",\"isPartOf\":{\"@id\":\"https:\/\/newgarden.es\/#website\"},\"primaryImageOfPage\":{\"@id\":\"https:\/\/newgarden.es\/de\/shop\/lightdeco-de\/tischlampe\/weisse-panchito\/#primaryimage\"},\"image\":{\"@id\":\"https:\/\/newgarden.es\/de\/shop\/lightdeco-de\/tischlampe\/weisse-panchito\/#primaryimage\"},\"thumbnailUrl\":\"https:\/\/newgarden.es\/wp-content\/uploads\/2020\/02\/PANCHITO_1200X1200-8.jpg\",\"datePublished\":\"2020-08-06T07:47:11+00:00\",\"dateModified\":\"2024-06-13T14:22:59+00:00\",\"breadcrumb\":{\"@id\":\"https:\/\/newgarden.es\/de\/shop\/lightdeco-de\/tischlampe\/weisse-panchito\/#breadcrumb\"},\"inLanguage\":\"de\",\"potentialAction\":[{\"@type\":\"ReadAction\",\"target\":[\"https:\/\/newgarden.es\/de\/shop\/lightdeco-de\/tischlampe\/weisse-panchito\/\"]}]},{\"@type\":\"ImageObject\",\"inLanguage\":\"de\",\"@id\":\"https:\/\/newgarden.es\/de\/shop\/lightdeco-de\/tischlampe\/weisse-panchito\/#primaryimage\",\"url\":\"https:\/\/newgarden.es\/wp-content\/uploads\/2020\/02\/PANCHITO_1200X1200-8.jpg\",\"contentUrl\":\"https:\/\/newgarden.es\/wp-content\/uploads\/2020\/02\/PANCHITO_1200X1200-8.jpg\",\"width\":1200,\"height\":1200},{\"@type\":\"BreadcrumbList\",\"@id\":\"https:\/\/newgarden.es\/de\/shop\/lightdeco-de\/tischlampe\/weisse-panchito\/#breadcrumb\",\"itemListElement\":[{\"@type\":\"ListItem\",\"position\":1,\"name\":\"Home\",\"item\":\"https:\/\/newgarden.es\/de\/\"},{\"@type\":\"ListItem\",\"position\":2,\"name\":\"Shop\",\"item\":\"https:\/\/newgarden.es\/de\/shop\/\"},{\"@type\":\"ListItem\",\"position\":3,\"name\":\"WEISSE PANCHITO\u00a0\"}]},{\"@type\":\"WebSite\",\"@id\":\"https:\/\/newgarden.es\/#website\",\"url\":\"https:\/\/newgarden.es\/\",\"name\":\"Newgarden\",\"description\":\"Be happy\",\"potentialAction\":[{\"@type\":\"SearchAction\",\"target\":{\"@type\":\"EntryPoint\",\"urlTemplate\":\"https:\/\/newgarden.es\/?s={search_term_string}\"},\"query-input\":{\"@type\":\"PropertyValueSpecification\",\"valueRequired\":true,\"valueName\":\"search_term_string\"}}],\"inLanguage\":\"de\"}]}<\/script>\n<!-- \/ Yoast SEO plugin. -->","yoast_head_json":{"title":"WEISSE PANCHITO\u00a0 - Newgarden","robots":{"index":"index","follow":"follow","max-snippet":"max-snippet:-1","max-image-preview":"max-image-preview:large","max-video-preview":"max-video-preview:-1"},"canonical":"https:\/\/newgarden.es\/de\/shop\/lightdeco-de\/tischlampe\/weisse-panchito\/","og_locale":"de_DE","og_type":"article","og_title":"WEISSE PANCHITO\u00a0 - Newgarden","og_description":"Panchito Tischlampe","og_url":"https:\/\/newgarden.es\/de\/shop\/lightdeco-de\/tischlampe\/weisse-panchito\/","og_site_name":"Newgarden","article_modified_time":"2024-06-13T14:22:59+00:00","og_image":[{"width":1200,"height":1200,"url":"https:\/\/newgarden.es\/wp-content\/uploads\/2020\/02\/PANCHITO_1200X1200-8.jpg","type":"image\/jpeg"}],"twitter_card":"summary_large_image","twitter_misc":{"Gesch\u00e4tzte Lesezeit":"1\u00a0Minute"},"schema":{"@context":"https:\/\/schema.org","@graph":[{"@type":"WebPage","@id":"https:\/\/newgarden.es\/de\/shop\/lightdeco-de\/tischlampe\/weisse-panchito\/","url":"https:\/\/newgarden.es\/de\/shop\/lightdeco-de\/tischlampe\/weisse-panchito\/","name":"WEISSE PANCHITO\u00a0 - Newgarden","isPartOf":{"@id":"https:\/\/newgarden.es\/#website"},"primaryImageOfPage":{"@id":"https:\/\/newgarden.es\/de\/shop\/lightdeco-de\/tischlampe\/weisse-panchito\/#primaryimage"},"image":{"@id":"https:\/\/newgarden.es\/de\/shop\/lightdeco-de\/tischlampe\/weisse-panchito\/#primaryimage"},"thumbnailUrl":"https:\/\/newgarden.es\/wp-content\/uploads\/2020\/02\/PANCHITO_1200X1200-8.jpg","datePublished":"2020-08-06T07:47:11+00:00","dateModified":"2024-06-13T14:22:59+00:00","breadcrumb":{"@id":"https:\/\/newgarden.es\/de\/shop\/lightdeco-de\/tischlampe\/weisse-panchito\/#breadcrumb"},"inLanguage":"de","potentialAction":[{"@type":"ReadAction","target":["https:\/\/newgarden.es\/de\/shop\/lightdeco-de\/tischlampe\/weisse-panchito\/"]}]},{"@type":"ImageObject","inLanguage":"de","@id":"https:\/\/newgarden.es\/de\/shop\/lightdeco-de\/tischlampe\/weisse-panchito\/#primaryimage","url":"https:\/\/newgarden.es\/wp-content\/uploads\/2020\/02\/PANCHITO_1200X1200-8.jpg","contentUrl":"https:\/\/newgarden.es\/wp-content\/uploads\/2020\/02\/PANCHITO_1200X1200-8.jpg","width":1200,"height":1200},{"@type":"BreadcrumbList","@id":"https:\/\/newgarden.es\/de\/shop\/lightdeco-de\/tischlampe\/weisse-panchito\/#breadcrumb","itemListElement":[{"@type":"ListItem","position":1,"name":"Home","item":"https:\/\/newgarden.es\/de\/"},{"@type":"ListItem","position":2,"name":"Shop","item":"https:\/\/newgarden.es\/de\/shop\/"},{"@type":"ListItem","position":3,"name":"WEISSE PANCHITO\u00a0"}]},{"@type":"WebSite","@id":"https:\/\/newgarden.es\/#website","url":"https:\/\/newgarden.es\/","name":"Newgarden","description":"Be happy","potentialAction":[{"@type":"SearchAction","target":{"@type":"EntryPoint","urlTemplate":"https:\/\/newgarden.es\/?s={search_term_string}"},"query-input":{"@type":"PropertyValueSpecification","valueRequired":true,"valueName":"search_term_string"}}],"inLanguage":"de"}]}},"df_price":66,"df_sale_price":"","df_regular_price":66,"df_image_link":"https:\/\/newgarden.es\/wp-content\/uploads\/2020\/02\/PANCHITO_1200X1200-8-580x400.jpg","_links":{"self":[{"href":"https:\/\/newgarden.es\/de\/wp-json\/wp\/v2\/product\/30323"}],"collection":[{"href":"https:\/\/newgarden.es\/de\/wp-json\/wp\/v2\/product"}],"about":[{"href":"https:\/\/newgarden.es\/de\/wp-json\/wp\/v2\/types\/product"}],"wp:featuredmedia":[{"embeddable":true,"href":"https:\/\/newgarden.es\/de\/wp-json\/wp\/v2\/media\/61417"}],"wp:attachment":[{"href":"https:\/\/newgarden.es\/de\/wp-json\/wp\/v2\/media?parent=30323"}],"wp:term":[{"taxonomy":"product_cat","embeddable":true,"href":"https:\/\/newgarden.es\/de\/wp-json\/wp\/v2\/product_cat?post=30323"},{"taxonomy":"product_tag","embeddable":true,"href":"https:\/\/newgarden.es\/de\/wp-json\/wp\/v2\/product_tag?post=30323"}],"curies":[{"name":"wp","href":"https:\/\/api.w.org\/{rel}","templated":true}]}}