{"id":32754,"date":"2021-02-10T11:39:10","date_gmt":"2021-02-10T10:39:11","guid":{"rendered":"https:\/\/newgarden.es\/?post_type=product&#038;p=32754"},"modified":"2021-06-16T16:48:29","modified_gmt":"2021-06-16T14:48:29","slug":"paquita-solar-strasenlaterne-copia","status":"publish","type":"product","link":"https:\/\/newgarden.es\/de\/shop\/lightdeco-de\/laternen-und-wandlampen\/paquita-solar-strasenlaterne-copia\/","title":{"rendered":"PEPITA HYBRID-SOLAR-STRASSENLEUCHTE"},"content":{"rendered":"<section class=\"wpb-content-wrapper\"><p>[vc_row][vc_column el_class=&#8220;descripcion_producto&#8220;][vc_column_text]Die PEPITA Hybrid-Solarlaterne ist ein Muss f\u00fcr den Garten. Ihr fortschrittliches System mit Hybridtechnologie kombiniert Solar- und Elektroladung, sodass die Laterne so lange wie n\u00f6tig voll funktionsf\u00e4hig ist.<\/p>\n<p>Wenn die Solarladung zur Neige geht, verbindet er sich automatisch mit dem Stromnetz, um mit voller Kapazit\u00e4t weiterzuarbeiten.<\/p>\n<p style=\"text-align: justify\">Er verf\u00fcgt \u00fcber zwei Schaltmodus: MANUELL und AUTOMATISCH sowie den SENSOR-Modus (Bewegungssensor). Im Bewegungssensormodus ist die Lampe mit geringer Intensit\u00e4t eingeschaltet, erst wenn sie Anwesenheit erkennt, leuchtet sie f\u00fcr ca. 60 Sekunden mit 100 % auf und kehrt dann auf geringe Intensit\u00e4t zur\u00fcck, um die Beleuchtung zu optimieren.<\/p>\n<p style=\"text-align: justify\">Diese Leuchte erfordert eine Installation. 1500 Lumen.<\/p>\n<p><em>Newgarden-Produkte sind leicht und \u00e4u\u00dferst widerstandsf\u00e4hig gegen extreme Temperaturen. Sie sind auch gegen UV-Strahlen gesch\u00fctzt, wodurch die Lebensdauer des Produkts au\u00dferordentlich lang ist.<\/em>[\/vc_column_text][\/vc_column][\/vc_row][vc_row disable_element=&#8220;yes&#8220;][vc_column][vc_single_image image=&#8220;6566&#8243; img_size=&#8220;full&#8220;][\/vc_column][\/vc_row][vc_row][vc_column width=&#8220;1\/2&#8243;][vc_btn title=&#8220;Technisches Datenblatt&#8220; style=&#8220;custom&#8220; custom_background=&#8220;#009bc2&#8243; custom_text=&#8220;#ffffff&#8220; shape=&#8220;square&#8220; link=&#8220;url:https%3A%2F%2Fdrive.google.com%2Fdrive%2Ffolders%2F1j3A2vwvkTN_UwW_9ZOMlXQitAPCd0wDB|target:%20_blank|&#8220; el_class=&#8220;btn_descargar_ficha&#8220;][\/vc_column][vc_column width=&#8220;1\/2&#8243;][vc_btn title=&#8220;BEDIENUNGSANLEITUNG&#8220; style=&#8220;custom&#8220; custom_background=&#8220;#009bc2&#8243; custom_text=&#8220;#ffffff&#8220; shape=&#8220;square&#8220; link=&#8220;url:https%3A%2F%2Fnewgarden.es%2Fde%2F%3Fpage_id%3D25148|target:%20_blank|&#8220; el_class=&#8220;btn_descargar_ficha&#8220;][\/vc_column][\/vc_row]<\/p>\n<\/section>","protected":false},"excerpt":{"rendered":"<h1 style=\"font-size: 12px\">Pepita Hybrid-Solar-Stra\u00dfenleuchte<\/h1>\n","protected":false},"featured_media":57771,"template":"","meta":[],"product_cat":[763,1563],"product_tag":[],"class_list":{"0":"post-32754","1":"product","2":"type-product","3":"status-publish","4":"has-post-thumbnail","6":"product_cat-lightdeco-de","7":"product_cat-laternen-und-wandlampen","9":"first","10":"instock","11":"taxable","12":"shipping-taxable","13":"purchasable","14":"product-type-variable","15":"has-default-attributes"},"yoast_head":"<!-- This site is optimized with the Yoast SEO plugin v24.2 - https:\/\/yoast.com\/wordpress\/plugins\/seo\/ -->\n<title>PEPITA HYBRID-SOLAR-STRASSENLEUCHTE - Newgarden<\/title>\n<meta name=\"description\" content=\"Die PEPITA Hybrid-Solarlaterne ist ein Muss f\u00fcr den Garten. Ihr fortschrittliches System mit Hybridtechnologie kombiniert Solar- und Elektroladung.\" \/>\n<meta name=\"robots\" content=\"index, follow, max-snippet:-1, max-image-preview:large, max-video-preview:-1\" \/>\n<link rel=\"canonical\" href=\"https:\/\/newgarden.es\/de\/shop\/lightdeco-de\/laternen-und-wandlampen\/paquita-solar-strasenlaterne-copia\/\" \/>\n<meta property=\"og:locale\" content=\"de_DE\" \/>\n<meta property=\"og:type\" content=\"article\" \/>\n<meta property=\"og:title\" content=\"PEPITA HYBRID-SOLAR-STRASSENLEUCHTE - Newgarden\" \/>\n<meta property=\"og:description\" content=\"Die PEPITA Hybrid-Solarlaterne ist ein Muss f\u00fcr den Garten. Ihr fortschrittliches System mit Hybridtechnologie kombiniert Solar- und Elektroladung.\" \/>\n<meta property=\"og:url\" content=\"https:\/\/newgarden.es\/de\/shop\/lightdeco-de\/laternen-und-wandlampen\/paquita-solar-strasenlaterne-copia\/\" \/>\n<meta property=\"og:site_name\" content=\"Newgarden\" \/>\n<meta property=\"article:modified_time\" content=\"2021-06-16T14:48:29+00:00\" \/>\n<meta property=\"og:image\" content=\"https:\/\/newgarden.es\/wp-content\/uploads\/2021\/02\/PEPITA_FAROLA_1200X1200-7.jpg\" \/>\n\t<meta property=\"og:image:width\" content=\"1200\" \/>\n\t<meta property=\"og:image:height\" content=\"1200\" \/>\n\t<meta property=\"og:image:type\" content=\"image\/jpeg\" \/>\n<meta name=\"twitter:card\" content=\"summary_large_image\" \/>\n<meta name=\"twitter:label1\" content=\"Gesch\u00e4tzte Lesezeit\" \/>\n\t<meta name=\"twitter:data1\" content=\"1\u00a0Minute\" \/>\n<script type=\"application\/ld+json\" class=\"yoast-schema-graph\">{\"@context\":\"https:\/\/schema.org\",\"@graph\":[{\"@type\":\"WebPage\",\"@id\":\"https:\/\/newgarden.es\/de\/shop\/lightdeco-de\/laternen-und-wandlampen\/paquita-solar-strasenlaterne-copia\/\",\"url\":\"https:\/\/newgarden.es\/de\/shop\/lightdeco-de\/laternen-und-wandlampen\/paquita-solar-strasenlaterne-copia\/\",\"name\":\"PEPITA HYBRID-SOLAR-STRASSENLEUCHTE - Newgarden\",\"isPartOf\":{\"@id\":\"https:\/\/newgarden.es\/#website\"},\"primaryImageOfPage\":{\"@id\":\"https:\/\/newgarden.es\/de\/shop\/lightdeco-de\/laternen-und-wandlampen\/paquita-solar-strasenlaterne-copia\/#primaryimage\"},\"image\":{\"@id\":\"https:\/\/newgarden.es\/de\/shop\/lightdeco-de\/laternen-und-wandlampen\/paquita-solar-strasenlaterne-copia\/#primaryimage\"},\"thumbnailUrl\":\"https:\/\/newgarden.es\/wp-content\/uploads\/2021\/02\/PEPITA_FAROLA_1200X1200-7.jpg\",\"datePublished\":\"2021-02-10T10:39:11+00:00\",\"dateModified\":\"2021-06-16T14:48:29+00:00\",\"description\":\"Die PEPITA Hybrid-Solarlaterne ist ein Muss f\u00fcr den Garten. Ihr fortschrittliches System mit Hybridtechnologie kombiniert Solar- und Elektroladung.\",\"breadcrumb\":{\"@id\":\"https:\/\/newgarden.es\/de\/shop\/lightdeco-de\/laternen-und-wandlampen\/paquita-solar-strasenlaterne-copia\/#breadcrumb\"},\"inLanguage\":\"de\",\"potentialAction\":[{\"@type\":\"ReadAction\",\"target\":[\"https:\/\/newgarden.es\/de\/shop\/lightdeco-de\/laternen-und-wandlampen\/paquita-solar-strasenlaterne-copia\/\"]}]},{\"@type\":\"ImageObject\",\"inLanguage\":\"de\",\"@id\":\"https:\/\/newgarden.es\/de\/shop\/lightdeco-de\/laternen-und-wandlampen\/paquita-solar-strasenlaterne-copia\/#primaryimage\",\"url\":\"https:\/\/newgarden.es\/wp-content\/uploads\/2021\/02\/PEPITA_FAROLA_1200X1200-7.jpg\",\"contentUrl\":\"https:\/\/newgarden.es\/wp-content\/uploads\/2021\/02\/PEPITA_FAROLA_1200X1200-7.jpg\",\"width\":1200,\"height\":1200},{\"@type\":\"BreadcrumbList\",\"@id\":\"https:\/\/newgarden.es\/de\/shop\/lightdeco-de\/laternen-und-wandlampen\/paquita-solar-strasenlaterne-copia\/#breadcrumb\",\"itemListElement\":[{\"@type\":\"ListItem\",\"position\":1,\"name\":\"Home\",\"item\":\"https:\/\/newgarden.es\/de\/\"},{\"@type\":\"ListItem\",\"position\":2,\"name\":\"Shop\",\"item\":\"https:\/\/newgarden.es\/de\/shop\/\"},{\"@type\":\"ListItem\",\"position\":3,\"name\":\"PEPITA HYBRID-SOLAR-STRASSENLEUCHTE\"}]},{\"@type\":\"WebSite\",\"@id\":\"https:\/\/newgarden.es\/#website\",\"url\":\"https:\/\/newgarden.es\/\",\"name\":\"Newgarden\",\"description\":\"Be happy\",\"potentialAction\":[{\"@type\":\"SearchAction\",\"target\":{\"@type\":\"EntryPoint\",\"urlTemplate\":\"https:\/\/newgarden.es\/?s={search_term_string}\"},\"query-input\":{\"@type\":\"PropertyValueSpecification\",\"valueRequired\":true,\"valueName\":\"search_term_string\"}}],\"inLanguage\":\"de\"}]}<\/script>\n<!-- \/ Yoast SEO plugin. -->","yoast_head_json":{"title":"PEPITA HYBRID-SOLAR-STRASSENLEUCHTE - Newgarden","description":"Die PEPITA Hybrid-Solarlaterne ist ein Muss f\u00fcr den Garten. Ihr fortschrittliches System mit Hybridtechnologie kombiniert Solar- und Elektroladung.","robots":{"index":"index","follow":"follow","max-snippet":"max-snippet:-1","max-image-preview":"max-image-preview:large","max-video-preview":"max-video-preview:-1"},"canonical":"https:\/\/newgarden.es\/de\/shop\/lightdeco-de\/laternen-und-wandlampen\/paquita-solar-strasenlaterne-copia\/","og_locale":"de_DE","og_type":"article","og_title":"PEPITA HYBRID-SOLAR-STRASSENLEUCHTE - Newgarden","og_description":"Die PEPITA Hybrid-Solarlaterne ist ein Muss f\u00fcr den Garten. Ihr fortschrittliches System mit Hybridtechnologie kombiniert Solar- und Elektroladung.","og_url":"https:\/\/newgarden.es\/de\/shop\/lightdeco-de\/laternen-und-wandlampen\/paquita-solar-strasenlaterne-copia\/","og_site_name":"Newgarden","article_modified_time":"2021-06-16T14:48:29+00:00","og_image":[{"width":1200,"height":1200,"url":"https:\/\/newgarden.es\/wp-content\/uploads\/2021\/02\/PEPITA_FAROLA_1200X1200-7.jpg","type":"image\/jpeg"}],"twitter_card":"summary_large_image","twitter_misc":{"Gesch\u00e4tzte Lesezeit":"1\u00a0Minute"},"schema":{"@context":"https:\/\/schema.org","@graph":[{"@type":"WebPage","@id":"https:\/\/newgarden.es\/de\/shop\/lightdeco-de\/laternen-und-wandlampen\/paquita-solar-strasenlaterne-copia\/","url":"https:\/\/newgarden.es\/de\/shop\/lightdeco-de\/laternen-und-wandlampen\/paquita-solar-strasenlaterne-copia\/","name":"PEPITA HYBRID-SOLAR-STRASSENLEUCHTE - Newgarden","isPartOf":{"@id":"https:\/\/newgarden.es\/#website"},"primaryImageOfPage":{"@id":"https:\/\/newgarden.es\/de\/shop\/lightdeco-de\/laternen-und-wandlampen\/paquita-solar-strasenlaterne-copia\/#primaryimage"},"image":{"@id":"https:\/\/newgarden.es\/de\/shop\/lightdeco-de\/laternen-und-wandlampen\/paquita-solar-strasenlaterne-copia\/#primaryimage"},"thumbnailUrl":"https:\/\/newgarden.es\/wp-content\/uploads\/2021\/02\/PEPITA_FAROLA_1200X1200-7.jpg","datePublished":"2021-02-10T10:39:11+00:00","dateModified":"2021-06-16T14:48:29+00:00","description":"Die PEPITA Hybrid-Solarlaterne ist ein Muss f\u00fcr den Garten. Ihr fortschrittliches System mit Hybridtechnologie kombiniert Solar- und Elektroladung.","breadcrumb":{"@id":"https:\/\/newgarden.es\/de\/shop\/lightdeco-de\/laternen-und-wandlampen\/paquita-solar-strasenlaterne-copia\/#breadcrumb"},"inLanguage":"de","potentialAction":[{"@type":"ReadAction","target":["https:\/\/newgarden.es\/de\/shop\/lightdeco-de\/laternen-und-wandlampen\/paquita-solar-strasenlaterne-copia\/"]}]},{"@type":"ImageObject","inLanguage":"de","@id":"https:\/\/newgarden.es\/de\/shop\/lightdeco-de\/laternen-und-wandlampen\/paquita-solar-strasenlaterne-copia\/#primaryimage","url":"https:\/\/newgarden.es\/wp-content\/uploads\/2021\/02\/PEPITA_FAROLA_1200X1200-7.jpg","contentUrl":"https:\/\/newgarden.es\/wp-content\/uploads\/2021\/02\/PEPITA_FAROLA_1200X1200-7.jpg","width":1200,"height":1200},{"@type":"BreadcrumbList","@id":"https:\/\/newgarden.es\/de\/shop\/lightdeco-de\/laternen-und-wandlampen\/paquita-solar-strasenlaterne-copia\/#breadcrumb","itemListElement":[{"@type":"ListItem","position":1,"name":"Home","item":"https:\/\/newgarden.es\/de\/"},{"@type":"ListItem","position":2,"name":"Shop","item":"https:\/\/newgarden.es\/de\/shop\/"},{"@type":"ListItem","position":3,"name":"PEPITA HYBRID-SOLAR-STRASSENLEUCHTE"}]},{"@type":"WebSite","@id":"https:\/\/newgarden.es\/#website","url":"https:\/\/newgarden.es\/","name":"Newgarden","description":"Be happy","potentialAction":[{"@type":"SearchAction","target":{"@type":"EntryPoint","urlTemplate":"https:\/\/newgarden.es\/?s={search_term_string}"},"query-input":{"@type":"PropertyValueSpecification","valueRequired":true,"valueName":"search_term_string"}}],"inLanguage":"de"}]}},"df_price":299,"df_sale_price":"","df_regular_price":299,"df_image_link":"https:\/\/newgarden.es\/wp-content\/uploads\/2021\/02\/PEPITA_FAROLA_1200X1200-7-580x400.jpg","_links":{"self":[{"href":"https:\/\/newgarden.es\/de\/wp-json\/wp\/v2\/product\/32754"}],"collection":[{"href":"https:\/\/newgarden.es\/de\/wp-json\/wp\/v2\/product"}],"about":[{"href":"https:\/\/newgarden.es\/de\/wp-json\/wp\/v2\/types\/product"}],"wp:featuredmedia":[{"embeddable":true,"href":"https:\/\/newgarden.es\/de\/wp-json\/wp\/v2\/media\/57771"}],"wp:attachment":[{"href":"https:\/\/newgarden.es\/de\/wp-json\/wp\/v2\/media?parent=32754"}],"wp:term":[{"taxonomy":"product_cat","embeddable":true,"href":"https:\/\/newgarden.es\/de\/wp-json\/wp\/v2\/product_cat?post=32754"},{"taxonomy":"product_tag","embeddable":true,"href":"https:\/\/newgarden.es\/de\/wp-json\/wp\/v2\/product_tag?post=32754"}],"curies":[{"name":"wp","href":"https:\/\/api.w.org\/{rel}","templated":true}]}}