{"id":33307,"date":"2021-02-02T09:11:56","date_gmt":"2021-02-11T09:54:58","guid":{"rendered":"https:\/\/newgarden.es\/shop\/unkategorisiert\/kabellose-stehleuchte-amalfi\/"},"modified":"2021-08-03T10:20:46","modified_gmt":"2021-08-03T08:20:46","slug":"kabellose-stehleuchte-amalfi","status":"publish","type":"product","link":"https:\/\/newgarden.es\/de\/shop\/lightdeco-de\/stehlampe\/kabellose-stehleuchte-amalfi\/","title":{"rendered":"KABELLOSE STEHLEUCHTE AMALFI"},"content":{"rendered":"<section class=\"wpb-content-wrapper\"><p>[vc_row][vc_column][vc_column_text][\/vc_column_text][\/vc_column][\/vc_row][vc_row][vc_column][vc_column_text]Die Amalfi Stehleuchte zeichnet sich durch ihre Vielseitigkeit aus, da sie keine Kabel ben\u00f6tigt und sowohl im Au\u00dfen- als auch im Innenbereich eingesetzt werden kann. Der Lampenschirm ist mit Naturfasern handgeflochten und hat drei schwarze Beine, die die Lampe auf jedem Terrain perfekt stabilisiert.<\/p>\n<p>Sie verf\u00fcgt \u00fcber eine eingebaute, tragbare, wiederaufladbare 900-Lumen-Gl\u00fchlampe, die keine Installation erfordert. Sie m\u00fcssen sie nur in die N\u00e4he der Lampe bringen, sie haftet dank ihres Magnetfu\u00dfes. Diese Gl\u00fchbirne enth\u00e4lt auch eine Fernbedienung zum Ein- und Ausschalten und zur Regulierung ihrer Intensit\u00e4t.[\/vc_column_text][vc_video link=&#8220;https:\/\/youtu.be\/J9ZLQegWyyQ&#8220;][\/vc_column][\/vc_row][vc_row][vc_column width=&#8220;1\/2&#8243;][vc_btn title=&#8220;Technisches Datenblatt&#8220; style=&#8220;custom&#8220; custom_background=&#8220;#009bc2&#8243; custom_text=&#8220;#ffffff&#8220; shape=&#8220;square&#8220; el_class=&#8220;btn_descargar_ficha&#8220; link=&#8220;url:https%3A%2F%2Fdrive.google.com%2Fdrive%2Ffolders%2F1ttmkqaNPuygGZrIjbs0sfCupyD0tpB8d|target:%20_blank|&#8220;][\/vc_column][vc_column width=&#8220;1\/2&#8243;][vc_btn title=&#8220;BEDIENUNGSANLEITUNG&#8220; style=&#8220;custom&#8220; custom_background=&#8220;#009bc2&#8243; custom_text=&#8220;#ffffff&#8220; shape=&#8220;square&#8220; el_class=&#8220;btn_descargar_ficha&#8220; link=&#8220;target:%20_blank|&#8220;][\/vc_column][\/vc_row]<\/p>\n<\/section>","protected":false},"excerpt":{"rendered":"<p>[vc_row][vc_column][vc_column_text][\/vc_column_text][\/vc_column][\/vc_row][vc_row][vc_column][vc_column_text]Die Amalfi Stehleuchte zeichnet sich durch ihre Vielseitigkeit aus, da sie keine Kabel ben\u00f6tigt und sowohl im Au\u00dfen- als auch im Innenbereich eingesetzt werden kann. Der Lampenschirm ist mit Naturfasern<\/p>\n","protected":false},"featured_media":52967,"template":"","meta":[],"product_cat":[1696,763,767],"product_tag":[766,793],"class_list":{"0":"post-33307","1":"product","2":"type-product","3":"status-publish","4":"has-post-thumbnail","6":"product_cat-productos-de","7":"product_cat-lightdeco-de","8":"product_cat-stehlampe","9":"product_tag-batterie-de","10":"product_tag-drahtlose","12":"first","13":"instock","14":"taxable","15":"shipping-taxable","16":"purchasable","17":"product-type-variable","18":"has-default-attributes"},"yoast_head":"<!-- This site is optimized with the Yoast SEO plugin v24.2 - https:\/\/yoast.com\/wordpress\/plugins\/seo\/ -->\n<title>KABELLOSE STEHLEUCHTE AMALFI - Newgarden<\/title>\n<meta name=\"description\" content=\"Die Amalfi Stehleuchte zeichnet sich durch ihre Vielseitigkeit aus, da sie keine Kabel ben\u00f6tigt und sowohl im Au\u00dfen- als auch im Innenbereich eingesetzt werden kann.\" \/>\n<meta name=\"robots\" content=\"index, follow, max-snippet:-1, max-image-preview:large, max-video-preview:-1\" \/>\n<link rel=\"canonical\" href=\"https:\/\/newgarden.es\/de\/shop\/lightdeco-de\/stehlampe\/kabellose-stehleuchte-amalfi\/\" \/>\n<meta property=\"og:locale\" content=\"de_DE\" \/>\n<meta property=\"og:type\" content=\"article\" \/>\n<meta property=\"og:title\" content=\"KABELLOSE STEHLEUCHTE AMALFI - Newgarden\" \/>\n<meta property=\"og:description\" content=\"Die Amalfi Stehleuchte zeichnet sich durch ihre Vielseitigkeit aus, da sie keine Kabel ben\u00f6tigt und sowohl im Au\u00dfen- als auch im Innenbereich eingesetzt werden kann.\" \/>\n<meta property=\"og:url\" content=\"https:\/\/newgarden.es\/de\/shop\/lightdeco-de\/stehlampe\/kabellose-stehleuchte-amalfi\/\" \/>\n<meta property=\"og:site_name\" content=\"Newgarden\" \/>\n<meta property=\"article:modified_time\" content=\"2021-08-03T08:20:46+00:00\" \/>\n<meta property=\"og:image\" content=\"https:\/\/newgarden.es\/wp-content\/uploads\/2021\/02\/AMALFI_145_BATTERY_1200px-4.jpg\" \/>\n\t<meta property=\"og:image:width\" content=\"1200\" \/>\n\t<meta property=\"og:image:height\" content=\"1200\" \/>\n\t<meta property=\"og:image:type\" content=\"image\/jpeg\" \/>\n<meta name=\"twitter:card\" content=\"summary_large_image\" \/>\n<meta name=\"twitter:label1\" content=\"Gesch\u00e4tzte Lesezeit\" \/>\n\t<meta name=\"twitter:data1\" content=\"1\u00a0Minute\" \/>\n<script type=\"application\/ld+json\" class=\"yoast-schema-graph\">{\"@context\":\"https:\/\/schema.org\",\"@graph\":[{\"@type\":\"WebPage\",\"@id\":\"https:\/\/newgarden.es\/de\/shop\/lightdeco-de\/stehlampe\/kabellose-stehleuchte-amalfi\/\",\"url\":\"https:\/\/newgarden.es\/de\/shop\/lightdeco-de\/stehlampe\/kabellose-stehleuchte-amalfi\/\",\"name\":\"KABELLOSE STEHLEUCHTE AMALFI - Newgarden\",\"isPartOf\":{\"@id\":\"https:\/\/newgarden.es\/#website\"},\"primaryImageOfPage\":{\"@id\":\"https:\/\/newgarden.es\/de\/shop\/lightdeco-de\/stehlampe\/kabellose-stehleuchte-amalfi\/#primaryimage\"},\"image\":{\"@id\":\"https:\/\/newgarden.es\/de\/shop\/lightdeco-de\/stehlampe\/kabellose-stehleuchte-amalfi\/#primaryimage\"},\"thumbnailUrl\":\"https:\/\/newgarden.es\/wp-content\/uploads\/2021\/02\/AMALFI_145_BATTERY_1200px-4.jpg\",\"datePublished\":\"2021-02-11T09:54:58+00:00\",\"dateModified\":\"2021-08-03T08:20:46+00:00\",\"description\":\"Die Amalfi Stehleuchte zeichnet sich durch ihre Vielseitigkeit aus, da sie keine Kabel ben\u00f6tigt und sowohl im Au\u00dfen- als auch im Innenbereich eingesetzt werden kann.\",\"breadcrumb\":{\"@id\":\"https:\/\/newgarden.es\/de\/shop\/lightdeco-de\/stehlampe\/kabellose-stehleuchte-amalfi\/#breadcrumb\"},\"inLanguage\":\"de\",\"potentialAction\":[{\"@type\":\"ReadAction\",\"target\":[\"https:\/\/newgarden.es\/de\/shop\/lightdeco-de\/stehlampe\/kabellose-stehleuchte-amalfi\/\"]}]},{\"@type\":\"ImageObject\",\"inLanguage\":\"de\",\"@id\":\"https:\/\/newgarden.es\/de\/shop\/lightdeco-de\/stehlampe\/kabellose-stehleuchte-amalfi\/#primaryimage\",\"url\":\"https:\/\/newgarden.es\/wp-content\/uploads\/2021\/02\/AMALFI_145_BATTERY_1200px-4.jpg\",\"contentUrl\":\"https:\/\/newgarden.es\/wp-content\/uploads\/2021\/02\/AMALFI_145_BATTERY_1200px-4.jpg\",\"width\":1200,\"height\":1200},{\"@type\":\"BreadcrumbList\",\"@id\":\"https:\/\/newgarden.es\/de\/shop\/lightdeco-de\/stehlampe\/kabellose-stehleuchte-amalfi\/#breadcrumb\",\"itemListElement\":[{\"@type\":\"ListItem\",\"position\":1,\"name\":\"Home\",\"item\":\"https:\/\/newgarden.es\/de\/\"},{\"@type\":\"ListItem\",\"position\":2,\"name\":\"Shop\",\"item\":\"https:\/\/newgarden.es\/de\/shop\/\"},{\"@type\":\"ListItem\",\"position\":3,\"name\":\"KABELLOSE STEHLEUCHTE AMALFI\"}]},{\"@type\":\"WebSite\",\"@id\":\"https:\/\/newgarden.es\/#website\",\"url\":\"https:\/\/newgarden.es\/\",\"name\":\"Newgarden\",\"description\":\"Be happy\",\"potentialAction\":[{\"@type\":\"SearchAction\",\"target\":{\"@type\":\"EntryPoint\",\"urlTemplate\":\"https:\/\/newgarden.es\/?s={search_term_string}\"},\"query-input\":{\"@type\":\"PropertyValueSpecification\",\"valueRequired\":true,\"valueName\":\"search_term_string\"}}],\"inLanguage\":\"de\"}]}<\/script>\n<!-- \/ Yoast SEO plugin. -->","yoast_head_json":{"title":"KABELLOSE STEHLEUCHTE AMALFI - Newgarden","description":"Die Amalfi Stehleuchte zeichnet sich durch ihre Vielseitigkeit aus, da sie keine Kabel ben\u00f6tigt und sowohl im Au\u00dfen- als auch im Innenbereich eingesetzt werden kann.","robots":{"index":"index","follow":"follow","max-snippet":"max-snippet:-1","max-image-preview":"max-image-preview:large","max-video-preview":"max-video-preview:-1"},"canonical":"https:\/\/newgarden.es\/de\/shop\/lightdeco-de\/stehlampe\/kabellose-stehleuchte-amalfi\/","og_locale":"de_DE","og_type":"article","og_title":"KABELLOSE STEHLEUCHTE AMALFI - Newgarden","og_description":"Die Amalfi Stehleuchte zeichnet sich durch ihre Vielseitigkeit aus, da sie keine Kabel ben\u00f6tigt und sowohl im Au\u00dfen- als auch im Innenbereich eingesetzt werden kann.","og_url":"https:\/\/newgarden.es\/de\/shop\/lightdeco-de\/stehlampe\/kabellose-stehleuchte-amalfi\/","og_site_name":"Newgarden","article_modified_time":"2021-08-03T08:20:46+00:00","og_image":[{"width":1200,"height":1200,"url":"https:\/\/newgarden.es\/wp-content\/uploads\/2021\/02\/AMALFI_145_BATTERY_1200px-4.jpg","type":"image\/jpeg"}],"twitter_card":"summary_large_image","twitter_misc":{"Gesch\u00e4tzte Lesezeit":"1\u00a0Minute"},"schema":{"@context":"https:\/\/schema.org","@graph":[{"@type":"WebPage","@id":"https:\/\/newgarden.es\/de\/shop\/lightdeco-de\/stehlampe\/kabellose-stehleuchte-amalfi\/","url":"https:\/\/newgarden.es\/de\/shop\/lightdeco-de\/stehlampe\/kabellose-stehleuchte-amalfi\/","name":"KABELLOSE STEHLEUCHTE AMALFI - Newgarden","isPartOf":{"@id":"https:\/\/newgarden.es\/#website"},"primaryImageOfPage":{"@id":"https:\/\/newgarden.es\/de\/shop\/lightdeco-de\/stehlampe\/kabellose-stehleuchte-amalfi\/#primaryimage"},"image":{"@id":"https:\/\/newgarden.es\/de\/shop\/lightdeco-de\/stehlampe\/kabellose-stehleuchte-amalfi\/#primaryimage"},"thumbnailUrl":"https:\/\/newgarden.es\/wp-content\/uploads\/2021\/02\/AMALFI_145_BATTERY_1200px-4.jpg","datePublished":"2021-02-11T09:54:58+00:00","dateModified":"2021-08-03T08:20:46+00:00","description":"Die Amalfi Stehleuchte zeichnet sich durch ihre Vielseitigkeit aus, da sie keine Kabel ben\u00f6tigt und sowohl im Au\u00dfen- als auch im Innenbereich eingesetzt werden kann.","breadcrumb":{"@id":"https:\/\/newgarden.es\/de\/shop\/lightdeco-de\/stehlampe\/kabellose-stehleuchte-amalfi\/#breadcrumb"},"inLanguage":"de","potentialAction":[{"@type":"ReadAction","target":["https:\/\/newgarden.es\/de\/shop\/lightdeco-de\/stehlampe\/kabellose-stehleuchte-amalfi\/"]}]},{"@type":"ImageObject","inLanguage":"de","@id":"https:\/\/newgarden.es\/de\/shop\/lightdeco-de\/stehlampe\/kabellose-stehleuchte-amalfi\/#primaryimage","url":"https:\/\/newgarden.es\/wp-content\/uploads\/2021\/02\/AMALFI_145_BATTERY_1200px-4.jpg","contentUrl":"https:\/\/newgarden.es\/wp-content\/uploads\/2021\/02\/AMALFI_145_BATTERY_1200px-4.jpg","width":1200,"height":1200},{"@type":"BreadcrumbList","@id":"https:\/\/newgarden.es\/de\/shop\/lightdeco-de\/stehlampe\/kabellose-stehleuchte-amalfi\/#breadcrumb","itemListElement":[{"@type":"ListItem","position":1,"name":"Home","item":"https:\/\/newgarden.es\/de\/"},{"@type":"ListItem","position":2,"name":"Shop","item":"https:\/\/newgarden.es\/de\/shop\/"},{"@type":"ListItem","position":3,"name":"KABELLOSE STEHLEUCHTE AMALFI"}]},{"@type":"WebSite","@id":"https:\/\/newgarden.es\/#website","url":"https:\/\/newgarden.es\/","name":"Newgarden","description":"Be happy","potentialAction":[{"@type":"SearchAction","target":{"@type":"EntryPoint","urlTemplate":"https:\/\/newgarden.es\/?s={search_term_string}"},"query-input":{"@type":"PropertyValueSpecification","valueRequired":true,"valueName":"search_term_string"}}],"inLanguage":"de"}]}},"df_price":169,"df_sale_price":"","df_regular_price":169,"df_image_link":"https:\/\/newgarden.es\/wp-content\/uploads\/2021\/02\/AMALFI_145_BATTERY_1200px-4.jpg","_links":{"self":[{"href":"https:\/\/newgarden.es\/de\/wp-json\/wp\/v2\/product\/33307"}],"collection":[{"href":"https:\/\/newgarden.es\/de\/wp-json\/wp\/v2\/product"}],"about":[{"href":"https:\/\/newgarden.es\/de\/wp-json\/wp\/v2\/types\/product"}],"wp:featuredmedia":[{"embeddable":true,"href":"https:\/\/newgarden.es\/de\/wp-json\/wp\/v2\/media\/52967"}],"wp:attachment":[{"href":"https:\/\/newgarden.es\/de\/wp-json\/wp\/v2\/media?parent=33307"}],"wp:term":[{"taxonomy":"product_cat","embeddable":true,"href":"https:\/\/newgarden.es\/de\/wp-json\/wp\/v2\/product_cat?post=33307"},{"taxonomy":"product_tag","embeddable":true,"href":"https:\/\/newgarden.es\/de\/wp-json\/wp\/v2\/product_tag?post=33307"}],"curies":[{"name":"wp","href":"https:\/\/api.w.org\/{rel}","templated":true}]}}