{"id":33314,"date":"2021-02-02T10:29:19","date_gmt":"2021-02-11T10:30:03","guid":{"rendered":"https:\/\/newgarden.es\/shop\/unkategorisiert\/x3-dekorative-girlande-aurora\/"},"modified":"2024-05-28T14:57:08","modified_gmt":"2024-05-28T12:57:08","slug":"x3-dekorative-girlande-aurora","status":"publish","type":"product","link":"https:\/\/newgarden.es\/de\/shop\/lightdeco-de\/weihnachten\/x3-dekorative-girlande-aurora\/","title":{"rendered":"DEKORATIVE GIRLANDE AURORA"},"content":{"rendered":"<section class=\"wpb-content-wrapper\"><p>[vc_row][vc_column][vc_column_text][\/vc_column_text][\/vc_column][\/vc_row][vc_row][vc_column][vc_column_text]<strong>DEKORATIVE GIRLANDE AURORA<\/strong><\/p>\n<p>Die dekorative Lichterkette AURORA ist perfekt f\u00fcr Veranstaltungen und Partys wie auch ideal f\u00fcr Ihr Zuhause . Geeignet f\u00fcr jede Ecke im Freien, Garten, Terrassen, Gesch\u00e4fte oder auch als Weihnachtsdekoration. Der Lampenschirm ist aus Naturfasern handgefertigt.<\/p>\n<p>Im Gegensatz zu den meisten Lichterketten auf dem Markt hat die dekorative Newgarden-Lichterkette 10 austauschbare Gl\u00fchbirnen im Lieferumfang, die ein Vintage-Design und eine sehr bemerkenswerte warme Beleuchtung bieten.<\/p>\n<p>Das Seil ist aus Jute gefertigt, was der Girlande einen nat\u00fcrlichen Touch verleiht, ohne ihre elektrischen Eigenschaften zu verlieren.<\/p>\n<p>Die Aurora-Dekolichterkette ist in 2 Ausf\u00fchrungen erh\u00e4ltlich: CABLE oder SOLAR + WIEDERAUFLADBARE BATTERIE.<\/p>\n<p>Die Gr\u00f6\u00dfe der Aurora Design Girlande ist 8 Meter in der CABLE Ausf\u00fchrung und kann bis zu 4 weiteren Lichterketten verbunden werden.[\/vc_column_text][vc_video link=&#8220;https:\/\/youtu.be\/wRib50HxTbI&#8220;][vc_video link=&#8220;https:\/\/youtu.be\/r7IA5TyahN8&#8243;][\/vc_column][\/vc_row][vc_row][vc_column width=&#8220;1\/2&#8243;][vc_btn title=&#8220;Technisches Datenblatt&#8220; style=&#8220;custom&#8220; custom_background=&#8220;#009bc2&#8243; custom_text=&#8220;#ffffff&#8220; shape=&#8220;square&#8220; el_class=&#8220;btn_descargar_ficha&#8220; link=&#8220;url:https%3A%2F%2Fbit.ly%2F3NaTIsZ|target:%20_blank|&#8220;][vc_btn title=&#8220;Technisches Datenblatt&#8220; style=&#8220;custom&#8220; custom_background=&#8220;#009bc2&#8243; custom_text=&#8220;#ffffff&#8220; shape=&#8220;square&#8220; el_class=&#8220;btn_descargar_ficha&#8220; link=&#8220;url:https%3A%2F%2Fbit.ly%2F3baaknj|target:%20_blank|&#8220;][\/vc_column][vc_column width=&#8220;1\/2&#8243;][vc_btn title=&#8220;BEDIENUNGSANLEITUNG&#8220; style=&#8220;custom&#8220; custom_background=&#8220;#009bc2&#8243; custom_text=&#8220;#ffffff&#8220; shape=&#8220;square&#8220; el_class=&#8220;btn_descargar_ficha&#8220; link=&#8220;url:https%3A%2F%2Fbit.ly%2F3cZ0t4F|target:%20_blank|&#8220;][vc_btn title=&#8220;BEDIENUNGSANLEITUNG&#8220; style=&#8220;custom&#8220; custom_background=&#8220;#009bc2&#8243; custom_text=&#8220;#ffffff&#8220; shape=&#8220;square&#8220; el_class=&#8220;btn_descargar_ficha&#8220; link=&#8220;url:https%3A%2F%2Fbit.ly%2F3bwbj1O|target:%20_blank|&#8220;][\/vc_column][\/vc_row]<\/p>\n<\/section>","protected":false},"excerpt":{"rendered":"<p>[vc_row][vc_column][vc_column_text][\/vc_column_text][\/vc_column][\/vc_row][vc_row][vc_column][vc_column_text]DEKORATIVE GIRLANDE AURORA Die dekorative Lichterkette AURORA ist perfekt f\u00fcr Veranstaltungen und Partys wie auch ideal f\u00fcr Ihr Zuhause . Geeignet f\u00fcr jede Ecke im Freien, Garten, Terrassen, Gesch\u00e4fte oder<\/p>\n","protected":false},"featured_media":58209,"template":"","meta":[],"product_cat":[763,1576,811],"product_tag":[793,765,789],"class_list":{"0":"post-33314","1":"product","2":"type-product","3":"status-publish","4":"has-post-thumbnail","6":"product_cat-lightdeco-de","7":"product_cat-girlanden","8":"product_cat-weihnachten","9":"product_tag-drahtlose","10":"product_tag-kabel","11":"product_tag-solar-de","13":"first","14":"instock","15":"taxable","16":"shipping-taxable","17":"purchasable","18":"product-type-variable"},"yoast_head":"<!-- This site is optimized with the Yoast SEO plugin v24.2 - https:\/\/yoast.com\/wordpress\/plugins\/seo\/ -->\n<title>DEKORATIVE GIRLANDE AURORA - Newgarden<\/title>\n<meta name=\"description\" content=\"Die dekorative Lichterkette AURORA ist perfekt f\u00fcr f\u00fcr Ihr Zuhause. Geeignet f\u00fcr jede Ecke im Freien, Garten, Terrassen, Gesch\u00e4fte oder auch als Weihnachtsdekoration.\" \/>\n<meta name=\"robots\" content=\"index, follow, max-snippet:-1, max-image-preview:large, max-video-preview:-1\" \/>\n<link rel=\"canonical\" href=\"https:\/\/newgarden.es\/de\/shop\/lightdeco-de\/weihnachten\/x3-dekorative-girlande-aurora\/\" \/>\n<meta property=\"og:locale\" content=\"de_DE\" \/>\n<meta property=\"og:type\" content=\"article\" \/>\n<meta property=\"og:title\" content=\"DEKORATIVE GIRLANDE AURORA - Newgarden\" \/>\n<meta property=\"og:description\" content=\"Die dekorative Lichterkette AURORA ist perfekt f\u00fcr f\u00fcr Ihr Zuhause. Geeignet f\u00fcr jede Ecke im Freien, Garten, Terrassen, Gesch\u00e4fte oder auch als Weihnachtsdekoration.\" \/>\n<meta property=\"og:url\" content=\"https:\/\/newgarden.es\/de\/shop\/lightdeco-de\/weihnachten\/x3-dekorative-girlande-aurora\/\" \/>\n<meta property=\"og:site_name\" content=\"Newgarden\" \/>\n<meta property=\"article:modified_time\" content=\"2024-05-28T12:57:08+00:00\" \/>\n<meta property=\"og:image\" content=\"https:\/\/newgarden.es\/wp-content\/uploads\/2021\/02\/AURORA_1200X1200-5-1.jpg\" \/>\n\t<meta property=\"og:image:width\" content=\"1200\" \/>\n\t<meta property=\"og:image:height\" content=\"1200\" \/>\n\t<meta property=\"og:image:type\" content=\"image\/jpeg\" \/>\n<meta name=\"twitter:card\" content=\"summary_large_image\" \/>\n<meta name=\"twitter:label1\" content=\"Gesch\u00e4tzte Lesezeit\" \/>\n\t<meta name=\"twitter:data1\" content=\"2\u00a0Minuten\" \/>\n<script type=\"application\/ld+json\" class=\"yoast-schema-graph\">{\"@context\":\"https:\/\/schema.org\",\"@graph\":[{\"@type\":\"WebPage\",\"@id\":\"https:\/\/newgarden.es\/de\/shop\/lightdeco-de\/weihnachten\/x3-dekorative-girlande-aurora\/\",\"url\":\"https:\/\/newgarden.es\/de\/shop\/lightdeco-de\/weihnachten\/x3-dekorative-girlande-aurora\/\",\"name\":\"DEKORATIVE GIRLANDE AURORA - Newgarden\",\"isPartOf\":{\"@id\":\"https:\/\/newgarden.es\/#website\"},\"primaryImageOfPage\":{\"@id\":\"https:\/\/newgarden.es\/de\/shop\/lightdeco-de\/weihnachten\/x3-dekorative-girlande-aurora\/#primaryimage\"},\"image\":{\"@id\":\"https:\/\/newgarden.es\/de\/shop\/lightdeco-de\/weihnachten\/x3-dekorative-girlande-aurora\/#primaryimage\"},\"thumbnailUrl\":\"https:\/\/newgarden.es\/wp-content\/uploads\/2021\/02\/AURORA_1200X1200-5-1.jpg\",\"datePublished\":\"2021-02-11T10:30:03+00:00\",\"dateModified\":\"2024-05-28T12:57:08+00:00\",\"description\":\"Die dekorative Lichterkette AURORA ist perfekt f\u00fcr f\u00fcr Ihr Zuhause. Geeignet f\u00fcr jede Ecke im Freien, Garten, Terrassen, Gesch\u00e4fte oder auch als Weihnachtsdekoration.\",\"breadcrumb\":{\"@id\":\"https:\/\/newgarden.es\/de\/shop\/lightdeco-de\/weihnachten\/x3-dekorative-girlande-aurora\/#breadcrumb\"},\"inLanguage\":\"de\",\"potentialAction\":[{\"@type\":\"ReadAction\",\"target\":[\"https:\/\/newgarden.es\/de\/shop\/lightdeco-de\/weihnachten\/x3-dekorative-girlande-aurora\/\"]}]},{\"@type\":\"ImageObject\",\"inLanguage\":\"de\",\"@id\":\"https:\/\/newgarden.es\/de\/shop\/lightdeco-de\/weihnachten\/x3-dekorative-girlande-aurora\/#primaryimage\",\"url\":\"https:\/\/newgarden.es\/wp-content\/uploads\/2021\/02\/AURORA_1200X1200-5-1.jpg\",\"contentUrl\":\"https:\/\/newgarden.es\/wp-content\/uploads\/2021\/02\/AURORA_1200X1200-5-1.jpg\",\"width\":1200,\"height\":1200},{\"@type\":\"BreadcrumbList\",\"@id\":\"https:\/\/newgarden.es\/de\/shop\/lightdeco-de\/weihnachten\/x3-dekorative-girlande-aurora\/#breadcrumb\",\"itemListElement\":[{\"@type\":\"ListItem\",\"position\":1,\"name\":\"Home\",\"item\":\"https:\/\/newgarden.es\/de\/\"},{\"@type\":\"ListItem\",\"position\":2,\"name\":\"Shop\",\"item\":\"https:\/\/newgarden.es\/de\/shop\/\"},{\"@type\":\"ListItem\",\"position\":3,\"name\":\"DEKORATIVE GIRLANDE AURORA\"}]},{\"@type\":\"WebSite\",\"@id\":\"https:\/\/newgarden.es\/#website\",\"url\":\"https:\/\/newgarden.es\/\",\"name\":\"Newgarden\",\"description\":\"Be happy\",\"potentialAction\":[{\"@type\":\"SearchAction\",\"target\":{\"@type\":\"EntryPoint\",\"urlTemplate\":\"https:\/\/newgarden.es\/?s={search_term_string}\"},\"query-input\":{\"@type\":\"PropertyValueSpecification\",\"valueRequired\":true,\"valueName\":\"search_term_string\"}}],\"inLanguage\":\"de\"}]}<\/script>\n<!-- \/ Yoast SEO plugin. -->","yoast_head_json":{"title":"DEKORATIVE GIRLANDE AURORA - Newgarden","description":"Die dekorative Lichterkette AURORA ist perfekt f\u00fcr f\u00fcr Ihr Zuhause. Geeignet f\u00fcr jede Ecke im Freien, Garten, Terrassen, Gesch\u00e4fte oder auch als Weihnachtsdekoration.","robots":{"index":"index","follow":"follow","max-snippet":"max-snippet:-1","max-image-preview":"max-image-preview:large","max-video-preview":"max-video-preview:-1"},"canonical":"https:\/\/newgarden.es\/de\/shop\/lightdeco-de\/weihnachten\/x3-dekorative-girlande-aurora\/","og_locale":"de_DE","og_type":"article","og_title":"DEKORATIVE GIRLANDE AURORA - Newgarden","og_description":"Die dekorative Lichterkette AURORA ist perfekt f\u00fcr f\u00fcr Ihr Zuhause. Geeignet f\u00fcr jede Ecke im Freien, Garten, Terrassen, Gesch\u00e4fte oder auch als Weihnachtsdekoration.","og_url":"https:\/\/newgarden.es\/de\/shop\/lightdeco-de\/weihnachten\/x3-dekorative-girlande-aurora\/","og_site_name":"Newgarden","article_modified_time":"2024-05-28T12:57:08+00:00","og_image":[{"width":1200,"height":1200,"url":"https:\/\/newgarden.es\/wp-content\/uploads\/2021\/02\/AURORA_1200X1200-5-1.jpg","type":"image\/jpeg"}],"twitter_card":"summary_large_image","twitter_misc":{"Gesch\u00e4tzte Lesezeit":"2\u00a0Minuten"},"schema":{"@context":"https:\/\/schema.org","@graph":[{"@type":"WebPage","@id":"https:\/\/newgarden.es\/de\/shop\/lightdeco-de\/weihnachten\/x3-dekorative-girlande-aurora\/","url":"https:\/\/newgarden.es\/de\/shop\/lightdeco-de\/weihnachten\/x3-dekorative-girlande-aurora\/","name":"DEKORATIVE GIRLANDE AURORA - Newgarden","isPartOf":{"@id":"https:\/\/newgarden.es\/#website"},"primaryImageOfPage":{"@id":"https:\/\/newgarden.es\/de\/shop\/lightdeco-de\/weihnachten\/x3-dekorative-girlande-aurora\/#primaryimage"},"image":{"@id":"https:\/\/newgarden.es\/de\/shop\/lightdeco-de\/weihnachten\/x3-dekorative-girlande-aurora\/#primaryimage"},"thumbnailUrl":"https:\/\/newgarden.es\/wp-content\/uploads\/2021\/02\/AURORA_1200X1200-5-1.jpg","datePublished":"2021-02-11T10:30:03+00:00","dateModified":"2024-05-28T12:57:08+00:00","description":"Die dekorative Lichterkette AURORA ist perfekt f\u00fcr f\u00fcr Ihr Zuhause. Geeignet f\u00fcr jede Ecke im Freien, Garten, Terrassen, Gesch\u00e4fte oder auch als Weihnachtsdekoration.","breadcrumb":{"@id":"https:\/\/newgarden.es\/de\/shop\/lightdeco-de\/weihnachten\/x3-dekorative-girlande-aurora\/#breadcrumb"},"inLanguage":"de","potentialAction":[{"@type":"ReadAction","target":["https:\/\/newgarden.es\/de\/shop\/lightdeco-de\/weihnachten\/x3-dekorative-girlande-aurora\/"]}]},{"@type":"ImageObject","inLanguage":"de","@id":"https:\/\/newgarden.es\/de\/shop\/lightdeco-de\/weihnachten\/x3-dekorative-girlande-aurora\/#primaryimage","url":"https:\/\/newgarden.es\/wp-content\/uploads\/2021\/02\/AURORA_1200X1200-5-1.jpg","contentUrl":"https:\/\/newgarden.es\/wp-content\/uploads\/2021\/02\/AURORA_1200X1200-5-1.jpg","width":1200,"height":1200},{"@type":"BreadcrumbList","@id":"https:\/\/newgarden.es\/de\/shop\/lightdeco-de\/weihnachten\/x3-dekorative-girlande-aurora\/#breadcrumb","itemListElement":[{"@type":"ListItem","position":1,"name":"Home","item":"https:\/\/newgarden.es\/de\/"},{"@type":"ListItem","position":2,"name":"Shop","item":"https:\/\/newgarden.es\/de\/shop\/"},{"@type":"ListItem","position":3,"name":"DEKORATIVE GIRLANDE AURORA"}]},{"@type":"WebSite","@id":"https:\/\/newgarden.es\/#website","url":"https:\/\/newgarden.es\/","name":"Newgarden","description":"Be happy","potentialAction":[{"@type":"SearchAction","target":{"@type":"EntryPoint","urlTemplate":"https:\/\/newgarden.es\/?s={search_term_string}"},"query-input":{"@type":"PropertyValueSpecification","valueRequired":true,"valueName":"search_term_string"}}],"inLanguage":"de"}]}},"df_price":169,"df_sale_price":"","df_regular_price":169,"df_image_link":"https:\/\/newgarden.es\/wp-content\/uploads\/2021\/02\/AURORA_1200X1200-5-1-580x400.jpg","_links":{"self":[{"href":"https:\/\/newgarden.es\/de\/wp-json\/wp\/v2\/product\/33314"}],"collection":[{"href":"https:\/\/newgarden.es\/de\/wp-json\/wp\/v2\/product"}],"about":[{"href":"https:\/\/newgarden.es\/de\/wp-json\/wp\/v2\/types\/product"}],"wp:featuredmedia":[{"embeddable":true,"href":"https:\/\/newgarden.es\/de\/wp-json\/wp\/v2\/media\/58209"}],"wp:attachment":[{"href":"https:\/\/newgarden.es\/de\/wp-json\/wp\/v2\/media?parent=33314"}],"wp:term":[{"taxonomy":"product_cat","embeddable":true,"href":"https:\/\/newgarden.es\/de\/wp-json\/wp\/v2\/product_cat?post=33314"},{"taxonomy":"product_tag","embeddable":true,"href":"https:\/\/newgarden.es\/de\/wp-json\/wp\/v2\/product_tag?post=33314"}],"curies":[{"name":"wp","href":"https:\/\/api.w.org\/{rel}","templated":true}]}}