{"id":33319,"date":"2021-02-02T14:57:09","date_gmt":"2021-02-11T10:45:49","guid":{"rendered":"https:\/\/newgarden.es\/shop\/unkategorisiert\/saona-50-kabellose-pendelleuchte\/"},"modified":"2021-03-22T11:49:22","modified_gmt":"2021-03-22T10:49:22","slug":"saona-50-kabellose-pendelleuchte","status":"publish","type":"product","link":"https:\/\/newgarden.es\/de\/shop\/lightdeco-de\/pendelleuchten\/saona-50-kabellose-pendelleuchte\/","title":{"rendered":"SAONA 50 KABELLOSE PENDELLEUCHTE"},"content":{"rendered":"<section class=\"wpb-content-wrapper\"><p>[vc_row][vc_column][vc_column_text][\/vc_column_text][\/vc_column][\/vc_row][vc_row][vc_column][vc_column_text]Die Saona 50 Cordless Pendelleuchte ist aus Naturfasern handgefertigt. Sie braucht keine Installation, h\u00e4ngen Sie sie einfach auf, wo immer Sie wollen, denn sie hat eine eingebaute tragbare, wiederaufladbare 900-Lumen-Lampe, die Sie einfach einh\u00e4ngen und schon sind Sie einsatzbereit.<\/p>\n<p>Diese Gl\u00fchbirne enth\u00e4lt auch eine Fernbedienung zum Ein- und Ausschalten und zur Regulierung der Intensit\u00e4t. Ein 3 m langes Kabel ist ebenfalls enthalten.<\/p>\n<p>Diese Leuchte ist Teil der SAONA-Familie und kann mit einer dekorativen Stehleuchte und einer Tischleuchte kombiniert werden.[\/vc_column_text][vc_video link=&#8220;https:\/\/youtu.be\/4mX-Wg7cxJA&#8220;][\/vc_column][\/vc_row][vc_row][vc_column width=&#8220;1\/2&#8243;][vc_btn title=&#8220;Technisches Datenblatt&#8220; style=&#8220;custom&#8220; custom_background=&#8220;#009bc2&#8243; custom_text=&#8220;#ffffff&#8220; shape=&#8220;square&#8220; el_class=&#8220;btn_descargar_ficha&#8220; link=&#8220;url:https%3A%2F%2Fdrive.google.com%2Fdrive%2Ffolders%2F1efxa7NuTIrhUYm2DQkdrPcgHRklMrG56|target:%20_blank|&#8220;][\/vc_column][vc_column width=&#8220;1\/2&#8243;][vc_btn title=&#8220;BEDIENUNGSANLEITUNG&#8220; style=&#8220;custom&#8220; custom_background=&#8220;#009bc2&#8243; custom_text=&#8220;#ffffff&#8220; shape=&#8220;square&#8220; el_class=&#8220;btn_descargar_ficha&#8220; link=&#8220;target:%20_blank|&#8220;][\/vc_column][\/vc_row]<\/p>\n<\/section>","protected":false},"excerpt":{"rendered":"<p>[vc_row][vc_column][vc_column_text][\/vc_column_text][\/vc_column][\/vc_row][vc_row][vc_column][vc_column_text]Die Saona 50 Cordless Pendelleuchte ist aus Naturfasern handgefertigt. Sie braucht keine Installation, h\u00e4ngen Sie sie einfach auf, wo immer Sie wollen, denn sie hat eine eingebaute tragbare, wiederaufladbare 900-Lumen-Lampe,<\/p>\n","protected":false},"featured_media":57541,"template":"","meta":[],"product_cat":[763,819],"product_tag":[766,793],"class_list":{"0":"post-33319","1":"product","2":"type-product","3":"status-publish","4":"has-post-thumbnail","6":"product_cat-lightdeco-de","7":"product_cat-pendelleuchten","8":"product_tag-batterie-de","9":"product_tag-drahtlose","11":"first","12":"instock","13":"taxable","14":"shipping-taxable","15":"purchasable","16":"product-type-variable","17":"has-default-attributes"},"yoast_head":"<!-- This site is optimized with the Yoast SEO plugin v24.2 - https:\/\/yoast.com\/wordpress\/plugins\/seo\/ -->\n<title>SAONA 50 KABELLOSE PENDELLEUCHTE - Newgarden<\/title>\n<meta name=\"description\" content=\"Die Saona 50 Cordless Pendelleuchte ist aus Naturfasern handgefertigt, h\u00e4ngen Sie sie einfach auf, wo immer Sie wollen, denn sie hat eine eingebaute tragbare, wiederaufladbare Lampe.\" \/>\n<meta name=\"robots\" content=\"index, follow, max-snippet:-1, max-image-preview:large, max-video-preview:-1\" \/>\n<link rel=\"canonical\" href=\"https:\/\/newgarden.es\/de\/shop\/lightdeco-de\/pendelleuchten\/saona-50-kabellose-pendelleuchte\/\" \/>\n<meta property=\"og:locale\" content=\"de_DE\" \/>\n<meta property=\"og:type\" content=\"article\" \/>\n<meta property=\"og:title\" content=\"SAONA 50 KABELLOSE PENDELLEUCHTE - Newgarden\" \/>\n<meta property=\"og:description\" content=\"Die Saona 50 Cordless Pendelleuchte ist aus Naturfasern handgefertigt, h\u00e4ngen Sie sie einfach auf, wo immer Sie wollen, denn sie hat eine eingebaute tragbare, wiederaufladbare Lampe.\" \/>\n<meta property=\"og:url\" content=\"https:\/\/newgarden.es\/de\/shop\/lightdeco-de\/pendelleuchten\/saona-50-kabellose-pendelleuchte\/\" \/>\n<meta property=\"og:site_name\" content=\"Newgarden\" \/>\n<meta property=\"article:modified_time\" content=\"2021-03-22T10:49:22+00:00\" \/>\n<meta property=\"og:image\" content=\"https:\/\/newgarden.es\/wp-content\/uploads\/2021\/02\/SAONA_HANG_BATTERY_1200X1200-9.jpg\" \/>\n\t<meta property=\"og:image:width\" content=\"1200\" \/>\n\t<meta property=\"og:image:height\" content=\"1200\" \/>\n\t<meta property=\"og:image:type\" content=\"image\/jpeg\" \/>\n<meta name=\"twitter:card\" content=\"summary_large_image\" \/>\n<meta name=\"twitter:label1\" content=\"Gesch\u00e4tzte Lesezeit\" \/>\n\t<meta name=\"twitter:data1\" content=\"1\u00a0Minute\" \/>\n<script type=\"application\/ld+json\" class=\"yoast-schema-graph\">{\"@context\":\"https:\/\/schema.org\",\"@graph\":[{\"@type\":\"WebPage\",\"@id\":\"https:\/\/newgarden.es\/de\/shop\/lightdeco-de\/pendelleuchten\/saona-50-kabellose-pendelleuchte\/\",\"url\":\"https:\/\/newgarden.es\/de\/shop\/lightdeco-de\/pendelleuchten\/saona-50-kabellose-pendelleuchte\/\",\"name\":\"SAONA 50 KABELLOSE PENDELLEUCHTE - Newgarden\",\"isPartOf\":{\"@id\":\"https:\/\/newgarden.es\/#website\"},\"primaryImageOfPage\":{\"@id\":\"https:\/\/newgarden.es\/de\/shop\/lightdeco-de\/pendelleuchten\/saona-50-kabellose-pendelleuchte\/#primaryimage\"},\"image\":{\"@id\":\"https:\/\/newgarden.es\/de\/shop\/lightdeco-de\/pendelleuchten\/saona-50-kabellose-pendelleuchte\/#primaryimage\"},\"thumbnailUrl\":\"https:\/\/newgarden.es\/wp-content\/uploads\/2021\/02\/SAONA_HANG_BATTERY_1200X1200-9.jpg\",\"datePublished\":\"2021-02-11T10:45:49+00:00\",\"dateModified\":\"2021-03-22T10:49:22+00:00\",\"description\":\"Die Saona 50 Cordless Pendelleuchte ist aus Naturfasern handgefertigt, h\u00e4ngen Sie sie einfach auf, wo immer Sie wollen, denn sie hat eine eingebaute tragbare, wiederaufladbare Lampe.\",\"breadcrumb\":{\"@id\":\"https:\/\/newgarden.es\/de\/shop\/lightdeco-de\/pendelleuchten\/saona-50-kabellose-pendelleuchte\/#breadcrumb\"},\"inLanguage\":\"de\",\"potentialAction\":[{\"@type\":\"ReadAction\",\"target\":[\"https:\/\/newgarden.es\/de\/shop\/lightdeco-de\/pendelleuchten\/saona-50-kabellose-pendelleuchte\/\"]}]},{\"@type\":\"ImageObject\",\"inLanguage\":\"de\",\"@id\":\"https:\/\/newgarden.es\/de\/shop\/lightdeco-de\/pendelleuchten\/saona-50-kabellose-pendelleuchte\/#primaryimage\",\"url\":\"https:\/\/newgarden.es\/wp-content\/uploads\/2021\/02\/SAONA_HANG_BATTERY_1200X1200-9.jpg\",\"contentUrl\":\"https:\/\/newgarden.es\/wp-content\/uploads\/2021\/02\/SAONA_HANG_BATTERY_1200X1200-9.jpg\",\"width\":1200,\"height\":1200},{\"@type\":\"BreadcrumbList\",\"@id\":\"https:\/\/newgarden.es\/de\/shop\/lightdeco-de\/pendelleuchten\/saona-50-kabellose-pendelleuchte\/#breadcrumb\",\"itemListElement\":[{\"@type\":\"ListItem\",\"position\":1,\"name\":\"Home\",\"item\":\"https:\/\/newgarden.es\/de\/\"},{\"@type\":\"ListItem\",\"position\":2,\"name\":\"Shop\",\"item\":\"https:\/\/newgarden.es\/de\/shop\/\"},{\"@type\":\"ListItem\",\"position\":3,\"name\":\"SAONA 50 KABELLOSE PENDELLEUCHTE\"}]},{\"@type\":\"WebSite\",\"@id\":\"https:\/\/newgarden.es\/#website\",\"url\":\"https:\/\/newgarden.es\/\",\"name\":\"Newgarden\",\"description\":\"Be happy\",\"potentialAction\":[{\"@type\":\"SearchAction\",\"target\":{\"@type\":\"EntryPoint\",\"urlTemplate\":\"https:\/\/newgarden.es\/?s={search_term_string}\"},\"query-input\":{\"@type\":\"PropertyValueSpecification\",\"valueRequired\":true,\"valueName\":\"search_term_string\"}}],\"inLanguage\":\"de\"}]}<\/script>\n<!-- \/ Yoast SEO plugin. -->","yoast_head_json":{"title":"SAONA 50 KABELLOSE PENDELLEUCHTE - Newgarden","description":"Die Saona 50 Cordless Pendelleuchte ist aus Naturfasern handgefertigt, h\u00e4ngen Sie sie einfach auf, wo immer Sie wollen, denn sie hat eine eingebaute tragbare, wiederaufladbare Lampe.","robots":{"index":"index","follow":"follow","max-snippet":"max-snippet:-1","max-image-preview":"max-image-preview:large","max-video-preview":"max-video-preview:-1"},"canonical":"https:\/\/newgarden.es\/de\/shop\/lightdeco-de\/pendelleuchten\/saona-50-kabellose-pendelleuchte\/","og_locale":"de_DE","og_type":"article","og_title":"SAONA 50 KABELLOSE PENDELLEUCHTE - Newgarden","og_description":"Die Saona 50 Cordless Pendelleuchte ist aus Naturfasern handgefertigt, h\u00e4ngen Sie sie einfach auf, wo immer Sie wollen, denn sie hat eine eingebaute tragbare, wiederaufladbare Lampe.","og_url":"https:\/\/newgarden.es\/de\/shop\/lightdeco-de\/pendelleuchten\/saona-50-kabellose-pendelleuchte\/","og_site_name":"Newgarden","article_modified_time":"2021-03-22T10:49:22+00:00","og_image":[{"width":1200,"height":1200,"url":"https:\/\/newgarden.es\/wp-content\/uploads\/2021\/02\/SAONA_HANG_BATTERY_1200X1200-9.jpg","type":"image\/jpeg"}],"twitter_card":"summary_large_image","twitter_misc":{"Gesch\u00e4tzte Lesezeit":"1\u00a0Minute"},"schema":{"@context":"https:\/\/schema.org","@graph":[{"@type":"WebPage","@id":"https:\/\/newgarden.es\/de\/shop\/lightdeco-de\/pendelleuchten\/saona-50-kabellose-pendelleuchte\/","url":"https:\/\/newgarden.es\/de\/shop\/lightdeco-de\/pendelleuchten\/saona-50-kabellose-pendelleuchte\/","name":"SAONA 50 KABELLOSE PENDELLEUCHTE - Newgarden","isPartOf":{"@id":"https:\/\/newgarden.es\/#website"},"primaryImageOfPage":{"@id":"https:\/\/newgarden.es\/de\/shop\/lightdeco-de\/pendelleuchten\/saona-50-kabellose-pendelleuchte\/#primaryimage"},"image":{"@id":"https:\/\/newgarden.es\/de\/shop\/lightdeco-de\/pendelleuchten\/saona-50-kabellose-pendelleuchte\/#primaryimage"},"thumbnailUrl":"https:\/\/newgarden.es\/wp-content\/uploads\/2021\/02\/SAONA_HANG_BATTERY_1200X1200-9.jpg","datePublished":"2021-02-11T10:45:49+00:00","dateModified":"2021-03-22T10:49:22+00:00","description":"Die Saona 50 Cordless Pendelleuchte ist aus Naturfasern handgefertigt, h\u00e4ngen Sie sie einfach auf, wo immer Sie wollen, denn sie hat eine eingebaute tragbare, wiederaufladbare Lampe.","breadcrumb":{"@id":"https:\/\/newgarden.es\/de\/shop\/lightdeco-de\/pendelleuchten\/saona-50-kabellose-pendelleuchte\/#breadcrumb"},"inLanguage":"de","potentialAction":[{"@type":"ReadAction","target":["https:\/\/newgarden.es\/de\/shop\/lightdeco-de\/pendelleuchten\/saona-50-kabellose-pendelleuchte\/"]}]},{"@type":"ImageObject","inLanguage":"de","@id":"https:\/\/newgarden.es\/de\/shop\/lightdeco-de\/pendelleuchten\/saona-50-kabellose-pendelleuchte\/#primaryimage","url":"https:\/\/newgarden.es\/wp-content\/uploads\/2021\/02\/SAONA_HANG_BATTERY_1200X1200-9.jpg","contentUrl":"https:\/\/newgarden.es\/wp-content\/uploads\/2021\/02\/SAONA_HANG_BATTERY_1200X1200-9.jpg","width":1200,"height":1200},{"@type":"BreadcrumbList","@id":"https:\/\/newgarden.es\/de\/shop\/lightdeco-de\/pendelleuchten\/saona-50-kabellose-pendelleuchte\/#breadcrumb","itemListElement":[{"@type":"ListItem","position":1,"name":"Home","item":"https:\/\/newgarden.es\/de\/"},{"@type":"ListItem","position":2,"name":"Shop","item":"https:\/\/newgarden.es\/de\/shop\/"},{"@type":"ListItem","position":3,"name":"SAONA 50 KABELLOSE PENDELLEUCHTE"}]},{"@type":"WebSite","@id":"https:\/\/newgarden.es\/#website","url":"https:\/\/newgarden.es\/","name":"Newgarden","description":"Be happy","potentialAction":[{"@type":"SearchAction","target":{"@type":"EntryPoint","urlTemplate":"https:\/\/newgarden.es\/?s={search_term_string}"},"query-input":{"@type":"PropertyValueSpecification","valueRequired":true,"valueName":"search_term_string"}}],"inLanguage":"de"}]}},"df_price":89,"df_sale_price":"","df_regular_price":89,"df_image_link":"https:\/\/newgarden.es\/wp-content\/uploads\/2021\/02\/SAONA_HANG_BATTERY_1200X1200-9-580x400.jpg","_links":{"self":[{"href":"https:\/\/newgarden.es\/de\/wp-json\/wp\/v2\/product\/33319"}],"collection":[{"href":"https:\/\/newgarden.es\/de\/wp-json\/wp\/v2\/product"}],"about":[{"href":"https:\/\/newgarden.es\/de\/wp-json\/wp\/v2\/types\/product"}],"wp:featuredmedia":[{"embeddable":true,"href":"https:\/\/newgarden.es\/de\/wp-json\/wp\/v2\/media\/57541"}],"wp:attachment":[{"href":"https:\/\/newgarden.es\/de\/wp-json\/wp\/v2\/media?parent=33319"}],"wp:term":[{"taxonomy":"product_cat","embeddable":true,"href":"https:\/\/newgarden.es\/de\/wp-json\/wp\/v2\/product_cat?post=33319"},{"taxonomy":"product_tag","embeddable":true,"href":"https:\/\/newgarden.es\/de\/wp-json\/wp\/v2\/product_tag?post=33319"}],"curies":[{"name":"wp","href":"https:\/\/api.w.org\/{rel}","templated":true}]}}