{"id":33320,"date":"2021-02-10T08:50:46","date_gmt":"2021-02-11T10:58:13","guid":{"rendered":"https:\/\/newgarden.es\/shop\/unkategorisiert\/greta-solarleuchte-5-lampen-in-1-weisse-farbe\/"},"modified":"2021-03-22T11:42:54","modified_gmt":"2021-03-22T10:42:54","slug":"greta-solarleuchte-5-lampen-in-1-weisse-farbe","status":"publish","type":"product","link":"https:\/\/newgarden.es\/de\/shop\/lightdeco-de\/tischlampe\/greta-solarleuchte-5-lampen-in-1-weisse-farbe\/","title":{"rendered":"GRETA SOLARLEUCHTE (5 LAMPEN IN 1) &#8211; WEISSE FARBE"},"content":{"rendered":"<section class=\"wpb-content-wrapper\"><p>[vc_row][vc_column][vc_column_text][\/vc_column_text][\/vc_column][\/vc_row][vc_row][vc_column][vc_column_text]Die Solarlampe Greta ist eine Revolution im Bereich der Gartenbeleuchtung, denn sie ist 5 Lampen in 1. Sie k\u00f6nnen eine Stehlampe, eine Tischlampe, einen Spie\u00df verstellbar in verschiedenen H\u00f6hen oder eine Wandlampe in einem einzigen Produkt genie\u00dfen. Sie m\u00fcssen nur die gew\u00fcnschte Version zusammenbauen. Es kann durch Sonnenlicht oder Micro-USB aufgeladen werden und hat zwei Z\u00fcndmodi: MANUELL oder AUTOMATISCH.<\/p>\n<p>Die Solarlampe Greta wird aus recyceltem Material aus den Ozeanen hergestellt. Sie ist ein nachhaltiges Produkt, das Plastikreststoff in Form einer Lampe ein neues Leben schenkt. Erh\u00e4ltlich in wei\u00df oder schwarz.[\/vc_column_text][\/vc_column][\/vc_row][vc_row][vc_column][vc_video link=&#8221;https:\/\/www.youtube.com\/watch?v=fY2xIXi5hOI&#8221;][\/vc_column][\/vc_row][vc_row][vc_column width=&#8221;1\/2&#8243;][vc_btn title=&#8221;Technisches Datenblatt&#8221; style=&#8221;custom&#8221; custom_background=&#8221;#009bc2&#8243; custom_text=&#8221;#ffffff&#8221; shape=&#8221;square&#8221; el_class=&#8221;btn_descargar_ficha&#8221; link=&#8221;url:https%3A%2F%2Fdrive.google.com%2Fdrive%2Ffolders%2F1sDi0RQageFE5E8dB3EKmUs4MuAXLT7y_|target:%20_blank|&#8221;][\/vc_column][vc_column width=&#8221;1\/2&#8243;][vc_btn title=&#8221;BEDIENUNGSANLEITUNG&#8221; style=&#8221;custom&#8221; custom_background=&#8221;#009bc2&#8243; custom_text=&#8221;#ffffff&#8221; shape=&#8221;square&#8221; el_class=&#8221;btn_descargar_ficha&#8221; link=&#8221;target:%20_blank|&#8221;][\/vc_column][\/vc_row]<\/p>\n<\/section>","protected":false},"excerpt":{"rendered":"<p>[vc_row][vc_column][vc_column_text][\/vc_column_text][\/vc_column][\/vc_row][vc_row][vc_column][vc_column_text]Die Solarlampe Greta ist eine Revolution im Bereich der Gartenbeleuchtung, denn sie ist 5 Lampen in 1. Sie k\u00f6nnen eine Stehlampe, eine Tischlampe, einen Spie\u00df verstellbar in verschiedenen H\u00f6hen oder<\/p>\n","protected":false},"featured_media":56947,"template":"","meta":[],"product_cat":[1696,763,767,764,1581,842,1589],"product_tag":[793,789],"class_list":{"0":"post-33320","1":"product","2":"type-product","3":"status-publish","4":"has-post-thumbnail","6":"product_cat-productos-de","7":"product_cat-lightdeco-de","8":"product_cat-stehlampe","9":"product_cat-tischlampe","10":"product_cat-baken-und-stacheln","11":"product_cat-wandlampe","12":"product_cat-innenbereich-de","13":"product_tag-drahtlose","14":"product_tag-solar-de","16":"first","17":"instock","18":"taxable","19":"shipping-taxable","20":"purchasable","21":"product-type-variable","22":"has-default-attributes"},"yoast_head":"<!-- This site is optimized with the Yoast SEO plugin v24.2 - https:\/\/yoast.com\/wordpress\/plugins\/seo\/ -->\n<title>GRETA SOLARLEUCHTE (5 LAMPEN IN 1) - WEISSE FARBE - Newgarden<\/title>\n<meta name=\"description\" content=\"Die Solarlampe Greta ist eine Revolution im Bereich der Gartenbeleuchtung, denn sie ist 5 Lampen in 1, wird aus recyceltem Material.\" \/>\n<meta name=\"robots\" content=\"index, follow, max-snippet:-1, max-image-preview:large, max-video-preview:-1\" \/>\n<link rel=\"canonical\" href=\"https:\/\/newgarden.es\/de\/shop\/lightdeco-de\/tischlampe\/greta-solarleuchte-5-lampen-in-1-weisse-farbe\/\" \/>\n<meta property=\"og:locale\" content=\"de_DE\" \/>\n<meta property=\"og:type\" content=\"article\" \/>\n<meta property=\"og:title\" content=\"GRETA SOLARLEUCHTE (5 LAMPEN IN 1) - WEISSE FARBE - Newgarden\" \/>\n<meta property=\"og:description\" content=\"Die Solarlampe Greta ist eine Revolution im Bereich der Gartenbeleuchtung, denn sie ist 5 Lampen in 1, wird aus recyceltem Material.\" \/>\n<meta property=\"og:url\" content=\"https:\/\/newgarden.es\/de\/shop\/lightdeco-de\/tischlampe\/greta-solarleuchte-5-lampen-in-1-weisse-farbe\/\" \/>\n<meta property=\"og:site_name\" content=\"Newgarden\" \/>\n<meta property=\"article:modified_time\" content=\"2021-03-22T10:42:54+00:00\" \/>\n<meta property=\"og:image\" content=\"https:\/\/newgarden.es\/wp-content\/uploads\/2021\/02\/GRETA_5X1_BATTERY_BW_1200X1200-7.jpg\" \/>\n\t<meta property=\"og:image:width\" content=\"1200\" \/>\n\t<meta property=\"og:image:height\" content=\"1200\" \/>\n\t<meta property=\"og:image:type\" content=\"image\/jpeg\" \/>\n<meta name=\"twitter:card\" content=\"summary_large_image\" \/>\n<meta name=\"twitter:label1\" content=\"Gesch\u00e4tzte Lesezeit\" \/>\n\t<meta name=\"twitter:data1\" content=\"1\u00a0Minute\" \/>\n<script type=\"application\/ld+json\" class=\"yoast-schema-graph\">{\"@context\":\"https:\/\/schema.org\",\"@graph\":[{\"@type\":\"WebPage\",\"@id\":\"https:\/\/newgarden.es\/de\/shop\/lightdeco-de\/tischlampe\/greta-solarleuchte-5-lampen-in-1-weisse-farbe\/\",\"url\":\"https:\/\/newgarden.es\/de\/shop\/lightdeco-de\/tischlampe\/greta-solarleuchte-5-lampen-in-1-weisse-farbe\/\",\"name\":\"GRETA SOLARLEUCHTE (5 LAMPEN IN 1) - WEISSE FARBE - Newgarden\",\"isPartOf\":{\"@id\":\"https:\/\/newgarden.es\/#website\"},\"primaryImageOfPage\":{\"@id\":\"https:\/\/newgarden.es\/de\/shop\/lightdeco-de\/tischlampe\/greta-solarleuchte-5-lampen-in-1-weisse-farbe\/#primaryimage\"},\"image\":{\"@id\":\"https:\/\/newgarden.es\/de\/shop\/lightdeco-de\/tischlampe\/greta-solarleuchte-5-lampen-in-1-weisse-farbe\/#primaryimage\"},\"thumbnailUrl\":\"https:\/\/newgarden.es\/wp-content\/uploads\/2021\/02\/GRETA_5X1_BATTERY_BW_1200X1200-7.jpg\",\"datePublished\":\"2021-02-11T10:58:13+00:00\",\"dateModified\":\"2021-03-22T10:42:54+00:00\",\"description\":\"Die Solarlampe Greta ist eine Revolution im Bereich der Gartenbeleuchtung, denn sie ist 5 Lampen in 1, wird aus recyceltem Material.\",\"breadcrumb\":{\"@id\":\"https:\/\/newgarden.es\/de\/shop\/lightdeco-de\/tischlampe\/greta-solarleuchte-5-lampen-in-1-weisse-farbe\/#breadcrumb\"},\"inLanguage\":\"de\",\"potentialAction\":[{\"@type\":\"ReadAction\",\"target\":[\"https:\/\/newgarden.es\/de\/shop\/lightdeco-de\/tischlampe\/greta-solarleuchte-5-lampen-in-1-weisse-farbe\/\"]}]},{\"@type\":\"ImageObject\",\"inLanguage\":\"de\",\"@id\":\"https:\/\/newgarden.es\/de\/shop\/lightdeco-de\/tischlampe\/greta-solarleuchte-5-lampen-in-1-weisse-farbe\/#primaryimage\",\"url\":\"https:\/\/newgarden.es\/wp-content\/uploads\/2021\/02\/GRETA_5X1_BATTERY_BW_1200X1200-7.jpg\",\"contentUrl\":\"https:\/\/newgarden.es\/wp-content\/uploads\/2021\/02\/GRETA_5X1_BATTERY_BW_1200X1200-7.jpg\",\"width\":1200,\"height\":1200},{\"@type\":\"BreadcrumbList\",\"@id\":\"https:\/\/newgarden.es\/de\/shop\/lightdeco-de\/tischlampe\/greta-solarleuchte-5-lampen-in-1-weisse-farbe\/#breadcrumb\",\"itemListElement\":[{\"@type\":\"ListItem\",\"position\":1,\"name\":\"Home\",\"item\":\"https:\/\/newgarden.es\/de\/\"},{\"@type\":\"ListItem\",\"position\":2,\"name\":\"Shop\",\"item\":\"https:\/\/newgarden.es\/de\/shop\/\"},{\"@type\":\"ListItem\",\"position\":3,\"name\":\"GRETA SOLARLEUCHTE (5 LAMPEN IN 1) &#8211; WEISSE FARBE\"}]},{\"@type\":\"WebSite\",\"@id\":\"https:\/\/newgarden.es\/#website\",\"url\":\"https:\/\/newgarden.es\/\",\"name\":\"Newgarden\",\"description\":\"Be happy\",\"potentialAction\":[{\"@type\":\"SearchAction\",\"target\":{\"@type\":\"EntryPoint\",\"urlTemplate\":\"https:\/\/newgarden.es\/?s={search_term_string}\"},\"query-input\":{\"@type\":\"PropertyValueSpecification\",\"valueRequired\":true,\"valueName\":\"search_term_string\"}}],\"inLanguage\":\"de\"}]}<\/script>\n<!-- \/ Yoast SEO plugin. -->","yoast_head_json":{"title":"GRETA SOLARLEUCHTE (5 LAMPEN IN 1) - WEISSE FARBE - Newgarden","description":"Die Solarlampe Greta ist eine Revolution im Bereich der Gartenbeleuchtung, denn sie ist 5 Lampen in 1, wird aus recyceltem Material.","robots":{"index":"index","follow":"follow","max-snippet":"max-snippet:-1","max-image-preview":"max-image-preview:large","max-video-preview":"max-video-preview:-1"},"canonical":"https:\/\/newgarden.es\/de\/shop\/lightdeco-de\/tischlampe\/greta-solarleuchte-5-lampen-in-1-weisse-farbe\/","og_locale":"de_DE","og_type":"article","og_title":"GRETA SOLARLEUCHTE (5 LAMPEN IN 1) - WEISSE FARBE - Newgarden","og_description":"Die Solarlampe Greta ist eine Revolution im Bereich der Gartenbeleuchtung, denn sie ist 5 Lampen in 1, wird aus recyceltem Material.","og_url":"https:\/\/newgarden.es\/de\/shop\/lightdeco-de\/tischlampe\/greta-solarleuchte-5-lampen-in-1-weisse-farbe\/","og_site_name":"Newgarden","article_modified_time":"2021-03-22T10:42:54+00:00","og_image":[{"width":1200,"height":1200,"url":"https:\/\/newgarden.es\/wp-content\/uploads\/2021\/02\/GRETA_5X1_BATTERY_BW_1200X1200-7.jpg","type":"image\/jpeg"}],"twitter_card":"summary_large_image","twitter_misc":{"Gesch\u00e4tzte Lesezeit":"1\u00a0Minute"},"schema":{"@context":"https:\/\/schema.org","@graph":[{"@type":"WebPage","@id":"https:\/\/newgarden.es\/de\/shop\/lightdeco-de\/tischlampe\/greta-solarleuchte-5-lampen-in-1-weisse-farbe\/","url":"https:\/\/newgarden.es\/de\/shop\/lightdeco-de\/tischlampe\/greta-solarleuchte-5-lampen-in-1-weisse-farbe\/","name":"GRETA SOLARLEUCHTE (5 LAMPEN IN 1) - WEISSE FARBE - Newgarden","isPartOf":{"@id":"https:\/\/newgarden.es\/#website"},"primaryImageOfPage":{"@id":"https:\/\/newgarden.es\/de\/shop\/lightdeco-de\/tischlampe\/greta-solarleuchte-5-lampen-in-1-weisse-farbe\/#primaryimage"},"image":{"@id":"https:\/\/newgarden.es\/de\/shop\/lightdeco-de\/tischlampe\/greta-solarleuchte-5-lampen-in-1-weisse-farbe\/#primaryimage"},"thumbnailUrl":"https:\/\/newgarden.es\/wp-content\/uploads\/2021\/02\/GRETA_5X1_BATTERY_BW_1200X1200-7.jpg","datePublished":"2021-02-11T10:58:13+00:00","dateModified":"2021-03-22T10:42:54+00:00","description":"Die Solarlampe Greta ist eine Revolution im Bereich der Gartenbeleuchtung, denn sie ist 5 Lampen in 1, wird aus recyceltem Material.","breadcrumb":{"@id":"https:\/\/newgarden.es\/de\/shop\/lightdeco-de\/tischlampe\/greta-solarleuchte-5-lampen-in-1-weisse-farbe\/#breadcrumb"},"inLanguage":"de","potentialAction":[{"@type":"ReadAction","target":["https:\/\/newgarden.es\/de\/shop\/lightdeco-de\/tischlampe\/greta-solarleuchte-5-lampen-in-1-weisse-farbe\/"]}]},{"@type":"ImageObject","inLanguage":"de","@id":"https:\/\/newgarden.es\/de\/shop\/lightdeco-de\/tischlampe\/greta-solarleuchte-5-lampen-in-1-weisse-farbe\/#primaryimage","url":"https:\/\/newgarden.es\/wp-content\/uploads\/2021\/02\/GRETA_5X1_BATTERY_BW_1200X1200-7.jpg","contentUrl":"https:\/\/newgarden.es\/wp-content\/uploads\/2021\/02\/GRETA_5X1_BATTERY_BW_1200X1200-7.jpg","width":1200,"height":1200},{"@type":"BreadcrumbList","@id":"https:\/\/newgarden.es\/de\/shop\/lightdeco-de\/tischlampe\/greta-solarleuchte-5-lampen-in-1-weisse-farbe\/#breadcrumb","itemListElement":[{"@type":"ListItem","position":1,"name":"Home","item":"https:\/\/newgarden.es\/de\/"},{"@type":"ListItem","position":2,"name":"Shop","item":"https:\/\/newgarden.es\/de\/shop\/"},{"@type":"ListItem","position":3,"name":"GRETA SOLARLEUCHTE (5 LAMPEN IN 1) &#8211; WEISSE FARBE"}]},{"@type":"WebSite","@id":"https:\/\/newgarden.es\/#website","url":"https:\/\/newgarden.es\/","name":"Newgarden","description":"Be happy","potentialAction":[{"@type":"SearchAction","target":{"@type":"EntryPoint","urlTemplate":"https:\/\/newgarden.es\/?s={search_term_string}"},"query-input":{"@type":"PropertyValueSpecification","valueRequired":true,"valueName":"search_term_string"}}],"inLanguage":"de"}]}},"df_price":29.9,"df_sale_price":"","df_regular_price":29.9,"df_image_link":"https:\/\/newgarden.es\/wp-content\/uploads\/2021\/02\/GRETA_5X1_BATTERY_BW_1200X1200-7-580x400.jpg","_links":{"self":[{"href":"https:\/\/newgarden.es\/de\/wp-json\/wp\/v2\/product\/33320"}],"collection":[{"href":"https:\/\/newgarden.es\/de\/wp-json\/wp\/v2\/product"}],"about":[{"href":"https:\/\/newgarden.es\/de\/wp-json\/wp\/v2\/types\/product"}],"wp:featuredmedia":[{"embeddable":true,"href":"https:\/\/newgarden.es\/de\/wp-json\/wp\/v2\/media\/56947"}],"wp:attachment":[{"href":"https:\/\/newgarden.es\/de\/wp-json\/wp\/v2\/media?parent=33320"}],"wp:term":[{"taxonomy":"product_cat","embeddable":true,"href":"https:\/\/newgarden.es\/de\/wp-json\/wp\/v2\/product_cat?post=33320"},{"taxonomy":"product_tag","embeddable":true,"href":"https:\/\/newgarden.es\/de\/wp-json\/wp\/v2\/product_tag?post=33320"}],"curies":[{"name":"wp","href":"https:\/\/api.w.org\/{rel}","templated":true}]}}