{"id":33323,"date":"2021-02-10T09:27:53","date_gmt":"2021-02-11T11:10:17","guid":{"rendered":"https:\/\/newgarden.es\/shop\/unkategorisiert\/kabellose-dekorative-lampe-bossa-30\/"},"modified":"2021-10-15T11:47:24","modified_gmt":"2021-10-15T09:47:24","slug":"kabellose-dekorative-lampe-bossa-30","status":"publish","type":"product","link":"https:\/\/newgarden.es\/de\/shop\/lightdeco-de\/tischlampe\/kabellose-dekorative-lampe-bossa-30\/","title":{"rendered":"KABELLOSE DEKORATIVE LAMPE BOSSA 30"},"content":{"rendered":"<section class=\"wpb-content-wrapper\"><p>[vc_row][vc_column][vc_column_text][\/vc_column_text][\/vc_column][\/vc_row][vc_row][vc_column][vc_column_text]Die kabellose Dekolampe Bossa 30 ist von Hand mit Naturfasern geflochten. Diese Lampe ist die perfekte Erg\u00e4nzung, um jeden Raum in Ihrem Haus oder Garten zu beleuchten und ihm einen nat\u00fcrlichen Touch zu verleihen.<\/p>\n<p>Sie verf\u00fcgt \u00fcber eine eingebaute, tragbare, wiederaufladbare 900-Lumen-Gl\u00fchlampe, die keine Installation erfordert. Sie m\u00fcssen sie nur in die N\u00e4he der Lampe bringen, sie haftet dank ihres Magnetfu\u00dfes. Diese Gl\u00fchbirne enth\u00e4lt auch eine Fernbedienung zum Ein- und Ausschalten und zur Regulierung der Intensit\u00e4t.<\/p>\n<p>Diese Leuchte ist Teil der BOSSA-Familie und kann mit einer Pendelleuchte kombiniert werden.[\/vc_column_text][vc_video link=&#8220;https:\/\/youtu.be\/Qf46mbdJniU&#8220;][\/vc_column][\/vc_row][vc_row][vc_column width=&#8220;1\/2&#8243;][vc_btn title=&#8220;Technisches Datenblatt&#8220; style=&#8220;custom&#8220; custom_background=&#8220;#009bc2&#8243; custom_text=&#8220;#ffffff&#8220; shape=&#8220;square&#8220; el_class=&#8220;btn_descargar_ficha&#8220; link=&#8220;url:https%3A%2F%2Fdrive.google.com%2Fdrive%2Ffolders%2F1cYIULp91R5JK8edFuepueOUKudk8iYJN|target:%20_blank|&#8220;][\/vc_column][vc_column width=&#8220;1\/2&#8243;][vc_btn title=&#8220;BEDIENUNGSANLEITUNG&#8220; style=&#8220;custom&#8220; custom_background=&#8220;#009bc2&#8243; custom_text=&#8220;#ffffff&#8220; shape=&#8220;square&#8220; el_class=&#8220;btn_descargar_ficha&#8220; link=&#8220;target:%20_blank|&#8220;][\/vc_column][\/vc_row]<\/p>\n<\/section>","protected":false},"excerpt":{"rendered":"<p>[vc_row][vc_column][vc_column_text][\/vc_column_text][\/vc_column][\/vc_row][vc_row][vc_column][vc_column_text]Die kabellose Dekolampe Bossa 30 ist von Hand mit Naturfasern geflochten. Diese Lampe ist die perfekte Erg\u00e4nzung, um jeden Raum in Ihrem Haus oder Garten zu beleuchten und ihm einen<\/p>\n","protected":false},"featured_media":61217,"template":"","meta":[],"product_cat":[1696,763,764,1589],"product_tag":[766,793],"class_list":{"0":"post-33323","1":"product","2":"type-product","3":"status-publish","4":"has-post-thumbnail","6":"product_cat-productos-de","7":"product_cat-lightdeco-de","8":"product_cat-tischlampe","9":"product_cat-innenbereich-de","10":"product_tag-batterie-de","11":"product_tag-drahtlose","13":"first","14":"instock","15":"taxable","16":"shipping-taxable","17":"purchasable","18":"product-type-variable","19":"has-default-attributes"},"yoast_head":"<!-- This site is optimized with the Yoast SEO plugin v24.2 - https:\/\/yoast.com\/wordpress\/plugins\/seo\/ -->\n<title>KABELLOSE DEKORATIVE LAMPE BOSSA 30 - Newgarden<\/title>\n<meta name=\"description\" content=\"Die Dekolampe Bossa 30 ist von Hand mit Naturfasern geflochten, ist die perfekte Erg\u00e4nzung, um jeden Raum in Ihrem Haus oder Garten zu beleuchten.\" \/>\n<meta name=\"robots\" content=\"index, follow, max-snippet:-1, max-image-preview:large, max-video-preview:-1\" \/>\n<link rel=\"canonical\" href=\"https:\/\/newgarden.es\/de\/shop\/lightdeco-de\/tischlampe\/kabellose-dekorative-lampe-bossa-30\/\" \/>\n<meta property=\"og:locale\" content=\"de_DE\" \/>\n<meta property=\"og:type\" content=\"article\" \/>\n<meta property=\"og:title\" content=\"KABELLOSE DEKORATIVE LAMPE BOSSA 30 - Newgarden\" \/>\n<meta property=\"og:description\" content=\"Die Dekolampe Bossa 30 ist von Hand mit Naturfasern geflochten, ist die perfekte Erg\u00e4nzung, um jeden Raum in Ihrem Haus oder Garten zu beleuchten.\" \/>\n<meta property=\"og:url\" content=\"https:\/\/newgarden.es\/de\/shop\/lightdeco-de\/tischlampe\/kabellose-dekorative-lampe-bossa-30\/\" \/>\n<meta property=\"og:site_name\" content=\"Newgarden\" \/>\n<meta property=\"article:modified_time\" content=\"2021-10-15T09:47:24+00:00\" \/>\n<meta property=\"og:image\" content=\"https:\/\/newgarden.es\/wp-content\/uploads\/2021\/02\/BOSSA_30_BATTERY_1200X1200-8.jpg\" \/>\n\t<meta property=\"og:image:width\" content=\"1200\" \/>\n\t<meta property=\"og:image:height\" content=\"1200\" \/>\n\t<meta property=\"og:image:type\" content=\"image\/jpeg\" \/>\n<meta name=\"twitter:card\" content=\"summary_large_image\" \/>\n<meta name=\"twitter:label1\" content=\"Gesch\u00e4tzte Lesezeit\" \/>\n\t<meta name=\"twitter:data1\" content=\"1\u00a0Minute\" \/>\n<script type=\"application\/ld+json\" class=\"yoast-schema-graph\">{\"@context\":\"https:\/\/schema.org\",\"@graph\":[{\"@type\":\"WebPage\",\"@id\":\"https:\/\/newgarden.es\/de\/shop\/lightdeco-de\/tischlampe\/kabellose-dekorative-lampe-bossa-30\/\",\"url\":\"https:\/\/newgarden.es\/de\/shop\/lightdeco-de\/tischlampe\/kabellose-dekorative-lampe-bossa-30\/\",\"name\":\"KABELLOSE DEKORATIVE LAMPE BOSSA 30 - Newgarden\",\"isPartOf\":{\"@id\":\"https:\/\/newgarden.es\/#website\"},\"primaryImageOfPage\":{\"@id\":\"https:\/\/newgarden.es\/de\/shop\/lightdeco-de\/tischlampe\/kabellose-dekorative-lampe-bossa-30\/#primaryimage\"},\"image\":{\"@id\":\"https:\/\/newgarden.es\/de\/shop\/lightdeco-de\/tischlampe\/kabellose-dekorative-lampe-bossa-30\/#primaryimage\"},\"thumbnailUrl\":\"https:\/\/newgarden.es\/wp-content\/uploads\/2021\/02\/BOSSA_30_BATTERY_1200X1200-8.jpg\",\"datePublished\":\"2021-02-11T11:10:17+00:00\",\"dateModified\":\"2021-10-15T09:47:24+00:00\",\"description\":\"Die Dekolampe Bossa 30 ist von Hand mit Naturfasern geflochten, ist die perfekte Erg\u00e4nzung, um jeden Raum in Ihrem Haus oder Garten zu beleuchten.\",\"breadcrumb\":{\"@id\":\"https:\/\/newgarden.es\/de\/shop\/lightdeco-de\/tischlampe\/kabellose-dekorative-lampe-bossa-30\/#breadcrumb\"},\"inLanguage\":\"de\",\"potentialAction\":[{\"@type\":\"ReadAction\",\"target\":[\"https:\/\/newgarden.es\/de\/shop\/lightdeco-de\/tischlampe\/kabellose-dekorative-lampe-bossa-30\/\"]}]},{\"@type\":\"ImageObject\",\"inLanguage\":\"de\",\"@id\":\"https:\/\/newgarden.es\/de\/shop\/lightdeco-de\/tischlampe\/kabellose-dekorative-lampe-bossa-30\/#primaryimage\",\"url\":\"https:\/\/newgarden.es\/wp-content\/uploads\/2021\/02\/BOSSA_30_BATTERY_1200X1200-8.jpg\",\"contentUrl\":\"https:\/\/newgarden.es\/wp-content\/uploads\/2021\/02\/BOSSA_30_BATTERY_1200X1200-8.jpg\",\"width\":1200,\"height\":1200},{\"@type\":\"BreadcrumbList\",\"@id\":\"https:\/\/newgarden.es\/de\/shop\/lightdeco-de\/tischlampe\/kabellose-dekorative-lampe-bossa-30\/#breadcrumb\",\"itemListElement\":[{\"@type\":\"ListItem\",\"position\":1,\"name\":\"Home\",\"item\":\"https:\/\/newgarden.es\/de\/\"},{\"@type\":\"ListItem\",\"position\":2,\"name\":\"Shop\",\"item\":\"https:\/\/newgarden.es\/de\/shop\/\"},{\"@type\":\"ListItem\",\"position\":3,\"name\":\"KABELLOSE DEKORATIVE LAMPE BOSSA 30\"}]},{\"@type\":\"WebSite\",\"@id\":\"https:\/\/newgarden.es\/#website\",\"url\":\"https:\/\/newgarden.es\/\",\"name\":\"Newgarden\",\"description\":\"Be happy\",\"potentialAction\":[{\"@type\":\"SearchAction\",\"target\":{\"@type\":\"EntryPoint\",\"urlTemplate\":\"https:\/\/newgarden.es\/?s={search_term_string}\"},\"query-input\":{\"@type\":\"PropertyValueSpecification\",\"valueRequired\":true,\"valueName\":\"search_term_string\"}}],\"inLanguage\":\"de\"}]}<\/script>\n<!-- \/ Yoast SEO plugin. -->","yoast_head_json":{"title":"KABELLOSE DEKORATIVE LAMPE BOSSA 30 - Newgarden","description":"Die Dekolampe Bossa 30 ist von Hand mit Naturfasern geflochten, ist die perfekte Erg\u00e4nzung, um jeden Raum in Ihrem Haus oder Garten zu beleuchten.","robots":{"index":"index","follow":"follow","max-snippet":"max-snippet:-1","max-image-preview":"max-image-preview:large","max-video-preview":"max-video-preview:-1"},"canonical":"https:\/\/newgarden.es\/de\/shop\/lightdeco-de\/tischlampe\/kabellose-dekorative-lampe-bossa-30\/","og_locale":"de_DE","og_type":"article","og_title":"KABELLOSE DEKORATIVE LAMPE BOSSA 30 - Newgarden","og_description":"Die Dekolampe Bossa 30 ist von Hand mit Naturfasern geflochten, ist die perfekte Erg\u00e4nzung, um jeden Raum in Ihrem Haus oder Garten zu beleuchten.","og_url":"https:\/\/newgarden.es\/de\/shop\/lightdeco-de\/tischlampe\/kabellose-dekorative-lampe-bossa-30\/","og_site_name":"Newgarden","article_modified_time":"2021-10-15T09:47:24+00:00","og_image":[{"width":1200,"height":1200,"url":"https:\/\/newgarden.es\/wp-content\/uploads\/2021\/02\/BOSSA_30_BATTERY_1200X1200-8.jpg","type":"image\/jpeg"}],"twitter_card":"summary_large_image","twitter_misc":{"Gesch\u00e4tzte Lesezeit":"1\u00a0Minute"},"schema":{"@context":"https:\/\/schema.org","@graph":[{"@type":"WebPage","@id":"https:\/\/newgarden.es\/de\/shop\/lightdeco-de\/tischlampe\/kabellose-dekorative-lampe-bossa-30\/","url":"https:\/\/newgarden.es\/de\/shop\/lightdeco-de\/tischlampe\/kabellose-dekorative-lampe-bossa-30\/","name":"KABELLOSE DEKORATIVE LAMPE BOSSA 30 - Newgarden","isPartOf":{"@id":"https:\/\/newgarden.es\/#website"},"primaryImageOfPage":{"@id":"https:\/\/newgarden.es\/de\/shop\/lightdeco-de\/tischlampe\/kabellose-dekorative-lampe-bossa-30\/#primaryimage"},"image":{"@id":"https:\/\/newgarden.es\/de\/shop\/lightdeco-de\/tischlampe\/kabellose-dekorative-lampe-bossa-30\/#primaryimage"},"thumbnailUrl":"https:\/\/newgarden.es\/wp-content\/uploads\/2021\/02\/BOSSA_30_BATTERY_1200X1200-8.jpg","datePublished":"2021-02-11T11:10:17+00:00","dateModified":"2021-10-15T09:47:24+00:00","description":"Die Dekolampe Bossa 30 ist von Hand mit Naturfasern geflochten, ist die perfekte Erg\u00e4nzung, um jeden Raum in Ihrem Haus oder Garten zu beleuchten.","breadcrumb":{"@id":"https:\/\/newgarden.es\/de\/shop\/lightdeco-de\/tischlampe\/kabellose-dekorative-lampe-bossa-30\/#breadcrumb"},"inLanguage":"de","potentialAction":[{"@type":"ReadAction","target":["https:\/\/newgarden.es\/de\/shop\/lightdeco-de\/tischlampe\/kabellose-dekorative-lampe-bossa-30\/"]}]},{"@type":"ImageObject","inLanguage":"de","@id":"https:\/\/newgarden.es\/de\/shop\/lightdeco-de\/tischlampe\/kabellose-dekorative-lampe-bossa-30\/#primaryimage","url":"https:\/\/newgarden.es\/wp-content\/uploads\/2021\/02\/BOSSA_30_BATTERY_1200X1200-8.jpg","contentUrl":"https:\/\/newgarden.es\/wp-content\/uploads\/2021\/02\/BOSSA_30_BATTERY_1200X1200-8.jpg","width":1200,"height":1200},{"@type":"BreadcrumbList","@id":"https:\/\/newgarden.es\/de\/shop\/lightdeco-de\/tischlampe\/kabellose-dekorative-lampe-bossa-30\/#breadcrumb","itemListElement":[{"@type":"ListItem","position":1,"name":"Home","item":"https:\/\/newgarden.es\/de\/"},{"@type":"ListItem","position":2,"name":"Shop","item":"https:\/\/newgarden.es\/de\/shop\/"},{"@type":"ListItem","position":3,"name":"KABELLOSE DEKORATIVE LAMPE BOSSA 30"}]},{"@type":"WebSite","@id":"https:\/\/newgarden.es\/#website","url":"https:\/\/newgarden.es\/","name":"Newgarden","description":"Be happy","potentialAction":[{"@type":"SearchAction","target":{"@type":"EntryPoint","urlTemplate":"https:\/\/newgarden.es\/?s={search_term_string}"},"query-input":{"@type":"PropertyValueSpecification","valueRequired":true,"valueName":"search_term_string"}}],"inLanguage":"de"}]}},"df_price":59,"df_sale_price":"","df_regular_price":59,"df_image_link":"https:\/\/newgarden.es\/wp-content\/uploads\/2021\/02\/BOSSA_30_BATTERY_1200X1200-8-580x400.jpg","_links":{"self":[{"href":"https:\/\/newgarden.es\/de\/wp-json\/wp\/v2\/product\/33323"}],"collection":[{"href":"https:\/\/newgarden.es\/de\/wp-json\/wp\/v2\/product"}],"about":[{"href":"https:\/\/newgarden.es\/de\/wp-json\/wp\/v2\/types\/product"}],"wp:featuredmedia":[{"embeddable":true,"href":"https:\/\/newgarden.es\/de\/wp-json\/wp\/v2\/media\/61217"}],"wp:attachment":[{"href":"https:\/\/newgarden.es\/de\/wp-json\/wp\/v2\/media?parent=33323"}],"wp:term":[{"taxonomy":"product_cat","embeddable":true,"href":"https:\/\/newgarden.es\/de\/wp-json\/wp\/v2\/product_cat?post=33323"},{"taxonomy":"product_tag","embeddable":true,"href":"https:\/\/newgarden.es\/de\/wp-json\/wp\/v2\/product_tag?post=33323"}],"curies":[{"name":"wp","href":"https:\/\/api.w.org\/{rel}","templated":true}]}}