{"id":33337,"date":"2021-02-10T17:26:59","date_gmt":"2021-02-11T15:06:19","guid":{"rendered":"https:\/\/newgarden.es\/shop\/unkategorisiert\/tragbare-wiederaufladbare-gluehbirne-cherry\/"},"modified":"2024-05-27T10:09:30","modified_gmt":"2024-05-27T08:09:30","slug":"tragbare-wiederaufladbare-gluehbirne-cherry","status":"publish","type":"product","link":"https:\/\/newgarden.es\/de\/shop\/lightdeco-de\/pendelleuchten\/tragbare-wiederaufladbare-gluehbirne-cherry\/","title":{"rendered":"TRAGBARE WIEDERAUFLADBARE GL\u00dcHBIRNE CHERRY"},"content":{"rendered":"<section class=\"wpb-content-wrapper\"><p>[vc_row][vc_column][vc_column_text][\/vc_column_text][\/vc_column][\/vc_row][vc_row][vc_column][vc_column_text]Die Cherry tragbare, wiederaufladbare Gl\u00fchbirne ben\u00f6tigt keine Installation, Sie m\u00fcssen sie nur aufh\u00e4ngen oder in die N\u00e4he einer Metallfl\u00e4che bringen und sie haftet aufgrund ihres magnetisierten Sockels.<\/p>\n<p>Diese Gl\u00fchbirne enth\u00e4lt auch eine Fernbedienung zum Ein- und Ausschalten und zur Regulierung der Intensit\u00e4t.<\/p>\n<p>Sie hat 900 Lumen und eine Betriebsdauer zwischen 6 und 20 Stunden, je nach Intensit\u00e4t.[\/vc_column_text][vc_video link=&#8220;https:\/\/youtu.be\/Zo0FlNN_K5U&#8220;][\/vc_column][\/vc_row][vc_row][vc_column width=&#8220;1\/2&#8243;][vc_btn title=&#8220;Technisches Datenblatt&#8220; style=&#8220;custom&#8220; custom_background=&#8220;#009bc2&#8243; custom_text=&#8220;#ffffff&#8220; shape=&#8220;square&#8220; link=&#8220;url:https%3A%2F%2Fbit.ly%2F3bkqXNr|target:%20_blank|&#8220; el_class=&#8220;btn_descargar_ficha&#8220;][vc_btn title=&#8220;TECHNISCHES DATENBLATT BEIGE&#8220; style=&#8220;custom&#8220; custom_background=&#8220;#009bc2&#8243; custom_text=&#8220;#ffffff&#8220; shape=&#8220;square&#8220; link=&#8220;url:https%3A%2F%2Fbit.ly%2F39OBHTK|target:%20_blank|&#8220; el_class=&#8220;btn_descargar_ficha&#8220;][\/vc_column][vc_column width=&#8220;1\/2&#8243;][vc_btn title=&#8220;BEDIENUNGSANLEITUNG&#8220; style=&#8220;custom&#8220; custom_background=&#8220;#009bc2&#8243; custom_text=&#8220;#ffffff&#8220; shape=&#8220;square&#8220; link=&#8220;url:https%3A%2F%2Fbit.ly%2F3SrOahG|target:%20_blank|&#8220; el_class=&#8220;btn_descargar_ficha&#8220;][vc_btn title=&#8220;BEDIENUNGSANLEITUNG&#8220; style=&#8220;custom&#8220; custom_background=&#8220;#009bc2&#8243; custom_text=&#8220;#ffffff&#8220; shape=&#8220;square&#8220; link=&#8220;url:https%3A%2F%2Fbit.ly%2F3zz3qAr|target:%20_blank|&#8220; el_class=&#8220;btn_descargar_ficha&#8220;][\/vc_column][vc_column][\/vc_column][\/vc_row]<\/p>\n<\/section>","protected":false},"excerpt":{"rendered":"<p>[vc_row][vc_column][vc_column_text][\/vc_column_text][\/vc_column][\/vc_row][vc_row][vc_column][vc_column_text]Die Cherry tragbare, wiederaufladbare Gl\u00fchbirne ben\u00f6tigt keine Installation, Sie m\u00fcssen sie nur aufh\u00e4ngen oder in die N\u00e4he einer Metallfl\u00e4che bringen und sie haftet aufgrund ihres magnetisierten Sockels. Diese Gl\u00fchbirne enth\u00e4lt<\/p>\n","protected":false},"featured_media":56997,"template":"","meta":[],"product_cat":[763,842,826,819],"product_tag":[766,793],"class_list":{"0":"post-33337","1":"product","2":"type-product","3":"status-publish","4":"has-post-thumbnail","6":"product_cat-lightdeco-de","7":"product_cat-wandlampe","8":"product_cat-tragbares","9":"product_cat-pendelleuchten","10":"product_tag-batterie-de","11":"product_tag-drahtlose","13":"first","14":"instock","15":"taxable","16":"shipping-taxable","17":"purchasable","18":"product-type-variable"},"yoast_head":"<!-- This site is optimized with the Yoast SEO plugin v24.2 - https:\/\/yoast.com\/wordpress\/plugins\/seo\/ -->\n<title>TRAGBARE WIEDERAUFLADBARE GL\u00dcHBIRNE CHERRY - Newgarden<\/title>\n<meta name=\"description\" content=\"Die Cherry tragbare, wiederaufladbare Gl\u00fchbirne ben\u00f6tigt keine Installation, Sie m\u00fcssen sie nur aufh\u00e4ngen oder in die N\u00e4he einer Metallfl\u00e4che bringen und sie haftet aufgrund ihres magnetisierten Sockels.\" \/>\n<meta name=\"robots\" content=\"index, follow, max-snippet:-1, max-image-preview:large, max-video-preview:-1\" \/>\n<link rel=\"canonical\" href=\"https:\/\/newgarden.es\/de\/shop\/lightdeco-de\/pendelleuchten\/tragbare-wiederaufladbare-gluehbirne-cherry\/\" \/>\n<meta property=\"og:locale\" content=\"de_DE\" \/>\n<meta property=\"og:type\" content=\"article\" \/>\n<meta property=\"og:title\" content=\"TRAGBARE WIEDERAUFLADBARE GL\u00dcHBIRNE CHERRY - Newgarden\" \/>\n<meta property=\"og:description\" content=\"Die Cherry tragbare, wiederaufladbare Gl\u00fchbirne ben\u00f6tigt keine Installation, Sie m\u00fcssen sie nur aufh\u00e4ngen oder in die N\u00e4he einer Metallfl\u00e4che bringen und sie haftet aufgrund ihres magnetisierten Sockels.\" \/>\n<meta property=\"og:url\" content=\"https:\/\/newgarden.es\/de\/shop\/lightdeco-de\/pendelleuchten\/tragbare-wiederaufladbare-gluehbirne-cherry\/\" \/>\n<meta property=\"og:site_name\" content=\"Newgarden\" \/>\n<meta property=\"article:modified_time\" content=\"2024-05-27T08:09:30+00:00\" \/>\n<meta property=\"og:image\" content=\"https:\/\/newgarden.es\/wp-content\/uploads\/2021\/02\/CHERRY_BULB_BATTERY_1200X1200-5.jpg\" \/>\n\t<meta property=\"og:image:width\" content=\"1200\" \/>\n\t<meta property=\"og:image:height\" content=\"1200\" \/>\n\t<meta property=\"og:image:type\" content=\"image\/jpeg\" \/>\n<meta name=\"twitter:card\" content=\"summary_large_image\" \/>\n<meta name=\"twitter:label1\" content=\"Gesch\u00e4tzte Lesezeit\" \/>\n\t<meta name=\"twitter:data1\" content=\"1\u00a0Minute\" \/>\n<script type=\"application\/ld+json\" class=\"yoast-schema-graph\">{\"@context\":\"https:\/\/schema.org\",\"@graph\":[{\"@type\":\"WebPage\",\"@id\":\"https:\/\/newgarden.es\/de\/shop\/lightdeco-de\/pendelleuchten\/tragbare-wiederaufladbare-gluehbirne-cherry\/\",\"url\":\"https:\/\/newgarden.es\/de\/shop\/lightdeco-de\/pendelleuchten\/tragbare-wiederaufladbare-gluehbirne-cherry\/\",\"name\":\"TRAGBARE WIEDERAUFLADBARE GL\u00dcHBIRNE CHERRY - Newgarden\",\"isPartOf\":{\"@id\":\"https:\/\/newgarden.es\/#website\"},\"primaryImageOfPage\":{\"@id\":\"https:\/\/newgarden.es\/de\/shop\/lightdeco-de\/pendelleuchten\/tragbare-wiederaufladbare-gluehbirne-cherry\/#primaryimage\"},\"image\":{\"@id\":\"https:\/\/newgarden.es\/de\/shop\/lightdeco-de\/pendelleuchten\/tragbare-wiederaufladbare-gluehbirne-cherry\/#primaryimage\"},\"thumbnailUrl\":\"https:\/\/newgarden.es\/wp-content\/uploads\/2021\/02\/CHERRY_BULB_BATTERY_1200X1200-5.jpg\",\"datePublished\":\"2021-02-11T15:06:19+00:00\",\"dateModified\":\"2024-05-27T08:09:30+00:00\",\"description\":\"Die Cherry tragbare, wiederaufladbare Gl\u00fchbirne ben\u00f6tigt keine Installation, Sie m\u00fcssen sie nur aufh\u00e4ngen oder in die N\u00e4he einer Metallfl\u00e4che bringen und sie haftet aufgrund ihres magnetisierten Sockels.\",\"breadcrumb\":{\"@id\":\"https:\/\/newgarden.es\/de\/shop\/lightdeco-de\/pendelleuchten\/tragbare-wiederaufladbare-gluehbirne-cherry\/#breadcrumb\"},\"inLanguage\":\"de\",\"potentialAction\":[{\"@type\":\"ReadAction\",\"target\":[\"https:\/\/newgarden.es\/de\/shop\/lightdeco-de\/pendelleuchten\/tragbare-wiederaufladbare-gluehbirne-cherry\/\"]}]},{\"@type\":\"ImageObject\",\"inLanguage\":\"de\",\"@id\":\"https:\/\/newgarden.es\/de\/shop\/lightdeco-de\/pendelleuchten\/tragbare-wiederaufladbare-gluehbirne-cherry\/#primaryimage\",\"url\":\"https:\/\/newgarden.es\/wp-content\/uploads\/2021\/02\/CHERRY_BULB_BATTERY_1200X1200-5.jpg\",\"contentUrl\":\"https:\/\/newgarden.es\/wp-content\/uploads\/2021\/02\/CHERRY_BULB_BATTERY_1200X1200-5.jpg\",\"width\":1200,\"height\":1200},{\"@type\":\"BreadcrumbList\",\"@id\":\"https:\/\/newgarden.es\/de\/shop\/lightdeco-de\/pendelleuchten\/tragbare-wiederaufladbare-gluehbirne-cherry\/#breadcrumb\",\"itemListElement\":[{\"@type\":\"ListItem\",\"position\":1,\"name\":\"Home\",\"item\":\"https:\/\/newgarden.es\/de\/\"},{\"@type\":\"ListItem\",\"position\":2,\"name\":\"Shop\",\"item\":\"https:\/\/newgarden.es\/de\/shop\/\"},{\"@type\":\"ListItem\",\"position\":3,\"name\":\"TRAGBARE WIEDERAUFLADBARE GL\u00dcHBIRNE CHERRY\"}]},{\"@type\":\"WebSite\",\"@id\":\"https:\/\/newgarden.es\/#website\",\"url\":\"https:\/\/newgarden.es\/\",\"name\":\"Newgarden\",\"description\":\"Be happy\",\"potentialAction\":[{\"@type\":\"SearchAction\",\"target\":{\"@type\":\"EntryPoint\",\"urlTemplate\":\"https:\/\/newgarden.es\/?s={search_term_string}\"},\"query-input\":{\"@type\":\"PropertyValueSpecification\",\"valueRequired\":true,\"valueName\":\"search_term_string\"}}],\"inLanguage\":\"de\"}]}<\/script>\n<!-- \/ Yoast SEO plugin. -->","yoast_head_json":{"title":"TRAGBARE WIEDERAUFLADBARE GL\u00dcHBIRNE CHERRY - Newgarden","description":"Die Cherry tragbare, wiederaufladbare Gl\u00fchbirne ben\u00f6tigt keine Installation, Sie m\u00fcssen sie nur aufh\u00e4ngen oder in die N\u00e4he einer Metallfl\u00e4che bringen und sie haftet aufgrund ihres magnetisierten Sockels.","robots":{"index":"index","follow":"follow","max-snippet":"max-snippet:-1","max-image-preview":"max-image-preview:large","max-video-preview":"max-video-preview:-1"},"canonical":"https:\/\/newgarden.es\/de\/shop\/lightdeco-de\/pendelleuchten\/tragbare-wiederaufladbare-gluehbirne-cherry\/","og_locale":"de_DE","og_type":"article","og_title":"TRAGBARE WIEDERAUFLADBARE GL\u00dcHBIRNE CHERRY - Newgarden","og_description":"Die Cherry tragbare, wiederaufladbare Gl\u00fchbirne ben\u00f6tigt keine Installation, Sie m\u00fcssen sie nur aufh\u00e4ngen oder in die N\u00e4he einer Metallfl\u00e4che bringen und sie haftet aufgrund ihres magnetisierten Sockels.","og_url":"https:\/\/newgarden.es\/de\/shop\/lightdeco-de\/pendelleuchten\/tragbare-wiederaufladbare-gluehbirne-cherry\/","og_site_name":"Newgarden","article_modified_time":"2024-05-27T08:09:30+00:00","og_image":[{"width":1200,"height":1200,"url":"https:\/\/newgarden.es\/wp-content\/uploads\/2021\/02\/CHERRY_BULB_BATTERY_1200X1200-5.jpg","type":"image\/jpeg"}],"twitter_card":"summary_large_image","twitter_misc":{"Gesch\u00e4tzte Lesezeit":"1\u00a0Minute"},"schema":{"@context":"https:\/\/schema.org","@graph":[{"@type":"WebPage","@id":"https:\/\/newgarden.es\/de\/shop\/lightdeco-de\/pendelleuchten\/tragbare-wiederaufladbare-gluehbirne-cherry\/","url":"https:\/\/newgarden.es\/de\/shop\/lightdeco-de\/pendelleuchten\/tragbare-wiederaufladbare-gluehbirne-cherry\/","name":"TRAGBARE WIEDERAUFLADBARE GL\u00dcHBIRNE CHERRY - Newgarden","isPartOf":{"@id":"https:\/\/newgarden.es\/#website"},"primaryImageOfPage":{"@id":"https:\/\/newgarden.es\/de\/shop\/lightdeco-de\/pendelleuchten\/tragbare-wiederaufladbare-gluehbirne-cherry\/#primaryimage"},"image":{"@id":"https:\/\/newgarden.es\/de\/shop\/lightdeco-de\/pendelleuchten\/tragbare-wiederaufladbare-gluehbirne-cherry\/#primaryimage"},"thumbnailUrl":"https:\/\/newgarden.es\/wp-content\/uploads\/2021\/02\/CHERRY_BULB_BATTERY_1200X1200-5.jpg","datePublished":"2021-02-11T15:06:19+00:00","dateModified":"2024-05-27T08:09:30+00:00","description":"Die Cherry tragbare, wiederaufladbare Gl\u00fchbirne ben\u00f6tigt keine Installation, Sie m\u00fcssen sie nur aufh\u00e4ngen oder in die N\u00e4he einer Metallfl\u00e4che bringen und sie haftet aufgrund ihres magnetisierten Sockels.","breadcrumb":{"@id":"https:\/\/newgarden.es\/de\/shop\/lightdeco-de\/pendelleuchten\/tragbare-wiederaufladbare-gluehbirne-cherry\/#breadcrumb"},"inLanguage":"de","potentialAction":[{"@type":"ReadAction","target":["https:\/\/newgarden.es\/de\/shop\/lightdeco-de\/pendelleuchten\/tragbare-wiederaufladbare-gluehbirne-cherry\/"]}]},{"@type":"ImageObject","inLanguage":"de","@id":"https:\/\/newgarden.es\/de\/shop\/lightdeco-de\/pendelleuchten\/tragbare-wiederaufladbare-gluehbirne-cherry\/#primaryimage","url":"https:\/\/newgarden.es\/wp-content\/uploads\/2021\/02\/CHERRY_BULB_BATTERY_1200X1200-5.jpg","contentUrl":"https:\/\/newgarden.es\/wp-content\/uploads\/2021\/02\/CHERRY_BULB_BATTERY_1200X1200-5.jpg","width":1200,"height":1200},{"@type":"BreadcrumbList","@id":"https:\/\/newgarden.es\/de\/shop\/lightdeco-de\/pendelleuchten\/tragbare-wiederaufladbare-gluehbirne-cherry\/#breadcrumb","itemListElement":[{"@type":"ListItem","position":1,"name":"Home","item":"https:\/\/newgarden.es\/de\/"},{"@type":"ListItem","position":2,"name":"Shop","item":"https:\/\/newgarden.es\/de\/shop\/"},{"@type":"ListItem","position":3,"name":"TRAGBARE WIEDERAUFLADBARE GL\u00dcHBIRNE CHERRY"}]},{"@type":"WebSite","@id":"https:\/\/newgarden.es\/#website","url":"https:\/\/newgarden.es\/","name":"Newgarden","description":"Be happy","potentialAction":[{"@type":"SearchAction","target":{"@type":"EntryPoint","urlTemplate":"https:\/\/newgarden.es\/?s={search_term_string}"},"query-input":{"@type":"PropertyValueSpecification","valueRequired":true,"valueName":"search_term_string"}}],"inLanguage":"de"}]}},"df_price":26,"df_sale_price":"","df_regular_price":26,"df_image_link":"https:\/\/newgarden.es\/wp-content\/uploads\/2021\/02\/CHERRY_BULB_BATTERY_1200X1200-5-580x400.jpg","_links":{"self":[{"href":"https:\/\/newgarden.es\/de\/wp-json\/wp\/v2\/product\/33337"}],"collection":[{"href":"https:\/\/newgarden.es\/de\/wp-json\/wp\/v2\/product"}],"about":[{"href":"https:\/\/newgarden.es\/de\/wp-json\/wp\/v2\/types\/product"}],"wp:featuredmedia":[{"embeddable":true,"href":"https:\/\/newgarden.es\/de\/wp-json\/wp\/v2\/media\/56997"}],"wp:attachment":[{"href":"https:\/\/newgarden.es\/de\/wp-json\/wp\/v2\/media?parent=33337"}],"wp:term":[{"taxonomy":"product_cat","embeddable":true,"href":"https:\/\/newgarden.es\/de\/wp-json\/wp\/v2\/product_cat?post=33337"},{"taxonomy":"product_tag","embeddable":true,"href":"https:\/\/newgarden.es\/de\/wp-json\/wp\/v2\/product_tag?post=33337"}],"curies":[{"name":"wp","href":"https:\/\/api.w.org\/{rel}","templated":true}]}}