{"id":33340,"date":"2021-02-10T17:26:56","date_gmt":"2021-02-11T15:10:10","guid":{"rendered":"https:\/\/newgarden.es\/shop\/unkategorisiert\/runder-blumentopf-azalea-40-farbe\/"},"modified":"2024-06-18T13:03:33","modified_gmt":"2024-06-18T11:03:33","slug":"runder-blumentopf-azalea-40-farbe","status":"publish","type":"product","link":"https:\/\/newgarden.es\/de\/shop\/blumentopfs\/blumentopfs-ohne-beleuchtung\/runder-blumentopf-azalea-40-farbe\/","title":{"rendered":"RUNDER BLUMENTOPF AZALEA 40 FARBE"},"content":{"rendered":"<section class=\"wpb-content-wrapper\"><p>[vc_row][vc_column][vc_column_text][\/vc_column_text][\/vc_column][\/vc_row][vc_row][vc_column][vc_column_text]Runder Blumentopf Azalea 40: Es handelt sich um einen runden Blumentopf mit einer guten Pflanzunterlage. Abgerundete Linien und strukturiert in glatter Ausf\u00fchrung.<\/p>\n<p>Erh\u00e4ltlich in verschiedenen Gr\u00f6\u00dfen und Farben.[\/vc_column_text][\/vc_column][\/vc_row][vc_row][vc_column][vc_btn title=&#8220;Technisches Datenblatt&#8220; style=&#8220;custom&#8220; custom_background=&#8220;#009bc2&#8243; custom_text=&#8220;#ffffff&#8220; link=&#8220;url:https%3A%2F%2Fbit.ly%2F3HJHBC5|&#8220;][\/vc_column][\/vc_row]<\/p>\n<\/section>","protected":false},"excerpt":{"rendered":"<p>[vc_row][vc_column][vc_column_text][\/vc_column_text][\/vc_column][\/vc_row][vc_row][vc_column][vc_column_text]Runder Blumentopf Azalea 40: Es handelt sich um einen runden Blumentopf mit einer guten Pflanzunterlage. Abgerundete Linien und strukturiert in glatter Ausf\u00fchrung. Erh\u00e4ltlich in verschiedenen Gr\u00f6\u00dfen und Farben.[\/vc_column_text][\/vc_column][\/vc_row][vc_row][vc_column][vc_btn title=&#8220;Technisches Datenblatt&#8220;<\/p>\n","protected":false},"featured_media":65408,"template":"","meta":[],"product_cat":[783,806,1594],"product_tag":[],"class_list":{"0":"post-33340","1":"product","2":"type-product","3":"status-publish","4":"has-post-thumbnail","6":"product_cat-blumentopfs","7":"product_cat-blumentopfs-ohne-beleuchtung","8":"product_cat-runde-blumentopfs","10":"first","11":"instock","12":"taxable","13":"shipping-taxable","14":"purchasable","15":"product-type-variable"},"yoast_head":"<!-- This site is optimized with the Yoast SEO plugin v24.2 - https:\/\/yoast.com\/wordpress\/plugins\/seo\/ -->\n<title>RUNDER BLUMENTOPF AZALEA 40 FARBE - Newgarden<\/title>\n<meta name=\"description\" content=\"Runder Blumentopf Azalea 40: Es handelt sich um einen runden Blumentopf mit einer guten Pflanzunterlage. Abgerundete Linien und strukturiert in glatter Ausf\u00fchrung.\" \/>\n<meta name=\"robots\" content=\"index, follow, max-snippet:-1, max-image-preview:large, max-video-preview:-1\" \/>\n<link rel=\"canonical\" href=\"https:\/\/newgarden.es\/de\/shop\/blumentopfs\/blumentopfs-ohne-beleuchtung\/runder-blumentopf-azalea-40-farbe\/\" \/>\n<meta property=\"og:locale\" content=\"de_DE\" \/>\n<meta property=\"og:type\" content=\"article\" \/>\n<meta property=\"og:title\" content=\"RUNDER BLUMENTOPF AZALEA 40 FARBE - Newgarden\" \/>\n<meta property=\"og:description\" content=\"Runder Blumentopf Azalea 40: Es handelt sich um einen runden Blumentopf mit einer guten Pflanzunterlage. Abgerundete Linien und strukturiert in glatter Ausf\u00fchrung.\" \/>\n<meta property=\"og:url\" content=\"https:\/\/newgarden.es\/de\/shop\/blumentopfs\/blumentopfs-ohne-beleuchtung\/runder-blumentopf-azalea-40-farbe\/\" \/>\n<meta property=\"og:site_name\" content=\"Newgarden\" \/>\n<meta property=\"article:modified_time\" content=\"2024-06-18T11:03:33+00:00\" \/>\n<meta property=\"og:image\" content=\"https:\/\/newgarden.es\/wp-content\/uploads\/2021\/02\/AZALEA_1200X1200-2.jpg\" \/>\n\t<meta property=\"og:image:width\" content=\"1200\" \/>\n\t<meta property=\"og:image:height\" content=\"1200\" \/>\n\t<meta property=\"og:image:type\" content=\"image\/jpeg\" \/>\n<meta name=\"twitter:card\" content=\"summary_large_image\" \/>\n<script type=\"application\/ld+json\" class=\"yoast-schema-graph\">{\"@context\":\"https:\/\/schema.org\",\"@graph\":[{\"@type\":\"WebPage\",\"@id\":\"https:\/\/newgarden.es\/de\/shop\/blumentopfs\/blumentopfs-ohne-beleuchtung\/runder-blumentopf-azalea-40-farbe\/\",\"url\":\"https:\/\/newgarden.es\/de\/shop\/blumentopfs\/blumentopfs-ohne-beleuchtung\/runder-blumentopf-azalea-40-farbe\/\",\"name\":\"RUNDER BLUMENTOPF AZALEA 40 FARBE - Newgarden\",\"isPartOf\":{\"@id\":\"https:\/\/newgarden.es\/#website\"},\"primaryImageOfPage\":{\"@id\":\"https:\/\/newgarden.es\/de\/shop\/blumentopfs\/blumentopfs-ohne-beleuchtung\/runder-blumentopf-azalea-40-farbe\/#primaryimage\"},\"image\":{\"@id\":\"https:\/\/newgarden.es\/de\/shop\/blumentopfs\/blumentopfs-ohne-beleuchtung\/runder-blumentopf-azalea-40-farbe\/#primaryimage\"},\"thumbnailUrl\":\"https:\/\/newgarden.es\/wp-content\/uploads\/2021\/02\/AZALEA_1200X1200-2.jpg\",\"datePublished\":\"2021-02-11T15:10:10+00:00\",\"dateModified\":\"2024-06-18T11:03:33+00:00\",\"description\":\"Runder Blumentopf Azalea 40: Es handelt sich um einen runden Blumentopf mit einer guten Pflanzunterlage. Abgerundete Linien und strukturiert in glatter Ausf\u00fchrung.\",\"breadcrumb\":{\"@id\":\"https:\/\/newgarden.es\/de\/shop\/blumentopfs\/blumentopfs-ohne-beleuchtung\/runder-blumentopf-azalea-40-farbe\/#breadcrumb\"},\"inLanguage\":\"de\",\"potentialAction\":[{\"@type\":\"ReadAction\",\"target\":[\"https:\/\/newgarden.es\/de\/shop\/blumentopfs\/blumentopfs-ohne-beleuchtung\/runder-blumentopf-azalea-40-farbe\/\"]}]},{\"@type\":\"ImageObject\",\"inLanguage\":\"de\",\"@id\":\"https:\/\/newgarden.es\/de\/shop\/blumentopfs\/blumentopfs-ohne-beleuchtung\/runder-blumentopf-azalea-40-farbe\/#primaryimage\",\"url\":\"https:\/\/newgarden.es\/wp-content\/uploads\/2021\/02\/AZALEA_1200X1200-2.jpg\",\"contentUrl\":\"https:\/\/newgarden.es\/wp-content\/uploads\/2021\/02\/AZALEA_1200X1200-2.jpg\",\"width\":1200,\"height\":1200},{\"@type\":\"BreadcrumbList\",\"@id\":\"https:\/\/newgarden.es\/de\/shop\/blumentopfs\/blumentopfs-ohne-beleuchtung\/runder-blumentopf-azalea-40-farbe\/#breadcrumb\",\"itemListElement\":[{\"@type\":\"ListItem\",\"position\":1,\"name\":\"Home\",\"item\":\"https:\/\/newgarden.es\/de\/\"},{\"@type\":\"ListItem\",\"position\":2,\"name\":\"Shop\",\"item\":\"https:\/\/newgarden.es\/de\/shop\/\"},{\"@type\":\"ListItem\",\"position\":3,\"name\":\"RUNDER BLUMENTOPF AZALEA 40 FARBE\"}]},{\"@type\":\"WebSite\",\"@id\":\"https:\/\/newgarden.es\/#website\",\"url\":\"https:\/\/newgarden.es\/\",\"name\":\"Newgarden\",\"description\":\"Be happy\",\"potentialAction\":[{\"@type\":\"SearchAction\",\"target\":{\"@type\":\"EntryPoint\",\"urlTemplate\":\"https:\/\/newgarden.es\/?s={search_term_string}\"},\"query-input\":{\"@type\":\"PropertyValueSpecification\",\"valueRequired\":true,\"valueName\":\"search_term_string\"}}],\"inLanguage\":\"de\"}]}<\/script>\n<!-- \/ Yoast SEO plugin. -->","yoast_head_json":{"title":"RUNDER BLUMENTOPF AZALEA 40 FARBE - Newgarden","description":"Runder Blumentopf Azalea 40: Es handelt sich um einen runden Blumentopf mit einer guten Pflanzunterlage. Abgerundete Linien und strukturiert in glatter Ausf\u00fchrung.","robots":{"index":"index","follow":"follow","max-snippet":"max-snippet:-1","max-image-preview":"max-image-preview:large","max-video-preview":"max-video-preview:-1"},"canonical":"https:\/\/newgarden.es\/de\/shop\/blumentopfs\/blumentopfs-ohne-beleuchtung\/runder-blumentopf-azalea-40-farbe\/","og_locale":"de_DE","og_type":"article","og_title":"RUNDER BLUMENTOPF AZALEA 40 FARBE - Newgarden","og_description":"Runder Blumentopf Azalea 40: Es handelt sich um einen runden Blumentopf mit einer guten Pflanzunterlage. Abgerundete Linien und strukturiert in glatter Ausf\u00fchrung.","og_url":"https:\/\/newgarden.es\/de\/shop\/blumentopfs\/blumentopfs-ohne-beleuchtung\/runder-blumentopf-azalea-40-farbe\/","og_site_name":"Newgarden","article_modified_time":"2024-06-18T11:03:33+00:00","og_image":[{"width":1200,"height":1200,"url":"https:\/\/newgarden.es\/wp-content\/uploads\/2021\/02\/AZALEA_1200X1200-2.jpg","type":"image\/jpeg"}],"twitter_card":"summary_large_image","schema":{"@context":"https:\/\/schema.org","@graph":[{"@type":"WebPage","@id":"https:\/\/newgarden.es\/de\/shop\/blumentopfs\/blumentopfs-ohne-beleuchtung\/runder-blumentopf-azalea-40-farbe\/","url":"https:\/\/newgarden.es\/de\/shop\/blumentopfs\/blumentopfs-ohne-beleuchtung\/runder-blumentopf-azalea-40-farbe\/","name":"RUNDER BLUMENTOPF AZALEA 40 FARBE - Newgarden","isPartOf":{"@id":"https:\/\/newgarden.es\/#website"},"primaryImageOfPage":{"@id":"https:\/\/newgarden.es\/de\/shop\/blumentopfs\/blumentopfs-ohne-beleuchtung\/runder-blumentopf-azalea-40-farbe\/#primaryimage"},"image":{"@id":"https:\/\/newgarden.es\/de\/shop\/blumentopfs\/blumentopfs-ohne-beleuchtung\/runder-blumentopf-azalea-40-farbe\/#primaryimage"},"thumbnailUrl":"https:\/\/newgarden.es\/wp-content\/uploads\/2021\/02\/AZALEA_1200X1200-2.jpg","datePublished":"2021-02-11T15:10:10+00:00","dateModified":"2024-06-18T11:03:33+00:00","description":"Runder Blumentopf Azalea 40: Es handelt sich um einen runden Blumentopf mit einer guten Pflanzunterlage. Abgerundete Linien und strukturiert in glatter Ausf\u00fchrung.","breadcrumb":{"@id":"https:\/\/newgarden.es\/de\/shop\/blumentopfs\/blumentopfs-ohne-beleuchtung\/runder-blumentopf-azalea-40-farbe\/#breadcrumb"},"inLanguage":"de","potentialAction":[{"@type":"ReadAction","target":["https:\/\/newgarden.es\/de\/shop\/blumentopfs\/blumentopfs-ohne-beleuchtung\/runder-blumentopf-azalea-40-farbe\/"]}]},{"@type":"ImageObject","inLanguage":"de","@id":"https:\/\/newgarden.es\/de\/shop\/blumentopfs\/blumentopfs-ohne-beleuchtung\/runder-blumentopf-azalea-40-farbe\/#primaryimage","url":"https:\/\/newgarden.es\/wp-content\/uploads\/2021\/02\/AZALEA_1200X1200-2.jpg","contentUrl":"https:\/\/newgarden.es\/wp-content\/uploads\/2021\/02\/AZALEA_1200X1200-2.jpg","width":1200,"height":1200},{"@type":"BreadcrumbList","@id":"https:\/\/newgarden.es\/de\/shop\/blumentopfs\/blumentopfs-ohne-beleuchtung\/runder-blumentopf-azalea-40-farbe\/#breadcrumb","itemListElement":[{"@type":"ListItem","position":1,"name":"Home","item":"https:\/\/newgarden.es\/de\/"},{"@type":"ListItem","position":2,"name":"Shop","item":"https:\/\/newgarden.es\/de\/shop\/"},{"@type":"ListItem","position":3,"name":"RUNDER BLUMENTOPF AZALEA 40 FARBE"}]},{"@type":"WebSite","@id":"https:\/\/newgarden.es\/#website","url":"https:\/\/newgarden.es\/","name":"Newgarden","description":"Be happy","potentialAction":[{"@type":"SearchAction","target":{"@type":"EntryPoint","urlTemplate":"https:\/\/newgarden.es\/?s={search_term_string}"},"query-input":{"@type":"PropertyValueSpecification","valueRequired":true,"valueName":"search_term_string"}}],"inLanguage":"de"}]}},"df_price":44.1,"df_sale_price":"","df_regular_price":44.1,"df_image_link":"https:\/\/newgarden.es\/wp-content\/uploads\/2021\/02\/AZALEA_1200X1200-2-580x400.jpg","_links":{"self":[{"href":"https:\/\/newgarden.es\/de\/wp-json\/wp\/v2\/product\/33340"}],"collection":[{"href":"https:\/\/newgarden.es\/de\/wp-json\/wp\/v2\/product"}],"about":[{"href":"https:\/\/newgarden.es\/de\/wp-json\/wp\/v2\/types\/product"}],"wp:featuredmedia":[{"embeddable":true,"href":"https:\/\/newgarden.es\/de\/wp-json\/wp\/v2\/media\/65408"}],"wp:attachment":[{"href":"https:\/\/newgarden.es\/de\/wp-json\/wp\/v2\/media?parent=33340"}],"wp:term":[{"taxonomy":"product_cat","embeddable":true,"href":"https:\/\/newgarden.es\/de\/wp-json\/wp\/v2\/product_cat?post=33340"},{"taxonomy":"product_tag","embeddable":true,"href":"https:\/\/newgarden.es\/de\/wp-json\/wp\/v2\/product_tag?post=33340"}],"curies":[{"name":"wp","href":"https:\/\/api.w.org\/{rel}","templated":true}]}}