{"id":33358,"date":"2021-02-10T17:26:57","date_gmt":"2021-02-11T15:20:54","guid":{"rendered":"https:\/\/newgarden.es\/shop\/unkategorisiert\/viereckiger-blumentopf-olivo-50-farbe\/"},"modified":"2023-03-14T11:20:37","modified_gmt":"2023-03-14T10:20:37","slug":"viereckiger-blumentopf-olivo-50-farbe","status":"publish","type":"product","link":"https:\/\/newgarden.es\/de\/shop\/blumentopfs\/blumentopfs-ohne-beleuchtung\/viereckiger-blumentopf-olivo-50-farbe\/","title":{"rendered":"VIERECKIGER BLUMENTOPF OLIVO 50 FARBE"},"content":{"rendered":"<section class=\"wpb-content-wrapper\"><p>[vc_row][vc_column][vc_column_text][\/vc_column_text][\/vc_column][\/vc_row][vc_row][vc_column][vc_column_text]OLIVO 50: Blumentopf viereckig mit gro\u00dfer Pflanzfl\u00e4che.<\/p>\n<p>Erh\u00e4ltlich in verschiedenen Farben und Ausf\u00fchrungen.[\/vc_column_text][\/vc_column][\/vc_row]<\/p>\n<\/section>","protected":false},"excerpt":{"rendered":"<p>[vc_row][vc_column][vc_column_text][\/vc_column_text][\/vc_column][\/vc_row][vc_row][vc_column][vc_column_text]OLIVO 50: Blumentopf viereckig mit gro\u00dfer Pflanzfl\u00e4che. Erh\u00e4ltlich in verschiedenen Farben und Ausf\u00fchrungen.[\/vc_column_text][\/vc_column][\/vc_row]<\/p>\n","protected":false},"featured_media":33124,"template":"","meta":[],"product_cat":[783,806],"product_tag":[],"class_list":{"0":"post-33358","1":"product","2":"type-product","3":"status-publish","4":"has-post-thumbnail","6":"product_cat-blumentopfs","7":"product_cat-blumentopfs-ohne-beleuchtung","9":"first","10":"outofstock","11":"taxable","12":"shipping-taxable","13":"purchasable","14":"product-type-variable"},"yoast_head":"<!-- This site is optimized with the Yoast SEO plugin v24.2 - https:\/\/yoast.com\/wordpress\/plugins\/seo\/ -->\n<title>VIERECKIGER BLUMENTOPF OLIVO 50 FARBE - Newgarden<\/title>\n<meta name=\"description\" content=\"Olivo 50: Blumentopf viereckig mit gro\u00dfer Pflanzfl\u00e4che. Erh\u00e4ltlich in verschiedenen Farben und Ausf\u00fchrungen.\" \/>\n<meta name=\"robots\" content=\"index, follow, max-snippet:-1, max-image-preview:large, max-video-preview:-1\" \/>\n<link rel=\"canonical\" href=\"https:\/\/newgarden.es\/?post_type=product&p=33120\" \/>\n<meta property=\"og:locale\" content=\"de_DE\" \/>\n<meta property=\"og:type\" content=\"article\" \/>\n<meta property=\"og:title\" content=\"VIERECKIGER BLUMENTOPF OLIVO 50 FARBE - Newgarden\" \/>\n<meta property=\"og:description\" content=\"Olivo 50: Blumentopf viereckig mit gro\u00dfer Pflanzfl\u00e4che. Erh\u00e4ltlich in verschiedenen Farben und Ausf\u00fchrungen.\" \/>\n<meta property=\"og:url\" content=\"https:\/\/newgarden.es\/?post_type=product&amp;p=33120\" \/>\n<meta property=\"og:site_name\" content=\"Newgarden\" \/>\n<meta property=\"article:modified_time\" content=\"2023-03-14T10:20:37+00:00\" \/>\n<meta property=\"og:image\" content=\"https:\/\/newgarden.es\/wp-content\/uploads\/2021\/02\/TAPIZ-FOTOS-MACETEROS_Mesa-de-trabajo-1-copia-57-web.jpg\" \/>\n\t<meta property=\"og:image:width\" content=\"800\" \/>\n\t<meta property=\"og:image:height\" content=\"800\" \/>\n\t<meta property=\"og:image:type\" content=\"image\/jpeg\" \/>\n<meta name=\"twitter:card\" content=\"summary_large_image\" \/>\n<script type=\"application\/ld+json\" class=\"yoast-schema-graph\">{\"@context\":\"https:\/\/schema.org\",\"@graph\":[{\"@type\":\"WebPage\",\"@id\":\"https:\/\/newgarden.es\/?post_type=product&p=33120\",\"url\":\"https:\/\/newgarden.es\/?post_type=product&p=33120\",\"name\":\"VIERECKIGER BLUMENTOPF OLIVO 50 FARBE - Newgarden\",\"isPartOf\":{\"@id\":\"https:\/\/newgarden.es\/#website\"},\"primaryImageOfPage\":{\"@id\":\"https:\/\/newgarden.es\/?post_type=product&p=33120#primaryimage\"},\"image\":{\"@id\":\"https:\/\/newgarden.es\/?post_type=product&p=33120#primaryimage\"},\"thumbnailUrl\":\"https:\/\/newgarden.es\/wp-content\/uploads\/2021\/02\/TAPIZ-FOTOS-MACETEROS_Mesa-de-trabajo-1-copia-57-web.jpg\",\"datePublished\":\"2021-02-11T15:20:54+00:00\",\"dateModified\":\"2023-03-14T10:20:37+00:00\",\"description\":\"Olivo 50: Blumentopf viereckig mit gro\u00dfer Pflanzfl\u00e4che. Erh\u00e4ltlich in verschiedenen Farben und Ausf\u00fchrungen.\",\"breadcrumb\":{\"@id\":\"https:\/\/newgarden.es\/?post_type=product&p=33120#breadcrumb\"},\"inLanguage\":\"de\",\"potentialAction\":[{\"@type\":\"ReadAction\",\"target\":[\"https:\/\/newgarden.es\/?post_type=product&p=33120\"]}]},{\"@type\":\"ImageObject\",\"inLanguage\":\"de\",\"@id\":\"https:\/\/newgarden.es\/?post_type=product&p=33120#primaryimage\",\"url\":\"https:\/\/newgarden.es\/wp-content\/uploads\/2021\/02\/TAPIZ-FOTOS-MACETEROS_Mesa-de-trabajo-1-copia-57-web.jpg\",\"contentUrl\":\"https:\/\/newgarden.es\/wp-content\/uploads\/2021\/02\/TAPIZ-FOTOS-MACETEROS_Mesa-de-trabajo-1-copia-57-web.jpg\",\"width\":800,\"height\":800,\"caption\":\"TAPIZ FOTOS MACETEROS Mesa de trabajo 1 copia 57 web\"},{\"@type\":\"BreadcrumbList\",\"@id\":\"https:\/\/newgarden.es\/?post_type=product&p=33120#breadcrumb\",\"itemListElement\":[{\"@type\":\"ListItem\",\"position\":1,\"name\":\"Home\",\"item\":\"https:\/\/newgarden.es\/de\/\"},{\"@type\":\"ListItem\",\"position\":2,\"name\":\"Shop\",\"item\":\"https:\/\/newgarden.es\/de\/shop\/\"},{\"@type\":\"ListItem\",\"position\":3,\"name\":\"VIERECKIGER BLUMENTOPF OLIVO 50 FARBE\"}]},{\"@type\":\"WebSite\",\"@id\":\"https:\/\/newgarden.es\/#website\",\"url\":\"https:\/\/newgarden.es\/\",\"name\":\"Newgarden\",\"description\":\"Be happy\",\"potentialAction\":[{\"@type\":\"SearchAction\",\"target\":{\"@type\":\"EntryPoint\",\"urlTemplate\":\"https:\/\/newgarden.es\/?s={search_term_string}\"},\"query-input\":{\"@type\":\"PropertyValueSpecification\",\"valueRequired\":true,\"valueName\":\"search_term_string\"}}],\"inLanguage\":\"de\"}]}<\/script>\n<!-- \/ Yoast SEO plugin. -->","yoast_head_json":{"title":"VIERECKIGER BLUMENTOPF OLIVO 50 FARBE - Newgarden","description":"Olivo 50: Blumentopf viereckig mit gro\u00dfer Pflanzfl\u00e4che. Erh\u00e4ltlich in verschiedenen Farben und Ausf\u00fchrungen.","robots":{"index":"index","follow":"follow","max-snippet":"max-snippet:-1","max-image-preview":"max-image-preview:large","max-video-preview":"max-video-preview:-1"},"canonical":"https:\/\/newgarden.es\/?post_type=product&p=33120","og_locale":"de_DE","og_type":"article","og_title":"VIERECKIGER BLUMENTOPF OLIVO 50 FARBE - Newgarden","og_description":"Olivo 50: Blumentopf viereckig mit gro\u00dfer Pflanzfl\u00e4che. Erh\u00e4ltlich in verschiedenen Farben und Ausf\u00fchrungen.","og_url":"https:\/\/newgarden.es\/?post_type=product&p=33120","og_site_name":"Newgarden","article_modified_time":"2023-03-14T10:20:37+00:00","og_image":[{"width":800,"height":800,"url":"https:\/\/newgarden.es\/wp-content\/uploads\/2021\/02\/TAPIZ-FOTOS-MACETEROS_Mesa-de-trabajo-1-copia-57-web.jpg","type":"image\/jpeg"}],"twitter_card":"summary_large_image","schema":{"@context":"https:\/\/schema.org","@graph":[{"@type":"WebPage","@id":"https:\/\/newgarden.es\/?post_type=product&p=33120","url":"https:\/\/newgarden.es\/?post_type=product&p=33120","name":"VIERECKIGER BLUMENTOPF OLIVO 50 FARBE - Newgarden","isPartOf":{"@id":"https:\/\/newgarden.es\/#website"},"primaryImageOfPage":{"@id":"https:\/\/newgarden.es\/?post_type=product&p=33120#primaryimage"},"image":{"@id":"https:\/\/newgarden.es\/?post_type=product&p=33120#primaryimage"},"thumbnailUrl":"https:\/\/newgarden.es\/wp-content\/uploads\/2021\/02\/TAPIZ-FOTOS-MACETEROS_Mesa-de-trabajo-1-copia-57-web.jpg","datePublished":"2021-02-11T15:20:54+00:00","dateModified":"2023-03-14T10:20:37+00:00","description":"Olivo 50: Blumentopf viereckig mit gro\u00dfer Pflanzfl\u00e4che. Erh\u00e4ltlich in verschiedenen Farben und Ausf\u00fchrungen.","breadcrumb":{"@id":"https:\/\/newgarden.es\/?post_type=product&p=33120#breadcrumb"},"inLanguage":"de","potentialAction":[{"@type":"ReadAction","target":["https:\/\/newgarden.es\/?post_type=product&p=33120"]}]},{"@type":"ImageObject","inLanguage":"de","@id":"https:\/\/newgarden.es\/?post_type=product&p=33120#primaryimage","url":"https:\/\/newgarden.es\/wp-content\/uploads\/2021\/02\/TAPIZ-FOTOS-MACETEROS_Mesa-de-trabajo-1-copia-57-web.jpg","contentUrl":"https:\/\/newgarden.es\/wp-content\/uploads\/2021\/02\/TAPIZ-FOTOS-MACETEROS_Mesa-de-trabajo-1-copia-57-web.jpg","width":800,"height":800,"caption":"TAPIZ FOTOS MACETEROS Mesa de trabajo 1 copia 57 web"},{"@type":"BreadcrumbList","@id":"https:\/\/newgarden.es\/?post_type=product&p=33120#breadcrumb","itemListElement":[{"@type":"ListItem","position":1,"name":"Home","item":"https:\/\/newgarden.es\/de\/"},{"@type":"ListItem","position":2,"name":"Shop","item":"https:\/\/newgarden.es\/de\/shop\/"},{"@type":"ListItem","position":3,"name":"VIERECKIGER BLUMENTOPF OLIVO 50 FARBE"}]},{"@type":"WebSite","@id":"https:\/\/newgarden.es\/#website","url":"https:\/\/newgarden.es\/","name":"Newgarden","description":"Be happy","potentialAction":[{"@type":"SearchAction","target":{"@type":"EntryPoint","urlTemplate":"https:\/\/newgarden.es\/?s={search_term_string}"},"query-input":{"@type":"PropertyValueSpecification","valueRequired":true,"valueName":"search_term_string"}}],"inLanguage":"de"}]}},"df_price":97.9,"df_sale_price":"","df_regular_price":97.9,"df_image_link":"https:\/\/newgarden.es\/wp-content\/uploads\/2021\/02\/TAPIZ-FOTOS-MACETEROS_Mesa-de-trabajo-1-copia-57-web.jpg","_links":{"self":[{"href":"https:\/\/newgarden.es\/de\/wp-json\/wp\/v2\/product\/33358"}],"collection":[{"href":"https:\/\/newgarden.es\/de\/wp-json\/wp\/v2\/product"}],"about":[{"href":"https:\/\/newgarden.es\/de\/wp-json\/wp\/v2\/types\/product"}],"wp:featuredmedia":[{"embeddable":true,"href":"https:\/\/newgarden.es\/de\/wp-json\/wp\/v2\/media\/33124"}],"wp:attachment":[{"href":"https:\/\/newgarden.es\/de\/wp-json\/wp\/v2\/media?parent=33358"}],"wp:term":[{"taxonomy":"product_cat","embeddable":true,"href":"https:\/\/newgarden.es\/de\/wp-json\/wp\/v2\/product_cat?post=33358"},{"taxonomy":"product_tag","embeddable":true,"href":"https:\/\/newgarden.es\/de\/wp-json\/wp\/v2\/product_tag?post=33358"}],"curies":[{"name":"wp","href":"https:\/\/api.w.org\/{rel}","templated":true}]}}