{"id":36697,"date":"2021-09-14T11:54:11","date_gmt":"2021-09-14T09:54:13","guid":{"rendered":"https:\/\/newgarden.es\/?post_type=product&#038;p=36697"},"modified":"2024-06-13T15:44:28","modified_gmt":"2024-06-13T13:44:28","slug":"stehleuchte-lola-slim-180-innenanwendung","status":"publish","type":"product","link":"https:\/\/newgarden.es\/de\/shop\/lightdeco-de\/stehlampe\/stehleuchte-lola-slim-180-innenanwendung\/","title":{"rendered":"STEHLEUCHTE LOLA SLIM 180 | INNENANWENDUNG"},"content":{"rendered":"<section class=\"wpb-content-wrapper\"><p>[vc_row][vc_column el_class=&#8221;descripcion_producto&#8221;][vc_column_text]Die Stehleuchte Lola Slim 180 geh\u00f6rt dank ihres eleganten Designs zur LOLA-Familie. Ihre H\u00f6he macht dieses Produkt zu einer Leuchte, die sich in jeden Raum einf\u00fcgt, ohne die \u00c4sthetik des Raumes zu zerst\u00f6ren, ideal f\u00fcr jeden Raum im Haus.<\/p>\n<p>Die Serie Lola Slim 180 ist eine Familie und kann miteinander kombiniert werden, um eine unendliche Anzahl von Atmosph\u00e4ren zu schaffen. Erh\u00e4ltlich in verschiedenen H\u00f6hen: 30cm, 120cm und 180cm und mit einem Metallk\u00f6rper in Ros\u00e9gold, Messing, Anthrazit oder Spacegrau.<\/p>\n<p>Die Stehleuchte Lola Slim ist mit IN&amp;OUT-Kabel erh\u00e4ltlich.[\/vc_column_text][\/vc_column][\/vc_row][vc_row disable_element=&#8221;yes&#8221;][vc_column][vc_single_image image=&#8221;6566&#8243; img_size=&#8221;full&#8221;][\/vc_column][\/vc_row][vc_row][vc_column width=&#8221;1\/2&#8243;][vc_btn title=&#8221;FICHA T\u00c9CNICA ROSE GOLD&#8221; style=&#8221;custom&#8221; custom_background=&#8221;#009bc2&#8243; custom_text=&#8221;#ffffff&#8221; shape=&#8221;square&#8221; link=&#8221;url:https%3A%2F%2Fbit.ly%2F3HGaJdz|target:%20_blank|&#8221; el_class=&#8221;btn_descargar_ficha&#8221;][vc_btn title=&#8221;FICHA T\u00c9CNICA BRASS&#8221; style=&#8221;custom&#8221; custom_background=&#8221;#009bc2&#8243; custom_text=&#8221;#ffffff&#8221; shape=&#8221;square&#8221; link=&#8221;url:https%3A%2F%2Fbit.ly%2F3Obw9Br|target:%20_blank|&#8221; el_class=&#8221;btn_descargar_ficha&#8221;][\/vc_column][vc_column width=&#8221;1\/2&#8243;][vc_btn title=&#8221;MANUAL DE INSTRUCCIONES ROSE GOLD&#8221; style=&#8221;custom&#8221; custom_background=&#8221;#009bc2&#8243; custom_text=&#8221;#ffffff&#8221; shape=&#8221;square&#8221; link=&#8221;url:https%3A%2F%2Fbit.ly%2F3oOswXc|target:%20_blank|&#8221; el_class=&#8221;btn_descargar_ficha&#8221;][vc_btn title=&#8221;MANUAL DE INSTRUCCIONES BRASS&#8221; style=&#8221;custom&#8221; custom_background=&#8221;#009bc2&#8243; custom_text=&#8221;#ffffff&#8221; shape=&#8221;square&#8221; link=&#8221;url:https%3A%2F%2Fbit.ly%2F3QcNevC|target:%20_blank|&#8221; el_class=&#8221;btn_descargar_ficha&#8221;][\/vc_column][\/vc_row]<\/p>\n<\/section>","protected":false},"excerpt":{"rendered":"<p>STEHLEUCHTE LOLA SLIM 180<\/p>\n","protected":false},"featured_media":59800,"template":"","meta":[],"product_cat":[1696,763,767,1225,1248],"product_tag":[1226,765],"class_list":{"0":"post-36697","1":"product","2":"type-product","3":"status-publish","4":"has-post-thumbnail","6":"product_cat-productos-de","7":"product_cat-lightdeco-de","8":"product_cat-stehlampe","9":"product_cat-interior-de","10":"product_cat-stehlampen-fur-den-innenbereich","11":"product_tag-interior-de","12":"product_tag-kabel","14":"first","15":"instock","16":"taxable","17":"shipping-taxable","18":"purchasable","19":"product-type-variable"},"yoast_head":"<!-- This site is optimized with the Yoast SEO plugin v24.2 - https:\/\/yoast.com\/wordpress\/plugins\/seo\/ -->\n<title>STEHLEUCHTE LOLA SLIM 180 | INNENANWENDUNG<\/title>\n<meta name=\"description\" content=\"Die Stehleuchte Lola Slim 180 ist dank ihres eleganten Designs Teil der LOLA-Familie. Die H\u00f6he macht dieses Produkt zu einer Lampe, die sich in jeden Raum einf\u00fcgt, ohne dessen \u00c4sthetik zu st\u00f6ren, ideal f\u00fcr jeden Raum im Haus.Die Serie Lola Slim 180 ist eine Familie und kann miteinander kombiniert werden, um eine unendliche Anzahl von Atmosph\u00e4ren zu schaffen. Erh\u00e4ltlich in verschiedenen H\u00f6hen: 30cm, 120cm und 180cm und mit einem Metallk\u00f6rper in Ros\u00e9gold, Messing, Anthrazit oder Spacegrau.Die Stehleuchte Lola Slim ist mit IN&amp;OUT-Kabel erh\u00e4ltlich.\" \/>\n<meta name=\"robots\" content=\"index, follow, max-snippet:-1, max-image-preview:large, max-video-preview:-1\" \/>\n<link rel=\"canonical\" href=\"https:\/\/newgarden.es\/de\/shop\/lightdeco-de\/stehlampe\/stehleuchte-lola-slim-180-innenanwendung\/\" \/>\n<meta property=\"og:locale\" content=\"de_DE\" \/>\n<meta property=\"og:type\" content=\"article\" \/>\n<meta property=\"og:title\" content=\"STEHLEUCHTE LOLA SLIM 180 | INNENANWENDUNG\" \/>\n<meta property=\"og:description\" content=\"Die Stehleuchte Lola Slim 180 ist dank ihres eleganten Designs Teil der LOLA-Familie. Die H\u00f6he macht dieses Produkt zu einer Lampe, die sich in jeden Raum einf\u00fcgt, ohne dessen \u00c4sthetik zu st\u00f6ren, ideal f\u00fcr jeden Raum im Haus.Die Serie Lola Slim 180 ist eine Familie und kann miteinander kombiniert werden, um eine unendliche Anzahl von Atmosph\u00e4ren zu schaffen. Erh\u00e4ltlich in verschiedenen H\u00f6hen: 30cm, 120cm und 180cm und mit einem Metallk\u00f6rper in Ros\u00e9gold, Messing, Anthrazit oder Spacegrau.Die Stehleuchte Lola Slim ist mit IN&amp;OUT-Kabel erh\u00e4ltlich.\" \/>\n<meta property=\"og:url\" content=\"https:\/\/newgarden.es\/de\/shop\/lightdeco-de\/stehlampe\/stehleuchte-lola-slim-180-innenanwendung\/\" \/>\n<meta property=\"og:site_name\" content=\"Newgarden\" \/>\n<meta property=\"article:modified_time\" content=\"2024-06-13T13:44:28+00:00\" \/>\n<meta property=\"og:image\" content=\"https:\/\/newgarden.es\/wp-content\/uploads\/2021\/09\/LOLA_SLIM_180_BATTERY_1200X1200-4.jpg\" \/>\n\t<meta property=\"og:image:width\" content=\"1200\" \/>\n\t<meta property=\"og:image:height\" content=\"1200\" \/>\n\t<meta property=\"og:image:type\" content=\"image\/jpeg\" \/>\n<meta name=\"twitter:card\" content=\"summary_large_image\" \/>\n<meta name=\"twitter:label1\" content=\"Gesch\u00e4tzte Lesezeit\" \/>\n\t<meta name=\"twitter:data1\" content=\"1\u00a0Minute\" \/>\n<script type=\"application\/ld+json\" class=\"yoast-schema-graph\">{\"@context\":\"https:\/\/schema.org\",\"@graph\":[{\"@type\":\"WebPage\",\"@id\":\"https:\/\/newgarden.es\/de\/shop\/lightdeco-de\/stehlampe\/stehleuchte-lola-slim-180-innenanwendung\/\",\"url\":\"https:\/\/newgarden.es\/de\/shop\/lightdeco-de\/stehlampe\/stehleuchte-lola-slim-180-innenanwendung\/\",\"name\":\"STEHLEUCHTE LOLA SLIM 180 | INNENANWENDUNG\",\"isPartOf\":{\"@id\":\"https:\/\/newgarden.es\/#website\"},\"primaryImageOfPage\":{\"@id\":\"https:\/\/newgarden.es\/de\/shop\/lightdeco-de\/stehlampe\/stehleuchte-lola-slim-180-innenanwendung\/#primaryimage\"},\"image\":{\"@id\":\"https:\/\/newgarden.es\/de\/shop\/lightdeco-de\/stehlampe\/stehleuchte-lola-slim-180-innenanwendung\/#primaryimage\"},\"thumbnailUrl\":\"https:\/\/newgarden.es\/wp-content\/uploads\/2021\/09\/LOLA_SLIM_180_BATTERY_1200X1200-4.jpg\",\"datePublished\":\"2021-09-14T09:54:13+00:00\",\"dateModified\":\"2024-06-13T13:44:28+00:00\",\"description\":\"Die Stehleuchte Lola Slim 180 ist dank ihres eleganten Designs Teil der LOLA-Familie. Die H\u00f6he macht dieses Produkt zu einer Lampe, die sich in jeden Raum einf\u00fcgt, ohne dessen \u00c4sthetik zu st\u00f6ren, ideal f\u00fcr jeden Raum im Haus.Die Serie Lola Slim 180 ist eine Familie und kann miteinander kombiniert werden, um eine unendliche Anzahl von Atmosph\u00e4ren zu schaffen. Erh\u00e4ltlich in verschiedenen H\u00f6hen: 30cm, 120cm und 180cm und mit einem Metallk\u00f6rper in Ros\u00e9gold, Messing, Anthrazit oder Spacegrau.Die Stehleuchte Lola Slim ist mit IN&OUT-Kabel erh\u00e4ltlich.\",\"breadcrumb\":{\"@id\":\"https:\/\/newgarden.es\/de\/shop\/lightdeco-de\/stehlampe\/stehleuchte-lola-slim-180-innenanwendung\/#breadcrumb\"},\"inLanguage\":\"de\",\"potentialAction\":[{\"@type\":\"ReadAction\",\"target\":[\"https:\/\/newgarden.es\/de\/shop\/lightdeco-de\/stehlampe\/stehleuchte-lola-slim-180-innenanwendung\/\"]}]},{\"@type\":\"ImageObject\",\"inLanguage\":\"de\",\"@id\":\"https:\/\/newgarden.es\/de\/shop\/lightdeco-de\/stehlampe\/stehleuchte-lola-slim-180-innenanwendung\/#primaryimage\",\"url\":\"https:\/\/newgarden.es\/wp-content\/uploads\/2021\/09\/LOLA_SLIM_180_BATTERY_1200X1200-4.jpg\",\"contentUrl\":\"https:\/\/newgarden.es\/wp-content\/uploads\/2021\/09\/LOLA_SLIM_180_BATTERY_1200X1200-4.jpg\",\"width\":1200,\"height\":1200},{\"@type\":\"BreadcrumbList\",\"@id\":\"https:\/\/newgarden.es\/de\/shop\/lightdeco-de\/stehlampe\/stehleuchte-lola-slim-180-innenanwendung\/#breadcrumb\",\"itemListElement\":[{\"@type\":\"ListItem\",\"position\":1,\"name\":\"Home\",\"item\":\"https:\/\/newgarden.es\/de\/\"},{\"@type\":\"ListItem\",\"position\":2,\"name\":\"Shop\",\"item\":\"https:\/\/newgarden.es\/de\/shop\/\"},{\"@type\":\"ListItem\",\"position\":3,\"name\":\"STEHLEUCHTE LOLA SLIM 180 | INNENANWENDUNG\"}]},{\"@type\":\"WebSite\",\"@id\":\"https:\/\/newgarden.es\/#website\",\"url\":\"https:\/\/newgarden.es\/\",\"name\":\"Newgarden\",\"description\":\"Be happy\",\"potentialAction\":[{\"@type\":\"SearchAction\",\"target\":{\"@type\":\"EntryPoint\",\"urlTemplate\":\"https:\/\/newgarden.es\/?s={search_term_string}\"},\"query-input\":{\"@type\":\"PropertyValueSpecification\",\"valueRequired\":true,\"valueName\":\"search_term_string\"}}],\"inLanguage\":\"de\"}]}<\/script>\n<!-- \/ Yoast SEO plugin. -->","yoast_head_json":{"title":"STEHLEUCHTE LOLA SLIM 180 | INNENANWENDUNG","description":"Die Stehleuchte Lola Slim 180 ist dank ihres eleganten Designs Teil der LOLA-Familie. Die H\u00f6he macht dieses Produkt zu einer Lampe, die sich in jeden Raum einf\u00fcgt, ohne dessen \u00c4sthetik zu st\u00f6ren, ideal f\u00fcr jeden Raum im Haus.Die Serie Lola Slim 180 ist eine Familie und kann miteinander kombiniert werden, um eine unendliche Anzahl von Atmosph\u00e4ren zu schaffen. Erh\u00e4ltlich in verschiedenen H\u00f6hen: 30cm, 120cm und 180cm und mit einem Metallk\u00f6rper in Ros\u00e9gold, Messing, Anthrazit oder Spacegrau.Die Stehleuchte Lola Slim ist mit IN&OUT-Kabel erh\u00e4ltlich.","robots":{"index":"index","follow":"follow","max-snippet":"max-snippet:-1","max-image-preview":"max-image-preview:large","max-video-preview":"max-video-preview:-1"},"canonical":"https:\/\/newgarden.es\/de\/shop\/lightdeco-de\/stehlampe\/stehleuchte-lola-slim-180-innenanwendung\/","og_locale":"de_DE","og_type":"article","og_title":"STEHLEUCHTE LOLA SLIM 180 | INNENANWENDUNG","og_description":"Die Stehleuchte Lola Slim 180 ist dank ihres eleganten Designs Teil der LOLA-Familie. Die H\u00f6he macht dieses Produkt zu einer Lampe, die sich in jeden Raum einf\u00fcgt, ohne dessen \u00c4sthetik zu st\u00f6ren, ideal f\u00fcr jeden Raum im Haus.Die Serie Lola Slim 180 ist eine Familie und kann miteinander kombiniert werden, um eine unendliche Anzahl von Atmosph\u00e4ren zu schaffen. Erh\u00e4ltlich in verschiedenen H\u00f6hen: 30cm, 120cm und 180cm und mit einem Metallk\u00f6rper in Ros\u00e9gold, Messing, Anthrazit oder Spacegrau.Die Stehleuchte Lola Slim ist mit IN&OUT-Kabel erh\u00e4ltlich.","og_url":"https:\/\/newgarden.es\/de\/shop\/lightdeco-de\/stehlampe\/stehleuchte-lola-slim-180-innenanwendung\/","og_site_name":"Newgarden","article_modified_time":"2024-06-13T13:44:28+00:00","og_image":[{"width":1200,"height":1200,"url":"https:\/\/newgarden.es\/wp-content\/uploads\/2021\/09\/LOLA_SLIM_180_BATTERY_1200X1200-4.jpg","type":"image\/jpeg"}],"twitter_card":"summary_large_image","twitter_misc":{"Gesch\u00e4tzte Lesezeit":"1\u00a0Minute"},"schema":{"@context":"https:\/\/schema.org","@graph":[{"@type":"WebPage","@id":"https:\/\/newgarden.es\/de\/shop\/lightdeco-de\/stehlampe\/stehleuchte-lola-slim-180-innenanwendung\/","url":"https:\/\/newgarden.es\/de\/shop\/lightdeco-de\/stehlampe\/stehleuchte-lola-slim-180-innenanwendung\/","name":"STEHLEUCHTE LOLA SLIM 180 | INNENANWENDUNG","isPartOf":{"@id":"https:\/\/newgarden.es\/#website"},"primaryImageOfPage":{"@id":"https:\/\/newgarden.es\/de\/shop\/lightdeco-de\/stehlampe\/stehleuchte-lola-slim-180-innenanwendung\/#primaryimage"},"image":{"@id":"https:\/\/newgarden.es\/de\/shop\/lightdeco-de\/stehlampe\/stehleuchte-lola-slim-180-innenanwendung\/#primaryimage"},"thumbnailUrl":"https:\/\/newgarden.es\/wp-content\/uploads\/2021\/09\/LOLA_SLIM_180_BATTERY_1200X1200-4.jpg","datePublished":"2021-09-14T09:54:13+00:00","dateModified":"2024-06-13T13:44:28+00:00","description":"Die Stehleuchte Lola Slim 180 ist dank ihres eleganten Designs Teil der LOLA-Familie. Die H\u00f6he macht dieses Produkt zu einer Lampe, die sich in jeden Raum einf\u00fcgt, ohne dessen \u00c4sthetik zu st\u00f6ren, ideal f\u00fcr jeden Raum im Haus.Die Serie Lola Slim 180 ist eine Familie und kann miteinander kombiniert werden, um eine unendliche Anzahl von Atmosph\u00e4ren zu schaffen. Erh\u00e4ltlich in verschiedenen H\u00f6hen: 30cm, 120cm und 180cm und mit einem Metallk\u00f6rper in Ros\u00e9gold, Messing, Anthrazit oder Spacegrau.Die Stehleuchte Lola Slim ist mit IN&OUT-Kabel erh\u00e4ltlich.","breadcrumb":{"@id":"https:\/\/newgarden.es\/de\/shop\/lightdeco-de\/stehlampe\/stehleuchte-lola-slim-180-innenanwendung\/#breadcrumb"},"inLanguage":"de","potentialAction":[{"@type":"ReadAction","target":["https:\/\/newgarden.es\/de\/shop\/lightdeco-de\/stehlampe\/stehleuchte-lola-slim-180-innenanwendung\/"]}]},{"@type":"ImageObject","inLanguage":"de","@id":"https:\/\/newgarden.es\/de\/shop\/lightdeco-de\/stehlampe\/stehleuchte-lola-slim-180-innenanwendung\/#primaryimage","url":"https:\/\/newgarden.es\/wp-content\/uploads\/2021\/09\/LOLA_SLIM_180_BATTERY_1200X1200-4.jpg","contentUrl":"https:\/\/newgarden.es\/wp-content\/uploads\/2021\/09\/LOLA_SLIM_180_BATTERY_1200X1200-4.jpg","width":1200,"height":1200},{"@type":"BreadcrumbList","@id":"https:\/\/newgarden.es\/de\/shop\/lightdeco-de\/stehlampe\/stehleuchte-lola-slim-180-innenanwendung\/#breadcrumb","itemListElement":[{"@type":"ListItem","position":1,"name":"Home","item":"https:\/\/newgarden.es\/de\/"},{"@type":"ListItem","position":2,"name":"Shop","item":"https:\/\/newgarden.es\/de\/shop\/"},{"@type":"ListItem","position":3,"name":"STEHLEUCHTE LOLA SLIM 180 | INNENANWENDUNG"}]},{"@type":"WebSite","@id":"https:\/\/newgarden.es\/#website","url":"https:\/\/newgarden.es\/","name":"Newgarden","description":"Be happy","potentialAction":[{"@type":"SearchAction","target":{"@type":"EntryPoint","urlTemplate":"https:\/\/newgarden.es\/?s={search_term_string}"},"query-input":{"@type":"PropertyValueSpecification","valueRequired":true,"valueName":"search_term_string"}}],"inLanguage":"de"}]}},"df_price":208.4,"df_sale_price":"","df_regular_price":208.4,"df_image_link":"https:\/\/newgarden.es\/wp-content\/uploads\/2021\/09\/LOLA_SLIM_180_BATTERY_1200X1200-4-580x400.jpg","_links":{"self":[{"href":"https:\/\/newgarden.es\/de\/wp-json\/wp\/v2\/product\/36697"}],"collection":[{"href":"https:\/\/newgarden.es\/de\/wp-json\/wp\/v2\/product"}],"about":[{"href":"https:\/\/newgarden.es\/de\/wp-json\/wp\/v2\/types\/product"}],"wp:featuredmedia":[{"embeddable":true,"href":"https:\/\/newgarden.es\/de\/wp-json\/wp\/v2\/media\/59800"}],"wp:attachment":[{"href":"https:\/\/newgarden.es\/de\/wp-json\/wp\/v2\/media?parent=36697"}],"wp:term":[{"taxonomy":"product_cat","embeddable":true,"href":"https:\/\/newgarden.es\/de\/wp-json\/wp\/v2\/product_cat?post=36697"},{"taxonomy":"product_tag","embeddable":true,"href":"https:\/\/newgarden.es\/de\/wp-json\/wp\/v2\/product_tag?post=36697"}],"curies":[{"name":"wp","href":"https:\/\/api.w.org\/{rel}","templated":true}]}}