{"id":36737,"date":"2020-10-07T10:01:47","date_gmt":"2020-10-07T08:01:47","guid":{"rendered":"https:\/\/newgarden.es\/shop\/unkategorisiert\/girlande-stellina\/"},"modified":"2024-05-29T12:22:16","modified_gmt":"2024-05-29T10:22:16","slug":"girlande-stellina","status":"publish","type":"product","link":"https:\/\/newgarden.es\/de\/shop\/lightdeco-de\/weihnachten\/girlande-stellina\/","title":{"rendered":"STELLINA AUSSENLEUCHTE GIRLANDE"},"content":{"rendered":"<section class=\"wpb-content-wrapper\"><p>[vc_row][vc_column][vc_column_text]<b>STELLINA GIRLANDE<\/b><\/p>\n<p>M\u00f6chten Sie Ihr Zuhause auf originelle Weise weihnachtlich dekorieren? Nun, hier haben Sie Stellina, eine Sternengirlande, die sich ideal f\u00fcr die Dekoration im Innen- und Au\u00dfenbereich Ihres Hauses eignet. Einfach zu installieren, ohne Installation und in wei\u00df, rot und schwarz. IP44. 10 integrierte LED-Lampen.<br \/>\n[\/vc_column_text][\/vc_column][\/vc_row][vc_row][vc_column width=&#8220;1\/2&#8243;][vc_btn title=&#8220;Technisches Datenblatt&#8220; style=&#8220;custom&#8220; custom_background=&#8220;#009bc2&#8243; custom_text=&#8220;#ffffff&#8220; link=&#8220;url:https%3A%2F%2Fbit.ly%2F3zSkT8L|&#8220;][\/vc_column][vc_column width=&#8220;1\/2&#8243;][vc_btn title=&#8220;BEDIENUNGSANLEITUNG&#8220; style=&#8220;custom&#8220; custom_background=&#8220;#009bc2&#8243; custom_text=&#8220;#ffffff&#8220; link=&#8220;url:https%3A%2F%2Fbit.ly%2F3QMvzMu|target:%20_blank|&#8220; el_class=&#8220;btn_descargar_ficha&#8220;][\/vc_column][\/vc_row]<\/p>\n<\/section>","protected":false},"excerpt":{"rendered":"<p>Dekorative Girlande Stellina.<\/p>\n","protected":false},"featured_media":58427,"template":"","meta":[],"product_cat":[763,1576,1225,811],"product_tag":[],"class_list":{"0":"post-36737","1":"product","2":"type-product","3":"status-publish","4":"has-post-thumbnail","6":"product_cat-lightdeco-de","7":"product_cat-girlanden","8":"product_cat-interior-de","9":"product_cat-weihnachten","11":"first","12":"instock","13":"taxable","14":"shipping-taxable","15":"purchasable","16":"product-type-variable"},"yoast_head":"<!-- This site is optimized with the Yoast SEO plugin v24.2 - https:\/\/yoast.com\/wordpress\/plugins\/seo\/ -->\n<title>STELLINA Newgarden Girlande, inklusive 10 Gl\u00fchbirnen<\/title>\n<meta name=\"description\" content=\"Die STELLINA-Girlande ist eine der NEWGARDEN-Neuheiten. Er eignet sich perfekt f\u00fcr die Dekoration im Innen- und Au\u00dfenbereich. Es enth\u00e4lt 10 LED-Gl\u00fchbirnen.\" \/>\n<meta name=\"robots\" content=\"index, follow, max-snippet:-1, max-image-preview:large, max-video-preview:-1\" \/>\n<link rel=\"canonical\" href=\"https:\/\/newgarden.es\/de\/shop\/lightdeco-de\/weihnachten\/girlande-stellina\/\" \/>\n<meta property=\"og:locale\" content=\"de_DE\" \/>\n<meta property=\"og:type\" content=\"article\" \/>\n<meta property=\"og:title\" content=\"STELLINA Newgarden Girlande, inklusive 10 Gl\u00fchbirnen\" \/>\n<meta property=\"og:description\" content=\"Die STELLINA-Girlande ist eine der NEWGARDEN-Neuheiten. Er eignet sich perfekt f\u00fcr die Dekoration im Innen- und Au\u00dfenbereich. Es enth\u00e4lt 10 LED-Gl\u00fchbirnen.\" \/>\n<meta property=\"og:url\" content=\"https:\/\/newgarden.es\/de\/shop\/lightdeco-de\/weihnachten\/girlande-stellina\/\" \/>\n<meta property=\"og:site_name\" content=\"Newgarden\" \/>\n<meta property=\"article:modified_time\" content=\"2024-05-29T10:22:16+00:00\" \/>\n<meta property=\"og:image\" content=\"https:\/\/newgarden.es\/wp-content\/uploads\/2020\/10\/STELLINA_1200X1200-4.jpg\" \/>\n\t<meta property=\"og:image:width\" content=\"1200\" \/>\n\t<meta property=\"og:image:height\" content=\"1200\" \/>\n\t<meta property=\"og:image:type\" content=\"image\/jpeg\" \/>\n<meta name=\"twitter:card\" content=\"summary_large_image\" \/>\n<meta name=\"twitter:label1\" content=\"Gesch\u00e4tzte Lesezeit\" \/>\n\t<meta name=\"twitter:data1\" content=\"1\u00a0Minute\" \/>\n<script type=\"application\/ld+json\" class=\"yoast-schema-graph\">{\"@context\":\"https:\/\/schema.org\",\"@graph\":[{\"@type\":\"WebPage\",\"@id\":\"https:\/\/newgarden.es\/de\/shop\/lightdeco-de\/weihnachten\/girlande-stellina\/\",\"url\":\"https:\/\/newgarden.es\/de\/shop\/lightdeco-de\/weihnachten\/girlande-stellina\/\",\"name\":\"STELLINA Newgarden Girlande, inklusive 10 Gl\u00fchbirnen\",\"isPartOf\":{\"@id\":\"https:\/\/newgarden.es\/#website\"},\"primaryImageOfPage\":{\"@id\":\"https:\/\/newgarden.es\/de\/shop\/lightdeco-de\/weihnachten\/girlande-stellina\/#primaryimage\"},\"image\":{\"@id\":\"https:\/\/newgarden.es\/de\/shop\/lightdeco-de\/weihnachten\/girlande-stellina\/#primaryimage\"},\"thumbnailUrl\":\"https:\/\/newgarden.es\/wp-content\/uploads\/2020\/10\/STELLINA_1200X1200-4.jpg\",\"datePublished\":\"2020-10-07T08:01:47+00:00\",\"dateModified\":\"2024-05-29T10:22:16+00:00\",\"description\":\"Die STELLINA-Girlande ist eine der NEWGARDEN-Neuheiten. Er eignet sich perfekt f\u00fcr die Dekoration im Innen- und Au\u00dfenbereich. Es enth\u00e4lt 10 LED-Gl\u00fchbirnen.\",\"breadcrumb\":{\"@id\":\"https:\/\/newgarden.es\/de\/shop\/lightdeco-de\/weihnachten\/girlande-stellina\/#breadcrumb\"},\"inLanguage\":\"de\",\"potentialAction\":[{\"@type\":\"ReadAction\",\"target\":[\"https:\/\/newgarden.es\/de\/shop\/lightdeco-de\/weihnachten\/girlande-stellina\/\"]}]},{\"@type\":\"ImageObject\",\"inLanguage\":\"de\",\"@id\":\"https:\/\/newgarden.es\/de\/shop\/lightdeco-de\/weihnachten\/girlande-stellina\/#primaryimage\",\"url\":\"https:\/\/newgarden.es\/wp-content\/uploads\/2020\/10\/STELLINA_1200X1200-4.jpg\",\"contentUrl\":\"https:\/\/newgarden.es\/wp-content\/uploads\/2020\/10\/STELLINA_1200X1200-4.jpg\",\"width\":1200,\"height\":1200},{\"@type\":\"BreadcrumbList\",\"@id\":\"https:\/\/newgarden.es\/de\/shop\/lightdeco-de\/weihnachten\/girlande-stellina\/#breadcrumb\",\"itemListElement\":[{\"@type\":\"ListItem\",\"position\":1,\"name\":\"Home\",\"item\":\"https:\/\/newgarden.es\/de\/\"},{\"@type\":\"ListItem\",\"position\":2,\"name\":\"Shop\",\"item\":\"https:\/\/newgarden.es\/de\/shop\/\"},{\"@type\":\"ListItem\",\"position\":3,\"name\":\"STELLINA AUSSENLEUCHTE GIRLANDE\"}]},{\"@type\":\"WebSite\",\"@id\":\"https:\/\/newgarden.es\/#website\",\"url\":\"https:\/\/newgarden.es\/\",\"name\":\"Newgarden\",\"description\":\"Be happy\",\"potentialAction\":[{\"@type\":\"SearchAction\",\"target\":{\"@type\":\"EntryPoint\",\"urlTemplate\":\"https:\/\/newgarden.es\/?s={search_term_string}\"},\"query-input\":{\"@type\":\"PropertyValueSpecification\",\"valueRequired\":true,\"valueName\":\"search_term_string\"}}],\"inLanguage\":\"de\"}]}<\/script>\n<!-- \/ Yoast SEO plugin. -->","yoast_head_json":{"title":"STELLINA Newgarden Girlande, inklusive 10 Gl\u00fchbirnen","description":"Die STELLINA-Girlande ist eine der NEWGARDEN-Neuheiten. Er eignet sich perfekt f\u00fcr die Dekoration im Innen- und Au\u00dfenbereich. Es enth\u00e4lt 10 LED-Gl\u00fchbirnen.","robots":{"index":"index","follow":"follow","max-snippet":"max-snippet:-1","max-image-preview":"max-image-preview:large","max-video-preview":"max-video-preview:-1"},"canonical":"https:\/\/newgarden.es\/de\/shop\/lightdeco-de\/weihnachten\/girlande-stellina\/","og_locale":"de_DE","og_type":"article","og_title":"STELLINA Newgarden Girlande, inklusive 10 Gl\u00fchbirnen","og_description":"Die STELLINA-Girlande ist eine der NEWGARDEN-Neuheiten. Er eignet sich perfekt f\u00fcr die Dekoration im Innen- und Au\u00dfenbereich. Es enth\u00e4lt 10 LED-Gl\u00fchbirnen.","og_url":"https:\/\/newgarden.es\/de\/shop\/lightdeco-de\/weihnachten\/girlande-stellina\/","og_site_name":"Newgarden","article_modified_time":"2024-05-29T10:22:16+00:00","og_image":[{"width":1200,"height":1200,"url":"https:\/\/newgarden.es\/wp-content\/uploads\/2020\/10\/STELLINA_1200X1200-4.jpg","type":"image\/jpeg"}],"twitter_card":"summary_large_image","twitter_misc":{"Gesch\u00e4tzte Lesezeit":"1\u00a0Minute"},"schema":{"@context":"https:\/\/schema.org","@graph":[{"@type":"WebPage","@id":"https:\/\/newgarden.es\/de\/shop\/lightdeco-de\/weihnachten\/girlande-stellina\/","url":"https:\/\/newgarden.es\/de\/shop\/lightdeco-de\/weihnachten\/girlande-stellina\/","name":"STELLINA Newgarden Girlande, inklusive 10 Gl\u00fchbirnen","isPartOf":{"@id":"https:\/\/newgarden.es\/#website"},"primaryImageOfPage":{"@id":"https:\/\/newgarden.es\/de\/shop\/lightdeco-de\/weihnachten\/girlande-stellina\/#primaryimage"},"image":{"@id":"https:\/\/newgarden.es\/de\/shop\/lightdeco-de\/weihnachten\/girlande-stellina\/#primaryimage"},"thumbnailUrl":"https:\/\/newgarden.es\/wp-content\/uploads\/2020\/10\/STELLINA_1200X1200-4.jpg","datePublished":"2020-10-07T08:01:47+00:00","dateModified":"2024-05-29T10:22:16+00:00","description":"Die STELLINA-Girlande ist eine der NEWGARDEN-Neuheiten. Er eignet sich perfekt f\u00fcr die Dekoration im Innen- und Au\u00dfenbereich. Es enth\u00e4lt 10 LED-Gl\u00fchbirnen.","breadcrumb":{"@id":"https:\/\/newgarden.es\/de\/shop\/lightdeco-de\/weihnachten\/girlande-stellina\/#breadcrumb"},"inLanguage":"de","potentialAction":[{"@type":"ReadAction","target":["https:\/\/newgarden.es\/de\/shop\/lightdeco-de\/weihnachten\/girlande-stellina\/"]}]},{"@type":"ImageObject","inLanguage":"de","@id":"https:\/\/newgarden.es\/de\/shop\/lightdeco-de\/weihnachten\/girlande-stellina\/#primaryimage","url":"https:\/\/newgarden.es\/wp-content\/uploads\/2020\/10\/STELLINA_1200X1200-4.jpg","contentUrl":"https:\/\/newgarden.es\/wp-content\/uploads\/2020\/10\/STELLINA_1200X1200-4.jpg","width":1200,"height":1200},{"@type":"BreadcrumbList","@id":"https:\/\/newgarden.es\/de\/shop\/lightdeco-de\/weihnachten\/girlande-stellina\/#breadcrumb","itemListElement":[{"@type":"ListItem","position":1,"name":"Home","item":"https:\/\/newgarden.es\/de\/"},{"@type":"ListItem","position":2,"name":"Shop","item":"https:\/\/newgarden.es\/de\/shop\/"},{"@type":"ListItem","position":3,"name":"STELLINA AUSSENLEUCHTE GIRLANDE"}]},{"@type":"WebSite","@id":"https:\/\/newgarden.es\/#website","url":"https:\/\/newgarden.es\/","name":"Newgarden","description":"Be happy","potentialAction":[{"@type":"SearchAction","target":{"@type":"EntryPoint","urlTemplate":"https:\/\/newgarden.es\/?s={search_term_string}"},"query-input":{"@type":"PropertyValueSpecification","valueRequired":true,"valueName":"search_term_string"}}],"inLanguage":"de"}]}},"df_price":59.4,"df_sale_price":"","df_regular_price":59.4,"df_image_link":"https:\/\/newgarden.es\/wp-content\/uploads\/2020\/10\/STELLINA_1200X1200-4-580x400.jpg","_links":{"self":[{"href":"https:\/\/newgarden.es\/de\/wp-json\/wp\/v2\/product\/36737"}],"collection":[{"href":"https:\/\/newgarden.es\/de\/wp-json\/wp\/v2\/product"}],"about":[{"href":"https:\/\/newgarden.es\/de\/wp-json\/wp\/v2\/types\/product"}],"wp:featuredmedia":[{"embeddable":true,"href":"https:\/\/newgarden.es\/de\/wp-json\/wp\/v2\/media\/58427"}],"wp:attachment":[{"href":"https:\/\/newgarden.es\/de\/wp-json\/wp\/v2\/media?parent=36737"}],"wp:term":[{"taxonomy":"product_cat","embeddable":true,"href":"https:\/\/newgarden.es\/de\/wp-json\/wp\/v2\/product_cat?post=36737"},{"taxonomy":"product_tag","embeddable":true,"href":"https:\/\/newgarden.es\/de\/wp-json\/wp\/v2\/product_tag?post=36737"}],"curies":[{"name":"wp","href":"https:\/\/api.w.org\/{rel}","templated":true}]}}