{"id":36876,"date":"2021-09-14T14:57:22","date_gmt":"2021-09-14T12:57:24","guid":{"rendered":"https:\/\/newgarden.es\/?post_type=product&#038;p=36876"},"modified":"2024-06-11T10:02:31","modified_gmt":"2024-06-11T08:02:31","slug":"designer-stehlampe-mit-holzbeinen-rakete-70-innenraumnutzung","status":"publish","type":"product","link":"https:\/\/newgarden.es\/de\/shop\/lightdeco-de\/interior-de\/designer-stehlampe-mit-holzbeinen-rakete-70-innenraumnutzung\/","title":{"rendered":"DESIGNER STEHLAMPE MIT HOLZBEINEN RAKETE 70 | INNENRAUMNUTZUNG"},"content":{"rendered":"<section class=\"wpb-content-wrapper\"><p>[vc_row][vc_column][vc_column_text]<\/p>\n<p>[\/vc_column_text][\/vc_column][\/vc_row][vc_row][vc_column el_class=&#8220;descripcion_producto&#8220;][vc_column_text]Rocket 70 ist eine originelle dekorative Lampe mit Holzbeinen, ideal f\u00fcr die Dekoration Ihres Hauses. Die Kombination aus Holz und Polyethylen macht dieses Produkt zu einem unverzichtbaren Bestandteil des Hauses. Erh\u00e4ltlich in der Ausf\u00fchrung In &amp; Out, die eine Fernbedienung mit Ein\/Aus-Schalter, Dimmer und Farbtemperatur\u00e4nderung des Lichts umfasst.<\/p>\n<p>*Holz, das f\u00fcr die Verwendung im Freien behandelt wurde.<\/p>\n<p>&nbsp;[\/vc_column_text][\/vc_column][\/vc_row][vc_row disable_element=&#8220;yes&#8220;][vc_column][vc_single_image image=&#8220;6566&#8243; img_size=&#8220;full&#8220;][\/vc_column][\/vc_row][vc_row][vc_column width=&#8220;1\/2&#8243;][vc_btn title=&#8220;Technisches Datenblatt&#8220; style=&#8220;custom&#8220; custom_background=&#8220;#009bc2&#8243; custom_text=&#8220;#ffffff&#8220; shape=&#8220;square&#8220; link=&#8220;url:https%3A%2F%2Fbit.ly%2F3OdzMqK|target:%20_blank|&#8220; el_class=&#8220;btn_descargar_ficha&#8220;][\/vc_column][vc_column width=&#8220;1\/2&#8243;][vc_btn title=&#8220;BEDIENUNGSANLEITUNG&#8220; style=&#8220;custom&#8220; custom_background=&#8220;#009bc2&#8243; custom_text=&#8220;#ffffff&#8220; shape=&#8220;square&#8220; link=&#8220;url:https%3A%2F%2Fbit.ly%2F3SlGsWc|target:%20_blank|&#8220; el_class=&#8220;btn_descargar_ficha&#8220;][\/vc_column][\/vc_row]<\/p>\n<\/section>","protected":false},"excerpt":{"rendered":"<h1 style=\"font-size: 12px;\">Rocket- DEKO- Lampe mit Holzbeinen<\/h1>\n","protected":false},"featured_media":59670,"template":"","meta":[],"product_cat":[763,1225,1248],"product_tag":[765],"class_list":{"0":"post-36876","1":"product","2":"type-product","3":"status-publish","4":"has-post-thumbnail","6":"product_cat-lightdeco-de","7":"product_cat-interior-de","8":"product_cat-stehlampen-fur-den-innenbereich","9":"product_tag-kabel","11":"first","12":"instock","13":"taxable","14":"shipping-taxable","15":"purchasable","16":"product-type-variable"},"yoast_head":"<!-- This site is optimized with the Yoast SEO plugin v24.2 - https:\/\/yoast.com\/wordpress\/plugins\/seo\/ -->\n<title>ROCKET dekorative Lampe mit Holzbeinen mit Solarlade<\/title>\n<meta name=\"description\" content=\"Rakete ist eine originelle dekorative Lampe Beine ideale Atmosph\u00e4re f\u00fcr sowohl das \u00c4u\u00dfere und Innere Ihres Hauses oder Gartenterrassen Holz. In &amp; Out verf\u00fcgbar Oberfl\u00e4che, den Dimmer Farbtemperatur\u00e4nderung von Licht und Fernbedienung enth\u00e4lt.\" \/>\n<meta name=\"robots\" content=\"index, follow, max-snippet:-1, max-image-preview:large, max-video-preview:-1\" \/>\n<link rel=\"canonical\" href=\"https:\/\/newgarden.es\/de\/shop\/lightdeco-de\/interior-de\/designer-stehlampe-mit-holzbeinen-rakete-70-innenraumnutzung\/\" \/>\n<meta property=\"og:locale\" content=\"de_DE\" \/>\n<meta property=\"og:type\" content=\"article\" \/>\n<meta property=\"og:title\" content=\"ROCKET dekorative Lampe mit Holzbeinen mit Solarlade\" \/>\n<meta property=\"og:description\" content=\"Rakete ist eine originelle dekorative Lampe Beine ideale Atmosph\u00e4re f\u00fcr sowohl das \u00c4u\u00dfere und Innere Ihres Hauses oder Gartenterrassen Holz. In &amp; Out verf\u00fcgbar Oberfl\u00e4che, den Dimmer Farbtemperatur\u00e4nderung von Licht und Fernbedienung enth\u00e4lt.\" \/>\n<meta property=\"og:url\" content=\"https:\/\/newgarden.es\/de\/shop\/lightdeco-de\/interior-de\/designer-stehlampe-mit-holzbeinen-rakete-70-innenraumnutzung\/\" \/>\n<meta property=\"og:site_name\" content=\"Newgarden\" \/>\n<meta property=\"article:modified_time\" content=\"2024-06-11T08:02:31+00:00\" \/>\n<meta property=\"og:image\" content=\"https:\/\/newgarden.es\/wp-content\/uploads\/2021\/09\/ROCKET_70_CABLE_1200X1200-2-1.jpg\" \/>\n\t<meta property=\"og:image:width\" content=\"1200\" \/>\n\t<meta property=\"og:image:height\" content=\"1200\" \/>\n\t<meta property=\"og:image:type\" content=\"image\/jpeg\" \/>\n<meta name=\"twitter:card\" content=\"summary_large_image\" \/>\n<meta name=\"twitter:label1\" content=\"Gesch\u00e4tzte Lesezeit\" \/>\n\t<meta name=\"twitter:data1\" content=\"1\u00a0Minute\" \/>\n<script type=\"application\/ld+json\" class=\"yoast-schema-graph\">{\"@context\":\"https:\/\/schema.org\",\"@graph\":[{\"@type\":\"WebPage\",\"@id\":\"https:\/\/newgarden.es\/de\/shop\/lightdeco-de\/interior-de\/designer-stehlampe-mit-holzbeinen-rakete-70-innenraumnutzung\/\",\"url\":\"https:\/\/newgarden.es\/de\/shop\/lightdeco-de\/interior-de\/designer-stehlampe-mit-holzbeinen-rakete-70-innenraumnutzung\/\",\"name\":\"ROCKET dekorative Lampe mit Holzbeinen mit Solarlade\",\"isPartOf\":{\"@id\":\"https:\/\/newgarden.es\/#website\"},\"primaryImageOfPage\":{\"@id\":\"https:\/\/newgarden.es\/de\/shop\/lightdeco-de\/interior-de\/designer-stehlampe-mit-holzbeinen-rakete-70-innenraumnutzung\/#primaryimage\"},\"image\":{\"@id\":\"https:\/\/newgarden.es\/de\/shop\/lightdeco-de\/interior-de\/designer-stehlampe-mit-holzbeinen-rakete-70-innenraumnutzung\/#primaryimage\"},\"thumbnailUrl\":\"https:\/\/newgarden.es\/wp-content\/uploads\/2021\/09\/ROCKET_70_CABLE_1200X1200-2-1.jpg\",\"datePublished\":\"2021-09-14T12:57:24+00:00\",\"dateModified\":\"2024-06-11T08:02:31+00:00\",\"description\":\"Rakete ist eine originelle dekorative Lampe Beine ideale Atmosph\u00e4re f\u00fcr sowohl das \u00c4u\u00dfere und Innere Ihres Hauses oder Gartenterrassen Holz. In & Out verf\u00fcgbar Oberfl\u00e4che, den Dimmer Farbtemperatur\u00e4nderung von Licht und Fernbedienung enth\u00e4lt.\",\"breadcrumb\":{\"@id\":\"https:\/\/newgarden.es\/de\/shop\/lightdeco-de\/interior-de\/designer-stehlampe-mit-holzbeinen-rakete-70-innenraumnutzung\/#breadcrumb\"},\"inLanguage\":\"de\",\"potentialAction\":[{\"@type\":\"ReadAction\",\"target\":[\"https:\/\/newgarden.es\/de\/shop\/lightdeco-de\/interior-de\/designer-stehlampe-mit-holzbeinen-rakete-70-innenraumnutzung\/\"]}]},{\"@type\":\"ImageObject\",\"inLanguage\":\"de\",\"@id\":\"https:\/\/newgarden.es\/de\/shop\/lightdeco-de\/interior-de\/designer-stehlampe-mit-holzbeinen-rakete-70-innenraumnutzung\/#primaryimage\",\"url\":\"https:\/\/newgarden.es\/wp-content\/uploads\/2021\/09\/ROCKET_70_CABLE_1200X1200-2-1.jpg\",\"contentUrl\":\"https:\/\/newgarden.es\/wp-content\/uploads\/2021\/09\/ROCKET_70_CABLE_1200X1200-2-1.jpg\",\"width\":1200,\"height\":1200},{\"@type\":\"BreadcrumbList\",\"@id\":\"https:\/\/newgarden.es\/de\/shop\/lightdeco-de\/interior-de\/designer-stehlampe-mit-holzbeinen-rakete-70-innenraumnutzung\/#breadcrumb\",\"itemListElement\":[{\"@type\":\"ListItem\",\"position\":1,\"name\":\"Home\",\"item\":\"https:\/\/newgarden.es\/de\/\"},{\"@type\":\"ListItem\",\"position\":2,\"name\":\"Shop\",\"item\":\"https:\/\/newgarden.es\/de\/shop\/\"},{\"@type\":\"ListItem\",\"position\":3,\"name\":\"DESIGNER STEHLAMPE MIT HOLZBEINEN RAKETE 70 | INNENRAUMNUTZUNG\"}]},{\"@type\":\"WebSite\",\"@id\":\"https:\/\/newgarden.es\/#website\",\"url\":\"https:\/\/newgarden.es\/\",\"name\":\"Newgarden\",\"description\":\"Be happy\",\"potentialAction\":[{\"@type\":\"SearchAction\",\"target\":{\"@type\":\"EntryPoint\",\"urlTemplate\":\"https:\/\/newgarden.es\/?s={search_term_string}\"},\"query-input\":{\"@type\":\"PropertyValueSpecification\",\"valueRequired\":true,\"valueName\":\"search_term_string\"}}],\"inLanguage\":\"de\"}]}<\/script>\n<!-- \/ Yoast SEO plugin. -->","yoast_head_json":{"title":"ROCKET dekorative Lampe mit Holzbeinen mit Solarlade","description":"Rakete ist eine originelle dekorative Lampe Beine ideale Atmosph\u00e4re f\u00fcr sowohl das \u00c4u\u00dfere und Innere Ihres Hauses oder Gartenterrassen Holz. In & Out verf\u00fcgbar Oberfl\u00e4che, den Dimmer Farbtemperatur\u00e4nderung von Licht und Fernbedienung enth\u00e4lt.","robots":{"index":"index","follow":"follow","max-snippet":"max-snippet:-1","max-image-preview":"max-image-preview:large","max-video-preview":"max-video-preview:-1"},"canonical":"https:\/\/newgarden.es\/de\/shop\/lightdeco-de\/interior-de\/designer-stehlampe-mit-holzbeinen-rakete-70-innenraumnutzung\/","og_locale":"de_DE","og_type":"article","og_title":"ROCKET dekorative Lampe mit Holzbeinen mit Solarlade","og_description":"Rakete ist eine originelle dekorative Lampe Beine ideale Atmosph\u00e4re f\u00fcr sowohl das \u00c4u\u00dfere und Innere Ihres Hauses oder Gartenterrassen Holz. In & Out verf\u00fcgbar Oberfl\u00e4che, den Dimmer Farbtemperatur\u00e4nderung von Licht und Fernbedienung enth\u00e4lt.","og_url":"https:\/\/newgarden.es\/de\/shop\/lightdeco-de\/interior-de\/designer-stehlampe-mit-holzbeinen-rakete-70-innenraumnutzung\/","og_site_name":"Newgarden","article_modified_time":"2024-06-11T08:02:31+00:00","og_image":[{"width":1200,"height":1200,"url":"https:\/\/newgarden.es\/wp-content\/uploads\/2021\/09\/ROCKET_70_CABLE_1200X1200-2-1.jpg","type":"image\/jpeg"}],"twitter_card":"summary_large_image","twitter_misc":{"Gesch\u00e4tzte Lesezeit":"1\u00a0Minute"},"schema":{"@context":"https:\/\/schema.org","@graph":[{"@type":"WebPage","@id":"https:\/\/newgarden.es\/de\/shop\/lightdeco-de\/interior-de\/designer-stehlampe-mit-holzbeinen-rakete-70-innenraumnutzung\/","url":"https:\/\/newgarden.es\/de\/shop\/lightdeco-de\/interior-de\/designer-stehlampe-mit-holzbeinen-rakete-70-innenraumnutzung\/","name":"ROCKET dekorative Lampe mit Holzbeinen mit Solarlade","isPartOf":{"@id":"https:\/\/newgarden.es\/#website"},"primaryImageOfPage":{"@id":"https:\/\/newgarden.es\/de\/shop\/lightdeco-de\/interior-de\/designer-stehlampe-mit-holzbeinen-rakete-70-innenraumnutzung\/#primaryimage"},"image":{"@id":"https:\/\/newgarden.es\/de\/shop\/lightdeco-de\/interior-de\/designer-stehlampe-mit-holzbeinen-rakete-70-innenraumnutzung\/#primaryimage"},"thumbnailUrl":"https:\/\/newgarden.es\/wp-content\/uploads\/2021\/09\/ROCKET_70_CABLE_1200X1200-2-1.jpg","datePublished":"2021-09-14T12:57:24+00:00","dateModified":"2024-06-11T08:02:31+00:00","description":"Rakete ist eine originelle dekorative Lampe Beine ideale Atmosph\u00e4re f\u00fcr sowohl das \u00c4u\u00dfere und Innere Ihres Hauses oder Gartenterrassen Holz. In & Out verf\u00fcgbar Oberfl\u00e4che, den Dimmer Farbtemperatur\u00e4nderung von Licht und Fernbedienung enth\u00e4lt.","breadcrumb":{"@id":"https:\/\/newgarden.es\/de\/shop\/lightdeco-de\/interior-de\/designer-stehlampe-mit-holzbeinen-rakete-70-innenraumnutzung\/#breadcrumb"},"inLanguage":"de","potentialAction":[{"@type":"ReadAction","target":["https:\/\/newgarden.es\/de\/shop\/lightdeco-de\/interior-de\/designer-stehlampe-mit-holzbeinen-rakete-70-innenraumnutzung\/"]}]},{"@type":"ImageObject","inLanguage":"de","@id":"https:\/\/newgarden.es\/de\/shop\/lightdeco-de\/interior-de\/designer-stehlampe-mit-holzbeinen-rakete-70-innenraumnutzung\/#primaryimage","url":"https:\/\/newgarden.es\/wp-content\/uploads\/2021\/09\/ROCKET_70_CABLE_1200X1200-2-1.jpg","contentUrl":"https:\/\/newgarden.es\/wp-content\/uploads\/2021\/09\/ROCKET_70_CABLE_1200X1200-2-1.jpg","width":1200,"height":1200},{"@type":"BreadcrumbList","@id":"https:\/\/newgarden.es\/de\/shop\/lightdeco-de\/interior-de\/designer-stehlampe-mit-holzbeinen-rakete-70-innenraumnutzung\/#breadcrumb","itemListElement":[{"@type":"ListItem","position":1,"name":"Home","item":"https:\/\/newgarden.es\/de\/"},{"@type":"ListItem","position":2,"name":"Shop","item":"https:\/\/newgarden.es\/de\/shop\/"},{"@type":"ListItem","position":3,"name":"DESIGNER STEHLAMPE MIT HOLZBEINEN RAKETE 70 | INNENRAUMNUTZUNG"}]},{"@type":"WebSite","@id":"https:\/\/newgarden.es\/#website","url":"https:\/\/newgarden.es\/","name":"Newgarden","description":"Be happy","potentialAction":[{"@type":"SearchAction","target":{"@type":"EntryPoint","urlTemplate":"https:\/\/newgarden.es\/?s={search_term_string}"},"query-input":{"@type":"PropertyValueSpecification","valueRequired":true,"valueName":"search_term_string"}}],"inLanguage":"de"}]}},"df_price":102.8,"df_sale_price":"","df_regular_price":102.8,"df_image_link":"https:\/\/newgarden.es\/wp-content\/uploads\/2021\/09\/ROCKET_70_CABLE_1200X1200-2-1-580x400.jpg","_links":{"self":[{"href":"https:\/\/newgarden.es\/de\/wp-json\/wp\/v2\/product\/36876"}],"collection":[{"href":"https:\/\/newgarden.es\/de\/wp-json\/wp\/v2\/product"}],"about":[{"href":"https:\/\/newgarden.es\/de\/wp-json\/wp\/v2\/types\/product"}],"wp:featuredmedia":[{"embeddable":true,"href":"https:\/\/newgarden.es\/de\/wp-json\/wp\/v2\/media\/59670"}],"wp:attachment":[{"href":"https:\/\/newgarden.es\/de\/wp-json\/wp\/v2\/media?parent=36876"}],"wp:term":[{"taxonomy":"product_cat","embeddable":true,"href":"https:\/\/newgarden.es\/de\/wp-json\/wp\/v2\/product_cat?post=36876"},{"taxonomy":"product_tag","embeddable":true,"href":"https:\/\/newgarden.es\/de\/wp-json\/wp\/v2\/product_tag?post=36876"}],"curies":[{"name":"wp","href":"https:\/\/api.w.org\/{rel}","templated":true}]}}