{"id":36907,"date":"2021-09-14T15:28:22","date_gmt":"2021-09-14T13:28:24","guid":{"rendered":"https:\/\/newgarden.es\/?post_type=product&#038;p=36907"},"modified":"2021-10-04T10:31:12","modified_gmt":"2021-10-04T08:31:12","slug":"designer-stehleuchte-mit-holzbeinen-rakete-145-innenbereich","status":"publish","type":"product","link":"https:\/\/newgarden.es\/de\/shop\/lightdeco-de\/interior-de\/designer-stehleuchte-mit-holzbeinen-rakete-145-innenbereich\/","title":{"rendered":"DESIGNER STEHLEUCHTE MIT HOLZBEINEN RAKETE 145 | INNENBEREICH"},"content":{"rendered":"<section class=\"wpb-content-wrapper\"><p>[vc_row][vc_column][vc_column_text]<\/p>\n<p>[\/vc_column_text][\/vc_column][\/vc_row][vc_row][vc_column el_class=&#8220;descripcion_producto&#8220;][vc_column_text]L\u00e1mpara de Pie Rocket 145 es una original l\u00e1mpara decorativa con patas de madera ideal para ambientar el\u00a0 interior de tu casa. Su combinaci\u00f3n de madera y Polietileno hace de este producto un indispensable dentro del hogar. Disponible el acabado In &amp; Out, que incluye mando a distancia con encendido y apagado, regulador de intensidad y cambio de temperatura del color de luz. Rocket es la l\u00e1mpara de pie con luz que estabas buscando.<\/p>\n<p>Altura: 145 cm.<\/p>\n<p>*Madera tratada para exterior.<\/p>\n<p><em>Los productos Newgarden son ligeros y muy resistentes. Soportan cambios extremos de temperatura y est\u00e1n protegidos contra los rayos UV, haciendo que la vida \u00fatil del producto sea casi ilimitada.<\/em>[\/vc_column_text][\/vc_column][\/vc_row][vc_row disable_element=&#8220;yes&#8220;][vc_column][vc_single_image image=&#8220;6566&#8243; img_size=&#8220;full&#8220;][\/vc_column][\/vc_row][vc_row][vc_column width=&#8220;1\/2&#8243;][vc_btn title=&#8220;Technisches Datenblatt&#8220; style=&#8220;custom&#8220; custom_background=&#8220;#009bc2&#8243; custom_text=&#8220;#ffffff&#8220; shape=&#8220;square&#8220; link=&#8220;url:https%3A%2F%2Fdrive.google.com%2Fdrive%2Ffolders%2F1V7AhwbCBYcoTw-pSE5KpM2cUJENd1D56%3Fusp%3Dsharing|target:%20_blank|&#8220; el_class=&#8220;btn_descargar_ficha&#8220;][\/vc_column][vc_column width=&#8220;1\/2&#8243;][vc_btn title=&#8220;BEDIENUNGSANLEITUNG&#8220; style=&#8220;custom&#8220; custom_background=&#8220;#009bc2&#8243; custom_text=&#8220;#ffffff&#8220; shape=&#8220;square&#8220; link=&#8220;url:https%3A%2F%2Fdrive.google.com%2Fdrive%2Ffolders%2F1uTdCw5JpZqAYWOS-vaoYgE-3hM99vBWc|target:%20_blank|&#8220; el_class=&#8220;btn_descargar_ficha&#8220;][\/vc_column][\/vc_row]<\/p>\n<\/section>","protected":false},"excerpt":{"rendered":"<h1 style=\"font-size: 12px;\">Rocket 145 Designer-Stehleuchte mit Holzbeinen<\/h1>\n","protected":false},"featured_media":59630,"template":"","meta":[],"product_cat":[763,1225,1248],"product_tag":[765],"class_list":{"0":"post-36907","1":"product","2":"type-product","3":"status-publish","4":"has-post-thumbnail","6":"product_cat-lightdeco-de","7":"product_cat-interior-de","8":"product_cat-stehlampen-fur-den-innenbereich","9":"product_tag-kabel","11":"first","12":"instock","13":"taxable","14":"shipping-taxable","15":"purchasable","16":"product-type-variable"},"yoast_head":"<!-- This site is optimized with the Yoast SEO plugin v24.2 - https:\/\/yoast.com\/wordpress\/plugins\/seo\/ -->\n<title>ROCKET 145 dekorative Lampe mit Holzbeinen mit Solarlade<\/title>\n<meta name=\"description\" content=\"Die Designleuchte Rocket 145 mit Holzbeinen ist ideal f\u00fcr den Au\u00dfen- und Innenbereich Ihres Hauses, Ihrer Gesch\u00e4ftsr\u00e4ume oder Ihres Unternehmens.\" \/>\n<meta name=\"robots\" content=\"index, follow, max-snippet:-1, max-image-preview:large, max-video-preview:-1\" \/>\n<link rel=\"canonical\" href=\"https:\/\/newgarden.es\/de\/shop\/lightdeco-de\/interior-de\/designer-stehleuchte-mit-holzbeinen-rakete-145-innenbereich\/\" \/>\n<meta property=\"og:locale\" content=\"de_DE\" \/>\n<meta property=\"og:type\" content=\"article\" \/>\n<meta property=\"og:title\" content=\"ROCKET 145 dekorative Lampe mit Holzbeinen mit Solarlade\" \/>\n<meta property=\"og:description\" content=\"Die Designleuchte Rocket 145 mit Holzbeinen ist ideal f\u00fcr den Au\u00dfen- und Innenbereich Ihres Hauses, Ihrer Gesch\u00e4ftsr\u00e4ume oder Ihres Unternehmens.\" \/>\n<meta property=\"og:url\" content=\"https:\/\/newgarden.es\/de\/shop\/lightdeco-de\/interior-de\/designer-stehleuchte-mit-holzbeinen-rakete-145-innenbereich\/\" \/>\n<meta property=\"og:site_name\" content=\"Newgarden\" \/>\n<meta property=\"article:modified_time\" content=\"2021-10-04T08:31:12+00:00\" \/>\n<meta property=\"og:image\" content=\"https:\/\/newgarden.es\/wp-content\/uploads\/2021\/09\/ROCKET_145_CABLE_1200X1200-2-1.jpg\" \/>\n\t<meta property=\"og:image:width\" content=\"1200\" \/>\n\t<meta property=\"og:image:height\" content=\"1200\" \/>\n\t<meta property=\"og:image:type\" content=\"image\/jpeg\" \/>\n<meta name=\"twitter:card\" content=\"summary_large_image\" \/>\n<meta name=\"twitter:label1\" content=\"Gesch\u00e4tzte Lesezeit\" \/>\n\t<meta name=\"twitter:data1\" content=\"1\u00a0Minute\" \/>\n<script type=\"application\/ld+json\" class=\"yoast-schema-graph\">{\"@context\":\"https:\/\/schema.org\",\"@graph\":[{\"@type\":\"WebPage\",\"@id\":\"https:\/\/newgarden.es\/de\/shop\/lightdeco-de\/interior-de\/designer-stehleuchte-mit-holzbeinen-rakete-145-innenbereich\/\",\"url\":\"https:\/\/newgarden.es\/de\/shop\/lightdeco-de\/interior-de\/designer-stehleuchte-mit-holzbeinen-rakete-145-innenbereich\/\",\"name\":\"ROCKET 145 dekorative Lampe mit Holzbeinen mit Solarlade\",\"isPartOf\":{\"@id\":\"https:\/\/newgarden.es\/#website\"},\"primaryImageOfPage\":{\"@id\":\"https:\/\/newgarden.es\/de\/shop\/lightdeco-de\/interior-de\/designer-stehleuchte-mit-holzbeinen-rakete-145-innenbereich\/#primaryimage\"},\"image\":{\"@id\":\"https:\/\/newgarden.es\/de\/shop\/lightdeco-de\/interior-de\/designer-stehleuchte-mit-holzbeinen-rakete-145-innenbereich\/#primaryimage\"},\"thumbnailUrl\":\"https:\/\/newgarden.es\/wp-content\/uploads\/2021\/09\/ROCKET_145_CABLE_1200X1200-2-1.jpg\",\"datePublished\":\"2021-09-14T13:28:24+00:00\",\"dateModified\":\"2021-10-04T08:31:12+00:00\",\"description\":\"Die Designleuchte Rocket 145 mit Holzbeinen ist ideal f\u00fcr den Au\u00dfen- und Innenbereich Ihres Hauses, Ihrer Gesch\u00e4ftsr\u00e4ume oder Ihres Unternehmens.\",\"breadcrumb\":{\"@id\":\"https:\/\/newgarden.es\/de\/shop\/lightdeco-de\/interior-de\/designer-stehleuchte-mit-holzbeinen-rakete-145-innenbereich\/#breadcrumb\"},\"inLanguage\":\"de\",\"potentialAction\":[{\"@type\":\"ReadAction\",\"target\":[\"https:\/\/newgarden.es\/de\/shop\/lightdeco-de\/interior-de\/designer-stehleuchte-mit-holzbeinen-rakete-145-innenbereich\/\"]}]},{\"@type\":\"ImageObject\",\"inLanguage\":\"de\",\"@id\":\"https:\/\/newgarden.es\/de\/shop\/lightdeco-de\/interior-de\/designer-stehleuchte-mit-holzbeinen-rakete-145-innenbereich\/#primaryimage\",\"url\":\"https:\/\/newgarden.es\/wp-content\/uploads\/2021\/09\/ROCKET_145_CABLE_1200X1200-2-1.jpg\",\"contentUrl\":\"https:\/\/newgarden.es\/wp-content\/uploads\/2021\/09\/ROCKET_145_CABLE_1200X1200-2-1.jpg\",\"width\":1200,\"height\":1200},{\"@type\":\"BreadcrumbList\",\"@id\":\"https:\/\/newgarden.es\/de\/shop\/lightdeco-de\/interior-de\/designer-stehleuchte-mit-holzbeinen-rakete-145-innenbereich\/#breadcrumb\",\"itemListElement\":[{\"@type\":\"ListItem\",\"position\":1,\"name\":\"Home\",\"item\":\"https:\/\/newgarden.es\/de\/\"},{\"@type\":\"ListItem\",\"position\":2,\"name\":\"Shop\",\"item\":\"https:\/\/newgarden.es\/de\/shop\/\"},{\"@type\":\"ListItem\",\"position\":3,\"name\":\"DESIGNER STEHLEUCHTE MIT HOLZBEINEN RAKETE 145 | INNENBEREICH\"}]},{\"@type\":\"WebSite\",\"@id\":\"https:\/\/newgarden.es\/#website\",\"url\":\"https:\/\/newgarden.es\/\",\"name\":\"Newgarden\",\"description\":\"Be happy\",\"potentialAction\":[{\"@type\":\"SearchAction\",\"target\":{\"@type\":\"EntryPoint\",\"urlTemplate\":\"https:\/\/newgarden.es\/?s={search_term_string}\"},\"query-input\":{\"@type\":\"PropertyValueSpecification\",\"valueRequired\":true,\"valueName\":\"search_term_string\"}}],\"inLanguage\":\"de\"}]}<\/script>\n<!-- \/ Yoast SEO plugin. -->","yoast_head_json":{"title":"ROCKET 145 dekorative Lampe mit Holzbeinen mit Solarlade","description":"Die Designleuchte Rocket 145 mit Holzbeinen ist ideal f\u00fcr den Au\u00dfen- und Innenbereich Ihres Hauses, Ihrer Gesch\u00e4ftsr\u00e4ume oder Ihres Unternehmens.","robots":{"index":"index","follow":"follow","max-snippet":"max-snippet:-1","max-image-preview":"max-image-preview:large","max-video-preview":"max-video-preview:-1"},"canonical":"https:\/\/newgarden.es\/de\/shop\/lightdeco-de\/interior-de\/designer-stehleuchte-mit-holzbeinen-rakete-145-innenbereich\/","og_locale":"de_DE","og_type":"article","og_title":"ROCKET 145 dekorative Lampe mit Holzbeinen mit Solarlade","og_description":"Die Designleuchte Rocket 145 mit Holzbeinen ist ideal f\u00fcr den Au\u00dfen- und Innenbereich Ihres Hauses, Ihrer Gesch\u00e4ftsr\u00e4ume oder Ihres Unternehmens.","og_url":"https:\/\/newgarden.es\/de\/shop\/lightdeco-de\/interior-de\/designer-stehleuchte-mit-holzbeinen-rakete-145-innenbereich\/","og_site_name":"Newgarden","article_modified_time":"2021-10-04T08:31:12+00:00","og_image":[{"width":1200,"height":1200,"url":"https:\/\/newgarden.es\/wp-content\/uploads\/2021\/09\/ROCKET_145_CABLE_1200X1200-2-1.jpg","type":"image\/jpeg"}],"twitter_card":"summary_large_image","twitter_misc":{"Gesch\u00e4tzte Lesezeit":"1\u00a0Minute"},"schema":{"@context":"https:\/\/schema.org","@graph":[{"@type":"WebPage","@id":"https:\/\/newgarden.es\/de\/shop\/lightdeco-de\/interior-de\/designer-stehleuchte-mit-holzbeinen-rakete-145-innenbereich\/","url":"https:\/\/newgarden.es\/de\/shop\/lightdeco-de\/interior-de\/designer-stehleuchte-mit-holzbeinen-rakete-145-innenbereich\/","name":"ROCKET 145 dekorative Lampe mit Holzbeinen mit Solarlade","isPartOf":{"@id":"https:\/\/newgarden.es\/#website"},"primaryImageOfPage":{"@id":"https:\/\/newgarden.es\/de\/shop\/lightdeco-de\/interior-de\/designer-stehleuchte-mit-holzbeinen-rakete-145-innenbereich\/#primaryimage"},"image":{"@id":"https:\/\/newgarden.es\/de\/shop\/lightdeco-de\/interior-de\/designer-stehleuchte-mit-holzbeinen-rakete-145-innenbereich\/#primaryimage"},"thumbnailUrl":"https:\/\/newgarden.es\/wp-content\/uploads\/2021\/09\/ROCKET_145_CABLE_1200X1200-2-1.jpg","datePublished":"2021-09-14T13:28:24+00:00","dateModified":"2021-10-04T08:31:12+00:00","description":"Die Designleuchte Rocket 145 mit Holzbeinen ist ideal f\u00fcr den Au\u00dfen- und Innenbereich Ihres Hauses, Ihrer Gesch\u00e4ftsr\u00e4ume oder Ihres Unternehmens.","breadcrumb":{"@id":"https:\/\/newgarden.es\/de\/shop\/lightdeco-de\/interior-de\/designer-stehleuchte-mit-holzbeinen-rakete-145-innenbereich\/#breadcrumb"},"inLanguage":"de","potentialAction":[{"@type":"ReadAction","target":["https:\/\/newgarden.es\/de\/shop\/lightdeco-de\/interior-de\/designer-stehleuchte-mit-holzbeinen-rakete-145-innenbereich\/"]}]},{"@type":"ImageObject","inLanguage":"de","@id":"https:\/\/newgarden.es\/de\/shop\/lightdeco-de\/interior-de\/designer-stehleuchte-mit-holzbeinen-rakete-145-innenbereich\/#primaryimage","url":"https:\/\/newgarden.es\/wp-content\/uploads\/2021\/09\/ROCKET_145_CABLE_1200X1200-2-1.jpg","contentUrl":"https:\/\/newgarden.es\/wp-content\/uploads\/2021\/09\/ROCKET_145_CABLE_1200X1200-2-1.jpg","width":1200,"height":1200},{"@type":"BreadcrumbList","@id":"https:\/\/newgarden.es\/de\/shop\/lightdeco-de\/interior-de\/designer-stehleuchte-mit-holzbeinen-rakete-145-innenbereich\/#breadcrumb","itemListElement":[{"@type":"ListItem","position":1,"name":"Home","item":"https:\/\/newgarden.es\/de\/"},{"@type":"ListItem","position":2,"name":"Shop","item":"https:\/\/newgarden.es\/de\/shop\/"},{"@type":"ListItem","position":3,"name":"DESIGNER STEHLEUCHTE MIT HOLZBEINEN RAKETE 145 | INNENBEREICH"}]},{"@type":"WebSite","@id":"https:\/\/newgarden.es\/#website","url":"https:\/\/newgarden.es\/","name":"Newgarden","description":"Be happy","potentialAction":[{"@type":"SearchAction","target":{"@type":"EntryPoint","urlTemplate":"https:\/\/newgarden.es\/?s={search_term_string}"},"query-input":{"@type":"PropertyValueSpecification","valueRequired":true,"valueName":"search_term_string"}}],"inLanguage":"de"}]}},"df_price":288.8,"df_sale_price":"","df_regular_price":288.8,"df_image_link":"https:\/\/newgarden.es\/wp-content\/uploads\/2021\/09\/ROCKET_145_CABLE_1200X1200-2-1-580x400.jpg","_links":{"self":[{"href":"https:\/\/newgarden.es\/de\/wp-json\/wp\/v2\/product\/36907"}],"collection":[{"href":"https:\/\/newgarden.es\/de\/wp-json\/wp\/v2\/product"}],"about":[{"href":"https:\/\/newgarden.es\/de\/wp-json\/wp\/v2\/types\/product"}],"wp:featuredmedia":[{"embeddable":true,"href":"https:\/\/newgarden.es\/de\/wp-json\/wp\/v2\/media\/59630"}],"wp:attachment":[{"href":"https:\/\/newgarden.es\/de\/wp-json\/wp\/v2\/media?parent=36907"}],"wp:term":[{"taxonomy":"product_cat","embeddable":true,"href":"https:\/\/newgarden.es\/de\/wp-json\/wp\/v2\/product_cat?post=36907"},{"taxonomy":"product_tag","embeddable":true,"href":"https:\/\/newgarden.es\/de\/wp-json\/wp\/v2\/product_tag?post=36907"}],"curies":[{"name":"wp","href":"https:\/\/api.w.org\/{rel}","templated":true}]}}