{"id":36989,"date":"2021-09-14T16:22:58","date_gmt":"2021-09-14T14:22:59","guid":{"rendered":"https:\/\/newgarden.es\/?post_type=product&#038;p=36989"},"modified":"2024-06-07T14:39:29","modified_gmt":"2024-06-07T12:39:29","slug":"dekorative-leuchte-saona-70-copia","status":"publish","type":"product","link":"https:\/\/newgarden.es\/de\/shop\/lightdeco-de\/stehlampe\/dekorative-leuchte-saona-70-copia\/","title":{"rendered":"DEKORATIVE LAMPE SAONA 70 | INDOOR USE"},"content":{"rendered":"<section class=\"wpb-content-wrapper\"><p>[vc_row][vc_column][vc_column_text][\/vc_column_text][\/vc_column][\/vc_row][vc_row][vc_column][vc_column_text]Die dekorative Lampe SAONA 70 ist aus Naturfasern handgeflochten. Diese Lampe ist die perfekte Erg\u00e4nzung, um jeden Raum in Ihrem Haus oder Garten zu beleuchten und ihm einen nat\u00fcrlichen Touch zu verleihen.<\/p>\n<p>SAONA 70 In &amp; Out dekorative Lampe mit Kabel: Die In &amp; Out dekorative Lampe mit Kabel hat eine E27 Gl\u00fchbirne eingebaut, diese Leuchte ist sowohl in der Lichttemperatur (wir k\u00f6nnen von kalt auf warm umschalten) als auch in der Intensit\u00e4t einstellbar. Sie verf\u00fcgt auch \u00fcber eine Zeitschaltuhr und einen Lichtgruppenersteller, um mehrere Lampen dieses Systems mit derselben Fernbedienung zu steuern. Das Kabel ist mit Jutefasern ummantelt, was der Lampe einen organischen Touch verleiht.<br \/>\nDiese Leuchte ist Teil der SAONA-Familie und kann mit einer H\u00e4ngeleuchte und einer Tischleuchte kombiniert werden.[\/vc_column_text][vc_video link=&#8221;https:\/\/youtu.be\/hexzLEQmlKQ&#8221;][\/vc_column][\/vc_row][vc_row][vc_column width=&#8221;1\/2&#8243;][vc_btn title=&#8221;Technisches Datenblatt&#8221; style=&#8221;custom&#8221; custom_background=&#8221;#009bc2&#8243; custom_text=&#8221;#ffffff&#8221; shape=&#8221;square&#8221; el_class=&#8221;btn_descargar_ficha&#8221; link=&#8221;url:https%3A%2F%2Fbit.ly%2F3xDgeFa|target:%20_blank|&#8221;][vc_btn title=&#8221;FICHA T\u00c9CNICA CABLE IN&amp;OUT&#8221; style=&#8221;custom&#8221; custom_background=&#8221;#009bc2&#8243; custom_text=&#8221;#ffffff&#8221; shape=&#8221;square&#8221; el_class=&#8221;btn_descargar_ficha&#8221; link=&#8221;url:https%3A%2F%2Fbit.ly%2F3Spfw7Q|target:%20_blank|&#8221;][\/vc_column][vc_column width=&#8221;1\/2&#8243;][vc_btn title=&#8221;BEDIENUNGSANLEITUNG&#8221; style=&#8221;custom&#8221; custom_background=&#8221;#009bc2&#8243; custom_text=&#8221;#ffffff&#8221; shape=&#8221;square&#8221; el_class=&#8221;btn_descargar_ficha&#8221; link=&#8221;url:https%3A%2F%2Fbit.ly%2F3SlE8ys|target:%20_blank|&#8221;][vc_btn title=&#8221;MANUAL DE INSTRUCCIONES CABLE IN&amp;OUT&#8221; style=&#8221;custom&#8221; custom_background=&#8221;#009bc2&#8243; custom_text=&#8221;#ffffff&#8221; shape=&#8221;square&#8221; el_class=&#8221;btn_descargar_ficha&#8221; link=&#8221;url:https%3A%2F%2Fbit.ly%2F3d2fjrk|target:%20_blank|&#8221;][\/vc_column][\/vc_row]<\/p>\n<\/section>","protected":false},"excerpt":{"rendered":"<p>Dekorative Lampe SAONA 70 | INDOOR USE<\/p>\n","protected":false},"featured_media":59576,"template":"","meta":[],"product_cat":[1696,763,767,1225,1248],"product_tag":[1226,765],"class_list":{"0":"post-36989","1":"product","2":"type-product","3":"status-publish","4":"has-post-thumbnail","6":"product_cat-productos-de","7":"product_cat-lightdeco-de","8":"product_cat-stehlampe","9":"product_cat-interior-de","10":"product_cat-stehlampen-fur-den-innenbereich","11":"product_tag-interior-de","12":"product_tag-kabel","14":"first","15":"instock","16":"taxable","17":"shipping-taxable","18":"purchasable","19":"product-type-variable"},"yoast_head":"<!-- This site is optimized with the Yoast SEO plugin v24.2 - https:\/\/yoast.com\/wordpress\/plugins\/seo\/ -->\n<title>DEKORATIVE LAMPE SAONA 70 | INDOOR USE - Newgarden<\/title>\n<meta name=\"description\" content=\"Die Dekolampe SAONA 70 ist die perfekte Erg\u00e4nzung, um jeden Raum in Ihrem Haus oder Garten zu beleuchten und ihm einen nat\u00fcrlichen Touch zu verleihen.\" \/>\n<meta name=\"robots\" content=\"index, follow, max-snippet:-1, max-image-preview:large, max-video-preview:-1\" \/>\n<link rel=\"canonical\" href=\"https:\/\/newgarden.es\/de\/shop\/lightdeco-de\/stehlampe\/dekorative-leuchte-saona-70-copia\/\" \/>\n<meta property=\"og:locale\" content=\"de_DE\" \/>\n<meta property=\"og:type\" content=\"article\" \/>\n<meta property=\"og:title\" content=\"DEKORATIVE LAMPE SAONA 70 | INDOOR USE - Newgarden\" \/>\n<meta property=\"og:description\" content=\"Die Dekolampe SAONA 70 ist die perfekte Erg\u00e4nzung, um jeden Raum in Ihrem Haus oder Garten zu beleuchten und ihm einen nat\u00fcrlichen Touch zu verleihen.\" \/>\n<meta property=\"og:url\" content=\"https:\/\/newgarden.es\/de\/shop\/lightdeco-de\/stehlampe\/dekorative-leuchte-saona-70-copia\/\" \/>\n<meta property=\"og:site_name\" content=\"Newgarden\" \/>\n<meta property=\"article:modified_time\" content=\"2024-06-07T12:39:29+00:00\" \/>\n<meta property=\"og:image\" content=\"https:\/\/newgarden.es\/wp-content\/uploads\/2021\/09\/SAONA_70_CABLE_1200X1200-12-1.jpg\" \/>\n\t<meta property=\"og:image:width\" content=\"1200\" \/>\n\t<meta property=\"og:image:height\" content=\"1200\" \/>\n\t<meta property=\"og:image:type\" content=\"image\/jpeg\" \/>\n<meta name=\"twitter:card\" content=\"summary_large_image\" \/>\n<meta name=\"twitter:label1\" content=\"Gesch\u00e4tzte Lesezeit\" \/>\n\t<meta name=\"twitter:data1\" content=\"2\u00a0Minuten\" \/>\n<script type=\"application\/ld+json\" class=\"yoast-schema-graph\">{\"@context\":\"https:\/\/schema.org\",\"@graph\":[{\"@type\":\"WebPage\",\"@id\":\"https:\/\/newgarden.es\/de\/shop\/lightdeco-de\/stehlampe\/dekorative-leuchte-saona-70-copia\/\",\"url\":\"https:\/\/newgarden.es\/de\/shop\/lightdeco-de\/stehlampe\/dekorative-leuchte-saona-70-copia\/\",\"name\":\"DEKORATIVE LAMPE SAONA 70 | INDOOR USE - Newgarden\",\"isPartOf\":{\"@id\":\"https:\/\/newgarden.es\/#website\"},\"primaryImageOfPage\":{\"@id\":\"https:\/\/newgarden.es\/de\/shop\/lightdeco-de\/stehlampe\/dekorative-leuchte-saona-70-copia\/#primaryimage\"},\"image\":{\"@id\":\"https:\/\/newgarden.es\/de\/shop\/lightdeco-de\/stehlampe\/dekorative-leuchte-saona-70-copia\/#primaryimage\"},\"thumbnailUrl\":\"https:\/\/newgarden.es\/wp-content\/uploads\/2021\/09\/SAONA_70_CABLE_1200X1200-12-1.jpg\",\"datePublished\":\"2021-09-14T14:22:59+00:00\",\"dateModified\":\"2024-06-07T12:39:29+00:00\",\"description\":\"Die Dekolampe SAONA 70 ist die perfekte Erg\u00e4nzung, um jeden Raum in Ihrem Haus oder Garten zu beleuchten und ihm einen nat\u00fcrlichen Touch zu verleihen.\",\"breadcrumb\":{\"@id\":\"https:\/\/newgarden.es\/de\/shop\/lightdeco-de\/stehlampe\/dekorative-leuchte-saona-70-copia\/#breadcrumb\"},\"inLanguage\":\"de\",\"potentialAction\":[{\"@type\":\"ReadAction\",\"target\":[\"https:\/\/newgarden.es\/de\/shop\/lightdeco-de\/stehlampe\/dekorative-leuchte-saona-70-copia\/\"]}]},{\"@type\":\"ImageObject\",\"inLanguage\":\"de\",\"@id\":\"https:\/\/newgarden.es\/de\/shop\/lightdeco-de\/stehlampe\/dekorative-leuchte-saona-70-copia\/#primaryimage\",\"url\":\"https:\/\/newgarden.es\/wp-content\/uploads\/2021\/09\/SAONA_70_CABLE_1200X1200-12-1.jpg\",\"contentUrl\":\"https:\/\/newgarden.es\/wp-content\/uploads\/2021\/09\/SAONA_70_CABLE_1200X1200-12-1.jpg\",\"width\":1200,\"height\":1200},{\"@type\":\"BreadcrumbList\",\"@id\":\"https:\/\/newgarden.es\/de\/shop\/lightdeco-de\/stehlampe\/dekorative-leuchte-saona-70-copia\/#breadcrumb\",\"itemListElement\":[{\"@type\":\"ListItem\",\"position\":1,\"name\":\"Home\",\"item\":\"https:\/\/newgarden.es\/de\/\"},{\"@type\":\"ListItem\",\"position\":2,\"name\":\"Shop\",\"item\":\"https:\/\/newgarden.es\/de\/shop\/\"},{\"@type\":\"ListItem\",\"position\":3,\"name\":\"DEKORATIVE LAMPE SAONA 70 | INDOOR USE\"}]},{\"@type\":\"WebSite\",\"@id\":\"https:\/\/newgarden.es\/#website\",\"url\":\"https:\/\/newgarden.es\/\",\"name\":\"Newgarden\",\"description\":\"Be happy\",\"potentialAction\":[{\"@type\":\"SearchAction\",\"target\":{\"@type\":\"EntryPoint\",\"urlTemplate\":\"https:\/\/newgarden.es\/?s={search_term_string}\"},\"query-input\":{\"@type\":\"PropertyValueSpecification\",\"valueRequired\":true,\"valueName\":\"search_term_string\"}}],\"inLanguage\":\"de\"}]}<\/script>\n<!-- \/ Yoast SEO plugin. -->","yoast_head_json":{"title":"DEKORATIVE LAMPE SAONA 70 | INDOOR USE - Newgarden","description":"Die Dekolampe SAONA 70 ist die perfekte Erg\u00e4nzung, um jeden Raum in Ihrem Haus oder Garten zu beleuchten und ihm einen nat\u00fcrlichen Touch zu verleihen.","robots":{"index":"index","follow":"follow","max-snippet":"max-snippet:-1","max-image-preview":"max-image-preview:large","max-video-preview":"max-video-preview:-1"},"canonical":"https:\/\/newgarden.es\/de\/shop\/lightdeco-de\/stehlampe\/dekorative-leuchte-saona-70-copia\/","og_locale":"de_DE","og_type":"article","og_title":"DEKORATIVE LAMPE SAONA 70 | INDOOR USE - Newgarden","og_description":"Die Dekolampe SAONA 70 ist die perfekte Erg\u00e4nzung, um jeden Raum in Ihrem Haus oder Garten zu beleuchten und ihm einen nat\u00fcrlichen Touch zu verleihen.","og_url":"https:\/\/newgarden.es\/de\/shop\/lightdeco-de\/stehlampe\/dekorative-leuchte-saona-70-copia\/","og_site_name":"Newgarden","article_modified_time":"2024-06-07T12:39:29+00:00","og_image":[{"width":1200,"height":1200,"url":"https:\/\/newgarden.es\/wp-content\/uploads\/2021\/09\/SAONA_70_CABLE_1200X1200-12-1.jpg","type":"image\/jpeg"}],"twitter_card":"summary_large_image","twitter_misc":{"Gesch\u00e4tzte Lesezeit":"2\u00a0Minuten"},"schema":{"@context":"https:\/\/schema.org","@graph":[{"@type":"WebPage","@id":"https:\/\/newgarden.es\/de\/shop\/lightdeco-de\/stehlampe\/dekorative-leuchte-saona-70-copia\/","url":"https:\/\/newgarden.es\/de\/shop\/lightdeco-de\/stehlampe\/dekorative-leuchte-saona-70-copia\/","name":"DEKORATIVE LAMPE SAONA 70 | INDOOR USE - Newgarden","isPartOf":{"@id":"https:\/\/newgarden.es\/#website"},"primaryImageOfPage":{"@id":"https:\/\/newgarden.es\/de\/shop\/lightdeco-de\/stehlampe\/dekorative-leuchte-saona-70-copia\/#primaryimage"},"image":{"@id":"https:\/\/newgarden.es\/de\/shop\/lightdeco-de\/stehlampe\/dekorative-leuchte-saona-70-copia\/#primaryimage"},"thumbnailUrl":"https:\/\/newgarden.es\/wp-content\/uploads\/2021\/09\/SAONA_70_CABLE_1200X1200-12-1.jpg","datePublished":"2021-09-14T14:22:59+00:00","dateModified":"2024-06-07T12:39:29+00:00","description":"Die Dekolampe SAONA 70 ist die perfekte Erg\u00e4nzung, um jeden Raum in Ihrem Haus oder Garten zu beleuchten und ihm einen nat\u00fcrlichen Touch zu verleihen.","breadcrumb":{"@id":"https:\/\/newgarden.es\/de\/shop\/lightdeco-de\/stehlampe\/dekorative-leuchte-saona-70-copia\/#breadcrumb"},"inLanguage":"de","potentialAction":[{"@type":"ReadAction","target":["https:\/\/newgarden.es\/de\/shop\/lightdeco-de\/stehlampe\/dekorative-leuchte-saona-70-copia\/"]}]},{"@type":"ImageObject","inLanguage":"de","@id":"https:\/\/newgarden.es\/de\/shop\/lightdeco-de\/stehlampe\/dekorative-leuchte-saona-70-copia\/#primaryimage","url":"https:\/\/newgarden.es\/wp-content\/uploads\/2021\/09\/SAONA_70_CABLE_1200X1200-12-1.jpg","contentUrl":"https:\/\/newgarden.es\/wp-content\/uploads\/2021\/09\/SAONA_70_CABLE_1200X1200-12-1.jpg","width":1200,"height":1200},{"@type":"BreadcrumbList","@id":"https:\/\/newgarden.es\/de\/shop\/lightdeco-de\/stehlampe\/dekorative-leuchte-saona-70-copia\/#breadcrumb","itemListElement":[{"@type":"ListItem","position":1,"name":"Home","item":"https:\/\/newgarden.es\/de\/"},{"@type":"ListItem","position":2,"name":"Shop","item":"https:\/\/newgarden.es\/de\/shop\/"},{"@type":"ListItem","position":3,"name":"DEKORATIVE LAMPE SAONA 70 | INDOOR USE"}]},{"@type":"WebSite","@id":"https:\/\/newgarden.es\/#website","url":"https:\/\/newgarden.es\/","name":"Newgarden","description":"Be happy","potentialAction":[{"@type":"SearchAction","target":{"@type":"EntryPoint","urlTemplate":"https:\/\/newgarden.es\/?s={search_term_string}"},"query-input":{"@type":"PropertyValueSpecification","valueRequired":true,"valueName":"search_term_string"}}],"inLanguage":"de"}]}},"df_price":169,"df_sale_price":"","df_regular_price":169,"df_image_link":"https:\/\/newgarden.es\/wp-content\/uploads\/2021\/09\/SAONA_70_CABLE_1200X1200-12-1-580x400.jpg","_links":{"self":[{"href":"https:\/\/newgarden.es\/de\/wp-json\/wp\/v2\/product\/36989"}],"collection":[{"href":"https:\/\/newgarden.es\/de\/wp-json\/wp\/v2\/product"}],"about":[{"href":"https:\/\/newgarden.es\/de\/wp-json\/wp\/v2\/types\/product"}],"wp:featuredmedia":[{"embeddable":true,"href":"https:\/\/newgarden.es\/de\/wp-json\/wp\/v2\/media\/59576"}],"wp:attachment":[{"href":"https:\/\/newgarden.es\/de\/wp-json\/wp\/v2\/media?parent=36989"}],"wp:term":[{"taxonomy":"product_cat","embeddable":true,"href":"https:\/\/newgarden.es\/de\/wp-json\/wp\/v2\/product_cat?post=36989"},{"taxonomy":"product_tag","embeddable":true,"href":"https:\/\/newgarden.es\/de\/wp-json\/wp\/v2\/product_tag?post=36989"}],"curies":[{"name":"wp","href":"https:\/\/api.w.org\/{rel}","templated":true}]}}