{"id":37059,"date":"2021-09-15T13:29:36","date_gmt":"2021-09-15T11:29:39","guid":{"rendered":"https:\/\/newgarden.es\/?post_type=product&#038;p=37059"},"modified":"2024-06-14T08:53:32","modified_gmt":"2024-06-14T06:53:32","slug":"rudy-copia","status":"publish","type":"product","link":"https:\/\/newgarden.es\/de\/shop\/lightdeco-de\/tischlampe\/rudy-copia\/","title":{"rendered":"RUDY BELEUCHTETES RENTIER | F\u00dcR DEN INNENBEREICH"},"content":{"rendered":"<section class=\"wpb-content-wrapper\"><p>[vc_row][vc_column][vc_column_text]<\/p>\n<p>[\/vc_column_text][\/vc_column][\/vc_row][vc_row][vc_column el_class=&#8221;descripcion_producto&#8221;][vc_column_text]Rudy ist ein originelles und elegantes beleuchtetes Rentier, das sich ideal zur Dekoration von Innen- und Au\u00dfenbereichen eignet. Ideal f\u00fcr das ganze Jahr und die Weihnachtszeit.<\/p>\n<p>Alle Newgarden-Produkte werden aus Polyethylen hergestellt, wodurch sie leicht und sehr widerstandsf\u00e4hig sind. Sie widerstehen extremen Temperaturschwankungen und sind gegen UV-Strahlen gesch\u00fctzt, so dass die Lebensdauer des Produkts nahezu unbegrenzt ist.<\/p>\n<p>[\/vc_column_text][\/vc_column][\/vc_row][vc_row disable_element=&#8221;yes&#8221;][vc_column][vc_single_image image=&#8221;6566&#8243; img_size=&#8221;full&#8221;][\/vc_column][\/vc_row][vc_row][vc_column width=&#8221;1\/2&#8243;][vc_btn title=&#8221;Technisches Datenblatt&#8221; style=&#8221;custom&#8221; custom_background=&#8221;#009bc2&#8243; custom_text=&#8221;#ffffff&#8221; shape=&#8221;square&#8221; el_class=&#8221;btn_descargar_ficha&#8221; link=&#8221;url:https%3A%2F%2Fbit.ly%2F3OigsIL|target:%20_blank|&#8221;][vc_btn title=&#8221;Technisches Datenblatt&#8221; style=&#8221;custom&#8221; custom_background=&#8221;#009bc2&#8243; custom_text=&#8221;#ffffff&#8221; shape=&#8221;square&#8221; el_class=&#8221;btn_descargar_ficha&#8221; link=&#8221;url:https%3A%2F%2Fbit.ly%2F3bgFYzD|target:%20_blank|&#8221;][\/vc_column][vc_column width=&#8221;1\/2&#8243;][vc_btn title=&#8221;BEDIENUNGSANLEITUNG&#8221; style=&#8221;custom&#8221; custom_background=&#8221;#009bc2&#8243; custom_text=&#8221;#ffffff&#8221; shape=&#8221;square&#8221; link=&#8221;url:https%3A%2F%2Fbit.ly%2F3zvlZFH|target:%20_blank|&#8221; el_class=&#8221;btn_descargar_ficha&#8221;][vc_btn title=&#8221;BEDIENUNGSANLEITUNG&#8221; style=&#8221;custom&#8221; custom_background=&#8221;#009bc2&#8243; custom_text=&#8221;#ffffff&#8221; shape=&#8221;square&#8221; link=&#8221;url:https%3A%2F%2Fbit.ly%2F3Spfw7Q|target:%20_blank|&#8221; el_class=&#8221;btn_descargar_ficha&#8221;][\/vc_column][\/vc_row]<\/p>\n<\/section>","protected":false},"excerpt":{"rendered":"<h1 style=\"font-size: 12px\">Rudy, Lampe in Form eines Rentiers<\/h1>\n","protected":false},"featured_media":59389,"template":"","meta":[],"product_cat":[1696,763,764,1225,1589,811],"product_tag":[793,1226,765,789],"class_list":{"0":"post-37059","1":"product","2":"type-product","3":"status-publish","4":"has-post-thumbnail","6":"product_cat-productos-de","7":"product_cat-lightdeco-de","8":"product_cat-tischlampe","9":"product_cat-interior-de","10":"product_cat-innenbereich-de","11":"product_cat-weihnachten","12":"product_tag-drahtlose","13":"product_tag-interior-de","14":"product_tag-kabel","15":"product_tag-solar-de","17":"first","18":"instock","19":"taxable","20":"shipping-taxable","21":"purchasable","22":"product-type-variable"},"yoast_head":"<!-- This site is optimized with the Yoast SEO plugin v24.2 - https:\/\/yoast.com\/wordpress\/plugins\/seo\/ -->\n<title>RUDY innere dekorative geformte Au\u00dfenleuchte und Rentier<\/title>\n<meta name=\"description\" content=\"Rudy ist eine originelle und stilvolle Rentiere dekorative Lampe beleuchtet ideale Atmosph\u00e4re f\u00fcr sowohl das \u00c4u\u00dfere und Innere Ihres Hauses. Perfekt f\u00fcr den Einsatz w\u00e4hrend des ganzen Jahres und die Ferienzeit. Erh\u00e4ltlich in Smarttech Sonne Finish und Draht f\u00fcr den Innenbereich (warmwei\u00df)\" \/>\n<meta name=\"robots\" content=\"index, follow, max-snippet:-1, max-image-preview:large, max-video-preview:-1\" \/>\n<link rel=\"canonical\" href=\"https:\/\/newgarden.es\/de\/shop\/lightdeco-de\/tischlampe\/rudy-copia\/\" \/>\n<meta property=\"og:locale\" content=\"de_DE\" \/>\n<meta property=\"og:type\" content=\"article\" \/>\n<meta property=\"og:title\" content=\"RUDY innere dekorative geformte Au\u00dfenleuchte und Rentier\" \/>\n<meta property=\"og:description\" content=\"Rudy ist eine originelle und stilvolle Rentiere dekorative Lampe beleuchtet ideale Atmosph\u00e4re f\u00fcr sowohl das \u00c4u\u00dfere und Innere Ihres Hauses. Perfekt f\u00fcr den Einsatz w\u00e4hrend des ganzen Jahres und die Ferienzeit. Erh\u00e4ltlich in Smarttech Sonne Finish und Draht f\u00fcr den Innenbereich (warmwei\u00df)\" \/>\n<meta property=\"og:url\" content=\"https:\/\/newgarden.es\/de\/shop\/lightdeco-de\/tischlampe\/rudy-copia\/\" \/>\n<meta property=\"og:site_name\" content=\"Newgarden\" \/>\n<meta property=\"article:modified_time\" content=\"2024-06-14T06:53:32+00:00\" \/>\n<meta property=\"og:image\" content=\"https:\/\/newgarden.es\/wp-content\/uploads\/2021\/09\/RUDY_1200X1200-5.jpg\" \/>\n\t<meta property=\"og:image:width\" content=\"1200\" \/>\n\t<meta property=\"og:image:height\" content=\"1200\" \/>\n\t<meta property=\"og:image:type\" content=\"image\/jpeg\" \/>\n<meta name=\"twitter:card\" content=\"summary_large_image\" \/>\n<meta name=\"twitter:label1\" content=\"Gesch\u00e4tzte Lesezeit\" \/>\n\t<meta name=\"twitter:data1\" content=\"1\u00a0Minute\" \/>\n<script type=\"application\/ld+json\" class=\"yoast-schema-graph\">{\"@context\":\"https:\/\/schema.org\",\"@graph\":[{\"@type\":\"WebPage\",\"@id\":\"https:\/\/newgarden.es\/de\/shop\/lightdeco-de\/tischlampe\/rudy-copia\/\",\"url\":\"https:\/\/newgarden.es\/de\/shop\/lightdeco-de\/tischlampe\/rudy-copia\/\",\"name\":\"RUDY innere dekorative geformte Au\u00dfenleuchte und Rentier\",\"isPartOf\":{\"@id\":\"https:\/\/newgarden.es\/#website\"},\"primaryImageOfPage\":{\"@id\":\"https:\/\/newgarden.es\/de\/shop\/lightdeco-de\/tischlampe\/rudy-copia\/#primaryimage\"},\"image\":{\"@id\":\"https:\/\/newgarden.es\/de\/shop\/lightdeco-de\/tischlampe\/rudy-copia\/#primaryimage\"},\"thumbnailUrl\":\"https:\/\/newgarden.es\/wp-content\/uploads\/2021\/09\/RUDY_1200X1200-5.jpg\",\"datePublished\":\"2021-09-15T11:29:39+00:00\",\"dateModified\":\"2024-06-14T06:53:32+00:00\",\"description\":\"Rudy ist eine originelle und stilvolle Rentiere dekorative Lampe beleuchtet ideale Atmosph\u00e4re f\u00fcr sowohl das \u00c4u\u00dfere und Innere Ihres Hauses. Perfekt f\u00fcr den Einsatz w\u00e4hrend des ganzen Jahres und die Ferienzeit. Erh\u00e4ltlich in Smarttech Sonne Finish und Draht f\u00fcr den Innenbereich (warmwei\u00df)\",\"breadcrumb\":{\"@id\":\"https:\/\/newgarden.es\/de\/shop\/lightdeco-de\/tischlampe\/rudy-copia\/#breadcrumb\"},\"inLanguage\":\"de\",\"potentialAction\":[{\"@type\":\"ReadAction\",\"target\":[\"https:\/\/newgarden.es\/de\/shop\/lightdeco-de\/tischlampe\/rudy-copia\/\"]}]},{\"@type\":\"ImageObject\",\"inLanguage\":\"de\",\"@id\":\"https:\/\/newgarden.es\/de\/shop\/lightdeco-de\/tischlampe\/rudy-copia\/#primaryimage\",\"url\":\"https:\/\/newgarden.es\/wp-content\/uploads\/2021\/09\/RUDY_1200X1200-5.jpg\",\"contentUrl\":\"https:\/\/newgarden.es\/wp-content\/uploads\/2021\/09\/RUDY_1200X1200-5.jpg\",\"width\":1200,\"height\":1200},{\"@type\":\"BreadcrumbList\",\"@id\":\"https:\/\/newgarden.es\/de\/shop\/lightdeco-de\/tischlampe\/rudy-copia\/#breadcrumb\",\"itemListElement\":[{\"@type\":\"ListItem\",\"position\":1,\"name\":\"Home\",\"item\":\"https:\/\/newgarden.es\/de\/\"},{\"@type\":\"ListItem\",\"position\":2,\"name\":\"Shop\",\"item\":\"https:\/\/newgarden.es\/de\/shop\/\"},{\"@type\":\"ListItem\",\"position\":3,\"name\":\"RUDY BELEUCHTETES RENTIER | F\u00dcR DEN INNENBEREICH\"}]},{\"@type\":\"WebSite\",\"@id\":\"https:\/\/newgarden.es\/#website\",\"url\":\"https:\/\/newgarden.es\/\",\"name\":\"Newgarden\",\"description\":\"Be happy\",\"potentialAction\":[{\"@type\":\"SearchAction\",\"target\":{\"@type\":\"EntryPoint\",\"urlTemplate\":\"https:\/\/newgarden.es\/?s={search_term_string}\"},\"query-input\":{\"@type\":\"PropertyValueSpecification\",\"valueRequired\":true,\"valueName\":\"search_term_string\"}}],\"inLanguage\":\"de\"}]}<\/script>\n<!-- \/ Yoast SEO plugin. -->","yoast_head_json":{"title":"RUDY innere dekorative geformte Au\u00dfenleuchte und Rentier","description":"Rudy ist eine originelle und stilvolle Rentiere dekorative Lampe beleuchtet ideale Atmosph\u00e4re f\u00fcr sowohl das \u00c4u\u00dfere und Innere Ihres Hauses. Perfekt f\u00fcr den Einsatz w\u00e4hrend des ganzen Jahres und die Ferienzeit. Erh\u00e4ltlich in Smarttech Sonne Finish und Draht f\u00fcr den Innenbereich (warmwei\u00df)","robots":{"index":"index","follow":"follow","max-snippet":"max-snippet:-1","max-image-preview":"max-image-preview:large","max-video-preview":"max-video-preview:-1"},"canonical":"https:\/\/newgarden.es\/de\/shop\/lightdeco-de\/tischlampe\/rudy-copia\/","og_locale":"de_DE","og_type":"article","og_title":"RUDY innere dekorative geformte Au\u00dfenleuchte und Rentier","og_description":"Rudy ist eine originelle und stilvolle Rentiere dekorative Lampe beleuchtet ideale Atmosph\u00e4re f\u00fcr sowohl das \u00c4u\u00dfere und Innere Ihres Hauses. Perfekt f\u00fcr den Einsatz w\u00e4hrend des ganzen Jahres und die Ferienzeit. Erh\u00e4ltlich in Smarttech Sonne Finish und Draht f\u00fcr den Innenbereich (warmwei\u00df)","og_url":"https:\/\/newgarden.es\/de\/shop\/lightdeco-de\/tischlampe\/rudy-copia\/","og_site_name":"Newgarden","article_modified_time":"2024-06-14T06:53:32+00:00","og_image":[{"width":1200,"height":1200,"url":"https:\/\/newgarden.es\/wp-content\/uploads\/2021\/09\/RUDY_1200X1200-5.jpg","type":"image\/jpeg"}],"twitter_card":"summary_large_image","twitter_misc":{"Gesch\u00e4tzte Lesezeit":"1\u00a0Minute"},"schema":{"@context":"https:\/\/schema.org","@graph":[{"@type":"WebPage","@id":"https:\/\/newgarden.es\/de\/shop\/lightdeco-de\/tischlampe\/rudy-copia\/","url":"https:\/\/newgarden.es\/de\/shop\/lightdeco-de\/tischlampe\/rudy-copia\/","name":"RUDY innere dekorative geformte Au\u00dfenleuchte und Rentier","isPartOf":{"@id":"https:\/\/newgarden.es\/#website"},"primaryImageOfPage":{"@id":"https:\/\/newgarden.es\/de\/shop\/lightdeco-de\/tischlampe\/rudy-copia\/#primaryimage"},"image":{"@id":"https:\/\/newgarden.es\/de\/shop\/lightdeco-de\/tischlampe\/rudy-copia\/#primaryimage"},"thumbnailUrl":"https:\/\/newgarden.es\/wp-content\/uploads\/2021\/09\/RUDY_1200X1200-5.jpg","datePublished":"2021-09-15T11:29:39+00:00","dateModified":"2024-06-14T06:53:32+00:00","description":"Rudy ist eine originelle und stilvolle Rentiere dekorative Lampe beleuchtet ideale Atmosph\u00e4re f\u00fcr sowohl das \u00c4u\u00dfere und Innere Ihres Hauses. Perfekt f\u00fcr den Einsatz w\u00e4hrend des ganzen Jahres und die Ferienzeit. Erh\u00e4ltlich in Smarttech Sonne Finish und Draht f\u00fcr den Innenbereich (warmwei\u00df)","breadcrumb":{"@id":"https:\/\/newgarden.es\/de\/shop\/lightdeco-de\/tischlampe\/rudy-copia\/#breadcrumb"},"inLanguage":"de","potentialAction":[{"@type":"ReadAction","target":["https:\/\/newgarden.es\/de\/shop\/lightdeco-de\/tischlampe\/rudy-copia\/"]}]},{"@type":"ImageObject","inLanguage":"de","@id":"https:\/\/newgarden.es\/de\/shop\/lightdeco-de\/tischlampe\/rudy-copia\/#primaryimage","url":"https:\/\/newgarden.es\/wp-content\/uploads\/2021\/09\/RUDY_1200X1200-5.jpg","contentUrl":"https:\/\/newgarden.es\/wp-content\/uploads\/2021\/09\/RUDY_1200X1200-5.jpg","width":1200,"height":1200},{"@type":"BreadcrumbList","@id":"https:\/\/newgarden.es\/de\/shop\/lightdeco-de\/tischlampe\/rudy-copia\/#breadcrumb","itemListElement":[{"@type":"ListItem","position":1,"name":"Home","item":"https:\/\/newgarden.es\/de\/"},{"@type":"ListItem","position":2,"name":"Shop","item":"https:\/\/newgarden.es\/de\/shop\/"},{"@type":"ListItem","position":3,"name":"RUDY BELEUCHTETES RENTIER | F\u00dcR DEN INNENBEREICH"}]},{"@type":"WebSite","@id":"https:\/\/newgarden.es\/#website","url":"https:\/\/newgarden.es\/","name":"Newgarden","description":"Be happy","potentialAction":[{"@type":"SearchAction","target":{"@type":"EntryPoint","urlTemplate":"https:\/\/newgarden.es\/?s={search_term_string}"},"query-input":{"@type":"PropertyValueSpecification","valueRequired":true,"valueName":"search_term_string"}}],"inLanguage":"de"}]}},"df_price":62.9,"df_sale_price":"","df_regular_price":62.9,"df_image_link":"https:\/\/newgarden.es\/wp-content\/uploads\/2021\/09\/RUDY_1200X1200-5-580x400.jpg","_links":{"self":[{"href":"https:\/\/newgarden.es\/de\/wp-json\/wp\/v2\/product\/37059"}],"collection":[{"href":"https:\/\/newgarden.es\/de\/wp-json\/wp\/v2\/product"}],"about":[{"href":"https:\/\/newgarden.es\/de\/wp-json\/wp\/v2\/types\/product"}],"wp:featuredmedia":[{"embeddable":true,"href":"https:\/\/newgarden.es\/de\/wp-json\/wp\/v2\/media\/59389"}],"wp:attachment":[{"href":"https:\/\/newgarden.es\/de\/wp-json\/wp\/v2\/media?parent=37059"}],"wp:term":[{"taxonomy":"product_cat","embeddable":true,"href":"https:\/\/newgarden.es\/de\/wp-json\/wp\/v2\/product_cat?post=37059"},{"taxonomy":"product_tag","embeddable":true,"href":"https:\/\/newgarden.es\/de\/wp-json\/wp\/v2\/product_tag?post=37059"}],"curies":[{"name":"wp","href":"https:\/\/api.w.org\/{rel}","templated":true}]}}