{"id":37150,"date":"2021-09-15T14:55:17","date_gmt":"2021-09-15T12:55:18","guid":{"rendered":"https:\/\/newgarden.es\/?post_type=product&#038;p=37150"},"modified":"2021-10-04T11:38:01","modified_gmt":"2021-10-04T09:38:01","slug":"tisch-mit-klappe-licht-innen-benutzung","status":"publish","type":"product","link":"https:\/\/newgarden.es\/de\/shop\/moebel\/sitzgelegenheiten\/tisch-mit-klappe-licht-innen-benutzung\/","title":{"rendered":"BORA TISCH MIT LICHT | INNENBEREICH"},"content":{"rendered":"<section class=\"wpb-content-wrapper\"><p>[vc_row][vc_column el_class=&#8220;descripcion_producto&#8220;][vc_column_text]<br \/>\nDer Couchtisch Bora ist einer der Stars unter den Neuheiten von Newgarden.<\/p>\n<p>Seine kubische Form passt in jeden Au\u00dfen- oder Innenbereich, in den Garten, ins Gesch\u00e4ft oder in jede Ecke unseres Hauses.<\/p>\n<p>Es handelt sich um ein sehr stabiles und modulares Couchtischmodell, das Sie mit einer Platte in Bambus- oder Marmoroptik finden k\u00f6nnen. Sie ist auch mit der Option einer Kabelbeleuchtung mit Kaltlicht und in opakem Wei\u00df erh\u00e4ltlich.<\/p>\n<p>Das Modell Bora besteht aus Polyethylen und ist daher leicht und sehr widerstandsf\u00e4hig gegen extreme Temperaturen. Au\u00dferdem ist es gegen UV-Strahlen gesch\u00fctzt, was die Lebensdauer des Produkts au\u00dferordentlich verl\u00e4ngert.<br \/>\n[\/vc_column_text][\/vc_column][\/vc_row][vc_row disable_element=&#8220;yes&#8220;][vc_column][vc_single_image image=&#8220;6566&#8243; img_size=&#8220;full&#8220;][\/vc_column][\/vc_row][vc_row][vc_column width=&#8220;1\/2&#8243;][vc_btn title=&#8220;Technisches Datenblatt&#8220; style=&#8220;custom&#8220; custom_background=&#8220;#009bc2&#8243; custom_text=&#8220;#ffffff&#8220; shape=&#8220;square&#8220; link=&#8220;url:https%3A%2F%2Fdrive.google.com%2Fdrive%2Ffolders%2F198EB_3eL5Zoex7BkyEarkDmKUbf_gT9P|target:%20_blank|&#8220; el_class=&#8220;btn_descargar_ficha&#8220;][\/vc_column][vc_column width=&#8220;1\/2&#8243;][vc_btn title=&#8220;BEDIENUNGSANLEITUNG&#8220; style=&#8220;custom&#8220; custom_background=&#8220;#009bc2&#8243; custom_text=&#8220;#ffffff&#8220; shape=&#8220;square&#8220; el_class=&#8220;btn_descargar_ficha&#8220; link=&#8220;url:https%3A%2F%2Fnewgarden.es%2Fde%2F%3Fpage_id%3D25148|target:%20_blank|&#8220;][\/vc_column][\/vc_row]<\/p>\n<\/section>","protected":false},"excerpt":{"rendered":"<h1 style=\"font-size: 12px;\">COUCHTISCH MIT LICHT BORA<\/h1>\n","protected":false},"featured_media":63262,"template":"","meta":[],"product_cat":[763,1225,772,773],"product_tag":[793,765,789],"class_list":{"0":"post-37150","1":"product","2":"type-product","3":"status-publish","4":"has-post-thumbnail","6":"product_cat-lightdeco-de","7":"product_cat-interior-de","8":"product_cat-moebel","9":"product_cat-sitzgelegenheiten","10":"product_tag-drahtlose","11":"product_tag-kabel","12":"product_tag-solar-de","14":"first","15":"instock","16":"taxable","17":"shipping-taxable","18":"purchasable","19":"product-type-variable"},"yoast_head":"<!-- This site is optimized with the Yoast SEO plugin v24.2 - https:\/\/yoast.com\/wordpress\/plugins\/seo\/ -->\n<title>Bora beleuchteter Design-Couchtisch | Newgarden<\/title>\n<meta name=\"description\" content=\"Seine kubische Form passt in jeden Au\u00dfen- oder Innenraum, Garten, Gesch\u00e4ft oder in jede Ecke unseres Hauses.\" \/>\n<meta name=\"robots\" content=\"index, follow, max-snippet:-1, max-image-preview:large, max-video-preview:-1\" \/>\n<link rel=\"canonical\" href=\"https:\/\/newgarden.es\/de\/shop\/moebel\/sitzgelegenheiten\/tisch-mit-klappe-licht-innen-benutzung\/\" \/>\n<meta property=\"og:locale\" content=\"de_DE\" \/>\n<meta property=\"og:type\" content=\"article\" \/>\n<meta property=\"og:title\" content=\"Bora beleuchteter Design-Couchtisch | Newgarden\" \/>\n<meta property=\"og:description\" content=\"Seine kubische Form passt in jeden Au\u00dfen- oder Innenraum, Garten, Gesch\u00e4ft oder in jede Ecke unseres Hauses.\" \/>\n<meta property=\"og:url\" content=\"https:\/\/newgarden.es\/de\/shop\/moebel\/sitzgelegenheiten\/tisch-mit-klappe-licht-innen-benutzung\/\" \/>\n<meta property=\"og:site_name\" content=\"Newgarden\" \/>\n<meta property=\"article:modified_time\" content=\"2021-10-04T09:38:01+00:00\" \/>\n<meta property=\"og:image\" content=\"https:\/\/newgarden.es\/wp-content\/uploads\/2021\/09\/bora_1200x1200-5.jpg\" \/>\n\t<meta property=\"og:image:width\" content=\"1200\" \/>\n\t<meta property=\"og:image:height\" content=\"1200\" \/>\n\t<meta property=\"og:image:type\" content=\"image\/jpeg\" \/>\n<meta name=\"twitter:card\" content=\"summary_large_image\" \/>\n<meta name=\"twitter:label1\" content=\"Gesch\u00e4tzte Lesezeit\" \/>\n\t<meta name=\"twitter:data1\" content=\"1\u00a0Minute\" \/>\n<script type=\"application\/ld+json\" class=\"yoast-schema-graph\">{\"@context\":\"https:\/\/schema.org\",\"@graph\":[{\"@type\":\"WebPage\",\"@id\":\"https:\/\/newgarden.es\/de\/shop\/moebel\/sitzgelegenheiten\/tisch-mit-klappe-licht-innen-benutzung\/\",\"url\":\"https:\/\/newgarden.es\/de\/shop\/moebel\/sitzgelegenheiten\/tisch-mit-klappe-licht-innen-benutzung\/\",\"name\":\"Bora beleuchteter Design-Couchtisch | Newgarden\",\"isPartOf\":{\"@id\":\"https:\/\/newgarden.es\/#website\"},\"primaryImageOfPage\":{\"@id\":\"https:\/\/newgarden.es\/de\/shop\/moebel\/sitzgelegenheiten\/tisch-mit-klappe-licht-innen-benutzung\/#primaryimage\"},\"image\":{\"@id\":\"https:\/\/newgarden.es\/de\/shop\/moebel\/sitzgelegenheiten\/tisch-mit-klappe-licht-innen-benutzung\/#primaryimage\"},\"thumbnailUrl\":\"https:\/\/newgarden.es\/wp-content\/uploads\/2021\/09\/bora_1200x1200-5.jpg\",\"datePublished\":\"2021-09-15T12:55:18+00:00\",\"dateModified\":\"2021-10-04T09:38:01+00:00\",\"description\":\"Seine kubische Form passt in jeden Au\u00dfen- oder Innenraum, Garten, Gesch\u00e4ft oder in jede Ecke unseres Hauses.\",\"breadcrumb\":{\"@id\":\"https:\/\/newgarden.es\/de\/shop\/moebel\/sitzgelegenheiten\/tisch-mit-klappe-licht-innen-benutzung\/#breadcrumb\"},\"inLanguage\":\"de\",\"potentialAction\":[{\"@type\":\"ReadAction\",\"target\":[\"https:\/\/newgarden.es\/de\/shop\/moebel\/sitzgelegenheiten\/tisch-mit-klappe-licht-innen-benutzung\/\"]}]},{\"@type\":\"ImageObject\",\"inLanguage\":\"de\",\"@id\":\"https:\/\/newgarden.es\/de\/shop\/moebel\/sitzgelegenheiten\/tisch-mit-klappe-licht-innen-benutzung\/#primaryimage\",\"url\":\"https:\/\/newgarden.es\/wp-content\/uploads\/2021\/09\/bora_1200x1200-5.jpg\",\"contentUrl\":\"https:\/\/newgarden.es\/wp-content\/uploads\/2021\/09\/bora_1200x1200-5.jpg\",\"width\":1200,\"height\":1200},{\"@type\":\"BreadcrumbList\",\"@id\":\"https:\/\/newgarden.es\/de\/shop\/moebel\/sitzgelegenheiten\/tisch-mit-klappe-licht-innen-benutzung\/#breadcrumb\",\"itemListElement\":[{\"@type\":\"ListItem\",\"position\":1,\"name\":\"Home\",\"item\":\"https:\/\/newgarden.es\/de\/\"},{\"@type\":\"ListItem\",\"position\":2,\"name\":\"Shop\",\"item\":\"https:\/\/newgarden.es\/de\/shop\/\"},{\"@type\":\"ListItem\",\"position\":3,\"name\":\"BORA TISCH MIT LICHT | INNENBEREICH\"}]},{\"@type\":\"WebSite\",\"@id\":\"https:\/\/newgarden.es\/#website\",\"url\":\"https:\/\/newgarden.es\/\",\"name\":\"Newgarden\",\"description\":\"Be happy\",\"potentialAction\":[{\"@type\":\"SearchAction\",\"target\":{\"@type\":\"EntryPoint\",\"urlTemplate\":\"https:\/\/newgarden.es\/?s={search_term_string}\"},\"query-input\":{\"@type\":\"PropertyValueSpecification\",\"valueRequired\":true,\"valueName\":\"search_term_string\"}}],\"inLanguage\":\"de\"}]}<\/script>\n<!-- \/ Yoast SEO plugin. -->","yoast_head_json":{"title":"Bora beleuchteter Design-Couchtisch | Newgarden","description":"Seine kubische Form passt in jeden Au\u00dfen- oder Innenraum, Garten, Gesch\u00e4ft oder in jede Ecke unseres Hauses.","robots":{"index":"index","follow":"follow","max-snippet":"max-snippet:-1","max-image-preview":"max-image-preview:large","max-video-preview":"max-video-preview:-1"},"canonical":"https:\/\/newgarden.es\/de\/shop\/moebel\/sitzgelegenheiten\/tisch-mit-klappe-licht-innen-benutzung\/","og_locale":"de_DE","og_type":"article","og_title":"Bora beleuchteter Design-Couchtisch | Newgarden","og_description":"Seine kubische Form passt in jeden Au\u00dfen- oder Innenraum, Garten, Gesch\u00e4ft oder in jede Ecke unseres Hauses.","og_url":"https:\/\/newgarden.es\/de\/shop\/moebel\/sitzgelegenheiten\/tisch-mit-klappe-licht-innen-benutzung\/","og_site_name":"Newgarden","article_modified_time":"2021-10-04T09:38:01+00:00","og_image":[{"width":1200,"height":1200,"url":"https:\/\/newgarden.es\/wp-content\/uploads\/2021\/09\/bora_1200x1200-5.jpg","type":"image\/jpeg"}],"twitter_card":"summary_large_image","twitter_misc":{"Gesch\u00e4tzte Lesezeit":"1\u00a0Minute"},"schema":{"@context":"https:\/\/schema.org","@graph":[{"@type":"WebPage","@id":"https:\/\/newgarden.es\/de\/shop\/moebel\/sitzgelegenheiten\/tisch-mit-klappe-licht-innen-benutzung\/","url":"https:\/\/newgarden.es\/de\/shop\/moebel\/sitzgelegenheiten\/tisch-mit-klappe-licht-innen-benutzung\/","name":"Bora beleuchteter Design-Couchtisch | Newgarden","isPartOf":{"@id":"https:\/\/newgarden.es\/#website"},"primaryImageOfPage":{"@id":"https:\/\/newgarden.es\/de\/shop\/moebel\/sitzgelegenheiten\/tisch-mit-klappe-licht-innen-benutzung\/#primaryimage"},"image":{"@id":"https:\/\/newgarden.es\/de\/shop\/moebel\/sitzgelegenheiten\/tisch-mit-klappe-licht-innen-benutzung\/#primaryimage"},"thumbnailUrl":"https:\/\/newgarden.es\/wp-content\/uploads\/2021\/09\/bora_1200x1200-5.jpg","datePublished":"2021-09-15T12:55:18+00:00","dateModified":"2021-10-04T09:38:01+00:00","description":"Seine kubische Form passt in jeden Au\u00dfen- oder Innenraum, Garten, Gesch\u00e4ft oder in jede Ecke unseres Hauses.","breadcrumb":{"@id":"https:\/\/newgarden.es\/de\/shop\/moebel\/sitzgelegenheiten\/tisch-mit-klappe-licht-innen-benutzung\/#breadcrumb"},"inLanguage":"de","potentialAction":[{"@type":"ReadAction","target":["https:\/\/newgarden.es\/de\/shop\/moebel\/sitzgelegenheiten\/tisch-mit-klappe-licht-innen-benutzung\/"]}]},{"@type":"ImageObject","inLanguage":"de","@id":"https:\/\/newgarden.es\/de\/shop\/moebel\/sitzgelegenheiten\/tisch-mit-klappe-licht-innen-benutzung\/#primaryimage","url":"https:\/\/newgarden.es\/wp-content\/uploads\/2021\/09\/bora_1200x1200-5.jpg","contentUrl":"https:\/\/newgarden.es\/wp-content\/uploads\/2021\/09\/bora_1200x1200-5.jpg","width":1200,"height":1200},{"@type":"BreadcrumbList","@id":"https:\/\/newgarden.es\/de\/shop\/moebel\/sitzgelegenheiten\/tisch-mit-klappe-licht-innen-benutzung\/#breadcrumb","itemListElement":[{"@type":"ListItem","position":1,"name":"Home","item":"https:\/\/newgarden.es\/de\/"},{"@type":"ListItem","position":2,"name":"Shop","item":"https:\/\/newgarden.es\/de\/shop\/"},{"@type":"ListItem","position":3,"name":"BORA TISCH MIT LICHT | INNENBEREICH"}]},{"@type":"WebSite","@id":"https:\/\/newgarden.es\/#website","url":"https:\/\/newgarden.es\/","name":"Newgarden","description":"Be happy","potentialAction":[{"@type":"SearchAction","target":{"@type":"EntryPoint","urlTemplate":"https:\/\/newgarden.es\/?s={search_term_string}"},"query-input":{"@type":"PropertyValueSpecification","valueRequired":true,"valueName":"search_term_string"}}],"inLanguage":"de"}]}},"df_price":156.5,"df_sale_price":"","df_regular_price":156.5,"df_image_link":"https:\/\/newgarden.es\/wp-content\/uploads\/2021\/09\/bora_1200x1200-5-580x400.jpg","_links":{"self":[{"href":"https:\/\/newgarden.es\/de\/wp-json\/wp\/v2\/product\/37150"}],"collection":[{"href":"https:\/\/newgarden.es\/de\/wp-json\/wp\/v2\/product"}],"about":[{"href":"https:\/\/newgarden.es\/de\/wp-json\/wp\/v2\/types\/product"}],"wp:featuredmedia":[{"embeddable":true,"href":"https:\/\/newgarden.es\/de\/wp-json\/wp\/v2\/media\/63262"}],"wp:attachment":[{"href":"https:\/\/newgarden.es\/de\/wp-json\/wp\/v2\/media?parent=37150"}],"wp:term":[{"taxonomy":"product_cat","embeddable":true,"href":"https:\/\/newgarden.es\/de\/wp-json\/wp\/v2\/product_cat?post=37150"},{"taxonomy":"product_tag","embeddable":true,"href":"https:\/\/newgarden.es\/de\/wp-json\/wp\/v2\/product_tag?post=37150"}],"curies":[{"name":"wp","href":"https:\/\/api.w.org\/{rel}","templated":true}]}}