{"id":37286,"date":"2021-09-21T13:57:20","date_gmt":"2021-09-21T11:57:21","guid":{"rendered":"https:\/\/newgarden.es\/?post_type=product&#038;p=37286"},"modified":"2024-06-13T15:46:54","modified_gmt":"2024-06-13T13:46:54","slug":"wurfel-licht-gifty-20","status":"publish","type":"product","link":"https:\/\/newgarden.es\/de\/shop\/lightdeco-de\/weihnachten\/wurfel-licht-gifty-20\/","title":{"rendered":"BELEUCHTETER WEIHNACHTSW\u00dcRFEL GIFTY 20"},"content":{"rendered":"<section class=\"wpb-content-wrapper\"><p>[vc_row][vc_column el_class=&#8220;descripcion_producto&#8220;][vc_column_text]<br \/>\nDer beleuchtete Weihnachtsw\u00fcrfel von Gifty ist da, eine Lampe, die sich unter den Basisprodukten durchsetzt. Mit seiner quadratischen Form ist er das perfekte Element, um jede Ecke Ihres Hauses zu dekorieren. Der Gifty Leuchtw\u00fcrfel ist in verschiedenen Gr\u00f6\u00dfen erh\u00e4ltlich, so dass er in jede Ecke Ihrer Wohnung passt, und Sie k\u00f6nnen ihn sowohl mit wei\u00dfem Licht verkabelt als auch kabellos erhalten, falls Sie nicht vom Sofa aufstehen m\u00f6chten, um die Farbe oder die Intensit\u00e4t des Lichts zu \u00e4ndern. Perfekt f\u00fcr alle, die Tische mit einem anderen Design lieben.GIFTY TAPE INCLUDED<\/p>\n<p>Alle Newgarden-Produkte werden aus Polyethylen hergestellt, was sie leicht und \u00e4u\u00dferst widerstandsf\u00e4hig gegen extreme Temperaturen macht. Au\u00dferdem sind sie gegen UV-Strahlen gesch\u00fctzt, was die Lebensdauer des Produkts au\u00dferordentlich verl\u00e4ngert.<br \/>\n[\/vc_column_text][\/vc_column][\/vc_row][vc_row disable_element=&#8220;yes&#8220;][vc_column][vc_single_image image=&#8220;6566&#8243; img_size=&#8220;full&#8220;][\/vc_column][\/vc_row][vc_row][vc_column width=&#8220;1\/2&#8243;][vc_btn title=&#8220;Technisches Datenblatt&#8220; style=&#8220;custom&#8220; custom_background=&#8220;#009bc2&#8243; custom_text=&#8220;#ffffff&#8220; shape=&#8220;square&#8220; link=&#8220;url:https%3A%2F%2Fbit.ly%2F3bhTNxN|title:BELEUCHTETER%20WEIHNACHTSW%C3%9CRFEL%20GIFTY%2020|target:%20_blank|&#8220; el_class=&#8220;btn_descargar_ficha&#8220;][\/vc_column][vc_column width=&#8220;1\/2&#8243;][vc_btn title=&#8220;BEDIENUNGSANLEITUNG&#8220; style=&#8220;custom&#8220; custom_background=&#8220;#009bc2&#8243; custom_text=&#8220;#ffffff&#8220; shape=&#8220;square&#8220; link=&#8220;url:https%3A%2F%2Fbit.ly%2F3SjAKUO|title:BELEUCHTETER%20WEIHNACHTSW%C3%9CRFEL%20GIFTY%2020|target:%20_blank|&#8220; el_class=&#8220;btn_descargar_ficha&#8220;][\/vc_column][\/vc_row]<\/p>\n<\/section>","protected":false},"excerpt":{"rendered":"<h1 style=\"font-size: 12px;\">BELEUCHTETER WEIHNACHTSW\u00dcRFEL GIFTY 2<\/h1>\n","protected":false},"featured_media":59229,"template":"","meta":[],"product_cat":[763,1225,811],"product_tag":[793,789],"class_list":{"0":"post-37286","1":"product","2":"type-product","3":"status-publish","4":"has-post-thumbnail","6":"product_cat-lightdeco-de","7":"product_cat-interior-de","8":"product_cat-weihnachten","9":"product_tag-drahtlose","10":"product_tag-solar-de","12":"first","13":"instock","14":"taxable","15":"shipping-taxable","16":"purchasable","17":"product-type-variable"},"yoast_head":"<!-- This site is optimized with the Yoast SEO plugin v24.2 - https:\/\/yoast.com\/wordpress\/plugins\/seo\/ -->\n<title>GIFTY; Leuchtw\u00fcrfel f\u00fcr den Au\u00dfen- und Innenbereich mit Solarladung und wiederaufladbarer Batterie.<\/title>\n<meta name=\"description\" content=\"Der beleuchtete Weihnachtsw\u00fcrfel von Gifty ist da, eine Lampe, die sich unter den Basisprodukten durchsetzt. Mit seiner quadratischen Form ist er das perfekte Element, um jede Ecke Ihres Hauses zu dekorieren. Der Gifty Leuchtw\u00fcrfel ist in verschiedenen Gr\u00f6\u00dfen erh\u00e4ltlich, so dass er in jede Ecke Ihrer Wohnung passt, und Sie k\u00f6nnen ihn sowohl mit wei\u00dfem Licht verkabelt als auch kabellos erhalten, falls Sie nicht vom Sofa aufstehen m\u00f6chten, um die Farbe oder die Intensit\u00e4t des Lichts zu \u00e4ndern. Perfekt f\u00fcr alle, die Tische mit einem anderen Design lieben.GIFTY TAPE INCLUDED\" \/>\n<meta name=\"robots\" content=\"index, follow, max-snippet:-1, max-image-preview:large, max-video-preview:-1\" \/>\n<link rel=\"canonical\" href=\"https:\/\/newgarden.es\/de\/shop\/lightdeco-de\/weihnachten\/wurfel-licht-gifty-20\/\" \/>\n<meta property=\"og:locale\" content=\"de_DE\" \/>\n<meta property=\"og:type\" content=\"article\" \/>\n<meta property=\"og:title\" content=\"GIFTY; Leuchtw\u00fcrfel f\u00fcr den Au\u00dfen- und Innenbereich mit Solarladung und wiederaufladbarer Batterie.\" \/>\n<meta property=\"og:description\" content=\"Der beleuchtete Weihnachtsw\u00fcrfel von Gifty ist da, eine Lampe, die sich unter den Basisprodukten durchsetzt. Mit seiner quadratischen Form ist er das perfekte Element, um jede Ecke Ihres Hauses zu dekorieren. Der Gifty Leuchtw\u00fcrfel ist in verschiedenen Gr\u00f6\u00dfen erh\u00e4ltlich, so dass er in jede Ecke Ihrer Wohnung passt, und Sie k\u00f6nnen ihn sowohl mit wei\u00dfem Licht verkabelt als auch kabellos erhalten, falls Sie nicht vom Sofa aufstehen m\u00f6chten, um die Farbe oder die Intensit\u00e4t des Lichts zu \u00e4ndern. Perfekt f\u00fcr alle, die Tische mit einem anderen Design lieben.GIFTY TAPE INCLUDED\" \/>\n<meta property=\"og:url\" content=\"https:\/\/newgarden.es\/de\/shop\/lightdeco-de\/weihnachten\/wurfel-licht-gifty-20\/\" \/>\n<meta property=\"og:site_name\" content=\"Newgarden\" \/>\n<meta property=\"article:modified_time\" content=\"2024-06-13T13:46:54+00:00\" \/>\n<meta property=\"og:image\" content=\"https:\/\/newgarden.es\/wp-content\/uploads\/2021\/09\/Mesa-de-trabajo-33-copia-14.jpg\" \/>\n\t<meta property=\"og:image:width\" content=\"1200\" \/>\n\t<meta property=\"og:image:height\" content=\"1200\" \/>\n\t<meta property=\"og:image:type\" content=\"image\/jpeg\" \/>\n<meta name=\"twitter:card\" content=\"summary_large_image\" \/>\n<meta name=\"twitter:label1\" content=\"Gesch\u00e4tzte Lesezeit\" \/>\n\t<meta name=\"twitter:data1\" content=\"1\u00a0Minute\" \/>\n<script type=\"application\/ld+json\" class=\"yoast-schema-graph\">{\"@context\":\"https:\/\/schema.org\",\"@graph\":[{\"@type\":\"WebPage\",\"@id\":\"https:\/\/newgarden.es\/de\/shop\/lightdeco-de\/weihnachten\/wurfel-licht-gifty-20\/\",\"url\":\"https:\/\/newgarden.es\/de\/shop\/lightdeco-de\/weihnachten\/wurfel-licht-gifty-20\/\",\"name\":\"GIFTY; Leuchtw\u00fcrfel f\u00fcr den Au\u00dfen- und Innenbereich mit Solarladung und wiederaufladbarer Batterie.\",\"isPartOf\":{\"@id\":\"https:\/\/newgarden.es\/#website\"},\"primaryImageOfPage\":{\"@id\":\"https:\/\/newgarden.es\/de\/shop\/lightdeco-de\/weihnachten\/wurfel-licht-gifty-20\/#primaryimage\"},\"image\":{\"@id\":\"https:\/\/newgarden.es\/de\/shop\/lightdeco-de\/weihnachten\/wurfel-licht-gifty-20\/#primaryimage\"},\"thumbnailUrl\":\"https:\/\/newgarden.es\/wp-content\/uploads\/2021\/09\/Mesa-de-trabajo-33-copia-14.jpg\",\"datePublished\":\"2021-09-21T11:57:21+00:00\",\"dateModified\":\"2024-06-13T13:46:54+00:00\",\"description\":\"Der beleuchtete Weihnachtsw\u00fcrfel von Gifty ist da, eine Lampe, die sich unter den Basisprodukten durchsetzt. Mit seiner quadratischen Form ist er das perfekte Element, um jede Ecke Ihres Hauses zu dekorieren. Der Gifty Leuchtw\u00fcrfel ist in verschiedenen Gr\u00f6\u00dfen erh\u00e4ltlich, so dass er in jede Ecke Ihrer Wohnung passt, und Sie k\u00f6nnen ihn sowohl mit wei\u00dfem Licht verkabelt als auch kabellos erhalten, falls Sie nicht vom Sofa aufstehen m\u00f6chten, um die Farbe oder die Intensit\u00e4t des Lichts zu \u00e4ndern. Perfekt f\u00fcr alle, die Tische mit einem anderen Design lieben.GIFTY TAPE INCLUDED\",\"breadcrumb\":{\"@id\":\"https:\/\/newgarden.es\/de\/shop\/lightdeco-de\/weihnachten\/wurfel-licht-gifty-20\/#breadcrumb\"},\"inLanguage\":\"de\",\"potentialAction\":[{\"@type\":\"ReadAction\",\"target\":[\"https:\/\/newgarden.es\/de\/shop\/lightdeco-de\/weihnachten\/wurfel-licht-gifty-20\/\"]}]},{\"@type\":\"ImageObject\",\"inLanguage\":\"de\",\"@id\":\"https:\/\/newgarden.es\/de\/shop\/lightdeco-de\/weihnachten\/wurfel-licht-gifty-20\/#primaryimage\",\"url\":\"https:\/\/newgarden.es\/wp-content\/uploads\/2021\/09\/Mesa-de-trabajo-33-copia-14.jpg\",\"contentUrl\":\"https:\/\/newgarden.es\/wp-content\/uploads\/2021\/09\/Mesa-de-trabajo-33-copia-14.jpg\",\"width\":1200,\"height\":1200},{\"@type\":\"BreadcrumbList\",\"@id\":\"https:\/\/newgarden.es\/de\/shop\/lightdeco-de\/weihnachten\/wurfel-licht-gifty-20\/#breadcrumb\",\"itemListElement\":[{\"@type\":\"ListItem\",\"position\":1,\"name\":\"Home\",\"item\":\"https:\/\/newgarden.es\/de\/\"},{\"@type\":\"ListItem\",\"position\":2,\"name\":\"Shop\",\"item\":\"https:\/\/newgarden.es\/de\/shop\/\"},{\"@type\":\"ListItem\",\"position\":3,\"name\":\"BELEUCHTETER WEIHNACHTSW\u00dcRFEL GIFTY 20\"}]},{\"@type\":\"WebSite\",\"@id\":\"https:\/\/newgarden.es\/#website\",\"url\":\"https:\/\/newgarden.es\/\",\"name\":\"Newgarden\",\"description\":\"Be happy\",\"potentialAction\":[{\"@type\":\"SearchAction\",\"target\":{\"@type\":\"EntryPoint\",\"urlTemplate\":\"https:\/\/newgarden.es\/?s={search_term_string}\"},\"query-input\":{\"@type\":\"PropertyValueSpecification\",\"valueRequired\":true,\"valueName\":\"search_term_string\"}}],\"inLanguage\":\"de\"}]}<\/script>\n<!-- \/ Yoast SEO plugin. -->","yoast_head_json":{"title":"GIFTY; Leuchtw\u00fcrfel f\u00fcr den Au\u00dfen- und Innenbereich mit Solarladung und wiederaufladbarer Batterie.","description":"Der beleuchtete Weihnachtsw\u00fcrfel von Gifty ist da, eine Lampe, die sich unter den Basisprodukten durchsetzt. Mit seiner quadratischen Form ist er das perfekte Element, um jede Ecke Ihres Hauses zu dekorieren. Der Gifty Leuchtw\u00fcrfel ist in verschiedenen Gr\u00f6\u00dfen erh\u00e4ltlich, so dass er in jede Ecke Ihrer Wohnung passt, und Sie k\u00f6nnen ihn sowohl mit wei\u00dfem Licht verkabelt als auch kabellos erhalten, falls Sie nicht vom Sofa aufstehen m\u00f6chten, um die Farbe oder die Intensit\u00e4t des Lichts zu \u00e4ndern. Perfekt f\u00fcr alle, die Tische mit einem anderen Design lieben.GIFTY TAPE INCLUDED","robots":{"index":"index","follow":"follow","max-snippet":"max-snippet:-1","max-image-preview":"max-image-preview:large","max-video-preview":"max-video-preview:-1"},"canonical":"https:\/\/newgarden.es\/de\/shop\/lightdeco-de\/weihnachten\/wurfel-licht-gifty-20\/","og_locale":"de_DE","og_type":"article","og_title":"GIFTY; Leuchtw\u00fcrfel f\u00fcr den Au\u00dfen- und Innenbereich mit Solarladung und wiederaufladbarer Batterie.","og_description":"Der beleuchtete Weihnachtsw\u00fcrfel von Gifty ist da, eine Lampe, die sich unter den Basisprodukten durchsetzt. Mit seiner quadratischen Form ist er das perfekte Element, um jede Ecke Ihres Hauses zu dekorieren. Der Gifty Leuchtw\u00fcrfel ist in verschiedenen Gr\u00f6\u00dfen erh\u00e4ltlich, so dass er in jede Ecke Ihrer Wohnung passt, und Sie k\u00f6nnen ihn sowohl mit wei\u00dfem Licht verkabelt als auch kabellos erhalten, falls Sie nicht vom Sofa aufstehen m\u00f6chten, um die Farbe oder die Intensit\u00e4t des Lichts zu \u00e4ndern. Perfekt f\u00fcr alle, die Tische mit einem anderen Design lieben.GIFTY TAPE INCLUDED","og_url":"https:\/\/newgarden.es\/de\/shop\/lightdeco-de\/weihnachten\/wurfel-licht-gifty-20\/","og_site_name":"Newgarden","article_modified_time":"2024-06-13T13:46:54+00:00","og_image":[{"width":1200,"height":1200,"url":"https:\/\/newgarden.es\/wp-content\/uploads\/2021\/09\/Mesa-de-trabajo-33-copia-14.jpg","type":"image\/jpeg"}],"twitter_card":"summary_large_image","twitter_misc":{"Gesch\u00e4tzte Lesezeit":"1\u00a0Minute"},"schema":{"@context":"https:\/\/schema.org","@graph":[{"@type":"WebPage","@id":"https:\/\/newgarden.es\/de\/shop\/lightdeco-de\/weihnachten\/wurfel-licht-gifty-20\/","url":"https:\/\/newgarden.es\/de\/shop\/lightdeco-de\/weihnachten\/wurfel-licht-gifty-20\/","name":"GIFTY; Leuchtw\u00fcrfel f\u00fcr den Au\u00dfen- und Innenbereich mit Solarladung und wiederaufladbarer Batterie.","isPartOf":{"@id":"https:\/\/newgarden.es\/#website"},"primaryImageOfPage":{"@id":"https:\/\/newgarden.es\/de\/shop\/lightdeco-de\/weihnachten\/wurfel-licht-gifty-20\/#primaryimage"},"image":{"@id":"https:\/\/newgarden.es\/de\/shop\/lightdeco-de\/weihnachten\/wurfel-licht-gifty-20\/#primaryimage"},"thumbnailUrl":"https:\/\/newgarden.es\/wp-content\/uploads\/2021\/09\/Mesa-de-trabajo-33-copia-14.jpg","datePublished":"2021-09-21T11:57:21+00:00","dateModified":"2024-06-13T13:46:54+00:00","description":"Der beleuchtete Weihnachtsw\u00fcrfel von Gifty ist da, eine Lampe, die sich unter den Basisprodukten durchsetzt. Mit seiner quadratischen Form ist er das perfekte Element, um jede Ecke Ihres Hauses zu dekorieren. Der Gifty Leuchtw\u00fcrfel ist in verschiedenen Gr\u00f6\u00dfen erh\u00e4ltlich, so dass er in jede Ecke Ihrer Wohnung passt, und Sie k\u00f6nnen ihn sowohl mit wei\u00dfem Licht verkabelt als auch kabellos erhalten, falls Sie nicht vom Sofa aufstehen m\u00f6chten, um die Farbe oder die Intensit\u00e4t des Lichts zu \u00e4ndern. Perfekt f\u00fcr alle, die Tische mit einem anderen Design lieben.GIFTY TAPE INCLUDED","breadcrumb":{"@id":"https:\/\/newgarden.es\/de\/shop\/lightdeco-de\/weihnachten\/wurfel-licht-gifty-20\/#breadcrumb"},"inLanguage":"de","potentialAction":[{"@type":"ReadAction","target":["https:\/\/newgarden.es\/de\/shop\/lightdeco-de\/weihnachten\/wurfel-licht-gifty-20\/"]}]},{"@type":"ImageObject","inLanguage":"de","@id":"https:\/\/newgarden.es\/de\/shop\/lightdeco-de\/weihnachten\/wurfel-licht-gifty-20\/#primaryimage","url":"https:\/\/newgarden.es\/wp-content\/uploads\/2021\/09\/Mesa-de-trabajo-33-copia-14.jpg","contentUrl":"https:\/\/newgarden.es\/wp-content\/uploads\/2021\/09\/Mesa-de-trabajo-33-copia-14.jpg","width":1200,"height":1200},{"@type":"BreadcrumbList","@id":"https:\/\/newgarden.es\/de\/shop\/lightdeco-de\/weihnachten\/wurfel-licht-gifty-20\/#breadcrumb","itemListElement":[{"@type":"ListItem","position":1,"name":"Home","item":"https:\/\/newgarden.es\/de\/"},{"@type":"ListItem","position":2,"name":"Shop","item":"https:\/\/newgarden.es\/de\/shop\/"},{"@type":"ListItem","position":3,"name":"BELEUCHTETER WEIHNACHTSW\u00dcRFEL GIFTY 20"}]},{"@type":"WebSite","@id":"https:\/\/newgarden.es\/#website","url":"https:\/\/newgarden.es\/","name":"Newgarden","description":"Be happy","potentialAction":[{"@type":"SearchAction","target":{"@type":"EntryPoint","urlTemplate":"https:\/\/newgarden.es\/?s={search_term_string}"},"query-input":{"@type":"PropertyValueSpecification","valueRequired":true,"valueName":"search_term_string"}}],"inLanguage":"de"}]}},"df_price":51.5,"df_sale_price":"","df_regular_price":51.5,"df_image_link":"https:\/\/newgarden.es\/wp-content\/uploads\/2021\/09\/Mesa-de-trabajo-33-copia-14-580x400.jpg","_links":{"self":[{"href":"https:\/\/newgarden.es\/de\/wp-json\/wp\/v2\/product\/37286"}],"collection":[{"href":"https:\/\/newgarden.es\/de\/wp-json\/wp\/v2\/product"}],"about":[{"href":"https:\/\/newgarden.es\/de\/wp-json\/wp\/v2\/types\/product"}],"wp:featuredmedia":[{"embeddable":true,"href":"https:\/\/newgarden.es\/de\/wp-json\/wp\/v2\/media\/59229"}],"wp:attachment":[{"href":"https:\/\/newgarden.es\/de\/wp-json\/wp\/v2\/media?parent=37286"}],"wp:term":[{"taxonomy":"product_cat","embeddable":true,"href":"https:\/\/newgarden.es\/de\/wp-json\/wp\/v2\/product_cat?post=37286"},{"taxonomy":"product_tag","embeddable":true,"href":"https:\/\/newgarden.es\/de\/wp-json\/wp\/v2\/product_tag?post=37286"}],"curies":[{"name":"wp","href":"https:\/\/api.w.org\/{rel}","templated":true}]}}