{"id":37448,"date":"2021-09-21T14:38:51","date_gmt":"2021-09-21T12:38:53","guid":{"rendered":"https:\/\/newgarden.es\/?post_type=product&#038;p=37448"},"modified":"2021-09-23T15:16:24","modified_gmt":"2021-09-23T13:16:24","slug":"cube-navy-illumine-gifty-40","status":"publish","type":"product","link":"https:\/\/newgarden.es\/de\/shop\/lightdeco-de\/weihnachten\/cube-navy-illumine-gifty-40\/","title":{"rendered":"CUBE DE NO\u00cbL ILLUMIN\u00c9 GIFTY 40"},"content":{"rendered":"<section class=\"wpb-content-wrapper\"><p>[vc_row][vc_column el_class=&#8220;descripcion_producto&#8220;][vc_column_text]<br \/>\nLe cube lumineux de No\u00ebl Gifty est arriv\u00e9, une lampe qui triomphe parmi les produits de base. Avec sa forme carr\u00e9e, c&#8217;est l&#8217;\u00e9l\u00e9ment parfait pour d\u00e9corer chaque coin de votre maison. Le cube lumineux Gifty est disponible en diff\u00e9rentes tailles, afin qu&#8217;il s&#8217;adapte \u00e0 tous les coins de votre maison, et vous pouvez le trouver \u00e0 la fois c\u00e2bl\u00e9 en lumi\u00e8re blanche et sans fil, au cas o\u00f9 vous n&#8217;auriez pas envie de vous lever du canap\u00e9 pour changer la couleur ou l&#8217;intensit\u00e9 de la lumi\u00e8re. Parfait pour ceux qui aiment les tables au design diff\u00e9rent.ruban adh\u00e9sif GIFTY TAPE INCLUS<\/p>\n<p>Tous les produits Newgarden sont fabriqu\u00e9s en poly\u00e9thyl\u00e8ne, ce qui les rend l\u00e9gers et tr\u00e8s r\u00e9sistants aux temp\u00e9ratures extr\u00eames. Ils sont \u00e9galement prot\u00e9g\u00e9s contre les rayons UV, ce qui rend la dur\u00e9e de vie du produit extraordinairement longue.<br \/>\n[\/vc_column_text][\/vc_column][\/vc_row][vc_row disable_element=&#8220;yes&#8220;][vc_column][vc_single_image image=&#8220;6566&#8243; img_size=&#8220;full&#8220;][\/vc_column][\/vc_row][vc_row][vc_column width=&#8220;1\/2&#8243;][vc_btn title=&#8220;Technisches Datenblatt&#8220; style=&#8220;custom&#8220; custom_background=&#8220;#009bc2&#8243; custom_text=&#8220;#ffffff&#8220; shape=&#8220;square&#8220; link=&#8220;url:https%3A%2F%2Fdrive.google.com%2Fdrive%2Ffolders%2F1xAxxqpXUSzHxXThdAI30Ix7xZl7G5DMC|title:CUBE%20DE%20NO%C3%8BL%20ILLUMIN%C3%89%20GIFTY%2032|target:%20_blank|&#8220; el_class=&#8220;btn_descargar_ficha&#8220;][\/vc_column][vc_column width=&#8220;1\/2&#8243;][\/vc_column][\/vc_row]<\/p>\n<\/section>","protected":false},"excerpt":{"rendered":"<h1 style=\"font-size: 12px;\">CUBE DE NO\u00cbL ILLUMIN\u00c9 GIFTY 40<\/h1>\n","protected":false},"featured_media":59204,"template":"","meta":[],"product_cat":[763,1225,1589,811],"product_tag":[793,789],"class_list":{"0":"post-37448","1":"product","2":"type-product","3":"status-publish","4":"has-post-thumbnail","6":"product_cat-lightdeco-de","7":"product_cat-interior-de","8":"product_cat-innenbereich-de","9":"product_cat-weihnachten","10":"product_tag-drahtlose","11":"product_tag-solar-de","13":"first","14":"instock","15":"taxable","16":"shipping-taxable","17":"purchasable","18":"product-type-variable"},"yoast_head":"<!-- This site is optimized with the Yoast SEO plugin v24.2 - https:\/\/yoast.com\/wordpress\/plugins\/seo\/ -->\n<title>GIFTY ; cube lumineux pour l&#039;ext\u00e9rieur et l&#039;int\u00e9rieur avec charge solaire et batterie rechargeable.<\/title>\n<meta name=\"description\" content=\"Le cube lumineux de No\u00ebl Gifty est arriv\u00e9, une lampe qui triomphe parmi les produits de base. Avec sa forme carr\u00e9e, c&#039;est l&#039;\u00e9l\u00e9ment parfait pour d\u00e9corer chaque coin de votre maison. Le cube lumineux Gifty est disponible en diff\u00e9rentes tailles, afin qu&#039;il s&#039;adapte \u00e0 tous les coins de votre maison, et vous pouvez le trouver \u00e0 la fois c\u00e2bl\u00e9 en lumi\u00e8re blanche et sans fil, au cas o\u00f9 vous n&#039;auriez pas envie de vous lever du canap\u00e9 pour changer la couleur ou l&#039;intensit\u00e9 de la lumi\u00e8re. Parfait pour ceux qui aiment les tables au design diff\u00e9rent.ruban adh\u00e9sif GIFTY TAPE INCLUS\" \/>\n<meta name=\"robots\" content=\"index, follow, max-snippet:-1, max-image-preview:large, max-video-preview:-1\" \/>\n<link rel=\"canonical\" href=\"https:\/\/newgarden.es\/de\/shop\/lightdeco-de\/weihnachten\/cube-navy-illumine-gifty-40\/\" \/>\n<meta property=\"og:locale\" content=\"de_DE\" \/>\n<meta property=\"og:type\" content=\"article\" \/>\n<meta property=\"og:title\" content=\"GIFTY ; cube lumineux pour l&#039;ext\u00e9rieur et l&#039;int\u00e9rieur avec charge solaire et batterie rechargeable.\" \/>\n<meta property=\"og:description\" content=\"Le cube lumineux de No\u00ebl Gifty est arriv\u00e9, une lampe qui triomphe parmi les produits de base. Avec sa forme carr\u00e9e, c&#039;est l&#039;\u00e9l\u00e9ment parfait pour d\u00e9corer chaque coin de votre maison. Le cube lumineux Gifty est disponible en diff\u00e9rentes tailles, afin qu&#039;il s&#039;adapte \u00e0 tous les coins de votre maison, et vous pouvez le trouver \u00e0 la fois c\u00e2bl\u00e9 en lumi\u00e8re blanche et sans fil, au cas o\u00f9 vous n&#039;auriez pas envie de vous lever du canap\u00e9 pour changer la couleur ou l&#039;intensit\u00e9 de la lumi\u00e8re. Parfait pour ceux qui aiment les tables au design diff\u00e9rent.ruban adh\u00e9sif GIFTY TAPE INCLUS\" \/>\n<meta property=\"og:url\" content=\"https:\/\/newgarden.es\/de\/shop\/lightdeco-de\/weihnachten\/cube-navy-illumine-gifty-40\/\" \/>\n<meta property=\"og:site_name\" content=\"Newgarden\" \/>\n<meta property=\"article:modified_time\" content=\"2021-09-23T13:16:24+00:00\" \/>\n<meta property=\"og:image\" content=\"https:\/\/newgarden.es\/wp-content\/uploads\/2021\/09\/Mesa-de-trabajo-33-copia-4.jpg\" \/>\n\t<meta property=\"og:image:width\" content=\"1200\" \/>\n\t<meta property=\"og:image:height\" content=\"1200\" \/>\n\t<meta property=\"og:image:type\" content=\"image\/jpeg\" \/>\n<meta name=\"twitter:card\" content=\"summary_large_image\" \/>\n<meta name=\"twitter:label1\" content=\"Gesch\u00e4tzte Lesezeit\" \/>\n\t<meta name=\"twitter:data1\" content=\"1\u00a0Minute\" \/>\n<script type=\"application\/ld+json\" class=\"yoast-schema-graph\">{\"@context\":\"https:\/\/schema.org\",\"@graph\":[{\"@type\":\"WebPage\",\"@id\":\"https:\/\/newgarden.es\/de\/shop\/lightdeco-de\/weihnachten\/cube-navy-illumine-gifty-40\/\",\"url\":\"https:\/\/newgarden.es\/de\/shop\/lightdeco-de\/weihnachten\/cube-navy-illumine-gifty-40\/\",\"name\":\"GIFTY ; cube lumineux pour l'ext\u00e9rieur et l'int\u00e9rieur avec charge solaire et batterie rechargeable.\",\"isPartOf\":{\"@id\":\"https:\/\/newgarden.es\/#website\"},\"primaryImageOfPage\":{\"@id\":\"https:\/\/newgarden.es\/de\/shop\/lightdeco-de\/weihnachten\/cube-navy-illumine-gifty-40\/#primaryimage\"},\"image\":{\"@id\":\"https:\/\/newgarden.es\/de\/shop\/lightdeco-de\/weihnachten\/cube-navy-illumine-gifty-40\/#primaryimage\"},\"thumbnailUrl\":\"https:\/\/newgarden.es\/wp-content\/uploads\/2021\/09\/Mesa-de-trabajo-33-copia-4.jpg\",\"datePublished\":\"2021-09-21T12:38:53+00:00\",\"dateModified\":\"2021-09-23T13:16:24+00:00\",\"description\":\"Le cube lumineux de No\u00ebl Gifty est arriv\u00e9, une lampe qui triomphe parmi les produits de base. Avec sa forme carr\u00e9e, c'est l'\u00e9l\u00e9ment parfait pour d\u00e9corer chaque coin de votre maison. Le cube lumineux Gifty est disponible en diff\u00e9rentes tailles, afin qu'il s'adapte \u00e0 tous les coins de votre maison, et vous pouvez le trouver \u00e0 la fois c\u00e2bl\u00e9 en lumi\u00e8re blanche et sans fil, au cas o\u00f9 vous n'auriez pas envie de vous lever du canap\u00e9 pour changer la couleur ou l'intensit\u00e9 de la lumi\u00e8re. Parfait pour ceux qui aiment les tables au design diff\u00e9rent.ruban adh\u00e9sif GIFTY TAPE INCLUS\",\"breadcrumb\":{\"@id\":\"https:\/\/newgarden.es\/de\/shop\/lightdeco-de\/weihnachten\/cube-navy-illumine-gifty-40\/#breadcrumb\"},\"inLanguage\":\"de\",\"potentialAction\":[{\"@type\":\"ReadAction\",\"target\":[\"https:\/\/newgarden.es\/de\/shop\/lightdeco-de\/weihnachten\/cube-navy-illumine-gifty-40\/\"]}]},{\"@type\":\"ImageObject\",\"inLanguage\":\"de\",\"@id\":\"https:\/\/newgarden.es\/de\/shop\/lightdeco-de\/weihnachten\/cube-navy-illumine-gifty-40\/#primaryimage\",\"url\":\"https:\/\/newgarden.es\/wp-content\/uploads\/2021\/09\/Mesa-de-trabajo-33-copia-4.jpg\",\"contentUrl\":\"https:\/\/newgarden.es\/wp-content\/uploads\/2021\/09\/Mesa-de-trabajo-33-copia-4.jpg\",\"width\":1200,\"height\":1200},{\"@type\":\"BreadcrumbList\",\"@id\":\"https:\/\/newgarden.es\/de\/shop\/lightdeco-de\/weihnachten\/cube-navy-illumine-gifty-40\/#breadcrumb\",\"itemListElement\":[{\"@type\":\"ListItem\",\"position\":1,\"name\":\"Home\",\"item\":\"https:\/\/newgarden.es\/de\/\"},{\"@type\":\"ListItem\",\"position\":2,\"name\":\"Shop\",\"item\":\"https:\/\/newgarden.es\/de\/shop\/\"},{\"@type\":\"ListItem\",\"position\":3,\"name\":\"CUBE DE NO\u00cbL ILLUMIN\u00c9 GIFTY 40\"}]},{\"@type\":\"WebSite\",\"@id\":\"https:\/\/newgarden.es\/#website\",\"url\":\"https:\/\/newgarden.es\/\",\"name\":\"Newgarden\",\"description\":\"Be happy\",\"potentialAction\":[{\"@type\":\"SearchAction\",\"target\":{\"@type\":\"EntryPoint\",\"urlTemplate\":\"https:\/\/newgarden.es\/?s={search_term_string}\"},\"query-input\":{\"@type\":\"PropertyValueSpecification\",\"valueRequired\":true,\"valueName\":\"search_term_string\"}}],\"inLanguage\":\"de\"}]}<\/script>\n<!-- \/ Yoast SEO plugin. -->","yoast_head_json":{"title":"GIFTY ; cube lumineux pour l'ext\u00e9rieur et l'int\u00e9rieur avec charge solaire et batterie rechargeable.","description":"Le cube lumineux de No\u00ebl Gifty est arriv\u00e9, une lampe qui triomphe parmi les produits de base. Avec sa forme carr\u00e9e, c'est l'\u00e9l\u00e9ment parfait pour d\u00e9corer chaque coin de votre maison. Le cube lumineux Gifty est disponible en diff\u00e9rentes tailles, afin qu'il s'adapte \u00e0 tous les coins de votre maison, et vous pouvez le trouver \u00e0 la fois c\u00e2bl\u00e9 en lumi\u00e8re blanche et sans fil, au cas o\u00f9 vous n'auriez pas envie de vous lever du canap\u00e9 pour changer la couleur ou l'intensit\u00e9 de la lumi\u00e8re. Parfait pour ceux qui aiment les tables au design diff\u00e9rent.ruban adh\u00e9sif GIFTY TAPE INCLUS","robots":{"index":"index","follow":"follow","max-snippet":"max-snippet:-1","max-image-preview":"max-image-preview:large","max-video-preview":"max-video-preview:-1"},"canonical":"https:\/\/newgarden.es\/de\/shop\/lightdeco-de\/weihnachten\/cube-navy-illumine-gifty-40\/","og_locale":"de_DE","og_type":"article","og_title":"GIFTY ; cube lumineux pour l'ext\u00e9rieur et l'int\u00e9rieur avec charge solaire et batterie rechargeable.","og_description":"Le cube lumineux de No\u00ebl Gifty est arriv\u00e9, une lampe qui triomphe parmi les produits de base. Avec sa forme carr\u00e9e, c'est l'\u00e9l\u00e9ment parfait pour d\u00e9corer chaque coin de votre maison. Le cube lumineux Gifty est disponible en diff\u00e9rentes tailles, afin qu'il s'adapte \u00e0 tous les coins de votre maison, et vous pouvez le trouver \u00e0 la fois c\u00e2bl\u00e9 en lumi\u00e8re blanche et sans fil, au cas o\u00f9 vous n'auriez pas envie de vous lever du canap\u00e9 pour changer la couleur ou l'intensit\u00e9 de la lumi\u00e8re. Parfait pour ceux qui aiment les tables au design diff\u00e9rent.ruban adh\u00e9sif GIFTY TAPE INCLUS","og_url":"https:\/\/newgarden.es\/de\/shop\/lightdeco-de\/weihnachten\/cube-navy-illumine-gifty-40\/","og_site_name":"Newgarden","article_modified_time":"2021-09-23T13:16:24+00:00","og_image":[{"width":1200,"height":1200,"url":"https:\/\/newgarden.es\/wp-content\/uploads\/2021\/09\/Mesa-de-trabajo-33-copia-4.jpg","type":"image\/jpeg"}],"twitter_card":"summary_large_image","twitter_misc":{"Gesch\u00e4tzte Lesezeit":"1\u00a0Minute"},"schema":{"@context":"https:\/\/schema.org","@graph":[{"@type":"WebPage","@id":"https:\/\/newgarden.es\/de\/shop\/lightdeco-de\/weihnachten\/cube-navy-illumine-gifty-40\/","url":"https:\/\/newgarden.es\/de\/shop\/lightdeco-de\/weihnachten\/cube-navy-illumine-gifty-40\/","name":"GIFTY ; cube lumineux pour l'ext\u00e9rieur et l'int\u00e9rieur avec charge solaire et batterie rechargeable.","isPartOf":{"@id":"https:\/\/newgarden.es\/#website"},"primaryImageOfPage":{"@id":"https:\/\/newgarden.es\/de\/shop\/lightdeco-de\/weihnachten\/cube-navy-illumine-gifty-40\/#primaryimage"},"image":{"@id":"https:\/\/newgarden.es\/de\/shop\/lightdeco-de\/weihnachten\/cube-navy-illumine-gifty-40\/#primaryimage"},"thumbnailUrl":"https:\/\/newgarden.es\/wp-content\/uploads\/2021\/09\/Mesa-de-trabajo-33-copia-4.jpg","datePublished":"2021-09-21T12:38:53+00:00","dateModified":"2021-09-23T13:16:24+00:00","description":"Le cube lumineux de No\u00ebl Gifty est arriv\u00e9, une lampe qui triomphe parmi les produits de base. Avec sa forme carr\u00e9e, c'est l'\u00e9l\u00e9ment parfait pour d\u00e9corer chaque coin de votre maison. Le cube lumineux Gifty est disponible en diff\u00e9rentes tailles, afin qu'il s'adapte \u00e0 tous les coins de votre maison, et vous pouvez le trouver \u00e0 la fois c\u00e2bl\u00e9 en lumi\u00e8re blanche et sans fil, au cas o\u00f9 vous n'auriez pas envie de vous lever du canap\u00e9 pour changer la couleur ou l'intensit\u00e9 de la lumi\u00e8re. Parfait pour ceux qui aiment les tables au design diff\u00e9rent.ruban adh\u00e9sif GIFTY TAPE INCLUS","breadcrumb":{"@id":"https:\/\/newgarden.es\/de\/shop\/lightdeco-de\/weihnachten\/cube-navy-illumine-gifty-40\/#breadcrumb"},"inLanguage":"de","potentialAction":[{"@type":"ReadAction","target":["https:\/\/newgarden.es\/de\/shop\/lightdeco-de\/weihnachten\/cube-navy-illumine-gifty-40\/"]}]},{"@type":"ImageObject","inLanguage":"de","@id":"https:\/\/newgarden.es\/de\/shop\/lightdeco-de\/weihnachten\/cube-navy-illumine-gifty-40\/#primaryimage","url":"https:\/\/newgarden.es\/wp-content\/uploads\/2021\/09\/Mesa-de-trabajo-33-copia-4.jpg","contentUrl":"https:\/\/newgarden.es\/wp-content\/uploads\/2021\/09\/Mesa-de-trabajo-33-copia-4.jpg","width":1200,"height":1200},{"@type":"BreadcrumbList","@id":"https:\/\/newgarden.es\/de\/shop\/lightdeco-de\/weihnachten\/cube-navy-illumine-gifty-40\/#breadcrumb","itemListElement":[{"@type":"ListItem","position":1,"name":"Home","item":"https:\/\/newgarden.es\/de\/"},{"@type":"ListItem","position":2,"name":"Shop","item":"https:\/\/newgarden.es\/de\/shop\/"},{"@type":"ListItem","position":3,"name":"CUBE DE NO\u00cbL ILLUMIN\u00c9 GIFTY 40"}]},{"@type":"WebSite","@id":"https:\/\/newgarden.es\/#website","url":"https:\/\/newgarden.es\/","name":"Newgarden","description":"Be happy","potentialAction":[{"@type":"SearchAction","target":{"@type":"EntryPoint","urlTemplate":"https:\/\/newgarden.es\/?s={search_term_string}"},"query-input":{"@type":"PropertyValueSpecification","valueRequired":true,"valueName":"search_term_string"}}],"inLanguage":"de"}]}},"df_price":93.5,"df_sale_price":"","df_regular_price":93.5,"df_image_link":"https:\/\/newgarden.es\/wp-content\/uploads\/2021\/09\/Mesa-de-trabajo-33-copia-4-580x400.jpg","_links":{"self":[{"href":"https:\/\/newgarden.es\/de\/wp-json\/wp\/v2\/product\/37448"}],"collection":[{"href":"https:\/\/newgarden.es\/de\/wp-json\/wp\/v2\/product"}],"about":[{"href":"https:\/\/newgarden.es\/de\/wp-json\/wp\/v2\/types\/product"}],"wp:featuredmedia":[{"embeddable":true,"href":"https:\/\/newgarden.es\/de\/wp-json\/wp\/v2\/media\/59204"}],"wp:attachment":[{"href":"https:\/\/newgarden.es\/de\/wp-json\/wp\/v2\/media?parent=37448"}],"wp:term":[{"taxonomy":"product_cat","embeddable":true,"href":"https:\/\/newgarden.es\/de\/wp-json\/wp\/v2\/product_cat?post=37448"},{"taxonomy":"product_tag","embeddable":true,"href":"https:\/\/newgarden.es\/de\/wp-json\/wp\/v2\/product_tag?post=37448"}],"curies":[{"name":"wp","href":"https:\/\/api.w.org\/{rel}","templated":true}]}}