{"id":37669,"date":"2021-09-24T10:27:42","date_gmt":"2021-09-24T08:27:43","guid":{"rendered":"https:\/\/newgarden.es\/?post_type=product&#038;p=37669"},"modified":"2024-06-13T14:49:22","modified_gmt":"2024-06-13T12:49:22","slug":"luceo-6x3","status":"publish","type":"product","link":"https:\/\/newgarden.es\/de\/shop\/lightdeco-de\/weihnachten\/luceo-6x3\/","title":{"rendered":"GUIRNALDA VORHANGLEUCHTE F\u00dcR AUSSEN LUCEO 6&#215;3"},"content":{"rendered":"<section class=\"wpb-content-wrapper\"><p>[vc_row][vc_column][vc_column_text]Die Girlande Luceo 6&#215;3 wird Sie nicht mehr loslassen. Die gro\u00dfe Girlande ist 600 cm lang und 300 cm hoch und damit eine der gr\u00f6\u00dften Girlanden ihrer Art. Luceo wird nicht nur zu Weihnachten, sondern das ganze Jahr \u00fcber ein Muss in Ihrem Haus sein. Ohne Installation und anpassungsf\u00e4hig an alle Arten von Umgebungen, k\u00f6nnen Sie sie sowohl im Innen- als auch im Au\u00dfenbereich verwenden. SCHUTZART IP44. 720 integrierte LED-Birnen.<\/p>\n<p><a href=\"https:\/\/drive.google.com\/drive\/folders\/1C45aKvLjNCDbymTdwnffCywyOR5CnOHi?usp=sharing\"><strong>TECHNISCHES DATENBLATT<\/strong><\/a>[\/vc_column_text][\/vc_column][\/vc_row][vc_row][vc_column width=&#8220;1\/2&#8243;][vc_btn title=&#8220;Technisches Datenblatt&#8220; style=&#8220;custom&#8220; custom_background=&#8220;#009bc2&#8243; custom_text=&#8220;#ffffff&#8220; link=&#8220;url:https%3A%2F%2Fbit.ly%2F3tSfeMh|&#8220;][\/vc_column][vc_column width=&#8220;1\/2&#8243;][vc_btn title=&#8220;BEDIENUNGSANLEITUNG&#8220; style=&#8220;custom&#8220; custom_background=&#8220;#009bc2&#8243; custom_text=&#8220;#ffffff&#8220; link=&#8220;url:https%3A%2F%2Fbit.ly%2F3QO7k0v|&#8220;][\/vc_column][\/vc_row]<\/p>\n<\/section>","protected":false},"excerpt":{"rendered":"<h5 class=\"product_title entry-title\">GUIRNALDA VORHANGLEUCHTE F\u00dcR AUSSEN LUCEO 6&#215;3<\/h5>\n<div class=\"flex eficiencia_flex\">\n<div><\/div>\n<\/div>\n","protected":false},"featured_media":58061,"template":"","meta":[],"product_cat":[763,1576,811],"product_tag":[],"class_list":{"0":"post-37669","1":"product","2":"type-product","3":"status-publish","4":"has-post-thumbnail","6":"product_cat-lightdeco-de","7":"product_cat-girlanden","8":"product_cat-weihnachten","10":"first","11":"instock","12":"taxable","13":"shipping-taxable","14":"purchasable","15":"product-type-variable"},"yoast_head":"<!-- This site is optimized with the Yoast SEO plugin v24.2 - https:\/\/yoast.com\/wordpress\/plugins\/seo\/ -->\n<title>GUIRNALDA VORHANGLEUCHTE F\u00dcR AUSSEN LUCEO 6x3 - Newgarden<\/title>\n<meta name=\"description\" content=\"Der STELLA-Kranz, ist eine der Neuheiten von NEWGARDEN. Es eignet sich perfekt f\u00fcr Veranstaltungen und Partys und ist sowohl f\u00fcr den Innenbereich im Haus als auch f\u00fcr jede Au\u00dfenecke, Garten, Terrasse, Gesch\u00e4ft oder als Weihnachtsdekoration geeignet.\" \/>\n<meta name=\"robots\" content=\"index, follow, max-snippet:-1, max-image-preview:large, max-video-preview:-1\" \/>\n<link rel=\"canonical\" href=\"https:\/\/newgarden.es\/de\/shop\/lightdeco-de\/weihnachten\/luceo-6x3\/\" \/>\n<meta property=\"og:locale\" content=\"de_DE\" \/>\n<meta property=\"og:type\" content=\"article\" \/>\n<meta property=\"og:title\" content=\"GUIRNALDA VORHANGLEUCHTE F\u00dcR AUSSEN LUCEO 6x3 - Newgarden\" \/>\n<meta property=\"og:description\" content=\"Der STELLA-Kranz, ist eine der Neuheiten von NEWGARDEN. Es eignet sich perfekt f\u00fcr Veranstaltungen und Partys und ist sowohl f\u00fcr den Innenbereich im Haus als auch f\u00fcr jede Au\u00dfenecke, Garten, Terrasse, Gesch\u00e4ft oder als Weihnachtsdekoration geeignet.\" \/>\n<meta property=\"og:url\" content=\"https:\/\/newgarden.es\/de\/shop\/lightdeco-de\/weihnachten\/luceo-6x3\/\" \/>\n<meta property=\"og:site_name\" content=\"Newgarden\" \/>\n<meta property=\"article:modified_time\" content=\"2024-06-13T12:49:22+00:00\" \/>\n<meta property=\"og:image\" content=\"https:\/\/newgarden.es\/wp-content\/uploads\/2021\/09\/LUCEO_1200X1200-2.jpg\" \/>\n\t<meta property=\"og:image:width\" content=\"1200\" \/>\n\t<meta property=\"og:image:height\" content=\"1200\" \/>\n\t<meta property=\"og:image:type\" content=\"image\/jpeg\" \/>\n<meta name=\"twitter:card\" content=\"summary_large_image\" \/>\n<meta name=\"twitter:label1\" content=\"Gesch\u00e4tzte Lesezeit\" \/>\n\t<meta name=\"twitter:data1\" content=\"1\u00a0Minute\" \/>\n<script type=\"application\/ld+json\" class=\"yoast-schema-graph\">{\"@context\":\"https:\/\/schema.org\",\"@graph\":[{\"@type\":\"WebPage\",\"@id\":\"https:\/\/newgarden.es\/de\/shop\/lightdeco-de\/weihnachten\/luceo-6x3\/\",\"url\":\"https:\/\/newgarden.es\/de\/shop\/lightdeco-de\/weihnachten\/luceo-6x3\/\",\"name\":\"GUIRNALDA VORHANGLEUCHTE F\u00dcR AUSSEN LUCEO 6x3 - Newgarden\",\"isPartOf\":{\"@id\":\"https:\/\/newgarden.es\/#website\"},\"primaryImageOfPage\":{\"@id\":\"https:\/\/newgarden.es\/de\/shop\/lightdeco-de\/weihnachten\/luceo-6x3\/#primaryimage\"},\"image\":{\"@id\":\"https:\/\/newgarden.es\/de\/shop\/lightdeco-de\/weihnachten\/luceo-6x3\/#primaryimage\"},\"thumbnailUrl\":\"https:\/\/newgarden.es\/wp-content\/uploads\/2021\/09\/LUCEO_1200X1200-2.jpg\",\"datePublished\":\"2021-09-24T08:27:43+00:00\",\"dateModified\":\"2024-06-13T12:49:22+00:00\",\"description\":\"Der STELLA-Kranz, ist eine der Neuheiten von NEWGARDEN. Es eignet sich perfekt f\u00fcr Veranstaltungen und Partys und ist sowohl f\u00fcr den Innenbereich im Haus als auch f\u00fcr jede Au\u00dfenecke, Garten, Terrasse, Gesch\u00e4ft oder als Weihnachtsdekoration geeignet.\",\"breadcrumb\":{\"@id\":\"https:\/\/newgarden.es\/de\/shop\/lightdeco-de\/weihnachten\/luceo-6x3\/#breadcrumb\"},\"inLanguage\":\"de\",\"potentialAction\":[{\"@type\":\"ReadAction\",\"target\":[\"https:\/\/newgarden.es\/de\/shop\/lightdeco-de\/weihnachten\/luceo-6x3\/\"]}]},{\"@type\":\"ImageObject\",\"inLanguage\":\"de\",\"@id\":\"https:\/\/newgarden.es\/de\/shop\/lightdeco-de\/weihnachten\/luceo-6x3\/#primaryimage\",\"url\":\"https:\/\/newgarden.es\/wp-content\/uploads\/2021\/09\/LUCEO_1200X1200-2.jpg\",\"contentUrl\":\"https:\/\/newgarden.es\/wp-content\/uploads\/2021\/09\/LUCEO_1200X1200-2.jpg\",\"width\":1200,\"height\":1200},{\"@type\":\"BreadcrumbList\",\"@id\":\"https:\/\/newgarden.es\/de\/shop\/lightdeco-de\/weihnachten\/luceo-6x3\/#breadcrumb\",\"itemListElement\":[{\"@type\":\"ListItem\",\"position\":1,\"name\":\"Home\",\"item\":\"https:\/\/newgarden.es\/de\/\"},{\"@type\":\"ListItem\",\"position\":2,\"name\":\"Shop\",\"item\":\"https:\/\/newgarden.es\/de\/shop\/\"},{\"@type\":\"ListItem\",\"position\":3,\"name\":\"GUIRNALDA VORHANGLEUCHTE F\u00dcR AUSSEN LUCEO 6&#215;3\"}]},{\"@type\":\"WebSite\",\"@id\":\"https:\/\/newgarden.es\/#website\",\"url\":\"https:\/\/newgarden.es\/\",\"name\":\"Newgarden\",\"description\":\"Be happy\",\"potentialAction\":[{\"@type\":\"SearchAction\",\"target\":{\"@type\":\"EntryPoint\",\"urlTemplate\":\"https:\/\/newgarden.es\/?s={search_term_string}\"},\"query-input\":{\"@type\":\"PropertyValueSpecification\",\"valueRequired\":true,\"valueName\":\"search_term_string\"}}],\"inLanguage\":\"de\"}]}<\/script>\n<!-- \/ Yoast SEO plugin. -->","yoast_head_json":{"title":"GUIRNALDA VORHANGLEUCHTE F\u00dcR AUSSEN LUCEO 6x3 - Newgarden","description":"Der STELLA-Kranz, ist eine der Neuheiten von NEWGARDEN. Es eignet sich perfekt f\u00fcr Veranstaltungen und Partys und ist sowohl f\u00fcr den Innenbereich im Haus als auch f\u00fcr jede Au\u00dfenecke, Garten, Terrasse, Gesch\u00e4ft oder als Weihnachtsdekoration geeignet.","robots":{"index":"index","follow":"follow","max-snippet":"max-snippet:-1","max-image-preview":"max-image-preview:large","max-video-preview":"max-video-preview:-1"},"canonical":"https:\/\/newgarden.es\/de\/shop\/lightdeco-de\/weihnachten\/luceo-6x3\/","og_locale":"de_DE","og_type":"article","og_title":"GUIRNALDA VORHANGLEUCHTE F\u00dcR AUSSEN LUCEO 6x3 - Newgarden","og_description":"Der STELLA-Kranz, ist eine der Neuheiten von NEWGARDEN. Es eignet sich perfekt f\u00fcr Veranstaltungen und Partys und ist sowohl f\u00fcr den Innenbereich im Haus als auch f\u00fcr jede Au\u00dfenecke, Garten, Terrasse, Gesch\u00e4ft oder als Weihnachtsdekoration geeignet.","og_url":"https:\/\/newgarden.es\/de\/shop\/lightdeco-de\/weihnachten\/luceo-6x3\/","og_site_name":"Newgarden","article_modified_time":"2024-06-13T12:49:22+00:00","og_image":[{"width":1200,"height":1200,"url":"https:\/\/newgarden.es\/wp-content\/uploads\/2021\/09\/LUCEO_1200X1200-2.jpg","type":"image\/jpeg"}],"twitter_card":"summary_large_image","twitter_misc":{"Gesch\u00e4tzte Lesezeit":"1\u00a0Minute"},"schema":{"@context":"https:\/\/schema.org","@graph":[{"@type":"WebPage","@id":"https:\/\/newgarden.es\/de\/shop\/lightdeco-de\/weihnachten\/luceo-6x3\/","url":"https:\/\/newgarden.es\/de\/shop\/lightdeco-de\/weihnachten\/luceo-6x3\/","name":"GUIRNALDA VORHANGLEUCHTE F\u00dcR AUSSEN LUCEO 6x3 - Newgarden","isPartOf":{"@id":"https:\/\/newgarden.es\/#website"},"primaryImageOfPage":{"@id":"https:\/\/newgarden.es\/de\/shop\/lightdeco-de\/weihnachten\/luceo-6x3\/#primaryimage"},"image":{"@id":"https:\/\/newgarden.es\/de\/shop\/lightdeco-de\/weihnachten\/luceo-6x3\/#primaryimage"},"thumbnailUrl":"https:\/\/newgarden.es\/wp-content\/uploads\/2021\/09\/LUCEO_1200X1200-2.jpg","datePublished":"2021-09-24T08:27:43+00:00","dateModified":"2024-06-13T12:49:22+00:00","description":"Der STELLA-Kranz, ist eine der Neuheiten von NEWGARDEN. Es eignet sich perfekt f\u00fcr Veranstaltungen und Partys und ist sowohl f\u00fcr den Innenbereich im Haus als auch f\u00fcr jede Au\u00dfenecke, Garten, Terrasse, Gesch\u00e4ft oder als Weihnachtsdekoration geeignet.","breadcrumb":{"@id":"https:\/\/newgarden.es\/de\/shop\/lightdeco-de\/weihnachten\/luceo-6x3\/#breadcrumb"},"inLanguage":"de","potentialAction":[{"@type":"ReadAction","target":["https:\/\/newgarden.es\/de\/shop\/lightdeco-de\/weihnachten\/luceo-6x3\/"]}]},{"@type":"ImageObject","inLanguage":"de","@id":"https:\/\/newgarden.es\/de\/shop\/lightdeco-de\/weihnachten\/luceo-6x3\/#primaryimage","url":"https:\/\/newgarden.es\/wp-content\/uploads\/2021\/09\/LUCEO_1200X1200-2.jpg","contentUrl":"https:\/\/newgarden.es\/wp-content\/uploads\/2021\/09\/LUCEO_1200X1200-2.jpg","width":1200,"height":1200},{"@type":"BreadcrumbList","@id":"https:\/\/newgarden.es\/de\/shop\/lightdeco-de\/weihnachten\/luceo-6x3\/#breadcrumb","itemListElement":[{"@type":"ListItem","position":1,"name":"Home","item":"https:\/\/newgarden.es\/de\/"},{"@type":"ListItem","position":2,"name":"Shop","item":"https:\/\/newgarden.es\/de\/shop\/"},{"@type":"ListItem","position":3,"name":"GUIRNALDA VORHANGLEUCHTE F\u00dcR AUSSEN LUCEO 6&#215;3"}]},{"@type":"WebSite","@id":"https:\/\/newgarden.es\/#website","url":"https:\/\/newgarden.es\/","name":"Newgarden","description":"Be happy","potentialAction":[{"@type":"SearchAction","target":{"@type":"EntryPoint","urlTemplate":"https:\/\/newgarden.es\/?s={search_term_string}"},"query-input":{"@type":"PropertyValueSpecification","valueRequired":true,"valueName":"search_term_string"}}],"inLanguage":"de"}]}},"df_price":73.8,"df_sale_price":"","df_regular_price":73.8,"df_image_link":"https:\/\/newgarden.es\/wp-content\/uploads\/2021\/09\/LUCEO_1200X1200-2-580x400.jpg","_links":{"self":[{"href":"https:\/\/newgarden.es\/de\/wp-json\/wp\/v2\/product\/37669"}],"collection":[{"href":"https:\/\/newgarden.es\/de\/wp-json\/wp\/v2\/product"}],"about":[{"href":"https:\/\/newgarden.es\/de\/wp-json\/wp\/v2\/types\/product"}],"wp:featuredmedia":[{"embeddable":true,"href":"https:\/\/newgarden.es\/de\/wp-json\/wp\/v2\/media\/58061"}],"wp:attachment":[{"href":"https:\/\/newgarden.es\/de\/wp-json\/wp\/v2\/media?parent=37669"}],"wp:term":[{"taxonomy":"product_cat","embeddable":true,"href":"https:\/\/newgarden.es\/de\/wp-json\/wp\/v2\/product_cat?post=37669"},{"taxonomy":"product_tag","embeddable":true,"href":"https:\/\/newgarden.es\/de\/wp-json\/wp\/v2\/product_tag?post=37669"}],"curies":[{"name":"wp","href":"https:\/\/api.w.org\/{rel}","templated":true}]}}