{"id":37778,"date":"2021-09-27T11:33:04","date_gmt":"2021-09-27T09:33:05","guid":{"rendered":"https:\/\/newgarden.es\/?post_type=product&#038;p=37778"},"modified":"2023-01-13T09:52:42","modified_gmt":"2023-01-13T08:52:42","slug":"pendelleuchte-amalfi-80-hang-innenanwendung-copia","status":"publish","type":"product","link":"https:\/\/newgarden.es\/de\/shop\/lightdeco-de\/interior-de\/pendelleuchte-amalfi-80-hang-innenanwendung-copia\/","title":{"rendered":"Pendelleuchte AMALFI 50 HANG | INNENANWENDUNG"},"content":{"rendered":"<section class=\"wpb-content-wrapper\"><p>[vc_row][vc_column][vc_column_text]<\/p>\n<p>[\/vc_column_text][\/vc_column][\/vc_row][vc_row][vc_column el_class=&#8220;descripcion_producto&#8220;][vc_column_text]Die Amalfi-Pendelleuchte besticht durch ihr inspirierendes mediterranes Design. Der Schirm ist aus Naturfasern handgefertigt und wird mit einem 150 cm langen schwarzen Kabel geliefert, damit Sie die H\u00f6he nach Belieben einstellen k\u00f6nnen. Installation erforderlich.<\/p>\n<p>GL\u00dcHBIRNE E27 NICHT ENTHALTEN.[\/vc_column_text][\/vc_column][\/vc_row][vc_row disable_element=&#8220;yes&#8220;][vc_column][vc_single_image image=&#8220;6566&#8243; img_size=&#8220;full&#8220;][\/vc_column][\/vc_row]<\/p>\n<\/section>","protected":false},"excerpt":{"rendered":"<h5>Pendelleuchte AMALFI 50 HANG | INNENANWENDUNG<\/h5>\n","protected":false},"featured_media":58993,"template":"","meta":[],"product_cat":[1572,1225],"product_tag":[765],"class_list":{"0":"post-37778","1":"product","2":"type-product","3":"status-publish","4":"has-post-thumbnail","6":"product_cat-schnurgebundene-deckenleuchten","7":"product_cat-interior-de","8":"product_tag-kabel","10":"first","11":"instock","12":"taxable","13":"shipping-taxable","14":"purchasable","15":"product-type-variable"},"yoast_head":"<!-- This site is optimized with the Yoast SEO plugin v24.2 - https:\/\/yoast.com\/wordpress\/plugins\/seo\/ -->\n<title>Pendelleuchte AMALFI 50 HANG | INNENANWENDUNG - Newgarden<\/title>\n<meta name=\"description\" content=\"Die Amalfi-Pendelleuchte besticht durch ihr inspirierendes mediterranes Design. Der Schirm ist aus Naturfasern handgefertigt und wird mit einem 150 cm langen schwarzen Kabel geliefert, damit Sie die H\u00f6he nach Belieben einstellen k\u00f6nnen. Installation erforderlich.GL\u00dcHBIRNE E27 NICHT ENTHALTEN\" \/>\n<meta name=\"robots\" content=\"index, follow, max-snippet:-1, max-image-preview:large, max-video-preview:-1\" \/>\n<link rel=\"canonical\" href=\"https:\/\/newgarden.es\/de\/shop\/lightdeco-de\/interior-de\/pendelleuchte-amalfi-80-hang-innenanwendung-copia\/\" \/>\n<meta property=\"og:locale\" content=\"de_DE\" \/>\n<meta property=\"og:type\" content=\"article\" \/>\n<meta property=\"og:title\" content=\"Pendelleuchte AMALFI 50 HANG | INNENANWENDUNG - Newgarden\" \/>\n<meta property=\"og:description\" content=\"Die Amalfi-Pendelleuchte besticht durch ihr inspirierendes mediterranes Design. Der Schirm ist aus Naturfasern handgefertigt und wird mit einem 150 cm langen schwarzen Kabel geliefert, damit Sie die H\u00f6he nach Belieben einstellen k\u00f6nnen. Installation erforderlich.GL\u00dcHBIRNE E27 NICHT ENTHALTEN\" \/>\n<meta property=\"og:url\" content=\"https:\/\/newgarden.es\/de\/shop\/lightdeco-de\/interior-de\/pendelleuchte-amalfi-80-hang-innenanwendung-copia\/\" \/>\n<meta property=\"og:site_name\" content=\"Newgarden\" \/>\n<meta property=\"article:modified_time\" content=\"2023-01-13T08:52:42+00:00\" \/>\n<meta property=\"og:image\" content=\"https:\/\/newgarden.es\/wp-content\/uploads\/2021\/09\/AMALFI_INTERIOR_50_1200X1200-1.jpg\" \/>\n\t<meta property=\"og:image:width\" content=\"1200\" \/>\n\t<meta property=\"og:image:height\" content=\"1200\" \/>\n\t<meta property=\"og:image:type\" content=\"image\/jpeg\" \/>\n<meta name=\"twitter:card\" content=\"summary_large_image\" \/>\n<script type=\"application\/ld+json\" class=\"yoast-schema-graph\">{\"@context\":\"https:\/\/schema.org\",\"@graph\":[{\"@type\":\"WebPage\",\"@id\":\"https:\/\/newgarden.es\/de\/shop\/lightdeco-de\/interior-de\/pendelleuchte-amalfi-80-hang-innenanwendung-copia\/\",\"url\":\"https:\/\/newgarden.es\/de\/shop\/lightdeco-de\/interior-de\/pendelleuchte-amalfi-80-hang-innenanwendung-copia\/\",\"name\":\"Pendelleuchte AMALFI 50 HANG | INNENANWENDUNG - Newgarden\",\"isPartOf\":{\"@id\":\"https:\/\/newgarden.es\/#website\"},\"primaryImageOfPage\":{\"@id\":\"https:\/\/newgarden.es\/de\/shop\/lightdeco-de\/interior-de\/pendelleuchte-amalfi-80-hang-innenanwendung-copia\/#primaryimage\"},\"image\":{\"@id\":\"https:\/\/newgarden.es\/de\/shop\/lightdeco-de\/interior-de\/pendelleuchte-amalfi-80-hang-innenanwendung-copia\/#primaryimage\"},\"thumbnailUrl\":\"https:\/\/newgarden.es\/wp-content\/uploads\/2021\/09\/AMALFI_INTERIOR_50_1200X1200-1.jpg\",\"datePublished\":\"2021-09-27T09:33:05+00:00\",\"dateModified\":\"2023-01-13T08:52:42+00:00\",\"description\":\"Die Amalfi-Pendelleuchte besticht durch ihr inspirierendes mediterranes Design. Der Schirm ist aus Naturfasern handgefertigt und wird mit einem 150 cm langen schwarzen Kabel geliefert, damit Sie die H\u00f6he nach Belieben einstellen k\u00f6nnen. Installation erforderlich.GL\u00dcHBIRNE E27 NICHT ENTHALTEN\",\"breadcrumb\":{\"@id\":\"https:\/\/newgarden.es\/de\/shop\/lightdeco-de\/interior-de\/pendelleuchte-amalfi-80-hang-innenanwendung-copia\/#breadcrumb\"},\"inLanguage\":\"de\",\"potentialAction\":[{\"@type\":\"ReadAction\",\"target\":[\"https:\/\/newgarden.es\/de\/shop\/lightdeco-de\/interior-de\/pendelleuchte-amalfi-80-hang-innenanwendung-copia\/\"]}]},{\"@type\":\"ImageObject\",\"inLanguage\":\"de\",\"@id\":\"https:\/\/newgarden.es\/de\/shop\/lightdeco-de\/interior-de\/pendelleuchte-amalfi-80-hang-innenanwendung-copia\/#primaryimage\",\"url\":\"https:\/\/newgarden.es\/wp-content\/uploads\/2021\/09\/AMALFI_INTERIOR_50_1200X1200-1.jpg\",\"contentUrl\":\"https:\/\/newgarden.es\/wp-content\/uploads\/2021\/09\/AMALFI_INTERIOR_50_1200X1200-1.jpg\",\"width\":1200,\"height\":1200},{\"@type\":\"BreadcrumbList\",\"@id\":\"https:\/\/newgarden.es\/de\/shop\/lightdeco-de\/interior-de\/pendelleuchte-amalfi-80-hang-innenanwendung-copia\/#breadcrumb\",\"itemListElement\":[{\"@type\":\"ListItem\",\"position\":1,\"name\":\"Home\",\"item\":\"https:\/\/newgarden.es\/de\/\"},{\"@type\":\"ListItem\",\"position\":2,\"name\":\"Shop\",\"item\":\"https:\/\/newgarden.es\/de\/shop\/\"},{\"@type\":\"ListItem\",\"position\":3,\"name\":\"Pendelleuchte AMALFI 50 HANG | INNENANWENDUNG\"}]},{\"@type\":\"WebSite\",\"@id\":\"https:\/\/newgarden.es\/#website\",\"url\":\"https:\/\/newgarden.es\/\",\"name\":\"Newgarden\",\"description\":\"Be happy\",\"potentialAction\":[{\"@type\":\"SearchAction\",\"target\":{\"@type\":\"EntryPoint\",\"urlTemplate\":\"https:\/\/newgarden.es\/?s={search_term_string}\"},\"query-input\":{\"@type\":\"PropertyValueSpecification\",\"valueRequired\":true,\"valueName\":\"search_term_string\"}}],\"inLanguage\":\"de\"}]}<\/script>\n<!-- \/ Yoast SEO plugin. -->","yoast_head_json":{"title":"Pendelleuchte AMALFI 50 HANG | INNENANWENDUNG - Newgarden","description":"Die Amalfi-Pendelleuchte besticht durch ihr inspirierendes mediterranes Design. Der Schirm ist aus Naturfasern handgefertigt und wird mit einem 150 cm langen schwarzen Kabel geliefert, damit Sie die H\u00f6he nach Belieben einstellen k\u00f6nnen. Installation erforderlich.GL\u00dcHBIRNE E27 NICHT ENTHALTEN","robots":{"index":"index","follow":"follow","max-snippet":"max-snippet:-1","max-image-preview":"max-image-preview:large","max-video-preview":"max-video-preview:-1"},"canonical":"https:\/\/newgarden.es\/de\/shop\/lightdeco-de\/interior-de\/pendelleuchte-amalfi-80-hang-innenanwendung-copia\/","og_locale":"de_DE","og_type":"article","og_title":"Pendelleuchte AMALFI 50 HANG | INNENANWENDUNG - Newgarden","og_description":"Die Amalfi-Pendelleuchte besticht durch ihr inspirierendes mediterranes Design. Der Schirm ist aus Naturfasern handgefertigt und wird mit einem 150 cm langen schwarzen Kabel geliefert, damit Sie die H\u00f6he nach Belieben einstellen k\u00f6nnen. Installation erforderlich.GL\u00dcHBIRNE E27 NICHT ENTHALTEN","og_url":"https:\/\/newgarden.es\/de\/shop\/lightdeco-de\/interior-de\/pendelleuchte-amalfi-80-hang-innenanwendung-copia\/","og_site_name":"Newgarden","article_modified_time":"2023-01-13T08:52:42+00:00","og_image":[{"width":1200,"height":1200,"url":"https:\/\/newgarden.es\/wp-content\/uploads\/2021\/09\/AMALFI_INTERIOR_50_1200X1200-1.jpg","type":"image\/jpeg"}],"twitter_card":"summary_large_image","schema":{"@context":"https:\/\/schema.org","@graph":[{"@type":"WebPage","@id":"https:\/\/newgarden.es\/de\/shop\/lightdeco-de\/interior-de\/pendelleuchte-amalfi-80-hang-innenanwendung-copia\/","url":"https:\/\/newgarden.es\/de\/shop\/lightdeco-de\/interior-de\/pendelleuchte-amalfi-80-hang-innenanwendung-copia\/","name":"Pendelleuchte AMALFI 50 HANG | INNENANWENDUNG - Newgarden","isPartOf":{"@id":"https:\/\/newgarden.es\/#website"},"primaryImageOfPage":{"@id":"https:\/\/newgarden.es\/de\/shop\/lightdeco-de\/interior-de\/pendelleuchte-amalfi-80-hang-innenanwendung-copia\/#primaryimage"},"image":{"@id":"https:\/\/newgarden.es\/de\/shop\/lightdeco-de\/interior-de\/pendelleuchte-amalfi-80-hang-innenanwendung-copia\/#primaryimage"},"thumbnailUrl":"https:\/\/newgarden.es\/wp-content\/uploads\/2021\/09\/AMALFI_INTERIOR_50_1200X1200-1.jpg","datePublished":"2021-09-27T09:33:05+00:00","dateModified":"2023-01-13T08:52:42+00:00","description":"Die Amalfi-Pendelleuchte besticht durch ihr inspirierendes mediterranes Design. Der Schirm ist aus Naturfasern handgefertigt und wird mit einem 150 cm langen schwarzen Kabel geliefert, damit Sie die H\u00f6he nach Belieben einstellen k\u00f6nnen. Installation erforderlich.GL\u00dcHBIRNE E27 NICHT ENTHALTEN","breadcrumb":{"@id":"https:\/\/newgarden.es\/de\/shop\/lightdeco-de\/interior-de\/pendelleuchte-amalfi-80-hang-innenanwendung-copia\/#breadcrumb"},"inLanguage":"de","potentialAction":[{"@type":"ReadAction","target":["https:\/\/newgarden.es\/de\/shop\/lightdeco-de\/interior-de\/pendelleuchte-amalfi-80-hang-innenanwendung-copia\/"]}]},{"@type":"ImageObject","inLanguage":"de","@id":"https:\/\/newgarden.es\/de\/shop\/lightdeco-de\/interior-de\/pendelleuchte-amalfi-80-hang-innenanwendung-copia\/#primaryimage","url":"https:\/\/newgarden.es\/wp-content\/uploads\/2021\/09\/AMALFI_INTERIOR_50_1200X1200-1.jpg","contentUrl":"https:\/\/newgarden.es\/wp-content\/uploads\/2021\/09\/AMALFI_INTERIOR_50_1200X1200-1.jpg","width":1200,"height":1200},{"@type":"BreadcrumbList","@id":"https:\/\/newgarden.es\/de\/shop\/lightdeco-de\/interior-de\/pendelleuchte-amalfi-80-hang-innenanwendung-copia\/#breadcrumb","itemListElement":[{"@type":"ListItem","position":1,"name":"Home","item":"https:\/\/newgarden.es\/de\/"},{"@type":"ListItem","position":2,"name":"Shop","item":"https:\/\/newgarden.es\/de\/shop\/"},{"@type":"ListItem","position":3,"name":"Pendelleuchte AMALFI 50 HANG | INNENANWENDUNG"}]},{"@type":"WebSite","@id":"https:\/\/newgarden.es\/#website","url":"https:\/\/newgarden.es\/","name":"Newgarden","description":"Be happy","potentialAction":[{"@type":"SearchAction","target":{"@type":"EntryPoint","urlTemplate":"https:\/\/newgarden.es\/?s={search_term_string}"},"query-input":{"@type":"PropertyValueSpecification","valueRequired":true,"valueName":"search_term_string"}}],"inLanguage":"de"}]}},"df_price":69.9,"df_sale_price":"","df_regular_price":69.9,"df_image_link":"https:\/\/newgarden.es\/wp-content\/uploads\/2021\/09\/AMALFI_INTERIOR_50_1200X1200-1-580x400.jpg","_links":{"self":[{"href":"https:\/\/newgarden.es\/de\/wp-json\/wp\/v2\/product\/37778"}],"collection":[{"href":"https:\/\/newgarden.es\/de\/wp-json\/wp\/v2\/product"}],"about":[{"href":"https:\/\/newgarden.es\/de\/wp-json\/wp\/v2\/types\/product"}],"wp:featuredmedia":[{"embeddable":true,"href":"https:\/\/newgarden.es\/de\/wp-json\/wp\/v2\/media\/58993"}],"wp:attachment":[{"href":"https:\/\/newgarden.es\/de\/wp-json\/wp\/v2\/media?parent=37778"}],"wp:term":[{"taxonomy":"product_cat","embeddable":true,"href":"https:\/\/newgarden.es\/de\/wp-json\/wp\/v2\/product_cat?post=37778"},{"taxonomy":"product_tag","embeddable":true,"href":"https:\/\/newgarden.es\/de\/wp-json\/wp\/v2\/product_tag?post=37778"}],"curies":[{"name":"wp","href":"https:\/\/api.w.org\/{rel}","templated":true}]}}