{"id":37829,"date":"2021-09-27T12:35:40","date_gmt":"2021-09-27T10:35:41","guid":{"rendered":"https:\/\/newgarden.es\/?post_type=product&#038;p=37829"},"modified":"2021-09-27T14:24:24","modified_gmt":"2021-09-27T12:24:24","slug":"pendelleuchte-saona-hang-innenanwendung","status":"publish","type":"product","link":"https:\/\/newgarden.es\/de\/shop\/lightdeco-de\/interior-de\/pendelleuchte-saona-hang-innenanwendung\/","title":{"rendered":"PENDELLEUCHTE SAONA HANG | INNENANWENDUNG"},"content":{"rendered":"<section class=\"wpb-content-wrapper\"><p>[vc_row][vc_column][vc_column_text][\/vc_column_text][\/vc_column][\/vc_row][vc_row][vc_column][vc_column_text]Die Saona Hang Pendelleuchte besticht durch ihr inspirierendes mediterranes Design. Der Schirm ist aus Naturfasern handgefertigt und wird mit einem 150 cm langen schwarzen Kabel geliefert, so dass Sie seine H\u00f6he nach Belieben einstellen k\u00f6nnen. Installation erforderlich.<\/p>\n<p>GL\u00dcHBIRNE E27 NICHT ENTHALTEN][\/vc_row][vc_row][vc_column width=&#8221;1\/2&#8243;][vc_btn title=&#8221;Technisches Datenblatt&#8221; style=&#8221;custom&#8221; custom_background=&#8221;#009bc2&#8243; custom_text=&#8221;#ffffff&#8221; shape=&#8221;square&#8221; el_class=&#8221;btn_descargar_ficha&#8221; link=&#8221;url:https%3A%2F%2Fdrive.google.com%2Fdrive%2Ffolders%2F1efxa7NuTIrhUYm2DQkdrPcgHRklMrG56|target:%20_blank|&#8221;][\/vc_column][vc_column width=&#8221;1\/2&#8243;][vc_btn title=&#8221;BEDIENUNGSANLEITUNG&#8221; style=&#8221;custom&#8221; custom_background=&#8221;#009bc2&#8243; custom_text=&#8221;#ffffff&#8221; shape=&#8221;square&#8221; el_class=&#8221;btn_descargar_ficha&#8221; link=&#8221;target:%20_blank|&#8221;][\/vc_column][\/vc_row]<\/p>\n<\/section>","protected":false},"excerpt":{"rendered":"<p>[vc_row][vc_column][vc_column_text][\/vc_column_text][\/vc_column][\/vc_row][vc_row][vc_column][vc_column_text]Die Saona Hang Pendelleuchte besticht durch ihr inspirierendes mediterranes Design. Der Schirm ist aus Naturfasern handgefertigt und wird mit einem 150 cm langen schwarzen Kabel geliefert, so dass Sie seine<\/p>\n","protected":false},"featured_media":58776,"template":"","meta":[],"product_cat":[1572,1225],"product_tag":[765],"class_list":{"0":"post-37829","1":"product","2":"type-product","3":"status-publish","4":"has-post-thumbnail","6":"product_cat-schnurgebundene-deckenleuchten","7":"product_cat-interior-de","8":"product_tag-kabel","10":"first","11":"instock","12":"taxable","13":"shipping-taxable","14":"purchasable","15":"product-type-variable"},"yoast_head":"<!-- This site is optimized with the Yoast SEO plugin v24.2 - https:\/\/yoast.com\/wordpress\/plugins\/seo\/ -->\n<title>PENDELLEUCHTE SAONA HANG | INNENANWENDUNG - Newgarden<\/title>\n<meta name=\"description\" content=\"Die Saona Hang Pendelleuchte besticht durch ihr inspirierendes mediterranes Design. Der Schirm ist aus Naturfasern handgefertigt und wird mit einem 150 cm langen schwarzen Kabel geliefert, so dass Sie seine H\u00f6he nach Belieben einstellen k\u00f6nnen. Installation erforderlich.GL\u00dcHBIRNE E27 NICHT ENTHALTEN\" \/>\n<meta name=\"robots\" content=\"index, follow, max-snippet:-1, max-image-preview:large, max-video-preview:-1\" \/>\n<link rel=\"canonical\" href=\"https:\/\/newgarden.es\/de\/shop\/lightdeco-de\/interior-de\/pendelleuchte-saona-hang-innenanwendung\/\" \/>\n<meta property=\"og:locale\" content=\"de_DE\" \/>\n<meta property=\"og:type\" content=\"article\" \/>\n<meta property=\"og:title\" content=\"PENDELLEUCHTE SAONA HANG | INNENANWENDUNG - Newgarden\" \/>\n<meta property=\"og:description\" content=\"Die Saona Hang Pendelleuchte besticht durch ihr inspirierendes mediterranes Design. Der Schirm ist aus Naturfasern handgefertigt und wird mit einem 150 cm langen schwarzen Kabel geliefert, so dass Sie seine H\u00f6he nach Belieben einstellen k\u00f6nnen. Installation erforderlich.GL\u00dcHBIRNE E27 NICHT ENTHALTEN\" \/>\n<meta property=\"og:url\" content=\"https:\/\/newgarden.es\/de\/shop\/lightdeco-de\/interior-de\/pendelleuchte-saona-hang-innenanwendung\/\" \/>\n<meta property=\"og:site_name\" content=\"Newgarden\" \/>\n<meta property=\"article:modified_time\" content=\"2021-09-27T12:24:24+00:00\" \/>\n<meta property=\"og:image\" content=\"https:\/\/newgarden.es\/wp-content\/uploads\/2021\/09\/SAONA_HANG_1200X1200.jpg\" \/>\n\t<meta property=\"og:image:width\" content=\"1200\" \/>\n\t<meta property=\"og:image:height\" content=\"1200\" \/>\n\t<meta property=\"og:image:type\" content=\"image\/jpeg\" \/>\n<meta name=\"twitter:card\" content=\"summary_large_image\" \/>\n<meta name=\"twitter:label1\" content=\"Gesch\u00e4tzte Lesezeit\" \/>\n\t<meta name=\"twitter:data1\" content=\"1\u00a0Minute\" \/>\n<script type=\"application\/ld+json\" class=\"yoast-schema-graph\">{\"@context\":\"https:\/\/schema.org\",\"@graph\":[{\"@type\":\"WebPage\",\"@id\":\"https:\/\/newgarden.es\/de\/shop\/lightdeco-de\/interior-de\/pendelleuchte-saona-hang-innenanwendung\/\",\"url\":\"https:\/\/newgarden.es\/de\/shop\/lightdeco-de\/interior-de\/pendelleuchte-saona-hang-innenanwendung\/\",\"name\":\"PENDELLEUCHTE SAONA HANG | INNENANWENDUNG - Newgarden\",\"isPartOf\":{\"@id\":\"https:\/\/newgarden.es\/#website\"},\"primaryImageOfPage\":{\"@id\":\"https:\/\/newgarden.es\/de\/shop\/lightdeco-de\/interior-de\/pendelleuchte-saona-hang-innenanwendung\/#primaryimage\"},\"image\":{\"@id\":\"https:\/\/newgarden.es\/de\/shop\/lightdeco-de\/interior-de\/pendelleuchte-saona-hang-innenanwendung\/#primaryimage\"},\"thumbnailUrl\":\"https:\/\/newgarden.es\/wp-content\/uploads\/2021\/09\/SAONA_HANG_1200X1200.jpg\",\"datePublished\":\"2021-09-27T10:35:41+00:00\",\"dateModified\":\"2021-09-27T12:24:24+00:00\",\"description\":\"Die Saona Hang Pendelleuchte besticht durch ihr inspirierendes mediterranes Design. Der Schirm ist aus Naturfasern handgefertigt und wird mit einem 150 cm langen schwarzen Kabel geliefert, so dass Sie seine H\u00f6he nach Belieben einstellen k\u00f6nnen. Installation erforderlich.GL\u00dcHBIRNE E27 NICHT ENTHALTEN\",\"breadcrumb\":{\"@id\":\"https:\/\/newgarden.es\/de\/shop\/lightdeco-de\/interior-de\/pendelleuchte-saona-hang-innenanwendung\/#breadcrumb\"},\"inLanguage\":\"de\",\"potentialAction\":[{\"@type\":\"ReadAction\",\"target\":[\"https:\/\/newgarden.es\/de\/shop\/lightdeco-de\/interior-de\/pendelleuchte-saona-hang-innenanwendung\/\"]}]},{\"@type\":\"ImageObject\",\"inLanguage\":\"de\",\"@id\":\"https:\/\/newgarden.es\/de\/shop\/lightdeco-de\/interior-de\/pendelleuchte-saona-hang-innenanwendung\/#primaryimage\",\"url\":\"https:\/\/newgarden.es\/wp-content\/uploads\/2021\/09\/SAONA_HANG_1200X1200.jpg\",\"contentUrl\":\"https:\/\/newgarden.es\/wp-content\/uploads\/2021\/09\/SAONA_HANG_1200X1200.jpg\",\"width\":1200,\"height\":1200},{\"@type\":\"BreadcrumbList\",\"@id\":\"https:\/\/newgarden.es\/de\/shop\/lightdeco-de\/interior-de\/pendelleuchte-saona-hang-innenanwendung\/#breadcrumb\",\"itemListElement\":[{\"@type\":\"ListItem\",\"position\":1,\"name\":\"Home\",\"item\":\"https:\/\/newgarden.es\/de\/\"},{\"@type\":\"ListItem\",\"position\":2,\"name\":\"Shop\",\"item\":\"https:\/\/newgarden.es\/de\/shop\/\"},{\"@type\":\"ListItem\",\"position\":3,\"name\":\"PENDELLEUCHTE SAONA HANG | INNENANWENDUNG\"}]},{\"@type\":\"WebSite\",\"@id\":\"https:\/\/newgarden.es\/#website\",\"url\":\"https:\/\/newgarden.es\/\",\"name\":\"Newgarden\",\"description\":\"Be happy\",\"potentialAction\":[{\"@type\":\"SearchAction\",\"target\":{\"@type\":\"EntryPoint\",\"urlTemplate\":\"https:\/\/newgarden.es\/?s={search_term_string}\"},\"query-input\":{\"@type\":\"PropertyValueSpecification\",\"valueRequired\":true,\"valueName\":\"search_term_string\"}}],\"inLanguage\":\"de\"}]}<\/script>\n<!-- \/ Yoast SEO plugin. -->","yoast_head_json":{"title":"PENDELLEUCHTE SAONA HANG | INNENANWENDUNG - Newgarden","description":"Die Saona Hang Pendelleuchte besticht durch ihr inspirierendes mediterranes Design. Der Schirm ist aus Naturfasern handgefertigt und wird mit einem 150 cm langen schwarzen Kabel geliefert, so dass Sie seine H\u00f6he nach Belieben einstellen k\u00f6nnen. Installation erforderlich.GL\u00dcHBIRNE E27 NICHT ENTHALTEN","robots":{"index":"index","follow":"follow","max-snippet":"max-snippet:-1","max-image-preview":"max-image-preview:large","max-video-preview":"max-video-preview:-1"},"canonical":"https:\/\/newgarden.es\/de\/shop\/lightdeco-de\/interior-de\/pendelleuchte-saona-hang-innenanwendung\/","og_locale":"de_DE","og_type":"article","og_title":"PENDELLEUCHTE SAONA HANG | INNENANWENDUNG - Newgarden","og_description":"Die Saona Hang Pendelleuchte besticht durch ihr inspirierendes mediterranes Design. Der Schirm ist aus Naturfasern handgefertigt und wird mit einem 150 cm langen schwarzen Kabel geliefert, so dass Sie seine H\u00f6he nach Belieben einstellen k\u00f6nnen. Installation erforderlich.GL\u00dcHBIRNE E27 NICHT ENTHALTEN","og_url":"https:\/\/newgarden.es\/de\/shop\/lightdeco-de\/interior-de\/pendelleuchte-saona-hang-innenanwendung\/","og_site_name":"Newgarden","article_modified_time":"2021-09-27T12:24:24+00:00","og_image":[{"width":1200,"height":1200,"url":"https:\/\/newgarden.es\/wp-content\/uploads\/2021\/09\/SAONA_HANG_1200X1200.jpg","type":"image\/jpeg"}],"twitter_card":"summary_large_image","twitter_misc":{"Gesch\u00e4tzte Lesezeit":"1\u00a0Minute"},"schema":{"@context":"https:\/\/schema.org","@graph":[{"@type":"WebPage","@id":"https:\/\/newgarden.es\/de\/shop\/lightdeco-de\/interior-de\/pendelleuchte-saona-hang-innenanwendung\/","url":"https:\/\/newgarden.es\/de\/shop\/lightdeco-de\/interior-de\/pendelleuchte-saona-hang-innenanwendung\/","name":"PENDELLEUCHTE SAONA HANG | INNENANWENDUNG - Newgarden","isPartOf":{"@id":"https:\/\/newgarden.es\/#website"},"primaryImageOfPage":{"@id":"https:\/\/newgarden.es\/de\/shop\/lightdeco-de\/interior-de\/pendelleuchte-saona-hang-innenanwendung\/#primaryimage"},"image":{"@id":"https:\/\/newgarden.es\/de\/shop\/lightdeco-de\/interior-de\/pendelleuchte-saona-hang-innenanwendung\/#primaryimage"},"thumbnailUrl":"https:\/\/newgarden.es\/wp-content\/uploads\/2021\/09\/SAONA_HANG_1200X1200.jpg","datePublished":"2021-09-27T10:35:41+00:00","dateModified":"2021-09-27T12:24:24+00:00","description":"Die Saona Hang Pendelleuchte besticht durch ihr inspirierendes mediterranes Design. Der Schirm ist aus Naturfasern handgefertigt und wird mit einem 150 cm langen schwarzen Kabel geliefert, so dass Sie seine H\u00f6he nach Belieben einstellen k\u00f6nnen. Installation erforderlich.GL\u00dcHBIRNE E27 NICHT ENTHALTEN","breadcrumb":{"@id":"https:\/\/newgarden.es\/de\/shop\/lightdeco-de\/interior-de\/pendelleuchte-saona-hang-innenanwendung\/#breadcrumb"},"inLanguage":"de","potentialAction":[{"@type":"ReadAction","target":["https:\/\/newgarden.es\/de\/shop\/lightdeco-de\/interior-de\/pendelleuchte-saona-hang-innenanwendung\/"]}]},{"@type":"ImageObject","inLanguage":"de","@id":"https:\/\/newgarden.es\/de\/shop\/lightdeco-de\/interior-de\/pendelleuchte-saona-hang-innenanwendung\/#primaryimage","url":"https:\/\/newgarden.es\/wp-content\/uploads\/2021\/09\/SAONA_HANG_1200X1200.jpg","contentUrl":"https:\/\/newgarden.es\/wp-content\/uploads\/2021\/09\/SAONA_HANG_1200X1200.jpg","width":1200,"height":1200},{"@type":"BreadcrumbList","@id":"https:\/\/newgarden.es\/de\/shop\/lightdeco-de\/interior-de\/pendelleuchte-saona-hang-innenanwendung\/#breadcrumb","itemListElement":[{"@type":"ListItem","position":1,"name":"Home","item":"https:\/\/newgarden.es\/de\/"},{"@type":"ListItem","position":2,"name":"Shop","item":"https:\/\/newgarden.es\/de\/shop\/"},{"@type":"ListItem","position":3,"name":"PENDELLEUCHTE SAONA HANG | INNENANWENDUNG"}]},{"@type":"WebSite","@id":"https:\/\/newgarden.es\/#website","url":"https:\/\/newgarden.es\/","name":"Newgarden","description":"Be happy","potentialAction":[{"@type":"SearchAction","target":{"@type":"EntryPoint","urlTemplate":"https:\/\/newgarden.es\/?s={search_term_string}"},"query-input":{"@type":"PropertyValueSpecification","valueRequired":true,"valueName":"search_term_string"}}],"inLanguage":"de"}]}},"df_price":89,"df_sale_price":"","df_regular_price":89,"df_image_link":"https:\/\/newgarden.es\/wp-content\/uploads\/2021\/09\/SAONA_HANG_1200X1200-580x400.jpg","_links":{"self":[{"href":"https:\/\/newgarden.es\/de\/wp-json\/wp\/v2\/product\/37829"}],"collection":[{"href":"https:\/\/newgarden.es\/de\/wp-json\/wp\/v2\/product"}],"about":[{"href":"https:\/\/newgarden.es\/de\/wp-json\/wp\/v2\/types\/product"}],"wp:featuredmedia":[{"embeddable":true,"href":"https:\/\/newgarden.es\/de\/wp-json\/wp\/v2\/media\/58776"}],"wp:attachment":[{"href":"https:\/\/newgarden.es\/de\/wp-json\/wp\/v2\/media?parent=37829"}],"wp:term":[{"taxonomy":"product_cat","embeddable":true,"href":"https:\/\/newgarden.es\/de\/wp-json\/wp\/v2\/product_cat?post=37829"},{"taxonomy":"product_tag","embeddable":true,"href":"https:\/\/newgarden.es\/de\/wp-json\/wp\/v2\/product_tag?post=37829"}],"curies":[{"name":"wp","href":"https:\/\/api.w.org\/{rel}","templated":true}]}}