{"id":37917,"date":"2021-09-28T11:51:26","date_gmt":"2021-09-28T09:51:27","guid":{"rendered":"https:\/\/newgarden.es\/?post_type=product&#038;p=37917"},"modified":"2021-10-04T14:16:55","modified_gmt":"2021-10-04T12:16:55","slug":"dekostern-sisine-star-40","status":"publish","type":"product","link":"https:\/\/newgarden.es\/de\/shop\/lightdeco-de\/tischlampe\/dekostern-sisine-star-40\/","title":{"rendered":"DEKOSTERN SISINE STAR 40"},"content":{"rendered":"<section class=\"wpb-content-wrapper\"><p>[vc_row][vc_column][vc_column_text][\/vc_column_text][\/vc_column][\/vc_row][vc_row][vc_column][vc_column_text]Die dekorative Lampe SISINE STAR 40 ist aus Naturfasern handgeflochten. Diese Lampe ist die perfekte Erg\u00e4nzung, um jeden Raum in Ihrem Zuhause zu beleuchten und ihm einen nat\u00fcrlichen Touch zu verleihen. Die dekorative Leuchte SISINE STAR 40 ist in einer Ausf\u00fchrung erh\u00e4ltlich:<\/p>\n<p>Schnurlose dekorative Lampe SISINE STAR 40: Sie verf\u00fcgt \u00fcber eine eingebaute, wiederaufladbare, tragbare Lampe mit 900 Lumen, die nicht installiert werden muss. Sie m\u00fcssen sie nur in die N\u00e4he der Lampe bringen und sie wird dank ihres Magnetfu\u00dfes haften. Diese Gl\u00fchbirne wird mit einer Fernbedienung geliefert, mit der man sie ein- und ausschalten und ihre Intensit\u00e4t regulieren kann.<\/p>\n<p>Beinhaltet die Lichtergirlande.<\/p>\n<p>(Batterien nicht enthalten)[\/vc_column_text][\/vc_column][\/vc_row][vc_row][vc_column width=&#8220;1\/2&#8243;][vc_btn title=&#8220;Technisches Datenblatt&#8220; style=&#8220;custom&#8220; custom_background=&#8220;#009bc2&#8243; custom_text=&#8220;#ffffff&#8220; shape=&#8220;square&#8220; el_class=&#8220;btn_descargar_ficha&#8220; link=&#8220;url:https%3A%2F%2Fdrive.google.com%2Fdrive%2Ffolders%2F1NX9IphGKh9QzfmDBrvTDEMn4m94miaJi%3Fusp%3Dsharing|target:%20_blank|&#8220;][\/vc_column][vc_column width=&#8220;1\/2&#8243;][vc_btn title=&#8220;BEDIENUNGSANLEITUNG&#8220; style=&#8220;custom&#8220; custom_background=&#8220;#009bc2&#8243; custom_text=&#8220;#ffffff&#8220; shape=&#8220;square&#8220; el_class=&#8220;btn_descargar_ficha&#8220; link=&#8220;target:%20_blank|&#8220;][\/vc_column][\/vc_row]<\/p>\n<\/section>","protected":false},"excerpt":{"rendered":"<p>[vc_row][vc_column][vc_column_text][\/vc_column_text][\/vc_column][\/vc_row][vc_row][vc_column][vc_column_text]Die dekorative Lampe SISINE STAR 40 ist aus Naturfasern handgeflochten. Diese Lampe ist die perfekte Erg\u00e4nzung, um jeden Raum in Ihrem Zuhause zu beleuchten und ihm einen nat\u00fcrlichen Touch zu<\/p>\n","protected":false},"featured_media":58715,"template":"","meta":[],"product_cat":[1696,763,764,1225,1589,811],"product_tag":[766,793,1226],"class_list":{"0":"post-37917","1":"product","2":"type-product","3":"status-publish","4":"has-post-thumbnail","6":"product_cat-productos-de","7":"product_cat-lightdeco-de","8":"product_cat-tischlampe","9":"product_cat-interior-de","10":"product_cat-innenbereich-de","11":"product_cat-weihnachten","12":"product_tag-batterie-de","13":"product_tag-drahtlose","14":"product_tag-interior-de","16":"first","17":"instock","18":"taxable","19":"shipping-taxable","20":"purchasable","21":"product-type-variable","22":"has-default-attributes"},"yoast_head":"<!-- This site is optimized with the Yoast SEO plugin v24.2 - https:\/\/yoast.com\/wordpress\/plugins\/seo\/ -->\n<title>DEKOSTERN SISINE STAR 40 - Newgarden<\/title>\n<meta name=\"description\" content=\"Die dekorative Lampe SISINE STAR 40 ist aus Naturfasern handgeflochten. Diese Lampe ist die perfekte Erg\u00e4nzung, um jeden Raum in Ihrem Zuhause zu beleuchten und ihm einen nat\u00fcrlichen Touch zu verleihen.\" \/>\n<meta name=\"robots\" content=\"index, follow, max-snippet:-1, max-image-preview:large, max-video-preview:-1\" \/>\n<link rel=\"canonical\" href=\"https:\/\/newgarden.es\/de\/shop\/lightdeco-de\/tischlampe\/dekostern-sisine-star-40\/\" \/>\n<meta property=\"og:locale\" content=\"de_DE\" \/>\n<meta property=\"og:type\" content=\"article\" \/>\n<meta property=\"og:title\" content=\"DEKOSTERN SISINE STAR 40 - Newgarden\" \/>\n<meta property=\"og:description\" content=\"Die dekorative Lampe SISINE STAR 40 ist aus Naturfasern handgeflochten. Diese Lampe ist die perfekte Erg\u00e4nzung, um jeden Raum in Ihrem Zuhause zu beleuchten und ihm einen nat\u00fcrlichen Touch zu verleihen.\" \/>\n<meta property=\"og:url\" content=\"https:\/\/newgarden.es\/de\/shop\/lightdeco-de\/tischlampe\/dekostern-sisine-star-40\/\" \/>\n<meta property=\"og:site_name\" content=\"Newgarden\" \/>\n<meta property=\"article:modified_time\" content=\"2021-10-04T12:16:55+00:00\" \/>\n<meta property=\"og:image\" content=\"https:\/\/newgarden.es\/wp-content\/uploads\/2021\/09\/SISINE_STAR_1200X1200-2.jpg\" \/>\n\t<meta property=\"og:image:width\" content=\"1200\" \/>\n\t<meta property=\"og:image:height\" content=\"1200\" \/>\n\t<meta property=\"og:image:type\" content=\"image\/jpeg\" \/>\n<meta name=\"twitter:card\" content=\"summary_large_image\" \/>\n<meta name=\"twitter:label1\" content=\"Gesch\u00e4tzte Lesezeit\" \/>\n\t<meta name=\"twitter:data1\" content=\"1\u00a0Minute\" \/>\n<script type=\"application\/ld+json\" class=\"yoast-schema-graph\">{\"@context\":\"https:\/\/schema.org\",\"@graph\":[{\"@type\":\"WebPage\",\"@id\":\"https:\/\/newgarden.es\/de\/shop\/lightdeco-de\/tischlampe\/dekostern-sisine-star-40\/\",\"url\":\"https:\/\/newgarden.es\/de\/shop\/lightdeco-de\/tischlampe\/dekostern-sisine-star-40\/\",\"name\":\"DEKOSTERN SISINE STAR 40 - Newgarden\",\"isPartOf\":{\"@id\":\"https:\/\/newgarden.es\/#website\"},\"primaryImageOfPage\":{\"@id\":\"https:\/\/newgarden.es\/de\/shop\/lightdeco-de\/tischlampe\/dekostern-sisine-star-40\/#primaryimage\"},\"image\":{\"@id\":\"https:\/\/newgarden.es\/de\/shop\/lightdeco-de\/tischlampe\/dekostern-sisine-star-40\/#primaryimage\"},\"thumbnailUrl\":\"https:\/\/newgarden.es\/wp-content\/uploads\/2021\/09\/SISINE_STAR_1200X1200-2.jpg\",\"datePublished\":\"2021-09-28T09:51:27+00:00\",\"dateModified\":\"2021-10-04T12:16:55+00:00\",\"description\":\"Die dekorative Lampe SISINE STAR 40 ist aus Naturfasern handgeflochten. Diese Lampe ist die perfekte Erg\u00e4nzung, um jeden Raum in Ihrem Zuhause zu beleuchten und ihm einen nat\u00fcrlichen Touch zu verleihen.\",\"breadcrumb\":{\"@id\":\"https:\/\/newgarden.es\/de\/shop\/lightdeco-de\/tischlampe\/dekostern-sisine-star-40\/#breadcrumb\"},\"inLanguage\":\"de\",\"potentialAction\":[{\"@type\":\"ReadAction\",\"target\":[\"https:\/\/newgarden.es\/de\/shop\/lightdeco-de\/tischlampe\/dekostern-sisine-star-40\/\"]}]},{\"@type\":\"ImageObject\",\"inLanguage\":\"de\",\"@id\":\"https:\/\/newgarden.es\/de\/shop\/lightdeco-de\/tischlampe\/dekostern-sisine-star-40\/#primaryimage\",\"url\":\"https:\/\/newgarden.es\/wp-content\/uploads\/2021\/09\/SISINE_STAR_1200X1200-2.jpg\",\"contentUrl\":\"https:\/\/newgarden.es\/wp-content\/uploads\/2021\/09\/SISINE_STAR_1200X1200-2.jpg\",\"width\":1200,\"height\":1200},{\"@type\":\"BreadcrumbList\",\"@id\":\"https:\/\/newgarden.es\/de\/shop\/lightdeco-de\/tischlampe\/dekostern-sisine-star-40\/#breadcrumb\",\"itemListElement\":[{\"@type\":\"ListItem\",\"position\":1,\"name\":\"Home\",\"item\":\"https:\/\/newgarden.es\/de\/\"},{\"@type\":\"ListItem\",\"position\":2,\"name\":\"Shop\",\"item\":\"https:\/\/newgarden.es\/de\/shop\/\"},{\"@type\":\"ListItem\",\"position\":3,\"name\":\"DEKOSTERN SISINE STAR 40\"}]},{\"@type\":\"WebSite\",\"@id\":\"https:\/\/newgarden.es\/#website\",\"url\":\"https:\/\/newgarden.es\/\",\"name\":\"Newgarden\",\"description\":\"Be happy\",\"potentialAction\":[{\"@type\":\"SearchAction\",\"target\":{\"@type\":\"EntryPoint\",\"urlTemplate\":\"https:\/\/newgarden.es\/?s={search_term_string}\"},\"query-input\":{\"@type\":\"PropertyValueSpecification\",\"valueRequired\":true,\"valueName\":\"search_term_string\"}}],\"inLanguage\":\"de\"}]}<\/script>\n<!-- \/ Yoast SEO plugin. -->","yoast_head_json":{"title":"DEKOSTERN SISINE STAR 40 - Newgarden","description":"Die dekorative Lampe SISINE STAR 40 ist aus Naturfasern handgeflochten. Diese Lampe ist die perfekte Erg\u00e4nzung, um jeden Raum in Ihrem Zuhause zu beleuchten und ihm einen nat\u00fcrlichen Touch zu verleihen.","robots":{"index":"index","follow":"follow","max-snippet":"max-snippet:-1","max-image-preview":"max-image-preview:large","max-video-preview":"max-video-preview:-1"},"canonical":"https:\/\/newgarden.es\/de\/shop\/lightdeco-de\/tischlampe\/dekostern-sisine-star-40\/","og_locale":"de_DE","og_type":"article","og_title":"DEKOSTERN SISINE STAR 40 - Newgarden","og_description":"Die dekorative Lampe SISINE STAR 40 ist aus Naturfasern handgeflochten. Diese Lampe ist die perfekte Erg\u00e4nzung, um jeden Raum in Ihrem Zuhause zu beleuchten und ihm einen nat\u00fcrlichen Touch zu verleihen.","og_url":"https:\/\/newgarden.es\/de\/shop\/lightdeco-de\/tischlampe\/dekostern-sisine-star-40\/","og_site_name":"Newgarden","article_modified_time":"2021-10-04T12:16:55+00:00","og_image":[{"width":1200,"height":1200,"url":"https:\/\/newgarden.es\/wp-content\/uploads\/2021\/09\/SISINE_STAR_1200X1200-2.jpg","type":"image\/jpeg"}],"twitter_card":"summary_large_image","twitter_misc":{"Gesch\u00e4tzte Lesezeit":"1\u00a0Minute"},"schema":{"@context":"https:\/\/schema.org","@graph":[{"@type":"WebPage","@id":"https:\/\/newgarden.es\/de\/shop\/lightdeco-de\/tischlampe\/dekostern-sisine-star-40\/","url":"https:\/\/newgarden.es\/de\/shop\/lightdeco-de\/tischlampe\/dekostern-sisine-star-40\/","name":"DEKOSTERN SISINE STAR 40 - Newgarden","isPartOf":{"@id":"https:\/\/newgarden.es\/#website"},"primaryImageOfPage":{"@id":"https:\/\/newgarden.es\/de\/shop\/lightdeco-de\/tischlampe\/dekostern-sisine-star-40\/#primaryimage"},"image":{"@id":"https:\/\/newgarden.es\/de\/shop\/lightdeco-de\/tischlampe\/dekostern-sisine-star-40\/#primaryimage"},"thumbnailUrl":"https:\/\/newgarden.es\/wp-content\/uploads\/2021\/09\/SISINE_STAR_1200X1200-2.jpg","datePublished":"2021-09-28T09:51:27+00:00","dateModified":"2021-10-04T12:16:55+00:00","description":"Die dekorative Lampe SISINE STAR 40 ist aus Naturfasern handgeflochten. Diese Lampe ist die perfekte Erg\u00e4nzung, um jeden Raum in Ihrem Zuhause zu beleuchten und ihm einen nat\u00fcrlichen Touch zu verleihen.","breadcrumb":{"@id":"https:\/\/newgarden.es\/de\/shop\/lightdeco-de\/tischlampe\/dekostern-sisine-star-40\/#breadcrumb"},"inLanguage":"de","potentialAction":[{"@type":"ReadAction","target":["https:\/\/newgarden.es\/de\/shop\/lightdeco-de\/tischlampe\/dekostern-sisine-star-40\/"]}]},{"@type":"ImageObject","inLanguage":"de","@id":"https:\/\/newgarden.es\/de\/shop\/lightdeco-de\/tischlampe\/dekostern-sisine-star-40\/#primaryimage","url":"https:\/\/newgarden.es\/wp-content\/uploads\/2021\/09\/SISINE_STAR_1200X1200-2.jpg","contentUrl":"https:\/\/newgarden.es\/wp-content\/uploads\/2021\/09\/SISINE_STAR_1200X1200-2.jpg","width":1200,"height":1200},{"@type":"BreadcrumbList","@id":"https:\/\/newgarden.es\/de\/shop\/lightdeco-de\/tischlampe\/dekostern-sisine-star-40\/#breadcrumb","itemListElement":[{"@type":"ListItem","position":1,"name":"Home","item":"https:\/\/newgarden.es\/de\/"},{"@type":"ListItem","position":2,"name":"Shop","item":"https:\/\/newgarden.es\/de\/shop\/"},{"@type":"ListItem","position":3,"name":"DEKOSTERN SISINE STAR 40"}]},{"@type":"WebSite","@id":"https:\/\/newgarden.es\/#website","url":"https:\/\/newgarden.es\/","name":"Newgarden","description":"Be happy","potentialAction":[{"@type":"SearchAction","target":{"@type":"EntryPoint","urlTemplate":"https:\/\/newgarden.es\/?s={search_term_string}"},"query-input":{"@type":"PropertyValueSpecification","valueRequired":true,"valueName":"search_term_string"}}],"inLanguage":"de"}]}},"df_price":63,"df_sale_price":"","df_regular_price":63,"df_image_link":"https:\/\/newgarden.es\/wp-content\/uploads\/2021\/09\/SISINE_STAR_1200X1200-2-580x400.jpg","_links":{"self":[{"href":"https:\/\/newgarden.es\/de\/wp-json\/wp\/v2\/product\/37917"}],"collection":[{"href":"https:\/\/newgarden.es\/de\/wp-json\/wp\/v2\/product"}],"about":[{"href":"https:\/\/newgarden.es\/de\/wp-json\/wp\/v2\/types\/product"}],"wp:featuredmedia":[{"embeddable":true,"href":"https:\/\/newgarden.es\/de\/wp-json\/wp\/v2\/media\/58715"}],"wp:attachment":[{"href":"https:\/\/newgarden.es\/de\/wp-json\/wp\/v2\/media?parent=37917"}],"wp:term":[{"taxonomy":"product_cat","embeddable":true,"href":"https:\/\/newgarden.es\/de\/wp-json\/wp\/v2\/product_cat?post=37917"},{"taxonomy":"product_tag","embeddable":true,"href":"https:\/\/newgarden.es\/de\/wp-json\/wp\/v2\/product_tag?post=37917"}],"curies":[{"name":"wp","href":"https:\/\/api.w.org\/{rel}","templated":true}]}}