{"id":38140,"date":"2021-09-28T14:33:50","date_gmt":"2021-09-28T12:33:52","guid":{"rendered":"https:\/\/newgarden.es\/?post_type=product&#038;p=38140"},"modified":"2021-10-14T12:12:16","modified_gmt":"2021-10-14T10:12:16","slug":"dekorative-lampe-saona-30-innenbereich","status":"publish","type":"product","link":"https:\/\/newgarden.es\/de\/shop\/lightdeco-de\/tischlampe\/dekorative-lampe-saona-30-innenbereich\/","title":{"rendered":"DEKORATIVE LAMPE SAONA 30 | INNENBEREICH"},"content":{"rendered":"<section class=\"wpb-content-wrapper\"><p>[vc_row][vc_column][vc_column_text][\/vc_column_text][\/vc_column][\/vc_row][vc_row][vc_column][vc_column_text]Die kabellose Dekolampe Saona 30 ist aus Naturfasern handgeflochten. Diese Lampe ist die perfekte Erg\u00e4nzung, um jeden Raum in Ihrem Haus oder Garten zu beleuchten und ihm einen nat\u00fcrlichen Touch zu verleihen.<\/p>\n<p>Sie verf\u00fcgt \u00fcber eine tragbare, wiederaufladbare Lampe mit 900 Lumen, die nicht installiert werden muss. Man muss sie nur in die N\u00e4he der Lampe bringen, und sie haftet dank ihres magnetischen Sockels. Diese Gl\u00fchbirne wird mit einer Fernbedienung geliefert, mit der man sie ein- und ausschalten und ihre Intensit\u00e4t regulieren kann.<\/p>\n<p>Diese Leuchte ist Teil der SAONA-Familie und kann mit einer H\u00e4ngeleuchte und einer Stehleuchte kombiniert werden.[\/vc_column_text][vc_video link=&#8220;https:\/\/youtu.be\/TJgq6dpASlI&#8220;][\/vc_column][\/vc_row][vc_row][vc_column width=&#8220;1\/2&#8243;][vc_btn title=&#8220;Technisches Datenblatt&#8220; style=&#8220;custom&#8220; custom_background=&#8220;#009bc2&#8243; custom_text=&#8220;#ffffff&#8220; shape=&#8220;square&#8220; el_class=&#8220;btn_descargar_ficha&#8220; link=&#8220;url:https%3A%2F%2Fdrive.google.com%2Fdrive%2Ffolders%2F1fooMhARF82DIOlA3cKk3zxe_tNpO4Ix_|target:%20_blank|&#8220;][\/vc_column][vc_column width=&#8220;1\/2&#8243;][vc_btn title=&#8220;BEDIENUNGSANLEITUNG&#8220; style=&#8220;custom&#8220; custom_background=&#8220;#009bc2&#8243; custom_text=&#8220;#ffffff&#8220; shape=&#8220;square&#8220; el_class=&#8220;btn_descargar_ficha&#8220; link=&#8220;target:%20_blank|&#8220;][\/vc_column][\/vc_row]<\/p>\n<\/section>","protected":false},"excerpt":{"rendered":"<p>[vc_row][vc_column][vc_column_text][\/vc_column_text][\/vc_column][\/vc_row][vc_row][vc_column][vc_column_text]Die kabellose Dekolampe Saona 30 ist aus Naturfasern handgeflochten. Diese Lampe ist die perfekte Erg\u00e4nzung, um jeden Raum in Ihrem Haus oder Garten zu beleuchten und ihm einen nat\u00fcrlichen Touch<\/p>\n","protected":false},"featured_media":58695,"template":"","meta":[],"product_cat":[1696,763,764,1225,1589],"product_tag":[766,793,1226],"class_list":{"0":"post-38140","1":"product","2":"type-product","3":"status-publish","4":"has-post-thumbnail","6":"product_cat-productos-de","7":"product_cat-lightdeco-de","8":"product_cat-tischlampe","9":"product_cat-interior-de","10":"product_cat-innenbereich-de","11":"product_tag-batterie-de","12":"product_tag-drahtlose","13":"product_tag-interior-de","15":"first","16":"instock","17":"taxable","18":"shipping-taxable","19":"purchasable","20":"product-type-variable"},"yoast_head":"<!-- This site is optimized with the Yoast SEO plugin v24.2 - https:\/\/yoast.com\/wordpress\/plugins\/seo\/ -->\n<title>DEKORATIVE LAMPE SAONA 30 | INNENBEREICH - Newgarden<\/title>\n<meta name=\"description\" content=\"Die dekorative Lampe Saona 30 ist die perfekte Erg\u00e4nzung, um jeden Raum in Ihrem Haus oder Garten zu beleuchten. Sie ist von Hand aus Naturfasern geflochten.\" \/>\n<meta name=\"robots\" content=\"index, follow, max-snippet:-1, max-image-preview:large, max-video-preview:-1\" \/>\n<link rel=\"canonical\" href=\"https:\/\/newgarden.es\/de\/shop\/lightdeco-de\/tischlampe\/dekorative-lampe-saona-30-innenbereich\/\" \/>\n<meta property=\"og:locale\" content=\"de_DE\" \/>\n<meta property=\"og:type\" content=\"article\" \/>\n<meta property=\"og:title\" content=\"DEKORATIVE LAMPE SAONA 30 | INNENBEREICH - Newgarden\" \/>\n<meta property=\"og:description\" content=\"Die dekorative Lampe Saona 30 ist die perfekte Erg\u00e4nzung, um jeden Raum in Ihrem Haus oder Garten zu beleuchten. Sie ist von Hand aus Naturfasern geflochten.\" \/>\n<meta property=\"og:url\" content=\"https:\/\/newgarden.es\/de\/shop\/lightdeco-de\/tischlampe\/dekorative-lampe-saona-30-innenbereich\/\" \/>\n<meta property=\"og:site_name\" content=\"Newgarden\" \/>\n<meta property=\"article:modified_time\" content=\"2021-10-14T10:12:16+00:00\" \/>\n<meta property=\"og:image\" content=\"https:\/\/newgarden.es\/wp-content\/uploads\/2021\/09\/SAONA_30_CABLE_1200X1200-5.jpg\" \/>\n\t<meta property=\"og:image:width\" content=\"1200\" \/>\n\t<meta property=\"og:image:height\" content=\"1200\" \/>\n\t<meta property=\"og:image:type\" content=\"image\/jpeg\" \/>\n<meta name=\"twitter:card\" content=\"summary_large_image\" \/>\n<meta name=\"twitter:label1\" content=\"Gesch\u00e4tzte Lesezeit\" \/>\n\t<meta name=\"twitter:data1\" content=\"1\u00a0Minute\" \/>\n<script type=\"application\/ld+json\" class=\"yoast-schema-graph\">{\"@context\":\"https:\/\/schema.org\",\"@graph\":[{\"@type\":\"WebPage\",\"@id\":\"https:\/\/newgarden.es\/de\/shop\/lightdeco-de\/tischlampe\/dekorative-lampe-saona-30-innenbereich\/\",\"url\":\"https:\/\/newgarden.es\/de\/shop\/lightdeco-de\/tischlampe\/dekorative-lampe-saona-30-innenbereich\/\",\"name\":\"DEKORATIVE LAMPE SAONA 30 | INNENBEREICH - Newgarden\",\"isPartOf\":{\"@id\":\"https:\/\/newgarden.es\/#website\"},\"primaryImageOfPage\":{\"@id\":\"https:\/\/newgarden.es\/de\/shop\/lightdeco-de\/tischlampe\/dekorative-lampe-saona-30-innenbereich\/#primaryimage\"},\"image\":{\"@id\":\"https:\/\/newgarden.es\/de\/shop\/lightdeco-de\/tischlampe\/dekorative-lampe-saona-30-innenbereich\/#primaryimage\"},\"thumbnailUrl\":\"https:\/\/newgarden.es\/wp-content\/uploads\/2021\/09\/SAONA_30_CABLE_1200X1200-5.jpg\",\"datePublished\":\"2021-09-28T12:33:52+00:00\",\"dateModified\":\"2021-10-14T10:12:16+00:00\",\"description\":\"Die dekorative Lampe Saona 30 ist die perfekte Erg\u00e4nzung, um jeden Raum in Ihrem Haus oder Garten zu beleuchten. Sie ist von Hand aus Naturfasern geflochten.\",\"breadcrumb\":{\"@id\":\"https:\/\/newgarden.es\/de\/shop\/lightdeco-de\/tischlampe\/dekorative-lampe-saona-30-innenbereich\/#breadcrumb\"},\"inLanguage\":\"de\",\"potentialAction\":[{\"@type\":\"ReadAction\",\"target\":[\"https:\/\/newgarden.es\/de\/shop\/lightdeco-de\/tischlampe\/dekorative-lampe-saona-30-innenbereich\/\"]}]},{\"@type\":\"ImageObject\",\"inLanguage\":\"de\",\"@id\":\"https:\/\/newgarden.es\/de\/shop\/lightdeco-de\/tischlampe\/dekorative-lampe-saona-30-innenbereich\/#primaryimage\",\"url\":\"https:\/\/newgarden.es\/wp-content\/uploads\/2021\/09\/SAONA_30_CABLE_1200X1200-5.jpg\",\"contentUrl\":\"https:\/\/newgarden.es\/wp-content\/uploads\/2021\/09\/SAONA_30_CABLE_1200X1200-5.jpg\",\"width\":1200,\"height\":1200},{\"@type\":\"BreadcrumbList\",\"@id\":\"https:\/\/newgarden.es\/de\/shop\/lightdeco-de\/tischlampe\/dekorative-lampe-saona-30-innenbereich\/#breadcrumb\",\"itemListElement\":[{\"@type\":\"ListItem\",\"position\":1,\"name\":\"Home\",\"item\":\"https:\/\/newgarden.es\/de\/\"},{\"@type\":\"ListItem\",\"position\":2,\"name\":\"Shop\",\"item\":\"https:\/\/newgarden.es\/de\/shop\/\"},{\"@type\":\"ListItem\",\"position\":3,\"name\":\"DEKORATIVE LAMPE SAONA 30 | INNENBEREICH\"}]},{\"@type\":\"WebSite\",\"@id\":\"https:\/\/newgarden.es\/#website\",\"url\":\"https:\/\/newgarden.es\/\",\"name\":\"Newgarden\",\"description\":\"Be happy\",\"potentialAction\":[{\"@type\":\"SearchAction\",\"target\":{\"@type\":\"EntryPoint\",\"urlTemplate\":\"https:\/\/newgarden.es\/?s={search_term_string}\"},\"query-input\":{\"@type\":\"PropertyValueSpecification\",\"valueRequired\":true,\"valueName\":\"search_term_string\"}}],\"inLanguage\":\"de\"}]}<\/script>\n<!-- \/ Yoast SEO plugin. -->","yoast_head_json":{"title":"DEKORATIVE LAMPE SAONA 30 | INNENBEREICH - Newgarden","description":"Die dekorative Lampe Saona 30 ist die perfekte Erg\u00e4nzung, um jeden Raum in Ihrem Haus oder Garten zu beleuchten. Sie ist von Hand aus Naturfasern geflochten.","robots":{"index":"index","follow":"follow","max-snippet":"max-snippet:-1","max-image-preview":"max-image-preview:large","max-video-preview":"max-video-preview:-1"},"canonical":"https:\/\/newgarden.es\/de\/shop\/lightdeco-de\/tischlampe\/dekorative-lampe-saona-30-innenbereich\/","og_locale":"de_DE","og_type":"article","og_title":"DEKORATIVE LAMPE SAONA 30 | INNENBEREICH - Newgarden","og_description":"Die dekorative Lampe Saona 30 ist die perfekte Erg\u00e4nzung, um jeden Raum in Ihrem Haus oder Garten zu beleuchten. Sie ist von Hand aus Naturfasern geflochten.","og_url":"https:\/\/newgarden.es\/de\/shop\/lightdeco-de\/tischlampe\/dekorative-lampe-saona-30-innenbereich\/","og_site_name":"Newgarden","article_modified_time":"2021-10-14T10:12:16+00:00","og_image":[{"width":1200,"height":1200,"url":"https:\/\/newgarden.es\/wp-content\/uploads\/2021\/09\/SAONA_30_CABLE_1200X1200-5.jpg","type":"image\/jpeg"}],"twitter_card":"summary_large_image","twitter_misc":{"Gesch\u00e4tzte Lesezeit":"1\u00a0Minute"},"schema":{"@context":"https:\/\/schema.org","@graph":[{"@type":"WebPage","@id":"https:\/\/newgarden.es\/de\/shop\/lightdeco-de\/tischlampe\/dekorative-lampe-saona-30-innenbereich\/","url":"https:\/\/newgarden.es\/de\/shop\/lightdeco-de\/tischlampe\/dekorative-lampe-saona-30-innenbereich\/","name":"DEKORATIVE LAMPE SAONA 30 | INNENBEREICH - Newgarden","isPartOf":{"@id":"https:\/\/newgarden.es\/#website"},"primaryImageOfPage":{"@id":"https:\/\/newgarden.es\/de\/shop\/lightdeco-de\/tischlampe\/dekorative-lampe-saona-30-innenbereich\/#primaryimage"},"image":{"@id":"https:\/\/newgarden.es\/de\/shop\/lightdeco-de\/tischlampe\/dekorative-lampe-saona-30-innenbereich\/#primaryimage"},"thumbnailUrl":"https:\/\/newgarden.es\/wp-content\/uploads\/2021\/09\/SAONA_30_CABLE_1200X1200-5.jpg","datePublished":"2021-09-28T12:33:52+00:00","dateModified":"2021-10-14T10:12:16+00:00","description":"Die dekorative Lampe Saona 30 ist die perfekte Erg\u00e4nzung, um jeden Raum in Ihrem Haus oder Garten zu beleuchten. Sie ist von Hand aus Naturfasern geflochten.","breadcrumb":{"@id":"https:\/\/newgarden.es\/de\/shop\/lightdeco-de\/tischlampe\/dekorative-lampe-saona-30-innenbereich\/#breadcrumb"},"inLanguage":"de","potentialAction":[{"@type":"ReadAction","target":["https:\/\/newgarden.es\/de\/shop\/lightdeco-de\/tischlampe\/dekorative-lampe-saona-30-innenbereich\/"]}]},{"@type":"ImageObject","inLanguage":"de","@id":"https:\/\/newgarden.es\/de\/shop\/lightdeco-de\/tischlampe\/dekorative-lampe-saona-30-innenbereich\/#primaryimage","url":"https:\/\/newgarden.es\/wp-content\/uploads\/2021\/09\/SAONA_30_CABLE_1200X1200-5.jpg","contentUrl":"https:\/\/newgarden.es\/wp-content\/uploads\/2021\/09\/SAONA_30_CABLE_1200X1200-5.jpg","width":1200,"height":1200},{"@type":"BreadcrumbList","@id":"https:\/\/newgarden.es\/de\/shop\/lightdeco-de\/tischlampe\/dekorative-lampe-saona-30-innenbereich\/#breadcrumb","itemListElement":[{"@type":"ListItem","position":1,"name":"Home","item":"https:\/\/newgarden.es\/de\/"},{"@type":"ListItem","position":2,"name":"Shop","item":"https:\/\/newgarden.es\/de\/shop\/"},{"@type":"ListItem","position":3,"name":"DEKORATIVE LAMPE SAONA 30 | INNENBEREICH"}]},{"@type":"WebSite","@id":"https:\/\/newgarden.es\/#website","url":"https:\/\/newgarden.es\/","name":"Newgarden","description":"Be happy","potentialAction":[{"@type":"SearchAction","target":{"@type":"EntryPoint","urlTemplate":"https:\/\/newgarden.es\/?s={search_term_string}"},"query-input":{"@type":"PropertyValueSpecification","valueRequired":true,"valueName":"search_term_string"}}],"inLanguage":"de"}]}},"df_price":57,"df_sale_price":"","df_regular_price":57,"df_image_link":"https:\/\/newgarden.es\/wp-content\/uploads\/2021\/09\/SAONA_30_CABLE_1200X1200-5-580x400.jpg","_links":{"self":[{"href":"https:\/\/newgarden.es\/de\/wp-json\/wp\/v2\/product\/38140"}],"collection":[{"href":"https:\/\/newgarden.es\/de\/wp-json\/wp\/v2\/product"}],"about":[{"href":"https:\/\/newgarden.es\/de\/wp-json\/wp\/v2\/types\/product"}],"wp:featuredmedia":[{"embeddable":true,"href":"https:\/\/newgarden.es\/de\/wp-json\/wp\/v2\/media\/58695"}],"wp:attachment":[{"href":"https:\/\/newgarden.es\/de\/wp-json\/wp\/v2\/media?parent=38140"}],"wp:term":[{"taxonomy":"product_cat","embeddable":true,"href":"https:\/\/newgarden.es\/de\/wp-json\/wp\/v2\/product_cat?post=38140"},{"taxonomy":"product_tag","embeddable":true,"href":"https:\/\/newgarden.es\/de\/wp-json\/wp\/v2\/product_tag?post=38140"}],"curies":[{"name":"wp","href":"https:\/\/api.w.org\/{rel}","templated":true}]}}