{"id":38513,"date":"2021-10-04T13:02:49","date_gmt":"2021-10-04T11:02:50","guid":{"rendered":"https:\/\/newgarden.es\/?post_type=product&#038;p=38513"},"modified":"2021-10-14T13:11:42","modified_gmt":"2021-10-14T11:11:42","slug":"boule-lumineuse-buly-50-usage-interieur","status":"publish","type":"product","link":"https:\/\/newgarden.es\/de\/shop\/lightdeco-de\/tischlampe\/boule-lumineuse-buly-50-usage-interieur\/","title":{"rendered":"BOULE LUMINEUSE BULY 50 | USAGE INT\u00c9RIEUR"},"content":{"rendered":"<section class=\"wpb-content-wrapper\"><p>[vc_row][vc_column el_class=&#8220;descripcion_producto&#8220;][vc_column_text]<br \/>\nLa lampe lumineuse BULY, pour donner une touche diff\u00e9rente \u00e0 vos soir\u00e9es. Ou ajoutez un ton diff\u00e9rent \u00e0 votre table de chevet.<\/p>\n<p>Tous les produits Newgarden sont fabriqu\u00e9s en poly\u00e9thyl\u00e8ne, ce qui les rend l\u00e9gers et tr\u00e8s r\u00e9sistants aux temp\u00e9ratures extr\u00eames. Ils sont \u00e9galement prot\u00e9g\u00e9s contre les UV, ce qui rend la dur\u00e9e de vie du produit extraordinairement longue.<br \/>\n[\/vc_column_text][\/vc_column][\/vc_row][vc_row disable_element=&#8220;yes&#8220;][vc_column][vc_single_image image=&#8220;6566&#8243; img_size=&#8220;full&#8220;][\/vc_column][\/vc_row][vc_row][vc_column width=&#8220;1\/2&#8243;][vc_btn title=&#8220;Technisches Datenblatt&#8220; style=&#8220;custom&#8220; custom_background=&#8220;#009bc2&#8243; custom_text=&#8220;#ffffff&#8220; shape=&#8220;square&#8220; link=&#8220;url:https%3A%2F%2Fdrive.google.com%2Fdrive%2Ffolders%2F1z7OdYefc3eBE9s-w4BJ38990BVcf|target:%20_blank|&#8220; el_class=&#8220;btn_descargar_ficha&#8220;][\/vc_column][vc_column width=&#8220;1\/2&#8243;][vc_btn title=&#8220;BEDIENUNGSANLEITUNG&#8220; style=&#8220;custom&#8220; custom_background=&#8220;#009bc2&#8243; custom_text=&#8220;#ffffff&#8220; shape=&#8220;square&#8220; el_class=&#8220;btn_descargar_ficha&#8220;][\/vc_column][\/vc_row]<\/p>\n<\/section>","protected":false},"excerpt":{"rendered":"<h1 style=\"font-size: 12px;\">BULY boule lumineuse<\/h1>\n","protected":false},"featured_media":65317,"template":"","meta":[],"product_cat":[1696,763,764,1225,1589],"product_tag":[765],"class_list":{"0":"post-38513","1":"product","2":"type-product","3":"status-publish","4":"has-post-thumbnail","6":"product_cat-productos-de","7":"product_cat-lightdeco-de","8":"product_cat-tischlampe","9":"product_cat-interior-de","10":"product_cat-innenbereich-de","11":"product_tag-kabel","13":"first","14":"instock","15":"taxable","16":"shipping-taxable","17":"purchasable","18":"product-type-variable"},"yoast_head":"<!-- This site is optimized with the Yoast SEO plugin v24.2 - https:\/\/yoast.com\/wordpress\/plugins\/seo\/ -->\n<title>Buly, Sph\u00e8re illumin\u00e9e, interrupteur manuel r\u00e9tro-\u00e9clair\u00e9 par LED en finition int\u00e9rieure<\/title>\n<meta name=\"description\" content=\"La lampe lumineuse BULY, pour donner une touche diff\u00e9rente \u00e0 vos soir\u00e9es. Ou ajoutez un ton diff\u00e9rent \u00e0 votre table de chevet. Buly, Sph\u00e8re illumin\u00e9e, interrupteur manuel r\u00e9tro-\u00e9clair\u00e9 par LED en finition int\u00e9rieure\" \/>\n<meta name=\"robots\" content=\"index, follow, max-snippet:-1, max-image-preview:large, max-video-preview:-1\" \/>\n<link rel=\"canonical\" href=\"https:\/\/newgarden.es\/de\/shop\/lightdeco-de\/tischlampe\/boule-lumineuse-buly-50-usage-interieur\/\" \/>\n<meta property=\"og:locale\" content=\"de_DE\" \/>\n<meta property=\"og:type\" content=\"article\" \/>\n<meta property=\"og:title\" content=\"Buly, Sph\u00e8re illumin\u00e9e, interrupteur manuel r\u00e9tro-\u00e9clair\u00e9 par LED en finition int\u00e9rieure\" \/>\n<meta property=\"og:description\" content=\"La lampe lumineuse BULY, pour donner une touche diff\u00e9rente \u00e0 vos soir\u00e9es. Ou ajoutez un ton diff\u00e9rent \u00e0 votre table de chevet. Buly, Sph\u00e8re illumin\u00e9e, interrupteur manuel r\u00e9tro-\u00e9clair\u00e9 par LED en finition int\u00e9rieure\" \/>\n<meta property=\"og:url\" content=\"https:\/\/newgarden.es\/de\/shop\/lightdeco-de\/tischlampe\/boule-lumineuse-buly-50-usage-interieur\/\" \/>\n<meta property=\"og:site_name\" content=\"Newgarden\" \/>\n<meta property=\"article:modified_time\" content=\"2021-10-14T11:11:42+00:00\" \/>\n<meta property=\"og:image\" content=\"https:\/\/newgarden.es\/wp-content\/uploads\/2021\/09\/BULY_40_200X1200.jpg\" \/>\n\t<meta property=\"og:image:width\" content=\"1200\" \/>\n\t<meta property=\"og:image:height\" content=\"1200\" \/>\n\t<meta property=\"og:image:type\" content=\"image\/jpeg\" \/>\n<meta name=\"twitter:card\" content=\"summary_large_image\" \/>\n<meta name=\"twitter:label1\" content=\"Gesch\u00e4tzte Lesezeit\" \/>\n\t<meta name=\"twitter:data1\" content=\"1\u00a0Minute\" \/>\n<script type=\"application\/ld+json\" class=\"yoast-schema-graph\">{\"@context\":\"https:\/\/schema.org\",\"@graph\":[{\"@type\":\"WebPage\",\"@id\":\"https:\/\/newgarden.es\/de\/shop\/lightdeco-de\/tischlampe\/boule-lumineuse-buly-50-usage-interieur\/\",\"url\":\"https:\/\/newgarden.es\/de\/shop\/lightdeco-de\/tischlampe\/boule-lumineuse-buly-50-usage-interieur\/\",\"name\":\"Buly, Sph\u00e8re illumin\u00e9e, interrupteur manuel r\u00e9tro-\u00e9clair\u00e9 par LED en finition int\u00e9rieure\",\"isPartOf\":{\"@id\":\"https:\/\/newgarden.es\/#website\"},\"primaryImageOfPage\":{\"@id\":\"https:\/\/newgarden.es\/de\/shop\/lightdeco-de\/tischlampe\/boule-lumineuse-buly-50-usage-interieur\/#primaryimage\"},\"image\":{\"@id\":\"https:\/\/newgarden.es\/de\/shop\/lightdeco-de\/tischlampe\/boule-lumineuse-buly-50-usage-interieur\/#primaryimage\"},\"thumbnailUrl\":\"https:\/\/newgarden.es\/wp-content\/uploads\/2021\/09\/BULY_40_200X1200.jpg\",\"datePublished\":\"2021-10-04T11:02:50+00:00\",\"dateModified\":\"2021-10-14T11:11:42+00:00\",\"description\":\"La lampe lumineuse BULY, pour donner une touche diff\u00e9rente \u00e0 vos soir\u00e9es. Ou ajoutez un ton diff\u00e9rent \u00e0 votre table de chevet. Buly, Sph\u00e8re illumin\u00e9e, interrupteur manuel r\u00e9tro-\u00e9clair\u00e9 par LED en finition int\u00e9rieure\",\"breadcrumb\":{\"@id\":\"https:\/\/newgarden.es\/de\/shop\/lightdeco-de\/tischlampe\/boule-lumineuse-buly-50-usage-interieur\/#breadcrumb\"},\"inLanguage\":\"de\",\"potentialAction\":[{\"@type\":\"ReadAction\",\"target\":[\"https:\/\/newgarden.es\/de\/shop\/lightdeco-de\/tischlampe\/boule-lumineuse-buly-50-usage-interieur\/\"]}]},{\"@type\":\"ImageObject\",\"inLanguage\":\"de\",\"@id\":\"https:\/\/newgarden.es\/de\/shop\/lightdeco-de\/tischlampe\/boule-lumineuse-buly-50-usage-interieur\/#primaryimage\",\"url\":\"https:\/\/newgarden.es\/wp-content\/uploads\/2021\/09\/BULY_40_200X1200.jpg\",\"contentUrl\":\"https:\/\/newgarden.es\/wp-content\/uploads\/2021\/09\/BULY_40_200X1200.jpg\",\"width\":1200,\"height\":1200},{\"@type\":\"BreadcrumbList\",\"@id\":\"https:\/\/newgarden.es\/de\/shop\/lightdeco-de\/tischlampe\/boule-lumineuse-buly-50-usage-interieur\/#breadcrumb\",\"itemListElement\":[{\"@type\":\"ListItem\",\"position\":1,\"name\":\"Home\",\"item\":\"https:\/\/newgarden.es\/de\/\"},{\"@type\":\"ListItem\",\"position\":2,\"name\":\"Shop\",\"item\":\"https:\/\/newgarden.es\/de\/shop\/\"},{\"@type\":\"ListItem\",\"position\":3,\"name\":\"BOULE LUMINEUSE BULY 50 | USAGE INT\u00c9RIEUR\"}]},{\"@type\":\"WebSite\",\"@id\":\"https:\/\/newgarden.es\/#website\",\"url\":\"https:\/\/newgarden.es\/\",\"name\":\"Newgarden\",\"description\":\"Be happy\",\"potentialAction\":[{\"@type\":\"SearchAction\",\"target\":{\"@type\":\"EntryPoint\",\"urlTemplate\":\"https:\/\/newgarden.es\/?s={search_term_string}\"},\"query-input\":{\"@type\":\"PropertyValueSpecification\",\"valueRequired\":true,\"valueName\":\"search_term_string\"}}],\"inLanguage\":\"de\"}]}<\/script>\n<!-- \/ Yoast SEO plugin. -->","yoast_head_json":{"title":"Buly, Sph\u00e8re illumin\u00e9e, interrupteur manuel r\u00e9tro-\u00e9clair\u00e9 par LED en finition int\u00e9rieure","description":"La lampe lumineuse BULY, pour donner une touche diff\u00e9rente \u00e0 vos soir\u00e9es. Ou ajoutez un ton diff\u00e9rent \u00e0 votre table de chevet. Buly, Sph\u00e8re illumin\u00e9e, interrupteur manuel r\u00e9tro-\u00e9clair\u00e9 par LED en finition int\u00e9rieure","robots":{"index":"index","follow":"follow","max-snippet":"max-snippet:-1","max-image-preview":"max-image-preview:large","max-video-preview":"max-video-preview:-1"},"canonical":"https:\/\/newgarden.es\/de\/shop\/lightdeco-de\/tischlampe\/boule-lumineuse-buly-50-usage-interieur\/","og_locale":"de_DE","og_type":"article","og_title":"Buly, Sph\u00e8re illumin\u00e9e, interrupteur manuel r\u00e9tro-\u00e9clair\u00e9 par LED en finition int\u00e9rieure","og_description":"La lampe lumineuse BULY, pour donner une touche diff\u00e9rente \u00e0 vos soir\u00e9es. Ou ajoutez un ton diff\u00e9rent \u00e0 votre table de chevet. Buly, Sph\u00e8re illumin\u00e9e, interrupteur manuel r\u00e9tro-\u00e9clair\u00e9 par LED en finition int\u00e9rieure","og_url":"https:\/\/newgarden.es\/de\/shop\/lightdeco-de\/tischlampe\/boule-lumineuse-buly-50-usage-interieur\/","og_site_name":"Newgarden","article_modified_time":"2021-10-14T11:11:42+00:00","og_image":[{"width":1200,"height":1200,"url":"https:\/\/newgarden.es\/wp-content\/uploads\/2021\/09\/BULY_40_200X1200.jpg","type":"image\/jpeg"}],"twitter_card":"summary_large_image","twitter_misc":{"Gesch\u00e4tzte Lesezeit":"1\u00a0Minute"},"schema":{"@context":"https:\/\/schema.org","@graph":[{"@type":"WebPage","@id":"https:\/\/newgarden.es\/de\/shop\/lightdeco-de\/tischlampe\/boule-lumineuse-buly-50-usage-interieur\/","url":"https:\/\/newgarden.es\/de\/shop\/lightdeco-de\/tischlampe\/boule-lumineuse-buly-50-usage-interieur\/","name":"Buly, Sph\u00e8re illumin\u00e9e, interrupteur manuel r\u00e9tro-\u00e9clair\u00e9 par LED en finition int\u00e9rieure","isPartOf":{"@id":"https:\/\/newgarden.es\/#website"},"primaryImageOfPage":{"@id":"https:\/\/newgarden.es\/de\/shop\/lightdeco-de\/tischlampe\/boule-lumineuse-buly-50-usage-interieur\/#primaryimage"},"image":{"@id":"https:\/\/newgarden.es\/de\/shop\/lightdeco-de\/tischlampe\/boule-lumineuse-buly-50-usage-interieur\/#primaryimage"},"thumbnailUrl":"https:\/\/newgarden.es\/wp-content\/uploads\/2021\/09\/BULY_40_200X1200.jpg","datePublished":"2021-10-04T11:02:50+00:00","dateModified":"2021-10-14T11:11:42+00:00","description":"La lampe lumineuse BULY, pour donner une touche diff\u00e9rente \u00e0 vos soir\u00e9es. Ou ajoutez un ton diff\u00e9rent \u00e0 votre table de chevet. Buly, Sph\u00e8re illumin\u00e9e, interrupteur manuel r\u00e9tro-\u00e9clair\u00e9 par LED en finition int\u00e9rieure","breadcrumb":{"@id":"https:\/\/newgarden.es\/de\/shop\/lightdeco-de\/tischlampe\/boule-lumineuse-buly-50-usage-interieur\/#breadcrumb"},"inLanguage":"de","potentialAction":[{"@type":"ReadAction","target":["https:\/\/newgarden.es\/de\/shop\/lightdeco-de\/tischlampe\/boule-lumineuse-buly-50-usage-interieur\/"]}]},{"@type":"ImageObject","inLanguage":"de","@id":"https:\/\/newgarden.es\/de\/shop\/lightdeco-de\/tischlampe\/boule-lumineuse-buly-50-usage-interieur\/#primaryimage","url":"https:\/\/newgarden.es\/wp-content\/uploads\/2021\/09\/BULY_40_200X1200.jpg","contentUrl":"https:\/\/newgarden.es\/wp-content\/uploads\/2021\/09\/BULY_40_200X1200.jpg","width":1200,"height":1200},{"@type":"BreadcrumbList","@id":"https:\/\/newgarden.es\/de\/shop\/lightdeco-de\/tischlampe\/boule-lumineuse-buly-50-usage-interieur\/#breadcrumb","itemListElement":[{"@type":"ListItem","position":1,"name":"Home","item":"https:\/\/newgarden.es\/de\/"},{"@type":"ListItem","position":2,"name":"Shop","item":"https:\/\/newgarden.es\/de\/shop\/"},{"@type":"ListItem","position":3,"name":"BOULE LUMINEUSE BULY 50 | USAGE INT\u00c9RIEUR"}]},{"@type":"WebSite","@id":"https:\/\/newgarden.es\/#website","url":"https:\/\/newgarden.es\/","name":"Newgarden","description":"Be happy","potentialAction":[{"@type":"SearchAction","target":{"@type":"EntryPoint","urlTemplate":"https:\/\/newgarden.es\/?s={search_term_string}"},"query-input":{"@type":"PropertyValueSpecification","valueRequired":true,"valueName":"search_term_string"}}],"inLanguage":"de"}]}},"df_price":83.9,"df_sale_price":"","df_regular_price":83.9,"df_image_link":"https:\/\/newgarden.es\/wp-content\/uploads\/2021\/09\/BULY_40_200X1200-580x400.jpg","_links":{"self":[{"href":"https:\/\/newgarden.es\/de\/wp-json\/wp\/v2\/product\/38513"}],"collection":[{"href":"https:\/\/newgarden.es\/de\/wp-json\/wp\/v2\/product"}],"about":[{"href":"https:\/\/newgarden.es\/de\/wp-json\/wp\/v2\/types\/product"}],"wp:featuredmedia":[{"embeddable":true,"href":"https:\/\/newgarden.es\/de\/wp-json\/wp\/v2\/media\/65317"}],"wp:attachment":[{"href":"https:\/\/newgarden.es\/de\/wp-json\/wp\/v2\/media?parent=38513"}],"wp:term":[{"taxonomy":"product_cat","embeddable":true,"href":"https:\/\/newgarden.es\/de\/wp-json\/wp\/v2\/product_cat?post=38513"},{"taxonomy":"product_tag","embeddable":true,"href":"https:\/\/newgarden.es\/de\/wp-json\/wp\/v2\/product_tag?post=38513"}],"curies":[{"name":"wp","href":"https:\/\/api.w.org\/{rel}","templated":true}]}}