{"id":40295,"date":"2020-02-20T12:28:30","date_gmt":"2020-02-20T11:28:30","guid":{"rendered":"https:\/\/newgarden.es\/shop\/unkategorisiert\/tarida-sit-arms-sitz-color\/"},"modified":"2022-12-15T10:07:48","modified_gmt":"2022-12-15T09:07:48","slug":"tarida-sit-arms-sitz-color","status":"publish","type":"product","link":"https:\/\/newgarden.es\/de\/shop\/moebel\/sitzgelegenheiten\/tarida-sit-arms-sitz-color\/","title":{"rendered":"TARIDA SIT ARMS SITZ COLOR"},"content":{"rendered":"<section class=\"wpb-content-wrapper\"><p>[vc_row][vc_column el_class=&#8221;descripcion_producto&#8221;][vc_column_text]<br \/>\nTARIDA SIT: Bequemer Sitz mit geraden Linien, sein eigenartiges Design erm\u00f6glicht die Kombination miteinander, wodurch eine Vielzahl von Kompositionen entsteht. Erh\u00e4ltlich in verschiedenen Farben und Ausf\u00fchrungen. Kombinieren Sie es mit TARIDA TAB, um eine entspannte Umgebung in Ihrem Zuhause oder Gesch\u00e4ft zu schaffen. Kunstlederkissen enthalten.<\/p>\n<p>Alle Newgarden-Produkte bestehen aus Polyethylen, wodurch sie leicht und \u00e4u\u00dferst widerstandsf\u00e4hig gegen extreme Temperaturen sind. Sie sind auch vor UV-Strahlen gesch\u00fctzt, wodurch die Lebensdauer des Produkts extrem lang wird.<br \/>\n[\/vc_column_text][\/vc_column][\/vc_row][vc_row disable_element=&#8221;yes&#8221;][vc_column][vc_single_image image=&#8221;6566&#8243; img_size=&#8221;full&#8221;][\/vc_column][\/vc_row][vc_row][vc_column width=&#8221;1\/2&#8243;][vc_btn title=&#8221;Technisches Datenblatt&#8221; style=&#8221;custom&#8221; custom_background=&#8221;#009bc2&#8243; custom_text=&#8221;#ffffff&#8221; shape=&#8221;square&#8221; link=&#8221;url:https%3A%2F%2Fwww.newgarden.es%2Fwp-content%2Fuploads%2F2018%2F05%2Ftarida-sit.pdf|target:%20_blank|&#8221; el_class=&#8221;btn_descargar_ficha&#8221;][\/vc_column][vc_column width=&#8221;1\/2&#8243;][vc_btn title=&#8221;BEDIENUNGSANLEITUNG&#8221; style=&#8221;custom&#8221; custom_background=&#8221;#009bc2&#8243; custom_text=&#8221;#ffffff&#8221; shape=&#8221;square&#8221; link=&#8221;url:https%3A%2F%2Fnewgarden.es%2Fde%2F%3Fpage_id%3D25148|target:%20_blank|&#8221; el_class=&#8221;btn_descargar_ficha&#8221;][\/vc_column][\/vc_row]<\/p>\n<\/section>","protected":false},"excerpt":{"rendered":"<h1 style=\"font-size: 12px;\"><em>TARIDA SIT ARMS SITZ COLOR<\/em><\/h1>\n","protected":false},"featured_media":62314,"template":"","meta":[],"product_cat":[772,773],"product_tag":[],"class_list":{"0":"post-40295","1":"product","2":"type-product","3":"status-publish","4":"has-post-thumbnail","6":"product_cat-moebel","7":"product_cat-sitzgelegenheiten","9":"first","10":"instock","11":"taxable","12":"shipping-taxable","13":"purchasable","14":"product-type-variable"},"yoast_head":"<!-- This site is optimized with the Yoast SEO plugin v24.2 - https:\/\/yoast.com\/wordpress\/plugins\/seo\/ -->\n<title>TARIDA SIT ARMS SITZ COLOR - Newgarden<\/title>\n<meta name=\"robots\" content=\"index, follow, max-snippet:-1, max-image-preview:large, max-video-preview:-1\" \/>\n<link rel=\"canonical\" href=\"https:\/\/newgarden.es\/de\/shop\/moebel\/sitzgelegenheiten\/tarida-sit-arms-sitz-color\/\" \/>\n<meta property=\"og:locale\" content=\"de_DE\" \/>\n<meta property=\"og:type\" content=\"article\" \/>\n<meta property=\"og:title\" content=\"TARIDA SIT ARMS SITZ COLOR - Newgarden\" \/>\n<meta property=\"og:description\" content=\"TARIDA SIT ARMS SITZ COLOR\" \/>\n<meta property=\"og:url\" content=\"https:\/\/newgarden.es\/de\/shop\/moebel\/sitzgelegenheiten\/tarida-sit-arms-sitz-color\/\" \/>\n<meta property=\"og:site_name\" content=\"Newgarden\" \/>\n<meta property=\"article:modified_time\" content=\"2022-12-15T09:07:48+00:00\" \/>\n<meta property=\"og:image\" content=\"https:\/\/newgarden.es\/wp-content\/uploads\/2020\/02\/TARIDA_SIT_1200X1200-13.jpg\" \/>\n\t<meta property=\"og:image:width\" content=\"1200\" \/>\n\t<meta property=\"og:image:height\" content=\"1200\" \/>\n\t<meta property=\"og:image:type\" content=\"image\/jpeg\" \/>\n<meta name=\"twitter:card\" content=\"summary_large_image\" \/>\n<meta name=\"twitter:label1\" content=\"Gesch\u00e4tzte Lesezeit\" \/>\n\t<meta name=\"twitter:data1\" content=\"1\u00a0Minute\" \/>\n<script type=\"application\/ld+json\" class=\"yoast-schema-graph\">{\"@context\":\"https:\/\/schema.org\",\"@graph\":[{\"@type\":\"WebPage\",\"@id\":\"https:\/\/newgarden.es\/de\/shop\/moebel\/sitzgelegenheiten\/tarida-sit-arms-sitz-color\/\",\"url\":\"https:\/\/newgarden.es\/de\/shop\/moebel\/sitzgelegenheiten\/tarida-sit-arms-sitz-color\/\",\"name\":\"TARIDA SIT ARMS SITZ COLOR - Newgarden\",\"isPartOf\":{\"@id\":\"https:\/\/newgarden.es\/#website\"},\"primaryImageOfPage\":{\"@id\":\"https:\/\/newgarden.es\/de\/shop\/moebel\/sitzgelegenheiten\/tarida-sit-arms-sitz-color\/#primaryimage\"},\"image\":{\"@id\":\"https:\/\/newgarden.es\/de\/shop\/moebel\/sitzgelegenheiten\/tarida-sit-arms-sitz-color\/#primaryimage\"},\"thumbnailUrl\":\"https:\/\/newgarden.es\/wp-content\/uploads\/2020\/02\/TARIDA_SIT_1200X1200-13.jpg\",\"datePublished\":\"2020-02-20T11:28:30+00:00\",\"dateModified\":\"2022-12-15T09:07:48+00:00\",\"breadcrumb\":{\"@id\":\"https:\/\/newgarden.es\/de\/shop\/moebel\/sitzgelegenheiten\/tarida-sit-arms-sitz-color\/#breadcrumb\"},\"inLanguage\":\"de\",\"potentialAction\":[{\"@type\":\"ReadAction\",\"target\":[\"https:\/\/newgarden.es\/de\/shop\/moebel\/sitzgelegenheiten\/tarida-sit-arms-sitz-color\/\"]}]},{\"@type\":\"ImageObject\",\"inLanguage\":\"de\",\"@id\":\"https:\/\/newgarden.es\/de\/shop\/moebel\/sitzgelegenheiten\/tarida-sit-arms-sitz-color\/#primaryimage\",\"url\":\"https:\/\/newgarden.es\/wp-content\/uploads\/2020\/02\/TARIDA_SIT_1200X1200-13.jpg\",\"contentUrl\":\"https:\/\/newgarden.es\/wp-content\/uploads\/2020\/02\/TARIDA_SIT_1200X1200-13.jpg\",\"width\":1200,\"height\":1200},{\"@type\":\"BreadcrumbList\",\"@id\":\"https:\/\/newgarden.es\/de\/shop\/moebel\/sitzgelegenheiten\/tarida-sit-arms-sitz-color\/#breadcrumb\",\"itemListElement\":[{\"@type\":\"ListItem\",\"position\":1,\"name\":\"Home\",\"item\":\"https:\/\/newgarden.es\/de\/\"},{\"@type\":\"ListItem\",\"position\":2,\"name\":\"Shop\",\"item\":\"https:\/\/newgarden.es\/de\/shop\/\"},{\"@type\":\"ListItem\",\"position\":3,\"name\":\"TARIDA SIT ARMS SITZ COLOR\"}]},{\"@type\":\"WebSite\",\"@id\":\"https:\/\/newgarden.es\/#website\",\"url\":\"https:\/\/newgarden.es\/\",\"name\":\"Newgarden\",\"description\":\"Be happy\",\"potentialAction\":[{\"@type\":\"SearchAction\",\"target\":{\"@type\":\"EntryPoint\",\"urlTemplate\":\"https:\/\/newgarden.es\/?s={search_term_string}\"},\"query-input\":{\"@type\":\"PropertyValueSpecification\",\"valueRequired\":true,\"valueName\":\"search_term_string\"}}],\"inLanguage\":\"de\"}]}<\/script>\n<!-- \/ Yoast SEO plugin. -->","yoast_head_json":{"title":"TARIDA SIT ARMS SITZ COLOR - Newgarden","robots":{"index":"index","follow":"follow","max-snippet":"max-snippet:-1","max-image-preview":"max-image-preview:large","max-video-preview":"max-video-preview:-1"},"canonical":"https:\/\/newgarden.es\/de\/shop\/moebel\/sitzgelegenheiten\/tarida-sit-arms-sitz-color\/","og_locale":"de_DE","og_type":"article","og_title":"TARIDA SIT ARMS SITZ COLOR - Newgarden","og_description":"TARIDA SIT ARMS SITZ COLOR","og_url":"https:\/\/newgarden.es\/de\/shop\/moebel\/sitzgelegenheiten\/tarida-sit-arms-sitz-color\/","og_site_name":"Newgarden","article_modified_time":"2022-12-15T09:07:48+00:00","og_image":[{"width":1200,"height":1200,"url":"https:\/\/newgarden.es\/wp-content\/uploads\/2020\/02\/TARIDA_SIT_1200X1200-13.jpg","type":"image\/jpeg"}],"twitter_card":"summary_large_image","twitter_misc":{"Gesch\u00e4tzte Lesezeit":"1\u00a0Minute"},"schema":{"@context":"https:\/\/schema.org","@graph":[{"@type":"WebPage","@id":"https:\/\/newgarden.es\/de\/shop\/moebel\/sitzgelegenheiten\/tarida-sit-arms-sitz-color\/","url":"https:\/\/newgarden.es\/de\/shop\/moebel\/sitzgelegenheiten\/tarida-sit-arms-sitz-color\/","name":"TARIDA SIT ARMS SITZ COLOR - Newgarden","isPartOf":{"@id":"https:\/\/newgarden.es\/#website"},"primaryImageOfPage":{"@id":"https:\/\/newgarden.es\/de\/shop\/moebel\/sitzgelegenheiten\/tarida-sit-arms-sitz-color\/#primaryimage"},"image":{"@id":"https:\/\/newgarden.es\/de\/shop\/moebel\/sitzgelegenheiten\/tarida-sit-arms-sitz-color\/#primaryimage"},"thumbnailUrl":"https:\/\/newgarden.es\/wp-content\/uploads\/2020\/02\/TARIDA_SIT_1200X1200-13.jpg","datePublished":"2020-02-20T11:28:30+00:00","dateModified":"2022-12-15T09:07:48+00:00","breadcrumb":{"@id":"https:\/\/newgarden.es\/de\/shop\/moebel\/sitzgelegenheiten\/tarida-sit-arms-sitz-color\/#breadcrumb"},"inLanguage":"de","potentialAction":[{"@type":"ReadAction","target":["https:\/\/newgarden.es\/de\/shop\/moebel\/sitzgelegenheiten\/tarida-sit-arms-sitz-color\/"]}]},{"@type":"ImageObject","inLanguage":"de","@id":"https:\/\/newgarden.es\/de\/shop\/moebel\/sitzgelegenheiten\/tarida-sit-arms-sitz-color\/#primaryimage","url":"https:\/\/newgarden.es\/wp-content\/uploads\/2020\/02\/TARIDA_SIT_1200X1200-13.jpg","contentUrl":"https:\/\/newgarden.es\/wp-content\/uploads\/2020\/02\/TARIDA_SIT_1200X1200-13.jpg","width":1200,"height":1200},{"@type":"BreadcrumbList","@id":"https:\/\/newgarden.es\/de\/shop\/moebel\/sitzgelegenheiten\/tarida-sit-arms-sitz-color\/#breadcrumb","itemListElement":[{"@type":"ListItem","position":1,"name":"Home","item":"https:\/\/newgarden.es\/de\/"},{"@type":"ListItem","position":2,"name":"Shop","item":"https:\/\/newgarden.es\/de\/shop\/"},{"@type":"ListItem","position":3,"name":"TARIDA SIT ARMS SITZ COLOR"}]},{"@type":"WebSite","@id":"https:\/\/newgarden.es\/#website","url":"https:\/\/newgarden.es\/","name":"Newgarden","description":"Be happy","potentialAction":[{"@type":"SearchAction","target":{"@type":"EntryPoint","urlTemplate":"https:\/\/newgarden.es\/?s={search_term_string}"},"query-input":{"@type":"PropertyValueSpecification","valueRequired":true,"valueName":"search_term_string"}}],"inLanguage":"de"}]}},"df_price":344.2,"df_sale_price":"","df_regular_price":344.2,"df_image_link":"https:\/\/newgarden.es\/wp-content\/uploads\/2020\/02\/TARIDA_SIT_1200X1200-13-580x400.jpg","_links":{"self":[{"href":"https:\/\/newgarden.es\/de\/wp-json\/wp\/v2\/product\/40295"}],"collection":[{"href":"https:\/\/newgarden.es\/de\/wp-json\/wp\/v2\/product"}],"about":[{"href":"https:\/\/newgarden.es\/de\/wp-json\/wp\/v2\/types\/product"}],"wp:featuredmedia":[{"embeddable":true,"href":"https:\/\/newgarden.es\/de\/wp-json\/wp\/v2\/media\/62314"}],"wp:attachment":[{"href":"https:\/\/newgarden.es\/de\/wp-json\/wp\/v2\/media?parent=40295"}],"wp:term":[{"taxonomy":"product_cat","embeddable":true,"href":"https:\/\/newgarden.es\/de\/wp-json\/wp\/v2\/product_cat?post=40295"},{"taxonomy":"product_tag","embeddable":true,"href":"https:\/\/newgarden.es\/de\/wp-json\/wp\/v2\/product_tag?post=40295"}],"curies":[{"name":"wp","href":"https:\/\/api.w.org\/{rel}","templated":true}]}}