{"id":41639,"date":"2022-02-16T15:13:52","date_gmt":"2022-02-16T14:13:54","guid":{"rendered":"https:\/\/newgarden.es\/?post_type=product&#038;p=41639"},"modified":"2024-06-10T08:34:26","modified_gmt":"2024-06-10T06:34:26","slug":"solarbetriebene-cherry","status":"publish","type":"product","link":"https:\/\/newgarden.es\/de\/shop\/lightdeco-de\/tragbares\/solarbetriebene-cherry\/","title":{"rendered":"CHERRY SOLARBETRIEBENE TRAGBARE GL\u00dcHBIRNE"},"content":{"rendered":"<section class=\"wpb-content-wrapper\"><p>[vc_row][vc_column][vc_column_text][\/vc_column_text][\/vc_column][\/vc_row][vc_row][vc_column][vc_column_text]Die tragbare, wiederaufladbare Cherry-Gl\u00fchbirne muss nicht installiert werden. H\u00e4ngen Sie sie einfach auf oder platzieren Sie sie in der N\u00e4he einer metallischen Fl\u00e4che, und sie wird dank ihres magnetischen Sockels haften. Diese Cherry-Version enth\u00e4lt ein faltbares Solarpanel, mit dem Sie die Lampe in nur vier Stunden aufladen k\u00f6nnen.<\/p>\n<p>Die Gl\u00fchbirne wird au\u00dferdem mit einer Fernbedienung geliefert, mit der Sie sie ein- und ausschalten und dimmen k\u00f6nnen.<\/p>\n<p>Sie hat 900 Lumen und eine Brenndauer zwischen 6 und 20 Stunden, je nach Intensit\u00e4t.[\/vc_column_text][vc_video link=&#8220;https:\/\/youtu.be\/Zo0FlNN_K5U&#8220;][\/vc_column][\/vc_row][vc_row][vc_column width=&#8220;1\/2&#8243;][vc_btn title=&#8220;TECHNISCHES DATENBLATT WEISS&#8220; style=&#8220;custom&#8220; custom_background=&#8220;#009bc2&#8243; custom_text=&#8220;#ffffff&#8220; shape=&#8220;square&#8220; link=&#8220;url:https%3A%2F%2Fbit.ly%2F3N838p9|target:%20_blank|&#8220; el_class=&#8220;btn_descargar_ficha&#8220;][vc_btn title=&#8220;TECHNISCHES DATENBLATT BEIGE&#8220; style=&#8220;custom&#8220; custom_background=&#8220;#009bc2&#8243; custom_text=&#8220;#ffffff&#8220; shape=&#8220;square&#8220; link=&#8220;url:https%3A%2F%2Fbit.ly%2F39IMUFh|target:%20_blank|&#8220; el_class=&#8220;btn_descargar_ficha&#8220;][\/vc_column][vc_column width=&#8220;1\/2&#8243;][vc_btn title=&#8220;GEBRAUCHSANWEISUNG WEISS&#8220; style=&#8220;custom&#8220; custom_background=&#8220;#009bc2&#8243; custom_text=&#8220;#ffffff&#8220; shape=&#8220;square&#8220; link=&#8220;url:https%3A%2F%2Fbit.ly%2F3ztjbsK|target:%20_blank|&#8220; el_class=&#8220;btn_descargar_ficha&#8220;][vc_btn title=&#8220;BEIGE GEBRAUCHSANWEISUNG&#8220; style=&#8220;custom&#8220; custom_background=&#8220;#009bc2&#8243; custom_text=&#8220;#ffffff&#8220; shape=&#8220;square&#8220; link=&#8220;url:https%3A%2F%2Fbit.ly%2F3zqp5ef|target:%20_blank|&#8220; el_class=&#8220;btn_descargar_ficha&#8220;][\/vc_column][vc_column][\/vc_column][\/vc_row]<\/p>\n<\/section>","protected":false},"excerpt":{"rendered":"<p>[vc_row][vc_column][vc_column_text][\/vc_column_text][\/vc_column][\/vc_row][vc_row][vc_column][vc_column_text]Die tragbare, wiederaufladbare Cherry-Gl\u00fchbirne muss nicht installiert werden. H\u00e4ngen Sie sie einfach auf oder platzieren Sie sie in der N\u00e4he einer metallischen Fl\u00e4che, und sie wird dank ihres magnetischen Sockels<\/p>\n","protected":false},"featured_media":63092,"template":"","meta":[],"product_cat":[763,826],"product_tag":[766,793],"class_list":{"0":"post-41639","1":"product","2":"type-product","3":"status-publish","4":"has-post-thumbnail","6":"product_cat-lightdeco-de","7":"product_cat-tragbares","8":"product_tag-batterie-de","9":"product_tag-drahtlose","11":"first","12":"instock","13":"taxable","14":"shipping-taxable","15":"purchasable","16":"product-type-variable"},"yoast_head":"<!-- This site is optimized with the Yoast SEO plugin v24.2 - https:\/\/yoast.com\/wordpress\/plugins\/seo\/ -->\n<title>CHERRY SOLARBETRIEBENE TRAGBARE GL\u00dcHBIRNE - Newgarden<\/title>\n<meta name=\"description\" content=\"Die tragbare, wiederaufladbare Cherry-Gl\u00fchbirne muss nicht installiert werden.\" \/>\n<meta name=\"robots\" content=\"index, follow, max-snippet:-1, max-image-preview:large, max-video-preview:-1\" \/>\n<link rel=\"canonical\" href=\"https:\/\/newgarden.es\/de\/shop\/lightdeco-de\/tragbares\/solarbetriebene-cherry\/\" \/>\n<meta property=\"og:locale\" content=\"de_DE\" \/>\n<meta property=\"og:type\" content=\"article\" \/>\n<meta property=\"og:title\" content=\"CHERRY SOLARBETRIEBENE TRAGBARE GL\u00dcHBIRNE - Newgarden\" \/>\n<meta property=\"og:description\" content=\"Die tragbare, wiederaufladbare Cherry-Gl\u00fchbirne muss nicht installiert werden.\" \/>\n<meta property=\"og:url\" content=\"https:\/\/newgarden.es\/de\/shop\/lightdeco-de\/tragbares\/solarbetriebene-cherry\/\" \/>\n<meta property=\"og:site_name\" content=\"Newgarden\" \/>\n<meta property=\"article:modified_time\" content=\"2024-06-10T06:34:26+00:00\" \/>\n<meta property=\"og:image\" content=\"https:\/\/newgarden.es\/wp-content\/uploads\/2022\/02\/CHERRY_BULB_BATTERY_1200X1200-6.jpg\" \/>\n\t<meta property=\"og:image:width\" content=\"1200\" \/>\n\t<meta property=\"og:image:height\" content=\"1200\" \/>\n\t<meta property=\"og:image:type\" content=\"image\/jpeg\" \/>\n<meta name=\"twitter:card\" content=\"summary_large_image\" \/>\n<meta name=\"twitter:label1\" content=\"Gesch\u00e4tzte Lesezeit\" \/>\n\t<meta name=\"twitter:data1\" content=\"1\u00a0Minute\" \/>\n<script type=\"application\/ld+json\" class=\"yoast-schema-graph\">{\"@context\":\"https:\/\/schema.org\",\"@graph\":[{\"@type\":\"WebPage\",\"@id\":\"https:\/\/newgarden.es\/de\/shop\/lightdeco-de\/tragbares\/solarbetriebene-cherry\/\",\"url\":\"https:\/\/newgarden.es\/de\/shop\/lightdeco-de\/tragbares\/solarbetriebene-cherry\/\",\"name\":\"CHERRY SOLARBETRIEBENE TRAGBARE GL\u00dcHBIRNE - Newgarden\",\"isPartOf\":{\"@id\":\"https:\/\/newgarden.es\/#website\"},\"primaryImageOfPage\":{\"@id\":\"https:\/\/newgarden.es\/de\/shop\/lightdeco-de\/tragbares\/solarbetriebene-cherry\/#primaryimage\"},\"image\":{\"@id\":\"https:\/\/newgarden.es\/de\/shop\/lightdeco-de\/tragbares\/solarbetriebene-cherry\/#primaryimage\"},\"thumbnailUrl\":\"https:\/\/newgarden.es\/wp-content\/uploads\/2022\/02\/CHERRY_BULB_BATTERY_1200X1200-6.jpg\",\"datePublished\":\"2022-02-16T14:13:54+00:00\",\"dateModified\":\"2024-06-10T06:34:26+00:00\",\"description\":\"Die tragbare, wiederaufladbare Cherry-Gl\u00fchbirne muss nicht installiert werden.\",\"breadcrumb\":{\"@id\":\"https:\/\/newgarden.es\/de\/shop\/lightdeco-de\/tragbares\/solarbetriebene-cherry\/#breadcrumb\"},\"inLanguage\":\"de\",\"potentialAction\":[{\"@type\":\"ReadAction\",\"target\":[\"https:\/\/newgarden.es\/de\/shop\/lightdeco-de\/tragbares\/solarbetriebene-cherry\/\"]}]},{\"@type\":\"ImageObject\",\"inLanguage\":\"de\",\"@id\":\"https:\/\/newgarden.es\/de\/shop\/lightdeco-de\/tragbares\/solarbetriebene-cherry\/#primaryimage\",\"url\":\"https:\/\/newgarden.es\/wp-content\/uploads\/2022\/02\/CHERRY_BULB_BATTERY_1200X1200-6.jpg\",\"contentUrl\":\"https:\/\/newgarden.es\/wp-content\/uploads\/2022\/02\/CHERRY_BULB_BATTERY_1200X1200-6.jpg\",\"width\":1200,\"height\":1200},{\"@type\":\"BreadcrumbList\",\"@id\":\"https:\/\/newgarden.es\/de\/shop\/lightdeco-de\/tragbares\/solarbetriebene-cherry\/#breadcrumb\",\"itemListElement\":[{\"@type\":\"ListItem\",\"position\":1,\"name\":\"Home\",\"item\":\"https:\/\/newgarden.es\/de\/\"},{\"@type\":\"ListItem\",\"position\":2,\"name\":\"Shop\",\"item\":\"https:\/\/newgarden.es\/de\/shop\/\"},{\"@type\":\"ListItem\",\"position\":3,\"name\":\"CHERRY SOLARBETRIEBENE TRAGBARE GL\u00dcHBIRNE\"}]},{\"@type\":\"WebSite\",\"@id\":\"https:\/\/newgarden.es\/#website\",\"url\":\"https:\/\/newgarden.es\/\",\"name\":\"Newgarden\",\"description\":\"Be happy\",\"potentialAction\":[{\"@type\":\"SearchAction\",\"target\":{\"@type\":\"EntryPoint\",\"urlTemplate\":\"https:\/\/newgarden.es\/?s={search_term_string}\"},\"query-input\":{\"@type\":\"PropertyValueSpecification\",\"valueRequired\":true,\"valueName\":\"search_term_string\"}}],\"inLanguage\":\"de\"}]}<\/script>\n<!-- \/ Yoast SEO plugin. -->","yoast_head_json":{"title":"CHERRY SOLARBETRIEBENE TRAGBARE GL\u00dcHBIRNE - Newgarden","description":"Die tragbare, wiederaufladbare Cherry-Gl\u00fchbirne muss nicht installiert werden.","robots":{"index":"index","follow":"follow","max-snippet":"max-snippet:-1","max-image-preview":"max-image-preview:large","max-video-preview":"max-video-preview:-1"},"canonical":"https:\/\/newgarden.es\/de\/shop\/lightdeco-de\/tragbares\/solarbetriebene-cherry\/","og_locale":"de_DE","og_type":"article","og_title":"CHERRY SOLARBETRIEBENE TRAGBARE GL\u00dcHBIRNE - Newgarden","og_description":"Die tragbare, wiederaufladbare Cherry-Gl\u00fchbirne muss nicht installiert werden.","og_url":"https:\/\/newgarden.es\/de\/shop\/lightdeco-de\/tragbares\/solarbetriebene-cherry\/","og_site_name":"Newgarden","article_modified_time":"2024-06-10T06:34:26+00:00","og_image":[{"width":1200,"height":1200,"url":"https:\/\/newgarden.es\/wp-content\/uploads\/2022\/02\/CHERRY_BULB_BATTERY_1200X1200-6.jpg","type":"image\/jpeg"}],"twitter_card":"summary_large_image","twitter_misc":{"Gesch\u00e4tzte Lesezeit":"1\u00a0Minute"},"schema":{"@context":"https:\/\/schema.org","@graph":[{"@type":"WebPage","@id":"https:\/\/newgarden.es\/de\/shop\/lightdeco-de\/tragbares\/solarbetriebene-cherry\/","url":"https:\/\/newgarden.es\/de\/shop\/lightdeco-de\/tragbares\/solarbetriebene-cherry\/","name":"CHERRY SOLARBETRIEBENE TRAGBARE GL\u00dcHBIRNE - Newgarden","isPartOf":{"@id":"https:\/\/newgarden.es\/#website"},"primaryImageOfPage":{"@id":"https:\/\/newgarden.es\/de\/shop\/lightdeco-de\/tragbares\/solarbetriebene-cherry\/#primaryimage"},"image":{"@id":"https:\/\/newgarden.es\/de\/shop\/lightdeco-de\/tragbares\/solarbetriebene-cherry\/#primaryimage"},"thumbnailUrl":"https:\/\/newgarden.es\/wp-content\/uploads\/2022\/02\/CHERRY_BULB_BATTERY_1200X1200-6.jpg","datePublished":"2022-02-16T14:13:54+00:00","dateModified":"2024-06-10T06:34:26+00:00","description":"Die tragbare, wiederaufladbare Cherry-Gl\u00fchbirne muss nicht installiert werden.","breadcrumb":{"@id":"https:\/\/newgarden.es\/de\/shop\/lightdeco-de\/tragbares\/solarbetriebene-cherry\/#breadcrumb"},"inLanguage":"de","potentialAction":[{"@type":"ReadAction","target":["https:\/\/newgarden.es\/de\/shop\/lightdeco-de\/tragbares\/solarbetriebene-cherry\/"]}]},{"@type":"ImageObject","inLanguage":"de","@id":"https:\/\/newgarden.es\/de\/shop\/lightdeco-de\/tragbares\/solarbetriebene-cherry\/#primaryimage","url":"https:\/\/newgarden.es\/wp-content\/uploads\/2022\/02\/CHERRY_BULB_BATTERY_1200X1200-6.jpg","contentUrl":"https:\/\/newgarden.es\/wp-content\/uploads\/2022\/02\/CHERRY_BULB_BATTERY_1200X1200-6.jpg","width":1200,"height":1200},{"@type":"BreadcrumbList","@id":"https:\/\/newgarden.es\/de\/shop\/lightdeco-de\/tragbares\/solarbetriebene-cherry\/#breadcrumb","itemListElement":[{"@type":"ListItem","position":1,"name":"Home","item":"https:\/\/newgarden.es\/de\/"},{"@type":"ListItem","position":2,"name":"Shop","item":"https:\/\/newgarden.es\/de\/shop\/"},{"@type":"ListItem","position":3,"name":"CHERRY SOLARBETRIEBENE TRAGBARE GL\u00dcHBIRNE"}]},{"@type":"WebSite","@id":"https:\/\/newgarden.es\/#website","url":"https:\/\/newgarden.es\/","name":"Newgarden","description":"Be happy","potentialAction":[{"@type":"SearchAction","target":{"@type":"EntryPoint","urlTemplate":"https:\/\/newgarden.es\/?s={search_term_string}"},"query-input":{"@type":"PropertyValueSpecification","valueRequired":true,"valueName":"search_term_string"}}],"inLanguage":"de"}]}},"df_price":42.7,"df_sale_price":"","df_regular_price":42.7,"df_image_link":"https:\/\/newgarden.es\/wp-content\/uploads\/2022\/02\/CHERRY_BULB_BATTERY_1200X1200-6-580x400.jpg","_links":{"self":[{"href":"https:\/\/newgarden.es\/de\/wp-json\/wp\/v2\/product\/41639"}],"collection":[{"href":"https:\/\/newgarden.es\/de\/wp-json\/wp\/v2\/product"}],"about":[{"href":"https:\/\/newgarden.es\/de\/wp-json\/wp\/v2\/types\/product"}],"wp:featuredmedia":[{"embeddable":true,"href":"https:\/\/newgarden.es\/de\/wp-json\/wp\/v2\/media\/63092"}],"wp:attachment":[{"href":"https:\/\/newgarden.es\/de\/wp-json\/wp\/v2\/media?parent=41639"}],"wp:term":[{"taxonomy":"product_cat","embeddable":true,"href":"https:\/\/newgarden.es\/de\/wp-json\/wp\/v2\/product_cat?post=41639"},{"taxonomy":"product_tag","embeddable":true,"href":"https:\/\/newgarden.es\/de\/wp-json\/wp\/v2\/product_tag?post=41639"}],"curies":[{"name":"wp","href":"https:\/\/api.w.org\/{rel}","templated":true}]}}