{"id":41752,"date":"2022-02-21T12:09:00","date_gmt":"2022-02-21T11:09:03","guid":{"rendered":"https:\/\/newgarden.es\/?post_type=product&#038;p=41752"},"modified":"2024-06-13T15:21:41","modified_gmt":"2024-06-13T13:21:41","slug":"kabellose-wandleuchte-sisine-25-copia-2","status":"publish","type":"product","link":"https:\/\/newgarden.es\/de\/shop\/lightdeco-de\/wandlampe\/kabellose-wandleuchte-sisine-25-copia-2\/","title":{"rendered":"KABELLOSE WANDLEUCHTE SISINE 25 (copia)"},"content":{"rendered":"<section class=\"wpb-content-wrapper\"><p>[vc_row][vc_column][vc_column_text][\/vc_column_text][\/vc_column][\/vc_row][vc_row][vc_column][vc_column_text]Die Wandleuchte Saona ist aus Naturfasern handgeflochten. Diese sehr einfach zu installierende Wandleuchte wird unentbehrlich sein, um jeden Raum in Ihrem Garten zu beleuchten und ihm einen nat\u00fcrlichen Touch zu verleihen.<\/p>\n<p>Sie verf\u00fcgt \u00fcber eine tragbare, wiederaufladbare 900-Lumen-Gl\u00fchbirne, die keine Installation erfordert. Sie m\u00fcssen sie nur in die N\u00e4he der Lampe bringen und sie haftet dank ihres Magnetsockels. Die Lampe verf\u00fcgt au\u00dferdem \u00fcber eine Fernbedienung, mit der Sie sie ein- und ausschalten und die Lichtst\u00e4rke regulieren k\u00f6nnen.<\/p>\n<p>Diese Leuchte ist Teil der Saona-Familie und kann mit einer H\u00e4ngeleuchte, einer Tischleuchte und einer Stehleuchte kombiniert werden.[\/vc_column_text][vc_video link=&#8220;https:\/\/youtu.be\/YEtzCTqHdwg&#8220;][\/vc_column][\/vc_row][vc_row][vc_column width=&#8220;1\/2&#8243;][vc_btn title=&#8220;Technisches Datenblatt&#8220; style=&#8220;custom&#8220; custom_background=&#8220;#009bc2&#8243; custom_text=&#8220;#ffffff&#8220; shape=&#8220;square&#8220; el_class=&#8220;btn_descargar_ficha&#8220; link=&#8220;url:https%3A%2F%2Fbit.ly%2F3OsylEr|target:%20_blank|&#8220;][\/vc_column][vc_column width=&#8220;1\/2&#8243;][vc_btn title=&#8220;BEDIENUNGSANLEITUNG&#8220; style=&#8220;custom&#8220; custom_background=&#8220;#009bc2&#8243; custom_text=&#8220;#ffffff&#8220; shape=&#8220;square&#8220; el_class=&#8220;btn_descargar_ficha&#8220; link=&#8220;url:https%3A%2F%2Fbit.ly%2F3cWoJ7x|target:%20_blank|&#8220;][\/vc_column][\/vc_row]<\/p>\n<\/section>","protected":false},"excerpt":{"rendered":"<p>[vc_row][vc_column][vc_column_text][\/vc_column_text][\/vc_column][\/vc_row][vc_row][vc_column][vc_column_text]Die Wandleuchte Saona ist aus Naturfasern handgeflochten. Diese sehr einfach zu installierende Wandleuchte wird unentbehrlich sein, um jeden Raum in Ihrem Garten zu beleuchten und ihm einen nat\u00fcrlichen Touch zu<\/p>\n","protected":false},"featured_media":56736,"template":"","meta":[],"product_cat":[763,842],"product_tag":[766,793],"class_list":{"0":"post-41752","1":"product","2":"type-product","3":"status-publish","4":"has-post-thumbnail","6":"product_cat-lightdeco-de","7":"product_cat-wandlampe","8":"product_tag-batterie-de","9":"product_tag-drahtlose","11":"first","12":"instock","13":"taxable","14":"shipping-taxable","15":"purchasable","16":"product-type-variable","17":"has-default-attributes"},"yoast_head":"<!-- This site is optimized with the Yoast SEO plugin v24.2 - https:\/\/yoast.com\/wordpress\/plugins\/seo\/ -->\n<title>KABELLOSE WANDLEUCHTE SISINE 25 (copia) - Newgarden<\/title>\n<meta name=\"description\" content=\"Die Wandleuchte Saona wird zu einem unverzichtbaren Element, um jeden Raum in Ihrem Garten zu beleuchten und ihm einen nat\u00fcrlichen Touch zu verleihen.\" \/>\n<meta name=\"robots\" content=\"index, follow, max-snippet:-1, max-image-preview:large, max-video-preview:-1\" \/>\n<link rel=\"canonical\" href=\"https:\/\/newgarden.es\/de\/shop\/lightdeco-de\/wandlampe\/kabellose-wandleuchte-sisine-25-copia-2\/\" \/>\n<meta property=\"og:locale\" content=\"de_DE\" \/>\n<meta property=\"og:type\" content=\"article\" \/>\n<meta property=\"og:title\" content=\"KABELLOSE WANDLEUCHTE SISINE 25 (copia) - Newgarden\" \/>\n<meta property=\"og:description\" content=\"Die Wandleuchte Saona wird zu einem unverzichtbaren Element, um jeden Raum in Ihrem Garten zu beleuchten und ihm einen nat\u00fcrlichen Touch zu verleihen.\" \/>\n<meta property=\"og:url\" content=\"https:\/\/newgarden.es\/de\/shop\/lightdeco-de\/wandlampe\/kabellose-wandleuchte-sisine-25-copia-2\/\" \/>\n<meta property=\"og:site_name\" content=\"Newgarden\" \/>\n<meta property=\"article:modified_time\" content=\"2024-06-13T13:21:41+00:00\" \/>\n<meta property=\"og:image\" content=\"https:\/\/newgarden.es\/wp-content\/uploads\/2022\/03\/SAONA_25_WALL_200X1200-3.jpg\" \/>\n\t<meta property=\"og:image:width\" content=\"1200\" \/>\n\t<meta property=\"og:image:height\" content=\"1200\" \/>\n\t<meta property=\"og:image:type\" content=\"image\/jpeg\" \/>\n<meta name=\"twitter:card\" content=\"summary_large_image\" \/>\n<meta name=\"twitter:label1\" content=\"Gesch\u00e4tzte Lesezeit\" \/>\n\t<meta name=\"twitter:data1\" content=\"1\u00a0Minute\" \/>\n<script type=\"application\/ld+json\" class=\"yoast-schema-graph\">{\"@context\":\"https:\/\/schema.org\",\"@graph\":[{\"@type\":\"WebPage\",\"@id\":\"https:\/\/newgarden.es\/de\/shop\/lightdeco-de\/wandlampe\/kabellose-wandleuchte-sisine-25-copia-2\/\",\"url\":\"https:\/\/newgarden.es\/de\/shop\/lightdeco-de\/wandlampe\/kabellose-wandleuchte-sisine-25-copia-2\/\",\"name\":\"KABELLOSE WANDLEUCHTE SISINE 25 (copia) - Newgarden\",\"isPartOf\":{\"@id\":\"https:\/\/newgarden.es\/#website\"},\"primaryImageOfPage\":{\"@id\":\"https:\/\/newgarden.es\/de\/shop\/lightdeco-de\/wandlampe\/kabellose-wandleuchte-sisine-25-copia-2\/#primaryimage\"},\"image\":{\"@id\":\"https:\/\/newgarden.es\/de\/shop\/lightdeco-de\/wandlampe\/kabellose-wandleuchte-sisine-25-copia-2\/#primaryimage\"},\"thumbnailUrl\":\"https:\/\/newgarden.es\/wp-content\/uploads\/2022\/03\/SAONA_25_WALL_200X1200-3.jpg\",\"datePublished\":\"2022-02-21T11:09:03+00:00\",\"dateModified\":\"2024-06-13T13:21:41+00:00\",\"description\":\"Die Wandleuchte Saona wird zu einem unverzichtbaren Element, um jeden Raum in Ihrem Garten zu beleuchten und ihm einen nat\u00fcrlichen Touch zu verleihen.\",\"breadcrumb\":{\"@id\":\"https:\/\/newgarden.es\/de\/shop\/lightdeco-de\/wandlampe\/kabellose-wandleuchte-sisine-25-copia-2\/#breadcrumb\"},\"inLanguage\":\"de\",\"potentialAction\":[{\"@type\":\"ReadAction\",\"target\":[\"https:\/\/newgarden.es\/de\/shop\/lightdeco-de\/wandlampe\/kabellose-wandleuchte-sisine-25-copia-2\/\"]}]},{\"@type\":\"ImageObject\",\"inLanguage\":\"de\",\"@id\":\"https:\/\/newgarden.es\/de\/shop\/lightdeco-de\/wandlampe\/kabellose-wandleuchte-sisine-25-copia-2\/#primaryimage\",\"url\":\"https:\/\/newgarden.es\/wp-content\/uploads\/2022\/03\/SAONA_25_WALL_200X1200-3.jpg\",\"contentUrl\":\"https:\/\/newgarden.es\/wp-content\/uploads\/2022\/03\/SAONA_25_WALL_200X1200-3.jpg\",\"width\":1200,\"height\":1200},{\"@type\":\"BreadcrumbList\",\"@id\":\"https:\/\/newgarden.es\/de\/shop\/lightdeco-de\/wandlampe\/kabellose-wandleuchte-sisine-25-copia-2\/#breadcrumb\",\"itemListElement\":[{\"@type\":\"ListItem\",\"position\":1,\"name\":\"Home\",\"item\":\"https:\/\/newgarden.es\/de\/\"},{\"@type\":\"ListItem\",\"position\":2,\"name\":\"Shop\",\"item\":\"https:\/\/newgarden.es\/de\/shop\/\"},{\"@type\":\"ListItem\",\"position\":3,\"name\":\"KABELLOSE WANDLEUCHTE SISINE 25 (copia)\"}]},{\"@type\":\"WebSite\",\"@id\":\"https:\/\/newgarden.es\/#website\",\"url\":\"https:\/\/newgarden.es\/\",\"name\":\"Newgarden\",\"description\":\"Be happy\",\"potentialAction\":[{\"@type\":\"SearchAction\",\"target\":{\"@type\":\"EntryPoint\",\"urlTemplate\":\"https:\/\/newgarden.es\/?s={search_term_string}\"},\"query-input\":{\"@type\":\"PropertyValueSpecification\",\"valueRequired\":true,\"valueName\":\"search_term_string\"}}],\"inLanguage\":\"de\"}]}<\/script>\n<!-- \/ Yoast SEO plugin. -->","yoast_head_json":{"title":"KABELLOSE WANDLEUCHTE SISINE 25 (copia) - Newgarden","description":"Die Wandleuchte Saona wird zu einem unverzichtbaren Element, um jeden Raum in Ihrem Garten zu beleuchten und ihm einen nat\u00fcrlichen Touch zu verleihen.","robots":{"index":"index","follow":"follow","max-snippet":"max-snippet:-1","max-image-preview":"max-image-preview:large","max-video-preview":"max-video-preview:-1"},"canonical":"https:\/\/newgarden.es\/de\/shop\/lightdeco-de\/wandlampe\/kabellose-wandleuchte-sisine-25-copia-2\/","og_locale":"de_DE","og_type":"article","og_title":"KABELLOSE WANDLEUCHTE SISINE 25 (copia) - Newgarden","og_description":"Die Wandleuchte Saona wird zu einem unverzichtbaren Element, um jeden Raum in Ihrem Garten zu beleuchten und ihm einen nat\u00fcrlichen Touch zu verleihen.","og_url":"https:\/\/newgarden.es\/de\/shop\/lightdeco-de\/wandlampe\/kabellose-wandleuchte-sisine-25-copia-2\/","og_site_name":"Newgarden","article_modified_time":"2024-06-13T13:21:41+00:00","og_image":[{"width":1200,"height":1200,"url":"https:\/\/newgarden.es\/wp-content\/uploads\/2022\/03\/SAONA_25_WALL_200X1200-3.jpg","type":"image\/jpeg"}],"twitter_card":"summary_large_image","twitter_misc":{"Gesch\u00e4tzte Lesezeit":"1\u00a0Minute"},"schema":{"@context":"https:\/\/schema.org","@graph":[{"@type":"WebPage","@id":"https:\/\/newgarden.es\/de\/shop\/lightdeco-de\/wandlampe\/kabellose-wandleuchte-sisine-25-copia-2\/","url":"https:\/\/newgarden.es\/de\/shop\/lightdeco-de\/wandlampe\/kabellose-wandleuchte-sisine-25-copia-2\/","name":"KABELLOSE WANDLEUCHTE SISINE 25 (copia) - Newgarden","isPartOf":{"@id":"https:\/\/newgarden.es\/#website"},"primaryImageOfPage":{"@id":"https:\/\/newgarden.es\/de\/shop\/lightdeco-de\/wandlampe\/kabellose-wandleuchte-sisine-25-copia-2\/#primaryimage"},"image":{"@id":"https:\/\/newgarden.es\/de\/shop\/lightdeco-de\/wandlampe\/kabellose-wandleuchte-sisine-25-copia-2\/#primaryimage"},"thumbnailUrl":"https:\/\/newgarden.es\/wp-content\/uploads\/2022\/03\/SAONA_25_WALL_200X1200-3.jpg","datePublished":"2022-02-21T11:09:03+00:00","dateModified":"2024-06-13T13:21:41+00:00","description":"Die Wandleuchte Saona wird zu einem unverzichtbaren Element, um jeden Raum in Ihrem Garten zu beleuchten und ihm einen nat\u00fcrlichen Touch zu verleihen.","breadcrumb":{"@id":"https:\/\/newgarden.es\/de\/shop\/lightdeco-de\/wandlampe\/kabellose-wandleuchte-sisine-25-copia-2\/#breadcrumb"},"inLanguage":"de","potentialAction":[{"@type":"ReadAction","target":["https:\/\/newgarden.es\/de\/shop\/lightdeco-de\/wandlampe\/kabellose-wandleuchte-sisine-25-copia-2\/"]}]},{"@type":"ImageObject","inLanguage":"de","@id":"https:\/\/newgarden.es\/de\/shop\/lightdeco-de\/wandlampe\/kabellose-wandleuchte-sisine-25-copia-2\/#primaryimage","url":"https:\/\/newgarden.es\/wp-content\/uploads\/2022\/03\/SAONA_25_WALL_200X1200-3.jpg","contentUrl":"https:\/\/newgarden.es\/wp-content\/uploads\/2022\/03\/SAONA_25_WALL_200X1200-3.jpg","width":1200,"height":1200},{"@type":"BreadcrumbList","@id":"https:\/\/newgarden.es\/de\/shop\/lightdeco-de\/wandlampe\/kabellose-wandleuchte-sisine-25-copia-2\/#breadcrumb","itemListElement":[{"@type":"ListItem","position":1,"name":"Home","item":"https:\/\/newgarden.es\/de\/"},{"@type":"ListItem","position":2,"name":"Shop","item":"https:\/\/newgarden.es\/de\/shop\/"},{"@type":"ListItem","position":3,"name":"KABELLOSE WANDLEUCHTE SISINE 25 (copia)"}]},{"@type":"WebSite","@id":"https:\/\/newgarden.es\/#website","url":"https:\/\/newgarden.es\/","name":"Newgarden","description":"Be happy","potentialAction":[{"@type":"SearchAction","target":{"@type":"EntryPoint","urlTemplate":"https:\/\/newgarden.es\/?s={search_term_string}"},"query-input":{"@type":"PropertyValueSpecification","valueRequired":true,"valueName":"search_term_string"}}],"inLanguage":"de"}]}},"df_price":51,"df_sale_price":"","df_regular_price":51,"df_image_link":"https:\/\/newgarden.es\/wp-content\/uploads\/2022\/03\/SAONA_25_WALL_200X1200-3-580x400.jpg","_links":{"self":[{"href":"https:\/\/newgarden.es\/de\/wp-json\/wp\/v2\/product\/41752"}],"collection":[{"href":"https:\/\/newgarden.es\/de\/wp-json\/wp\/v2\/product"}],"about":[{"href":"https:\/\/newgarden.es\/de\/wp-json\/wp\/v2\/types\/product"}],"wp:featuredmedia":[{"embeddable":true,"href":"https:\/\/newgarden.es\/de\/wp-json\/wp\/v2\/media\/56736"}],"wp:attachment":[{"href":"https:\/\/newgarden.es\/de\/wp-json\/wp\/v2\/media?parent=41752"}],"wp:term":[{"taxonomy":"product_cat","embeddable":true,"href":"https:\/\/newgarden.es\/de\/wp-json\/wp\/v2\/product_cat?post=41752"},{"taxonomy":"product_tag","embeddable":true,"href":"https:\/\/newgarden.es\/de\/wp-json\/wp\/v2\/product_tag?post=41752"}],"curies":[{"name":"wp","href":"https:\/\/api.w.org\/{rel}","templated":true}]}}