{"id":41851,"date":"2022-02-25T10:54:06","date_gmt":"2022-02-25T09:54:08","guid":{"rendered":"https:\/\/newgarden.es\/?post_type=product&#038;p=41851"},"modified":"2024-06-13T11:18:06","modified_gmt":"2024-06-13T09:18:06","slug":"magnolia-120","status":"publish","type":"product","link":"https:\/\/newgarden.es\/de\/shop\/blumentopfs\/blumentopfs-mit-beleuchtung\/magnolia-120\/","title":{"rendered":"GRO\u00dfER TOPF MAGNOLIA 120 CM LICHT"},"content":{"rendered":"<section class=\"wpb-content-wrapper\"><p>[vc_row][vc_column el_class=&#8221;descripcion_producto&#8221;][vc_column_text]<br \/>\nMAGNOLIA gilt als einer der Star-Pflanzk\u00fcbel der Newgarden-Gartenkollektion. Seine gro\u00dfe Vielfalt an Ausf\u00fchrungen, Gr\u00f6\u00dfen und Farben machen ihn zu einem unverzichtbaren Bestandteil des Sortiments an runden Pflanzgef\u00e4\u00dfen.<\/p>\n<p>Magnolia 120 eignet sich aufgrund seines Designs, seiner Gr\u00f6\u00dfe und seiner Stabilit\u00e4t (er kann in voller Ausf\u00fchrung bis zu einer Tonne wiegen) ideal als Stadtm\u00f6bel. Ein praktischer und eleganter Ersatz f\u00fcr den Poller.<\/p>\n<p>Alle Newgarden-Produkte werden aus Polyethylen hergestellt und sind daher sehr widerstandsf\u00e4hig gegen extreme Temperaturen. Sie sind au\u00dferdem UV-gesch\u00fctzt, was die Lebensdauer des Produkts au\u00dferordentlich hoch h\u00e4lt.<\/p>\n<ul class=\"tablaTech\">\n<li>\n<div class=\"boxContents no-border\">\n<div class=\"name\"><strong>GR\u00d6SSE<\/strong><\/div>\n<div class=\"data\">\u00f8120 x 114 cm<\/div>\n<\/div>\n<\/li>\n<li>\n<div class=\"boxContents no-border\">\n<div class=\"name\"><strong>PFLANZVOLUMEN<\/strong><\/div>\n<div class=\"data\">282\u00a0litros<\/div>\n<\/div>\n<\/li>\n<\/ul>\n<p>[\/vc_column_text][\/vc_column][\/vc_row][vc_row disable_element=&#8221;yes&#8221;][vc_column][vc_single_image image=&#8221;6566&#8243; img_size=&#8221;full&#8221;][\/vc_column][\/vc_row][vc_row][vc_column width=&#8221;1\/2&#8243;][vc_btn title=&#8221;Technisches Datenblatt&#8221; style=&#8221;custom&#8221; custom_background=&#8221;#009bc2&#8243; custom_text=&#8221;#ffffff&#8221; shape=&#8221;square&#8221; link=&#8221;url:https%3A%2F%2Fbit.ly%2F3OBmVys|&#8221;][vc_btn title=&#8221;Technisches Datenblatt&#8221; style=&#8221;custom&#8221; custom_background=&#8221;#009bc2&#8243; custom_text=&#8221;#ffffff&#8221; shape=&#8221;square&#8221; link=&#8221;url:https%3A%2F%2Fbit.ly%2F3I0xf0Z|&#8221;][\/vc_column][vc_column width=&#8221;1\/2&#8243;][vc_btn title=&#8221;MANUAL INSTRUCCIONES CABLE&#8221; style=&#8221;custom&#8221; custom_background=&#8221;#009bc2&#8243; custom_text=&#8221;#ffffff&#8221; shape=&#8221;square&#8221; link=&#8221;url:https%3A%2F%2Fbit.ly%2F3PSWHZn|&#8221;][vc_btn title=&#8221;MANUAL INSTRUCCIONES SOLAR + BATT&#8221; style=&#8221;custom&#8221; custom_background=&#8221;#009bc2&#8243; custom_text=&#8221;#ffffff&#8221; shape=&#8221;square&#8221; link=&#8221;url:https%3A%2F%2Fbit.ly%2F3zSx1qd|&#8221;][\/vc_column][\/vc_row]<\/p>\n<\/section>","protected":false},"excerpt":{"rendered":"<h1 style=\"font-size: 12px;\">Magnolia Rund Outdoor-Blumentopf mit Licht<\/h1>\n","protected":false},"featured_media":58893,"template":"","meta":[],"product_cat":[783,784,1594],"product_tag":[793,765,789],"class_list":{"0":"post-41851","1":"product","2":"type-product","3":"status-publish","4":"has-post-thumbnail","6":"product_cat-blumentopfs","7":"product_cat-blumentopfs-mit-beleuchtung","8":"product_cat-runde-blumentopfs","9":"product_tag-drahtlose","10":"product_tag-kabel","11":"product_tag-solar-de","13":"first","14":"instock","15":"taxable","16":"shipping-taxable","17":"purchasable","18":"product-type-variable"},"yoast_head":"<!-- This site is optimized with the Yoast SEO plugin v24.2 - https:\/\/yoast.com\/wordpress\/plugins\/seo\/ -->\n<title>Magnolia Rund Outdoor-Blumentopf mit Licht<\/title>\n<meta name=\"description\" content=\"Magnolia 120 gilt als einer der Star-Pflanzer in der Newgarden Garden Collection\" \/>\n<meta name=\"robots\" content=\"index, follow, max-snippet:-1, max-image-preview:large, max-video-preview:-1\" \/>\n<link rel=\"canonical\" href=\"https:\/\/newgarden.es\/de\/shop\/blumentopfs\/blumentopfs-mit-beleuchtung\/magnolia-120\/\" \/>\n<meta property=\"og:locale\" content=\"de_DE\" \/>\n<meta property=\"og:type\" content=\"article\" \/>\n<meta property=\"og:title\" content=\"Magnolia Rund Outdoor-Blumentopf mit Licht\" \/>\n<meta property=\"og:description\" content=\"Magnolia 120 gilt als einer der Star-Pflanzer in der Newgarden Garden Collection\" \/>\n<meta property=\"og:url\" content=\"https:\/\/newgarden.es\/de\/shop\/blumentopfs\/blumentopfs-mit-beleuchtung\/magnolia-120\/\" \/>\n<meta property=\"og:site_name\" content=\"Newgarden\" \/>\n<meta property=\"article:modified_time\" content=\"2024-06-13T09:18:06+00:00\" \/>\n<meta property=\"og:image\" content=\"https:\/\/newgarden.es\/wp-content\/uploads\/2022\/03\/MAGNOLIA_160_1200X1200.jpg\" \/>\n\t<meta property=\"og:image:width\" content=\"1200\" \/>\n\t<meta property=\"og:image:height\" content=\"1200\" \/>\n\t<meta property=\"og:image:type\" content=\"image\/jpeg\" \/>\n<meta name=\"twitter:card\" content=\"summary_large_image\" \/>\n<meta name=\"twitter:label1\" content=\"Gesch\u00e4tzte Lesezeit\" \/>\n\t<meta name=\"twitter:data1\" content=\"1\u00a0Minute\" \/>\n<script type=\"application\/ld+json\" class=\"yoast-schema-graph\">{\"@context\":\"https:\/\/schema.org\",\"@graph\":[{\"@type\":\"WebPage\",\"@id\":\"https:\/\/newgarden.es\/de\/shop\/blumentopfs\/blumentopfs-mit-beleuchtung\/magnolia-120\/\",\"url\":\"https:\/\/newgarden.es\/de\/shop\/blumentopfs\/blumentopfs-mit-beleuchtung\/magnolia-120\/\",\"name\":\"Magnolia Rund Outdoor-Blumentopf mit Licht\",\"isPartOf\":{\"@id\":\"https:\/\/newgarden.es\/#website\"},\"primaryImageOfPage\":{\"@id\":\"https:\/\/newgarden.es\/de\/shop\/blumentopfs\/blumentopfs-mit-beleuchtung\/magnolia-120\/#primaryimage\"},\"image\":{\"@id\":\"https:\/\/newgarden.es\/de\/shop\/blumentopfs\/blumentopfs-mit-beleuchtung\/magnolia-120\/#primaryimage\"},\"thumbnailUrl\":\"https:\/\/newgarden.es\/wp-content\/uploads\/2022\/03\/MAGNOLIA_160_1200X1200.jpg\",\"datePublished\":\"2022-02-25T09:54:08+00:00\",\"dateModified\":\"2024-06-13T09:18:06+00:00\",\"description\":\"Magnolia 120 gilt als einer der Star-Pflanzer in der Newgarden Garden Collection\",\"breadcrumb\":{\"@id\":\"https:\/\/newgarden.es\/de\/shop\/blumentopfs\/blumentopfs-mit-beleuchtung\/magnolia-120\/#breadcrumb\"},\"inLanguage\":\"de\",\"potentialAction\":[{\"@type\":\"ReadAction\",\"target\":[\"https:\/\/newgarden.es\/de\/shop\/blumentopfs\/blumentopfs-mit-beleuchtung\/magnolia-120\/\"]}]},{\"@type\":\"ImageObject\",\"inLanguage\":\"de\",\"@id\":\"https:\/\/newgarden.es\/de\/shop\/blumentopfs\/blumentopfs-mit-beleuchtung\/magnolia-120\/#primaryimage\",\"url\":\"https:\/\/newgarden.es\/wp-content\/uploads\/2022\/03\/MAGNOLIA_160_1200X1200.jpg\",\"contentUrl\":\"https:\/\/newgarden.es\/wp-content\/uploads\/2022\/03\/MAGNOLIA_160_1200X1200.jpg\",\"width\":1200,\"height\":1200},{\"@type\":\"BreadcrumbList\",\"@id\":\"https:\/\/newgarden.es\/de\/shop\/blumentopfs\/blumentopfs-mit-beleuchtung\/magnolia-120\/#breadcrumb\",\"itemListElement\":[{\"@type\":\"ListItem\",\"position\":1,\"name\":\"Home\",\"item\":\"https:\/\/newgarden.es\/de\/\"},{\"@type\":\"ListItem\",\"position\":2,\"name\":\"Shop\",\"item\":\"https:\/\/newgarden.es\/de\/shop\/\"},{\"@type\":\"ListItem\",\"position\":3,\"name\":\"GRO\u00dfER TOPF MAGNOLIA 120 CM LICHT\"}]},{\"@type\":\"WebSite\",\"@id\":\"https:\/\/newgarden.es\/#website\",\"url\":\"https:\/\/newgarden.es\/\",\"name\":\"Newgarden\",\"description\":\"Be happy\",\"potentialAction\":[{\"@type\":\"SearchAction\",\"target\":{\"@type\":\"EntryPoint\",\"urlTemplate\":\"https:\/\/newgarden.es\/?s={search_term_string}\"},\"query-input\":{\"@type\":\"PropertyValueSpecification\",\"valueRequired\":true,\"valueName\":\"search_term_string\"}}],\"inLanguage\":\"de\"}]}<\/script>\n<!-- \/ Yoast SEO plugin. -->","yoast_head_json":{"title":"Magnolia Rund Outdoor-Blumentopf mit Licht","description":"Magnolia 120 gilt als einer der Star-Pflanzer in der Newgarden Garden Collection","robots":{"index":"index","follow":"follow","max-snippet":"max-snippet:-1","max-image-preview":"max-image-preview:large","max-video-preview":"max-video-preview:-1"},"canonical":"https:\/\/newgarden.es\/de\/shop\/blumentopfs\/blumentopfs-mit-beleuchtung\/magnolia-120\/","og_locale":"de_DE","og_type":"article","og_title":"Magnolia Rund Outdoor-Blumentopf mit Licht","og_description":"Magnolia 120 gilt als einer der Star-Pflanzer in der Newgarden Garden Collection","og_url":"https:\/\/newgarden.es\/de\/shop\/blumentopfs\/blumentopfs-mit-beleuchtung\/magnolia-120\/","og_site_name":"Newgarden","article_modified_time":"2024-06-13T09:18:06+00:00","og_image":[{"width":1200,"height":1200,"url":"https:\/\/newgarden.es\/wp-content\/uploads\/2022\/03\/MAGNOLIA_160_1200X1200.jpg","type":"image\/jpeg"}],"twitter_card":"summary_large_image","twitter_misc":{"Gesch\u00e4tzte Lesezeit":"1\u00a0Minute"},"schema":{"@context":"https:\/\/schema.org","@graph":[{"@type":"WebPage","@id":"https:\/\/newgarden.es\/de\/shop\/blumentopfs\/blumentopfs-mit-beleuchtung\/magnolia-120\/","url":"https:\/\/newgarden.es\/de\/shop\/blumentopfs\/blumentopfs-mit-beleuchtung\/magnolia-120\/","name":"Magnolia Rund Outdoor-Blumentopf mit Licht","isPartOf":{"@id":"https:\/\/newgarden.es\/#website"},"primaryImageOfPage":{"@id":"https:\/\/newgarden.es\/de\/shop\/blumentopfs\/blumentopfs-mit-beleuchtung\/magnolia-120\/#primaryimage"},"image":{"@id":"https:\/\/newgarden.es\/de\/shop\/blumentopfs\/blumentopfs-mit-beleuchtung\/magnolia-120\/#primaryimage"},"thumbnailUrl":"https:\/\/newgarden.es\/wp-content\/uploads\/2022\/03\/MAGNOLIA_160_1200X1200.jpg","datePublished":"2022-02-25T09:54:08+00:00","dateModified":"2024-06-13T09:18:06+00:00","description":"Magnolia 120 gilt als einer der Star-Pflanzer in der Newgarden Garden Collection","breadcrumb":{"@id":"https:\/\/newgarden.es\/de\/shop\/blumentopfs\/blumentopfs-mit-beleuchtung\/magnolia-120\/#breadcrumb"},"inLanguage":"de","potentialAction":[{"@type":"ReadAction","target":["https:\/\/newgarden.es\/de\/shop\/blumentopfs\/blumentopfs-mit-beleuchtung\/magnolia-120\/"]}]},{"@type":"ImageObject","inLanguage":"de","@id":"https:\/\/newgarden.es\/de\/shop\/blumentopfs\/blumentopfs-mit-beleuchtung\/magnolia-120\/#primaryimage","url":"https:\/\/newgarden.es\/wp-content\/uploads\/2022\/03\/MAGNOLIA_160_1200X1200.jpg","contentUrl":"https:\/\/newgarden.es\/wp-content\/uploads\/2022\/03\/MAGNOLIA_160_1200X1200.jpg","width":1200,"height":1200},{"@type":"BreadcrumbList","@id":"https:\/\/newgarden.es\/de\/shop\/blumentopfs\/blumentopfs-mit-beleuchtung\/magnolia-120\/#breadcrumb","itemListElement":[{"@type":"ListItem","position":1,"name":"Home","item":"https:\/\/newgarden.es\/de\/"},{"@type":"ListItem","position":2,"name":"Shop","item":"https:\/\/newgarden.es\/de\/shop\/"},{"@type":"ListItem","position":3,"name":"GRO\u00dfER TOPF MAGNOLIA 120 CM LICHT"}]},{"@type":"WebSite","@id":"https:\/\/newgarden.es\/#website","url":"https:\/\/newgarden.es\/","name":"Newgarden","description":"Be happy","potentialAction":[{"@type":"SearchAction","target":{"@type":"EntryPoint","urlTemplate":"https:\/\/newgarden.es\/?s={search_term_string}"},"query-input":{"@type":"PropertyValueSpecification","valueRequired":true,"valueName":"search_term_string"}}],"inLanguage":"de"}]}},"df_price":996.8,"df_sale_price":"","df_regular_price":996.8,"df_image_link":"https:\/\/newgarden.es\/wp-content\/uploads\/2022\/03\/MAGNOLIA_160_1200X1200-580x400.jpg","_links":{"self":[{"href":"https:\/\/newgarden.es\/de\/wp-json\/wp\/v2\/product\/41851"}],"collection":[{"href":"https:\/\/newgarden.es\/de\/wp-json\/wp\/v2\/product"}],"about":[{"href":"https:\/\/newgarden.es\/de\/wp-json\/wp\/v2\/types\/product"}],"wp:featuredmedia":[{"embeddable":true,"href":"https:\/\/newgarden.es\/de\/wp-json\/wp\/v2\/media\/58893"}],"wp:attachment":[{"href":"https:\/\/newgarden.es\/de\/wp-json\/wp\/v2\/media?parent=41851"}],"wp:term":[{"taxonomy":"product_cat","embeddable":true,"href":"https:\/\/newgarden.es\/de\/wp-json\/wp\/v2\/product_cat?post=41851"},{"taxonomy":"product_tag","embeddable":true,"href":"https:\/\/newgarden.es\/de\/wp-json\/wp\/v2\/product_tag?post=41851"}],"curies":[{"name":"wp","href":"https:\/\/api.w.org\/{rel}","templated":true}]}}