{"id":42038,"date":"2022-03-01T15:11:44","date_gmt":"2022-03-01T14:11:45","guid":{"rendered":"https:\/\/newgarden.es\/?post_type=product&#038;p=42038"},"modified":"2024-06-13T15:16:13","modified_gmt":"2024-06-13T13:16:13","slug":"kabellose-bogen-stehleuchte-santorini","status":"publish","type":"product","link":"https:\/\/newgarden.es\/de\/shop\/lightdeco-de\/stehlampe\/kabellose-bogen-stehleuchte-santorini\/","title":{"rendered":"KABELLOSE WEI\u00dfE STEHLEUCHTE SANTORINI"},"content":{"rendered":"<section class=\"wpb-content-wrapper\"><p>[vc_row][vc_column][vc_column_text][\/vc_column_text][\/vc_column][\/vc_row][vc_row][vc_column][vc_column_text]Santorini ist eine Stehleuchte, die ohne Kabel auskommt. Ihr wei\u00df lackierter Metallkorpus erreicht eine maximale H\u00f6he von 165 cm und ist damit die ideale Bogen-Stehleuchte f\u00fcr jeden Gartenraum. Ihr Schirm ist aus Naturfasern handgeflochten und hat einen Durchmesser von 27 cm.<\/p>\n<p>Die Santorini Stehleuchte wird mit einem Zubeh\u00f6rteil geliefert, mit dem der obere Bogen an der Wand befestigt werden kann, so dass sie 2 Leuchten in einer ist.<\/p>\n<p>Sie enth\u00e4lt eine tragbare, wiederaufladbare Gl\u00fchbirne mit 900 Lumen, die nicht installiert werden muss. Man muss sie nur in die N\u00e4he der Leuchte bringen und sie haftet dank ihres magnetischen Sockels. Die Lampe verf\u00fcgt au\u00dferdem \u00fcber eine Fernbedienung, mit der sie ein- und ausgeschaltet und die Lichtst\u00e4rke reguliert werden kann.[\/vc_column_text][vc_video link=&#8220;https:\/\/youtu.be\/NSoy01-qQhw&#8220;][\/vc_column][\/vc_row][vc_row][vc_column width=&#8220;1\/2&#8243;][vc_btn title=&#8220;Technisches Datenblatt&#8220; style=&#8220;custom&#8220; custom_background=&#8220;#009bc2&#8243; custom_text=&#8220;#ffffff&#8220; shape=&#8220;square&#8220; el_class=&#8220;btn_descargar_ficha&#8220; link=&#8220;url:https%3A%2F%2Fbit.ly%2F3nagcj6|target:%20_blank|&#8220;][\/vc_column][vc_column width=&#8220;1\/2&#8243;][vc_btn title=&#8220;BEDIENUNGSANLEITUNG&#8220; style=&#8220;custom&#8220; custom_background=&#8220;#009bc2&#8243; custom_text=&#8220;#ffffff&#8220; shape=&#8220;square&#8220; el_class=&#8220;btn_descargar_ficha&#8220; link=&#8220;url:https%3A%2F%2Fbit.ly%2F3zPNfQC|target:%20_blank|&#8220;][\/vc_column][\/vc_row]<\/p>\n<\/section>","protected":false},"excerpt":{"rendered":"<p>[vc_row][vc_column][vc_column_text][\/vc_column_text][\/vc_column][\/vc_row][vc_row][vc_column][vc_column_text]Santorini ist eine Stehleuchte, die ohne Kabel auskommt. Ihr wei\u00df lackierter Metallkorpus erreicht eine maximale H\u00f6he von 165 cm und ist damit die ideale Bogen-Stehleuchte f\u00fcr jeden Gartenraum. Ihr Schirm<\/p>\n","protected":false},"featured_media":53894,"template":"","meta":[],"product_cat":[1696,763,767],"product_tag":[766,793],"class_list":{"0":"post-42038","1":"product","2":"type-product","3":"status-publish","4":"has-post-thumbnail","6":"product_cat-productos-de","7":"product_cat-lightdeco-de","8":"product_cat-stehlampe","9":"product_tag-batterie-de","10":"product_tag-drahtlose","12":"first","13":"instock","14":"taxable","15":"shipping-taxable","16":"purchasable","17":"product-type-variable","18":"has-default-attributes"},"yoast_head":"<!-- This site is optimized with the Yoast SEO plugin v24.2 - https:\/\/yoast.com\/wordpress\/plugins\/seo\/ -->\n<title>KABELLOSE WEI\u00dfE STEHLEUCHTE SANTORINI - Newgarden<\/title>\n<meta name=\"description\" content=\"Santorini ist eine Stehleuchte, die ohne Kabel auskommt. Ihr schwarz lackierter Metallk\u00f6rper erreicht eine maximale H\u00f6he von 230 cm und ist damit die ideale Bogen-Stehleuchte f\u00fcr jeden Gartenbereich.\" \/>\n<meta name=\"robots\" content=\"index, follow, max-snippet:-1, max-image-preview:large, max-video-preview:-1\" \/>\n<link rel=\"canonical\" href=\"https:\/\/newgarden.es\/de\/shop\/lightdeco-de\/stehlampe\/kabellose-bogen-stehleuchte-santorini\/\" \/>\n<meta property=\"og:locale\" content=\"de_DE\" \/>\n<meta property=\"og:type\" content=\"article\" \/>\n<meta property=\"og:title\" content=\"KABELLOSE WEI\u00dfE STEHLEUCHTE SANTORINI - Newgarden\" \/>\n<meta property=\"og:description\" content=\"Santorini ist eine Stehleuchte, die ohne Kabel auskommt. Ihr schwarz lackierter Metallk\u00f6rper erreicht eine maximale H\u00f6he von 230 cm und ist damit die ideale Bogen-Stehleuchte f\u00fcr jeden Gartenbereich.\" \/>\n<meta property=\"og:url\" content=\"https:\/\/newgarden.es\/de\/shop\/lightdeco-de\/stehlampe\/kabellose-bogen-stehleuchte-santorini\/\" \/>\n<meta property=\"og:site_name\" content=\"Newgarden\" \/>\n<meta property=\"article:modified_time\" content=\"2024-06-13T13:16:13+00:00\" \/>\n<meta property=\"og:image\" content=\"https:\/\/newgarden.es\/wp-content\/uploads\/2022\/03\/SANTORINI_BATTERY_1200X1200-6.jpg\" \/>\n\t<meta property=\"og:image:width\" content=\"1200\" \/>\n\t<meta property=\"og:image:height\" content=\"1200\" \/>\n\t<meta property=\"og:image:type\" content=\"image\/jpeg\" \/>\n<meta name=\"twitter:card\" content=\"summary_large_image\" \/>\n<meta name=\"twitter:label1\" content=\"Gesch\u00e4tzte Lesezeit\" \/>\n\t<meta name=\"twitter:data1\" content=\"1\u00a0Minute\" \/>\n<script type=\"application\/ld+json\" class=\"yoast-schema-graph\">{\"@context\":\"https:\/\/schema.org\",\"@graph\":[{\"@type\":\"WebPage\",\"@id\":\"https:\/\/newgarden.es\/de\/shop\/lightdeco-de\/stehlampe\/kabellose-bogen-stehleuchte-santorini\/\",\"url\":\"https:\/\/newgarden.es\/de\/shop\/lightdeco-de\/stehlampe\/kabellose-bogen-stehleuchte-santorini\/\",\"name\":\"KABELLOSE WEI\u00dfE STEHLEUCHTE SANTORINI - Newgarden\",\"isPartOf\":{\"@id\":\"https:\/\/newgarden.es\/#website\"},\"primaryImageOfPage\":{\"@id\":\"https:\/\/newgarden.es\/de\/shop\/lightdeco-de\/stehlampe\/kabellose-bogen-stehleuchte-santorini\/#primaryimage\"},\"image\":{\"@id\":\"https:\/\/newgarden.es\/de\/shop\/lightdeco-de\/stehlampe\/kabellose-bogen-stehleuchte-santorini\/#primaryimage\"},\"thumbnailUrl\":\"https:\/\/newgarden.es\/wp-content\/uploads\/2022\/03\/SANTORINI_BATTERY_1200X1200-6.jpg\",\"datePublished\":\"2022-03-01T14:11:45+00:00\",\"dateModified\":\"2024-06-13T13:16:13+00:00\",\"description\":\"Santorini ist eine Stehleuchte, die ohne Kabel auskommt. Ihr schwarz lackierter Metallk\u00f6rper erreicht eine maximale H\u00f6he von 230 cm und ist damit die ideale Bogen-Stehleuchte f\u00fcr jeden Gartenbereich.\",\"breadcrumb\":{\"@id\":\"https:\/\/newgarden.es\/de\/shop\/lightdeco-de\/stehlampe\/kabellose-bogen-stehleuchte-santorini\/#breadcrumb\"},\"inLanguage\":\"de\",\"potentialAction\":[{\"@type\":\"ReadAction\",\"target\":[\"https:\/\/newgarden.es\/de\/shop\/lightdeco-de\/stehlampe\/kabellose-bogen-stehleuchte-santorini\/\"]}]},{\"@type\":\"ImageObject\",\"inLanguage\":\"de\",\"@id\":\"https:\/\/newgarden.es\/de\/shop\/lightdeco-de\/stehlampe\/kabellose-bogen-stehleuchte-santorini\/#primaryimage\",\"url\":\"https:\/\/newgarden.es\/wp-content\/uploads\/2022\/03\/SANTORINI_BATTERY_1200X1200-6.jpg\",\"contentUrl\":\"https:\/\/newgarden.es\/wp-content\/uploads\/2022\/03\/SANTORINI_BATTERY_1200X1200-6.jpg\",\"width\":1200,\"height\":1200},{\"@type\":\"BreadcrumbList\",\"@id\":\"https:\/\/newgarden.es\/de\/shop\/lightdeco-de\/stehlampe\/kabellose-bogen-stehleuchte-santorini\/#breadcrumb\",\"itemListElement\":[{\"@type\":\"ListItem\",\"position\":1,\"name\":\"Home\",\"item\":\"https:\/\/newgarden.es\/de\/\"},{\"@type\":\"ListItem\",\"position\":2,\"name\":\"Shop\",\"item\":\"https:\/\/newgarden.es\/de\/shop\/\"},{\"@type\":\"ListItem\",\"position\":3,\"name\":\"KABELLOSE WEI\u00dfE STEHLEUCHTE SANTORINI\"}]},{\"@type\":\"WebSite\",\"@id\":\"https:\/\/newgarden.es\/#website\",\"url\":\"https:\/\/newgarden.es\/\",\"name\":\"Newgarden\",\"description\":\"Be happy\",\"potentialAction\":[{\"@type\":\"SearchAction\",\"target\":{\"@type\":\"EntryPoint\",\"urlTemplate\":\"https:\/\/newgarden.es\/?s={search_term_string}\"},\"query-input\":{\"@type\":\"PropertyValueSpecification\",\"valueRequired\":true,\"valueName\":\"search_term_string\"}}],\"inLanguage\":\"de\"}]}<\/script>\n<!-- \/ Yoast SEO plugin. -->","yoast_head_json":{"title":"KABELLOSE WEI\u00dfE STEHLEUCHTE SANTORINI - Newgarden","description":"Santorini ist eine Stehleuchte, die ohne Kabel auskommt. Ihr schwarz lackierter Metallk\u00f6rper erreicht eine maximale H\u00f6he von 230 cm und ist damit die ideale Bogen-Stehleuchte f\u00fcr jeden Gartenbereich.","robots":{"index":"index","follow":"follow","max-snippet":"max-snippet:-1","max-image-preview":"max-image-preview:large","max-video-preview":"max-video-preview:-1"},"canonical":"https:\/\/newgarden.es\/de\/shop\/lightdeco-de\/stehlampe\/kabellose-bogen-stehleuchte-santorini\/","og_locale":"de_DE","og_type":"article","og_title":"KABELLOSE WEI\u00dfE STEHLEUCHTE SANTORINI - Newgarden","og_description":"Santorini ist eine Stehleuchte, die ohne Kabel auskommt. Ihr schwarz lackierter Metallk\u00f6rper erreicht eine maximale H\u00f6he von 230 cm und ist damit die ideale Bogen-Stehleuchte f\u00fcr jeden Gartenbereich.","og_url":"https:\/\/newgarden.es\/de\/shop\/lightdeco-de\/stehlampe\/kabellose-bogen-stehleuchte-santorini\/","og_site_name":"Newgarden","article_modified_time":"2024-06-13T13:16:13+00:00","og_image":[{"width":1200,"height":1200,"url":"https:\/\/newgarden.es\/wp-content\/uploads\/2022\/03\/SANTORINI_BATTERY_1200X1200-6.jpg","type":"image\/jpeg"}],"twitter_card":"summary_large_image","twitter_misc":{"Gesch\u00e4tzte Lesezeit":"1\u00a0Minute"},"schema":{"@context":"https:\/\/schema.org","@graph":[{"@type":"WebPage","@id":"https:\/\/newgarden.es\/de\/shop\/lightdeco-de\/stehlampe\/kabellose-bogen-stehleuchte-santorini\/","url":"https:\/\/newgarden.es\/de\/shop\/lightdeco-de\/stehlampe\/kabellose-bogen-stehleuchte-santorini\/","name":"KABELLOSE WEI\u00dfE STEHLEUCHTE SANTORINI - Newgarden","isPartOf":{"@id":"https:\/\/newgarden.es\/#website"},"primaryImageOfPage":{"@id":"https:\/\/newgarden.es\/de\/shop\/lightdeco-de\/stehlampe\/kabellose-bogen-stehleuchte-santorini\/#primaryimage"},"image":{"@id":"https:\/\/newgarden.es\/de\/shop\/lightdeco-de\/stehlampe\/kabellose-bogen-stehleuchte-santorini\/#primaryimage"},"thumbnailUrl":"https:\/\/newgarden.es\/wp-content\/uploads\/2022\/03\/SANTORINI_BATTERY_1200X1200-6.jpg","datePublished":"2022-03-01T14:11:45+00:00","dateModified":"2024-06-13T13:16:13+00:00","description":"Santorini ist eine Stehleuchte, die ohne Kabel auskommt. Ihr schwarz lackierter Metallk\u00f6rper erreicht eine maximale H\u00f6he von 230 cm und ist damit die ideale Bogen-Stehleuchte f\u00fcr jeden Gartenbereich.","breadcrumb":{"@id":"https:\/\/newgarden.es\/de\/shop\/lightdeco-de\/stehlampe\/kabellose-bogen-stehleuchte-santorini\/#breadcrumb"},"inLanguage":"de","potentialAction":[{"@type":"ReadAction","target":["https:\/\/newgarden.es\/de\/shop\/lightdeco-de\/stehlampe\/kabellose-bogen-stehleuchte-santorini\/"]}]},{"@type":"ImageObject","inLanguage":"de","@id":"https:\/\/newgarden.es\/de\/shop\/lightdeco-de\/stehlampe\/kabellose-bogen-stehleuchte-santorini\/#primaryimage","url":"https:\/\/newgarden.es\/wp-content\/uploads\/2022\/03\/SANTORINI_BATTERY_1200X1200-6.jpg","contentUrl":"https:\/\/newgarden.es\/wp-content\/uploads\/2022\/03\/SANTORINI_BATTERY_1200X1200-6.jpg","width":1200,"height":1200},{"@type":"BreadcrumbList","@id":"https:\/\/newgarden.es\/de\/shop\/lightdeco-de\/stehlampe\/kabellose-bogen-stehleuchte-santorini\/#breadcrumb","itemListElement":[{"@type":"ListItem","position":1,"name":"Home","item":"https:\/\/newgarden.es\/de\/"},{"@type":"ListItem","position":2,"name":"Shop","item":"https:\/\/newgarden.es\/de\/shop\/"},{"@type":"ListItem","position":3,"name":"KABELLOSE WEI\u00dfE STEHLEUCHTE SANTORINI"}]},{"@type":"WebSite","@id":"https:\/\/newgarden.es\/#website","url":"https:\/\/newgarden.es\/","name":"Newgarden","description":"Be happy","potentialAction":[{"@type":"SearchAction","target":{"@type":"EntryPoint","urlTemplate":"https:\/\/newgarden.es\/?s={search_term_string}"},"query-input":{"@type":"PropertyValueSpecification","valueRequired":true,"valueName":"search_term_string"}}],"inLanguage":"de"}]}},"df_price":319,"df_sale_price":"","df_regular_price":319,"df_image_link":"https:\/\/newgarden.es\/wp-content\/uploads\/2022\/03\/SANTORINI_BATTERY_1200X1200-6-580x400.jpg","_links":{"self":[{"href":"https:\/\/newgarden.es\/de\/wp-json\/wp\/v2\/product\/42038"}],"collection":[{"href":"https:\/\/newgarden.es\/de\/wp-json\/wp\/v2\/product"}],"about":[{"href":"https:\/\/newgarden.es\/de\/wp-json\/wp\/v2\/types\/product"}],"wp:featuredmedia":[{"embeddable":true,"href":"https:\/\/newgarden.es\/de\/wp-json\/wp\/v2\/media\/53894"}],"wp:attachment":[{"href":"https:\/\/newgarden.es\/de\/wp-json\/wp\/v2\/media?parent=42038"}],"wp:term":[{"taxonomy":"product_cat","embeddable":true,"href":"https:\/\/newgarden.es\/de\/wp-json\/wp\/v2\/product_cat?post=42038"},{"taxonomy":"product_tag","embeddable":true,"href":"https:\/\/newgarden.es\/de\/wp-json\/wp\/v2\/product_tag?post=42038"}],"curies":[{"name":"wp","href":"https:\/\/api.w.org\/{rel}","templated":true}]}}