{"id":42157,"date":"2022-03-01T16:17:49","date_gmt":"2022-03-01T15:17:50","guid":{"rendered":"https:\/\/newgarden.es\/?post_type=product&#038;p=42157"},"modified":"2024-05-27T11:10:27","modified_gmt":"2024-05-27T09:10:27","slug":"gretita-solarleuchte-stueck","status":"publish","type":"product","link":"https:\/\/newgarden.es\/de\/shop\/lightdeco-de\/tragbares\/gretita-solarleuchte-stueck\/","title":{"rendered":"GRETITA SOLAR-GARTENSPIESS (4 ST\u00dcCK) &#8211; FARBE SCHWARZ"},"content":{"rendered":"<section class=\"wpb-content-wrapper\"><p>[vc_row][vc_column][vc_column_text][\/vc_column_text][\/vc_column][\/vc_row][vc_row][vc_column][vc_column_text]Die Gretita Solar Lamp ist eine solarbetriebene Gartenleuchte. Hergestellt aus recyceltem Kunststoff und mit einem Solarmodul auf der Oberseite zum Aufladen, k\u00f6nnen Sie sie auf Gehwegen, am Pool oder sogar in einem Pflanzk\u00fcbel platzieren &#8211; die Vielseitigkeit dieser Solar-Gartenleuchte ist grenzenlos. Dank des D\u00e4mmerungssensors brauchen Sie sie nicht mehr ein- oder auszuschalten, denn sie schaltet sich automatisch ein, wenn sie erkennt, dass das Sonnenlicht schw\u00e4cher wird.<\/p>\n<p>Die Gretita-Solarlampe wird aus recyceltem Material aus den Ozeanen hergestellt. Sie ist ein nachhaltiges Produkt, das Plastikm\u00fcll in Form einer Lampe ein neues Leben schenkt. Erh\u00e4ltlich in wei\u00df oder schwarz.<\/p>\n<p>Jede Schachtel enth\u00e4lt 4 Gretitas[\/vc_column_text][\/vc_column][\/vc_row][vc_row][vc_column width=&#8221;1\/2&#8243;][vc_btn title=&#8221;Technisches Datenblatt&#8221; style=&#8221;custom&#8221; custom_background=&#8221;#009bc2&#8243; custom_text=&#8221;#ffffff&#8221; shape=&#8221;square&#8221; el_class=&#8221;btn_descargar_ficha&#8221; link=&#8221;url:https%3A%2F%2Fbit.ly%2F39MEQmQ|target:%20_blank|&#8221;][\/vc_column][vc_column width=&#8221;1\/2&#8243;][vc_btn title=&#8221;BEDIENUNGSANLEITUNG&#8221; style=&#8221;custom&#8221; custom_background=&#8221;#009bc2&#8243; custom_text=&#8221;#ffffff&#8221; shape=&#8221;square&#8221; el_class=&#8221;btn_descargar_ficha&#8221; link=&#8221;url:https%3A%2F%2Fbit.ly%2F3OSavlv|target:%20_blank|&#8221;][\/vc_column][\/vc_row]<\/p>\n<\/section>","protected":false},"excerpt":{"rendered":"<p>[vc_row][vc_column][vc_column_text][\/vc_column_text][\/vc_column][\/vc_row][vc_row][vc_column][vc_column_text]Die Gretita Solar Lamp ist eine solarbetriebene Gartenleuchte. Hergestellt aus recyceltem Kunststoff und mit einem Solarmodul auf der Oberseite zum Aufladen, k\u00f6nnen Sie sie auf Gehwegen, am Pool oder sogar<\/p>\n","protected":false},"featured_media":57134,"template":"","meta":[],"product_cat":[763,1581,826],"product_tag":[793,789],"class_list":{"0":"post-42157","1":"product","2":"type-product","3":"status-publish","4":"has-post-thumbnail","6":"product_cat-lightdeco-de","7":"product_cat-baken-und-stacheln","8":"product_cat-tragbares","9":"product_tag-drahtlose","10":"product_tag-solar-de","12":"first","13":"instock","14":"taxable","15":"shipping-taxable","16":"purchasable","17":"product-type-variable"},"yoast_head":"<!-- This site is optimized with the Yoast SEO plugin v24.2 - https:\/\/yoast.com\/wordpress\/plugins\/seo\/ -->\n<title>GRETITA SOLAR-GARTENSPIESS (4 ST\u00dcCK) - FARBE SCHWARZ - Newgarden<\/title>\n<meta name=\"description\" content=\"Die Gretita Solar Lamp ist eine solarbetriebene Gartenleuchte.\" \/>\n<meta name=\"robots\" content=\"index, follow, max-snippet:-1, max-image-preview:large, max-video-preview:-1\" \/>\n<link rel=\"canonical\" href=\"https:\/\/newgarden.es\/de\/shop\/lightdeco-de\/tragbares\/gretita-solarleuchte-stueck\/\" \/>\n<meta property=\"og:locale\" content=\"de_DE\" \/>\n<meta property=\"og:type\" content=\"article\" \/>\n<meta property=\"og:title\" content=\"GRETITA SOLAR-GARTENSPIESS (4 ST\u00dcCK) - FARBE SCHWARZ - Newgarden\" \/>\n<meta property=\"og:description\" content=\"Die Gretita Solar Lamp ist eine solarbetriebene Gartenleuchte.\" \/>\n<meta property=\"og:url\" content=\"https:\/\/newgarden.es\/de\/shop\/lightdeco-de\/tragbares\/gretita-solarleuchte-stueck\/\" \/>\n<meta property=\"og:site_name\" content=\"Newgarden\" \/>\n<meta property=\"article:modified_time\" content=\"2024-05-27T09:10:27+00:00\" \/>\n<meta property=\"og:image\" content=\"https:\/\/newgarden.es\/wp-content\/uploads\/2022\/03\/GRETITA_PICA_BW_1200X1200-5.jpg\" \/>\n\t<meta property=\"og:image:width\" content=\"1200\" \/>\n\t<meta property=\"og:image:height\" content=\"1200\" \/>\n\t<meta property=\"og:image:type\" content=\"image\/jpeg\" \/>\n<meta name=\"twitter:card\" content=\"summary_large_image\" \/>\n<meta name=\"twitter:label1\" content=\"Gesch\u00e4tzte Lesezeit\" \/>\n\t<meta name=\"twitter:data1\" content=\"1\u00a0Minute\" \/>\n<script type=\"application\/ld+json\" class=\"yoast-schema-graph\">{\"@context\":\"https:\/\/schema.org\",\"@graph\":[{\"@type\":\"WebPage\",\"@id\":\"https:\/\/newgarden.es\/de\/shop\/lightdeco-de\/tragbares\/gretita-solarleuchte-stueck\/\",\"url\":\"https:\/\/newgarden.es\/de\/shop\/lightdeco-de\/tragbares\/gretita-solarleuchte-stueck\/\",\"name\":\"GRETITA SOLAR-GARTENSPIESS (4 ST\u00dcCK) - FARBE SCHWARZ - Newgarden\",\"isPartOf\":{\"@id\":\"https:\/\/newgarden.es\/#website\"},\"primaryImageOfPage\":{\"@id\":\"https:\/\/newgarden.es\/de\/shop\/lightdeco-de\/tragbares\/gretita-solarleuchte-stueck\/#primaryimage\"},\"image\":{\"@id\":\"https:\/\/newgarden.es\/de\/shop\/lightdeco-de\/tragbares\/gretita-solarleuchte-stueck\/#primaryimage\"},\"thumbnailUrl\":\"https:\/\/newgarden.es\/wp-content\/uploads\/2022\/03\/GRETITA_PICA_BW_1200X1200-5.jpg\",\"datePublished\":\"2022-03-01T15:17:50+00:00\",\"dateModified\":\"2024-05-27T09:10:27+00:00\",\"description\":\"Die Gretita Solar Lamp ist eine solarbetriebene Gartenleuchte.\",\"breadcrumb\":{\"@id\":\"https:\/\/newgarden.es\/de\/shop\/lightdeco-de\/tragbares\/gretita-solarleuchte-stueck\/#breadcrumb\"},\"inLanguage\":\"de\",\"potentialAction\":[{\"@type\":\"ReadAction\",\"target\":[\"https:\/\/newgarden.es\/de\/shop\/lightdeco-de\/tragbares\/gretita-solarleuchte-stueck\/\"]}]},{\"@type\":\"ImageObject\",\"inLanguage\":\"de\",\"@id\":\"https:\/\/newgarden.es\/de\/shop\/lightdeco-de\/tragbares\/gretita-solarleuchte-stueck\/#primaryimage\",\"url\":\"https:\/\/newgarden.es\/wp-content\/uploads\/2022\/03\/GRETITA_PICA_BW_1200X1200-5.jpg\",\"contentUrl\":\"https:\/\/newgarden.es\/wp-content\/uploads\/2022\/03\/GRETITA_PICA_BW_1200X1200-5.jpg\",\"width\":1200,\"height\":1200},{\"@type\":\"BreadcrumbList\",\"@id\":\"https:\/\/newgarden.es\/de\/shop\/lightdeco-de\/tragbares\/gretita-solarleuchte-stueck\/#breadcrumb\",\"itemListElement\":[{\"@type\":\"ListItem\",\"position\":1,\"name\":\"Home\",\"item\":\"https:\/\/newgarden.es\/de\/\"},{\"@type\":\"ListItem\",\"position\":2,\"name\":\"Shop\",\"item\":\"https:\/\/newgarden.es\/de\/shop\/\"},{\"@type\":\"ListItem\",\"position\":3,\"name\":\"GRETITA SOLAR-GARTENSPIESS (4 ST\u00dcCK) &#8211; FARBE SCHWARZ\"}]},{\"@type\":\"WebSite\",\"@id\":\"https:\/\/newgarden.es\/#website\",\"url\":\"https:\/\/newgarden.es\/\",\"name\":\"Newgarden\",\"description\":\"Be happy\",\"potentialAction\":[{\"@type\":\"SearchAction\",\"target\":{\"@type\":\"EntryPoint\",\"urlTemplate\":\"https:\/\/newgarden.es\/?s={search_term_string}\"},\"query-input\":{\"@type\":\"PropertyValueSpecification\",\"valueRequired\":true,\"valueName\":\"search_term_string\"}}],\"inLanguage\":\"de\"}]}<\/script>\n<!-- \/ Yoast SEO plugin. -->","yoast_head_json":{"title":"GRETITA SOLAR-GARTENSPIESS (4 ST\u00dcCK) - FARBE SCHWARZ - Newgarden","description":"Die Gretita Solar Lamp ist eine solarbetriebene Gartenleuchte.","robots":{"index":"index","follow":"follow","max-snippet":"max-snippet:-1","max-image-preview":"max-image-preview:large","max-video-preview":"max-video-preview:-1"},"canonical":"https:\/\/newgarden.es\/de\/shop\/lightdeco-de\/tragbares\/gretita-solarleuchte-stueck\/","og_locale":"de_DE","og_type":"article","og_title":"GRETITA SOLAR-GARTENSPIESS (4 ST\u00dcCK) - FARBE SCHWARZ - Newgarden","og_description":"Die Gretita Solar Lamp ist eine solarbetriebene Gartenleuchte.","og_url":"https:\/\/newgarden.es\/de\/shop\/lightdeco-de\/tragbares\/gretita-solarleuchte-stueck\/","og_site_name":"Newgarden","article_modified_time":"2024-05-27T09:10:27+00:00","og_image":[{"width":1200,"height":1200,"url":"https:\/\/newgarden.es\/wp-content\/uploads\/2022\/03\/GRETITA_PICA_BW_1200X1200-5.jpg","type":"image\/jpeg"}],"twitter_card":"summary_large_image","twitter_misc":{"Gesch\u00e4tzte Lesezeit":"1\u00a0Minute"},"schema":{"@context":"https:\/\/schema.org","@graph":[{"@type":"WebPage","@id":"https:\/\/newgarden.es\/de\/shop\/lightdeco-de\/tragbares\/gretita-solarleuchte-stueck\/","url":"https:\/\/newgarden.es\/de\/shop\/lightdeco-de\/tragbares\/gretita-solarleuchte-stueck\/","name":"GRETITA SOLAR-GARTENSPIESS (4 ST\u00dcCK) - FARBE SCHWARZ - Newgarden","isPartOf":{"@id":"https:\/\/newgarden.es\/#website"},"primaryImageOfPage":{"@id":"https:\/\/newgarden.es\/de\/shop\/lightdeco-de\/tragbares\/gretita-solarleuchte-stueck\/#primaryimage"},"image":{"@id":"https:\/\/newgarden.es\/de\/shop\/lightdeco-de\/tragbares\/gretita-solarleuchte-stueck\/#primaryimage"},"thumbnailUrl":"https:\/\/newgarden.es\/wp-content\/uploads\/2022\/03\/GRETITA_PICA_BW_1200X1200-5.jpg","datePublished":"2022-03-01T15:17:50+00:00","dateModified":"2024-05-27T09:10:27+00:00","description":"Die Gretita Solar Lamp ist eine solarbetriebene Gartenleuchte.","breadcrumb":{"@id":"https:\/\/newgarden.es\/de\/shop\/lightdeco-de\/tragbares\/gretita-solarleuchte-stueck\/#breadcrumb"},"inLanguage":"de","potentialAction":[{"@type":"ReadAction","target":["https:\/\/newgarden.es\/de\/shop\/lightdeco-de\/tragbares\/gretita-solarleuchte-stueck\/"]}]},{"@type":"ImageObject","inLanguage":"de","@id":"https:\/\/newgarden.es\/de\/shop\/lightdeco-de\/tragbares\/gretita-solarleuchte-stueck\/#primaryimage","url":"https:\/\/newgarden.es\/wp-content\/uploads\/2022\/03\/GRETITA_PICA_BW_1200X1200-5.jpg","contentUrl":"https:\/\/newgarden.es\/wp-content\/uploads\/2022\/03\/GRETITA_PICA_BW_1200X1200-5.jpg","width":1200,"height":1200},{"@type":"BreadcrumbList","@id":"https:\/\/newgarden.es\/de\/shop\/lightdeco-de\/tragbares\/gretita-solarleuchte-stueck\/#breadcrumb","itemListElement":[{"@type":"ListItem","position":1,"name":"Home","item":"https:\/\/newgarden.es\/de\/"},{"@type":"ListItem","position":2,"name":"Shop","item":"https:\/\/newgarden.es\/de\/shop\/"},{"@type":"ListItem","position":3,"name":"GRETITA SOLAR-GARTENSPIESS (4 ST\u00dcCK) &#8211; FARBE SCHWARZ"}]},{"@type":"WebSite","@id":"https:\/\/newgarden.es\/#website","url":"https:\/\/newgarden.es\/","name":"Newgarden","description":"Be happy","potentialAction":[{"@type":"SearchAction","target":{"@type":"EntryPoint","urlTemplate":"https:\/\/newgarden.es\/?s={search_term_string}"},"query-input":{"@type":"PropertyValueSpecification","valueRequired":true,"valueName":"search_term_string"}}],"inLanguage":"de"}]}},"df_price":29.9,"df_sale_price":"","df_regular_price":29.9,"df_image_link":"https:\/\/newgarden.es\/wp-content\/uploads\/2022\/03\/GRETITA_PICA_BW_1200X1200-5-580x400.jpg","_links":{"self":[{"href":"https:\/\/newgarden.es\/de\/wp-json\/wp\/v2\/product\/42157"}],"collection":[{"href":"https:\/\/newgarden.es\/de\/wp-json\/wp\/v2\/product"}],"about":[{"href":"https:\/\/newgarden.es\/de\/wp-json\/wp\/v2\/types\/product"}],"wp:featuredmedia":[{"embeddable":true,"href":"https:\/\/newgarden.es\/de\/wp-json\/wp\/v2\/media\/57134"}],"wp:attachment":[{"href":"https:\/\/newgarden.es\/de\/wp-json\/wp\/v2\/media?parent=42157"}],"wp:term":[{"taxonomy":"product_cat","embeddable":true,"href":"https:\/\/newgarden.es\/de\/wp-json\/wp\/v2\/product_cat?post=42157"},{"taxonomy":"product_tag","embeddable":true,"href":"https:\/\/newgarden.es\/de\/wp-json\/wp\/v2\/product_tag?post=42157"}],"curies":[{"name":"wp","href":"https:\/\/api.w.org\/{rel}","templated":true}]}}