{"id":42173,"date":"2022-03-01T16:23:11","date_gmt":"2022-03-01T15:23:13","guid":{"rendered":"https:\/\/newgarden.es\/?post_type=product&#038;p=42173"},"modified":"2024-06-03T09:34:53","modified_gmt":"2024-06-03T07:34:53","slug":"tragbare-wiederaufladbare-gluhbirne-candy","status":"publish","type":"product","link":"https:\/\/newgarden.es\/de\/shop\/lightdeco-de\/tischlampe\/tragbare-wiederaufladbare-gluhbirne-candy\/","title":{"rendered":"TRAGBARE FLAMMENEFFEKT-GL\u00dcHBIRNE CANDY"},"content":{"rendered":"<section class=\"wpb-content-wrapper\"><p>[vc_row][vc_column][vc_column_text][\/vc_column_text][\/vc_column][\/vc_row][vc_row][vc_column][vc_column_text]Die Candy tragbare, wiederaufladbare Gl\u00fchbirne muss nicht installiert werden. Sie m\u00fcssen sie nur aufh\u00e4ngen oder in die N\u00e4he einer metallischen Fl\u00e4che bringen und sie haftet dank ihres Magnetsockels.<\/p>\n<p>Die Gl\u00fchbirne verf\u00fcgt \u00fcber eine Fernbedienung, mit der Sie sie ein- und ausschalten, die Lichtst\u00e4rke regulieren und die Funktionen Festlicht oder Flammeneffekt nutzen k\u00f6nnen.<\/p>\n<p>Sie hat 200 Lumen und eine Betriebsdauer von 6 bis 20 Stunden, je nach Intensit\u00e4t.[\/vc_column_text][vc_video link=&#8221;&#8221;][\/vc_column][\/vc_row][vc_row][vc_column width=&#8221;1\/2&#8243;][vc_btn title=&#8221;Technisches Datenblatt&#8221; style=&#8221;custom&#8221; custom_background=&#8221;#009bc2&#8243; custom_text=&#8221;#ffffff&#8221; shape=&#8221;square&#8221; link=&#8221;url:https%3A%2F%2Fbit.ly%2F3HUuCOd|target:%20_blank|&#8221; el_class=&#8221;btn_descargar_ficha&#8221;][\/vc_column][vc_column width=&#8221;1\/2&#8243;][vc_btn title=&#8221;BEDIENUNGSANLEITUNG&#8221; style=&#8221;custom&#8221; custom_background=&#8221;#009bc2&#8243; custom_text=&#8221;#ffffff&#8221; shape=&#8221;square&#8221; link=&#8221;url:https%3A%2F%2Fbit.ly%2F3QhEPHn|target:%20_blank|&#8221; el_class=&#8221;btn_descargar_ficha&#8221;][\/vc_column][vc_column][\/vc_column][\/vc_row]<\/p>\n<\/section>","protected":false},"excerpt":{"rendered":"<p>[vc_row][vc_column][vc_column_text][\/vc_column_text][\/vc_column][\/vc_row][vc_row][vc_column][vc_column_text]Die Candy tragbare, wiederaufladbare Gl\u00fchbirne muss nicht installiert werden. Sie m\u00fcssen sie nur aufh\u00e4ngen oder in die N\u00e4he einer metallischen Fl\u00e4che bringen und sie haftet dank ihres Magnetsockels. Die Gl\u00fchbirne<\/p>\n","protected":false},"featured_media":61148,"template":"","meta":[],"product_cat":[1696,763,764,826,1589],"product_tag":[766,793],"class_list":{"0":"post-42173","1":"product","2":"type-product","3":"status-publish","4":"has-post-thumbnail","6":"product_cat-productos-de","7":"product_cat-lightdeco-de","8":"product_cat-tischlampe","9":"product_cat-tragbares","10":"product_cat-innenbereich-de","11":"product_tag-batterie-de","12":"product_tag-drahtlose","14":"first","15":"instock","16":"taxable","17":"shipping-taxable","18":"purchasable","19":"product-type-variable"},"yoast_head":"<!-- This site is optimized with the Yoast SEO plugin v24.2 - https:\/\/yoast.com\/wordpress\/plugins\/seo\/ -->\n<title>TRAGBARE FLAMMENEFFEKT-GL\u00dcHBIRNE CANDY - Newgarden<\/title>\n<meta name=\"description\" content=\"Diese Gl\u00fchbirne wird mit einer Fernbedienung geliefert, mit der Sie die Lampe ein- und ausschalten, die Lichtst\u00e4rke regulieren und die Funktionen Festlicht oder Flammeneffekt nutzen k\u00f6nnen.\" \/>\n<meta name=\"robots\" content=\"index, follow, max-snippet:-1, max-image-preview:large, max-video-preview:-1\" \/>\n<link rel=\"canonical\" href=\"https:\/\/newgarden.es\/de\/shop\/lightdeco-de\/tischlampe\/tragbare-wiederaufladbare-gluhbirne-candy\/\" \/>\n<meta property=\"og:locale\" content=\"de_DE\" \/>\n<meta property=\"og:type\" content=\"article\" \/>\n<meta property=\"og:title\" content=\"TRAGBARE FLAMMENEFFEKT-GL\u00dcHBIRNE CANDY - Newgarden\" \/>\n<meta property=\"og:description\" content=\"Diese Gl\u00fchbirne wird mit einer Fernbedienung geliefert, mit der Sie die Lampe ein- und ausschalten, die Lichtst\u00e4rke regulieren und die Funktionen Festlicht oder Flammeneffekt nutzen k\u00f6nnen.\" \/>\n<meta property=\"og:url\" content=\"https:\/\/newgarden.es\/de\/shop\/lightdeco-de\/tischlampe\/tragbare-wiederaufladbare-gluhbirne-candy\/\" \/>\n<meta property=\"og:site_name\" content=\"Newgarden\" \/>\n<meta property=\"article:modified_time\" content=\"2024-06-03T07:34:53+00:00\" \/>\n<meta property=\"og:image\" content=\"https:\/\/newgarden.es\/wp-content\/uploads\/2022\/03\/CANDY_BATTERY_1200X1200-1.jpg\" \/>\n\t<meta property=\"og:image:width\" content=\"1200\" \/>\n\t<meta property=\"og:image:height\" content=\"1200\" \/>\n\t<meta property=\"og:image:type\" content=\"image\/jpeg\" \/>\n<meta name=\"twitter:card\" content=\"summary_large_image\" \/>\n<meta name=\"twitter:label1\" content=\"Gesch\u00e4tzte Lesezeit\" \/>\n\t<meta name=\"twitter:data1\" content=\"1\u00a0Minute\" \/>\n<script type=\"application\/ld+json\" class=\"yoast-schema-graph\">{\"@context\":\"https:\/\/schema.org\",\"@graph\":[{\"@type\":\"WebPage\",\"@id\":\"https:\/\/newgarden.es\/de\/shop\/lightdeco-de\/tischlampe\/tragbare-wiederaufladbare-gluhbirne-candy\/\",\"url\":\"https:\/\/newgarden.es\/de\/shop\/lightdeco-de\/tischlampe\/tragbare-wiederaufladbare-gluhbirne-candy\/\",\"name\":\"TRAGBARE FLAMMENEFFEKT-GL\u00dcHBIRNE CANDY - Newgarden\",\"isPartOf\":{\"@id\":\"https:\/\/newgarden.es\/#website\"},\"primaryImageOfPage\":{\"@id\":\"https:\/\/newgarden.es\/de\/shop\/lightdeco-de\/tischlampe\/tragbare-wiederaufladbare-gluhbirne-candy\/#primaryimage\"},\"image\":{\"@id\":\"https:\/\/newgarden.es\/de\/shop\/lightdeco-de\/tischlampe\/tragbare-wiederaufladbare-gluhbirne-candy\/#primaryimage\"},\"thumbnailUrl\":\"https:\/\/newgarden.es\/wp-content\/uploads\/2022\/03\/CANDY_BATTERY_1200X1200-1.jpg\",\"datePublished\":\"2022-03-01T15:23:13+00:00\",\"dateModified\":\"2024-06-03T07:34:53+00:00\",\"description\":\"Diese Gl\u00fchbirne wird mit einer Fernbedienung geliefert, mit der Sie die Lampe ein- und ausschalten, die Lichtst\u00e4rke regulieren und die Funktionen Festlicht oder Flammeneffekt nutzen k\u00f6nnen.\",\"breadcrumb\":{\"@id\":\"https:\/\/newgarden.es\/de\/shop\/lightdeco-de\/tischlampe\/tragbare-wiederaufladbare-gluhbirne-candy\/#breadcrumb\"},\"inLanguage\":\"de\",\"potentialAction\":[{\"@type\":\"ReadAction\",\"target\":[\"https:\/\/newgarden.es\/de\/shop\/lightdeco-de\/tischlampe\/tragbare-wiederaufladbare-gluhbirne-candy\/\"]}]},{\"@type\":\"ImageObject\",\"inLanguage\":\"de\",\"@id\":\"https:\/\/newgarden.es\/de\/shop\/lightdeco-de\/tischlampe\/tragbare-wiederaufladbare-gluhbirne-candy\/#primaryimage\",\"url\":\"https:\/\/newgarden.es\/wp-content\/uploads\/2022\/03\/CANDY_BATTERY_1200X1200-1.jpg\",\"contentUrl\":\"https:\/\/newgarden.es\/wp-content\/uploads\/2022\/03\/CANDY_BATTERY_1200X1200-1.jpg\",\"width\":1200,\"height\":1200},{\"@type\":\"BreadcrumbList\",\"@id\":\"https:\/\/newgarden.es\/de\/shop\/lightdeco-de\/tischlampe\/tragbare-wiederaufladbare-gluhbirne-candy\/#breadcrumb\",\"itemListElement\":[{\"@type\":\"ListItem\",\"position\":1,\"name\":\"Home\",\"item\":\"https:\/\/newgarden.es\/de\/\"},{\"@type\":\"ListItem\",\"position\":2,\"name\":\"Shop\",\"item\":\"https:\/\/newgarden.es\/de\/shop\/\"},{\"@type\":\"ListItem\",\"position\":3,\"name\":\"TRAGBARE FLAMMENEFFEKT-GL\u00dcHBIRNE CANDY\"}]},{\"@type\":\"WebSite\",\"@id\":\"https:\/\/newgarden.es\/#website\",\"url\":\"https:\/\/newgarden.es\/\",\"name\":\"Newgarden\",\"description\":\"Be happy\",\"potentialAction\":[{\"@type\":\"SearchAction\",\"target\":{\"@type\":\"EntryPoint\",\"urlTemplate\":\"https:\/\/newgarden.es\/?s={search_term_string}\"},\"query-input\":{\"@type\":\"PropertyValueSpecification\",\"valueRequired\":true,\"valueName\":\"search_term_string\"}}],\"inLanguage\":\"de\"}]}<\/script>\n<!-- \/ Yoast SEO plugin. -->","yoast_head_json":{"title":"TRAGBARE FLAMMENEFFEKT-GL\u00dcHBIRNE CANDY - Newgarden","description":"Diese Gl\u00fchbirne wird mit einer Fernbedienung geliefert, mit der Sie die Lampe ein- und ausschalten, die Lichtst\u00e4rke regulieren und die Funktionen Festlicht oder Flammeneffekt nutzen k\u00f6nnen.","robots":{"index":"index","follow":"follow","max-snippet":"max-snippet:-1","max-image-preview":"max-image-preview:large","max-video-preview":"max-video-preview:-1"},"canonical":"https:\/\/newgarden.es\/de\/shop\/lightdeco-de\/tischlampe\/tragbare-wiederaufladbare-gluhbirne-candy\/","og_locale":"de_DE","og_type":"article","og_title":"TRAGBARE FLAMMENEFFEKT-GL\u00dcHBIRNE CANDY - Newgarden","og_description":"Diese Gl\u00fchbirne wird mit einer Fernbedienung geliefert, mit der Sie die Lampe ein- und ausschalten, die Lichtst\u00e4rke regulieren und die Funktionen Festlicht oder Flammeneffekt nutzen k\u00f6nnen.","og_url":"https:\/\/newgarden.es\/de\/shop\/lightdeco-de\/tischlampe\/tragbare-wiederaufladbare-gluhbirne-candy\/","og_site_name":"Newgarden","article_modified_time":"2024-06-03T07:34:53+00:00","og_image":[{"width":1200,"height":1200,"url":"https:\/\/newgarden.es\/wp-content\/uploads\/2022\/03\/CANDY_BATTERY_1200X1200-1.jpg","type":"image\/jpeg"}],"twitter_card":"summary_large_image","twitter_misc":{"Gesch\u00e4tzte Lesezeit":"1\u00a0Minute"},"schema":{"@context":"https:\/\/schema.org","@graph":[{"@type":"WebPage","@id":"https:\/\/newgarden.es\/de\/shop\/lightdeco-de\/tischlampe\/tragbare-wiederaufladbare-gluhbirne-candy\/","url":"https:\/\/newgarden.es\/de\/shop\/lightdeco-de\/tischlampe\/tragbare-wiederaufladbare-gluhbirne-candy\/","name":"TRAGBARE FLAMMENEFFEKT-GL\u00dcHBIRNE CANDY - Newgarden","isPartOf":{"@id":"https:\/\/newgarden.es\/#website"},"primaryImageOfPage":{"@id":"https:\/\/newgarden.es\/de\/shop\/lightdeco-de\/tischlampe\/tragbare-wiederaufladbare-gluhbirne-candy\/#primaryimage"},"image":{"@id":"https:\/\/newgarden.es\/de\/shop\/lightdeco-de\/tischlampe\/tragbare-wiederaufladbare-gluhbirne-candy\/#primaryimage"},"thumbnailUrl":"https:\/\/newgarden.es\/wp-content\/uploads\/2022\/03\/CANDY_BATTERY_1200X1200-1.jpg","datePublished":"2022-03-01T15:23:13+00:00","dateModified":"2024-06-03T07:34:53+00:00","description":"Diese Gl\u00fchbirne wird mit einer Fernbedienung geliefert, mit der Sie die Lampe ein- und ausschalten, die Lichtst\u00e4rke regulieren und die Funktionen Festlicht oder Flammeneffekt nutzen k\u00f6nnen.","breadcrumb":{"@id":"https:\/\/newgarden.es\/de\/shop\/lightdeco-de\/tischlampe\/tragbare-wiederaufladbare-gluhbirne-candy\/#breadcrumb"},"inLanguage":"de","potentialAction":[{"@type":"ReadAction","target":["https:\/\/newgarden.es\/de\/shop\/lightdeco-de\/tischlampe\/tragbare-wiederaufladbare-gluhbirne-candy\/"]}]},{"@type":"ImageObject","inLanguage":"de","@id":"https:\/\/newgarden.es\/de\/shop\/lightdeco-de\/tischlampe\/tragbare-wiederaufladbare-gluhbirne-candy\/#primaryimage","url":"https:\/\/newgarden.es\/wp-content\/uploads\/2022\/03\/CANDY_BATTERY_1200X1200-1.jpg","contentUrl":"https:\/\/newgarden.es\/wp-content\/uploads\/2022\/03\/CANDY_BATTERY_1200X1200-1.jpg","width":1200,"height":1200},{"@type":"BreadcrumbList","@id":"https:\/\/newgarden.es\/de\/shop\/lightdeco-de\/tischlampe\/tragbare-wiederaufladbare-gluhbirne-candy\/#breadcrumb","itemListElement":[{"@type":"ListItem","position":1,"name":"Home","item":"https:\/\/newgarden.es\/de\/"},{"@type":"ListItem","position":2,"name":"Shop","item":"https:\/\/newgarden.es\/de\/shop\/"},{"@type":"ListItem","position":3,"name":"TRAGBARE FLAMMENEFFEKT-GL\u00dcHBIRNE CANDY"}]},{"@type":"WebSite","@id":"https:\/\/newgarden.es\/#website","url":"https:\/\/newgarden.es\/","name":"Newgarden","description":"Be happy","potentialAction":[{"@type":"SearchAction","target":{"@type":"EntryPoint","urlTemplate":"https:\/\/newgarden.es\/?s={search_term_string}"},"query-input":{"@type":"PropertyValueSpecification","valueRequired":true,"valueName":"search_term_string"}}],"inLanguage":"de"}]}},"df_price":21,"df_sale_price":"","df_regular_price":21,"df_image_link":"https:\/\/newgarden.es\/wp-content\/uploads\/2022\/03\/CANDY_BATTERY_1200X1200-1-580x400.jpg","_links":{"self":[{"href":"https:\/\/newgarden.es\/de\/wp-json\/wp\/v2\/product\/42173"}],"collection":[{"href":"https:\/\/newgarden.es\/de\/wp-json\/wp\/v2\/product"}],"about":[{"href":"https:\/\/newgarden.es\/de\/wp-json\/wp\/v2\/types\/product"}],"wp:featuredmedia":[{"embeddable":true,"href":"https:\/\/newgarden.es\/de\/wp-json\/wp\/v2\/media\/61148"}],"wp:attachment":[{"href":"https:\/\/newgarden.es\/de\/wp-json\/wp\/v2\/media?parent=42173"}],"wp:term":[{"taxonomy":"product_cat","embeddable":true,"href":"https:\/\/newgarden.es\/de\/wp-json\/wp\/v2\/product_cat?post=42173"},{"taxonomy":"product_tag","embeddable":true,"href":"https:\/\/newgarden.es\/de\/wp-json\/wp\/v2\/product_tag?post=42173"}],"curies":[{"name":"wp","href":"https:\/\/api.w.org\/{rel}","templated":true}]}}