{"id":42388,"date":"2022-03-10T14:29:38","date_gmt":"2022-03-10T13:29:41","guid":{"rendered":"https:\/\/newgarden.es\/?post_type=product&#038;p=42388"},"modified":"2024-06-13T11:16:39","modified_gmt":"2024-06-13T09:16:39","slug":"magnolia-160-light","status":"publish","type":"product","link":"https:\/\/newgarden.es\/de\/shop\/blumentopfs\/blumentopfs-mit-beleuchtung\/magnolia-160-light\/","title":{"rendered":"Gro\u00dfer Topf  MAGNOLIA 160 CM LICHT"},"content":{"rendered":"<section class=\"wpb-content-wrapper\"><p>[vc_row][vc_column el_class=&#8221;descripcion_producto&#8221;][vc_column_text]<\/p>\n<p style=\"text-align: justify;\">MAGNOLIA\u00a0 es considerado uno de los maceteros estrella de la colecci\u00f3n de jard\u00edn de Newgarden. Su gran variedad de acabados, tama\u00f1os y colores hacen de \u00e9l un indispensable dentro de la gama de maceteros redondos.<\/p>\n<p>MAGNOLIA gilt als einer der Star-Pflanzk\u00fcbel der Newgarden-Gartenkollektion. Seine gro\u00dfe Vielfalt an Ausf\u00fchrungen, Gr\u00f6\u00dfen und Farben machen ihn zu einem unverzichtbaren Bestandteil des Sortiments an runden Pflanzgef\u00e4\u00dfen.<\/p>\n<p>Magnolia 160 eignet sich aufgrund seines Designs, seiner Gr\u00f6\u00dfe und seiner Stabilit\u00e4t (er kann in voller Ausf\u00fchrung bis zu einer Tonne wiegen) ideal als Stadtm\u00f6bel. Ein praktischer und eleganter Ersatz f\u00fcr den Poller.<\/p>\n<p>Alle Newgarden-Produkte werden aus Polyethylen hergestellt und sind daher sehr widerstandsf\u00e4hig gegen extreme Temperaturen. Sie sind au\u00dferdem UV-gesch\u00fctzt, was die Lebensdauer des Produkts au\u00dferordentlich hoch h\u00e4lt.<\/p>\n<p style=\"text-align: justify;\"><em> \u00a0<\/em><\/p>\n<ul class=\"tablaTech\">\n<li>\n<div class=\"boxContents no-border\">\n<div class=\"name\"><strong>GR\u00d6SSE<\/strong><\/div>\n<div class=\"data\">\u00f8160 x 152 cm<\/div>\n<\/div>\n<\/li>\n<li>\n<div class=\"boxContents no-border\">\n<div class=\"name\"><b>PFLANZVOLUMEN<\/b><\/div>\n<div class=\"data\">644 litros<\/div>\n<\/div>\n<\/li>\n<\/ul>\n<p>[\/vc_column_text][\/vc_column][\/vc_row][vc_row disable_element=&#8221;yes&#8221;][vc_column][vc_single_image image=&#8221;6566&#8243; img_size=&#8221;full&#8221;][\/vc_column][\/vc_row][vc_row][vc_column width=&#8221;1\/2&#8243;][vc_btn title=&#8221;Technisches Datenblatt&#8221; style=&#8221;custom&#8221; custom_background=&#8221;#009bc2&#8243; custom_text=&#8221;#ffffff&#8221; shape=&#8221;square&#8221; link=&#8221;url:https%3A%2F%2Fbit.ly%2F3xNX7Iz|target:%20_blank|&#8221; el_class=&#8221;btn_descargar_ficha&#8221;][vc_btn title=&#8221;FICHA T\u00c9CNICA SOLAR BATT&#8221; style=&#8221;custom&#8221; custom_background=&#8221;#009bc2&#8243; custom_text=&#8221;#ffffff&#8221; shape=&#8221;square&#8221; link=&#8221;url:https%3A%2F%2Fbit.ly%2F3HJzpSc|target:%20_blank|&#8221; el_class=&#8221;btn_descargar_ficha&#8221;][\/vc_column][vc_column width=&#8221;1\/2&#8243;][vc_btn title=&#8221;BEDIENUNGSANLEITUNG&#8221; style=&#8221;custom&#8221; custom_background=&#8221;#009bc2&#8243; custom_text=&#8221;#ffffff&#8221; shape=&#8221;square&#8221; link=&#8221;url:https%3A%2F%2Fbit.ly%2F3zpysuO|target:%20_blank|&#8221; el_class=&#8221;btn_descargar_ficha&#8221;][vc_btn title=&#8221;MANUAL DE INSTRUCCIONES SOLAR BATT&#8221; style=&#8221;custom&#8221; custom_background=&#8221;#009bc2&#8243; custom_text=&#8221;#ffffff&#8221; shape=&#8221;square&#8221; link=&#8221;url:https%3A%2F%2Fbit.ly%2F3zlbkxo|target:%20_blank|&#8221; el_class=&#8221;btn_descargar_ficha&#8221;][\/vc_column][\/vc_row]<\/p>\n<\/section>","protected":false},"excerpt":{"rendered":"<h1 style=\"font-size: 12px;\">Magnolia Rund Outdoor-Blumentopf mit Licht<\/h1>\n","protected":false},"featured_media":58878,"template":"","meta":[],"product_cat":[783,784,1594],"product_tag":[793,765,789],"class_list":{"0":"post-42388","1":"product","2":"type-product","3":"status-publish","4":"has-post-thumbnail","6":"product_cat-blumentopfs","7":"product_cat-blumentopfs-mit-beleuchtung","8":"product_cat-runde-blumentopfs","9":"product_tag-drahtlose","10":"product_tag-kabel","11":"product_tag-solar-de","13":"first","14":"instock","15":"taxable","16":"shipping-taxable","17":"purchasable","18":"product-type-variable"},"yoast_head":"<!-- This site is optimized with the Yoast SEO plugin v24.2 - https:\/\/yoast.com\/wordpress\/plugins\/seo\/ -->\n<title>MAGNOLIA Planter rund mit LED-Beleuchtung f\u00fcr den Au\u00dfenbereich und Garten<\/title>\n<meta name=\"description\" content=\"Macetero Magnolia ist eine der Blument\u00f6pfe Star Collection Newgarden Garten. Die breite Vielfalt von Beleuchtungs Oberfl\u00e4chen und Farben macht es f\u00fcr jeden\" \/>\n<meta name=\"robots\" content=\"index, follow, max-snippet:-1, max-image-preview:large, max-video-preview:-1\" \/>\n<link rel=\"canonical\" href=\"https:\/\/newgarden.es\/de\/shop\/blumentopfs\/blumentopfs-mit-beleuchtung\/magnolia-160-light\/\" \/>\n<meta property=\"og:locale\" content=\"de_DE\" \/>\n<meta property=\"og:type\" content=\"article\" \/>\n<meta property=\"og:title\" content=\"MAGNOLIA Planter rund mit LED-Beleuchtung f\u00fcr den Au\u00dfenbereich und Garten\" \/>\n<meta property=\"og:description\" content=\"Macetero Magnolia ist eine der Blument\u00f6pfe Star Collection Newgarden Garten. Die breite Vielfalt von Beleuchtungs Oberfl\u00e4chen und Farben macht es f\u00fcr jeden\" \/>\n<meta property=\"og:url\" content=\"https:\/\/newgarden.es\/de\/shop\/blumentopfs\/blumentopfs-mit-beleuchtung\/magnolia-160-light\/\" \/>\n<meta property=\"og:site_name\" content=\"Newgarden\" \/>\n<meta property=\"article:modified_time\" content=\"2024-06-13T09:16:39+00:00\" \/>\n<meta property=\"og:image\" content=\"https:\/\/newgarden.es\/wp-content\/uploads\/2022\/03\/MAGNOLIA_160_1200X1200-1.jpg\" \/>\n\t<meta property=\"og:image:width\" content=\"1200\" \/>\n\t<meta property=\"og:image:height\" content=\"1200\" \/>\n\t<meta property=\"og:image:type\" content=\"image\/jpeg\" \/>\n<meta name=\"twitter:card\" content=\"summary_large_image\" \/>\n<meta name=\"twitter:label1\" content=\"Gesch\u00e4tzte Lesezeit\" \/>\n\t<meta name=\"twitter:data1\" content=\"2\u00a0Minuten\" \/>\n<script type=\"application\/ld+json\" class=\"yoast-schema-graph\">{\"@context\":\"https:\/\/schema.org\",\"@graph\":[{\"@type\":\"WebPage\",\"@id\":\"https:\/\/newgarden.es\/de\/shop\/blumentopfs\/blumentopfs-mit-beleuchtung\/magnolia-160-light\/\",\"url\":\"https:\/\/newgarden.es\/de\/shop\/blumentopfs\/blumentopfs-mit-beleuchtung\/magnolia-160-light\/\",\"name\":\"MAGNOLIA Planter rund mit LED-Beleuchtung f\u00fcr den Au\u00dfenbereich und Garten\",\"isPartOf\":{\"@id\":\"https:\/\/newgarden.es\/#website\"},\"primaryImageOfPage\":{\"@id\":\"https:\/\/newgarden.es\/de\/shop\/blumentopfs\/blumentopfs-mit-beleuchtung\/magnolia-160-light\/#primaryimage\"},\"image\":{\"@id\":\"https:\/\/newgarden.es\/de\/shop\/blumentopfs\/blumentopfs-mit-beleuchtung\/magnolia-160-light\/#primaryimage\"},\"thumbnailUrl\":\"https:\/\/newgarden.es\/wp-content\/uploads\/2022\/03\/MAGNOLIA_160_1200X1200-1.jpg\",\"datePublished\":\"2022-03-10T13:29:41+00:00\",\"dateModified\":\"2024-06-13T09:16:39+00:00\",\"description\":\"Macetero Magnolia ist eine der Blument\u00f6pfe Star Collection Newgarden Garten. Die breite Vielfalt von Beleuchtungs Oberfl\u00e4chen und Farben macht es f\u00fcr jeden\",\"breadcrumb\":{\"@id\":\"https:\/\/newgarden.es\/de\/shop\/blumentopfs\/blumentopfs-mit-beleuchtung\/magnolia-160-light\/#breadcrumb\"},\"inLanguage\":\"de\",\"potentialAction\":[{\"@type\":\"ReadAction\",\"target\":[\"https:\/\/newgarden.es\/de\/shop\/blumentopfs\/blumentopfs-mit-beleuchtung\/magnolia-160-light\/\"]}]},{\"@type\":\"ImageObject\",\"inLanguage\":\"de\",\"@id\":\"https:\/\/newgarden.es\/de\/shop\/blumentopfs\/blumentopfs-mit-beleuchtung\/magnolia-160-light\/#primaryimage\",\"url\":\"https:\/\/newgarden.es\/wp-content\/uploads\/2022\/03\/MAGNOLIA_160_1200X1200-1.jpg\",\"contentUrl\":\"https:\/\/newgarden.es\/wp-content\/uploads\/2022\/03\/MAGNOLIA_160_1200X1200-1.jpg\",\"width\":1200,\"height\":1200},{\"@type\":\"BreadcrumbList\",\"@id\":\"https:\/\/newgarden.es\/de\/shop\/blumentopfs\/blumentopfs-mit-beleuchtung\/magnolia-160-light\/#breadcrumb\",\"itemListElement\":[{\"@type\":\"ListItem\",\"position\":1,\"name\":\"Home\",\"item\":\"https:\/\/newgarden.es\/de\/\"},{\"@type\":\"ListItem\",\"position\":2,\"name\":\"Shop\",\"item\":\"https:\/\/newgarden.es\/de\/shop\/\"},{\"@type\":\"ListItem\",\"position\":3,\"name\":\"Gro\u00dfer Topf MAGNOLIA 160 CM LICHT\"}]},{\"@type\":\"WebSite\",\"@id\":\"https:\/\/newgarden.es\/#website\",\"url\":\"https:\/\/newgarden.es\/\",\"name\":\"Newgarden\",\"description\":\"Be happy\",\"potentialAction\":[{\"@type\":\"SearchAction\",\"target\":{\"@type\":\"EntryPoint\",\"urlTemplate\":\"https:\/\/newgarden.es\/?s={search_term_string}\"},\"query-input\":{\"@type\":\"PropertyValueSpecification\",\"valueRequired\":true,\"valueName\":\"search_term_string\"}}],\"inLanguage\":\"de\"}]}<\/script>\n<!-- \/ Yoast SEO plugin. -->","yoast_head_json":{"title":"MAGNOLIA Planter rund mit LED-Beleuchtung f\u00fcr den Au\u00dfenbereich und Garten","description":"Macetero Magnolia ist eine der Blument\u00f6pfe Star Collection Newgarden Garten. Die breite Vielfalt von Beleuchtungs Oberfl\u00e4chen und Farben macht es f\u00fcr jeden","robots":{"index":"index","follow":"follow","max-snippet":"max-snippet:-1","max-image-preview":"max-image-preview:large","max-video-preview":"max-video-preview:-1"},"canonical":"https:\/\/newgarden.es\/de\/shop\/blumentopfs\/blumentopfs-mit-beleuchtung\/magnolia-160-light\/","og_locale":"de_DE","og_type":"article","og_title":"MAGNOLIA Planter rund mit LED-Beleuchtung f\u00fcr den Au\u00dfenbereich und Garten","og_description":"Macetero Magnolia ist eine der Blument\u00f6pfe Star Collection Newgarden Garten. Die breite Vielfalt von Beleuchtungs Oberfl\u00e4chen und Farben macht es f\u00fcr jeden","og_url":"https:\/\/newgarden.es\/de\/shop\/blumentopfs\/blumentopfs-mit-beleuchtung\/magnolia-160-light\/","og_site_name":"Newgarden","article_modified_time":"2024-06-13T09:16:39+00:00","og_image":[{"width":1200,"height":1200,"url":"https:\/\/newgarden.es\/wp-content\/uploads\/2022\/03\/MAGNOLIA_160_1200X1200-1.jpg","type":"image\/jpeg"}],"twitter_card":"summary_large_image","twitter_misc":{"Gesch\u00e4tzte Lesezeit":"2\u00a0Minuten"},"schema":{"@context":"https:\/\/schema.org","@graph":[{"@type":"WebPage","@id":"https:\/\/newgarden.es\/de\/shop\/blumentopfs\/blumentopfs-mit-beleuchtung\/magnolia-160-light\/","url":"https:\/\/newgarden.es\/de\/shop\/blumentopfs\/blumentopfs-mit-beleuchtung\/magnolia-160-light\/","name":"MAGNOLIA Planter rund mit LED-Beleuchtung f\u00fcr den Au\u00dfenbereich und Garten","isPartOf":{"@id":"https:\/\/newgarden.es\/#website"},"primaryImageOfPage":{"@id":"https:\/\/newgarden.es\/de\/shop\/blumentopfs\/blumentopfs-mit-beleuchtung\/magnolia-160-light\/#primaryimage"},"image":{"@id":"https:\/\/newgarden.es\/de\/shop\/blumentopfs\/blumentopfs-mit-beleuchtung\/magnolia-160-light\/#primaryimage"},"thumbnailUrl":"https:\/\/newgarden.es\/wp-content\/uploads\/2022\/03\/MAGNOLIA_160_1200X1200-1.jpg","datePublished":"2022-03-10T13:29:41+00:00","dateModified":"2024-06-13T09:16:39+00:00","description":"Macetero Magnolia ist eine der Blument\u00f6pfe Star Collection Newgarden Garten. Die breite Vielfalt von Beleuchtungs Oberfl\u00e4chen und Farben macht es f\u00fcr jeden","breadcrumb":{"@id":"https:\/\/newgarden.es\/de\/shop\/blumentopfs\/blumentopfs-mit-beleuchtung\/magnolia-160-light\/#breadcrumb"},"inLanguage":"de","potentialAction":[{"@type":"ReadAction","target":["https:\/\/newgarden.es\/de\/shop\/blumentopfs\/blumentopfs-mit-beleuchtung\/magnolia-160-light\/"]}]},{"@type":"ImageObject","inLanguage":"de","@id":"https:\/\/newgarden.es\/de\/shop\/blumentopfs\/blumentopfs-mit-beleuchtung\/magnolia-160-light\/#primaryimage","url":"https:\/\/newgarden.es\/wp-content\/uploads\/2022\/03\/MAGNOLIA_160_1200X1200-1.jpg","contentUrl":"https:\/\/newgarden.es\/wp-content\/uploads\/2022\/03\/MAGNOLIA_160_1200X1200-1.jpg","width":1200,"height":1200},{"@type":"BreadcrumbList","@id":"https:\/\/newgarden.es\/de\/shop\/blumentopfs\/blumentopfs-mit-beleuchtung\/magnolia-160-light\/#breadcrumb","itemListElement":[{"@type":"ListItem","position":1,"name":"Home","item":"https:\/\/newgarden.es\/de\/"},{"@type":"ListItem","position":2,"name":"Shop","item":"https:\/\/newgarden.es\/de\/shop\/"},{"@type":"ListItem","position":3,"name":"Gro\u00dfer Topf MAGNOLIA 160 CM LICHT"}]},{"@type":"WebSite","@id":"https:\/\/newgarden.es\/#website","url":"https:\/\/newgarden.es\/","name":"Newgarden","description":"Be happy","potentialAction":[{"@type":"SearchAction","target":{"@type":"EntryPoint","urlTemplate":"https:\/\/newgarden.es\/?s={search_term_string}"},"query-input":{"@type":"PropertyValueSpecification","valueRequired":true,"valueName":"search_term_string"}}],"inLanguage":"de"}]}},"df_price":2004.8,"df_sale_price":"","df_regular_price":2004.8,"df_image_link":"https:\/\/newgarden.es\/wp-content\/uploads\/2022\/03\/MAGNOLIA_160_1200X1200-1-580x400.jpg","_links":{"self":[{"href":"https:\/\/newgarden.es\/de\/wp-json\/wp\/v2\/product\/42388"}],"collection":[{"href":"https:\/\/newgarden.es\/de\/wp-json\/wp\/v2\/product"}],"about":[{"href":"https:\/\/newgarden.es\/de\/wp-json\/wp\/v2\/types\/product"}],"wp:featuredmedia":[{"embeddable":true,"href":"https:\/\/newgarden.es\/de\/wp-json\/wp\/v2\/media\/58878"}],"wp:attachment":[{"href":"https:\/\/newgarden.es\/de\/wp-json\/wp\/v2\/media?parent=42388"}],"wp:term":[{"taxonomy":"product_cat","embeddable":true,"href":"https:\/\/newgarden.es\/de\/wp-json\/wp\/v2\/product_cat?post=42388"},{"taxonomy":"product_tag","embeddable":true,"href":"https:\/\/newgarden.es\/de\/wp-json\/wp\/v2\/product_tag?post=42388"}],"curies":[{"name":"wp","href":"https:\/\/api.w.org\/{rel}","templated":true}]}}