{"id":42419,"date":"2022-03-10T14:57:40","date_gmt":"2022-03-10T13:57:43","guid":{"rendered":"https:\/\/newgarden.es\/?post_type=product&#038;p=42419"},"modified":"2024-06-13T11:42:35","modified_gmt":"2024-06-13T09:42:35","slug":"magnolia-160-color","status":"publish","type":"product","link":"https:\/\/newgarden.es\/de\/shop\/blumentopfs\/blumentopfs-ohne-beleuchtung\/magnolia-160-color\/","title":{"rendered":"GRO\u00dfER TOPF MAGNOLIA 160 CM FARBE"},"content":{"rendered":"<section class=\"wpb-content-wrapper\"><p>[vc_row][vc_column el_class=&#8220;descripcion_producto&#8220;][vc_column_text]<br \/>\n<strong>RIESEN-PFLANZGEF\u00c4SS IN DER FARBE MAGNOLIE 160<\/strong><\/p>\n<p>*<strong> MAGNOLIA<\/strong> gilt als einer der Star-Pflanzk\u00fcbel der Newgarden-Gartenkollektion. Seine gro\u00dfe Vielfalt an Ausf\u00fchrungen, Gr\u00f6\u00dfen und Farben machen ihn zu einem Muss in der Palette der runden Pflanzgef\u00e4\u00dfe.<\/p>\n<p>Magnolia 160 eignet sich aufgrund seines Designs, seiner Gr\u00f6\u00dfe und seiner Stabilit\u00e4t (er kann in voller Ausf\u00fchrung bis zu einer Tonne wiegen) f\u00fcr Stadtm\u00f6bel. Ein praktischer und eleganter Ersatz f\u00fcr den Poller.<\/p>\n<p>Alle Newgarden-Produkte bestehen aus Polyethylen und sind daher sehr widerstandsf\u00e4hig gegen extreme Temperaturen. Sie sind au\u00dferdem gegen UV-Strahlen gesch\u00fctzt, was die Lebensdauer des Produkts au\u00dferordentlich verl\u00e4ngert.<br \/>\n[\/vc_column_text][\/vc_column][\/vc_row][vc_row disable_element=&#8220;yes&#8220;][vc_column][vc_single_image image=&#8220;6566&#8243; img_size=&#8220;full&#8220;][\/vc_column][\/vc_row][vc_row][vc_column width=&#8220;1\/2&#8243;][vc_btn title=&#8220;Technisches Datenblatt&#8220; style=&#8220;custom&#8220; custom_background=&#8220;#009bc2&#8243; custom_text=&#8220;#ffffff&#8220; shape=&#8220;square&#8220; link=&#8220;url:https%3A%2F%2Fbit.ly%2F39JGNAK|target:%20_blank|&#8220; el_class=&#8220;btn_descargar_ficha&#8220;][\/vc_column][vc_column width=&#8220;1\/2&#8243;][\/vc_column][\/vc_row]<\/p>\n<\/section>","protected":false},"excerpt":{"rendered":"<h5 style=\"font-size: 12px;\"><strong>Magnolia 160 Outdoor-Pflanztopf<\/strong><\/h5>\n","protected":false},"featured_media":60756,"template":"","meta":[],"product_cat":[783,806,1594],"product_tag":[],"class_list":{"0":"post-42419","1":"product","2":"type-product","3":"status-publish","4":"has-post-thumbnail","6":"product_cat-blumentopfs","7":"product_cat-blumentopfs-ohne-beleuchtung","8":"product_cat-runde-blumentopfs","10":"first","11":"instock","12":"taxable","13":"shipping-taxable","14":"purchasable","15":"product-type-variable"},"yoast_head":"<!-- This site is optimized with the Yoast SEO plugin v24.2 - https:\/\/yoast.com\/wordpress\/plugins\/seo\/ -->\n<title>MAGNOLIA 160 COLOR BLUMENT\u00d6PFE GARTEN<\/title>\n<meta name=\"description\" content=\"Magnolia 160 (\u00f8160x152 cm) gilt als einer der Star-Pflanzer in der Newgarden Garden Collection. Seine gro\u00dfe Auswahl an Oberfl\u00e4chen, Gr\u00f6\u00dfen und Farben macht\" \/>\n<meta name=\"robots\" content=\"index, follow, max-snippet:-1, max-image-preview:large, max-video-preview:-1\" \/>\n<link rel=\"canonical\" href=\"https:\/\/newgarden.es\/de\/shop\/blumentopfs\/blumentopfs-ohne-beleuchtung\/magnolia-160-color\/\" \/>\n<meta property=\"og:locale\" content=\"de_DE\" \/>\n<meta property=\"og:type\" content=\"article\" \/>\n<meta property=\"og:title\" content=\"MAGNOLIA 160 COLOR BLUMENT\u00d6PFE GARTEN\" \/>\n<meta property=\"og:description\" content=\"Magnolia 160 (\u00f8160x152 cm) gilt als einer der Star-Pflanzer in der Newgarden Garden Collection. Seine gro\u00dfe Auswahl an Oberfl\u00e4chen, Gr\u00f6\u00dfen und Farben macht\" \/>\n<meta property=\"og:url\" content=\"https:\/\/newgarden.es\/de\/shop\/blumentopfs\/blumentopfs-ohne-beleuchtung\/magnolia-160-color\/\" \/>\n<meta property=\"og:site_name\" content=\"Newgarden\" \/>\n<meta property=\"article:modified_time\" content=\"2024-06-13T09:42:35+00:00\" \/>\n<meta property=\"og:image\" content=\"https:\/\/newgarden.es\/wp-content\/uploads\/2022\/03\/MAGNOLIA_160_1200X1200-11.jpg\" \/>\n\t<meta property=\"og:image:width\" content=\"1200\" \/>\n\t<meta property=\"og:image:height\" content=\"1200\" \/>\n\t<meta property=\"og:image:type\" content=\"image\/jpeg\" \/>\n<meta name=\"twitter:card\" content=\"summary_large_image\" \/>\n<meta name=\"twitter:label1\" content=\"Gesch\u00e4tzte Lesezeit\" \/>\n\t<meta name=\"twitter:data1\" content=\"1\u00a0Minute\" \/>\n<script type=\"application\/ld+json\" class=\"yoast-schema-graph\">{\"@context\":\"https:\/\/schema.org\",\"@graph\":[{\"@type\":\"WebPage\",\"@id\":\"https:\/\/newgarden.es\/de\/shop\/blumentopfs\/blumentopfs-ohne-beleuchtung\/magnolia-160-color\/\",\"url\":\"https:\/\/newgarden.es\/de\/shop\/blumentopfs\/blumentopfs-ohne-beleuchtung\/magnolia-160-color\/\",\"name\":\"MAGNOLIA 160 COLOR BLUMENT\u00d6PFE GARTEN\",\"isPartOf\":{\"@id\":\"https:\/\/newgarden.es\/#website\"},\"primaryImageOfPage\":{\"@id\":\"https:\/\/newgarden.es\/de\/shop\/blumentopfs\/blumentopfs-ohne-beleuchtung\/magnolia-160-color\/#primaryimage\"},\"image\":{\"@id\":\"https:\/\/newgarden.es\/de\/shop\/blumentopfs\/blumentopfs-ohne-beleuchtung\/magnolia-160-color\/#primaryimage\"},\"thumbnailUrl\":\"https:\/\/newgarden.es\/wp-content\/uploads\/2022\/03\/MAGNOLIA_160_1200X1200-11.jpg\",\"datePublished\":\"2022-03-10T13:57:43+00:00\",\"dateModified\":\"2024-06-13T09:42:35+00:00\",\"description\":\"Magnolia 160 (\u00f8160x152 cm) gilt als einer der Star-Pflanzer in der Newgarden Garden Collection. Seine gro\u00dfe Auswahl an Oberfl\u00e4chen, Gr\u00f6\u00dfen und Farben macht\",\"breadcrumb\":{\"@id\":\"https:\/\/newgarden.es\/de\/shop\/blumentopfs\/blumentopfs-ohne-beleuchtung\/magnolia-160-color\/#breadcrumb\"},\"inLanguage\":\"de\",\"potentialAction\":[{\"@type\":\"ReadAction\",\"target\":[\"https:\/\/newgarden.es\/de\/shop\/blumentopfs\/blumentopfs-ohne-beleuchtung\/magnolia-160-color\/\"]}]},{\"@type\":\"ImageObject\",\"inLanguage\":\"de\",\"@id\":\"https:\/\/newgarden.es\/de\/shop\/blumentopfs\/blumentopfs-ohne-beleuchtung\/magnolia-160-color\/#primaryimage\",\"url\":\"https:\/\/newgarden.es\/wp-content\/uploads\/2022\/03\/MAGNOLIA_160_1200X1200-11.jpg\",\"contentUrl\":\"https:\/\/newgarden.es\/wp-content\/uploads\/2022\/03\/MAGNOLIA_160_1200X1200-11.jpg\",\"width\":1200,\"height\":1200},{\"@type\":\"BreadcrumbList\",\"@id\":\"https:\/\/newgarden.es\/de\/shop\/blumentopfs\/blumentopfs-ohne-beleuchtung\/magnolia-160-color\/#breadcrumb\",\"itemListElement\":[{\"@type\":\"ListItem\",\"position\":1,\"name\":\"Home\",\"item\":\"https:\/\/newgarden.es\/de\/\"},{\"@type\":\"ListItem\",\"position\":2,\"name\":\"Shop\",\"item\":\"https:\/\/newgarden.es\/de\/shop\/\"},{\"@type\":\"ListItem\",\"position\":3,\"name\":\"GRO\u00dfER TOPF MAGNOLIA 160 CM FARBE\"}]},{\"@type\":\"WebSite\",\"@id\":\"https:\/\/newgarden.es\/#website\",\"url\":\"https:\/\/newgarden.es\/\",\"name\":\"Newgarden\",\"description\":\"Be happy\",\"potentialAction\":[{\"@type\":\"SearchAction\",\"target\":{\"@type\":\"EntryPoint\",\"urlTemplate\":\"https:\/\/newgarden.es\/?s={search_term_string}\"},\"query-input\":{\"@type\":\"PropertyValueSpecification\",\"valueRequired\":true,\"valueName\":\"search_term_string\"}}],\"inLanguage\":\"de\"}]}<\/script>\n<!-- \/ Yoast SEO plugin. -->","yoast_head_json":{"title":"MAGNOLIA 160 COLOR BLUMENT\u00d6PFE GARTEN","description":"Magnolia 160 (\u00f8160x152 cm) gilt als einer der Star-Pflanzer in der Newgarden Garden Collection. Seine gro\u00dfe Auswahl an Oberfl\u00e4chen, Gr\u00f6\u00dfen und Farben macht","robots":{"index":"index","follow":"follow","max-snippet":"max-snippet:-1","max-image-preview":"max-image-preview:large","max-video-preview":"max-video-preview:-1"},"canonical":"https:\/\/newgarden.es\/de\/shop\/blumentopfs\/blumentopfs-ohne-beleuchtung\/magnolia-160-color\/","og_locale":"de_DE","og_type":"article","og_title":"MAGNOLIA 160 COLOR BLUMENT\u00d6PFE GARTEN","og_description":"Magnolia 160 (\u00f8160x152 cm) gilt als einer der Star-Pflanzer in der Newgarden Garden Collection. Seine gro\u00dfe Auswahl an Oberfl\u00e4chen, Gr\u00f6\u00dfen und Farben macht","og_url":"https:\/\/newgarden.es\/de\/shop\/blumentopfs\/blumentopfs-ohne-beleuchtung\/magnolia-160-color\/","og_site_name":"Newgarden","article_modified_time":"2024-06-13T09:42:35+00:00","og_image":[{"width":1200,"height":1200,"url":"https:\/\/newgarden.es\/wp-content\/uploads\/2022\/03\/MAGNOLIA_160_1200X1200-11.jpg","type":"image\/jpeg"}],"twitter_card":"summary_large_image","twitter_misc":{"Gesch\u00e4tzte Lesezeit":"1\u00a0Minute"},"schema":{"@context":"https:\/\/schema.org","@graph":[{"@type":"WebPage","@id":"https:\/\/newgarden.es\/de\/shop\/blumentopfs\/blumentopfs-ohne-beleuchtung\/magnolia-160-color\/","url":"https:\/\/newgarden.es\/de\/shop\/blumentopfs\/blumentopfs-ohne-beleuchtung\/magnolia-160-color\/","name":"MAGNOLIA 160 COLOR BLUMENT\u00d6PFE GARTEN","isPartOf":{"@id":"https:\/\/newgarden.es\/#website"},"primaryImageOfPage":{"@id":"https:\/\/newgarden.es\/de\/shop\/blumentopfs\/blumentopfs-ohne-beleuchtung\/magnolia-160-color\/#primaryimage"},"image":{"@id":"https:\/\/newgarden.es\/de\/shop\/blumentopfs\/blumentopfs-ohne-beleuchtung\/magnolia-160-color\/#primaryimage"},"thumbnailUrl":"https:\/\/newgarden.es\/wp-content\/uploads\/2022\/03\/MAGNOLIA_160_1200X1200-11.jpg","datePublished":"2022-03-10T13:57:43+00:00","dateModified":"2024-06-13T09:42:35+00:00","description":"Magnolia 160 (\u00f8160x152 cm) gilt als einer der Star-Pflanzer in der Newgarden Garden Collection. Seine gro\u00dfe Auswahl an Oberfl\u00e4chen, Gr\u00f6\u00dfen und Farben macht","breadcrumb":{"@id":"https:\/\/newgarden.es\/de\/shop\/blumentopfs\/blumentopfs-ohne-beleuchtung\/magnolia-160-color\/#breadcrumb"},"inLanguage":"de","potentialAction":[{"@type":"ReadAction","target":["https:\/\/newgarden.es\/de\/shop\/blumentopfs\/blumentopfs-ohne-beleuchtung\/magnolia-160-color\/"]}]},{"@type":"ImageObject","inLanguage":"de","@id":"https:\/\/newgarden.es\/de\/shop\/blumentopfs\/blumentopfs-ohne-beleuchtung\/magnolia-160-color\/#primaryimage","url":"https:\/\/newgarden.es\/wp-content\/uploads\/2022\/03\/MAGNOLIA_160_1200X1200-11.jpg","contentUrl":"https:\/\/newgarden.es\/wp-content\/uploads\/2022\/03\/MAGNOLIA_160_1200X1200-11.jpg","width":1200,"height":1200},{"@type":"BreadcrumbList","@id":"https:\/\/newgarden.es\/de\/shop\/blumentopfs\/blumentopfs-ohne-beleuchtung\/magnolia-160-color\/#breadcrumb","itemListElement":[{"@type":"ListItem","position":1,"name":"Home","item":"https:\/\/newgarden.es\/de\/"},{"@type":"ListItem","position":2,"name":"Shop","item":"https:\/\/newgarden.es\/de\/shop\/"},{"@type":"ListItem","position":3,"name":"GRO\u00dfER TOPF MAGNOLIA 160 CM FARBE"}]},{"@type":"WebSite","@id":"https:\/\/newgarden.es\/#website","url":"https:\/\/newgarden.es\/","name":"Newgarden","description":"Be happy","potentialAction":[{"@type":"SearchAction","target":{"@type":"EntryPoint","urlTemplate":"https:\/\/newgarden.es\/?s={search_term_string}"},"query-input":{"@type":"PropertyValueSpecification","valueRequired":true,"valueName":"search_term_string"}}],"inLanguage":"de"}]}},"df_price":1534.4,"df_sale_price":"","df_regular_price":1534.4,"df_image_link":"https:\/\/newgarden.es\/wp-content\/uploads\/2022\/03\/MAGNOLIA_160_1200X1200-11-580x400.jpg","_links":{"self":[{"href":"https:\/\/newgarden.es\/de\/wp-json\/wp\/v2\/product\/42419"}],"collection":[{"href":"https:\/\/newgarden.es\/de\/wp-json\/wp\/v2\/product"}],"about":[{"href":"https:\/\/newgarden.es\/de\/wp-json\/wp\/v2\/types\/product"}],"wp:featuredmedia":[{"embeddable":true,"href":"https:\/\/newgarden.es\/de\/wp-json\/wp\/v2\/media\/60756"}],"wp:attachment":[{"href":"https:\/\/newgarden.es\/de\/wp-json\/wp\/v2\/media?parent=42419"}],"wp:term":[{"taxonomy":"product_cat","embeddable":true,"href":"https:\/\/newgarden.es\/de\/wp-json\/wp\/v2\/product_cat?post=42419"},{"taxonomy":"product_tag","embeddable":true,"href":"https:\/\/newgarden.es\/de\/wp-json\/wp\/v2\/product_tag?post=42419"}],"curies":[{"name":"wp","href":"https:\/\/api.w.org\/{rel}","templated":true}]}}