{"id":42675,"date":"2022-03-14T14:34:08","date_gmt":"2022-03-14T13:34:09","guid":{"rendered":"https:\/\/newgarden.es\/?post_type=product&#038;p=42675"},"modified":"2024-05-27T10:42:57","modified_gmt":"2024-05-27T08:42:57","slug":"hiama-solar-gartenspiesse-mit-feuereffekt","status":"publish","type":"product","link":"https:\/\/newgarden.es\/de\/shop\/lightdeco-de\/tragbares\/hiama-solar-gartenspiesse-mit-feuereffekt\/","title":{"rendered":"HIAMA SOLAR GARTEN SPIKE MIT FEUER EFFEKT (24 ST\u00dcCK)"},"content":{"rendered":"<section class=\"wpb-content-wrapper\"><p>[vc_row][vc_column][vc_column_text][\/vc_column_text][\/vc_column][\/vc_row][vc_row][vc_column][vc_column_text]HIAMA\u00a0es una pica para el jard\u00edn con carga solar. Est\u00e1 fabricada\u00a0artesanalmente en bamb\u00fa natural y tiene un modulo LED con placa\u00a0solar en la parte superior para su carga. Col\u00f3cala en zonas de paso, junto a la piscina o incluso en un macetero, la versatilidad de esta pica solar es ilimitada. Con su sensor crepuscular podr\u00e1s olvidarte de encenderla o apagarla,\u00a0ya que cuando detecte que la luz del sol disminuya se encender\u00e1 autom\u00e1ticamente. EL efecto fuego\/llama es tan realista que quedar\u00e1s asombrado.<\/p>\n<p>1 cantidad de compra =\u00a0 24 unidades HIAMA (pack)<\/p>\n<p><strong>TAMA\u00d1O<\/strong><\/p>\n<ul class=\"tablaTech\">\n<li>\n<div class=\"boxContents no-border\">\n<div class=\"data\">\u00f88,2 x\u00a0120 cm<\/div>\n<\/div>\n<\/li>\n<\/ul>\n<p>[\/vc_column_text][\/vc_column][\/vc_row][vc_row][vc_column width=&#8220;1\/2&#8243;][vc_btn title=&#8220;Technisches Datenblatt&#8220; style=&#8220;custom&#8220; custom_background=&#8220;#009bc2&#8243; custom_text=&#8220;#ffffff&#8220; shape=&#8220;square&#8220; el_class=&#8220;btn_descargar_ficha&#8220; link=&#8220;url:https%3A%2F%2Fbit.ly%2F3zXLstf|target:%20_blank|&#8220;][\/vc_column][vc_column width=&#8220;1\/2&#8243;][vc_btn title=&#8220;BEDIENUNGSANLEITUNG&#8220; style=&#8220;custom&#8220; custom_background=&#8220;#009bc2&#8243; custom_text=&#8220;#ffffff&#8220; shape=&#8220;square&#8220; el_class=&#8220;btn_descargar_ficha&#8220; link=&#8220;url:https%3A%2F%2Fbit.ly%2F3BI8YLE|target:%20_blank|&#8220;][\/vc_column][\/vc_row]<\/p>\n<\/section>","protected":false},"excerpt":{"rendered":"<p>[vc_row][vc_column][vc_column_text][\/vc_column_text][\/vc_column][\/vc_row][vc_row][vc_column][vc_column_text]HIAMA\u00a0es una pica para el jard\u00edn con carga solar. Est\u00e1 fabricada\u00a0artesanalmente en bamb\u00fa natural y tiene un modulo LED con placa\u00a0solar en la parte superior para su carga. Col\u00f3cala en<\/p>\n","protected":false},"featured_media":56847,"template":"","meta":[],"product_cat":[763,1581,826],"product_tag":[793,789],"class_list":{"0":"post-42675","1":"product","2":"type-product","3":"status-publish","4":"has-post-thumbnail","6":"product_cat-lightdeco-de","7":"product_cat-baken-und-stacheln","8":"product_cat-tragbares","9":"product_tag-drahtlose","10":"product_tag-solar-de","12":"first","13":"instock","14":"taxable","15":"shipping-taxable","16":"purchasable","17":"product-type-variable"},"yoast_head":"<!-- This site is optimized with the Yoast SEO plugin v24.2 - https:\/\/yoast.com\/wordpress\/plugins\/seo\/ -->\n<title>HIAMA SOLAR GARTEN SPIKE MIT FEUER EFFEKT (24 ST\u00dcCK) - Newgarden<\/title>\n<meta name=\"description\" content=\"HIAMA ist ein solarbetriebener Gartenspie\u00df. Sie ist aus nat\u00fcrlichem Bambus handgefertigt und verf\u00fcgt \u00fcber ein LED-Modul mit einem Solarpanel\" \/>\n<meta name=\"robots\" content=\"index, follow, max-snippet:-1, max-image-preview:large, max-video-preview:-1\" \/>\n<link rel=\"canonical\" href=\"https:\/\/newgarden.es\/de\/shop\/lightdeco-de\/tragbares\/hiama-solar-gartenspiesse-mit-feuereffekt\/\" \/>\n<meta property=\"og:locale\" content=\"de_DE\" \/>\n<meta property=\"og:type\" content=\"article\" \/>\n<meta property=\"og:title\" content=\"HIAMA SOLAR GARTEN SPIKE MIT FEUER EFFEKT (24 ST\u00dcCK) - Newgarden\" \/>\n<meta property=\"og:description\" content=\"HIAMA ist ein solarbetriebener Gartenspie\u00df. Sie ist aus nat\u00fcrlichem Bambus handgefertigt und verf\u00fcgt \u00fcber ein LED-Modul mit einem Solarpanel\" \/>\n<meta property=\"og:url\" content=\"https:\/\/newgarden.es\/de\/shop\/lightdeco-de\/tragbares\/hiama-solar-gartenspiesse-mit-feuereffekt\/\" \/>\n<meta property=\"og:site_name\" content=\"Newgarden\" \/>\n<meta property=\"article:modified_time\" content=\"2024-05-27T08:42:57+00:00\" \/>\n<meta property=\"og:image\" content=\"https:\/\/newgarden.es\/wp-content\/uploads\/2022\/03\/HIAMA_PICA_SOLAR_1200X1200-5.jpg\" \/>\n\t<meta property=\"og:image:width\" content=\"1200\" \/>\n\t<meta property=\"og:image:height\" content=\"1200\" \/>\n\t<meta property=\"og:image:type\" content=\"image\/jpeg\" \/>\n<meta name=\"twitter:card\" content=\"summary_large_image\" \/>\n<meta name=\"twitter:label1\" content=\"Gesch\u00e4tzte Lesezeit\" \/>\n\t<meta name=\"twitter:data1\" content=\"1\u00a0Minute\" \/>\n<script type=\"application\/ld+json\" class=\"yoast-schema-graph\">{\"@context\":\"https:\/\/schema.org\",\"@graph\":[{\"@type\":\"WebPage\",\"@id\":\"https:\/\/newgarden.es\/de\/shop\/lightdeco-de\/tragbares\/hiama-solar-gartenspiesse-mit-feuereffekt\/\",\"url\":\"https:\/\/newgarden.es\/de\/shop\/lightdeco-de\/tragbares\/hiama-solar-gartenspiesse-mit-feuereffekt\/\",\"name\":\"HIAMA SOLAR GARTEN SPIKE MIT FEUER EFFEKT (24 ST\u00dcCK) - Newgarden\",\"isPartOf\":{\"@id\":\"https:\/\/newgarden.es\/#website\"},\"primaryImageOfPage\":{\"@id\":\"https:\/\/newgarden.es\/de\/shop\/lightdeco-de\/tragbares\/hiama-solar-gartenspiesse-mit-feuereffekt\/#primaryimage\"},\"image\":{\"@id\":\"https:\/\/newgarden.es\/de\/shop\/lightdeco-de\/tragbares\/hiama-solar-gartenspiesse-mit-feuereffekt\/#primaryimage\"},\"thumbnailUrl\":\"https:\/\/newgarden.es\/wp-content\/uploads\/2022\/03\/HIAMA_PICA_SOLAR_1200X1200-5.jpg\",\"datePublished\":\"2022-03-14T13:34:09+00:00\",\"dateModified\":\"2024-05-27T08:42:57+00:00\",\"description\":\"HIAMA ist ein solarbetriebener Gartenspie\u00df. Sie ist aus nat\u00fcrlichem Bambus handgefertigt und verf\u00fcgt \u00fcber ein LED-Modul mit einem Solarpanel\",\"breadcrumb\":{\"@id\":\"https:\/\/newgarden.es\/de\/shop\/lightdeco-de\/tragbares\/hiama-solar-gartenspiesse-mit-feuereffekt\/#breadcrumb\"},\"inLanguage\":\"de\",\"potentialAction\":[{\"@type\":\"ReadAction\",\"target\":[\"https:\/\/newgarden.es\/de\/shop\/lightdeco-de\/tragbares\/hiama-solar-gartenspiesse-mit-feuereffekt\/\"]}]},{\"@type\":\"ImageObject\",\"inLanguage\":\"de\",\"@id\":\"https:\/\/newgarden.es\/de\/shop\/lightdeco-de\/tragbares\/hiama-solar-gartenspiesse-mit-feuereffekt\/#primaryimage\",\"url\":\"https:\/\/newgarden.es\/wp-content\/uploads\/2022\/03\/HIAMA_PICA_SOLAR_1200X1200-5.jpg\",\"contentUrl\":\"https:\/\/newgarden.es\/wp-content\/uploads\/2022\/03\/HIAMA_PICA_SOLAR_1200X1200-5.jpg\",\"width\":1200,\"height\":1200},{\"@type\":\"BreadcrumbList\",\"@id\":\"https:\/\/newgarden.es\/de\/shop\/lightdeco-de\/tragbares\/hiama-solar-gartenspiesse-mit-feuereffekt\/#breadcrumb\",\"itemListElement\":[{\"@type\":\"ListItem\",\"position\":1,\"name\":\"Home\",\"item\":\"https:\/\/newgarden.es\/de\/\"},{\"@type\":\"ListItem\",\"position\":2,\"name\":\"Shop\",\"item\":\"https:\/\/newgarden.es\/de\/shop\/\"},{\"@type\":\"ListItem\",\"position\":3,\"name\":\"HIAMA SOLAR GARTEN SPIKE MIT FEUER EFFEKT (24 ST\u00dcCK)\"}]},{\"@type\":\"WebSite\",\"@id\":\"https:\/\/newgarden.es\/#website\",\"url\":\"https:\/\/newgarden.es\/\",\"name\":\"Newgarden\",\"description\":\"Be happy\",\"potentialAction\":[{\"@type\":\"SearchAction\",\"target\":{\"@type\":\"EntryPoint\",\"urlTemplate\":\"https:\/\/newgarden.es\/?s={search_term_string}\"},\"query-input\":{\"@type\":\"PropertyValueSpecification\",\"valueRequired\":true,\"valueName\":\"search_term_string\"}}],\"inLanguage\":\"de\"}]}<\/script>\n<!-- \/ Yoast SEO plugin. -->","yoast_head_json":{"title":"HIAMA SOLAR GARTEN SPIKE MIT FEUER EFFEKT (24 ST\u00dcCK) - Newgarden","description":"HIAMA ist ein solarbetriebener Gartenspie\u00df. Sie ist aus nat\u00fcrlichem Bambus handgefertigt und verf\u00fcgt \u00fcber ein LED-Modul mit einem Solarpanel","robots":{"index":"index","follow":"follow","max-snippet":"max-snippet:-1","max-image-preview":"max-image-preview:large","max-video-preview":"max-video-preview:-1"},"canonical":"https:\/\/newgarden.es\/de\/shop\/lightdeco-de\/tragbares\/hiama-solar-gartenspiesse-mit-feuereffekt\/","og_locale":"de_DE","og_type":"article","og_title":"HIAMA SOLAR GARTEN SPIKE MIT FEUER EFFEKT (24 ST\u00dcCK) - Newgarden","og_description":"HIAMA ist ein solarbetriebener Gartenspie\u00df. Sie ist aus nat\u00fcrlichem Bambus handgefertigt und verf\u00fcgt \u00fcber ein LED-Modul mit einem Solarpanel","og_url":"https:\/\/newgarden.es\/de\/shop\/lightdeco-de\/tragbares\/hiama-solar-gartenspiesse-mit-feuereffekt\/","og_site_name":"Newgarden","article_modified_time":"2024-05-27T08:42:57+00:00","og_image":[{"width":1200,"height":1200,"url":"https:\/\/newgarden.es\/wp-content\/uploads\/2022\/03\/HIAMA_PICA_SOLAR_1200X1200-5.jpg","type":"image\/jpeg"}],"twitter_card":"summary_large_image","twitter_misc":{"Gesch\u00e4tzte Lesezeit":"1\u00a0Minute"},"schema":{"@context":"https:\/\/schema.org","@graph":[{"@type":"WebPage","@id":"https:\/\/newgarden.es\/de\/shop\/lightdeco-de\/tragbares\/hiama-solar-gartenspiesse-mit-feuereffekt\/","url":"https:\/\/newgarden.es\/de\/shop\/lightdeco-de\/tragbares\/hiama-solar-gartenspiesse-mit-feuereffekt\/","name":"HIAMA SOLAR GARTEN SPIKE MIT FEUER EFFEKT (24 ST\u00dcCK) - Newgarden","isPartOf":{"@id":"https:\/\/newgarden.es\/#website"},"primaryImageOfPage":{"@id":"https:\/\/newgarden.es\/de\/shop\/lightdeco-de\/tragbares\/hiama-solar-gartenspiesse-mit-feuereffekt\/#primaryimage"},"image":{"@id":"https:\/\/newgarden.es\/de\/shop\/lightdeco-de\/tragbares\/hiama-solar-gartenspiesse-mit-feuereffekt\/#primaryimage"},"thumbnailUrl":"https:\/\/newgarden.es\/wp-content\/uploads\/2022\/03\/HIAMA_PICA_SOLAR_1200X1200-5.jpg","datePublished":"2022-03-14T13:34:09+00:00","dateModified":"2024-05-27T08:42:57+00:00","description":"HIAMA ist ein solarbetriebener Gartenspie\u00df. Sie ist aus nat\u00fcrlichem Bambus handgefertigt und verf\u00fcgt \u00fcber ein LED-Modul mit einem Solarpanel","breadcrumb":{"@id":"https:\/\/newgarden.es\/de\/shop\/lightdeco-de\/tragbares\/hiama-solar-gartenspiesse-mit-feuereffekt\/#breadcrumb"},"inLanguage":"de","potentialAction":[{"@type":"ReadAction","target":["https:\/\/newgarden.es\/de\/shop\/lightdeco-de\/tragbares\/hiama-solar-gartenspiesse-mit-feuereffekt\/"]}]},{"@type":"ImageObject","inLanguage":"de","@id":"https:\/\/newgarden.es\/de\/shop\/lightdeco-de\/tragbares\/hiama-solar-gartenspiesse-mit-feuereffekt\/#primaryimage","url":"https:\/\/newgarden.es\/wp-content\/uploads\/2022\/03\/HIAMA_PICA_SOLAR_1200X1200-5.jpg","contentUrl":"https:\/\/newgarden.es\/wp-content\/uploads\/2022\/03\/HIAMA_PICA_SOLAR_1200X1200-5.jpg","width":1200,"height":1200},{"@type":"BreadcrumbList","@id":"https:\/\/newgarden.es\/de\/shop\/lightdeco-de\/tragbares\/hiama-solar-gartenspiesse-mit-feuereffekt\/#breadcrumb","itemListElement":[{"@type":"ListItem","position":1,"name":"Home","item":"https:\/\/newgarden.es\/de\/"},{"@type":"ListItem","position":2,"name":"Shop","item":"https:\/\/newgarden.es\/de\/shop\/"},{"@type":"ListItem","position":3,"name":"HIAMA SOLAR GARTEN SPIKE MIT FEUER EFFEKT (24 ST\u00dcCK)"}]},{"@type":"WebSite","@id":"https:\/\/newgarden.es\/#website","url":"https:\/\/newgarden.es\/","name":"Newgarden","description":"Be happy","potentialAction":[{"@type":"SearchAction","target":{"@type":"EntryPoint","urlTemplate":"https:\/\/newgarden.es\/?s={search_term_string}"},"query-input":{"@type":"PropertyValueSpecification","valueRequired":true,"valueName":"search_term_string"}}],"inLanguage":"de"}]}},"df_price":29.9,"df_sale_price":"","df_regular_price":29.9,"df_image_link":"https:\/\/newgarden.es\/wp-content\/uploads\/2022\/03\/HIAMA_PICA_SOLAR_1200X1200-5-580x400.jpg","_links":{"self":[{"href":"https:\/\/newgarden.es\/de\/wp-json\/wp\/v2\/product\/42675"}],"collection":[{"href":"https:\/\/newgarden.es\/de\/wp-json\/wp\/v2\/product"}],"about":[{"href":"https:\/\/newgarden.es\/de\/wp-json\/wp\/v2\/types\/product"}],"wp:featuredmedia":[{"embeddable":true,"href":"https:\/\/newgarden.es\/de\/wp-json\/wp\/v2\/media\/56847"}],"wp:attachment":[{"href":"https:\/\/newgarden.es\/de\/wp-json\/wp\/v2\/media?parent=42675"}],"wp:term":[{"taxonomy":"product_cat","embeddable":true,"href":"https:\/\/newgarden.es\/de\/wp-json\/wp\/v2\/product_cat?post=42675"},{"taxonomy":"product_tag","embeddable":true,"href":"https:\/\/newgarden.es\/de\/wp-json\/wp\/v2\/product_tag?post=42675"}],"curies":[{"name":"wp","href":"https:\/\/api.w.org\/{rel}","templated":true}]}}