{"id":42784,"date":"2022-03-14T15:12:01","date_gmt":"2022-03-14T14:12:02","guid":{"rendered":"https:\/\/newgarden.es\/?post_type=product&#038;p=42784"},"modified":"2024-05-27T14:19:03","modified_gmt":"2024-05-27T12:19:03","slug":"tragbare-wiederaufladbare-gluhbirne-edy-g125","status":"publish","type":"product","link":"https:\/\/newgarden.es\/de\/shop\/lightdeco-de\/pendelleuchten\/tragbare-wiederaufladbare-gluhbirne-edy-g125\/","title":{"rendered":"EDY G125 KABELLOSE TRAGBARE VINTAGE-GL\u00dcGBIRNE"},"content":{"rendered":"<section class=\"wpb-content-wrapper\"><p>[vc_row][vc_column][vc_column_text][\/vc_column_text][\/vc_column][\/vc_row][vc_row][vc_column][vc_column_text]Die kabellose, tragbare EDY G125 Vintage-Lampe muss nicht installiert werden, man muss sie nur aufh\u00e4ngen oder in die N\u00e4he einer metallischen Fl\u00e4che bringen und sie haftet dank ihres magnetischen Sockels. Sie ist mit einem LED-Gl\u00fchfaden von gro\u00dfer Leuchtkraft ausgestattet und ihre Kunststoffbeschichtung, die Rauchglas simuliert, ist sehr widerstandsf\u00e4hig und fast unzerbrechlich. Er verf\u00fcgt \u00fcber einen Metallhaken zum Aufh\u00e4ngen und eine zwei Meter lange Schnur.<\/p>\n<p>Diese Gl\u00fchbirne wird mit einer Fernbedienung geliefert, mit der man sie ein- und ausschalten, die Lichtst\u00e4rke regulieren und die Funktionen Festlicht oder Flammeneffekt nutzen kann.<\/p>\n<p>Sie hat 400 Lumen und eine Betriebsdauer von bis zu 25 Stunden, je nach Intensit\u00e4t.<\/p>\n<p>1 Kaufeinheit entspricht 6 Einheiten<\/p>\n<ul>\n<li><strong>GR\u00d6SSE<\/strong><br \/>\n\u00f812 x 22,5 cm<\/li>\n<\/ul>\n<p>[\/vc_column_text][\/vc_column][\/vc_row][vc_row][vc_column width=&#8220;1\/2&#8243;][vc_btn title=&#8220;DATENBLATT &#8211; FARBE WEISS&#8220; style=&#8220;custom&#8220; custom_background=&#8220;#009bc2&#8243; custom_text=&#8220;#ffffff&#8220; shape=&#8220;square&#8220; link=&#8220;url:https%3A%2F%2Fbit.ly%2F39GpS1P|target:%20_blank|&#8220; el_class=&#8220;btn_descargar_ficha&#8220;][vc_btn title=&#8220;DATENBLATT &#8211; FARBE BEIGE&#8220; style=&#8220;custom&#8220; custom_background=&#8220;#009bc2&#8243; custom_text=&#8220;#ffffff&#8220; shape=&#8220;square&#8220; link=&#8220;url:https%3A%2F%2Fbit.ly%2F3xLkL8J|target:%20_blank|&#8220; el_class=&#8220;btn_descargar_ficha&#8220;][vc_btn title=&#8220;DATENBLATT &#8211; FARBE SCHWARZ&#8220; style=&#8220;custom&#8220; custom_background=&#8220;#009bc2&#8243; custom_text=&#8220;#ffffff&#8220; shape=&#8220;square&#8220; link=&#8220;url:https%3A%2F%2Fbit.ly%2F3xKfOwC|target:%20_blank|&#8220; el_class=&#8220;btn_descargar_ficha&#8220;][\/vc_column][vc_column width=&#8220;1\/2&#8243;][vc_btn title=&#8220;GEBRAUCHSANWEISUNG &#8211; WEISS&#8220; style=&#8220;custom&#8220; custom_background=&#8220;#009bc2&#8243; custom_text=&#8220;#ffffff&#8220; shape=&#8220;square&#8220; link=&#8220;url:https%3A%2F%2Fbit.ly%2F3vx00x0|target:%20_blank|&#8220; el_class=&#8220;btn_descargar_ficha&#8220;][vc_btn title=&#8220;GEBRAUCHSANWEISUNG &#8211; BEIGE&#8220; style=&#8220;custom&#8220; custom_background=&#8220;#009bc2&#8243; custom_text=&#8220;#ffffff&#8220; shape=&#8220;square&#8220; link=&#8220;url:https%3A%2F%2Fbit.ly%2F3zns5bj|target:%20_blank|&#8220; el_class=&#8220;btn_descargar_ficha&#8220;][vc_btn title=&#8220;GEBRAUCHSANWEISUNG &#8211; SCHWARZ&#8220; style=&#8220;custom&#8220; custom_background=&#8220;#009bc2&#8243; custom_text=&#8220;#ffffff&#8220; shape=&#8220;square&#8220; link=&#8220;url:https%3A%2F%2Fbit.ly%2F3zmF4dn|target:%20_blank|&#8220; el_class=&#8220;btn_descargar_ficha&#8220;][\/vc_column][vc_column][\/vc_column][\/vc_row]<\/p>\n<\/section>","protected":false},"excerpt":{"rendered":"<p>[vc_row][vc_column][vc_column_text][\/vc_column_text][\/vc_column][\/vc_row][vc_row][vc_column][vc_column_text]Die kabellose, tragbare EDY G125 Vintage-Lampe muss nicht installiert werden, man muss sie nur aufh\u00e4ngen oder in die N\u00e4he einer metallischen Fl\u00e4che bringen und sie haftet dank ihres magnetischen Sockels.<\/p>\n","protected":false},"featured_media":55255,"template":"","meta":[],"product_cat":[763,826,819],"product_tag":[766,793],"class_list":{"0":"post-42784","1":"product","2":"type-product","3":"status-publish","4":"has-post-thumbnail","6":"product_cat-lightdeco-de","7":"product_cat-tragbares","8":"product_cat-pendelleuchten","9":"product_tag-batterie-de","10":"product_tag-drahtlose","12":"first","13":"instock","14":"taxable","15":"shipping-taxable","16":"purchasable","17":"product-type-variable"},"yoast_head":"<!-- This site is optimized with the Yoast SEO plugin v24.2 - https:\/\/yoast.com\/wordpress\/plugins\/seo\/ -->\n<title>EDY G125 KABELLOSE TRAGBARE VINTAGE-GL\u00dcGBIRNE - Newgarden<\/title>\n<meta name=\"description\" content=\"Die kabellose, tragbare EDY G125 Vintage-Lampe muss nicht installiert werden, man muss sie nur aufh\u00e4ngen oder in die N\u00e4he einer metallischen Fl\u00e4che bringen\" \/>\n<meta name=\"robots\" content=\"index, follow, max-snippet:-1, max-image-preview:large, max-video-preview:-1\" \/>\n<link rel=\"canonical\" href=\"https:\/\/newgarden.es\/de\/shop\/lightdeco-de\/pendelleuchten\/tragbare-wiederaufladbare-gluhbirne-edy-g125\/\" \/>\n<meta property=\"og:locale\" content=\"de_DE\" \/>\n<meta property=\"og:type\" content=\"article\" \/>\n<meta property=\"og:title\" content=\"EDY G125 KABELLOSE TRAGBARE VINTAGE-GL\u00dcGBIRNE - Newgarden\" \/>\n<meta property=\"og:description\" content=\"Die kabellose, tragbare EDY G125 Vintage-Lampe muss nicht installiert werden, man muss sie nur aufh\u00e4ngen oder in die N\u00e4he einer metallischen Fl\u00e4che bringen\" \/>\n<meta property=\"og:url\" content=\"https:\/\/newgarden.es\/de\/shop\/lightdeco-de\/pendelleuchten\/tragbare-wiederaufladbare-gluhbirne-edy-g125\/\" \/>\n<meta property=\"og:site_name\" content=\"Newgarden\" \/>\n<meta property=\"article:modified_time\" content=\"2024-05-27T12:19:03+00:00\" \/>\n<meta property=\"og:image\" content=\"https:\/\/newgarden.es\/wp-content\/uploads\/2022\/03\/EDY_G125_1200X1200-17.jpg\" \/>\n\t<meta property=\"og:image:width\" content=\"1200\" \/>\n\t<meta property=\"og:image:height\" content=\"1200\" \/>\n\t<meta property=\"og:image:type\" content=\"image\/jpeg\" \/>\n<meta name=\"twitter:card\" content=\"summary_large_image\" \/>\n<meta name=\"twitter:label1\" content=\"Gesch\u00e4tzte Lesezeit\" \/>\n\t<meta name=\"twitter:data1\" content=\"2\u00a0Minuten\" \/>\n<script type=\"application\/ld+json\" class=\"yoast-schema-graph\">{\"@context\":\"https:\/\/schema.org\",\"@graph\":[{\"@type\":\"WebPage\",\"@id\":\"https:\/\/newgarden.es\/de\/shop\/lightdeco-de\/pendelleuchten\/tragbare-wiederaufladbare-gluhbirne-edy-g125\/\",\"url\":\"https:\/\/newgarden.es\/de\/shop\/lightdeco-de\/pendelleuchten\/tragbare-wiederaufladbare-gluhbirne-edy-g125\/\",\"name\":\"EDY G125 KABELLOSE TRAGBARE VINTAGE-GL\u00dcGBIRNE - Newgarden\",\"isPartOf\":{\"@id\":\"https:\/\/newgarden.es\/#website\"},\"primaryImageOfPage\":{\"@id\":\"https:\/\/newgarden.es\/de\/shop\/lightdeco-de\/pendelleuchten\/tragbare-wiederaufladbare-gluhbirne-edy-g125\/#primaryimage\"},\"image\":{\"@id\":\"https:\/\/newgarden.es\/de\/shop\/lightdeco-de\/pendelleuchten\/tragbare-wiederaufladbare-gluhbirne-edy-g125\/#primaryimage\"},\"thumbnailUrl\":\"https:\/\/newgarden.es\/wp-content\/uploads\/2022\/03\/EDY_G125_1200X1200-17.jpg\",\"datePublished\":\"2022-03-14T14:12:02+00:00\",\"dateModified\":\"2024-05-27T12:19:03+00:00\",\"description\":\"Die kabellose, tragbare EDY G125 Vintage-Lampe muss nicht installiert werden, man muss sie nur aufh\u00e4ngen oder in die N\u00e4he einer metallischen Fl\u00e4che bringen\",\"breadcrumb\":{\"@id\":\"https:\/\/newgarden.es\/de\/shop\/lightdeco-de\/pendelleuchten\/tragbare-wiederaufladbare-gluhbirne-edy-g125\/#breadcrumb\"},\"inLanguage\":\"de\",\"potentialAction\":[{\"@type\":\"ReadAction\",\"target\":[\"https:\/\/newgarden.es\/de\/shop\/lightdeco-de\/pendelleuchten\/tragbare-wiederaufladbare-gluhbirne-edy-g125\/\"]}]},{\"@type\":\"ImageObject\",\"inLanguage\":\"de\",\"@id\":\"https:\/\/newgarden.es\/de\/shop\/lightdeco-de\/pendelleuchten\/tragbare-wiederaufladbare-gluhbirne-edy-g125\/#primaryimage\",\"url\":\"https:\/\/newgarden.es\/wp-content\/uploads\/2022\/03\/EDY_G125_1200X1200-17.jpg\",\"contentUrl\":\"https:\/\/newgarden.es\/wp-content\/uploads\/2022\/03\/EDY_G125_1200X1200-17.jpg\",\"width\":1200,\"height\":1200},{\"@type\":\"BreadcrumbList\",\"@id\":\"https:\/\/newgarden.es\/de\/shop\/lightdeco-de\/pendelleuchten\/tragbare-wiederaufladbare-gluhbirne-edy-g125\/#breadcrumb\",\"itemListElement\":[{\"@type\":\"ListItem\",\"position\":1,\"name\":\"Home\",\"item\":\"https:\/\/newgarden.es\/de\/\"},{\"@type\":\"ListItem\",\"position\":2,\"name\":\"Shop\",\"item\":\"https:\/\/newgarden.es\/de\/shop\/\"},{\"@type\":\"ListItem\",\"position\":3,\"name\":\"EDY G125 KABELLOSE TRAGBARE VINTAGE-GL\u00dcGBIRNE\"}]},{\"@type\":\"WebSite\",\"@id\":\"https:\/\/newgarden.es\/#website\",\"url\":\"https:\/\/newgarden.es\/\",\"name\":\"Newgarden\",\"description\":\"Be happy\",\"potentialAction\":[{\"@type\":\"SearchAction\",\"target\":{\"@type\":\"EntryPoint\",\"urlTemplate\":\"https:\/\/newgarden.es\/?s={search_term_string}\"},\"query-input\":{\"@type\":\"PropertyValueSpecification\",\"valueRequired\":true,\"valueName\":\"search_term_string\"}}],\"inLanguage\":\"de\"}]}<\/script>\n<!-- \/ Yoast SEO plugin. -->","yoast_head_json":{"title":"EDY G125 KABELLOSE TRAGBARE VINTAGE-GL\u00dcGBIRNE - Newgarden","description":"Die kabellose, tragbare EDY G125 Vintage-Lampe muss nicht installiert werden, man muss sie nur aufh\u00e4ngen oder in die N\u00e4he einer metallischen Fl\u00e4che bringen","robots":{"index":"index","follow":"follow","max-snippet":"max-snippet:-1","max-image-preview":"max-image-preview:large","max-video-preview":"max-video-preview:-1"},"canonical":"https:\/\/newgarden.es\/de\/shop\/lightdeco-de\/pendelleuchten\/tragbare-wiederaufladbare-gluhbirne-edy-g125\/","og_locale":"de_DE","og_type":"article","og_title":"EDY G125 KABELLOSE TRAGBARE VINTAGE-GL\u00dcGBIRNE - Newgarden","og_description":"Die kabellose, tragbare EDY G125 Vintage-Lampe muss nicht installiert werden, man muss sie nur aufh\u00e4ngen oder in die N\u00e4he einer metallischen Fl\u00e4che bringen","og_url":"https:\/\/newgarden.es\/de\/shop\/lightdeco-de\/pendelleuchten\/tragbare-wiederaufladbare-gluhbirne-edy-g125\/","og_site_name":"Newgarden","article_modified_time":"2024-05-27T12:19:03+00:00","og_image":[{"width":1200,"height":1200,"url":"https:\/\/newgarden.es\/wp-content\/uploads\/2022\/03\/EDY_G125_1200X1200-17.jpg","type":"image\/jpeg"}],"twitter_card":"summary_large_image","twitter_misc":{"Gesch\u00e4tzte Lesezeit":"2\u00a0Minuten"},"schema":{"@context":"https:\/\/schema.org","@graph":[{"@type":"WebPage","@id":"https:\/\/newgarden.es\/de\/shop\/lightdeco-de\/pendelleuchten\/tragbare-wiederaufladbare-gluhbirne-edy-g125\/","url":"https:\/\/newgarden.es\/de\/shop\/lightdeco-de\/pendelleuchten\/tragbare-wiederaufladbare-gluhbirne-edy-g125\/","name":"EDY G125 KABELLOSE TRAGBARE VINTAGE-GL\u00dcGBIRNE - Newgarden","isPartOf":{"@id":"https:\/\/newgarden.es\/#website"},"primaryImageOfPage":{"@id":"https:\/\/newgarden.es\/de\/shop\/lightdeco-de\/pendelleuchten\/tragbare-wiederaufladbare-gluhbirne-edy-g125\/#primaryimage"},"image":{"@id":"https:\/\/newgarden.es\/de\/shop\/lightdeco-de\/pendelleuchten\/tragbare-wiederaufladbare-gluhbirne-edy-g125\/#primaryimage"},"thumbnailUrl":"https:\/\/newgarden.es\/wp-content\/uploads\/2022\/03\/EDY_G125_1200X1200-17.jpg","datePublished":"2022-03-14T14:12:02+00:00","dateModified":"2024-05-27T12:19:03+00:00","description":"Die kabellose, tragbare EDY G125 Vintage-Lampe muss nicht installiert werden, man muss sie nur aufh\u00e4ngen oder in die N\u00e4he einer metallischen Fl\u00e4che bringen","breadcrumb":{"@id":"https:\/\/newgarden.es\/de\/shop\/lightdeco-de\/pendelleuchten\/tragbare-wiederaufladbare-gluhbirne-edy-g125\/#breadcrumb"},"inLanguage":"de","potentialAction":[{"@type":"ReadAction","target":["https:\/\/newgarden.es\/de\/shop\/lightdeco-de\/pendelleuchten\/tragbare-wiederaufladbare-gluhbirne-edy-g125\/"]}]},{"@type":"ImageObject","inLanguage":"de","@id":"https:\/\/newgarden.es\/de\/shop\/lightdeco-de\/pendelleuchten\/tragbare-wiederaufladbare-gluhbirne-edy-g125\/#primaryimage","url":"https:\/\/newgarden.es\/wp-content\/uploads\/2022\/03\/EDY_G125_1200X1200-17.jpg","contentUrl":"https:\/\/newgarden.es\/wp-content\/uploads\/2022\/03\/EDY_G125_1200X1200-17.jpg","width":1200,"height":1200},{"@type":"BreadcrumbList","@id":"https:\/\/newgarden.es\/de\/shop\/lightdeco-de\/pendelleuchten\/tragbare-wiederaufladbare-gluhbirne-edy-g125\/#breadcrumb","itemListElement":[{"@type":"ListItem","position":1,"name":"Home","item":"https:\/\/newgarden.es\/de\/"},{"@type":"ListItem","position":2,"name":"Shop","item":"https:\/\/newgarden.es\/de\/shop\/"},{"@type":"ListItem","position":3,"name":"EDY G125 KABELLOSE TRAGBARE VINTAGE-GL\u00dcGBIRNE"}]},{"@type":"WebSite","@id":"https:\/\/newgarden.es\/#website","url":"https:\/\/newgarden.es\/","name":"Newgarden","description":"Be happy","potentialAction":[{"@type":"SearchAction","target":{"@type":"EntryPoint","urlTemplate":"https:\/\/newgarden.es\/?s={search_term_string}"},"query-input":{"@type":"PropertyValueSpecification","valueRequired":true,"valueName":"search_term_string"}}],"inLanguage":"de"}]}},"df_price":210,"df_sale_price":"","df_regular_price":210,"df_image_link":"https:\/\/newgarden.es\/wp-content\/uploads\/2022\/03\/EDY_G125_1200X1200-17-580x400.jpg","_links":{"self":[{"href":"https:\/\/newgarden.es\/de\/wp-json\/wp\/v2\/product\/42784"}],"collection":[{"href":"https:\/\/newgarden.es\/de\/wp-json\/wp\/v2\/product"}],"about":[{"href":"https:\/\/newgarden.es\/de\/wp-json\/wp\/v2\/types\/product"}],"wp:featuredmedia":[{"embeddable":true,"href":"https:\/\/newgarden.es\/de\/wp-json\/wp\/v2\/media\/55255"}],"wp:attachment":[{"href":"https:\/\/newgarden.es\/de\/wp-json\/wp\/v2\/media?parent=42784"}],"wp:term":[{"taxonomy":"product_cat","embeddable":true,"href":"https:\/\/newgarden.es\/de\/wp-json\/wp\/v2\/product_cat?post=42784"},{"taxonomy":"product_tag","embeddable":true,"href":"https:\/\/newgarden.es\/de\/wp-json\/wp\/v2\/product_tag?post=42784"}],"curies":[{"name":"wp","href":"https:\/\/api.w.org\/{rel}","templated":true}]}}