{"id":42906,"date":"2022-03-14T15:31:46","date_gmt":"2022-03-14T14:31:47","guid":{"rendered":"https:\/\/newgarden.es\/?post_type=product&#038;p=42906"},"modified":"2022-04-05T11:25:44","modified_gmt":"2022-04-05T09:25:44","slug":"runde-haengeampel-mit-kabelloser-beleuchtung-elba-39","status":"publish","type":"product","link":"https:\/\/newgarden.es\/de\/shop\/blumentopfs\/blumentopfs-mit-beleuchtung\/runde-haengeampel-mit-kabelloser-beleuchtung-elba-39\/","title":{"rendered":"Runder H\u00e4ngepflanzer mit kabelloser Beleuchtung ELBA 59"},"content":{"rendered":"<section class=\"wpb-content-wrapper\"><p>[vc_row][vc_column][vc_column_text]Die runde H\u00e4ngeampel mit kabelloser Beleuchtung ELBA 39 ist aus besonders widerstandsf\u00e4higem wei\u00dfem Polyethylen hergestellt. Er ist sehr einfach anzubringen, da er einen Magneten enth\u00e4lt, so dass Sie ihn ohne L\u00f6cher an jede magnetisierbare Oberfl\u00e4che h\u00e4ngen k\u00f6nnen. Um die H\u00f6he zu verstellen, muss lediglich das Kabel nach innen gedr\u00fcckt werden.<\/p>\n<p>Sie k\u00f6nnen es mit der gr\u00f6\u00dferen Version kombinieren: ELBA 59.<\/p>\n<p><strong>Enth\u00e4lt ein Set mit Kunstpflanzen<\/strong><\/p>\n<p>Seine Beleuchtung: Die Hand muss nur an den inneren Metallring angen\u00e4hert werden, und sie haftet dank ihrer magnetischen Basis.<\/p>\n<p>Diese Gl\u00fchbirne wird mit einer Fernbedienung geliefert, mit der Sie die Lampe ein- und ausschalten und ihre Intensit\u00e4t regulieren k\u00f6nnen.<\/p>\n<p>Sie hat 900 Lumen und eine Betriebsdauer von 6 bis 20 Stunden, je nach Intensit\u00e4t.<\/p>\n<p>&nbsp;<\/p>\n<ul class=\"tablaTech\">\n<li>\n<div class=\"boxContents no-border\">\n<div class=\"name\"><strong>GR\u00d6SSE<\/strong><\/div>\n<div class=\"data\">\u00f8\u00a059 x 15cm<\/div>\n<\/div>\n<\/li>\n<\/ul>\n<p>[\/vc_column_text][vc_video link=&#8220;https:\/\/youtu.be\/Zo0FlNN_K5U&#8220;][\/vc_column][\/vc_row][vc_row][vc_column width=&#8220;1\/2&#8243;][vc_btn title=&#8220;Technisches Datenblatt&#8220; style=&#8220;custom&#8220; custom_background=&#8220;#009bc2&#8243; custom_text=&#8220;#ffffff&#8220; shape=&#8220;square&#8220; link=&#8220;||target:%20_blank|&#8220; el_class=&#8220;btn_descargar_ficha&#8220;][\/vc_column][vc_column width=&#8220;1\/2&#8243;][vc_btn title=&#8220;BEDIENUNGSANLEITUNG&#8220; style=&#8220;custom&#8220; custom_background=&#8220;#009bc2&#8243; custom_text=&#8220;#ffffff&#8220; shape=&#8220;square&#8220; link=&#8220;target:%20_blank|&#8220; el_class=&#8220;btn_descargar_ficha&#8220;][\/vc_column][vc_column][\/vc_column][\/vc_row]<\/p>\n<\/section>","protected":false},"excerpt":{"rendered":"<p>[vc_row][vc_column][vc_column_text]Die runde H\u00e4ngeampel mit kabelloser Beleuchtung ELBA 39 ist aus besonders widerstandsf\u00e4higem wei\u00dfem Polyethylen hergestellt. Er ist sehr einfach anzubringen, da er einen Magneten enth\u00e4lt, so dass Sie ihn ohne<\/p>\n","protected":false},"featured_media":57448,"template":"","meta":[],"product_cat":[763,826,819,783,784],"product_tag":[766,793],"class_list":{"0":"post-42906","1":"product","2":"type-product","3":"status-publish","4":"has-post-thumbnail","6":"product_cat-lightdeco-de","7":"product_cat-tragbares","8":"product_cat-pendelleuchten","9":"product_cat-blumentopfs","10":"product_cat-blumentopfs-mit-beleuchtung","11":"product_tag-batterie-de","12":"product_tag-drahtlose","14":"first","15":"instock","16":"taxable","17":"shipping-taxable","18":"purchasable","19":"product-type-variable"},"yoast_head":"<!-- This site is optimized with the Yoast SEO plugin v24.2 - https:\/\/yoast.com\/wordpress\/plugins\/seo\/ -->\n<title>Runder H\u00e4ngepflanzer mit kabelloser Beleuchtung ELBA 59 - Newgarden<\/title>\n<meta name=\"description\" content=\"Die runde H\u00e4ngeampel mit kabelloser Beleuchtung ELBA 39 ist aus besonders widerstandsf\u00e4higem wei\u00dfem Polyethylen hergestellt. Er ist sehr einfach anzubringen\" \/>\n<meta name=\"robots\" content=\"index, follow, max-snippet:-1, max-image-preview:large, max-video-preview:-1\" \/>\n<link rel=\"canonical\" href=\"https:\/\/newgarden.es\/de\/shop\/blumentopfs\/blumentopfs-mit-beleuchtung\/runde-haengeampel-mit-kabelloser-beleuchtung-elba-39\/\" \/>\n<meta property=\"og:locale\" content=\"de_DE\" \/>\n<meta property=\"og:type\" content=\"article\" \/>\n<meta property=\"og:title\" content=\"Runder H\u00e4ngepflanzer mit kabelloser Beleuchtung ELBA 59 - Newgarden\" \/>\n<meta property=\"og:description\" content=\"Die runde H\u00e4ngeampel mit kabelloser Beleuchtung ELBA 39 ist aus besonders widerstandsf\u00e4higem wei\u00dfem Polyethylen hergestellt. Er ist sehr einfach anzubringen\" \/>\n<meta property=\"og:url\" content=\"https:\/\/newgarden.es\/de\/shop\/blumentopfs\/blumentopfs-mit-beleuchtung\/runde-haengeampel-mit-kabelloser-beleuchtung-elba-39\/\" \/>\n<meta property=\"og:site_name\" content=\"Newgarden\" \/>\n<meta property=\"article:modified_time\" content=\"2022-04-05T09:25:44+00:00\" \/>\n<meta property=\"og:image\" content=\"https:\/\/newgarden.es\/wp-content\/uploads\/2022\/03\/ELBA_35_BATTERY_1200X1200-7-1.jpg\" \/>\n\t<meta property=\"og:image:width\" content=\"1200\" \/>\n\t<meta property=\"og:image:height\" content=\"1200\" \/>\n\t<meta property=\"og:image:type\" content=\"image\/jpeg\" \/>\n<meta name=\"twitter:card\" content=\"summary_large_image\" \/>\n<meta name=\"twitter:label1\" content=\"Gesch\u00e4tzte Lesezeit\" \/>\n\t<meta name=\"twitter:data1\" content=\"1\u00a0Minute\" \/>\n<script type=\"application\/ld+json\" class=\"yoast-schema-graph\">{\"@context\":\"https:\/\/schema.org\",\"@graph\":[{\"@type\":\"WebPage\",\"@id\":\"https:\/\/newgarden.es\/de\/shop\/blumentopfs\/blumentopfs-mit-beleuchtung\/runde-haengeampel-mit-kabelloser-beleuchtung-elba-39\/\",\"url\":\"https:\/\/newgarden.es\/de\/shop\/blumentopfs\/blumentopfs-mit-beleuchtung\/runde-haengeampel-mit-kabelloser-beleuchtung-elba-39\/\",\"name\":\"Runder H\u00e4ngepflanzer mit kabelloser Beleuchtung ELBA 59 - Newgarden\",\"isPartOf\":{\"@id\":\"https:\/\/newgarden.es\/#website\"},\"primaryImageOfPage\":{\"@id\":\"https:\/\/newgarden.es\/de\/shop\/blumentopfs\/blumentopfs-mit-beleuchtung\/runde-haengeampel-mit-kabelloser-beleuchtung-elba-39\/#primaryimage\"},\"image\":{\"@id\":\"https:\/\/newgarden.es\/de\/shop\/blumentopfs\/blumentopfs-mit-beleuchtung\/runde-haengeampel-mit-kabelloser-beleuchtung-elba-39\/#primaryimage\"},\"thumbnailUrl\":\"https:\/\/newgarden.es\/wp-content\/uploads\/2022\/03\/ELBA_35_BATTERY_1200X1200-7-1.jpg\",\"datePublished\":\"2022-03-14T14:31:47+00:00\",\"dateModified\":\"2022-04-05T09:25:44+00:00\",\"description\":\"Die runde H\u00e4ngeampel mit kabelloser Beleuchtung ELBA 39 ist aus besonders widerstandsf\u00e4higem wei\u00dfem Polyethylen hergestellt. Er ist sehr einfach anzubringen\",\"breadcrumb\":{\"@id\":\"https:\/\/newgarden.es\/de\/shop\/blumentopfs\/blumentopfs-mit-beleuchtung\/runde-haengeampel-mit-kabelloser-beleuchtung-elba-39\/#breadcrumb\"},\"inLanguage\":\"de\",\"potentialAction\":[{\"@type\":\"ReadAction\",\"target\":[\"https:\/\/newgarden.es\/de\/shop\/blumentopfs\/blumentopfs-mit-beleuchtung\/runde-haengeampel-mit-kabelloser-beleuchtung-elba-39\/\"]}]},{\"@type\":\"ImageObject\",\"inLanguage\":\"de\",\"@id\":\"https:\/\/newgarden.es\/de\/shop\/blumentopfs\/blumentopfs-mit-beleuchtung\/runde-haengeampel-mit-kabelloser-beleuchtung-elba-39\/#primaryimage\",\"url\":\"https:\/\/newgarden.es\/wp-content\/uploads\/2022\/03\/ELBA_35_BATTERY_1200X1200-7-1.jpg\",\"contentUrl\":\"https:\/\/newgarden.es\/wp-content\/uploads\/2022\/03\/ELBA_35_BATTERY_1200X1200-7-1.jpg\",\"width\":1200,\"height\":1200},{\"@type\":\"BreadcrumbList\",\"@id\":\"https:\/\/newgarden.es\/de\/shop\/blumentopfs\/blumentopfs-mit-beleuchtung\/runde-haengeampel-mit-kabelloser-beleuchtung-elba-39\/#breadcrumb\",\"itemListElement\":[{\"@type\":\"ListItem\",\"position\":1,\"name\":\"Home\",\"item\":\"https:\/\/newgarden.es\/de\/\"},{\"@type\":\"ListItem\",\"position\":2,\"name\":\"Shop\",\"item\":\"https:\/\/newgarden.es\/de\/shop\/\"},{\"@type\":\"ListItem\",\"position\":3,\"name\":\"Runder H\u00e4ngepflanzer mit kabelloser Beleuchtung ELBA 59\"}]},{\"@type\":\"WebSite\",\"@id\":\"https:\/\/newgarden.es\/#website\",\"url\":\"https:\/\/newgarden.es\/\",\"name\":\"Newgarden\",\"description\":\"Be happy\",\"potentialAction\":[{\"@type\":\"SearchAction\",\"target\":{\"@type\":\"EntryPoint\",\"urlTemplate\":\"https:\/\/newgarden.es\/?s={search_term_string}\"},\"query-input\":{\"@type\":\"PropertyValueSpecification\",\"valueRequired\":true,\"valueName\":\"search_term_string\"}}],\"inLanguage\":\"de\"}]}<\/script>\n<!-- \/ Yoast SEO plugin. -->","yoast_head_json":{"title":"Runder H\u00e4ngepflanzer mit kabelloser Beleuchtung ELBA 59 - Newgarden","description":"Die runde H\u00e4ngeampel mit kabelloser Beleuchtung ELBA 39 ist aus besonders widerstandsf\u00e4higem wei\u00dfem Polyethylen hergestellt. Er ist sehr einfach anzubringen","robots":{"index":"index","follow":"follow","max-snippet":"max-snippet:-1","max-image-preview":"max-image-preview:large","max-video-preview":"max-video-preview:-1"},"canonical":"https:\/\/newgarden.es\/de\/shop\/blumentopfs\/blumentopfs-mit-beleuchtung\/runde-haengeampel-mit-kabelloser-beleuchtung-elba-39\/","og_locale":"de_DE","og_type":"article","og_title":"Runder H\u00e4ngepflanzer mit kabelloser Beleuchtung ELBA 59 - Newgarden","og_description":"Die runde H\u00e4ngeampel mit kabelloser Beleuchtung ELBA 39 ist aus besonders widerstandsf\u00e4higem wei\u00dfem Polyethylen hergestellt. Er ist sehr einfach anzubringen","og_url":"https:\/\/newgarden.es\/de\/shop\/blumentopfs\/blumentopfs-mit-beleuchtung\/runde-haengeampel-mit-kabelloser-beleuchtung-elba-39\/","og_site_name":"Newgarden","article_modified_time":"2022-04-05T09:25:44+00:00","og_image":[{"width":1200,"height":1200,"url":"https:\/\/newgarden.es\/wp-content\/uploads\/2022\/03\/ELBA_35_BATTERY_1200X1200-7-1.jpg","type":"image\/jpeg"}],"twitter_card":"summary_large_image","twitter_misc":{"Gesch\u00e4tzte Lesezeit":"1\u00a0Minute"},"schema":{"@context":"https:\/\/schema.org","@graph":[{"@type":"WebPage","@id":"https:\/\/newgarden.es\/de\/shop\/blumentopfs\/blumentopfs-mit-beleuchtung\/runde-haengeampel-mit-kabelloser-beleuchtung-elba-39\/","url":"https:\/\/newgarden.es\/de\/shop\/blumentopfs\/blumentopfs-mit-beleuchtung\/runde-haengeampel-mit-kabelloser-beleuchtung-elba-39\/","name":"Runder H\u00e4ngepflanzer mit kabelloser Beleuchtung ELBA 59 - Newgarden","isPartOf":{"@id":"https:\/\/newgarden.es\/#website"},"primaryImageOfPage":{"@id":"https:\/\/newgarden.es\/de\/shop\/blumentopfs\/blumentopfs-mit-beleuchtung\/runde-haengeampel-mit-kabelloser-beleuchtung-elba-39\/#primaryimage"},"image":{"@id":"https:\/\/newgarden.es\/de\/shop\/blumentopfs\/blumentopfs-mit-beleuchtung\/runde-haengeampel-mit-kabelloser-beleuchtung-elba-39\/#primaryimage"},"thumbnailUrl":"https:\/\/newgarden.es\/wp-content\/uploads\/2022\/03\/ELBA_35_BATTERY_1200X1200-7-1.jpg","datePublished":"2022-03-14T14:31:47+00:00","dateModified":"2022-04-05T09:25:44+00:00","description":"Die runde H\u00e4ngeampel mit kabelloser Beleuchtung ELBA 39 ist aus besonders widerstandsf\u00e4higem wei\u00dfem Polyethylen hergestellt. Er ist sehr einfach anzubringen","breadcrumb":{"@id":"https:\/\/newgarden.es\/de\/shop\/blumentopfs\/blumentopfs-mit-beleuchtung\/runde-haengeampel-mit-kabelloser-beleuchtung-elba-39\/#breadcrumb"},"inLanguage":"de","potentialAction":[{"@type":"ReadAction","target":["https:\/\/newgarden.es\/de\/shop\/blumentopfs\/blumentopfs-mit-beleuchtung\/runde-haengeampel-mit-kabelloser-beleuchtung-elba-39\/"]}]},{"@type":"ImageObject","inLanguage":"de","@id":"https:\/\/newgarden.es\/de\/shop\/blumentopfs\/blumentopfs-mit-beleuchtung\/runde-haengeampel-mit-kabelloser-beleuchtung-elba-39\/#primaryimage","url":"https:\/\/newgarden.es\/wp-content\/uploads\/2022\/03\/ELBA_35_BATTERY_1200X1200-7-1.jpg","contentUrl":"https:\/\/newgarden.es\/wp-content\/uploads\/2022\/03\/ELBA_35_BATTERY_1200X1200-7-1.jpg","width":1200,"height":1200},{"@type":"BreadcrumbList","@id":"https:\/\/newgarden.es\/de\/shop\/blumentopfs\/blumentopfs-mit-beleuchtung\/runde-haengeampel-mit-kabelloser-beleuchtung-elba-39\/#breadcrumb","itemListElement":[{"@type":"ListItem","position":1,"name":"Home","item":"https:\/\/newgarden.es\/de\/"},{"@type":"ListItem","position":2,"name":"Shop","item":"https:\/\/newgarden.es\/de\/shop\/"},{"@type":"ListItem","position":3,"name":"Runder H\u00e4ngepflanzer mit kabelloser Beleuchtung ELBA 59"}]},{"@type":"WebSite","@id":"https:\/\/newgarden.es\/#website","url":"https:\/\/newgarden.es\/","name":"Newgarden","description":"Be happy","potentialAction":[{"@type":"SearchAction","target":{"@type":"EntryPoint","urlTemplate":"https:\/\/newgarden.es\/?s={search_term_string}"},"query-input":{"@type":"PropertyValueSpecification","valueRequired":true,"valueName":"search_term_string"}}],"inLanguage":"de"}]}},"df_price":113.9,"df_sale_price":"","df_regular_price":113.9,"df_image_link":"https:\/\/newgarden.es\/wp-content\/uploads\/2022\/03\/ELBA_35_BATTERY_1200X1200-7-1-580x400.jpg","_links":{"self":[{"href":"https:\/\/newgarden.es\/de\/wp-json\/wp\/v2\/product\/42906"}],"collection":[{"href":"https:\/\/newgarden.es\/de\/wp-json\/wp\/v2\/product"}],"about":[{"href":"https:\/\/newgarden.es\/de\/wp-json\/wp\/v2\/types\/product"}],"wp:featuredmedia":[{"embeddable":true,"href":"https:\/\/newgarden.es\/de\/wp-json\/wp\/v2\/media\/57448"}],"wp:attachment":[{"href":"https:\/\/newgarden.es\/de\/wp-json\/wp\/v2\/media?parent=42906"}],"wp:term":[{"taxonomy":"product_cat","embeddable":true,"href":"https:\/\/newgarden.es\/de\/wp-json\/wp\/v2\/product_cat?post=42906"},{"taxonomy":"product_tag","embeddable":true,"href":"https:\/\/newgarden.es\/de\/wp-json\/wp\/v2\/product_tag?post=42906"}],"curies":[{"name":"wp","href":"https:\/\/api.w.org\/{rel}","templated":true}]}}