{"id":43235,"date":"2022-03-30T12:48:35","date_gmt":"2022-03-30T10:48:36","guid":{"rendered":"https:\/\/newgarden.es\/?post_type=product&#038;p=43235"},"modified":"2024-06-03T09:00:31","modified_gmt":"2024-06-03T07:00:31","slug":"siroco-50-kabellose-tragbare-metall-laterne","status":"publish","type":"product","link":"https:\/\/newgarden.es\/de\/shop\/lightdeco-de\/tischlampe\/siroco-50-kabellose-tragbare-metall-laterne\/","title":{"rendered":"SIROCO 50 KABELLOSE TRAGBARE METALL-LATERNE"},"content":{"rendered":"<section class=\"wpb-content-wrapper\"><p>[vc_row][vc_column][vc_column_text][\/vc_column_text][\/vc_column][\/vc_row][vc_row][vc_column][vc_column_text]Siroco ist eine Metalllaterne, die keine Installation erfordert. Sie m\u00fcssen nur die Gl\u00fchbirne in die N\u00e4he des Metallsockels der Laterne bringen und sie wird dank des integrierten Magneten haften. Das innovative Design macht diese Laterne zu einem Muss f\u00fcr Ihre Gartendekoration.<\/p>\n<p>Mit der mitgelieferten Fernbedienung k\u00f6nnen Sie das Leuchtmittel ein- und ausschalten, die Lichtst\u00e4rke regulieren und die Funktionen Festlicht oder Flammeneffekt nutzen.<\/p>\n<p>Sie hat 200 Lumen und eine Brenndauer von 6 bis 20 Stunden je nach Intensit\u00e4t.<\/p>\n<p><strong>Erh\u00e4ltlich in 2 Gr\u00f6\u00dfen: SIROCO 30 \/ SIROCO 50<\/strong>[\/vc_column_text][\/vc_column][\/vc_row][vc_row][vc_column width=&#8220;1\/2&#8243;][vc_btn title=&#8220;Technisches Datenblatt&#8220; style=&#8220;custom&#8220; custom_background=&#8220;#009bc2&#8243; custom_text=&#8220;#ffffff&#8220; shape=&#8220;square&#8220; link=&#8220;url:https%3A%2F%2Fbit.ly%2F3OxDFqq|target:%20_blank|&#8220; el_class=&#8220;btn_descargar_ficha&#8220;][\/vc_column][vc_column width=&#8220;1\/2&#8243;][vc_btn title=&#8220;BEDIENUNGSANLEITUNG&#8220; style=&#8220;custom&#8220; custom_background=&#8220;#009bc2&#8243; custom_text=&#8220;#ffffff&#8220; shape=&#8220;square&#8220; link=&#8220;url:https%3A%2F%2Fbit.ly%2F3PWB0Yg|target:%20_blank|&#8220; el_class=&#8220;btn_descargar_ficha&#8220;][\/vc_column][vc_column][\/vc_column][\/vc_row]<\/p>\n<\/section>","protected":false},"excerpt":{"rendered":"<p>[vc_row][vc_column][vc_column_text][\/vc_column_text][\/vc_column][\/vc_row][vc_row][vc_column][vc_column_text]Siroco ist eine Metalllaterne, die keine Installation erfordert. Sie m\u00fcssen nur die Gl\u00fchbirne in die N\u00e4he des Metallsockels der Laterne bringen und sie wird dank des integrierten Magneten haften. Das<\/p>\n","protected":false},"featured_media":54355,"template":"","meta":[],"product_cat":[1696,763,764,826,1589],"product_tag":[766,793],"class_list":{"0":"post-43235","1":"product","2":"type-product","3":"status-publish","4":"has-post-thumbnail","6":"product_cat-productos-de","7":"product_cat-lightdeco-de","8":"product_cat-tischlampe","9":"product_cat-tragbares","10":"product_cat-innenbereich-de","11":"product_tag-batterie-de","12":"product_tag-drahtlose","14":"first","15":"instock","16":"taxable","17":"shipping-taxable","18":"product-type-simple"},"yoast_head":"<!-- This site is optimized with the Yoast SEO plugin v24.2 - https:\/\/yoast.com\/wordpress\/plugins\/seo\/ -->\n<title>SIROCO 50 KABELLOSE TRAGBARE METALL-LATERNE - Newgarden<\/title>\n<meta name=\"description\" content=\"Siroco ist eine Metalllaterne, die nicht installiert werden muss. Man muss nur die Gl\u00fchbirne in die N\u00e4he des Metallsockels der Laterne bringen, und schon\" \/>\n<meta name=\"robots\" content=\"index, follow, max-snippet:-1, max-image-preview:large, max-video-preview:-1\" \/>\n<link rel=\"canonical\" href=\"https:\/\/newgarden.es\/de\/shop\/lightdeco-de\/tischlampe\/siroco-50-kabellose-tragbare-metall-laterne\/\" \/>\n<meta property=\"og:locale\" content=\"de_DE\" \/>\n<meta property=\"og:type\" content=\"article\" \/>\n<meta property=\"og:title\" content=\"SIROCO 50 KABELLOSE TRAGBARE METALL-LATERNE - Newgarden\" \/>\n<meta property=\"og:description\" content=\"Siroco ist eine Metalllaterne, die nicht installiert werden muss. Man muss nur die Gl\u00fchbirne in die N\u00e4he des Metallsockels der Laterne bringen, und schon\" \/>\n<meta property=\"og:url\" content=\"https:\/\/newgarden.es\/de\/shop\/lightdeco-de\/tischlampe\/siroco-50-kabellose-tragbare-metall-laterne\/\" \/>\n<meta property=\"og:site_name\" content=\"Newgarden\" \/>\n<meta property=\"article:modified_time\" content=\"2024-06-03T07:00:31+00:00\" \/>\n<meta property=\"og:image\" content=\"https:\/\/newgarden.es\/wp-content\/uploads\/2022\/03\/SIROCO_30_50_BATTERY_1200X1200-8.jpg\" \/>\n\t<meta property=\"og:image:width\" content=\"1200\" \/>\n\t<meta property=\"og:image:height\" content=\"1200\" \/>\n\t<meta property=\"og:image:type\" content=\"image\/jpeg\" \/>\n<meta name=\"twitter:card\" content=\"summary_large_image\" \/>\n<meta name=\"twitter:label1\" content=\"Gesch\u00e4tzte Lesezeit\" \/>\n\t<meta name=\"twitter:data1\" content=\"1\u00a0Minute\" \/>\n<script type=\"application\/ld+json\" class=\"yoast-schema-graph\">{\"@context\":\"https:\/\/schema.org\",\"@graph\":[{\"@type\":\"WebPage\",\"@id\":\"https:\/\/newgarden.es\/de\/shop\/lightdeco-de\/tischlampe\/siroco-50-kabellose-tragbare-metall-laterne\/\",\"url\":\"https:\/\/newgarden.es\/de\/shop\/lightdeco-de\/tischlampe\/siroco-50-kabellose-tragbare-metall-laterne\/\",\"name\":\"SIROCO 50 KABELLOSE TRAGBARE METALL-LATERNE - Newgarden\",\"isPartOf\":{\"@id\":\"https:\/\/newgarden.es\/#website\"},\"primaryImageOfPage\":{\"@id\":\"https:\/\/newgarden.es\/de\/shop\/lightdeco-de\/tischlampe\/siroco-50-kabellose-tragbare-metall-laterne\/#primaryimage\"},\"image\":{\"@id\":\"https:\/\/newgarden.es\/de\/shop\/lightdeco-de\/tischlampe\/siroco-50-kabellose-tragbare-metall-laterne\/#primaryimage\"},\"thumbnailUrl\":\"https:\/\/newgarden.es\/wp-content\/uploads\/2022\/03\/SIROCO_30_50_BATTERY_1200X1200-8.jpg\",\"datePublished\":\"2022-03-30T10:48:36+00:00\",\"dateModified\":\"2024-06-03T07:00:31+00:00\",\"description\":\"Siroco ist eine Metalllaterne, die nicht installiert werden muss. Man muss nur die Gl\u00fchbirne in die N\u00e4he des Metallsockels der Laterne bringen, und schon\",\"breadcrumb\":{\"@id\":\"https:\/\/newgarden.es\/de\/shop\/lightdeco-de\/tischlampe\/siroco-50-kabellose-tragbare-metall-laterne\/#breadcrumb\"},\"inLanguage\":\"de\",\"potentialAction\":[{\"@type\":\"ReadAction\",\"target\":[\"https:\/\/newgarden.es\/de\/shop\/lightdeco-de\/tischlampe\/siroco-50-kabellose-tragbare-metall-laterne\/\"]}]},{\"@type\":\"ImageObject\",\"inLanguage\":\"de\",\"@id\":\"https:\/\/newgarden.es\/de\/shop\/lightdeco-de\/tischlampe\/siroco-50-kabellose-tragbare-metall-laterne\/#primaryimage\",\"url\":\"https:\/\/newgarden.es\/wp-content\/uploads\/2022\/03\/SIROCO_30_50_BATTERY_1200X1200-8.jpg\",\"contentUrl\":\"https:\/\/newgarden.es\/wp-content\/uploads\/2022\/03\/SIROCO_30_50_BATTERY_1200X1200-8.jpg\",\"width\":1200,\"height\":1200},{\"@type\":\"BreadcrumbList\",\"@id\":\"https:\/\/newgarden.es\/de\/shop\/lightdeco-de\/tischlampe\/siroco-50-kabellose-tragbare-metall-laterne\/#breadcrumb\",\"itemListElement\":[{\"@type\":\"ListItem\",\"position\":1,\"name\":\"Home\",\"item\":\"https:\/\/newgarden.es\/de\/\"},{\"@type\":\"ListItem\",\"position\":2,\"name\":\"Shop\",\"item\":\"https:\/\/newgarden.es\/de\/shop\/\"},{\"@type\":\"ListItem\",\"position\":3,\"name\":\"SIROCO 50 KABELLOSE TRAGBARE METALL-LATERNE\"}]},{\"@type\":\"WebSite\",\"@id\":\"https:\/\/newgarden.es\/#website\",\"url\":\"https:\/\/newgarden.es\/\",\"name\":\"Newgarden\",\"description\":\"Be happy\",\"potentialAction\":[{\"@type\":\"SearchAction\",\"target\":{\"@type\":\"EntryPoint\",\"urlTemplate\":\"https:\/\/newgarden.es\/?s={search_term_string}\"},\"query-input\":{\"@type\":\"PropertyValueSpecification\",\"valueRequired\":true,\"valueName\":\"search_term_string\"}}],\"inLanguage\":\"de\"}]}<\/script>\n<!-- \/ Yoast SEO plugin. -->","yoast_head_json":{"title":"SIROCO 50 KABELLOSE TRAGBARE METALL-LATERNE - Newgarden","description":"Siroco ist eine Metalllaterne, die nicht installiert werden muss. Man muss nur die Gl\u00fchbirne in die N\u00e4he des Metallsockels der Laterne bringen, und schon","robots":{"index":"index","follow":"follow","max-snippet":"max-snippet:-1","max-image-preview":"max-image-preview:large","max-video-preview":"max-video-preview:-1"},"canonical":"https:\/\/newgarden.es\/de\/shop\/lightdeco-de\/tischlampe\/siroco-50-kabellose-tragbare-metall-laterne\/","og_locale":"de_DE","og_type":"article","og_title":"SIROCO 50 KABELLOSE TRAGBARE METALL-LATERNE - Newgarden","og_description":"Siroco ist eine Metalllaterne, die nicht installiert werden muss. Man muss nur die Gl\u00fchbirne in die N\u00e4he des Metallsockels der Laterne bringen, und schon","og_url":"https:\/\/newgarden.es\/de\/shop\/lightdeco-de\/tischlampe\/siroco-50-kabellose-tragbare-metall-laterne\/","og_site_name":"Newgarden","article_modified_time":"2024-06-03T07:00:31+00:00","og_image":[{"width":1200,"height":1200,"url":"https:\/\/newgarden.es\/wp-content\/uploads\/2022\/03\/SIROCO_30_50_BATTERY_1200X1200-8.jpg","type":"image\/jpeg"}],"twitter_card":"summary_large_image","twitter_misc":{"Gesch\u00e4tzte Lesezeit":"1\u00a0Minute"},"schema":{"@context":"https:\/\/schema.org","@graph":[{"@type":"WebPage","@id":"https:\/\/newgarden.es\/de\/shop\/lightdeco-de\/tischlampe\/siroco-50-kabellose-tragbare-metall-laterne\/","url":"https:\/\/newgarden.es\/de\/shop\/lightdeco-de\/tischlampe\/siroco-50-kabellose-tragbare-metall-laterne\/","name":"SIROCO 50 KABELLOSE TRAGBARE METALL-LATERNE - Newgarden","isPartOf":{"@id":"https:\/\/newgarden.es\/#website"},"primaryImageOfPage":{"@id":"https:\/\/newgarden.es\/de\/shop\/lightdeco-de\/tischlampe\/siroco-50-kabellose-tragbare-metall-laterne\/#primaryimage"},"image":{"@id":"https:\/\/newgarden.es\/de\/shop\/lightdeco-de\/tischlampe\/siroco-50-kabellose-tragbare-metall-laterne\/#primaryimage"},"thumbnailUrl":"https:\/\/newgarden.es\/wp-content\/uploads\/2022\/03\/SIROCO_30_50_BATTERY_1200X1200-8.jpg","datePublished":"2022-03-30T10:48:36+00:00","dateModified":"2024-06-03T07:00:31+00:00","description":"Siroco ist eine Metalllaterne, die nicht installiert werden muss. Man muss nur die Gl\u00fchbirne in die N\u00e4he des Metallsockels der Laterne bringen, und schon","breadcrumb":{"@id":"https:\/\/newgarden.es\/de\/shop\/lightdeco-de\/tischlampe\/siroco-50-kabellose-tragbare-metall-laterne\/#breadcrumb"},"inLanguage":"de","potentialAction":[{"@type":"ReadAction","target":["https:\/\/newgarden.es\/de\/shop\/lightdeco-de\/tischlampe\/siroco-50-kabellose-tragbare-metall-laterne\/"]}]},{"@type":"ImageObject","inLanguage":"de","@id":"https:\/\/newgarden.es\/de\/shop\/lightdeco-de\/tischlampe\/siroco-50-kabellose-tragbare-metall-laterne\/#primaryimage","url":"https:\/\/newgarden.es\/wp-content\/uploads\/2022\/03\/SIROCO_30_50_BATTERY_1200X1200-8.jpg","contentUrl":"https:\/\/newgarden.es\/wp-content\/uploads\/2022\/03\/SIROCO_30_50_BATTERY_1200X1200-8.jpg","width":1200,"height":1200},{"@type":"BreadcrumbList","@id":"https:\/\/newgarden.es\/de\/shop\/lightdeco-de\/tischlampe\/siroco-50-kabellose-tragbare-metall-laterne\/#breadcrumb","itemListElement":[{"@type":"ListItem","position":1,"name":"Home","item":"https:\/\/newgarden.es\/de\/"},{"@type":"ListItem","position":2,"name":"Shop","item":"https:\/\/newgarden.es\/de\/shop\/"},{"@type":"ListItem","position":3,"name":"SIROCO 50 KABELLOSE TRAGBARE METALL-LATERNE"}]},{"@type":"WebSite","@id":"https:\/\/newgarden.es\/#website","url":"https:\/\/newgarden.es\/","name":"Newgarden","description":"Be happy","potentialAction":[{"@type":"SearchAction","target":{"@type":"EntryPoint","urlTemplate":"https:\/\/newgarden.es\/?s={search_term_string}"},"query-input":{"@type":"PropertyValueSpecification","valueRequired":true,"valueName":"search_term_string"}}],"inLanguage":"de"}]}},"df_price":"","df_sale_price":"","df_regular_price":"","df_image_link":"https:\/\/newgarden.es\/wp-content\/uploads\/2022\/03\/SIROCO_30_50_BATTERY_1200X1200-8-580x400.jpg","_links":{"self":[{"href":"https:\/\/newgarden.es\/de\/wp-json\/wp\/v2\/product\/43235"}],"collection":[{"href":"https:\/\/newgarden.es\/de\/wp-json\/wp\/v2\/product"}],"about":[{"href":"https:\/\/newgarden.es\/de\/wp-json\/wp\/v2\/types\/product"}],"wp:featuredmedia":[{"embeddable":true,"href":"https:\/\/newgarden.es\/de\/wp-json\/wp\/v2\/media\/54355"}],"wp:attachment":[{"href":"https:\/\/newgarden.es\/de\/wp-json\/wp\/v2\/media?parent=43235"}],"wp:term":[{"taxonomy":"product_cat","embeddable":true,"href":"https:\/\/newgarden.es\/de\/wp-json\/wp\/v2\/product_cat?post=43235"},{"taxonomy":"product_tag","embeddable":true,"href":"https:\/\/newgarden.es\/de\/wp-json\/wp\/v2\/product_tag?post=43235"}],"curies":[{"name":"wp","href":"https:\/\/api.w.org\/{rel}","templated":true}]}}