{"id":43429,"date":"2022-04-12T15:13:32","date_gmt":"2022-04-12T13:13:33","guid":{"rendered":"https:\/\/newgarden.es\/?post_type=product&#038;p=43429"},"modified":"2022-12-01T08:56:29","modified_gmt":"2022-12-01T07:56:29","slug":"wandleuchte-mit-solarladung-wally","status":"publish","type":"product","link":"https:\/\/newgarden.es\/de\/shop\/lightdeco-de\/wandlampe\/wandleuchte-mit-solarladung-wally\/","title":{"rendered":"Wandleuchte mit Solarladung WALLY"},"content":{"rendered":"<section class=\"wpb-content-wrapper\"><p>[vc_row][vc_column][vc_column_text][\/vc_column_text][\/vc_column][\/vc_row][vc_row][vc_column][vc_column_text]Wally ist mehr als eine herk\u00f6mmliche Wandleuchte. Er besteht aus recyceltem Kunststoff und verf\u00fcgt \u00fcber ein Solarpanel an der Oberseite, mit dem er aufgeladen werden kann. Stellen Sie ihn auf einem Gehweg, am Pool oder wo auch immer Sie wollen auf, aber achten Sie darauf, dass er immer direktes Sonnenlicht erh\u00e4lt, damit er perfekt funktioniert. Er verf\u00fcgt \u00fcber einen D\u00e4mmerungssensor, so dass Sie ihn nicht mehr ein- oder ausschalten m\u00fcssen, da er sich automatisch einschaltet, wenn er erkennt, dass das Sonnenlicht schw\u00e4cher wird. Er verf\u00fcgt au\u00dferdem \u00fcber einen eingebauten N\u00e4herungssensor, so dass er sich nur dann mit hoher Leistung einschaltet, wenn er eine Bewegung in seinem Bereich erkennt, wodurch sich die Betriebsstunden erheblich verl\u00e4ngern.<\/p>\n<p>Wally ist in einer Vielzahl von Formen und Gr\u00f6\u00dfen sowie im Pflanzgef\u00e4\u00dfformat erh\u00e4ltlich, so dass Sie erstaunliche Kompositionen schaffen k\u00f6nnen.<\/p>\n<p>Die Wally-Familie wird aus recyceltem Material aus den Weltmeeren hergestellt. Sie ist ein nachhaltiges Produkt, das Plastikm\u00fcll in Form einer Lampe ein neues Leben gibt.<\/p>\n<p>[\/vc_column_text][\/vc_column][\/vc_row][vc_row][vc_column width=&#8221;1\/2&#8243;][vc_btn title=&#8221;Technisches Datenblatt Wally 12&#8243; style=&#8221;custom&#8221; custom_background=&#8221;#009bc2&#8243; custom_text=&#8221;#ffffff&#8221; shape=&#8221;square&#8221; el_class=&#8221;btn_descargar_ficha&#8221; link=&#8221;url:https%3A%2F%2Fbit.ly%2F3x9gQDI||target:%20_blank|&#8221;][vc_btn title=&#8221;Technisches Datenblatt Wally 12&#215;18&#8243; style=&#8221;custom&#8221; custom_background=&#8221;#009bc2&#8243; custom_text=&#8221;#ffffff&#8221; shape=&#8221;square&#8221; el_class=&#8221;btn_descargar_ficha&#8221; link=&#8221;url:https%3A%2F%2Fbit.ly%2F36ZG4tG||target:%20_blank|&#8221;][vc_btn title=&#8221;Technisches Datenblatt Wally 18&#8243; style=&#8221;custom&#8221; custom_background=&#8221;#009bc2&#8243; custom_text=&#8221;#ffffff&#8221; shape=&#8221;square&#8221; el_class=&#8221;btn_descargar_ficha&#8221; link=&#8221;url:https%3A%2F%2Fbit.ly%2F3NNgubQ||target:%20_blank|&#8221;][\/vc_column][vc_column width=&#8221;1\/2&#8243;][vc_btn title=&#8221;BEDIENUNGSANLEITUNG&#8221; style=&#8221;custom&#8221; custom_background=&#8221;#009bc2&#8243; custom_text=&#8221;#ffffff&#8221; shape=&#8221;square&#8221; el_class=&#8221;btn_descargar_ficha&#8221; link=&#8221;target:%20_blank|&#8221;][\/vc_column][\/vc_row]<\/p>\n<\/section>","protected":false},"excerpt":{"rendered":"<p><strong>Wandleuchte mit Solarladung WALLY<\/strong><\/p>\n","protected":false},"featured_media":56716,"template":"","meta":[],"product_cat":[763,842],"product_tag":[793,789],"class_list":{"0":"post-43429","1":"product","2":"type-product","3":"status-publish","4":"has-post-thumbnail","6":"product_cat-lightdeco-de","7":"product_cat-wandlampe","8":"product_tag-drahtlose","9":"product_tag-solar-de","11":"first","12":"instock","13":"taxable","14":"shipping-taxable","15":"purchasable","16":"product-type-variable"},"yoast_head":"<!-- This site is optimized with the Yoast SEO plugin v24.2 - https:\/\/yoast.com\/wordpress\/plugins\/seo\/ -->\n<title>Wandleuchte mit Solarladung WALLY - Newgarden<\/title>\n<meta name=\"description\" content=\"Wally ist mehr als eine herk\u00f6mmliche Wandleuchte. Er besteht aus recyceltem Kunststoff und verf\u00fcgt \u00fcber ein Solarmodul an der Oberseite zum Aufladen.\" \/>\n<meta name=\"robots\" content=\"index, follow, max-snippet:-1, max-image-preview:large, max-video-preview:-1\" \/>\n<link rel=\"canonical\" href=\"https:\/\/newgarden.es\/de\/shop\/lightdeco-de\/wandlampe\/wandleuchte-mit-solarladung-wally\/\" \/>\n<meta property=\"og:locale\" content=\"de_DE\" \/>\n<meta property=\"og:type\" content=\"article\" \/>\n<meta property=\"og:title\" content=\"Wandleuchte mit Solarladung WALLY - Newgarden\" \/>\n<meta property=\"og:description\" content=\"Wally ist mehr als eine herk\u00f6mmliche Wandleuchte. Er besteht aus recyceltem Kunststoff und verf\u00fcgt \u00fcber ein Solarmodul an der Oberseite zum Aufladen.\" \/>\n<meta property=\"og:url\" content=\"https:\/\/newgarden.es\/de\/shop\/lightdeco-de\/wandlampe\/wandleuchte-mit-solarladung-wally\/\" \/>\n<meta property=\"og:site_name\" content=\"Newgarden\" \/>\n<meta property=\"article:modified_time\" content=\"2022-12-01T07:56:29+00:00\" \/>\n<meta property=\"og:image\" content=\"https:\/\/newgarden.es\/wp-content\/uploads\/2022\/04\/FAMILIA_WALLY_SOLAR_1200X1200-3.jpg\" \/>\n\t<meta property=\"og:image:width\" content=\"1200\" \/>\n\t<meta property=\"og:image:height\" content=\"1200\" \/>\n\t<meta property=\"og:image:type\" content=\"image\/jpeg\" \/>\n<meta name=\"twitter:card\" content=\"summary_large_image\" \/>\n<meta name=\"twitter:label1\" content=\"Gesch\u00e4tzte Lesezeit\" \/>\n\t<meta name=\"twitter:data1\" content=\"2\u00a0Minuten\" \/>\n<script type=\"application\/ld+json\" class=\"yoast-schema-graph\">{\"@context\":\"https:\/\/schema.org\",\"@graph\":[{\"@type\":\"WebPage\",\"@id\":\"https:\/\/newgarden.es\/de\/shop\/lightdeco-de\/wandlampe\/wandleuchte-mit-solarladung-wally\/\",\"url\":\"https:\/\/newgarden.es\/de\/shop\/lightdeco-de\/wandlampe\/wandleuchte-mit-solarladung-wally\/\",\"name\":\"Wandleuchte mit Solarladung WALLY - Newgarden\",\"isPartOf\":{\"@id\":\"https:\/\/newgarden.es\/#website\"},\"primaryImageOfPage\":{\"@id\":\"https:\/\/newgarden.es\/de\/shop\/lightdeco-de\/wandlampe\/wandleuchte-mit-solarladung-wally\/#primaryimage\"},\"image\":{\"@id\":\"https:\/\/newgarden.es\/de\/shop\/lightdeco-de\/wandlampe\/wandleuchte-mit-solarladung-wally\/#primaryimage\"},\"thumbnailUrl\":\"https:\/\/newgarden.es\/wp-content\/uploads\/2022\/04\/FAMILIA_WALLY_SOLAR_1200X1200-3.jpg\",\"datePublished\":\"2022-04-12T13:13:33+00:00\",\"dateModified\":\"2022-12-01T07:56:29+00:00\",\"description\":\"Wally ist mehr als eine herk\u00f6mmliche Wandleuchte. Er besteht aus recyceltem Kunststoff und verf\u00fcgt \u00fcber ein Solarmodul an der Oberseite zum Aufladen.\",\"breadcrumb\":{\"@id\":\"https:\/\/newgarden.es\/de\/shop\/lightdeco-de\/wandlampe\/wandleuchte-mit-solarladung-wally\/#breadcrumb\"},\"inLanguage\":\"de\",\"potentialAction\":[{\"@type\":\"ReadAction\",\"target\":[\"https:\/\/newgarden.es\/de\/shop\/lightdeco-de\/wandlampe\/wandleuchte-mit-solarladung-wally\/\"]}]},{\"@type\":\"ImageObject\",\"inLanguage\":\"de\",\"@id\":\"https:\/\/newgarden.es\/de\/shop\/lightdeco-de\/wandlampe\/wandleuchte-mit-solarladung-wally\/#primaryimage\",\"url\":\"https:\/\/newgarden.es\/wp-content\/uploads\/2022\/04\/FAMILIA_WALLY_SOLAR_1200X1200-3.jpg\",\"contentUrl\":\"https:\/\/newgarden.es\/wp-content\/uploads\/2022\/04\/FAMILIA_WALLY_SOLAR_1200X1200-3.jpg\",\"width\":1200,\"height\":1200},{\"@type\":\"BreadcrumbList\",\"@id\":\"https:\/\/newgarden.es\/de\/shop\/lightdeco-de\/wandlampe\/wandleuchte-mit-solarladung-wally\/#breadcrumb\",\"itemListElement\":[{\"@type\":\"ListItem\",\"position\":1,\"name\":\"Home\",\"item\":\"https:\/\/newgarden.es\/de\/\"},{\"@type\":\"ListItem\",\"position\":2,\"name\":\"Shop\",\"item\":\"https:\/\/newgarden.es\/de\/shop\/\"},{\"@type\":\"ListItem\",\"position\":3,\"name\":\"Wandleuchte mit Solarladung WALLY\"}]},{\"@type\":\"WebSite\",\"@id\":\"https:\/\/newgarden.es\/#website\",\"url\":\"https:\/\/newgarden.es\/\",\"name\":\"Newgarden\",\"description\":\"Be happy\",\"potentialAction\":[{\"@type\":\"SearchAction\",\"target\":{\"@type\":\"EntryPoint\",\"urlTemplate\":\"https:\/\/newgarden.es\/?s={search_term_string}\"},\"query-input\":{\"@type\":\"PropertyValueSpecification\",\"valueRequired\":true,\"valueName\":\"search_term_string\"}}],\"inLanguage\":\"de\"}]}<\/script>\n<!-- \/ Yoast SEO plugin. -->","yoast_head_json":{"title":"Wandleuchte mit Solarladung WALLY - Newgarden","description":"Wally ist mehr als eine herk\u00f6mmliche Wandleuchte. Er besteht aus recyceltem Kunststoff und verf\u00fcgt \u00fcber ein Solarmodul an der Oberseite zum Aufladen.","robots":{"index":"index","follow":"follow","max-snippet":"max-snippet:-1","max-image-preview":"max-image-preview:large","max-video-preview":"max-video-preview:-1"},"canonical":"https:\/\/newgarden.es\/de\/shop\/lightdeco-de\/wandlampe\/wandleuchte-mit-solarladung-wally\/","og_locale":"de_DE","og_type":"article","og_title":"Wandleuchte mit Solarladung WALLY - Newgarden","og_description":"Wally ist mehr als eine herk\u00f6mmliche Wandleuchte. Er besteht aus recyceltem Kunststoff und verf\u00fcgt \u00fcber ein Solarmodul an der Oberseite zum Aufladen.","og_url":"https:\/\/newgarden.es\/de\/shop\/lightdeco-de\/wandlampe\/wandleuchte-mit-solarladung-wally\/","og_site_name":"Newgarden","article_modified_time":"2022-12-01T07:56:29+00:00","og_image":[{"width":1200,"height":1200,"url":"https:\/\/newgarden.es\/wp-content\/uploads\/2022\/04\/FAMILIA_WALLY_SOLAR_1200X1200-3.jpg","type":"image\/jpeg"}],"twitter_card":"summary_large_image","twitter_misc":{"Gesch\u00e4tzte Lesezeit":"2\u00a0Minuten"},"schema":{"@context":"https:\/\/schema.org","@graph":[{"@type":"WebPage","@id":"https:\/\/newgarden.es\/de\/shop\/lightdeco-de\/wandlampe\/wandleuchte-mit-solarladung-wally\/","url":"https:\/\/newgarden.es\/de\/shop\/lightdeco-de\/wandlampe\/wandleuchte-mit-solarladung-wally\/","name":"Wandleuchte mit Solarladung WALLY - Newgarden","isPartOf":{"@id":"https:\/\/newgarden.es\/#website"},"primaryImageOfPage":{"@id":"https:\/\/newgarden.es\/de\/shop\/lightdeco-de\/wandlampe\/wandleuchte-mit-solarladung-wally\/#primaryimage"},"image":{"@id":"https:\/\/newgarden.es\/de\/shop\/lightdeco-de\/wandlampe\/wandleuchte-mit-solarladung-wally\/#primaryimage"},"thumbnailUrl":"https:\/\/newgarden.es\/wp-content\/uploads\/2022\/04\/FAMILIA_WALLY_SOLAR_1200X1200-3.jpg","datePublished":"2022-04-12T13:13:33+00:00","dateModified":"2022-12-01T07:56:29+00:00","description":"Wally ist mehr als eine herk\u00f6mmliche Wandleuchte. Er besteht aus recyceltem Kunststoff und verf\u00fcgt \u00fcber ein Solarmodul an der Oberseite zum Aufladen.","breadcrumb":{"@id":"https:\/\/newgarden.es\/de\/shop\/lightdeco-de\/wandlampe\/wandleuchte-mit-solarladung-wally\/#breadcrumb"},"inLanguage":"de","potentialAction":[{"@type":"ReadAction","target":["https:\/\/newgarden.es\/de\/shop\/lightdeco-de\/wandlampe\/wandleuchte-mit-solarladung-wally\/"]}]},{"@type":"ImageObject","inLanguage":"de","@id":"https:\/\/newgarden.es\/de\/shop\/lightdeco-de\/wandlampe\/wandleuchte-mit-solarladung-wally\/#primaryimage","url":"https:\/\/newgarden.es\/wp-content\/uploads\/2022\/04\/FAMILIA_WALLY_SOLAR_1200X1200-3.jpg","contentUrl":"https:\/\/newgarden.es\/wp-content\/uploads\/2022\/04\/FAMILIA_WALLY_SOLAR_1200X1200-3.jpg","width":1200,"height":1200},{"@type":"BreadcrumbList","@id":"https:\/\/newgarden.es\/de\/shop\/lightdeco-de\/wandlampe\/wandleuchte-mit-solarladung-wally\/#breadcrumb","itemListElement":[{"@type":"ListItem","position":1,"name":"Home","item":"https:\/\/newgarden.es\/de\/"},{"@type":"ListItem","position":2,"name":"Shop","item":"https:\/\/newgarden.es\/de\/shop\/"},{"@type":"ListItem","position":3,"name":"Wandleuchte mit Solarladung WALLY"}]},{"@type":"WebSite","@id":"https:\/\/newgarden.es\/#website","url":"https:\/\/newgarden.es\/","name":"Newgarden","description":"Be happy","potentialAction":[{"@type":"SearchAction","target":{"@type":"EntryPoint","urlTemplate":"https:\/\/newgarden.es\/?s={search_term_string}"},"query-input":{"@type":"PropertyValueSpecification","valueRequired":true,"valueName":"search_term_string"}}],"inLanguage":"de"}]}},"df_price":29.9,"df_sale_price":"","df_regular_price":29.9,"df_image_link":"https:\/\/newgarden.es\/wp-content\/uploads\/2022\/04\/FAMILIA_WALLY_SOLAR_1200X1200-3-580x400.jpg","_links":{"self":[{"href":"https:\/\/newgarden.es\/de\/wp-json\/wp\/v2\/product\/43429"}],"collection":[{"href":"https:\/\/newgarden.es\/de\/wp-json\/wp\/v2\/product"}],"about":[{"href":"https:\/\/newgarden.es\/de\/wp-json\/wp\/v2\/types\/product"}],"wp:featuredmedia":[{"embeddable":true,"href":"https:\/\/newgarden.es\/de\/wp-json\/wp\/v2\/media\/56716"}],"wp:attachment":[{"href":"https:\/\/newgarden.es\/de\/wp-json\/wp\/v2\/media?parent=43429"}],"wp:term":[{"taxonomy":"product_cat","embeddable":true,"href":"https:\/\/newgarden.es\/de\/wp-json\/wp\/v2\/product_cat?post=43429"},{"taxonomy":"product_tag","embeddable":true,"href":"https:\/\/newgarden.es\/de\/wp-json\/wp\/v2\/product_tag?post=43429"}],"curies":[{"name":"wp","href":"https:\/\/api.w.org\/{rel}","templated":true}]}}