{"id":43628,"date":"2022-04-13T14:44:22","date_gmt":"2022-04-13T12:44:24","guid":{"rendered":"https:\/\/newgarden.es\/?post_type=product&#038;p=43628"},"modified":"2022-04-27T13:06:44","modified_gmt":"2022-04-27T11:06:44","slug":"kugelfoermige-pendelleuchte-mit-wiederaufladbarer-batterie-pianeta","status":"publish","type":"product","link":"https:\/\/newgarden.es\/de\/shop\/lightdeco-de\/pendelleuchten\/kugelfoermige-pendelleuchte-mit-wiederaufladbarer-batterie-pianeta\/","title":{"rendered":"KUGELF\u00d6RMIGE PENDELLEUCHTE MIT WIEDERAUFLADBARER BATTERIE PIANETA"},"content":{"rendered":"<section class=\"wpb-content-wrapper\"><p>[vc_row][vc_column][vc_column_text]<\/p>\n<p>[\/vc_column_text][\/vc_column][\/vc_row][vc_row][vc_column el_class=&#8220;descripcion_producto&#8220;][vc_column_text]Pianeta ist eine originelle dekorative Lampe, die, wie der Name schon sagt, eine v\u00f6llig kugelf\u00f6rmige Gestalt hat, als ob sie ein Planet w\u00e4re. Es ist ideal, um sowohl den Au\u00dfen- als auch den Innenbereich Ihres Hauses zu schm\u00fccken. Die H\u00f6he ist dank des Stahlb\u00fcgels leicht verstellbar. Sie verf\u00fcgt \u00fcber eine integrierte LED-Beleuchtung mit wiederaufladbarem Akku, die eine Fernbedienung mit Ein-\/Ausschalter, Intensit\u00e4tsregler und Farbtemperatur\u00e4nderung des Lichts umfasst.<\/p>\n<p>Sie ist in drei Gr\u00f6\u00dfen erh\u00e4ltlich und eignet sich perfekt f\u00fcr spektakul\u00e4re Kombinationen, die wie von einem anderen Planeten&#8220; wirken.<\/p>\n<p>*Benutzung im Freien unter einer \u00dcberdachung.<\/p>\n<p>Alle Newgarden-Produkte werden aus Polyethylen hergestellt, wodurch sie leicht und sehr widerstandsf\u00e4hig sind. Sie widerstehen extremen Temperaturschwankungen und sind gegen UV-Strahlen gesch\u00fctzt, so dass die Lebensdauer des Produkts nahezu unbegrenzt ist.[\/vc_column_text][\/vc_column][\/vc_row][vc_row][vc_column][vc_btn title=&#8220;Technisches Datenblatt Pianeta 25&#8243; style=&#8220;custom&#8220; custom_background=&#8220;#009bc2&#8243; custom_text=&#8220;#ffffff&#8220; link=&#8220;url:https%3A%2F%2Fbit.ly%2F3KozRG7|||&#8220;][vc_btn title=&#8220;Technisches Datenblatt Pianeta 35&#8243; style=&#8220;custom&#8220; custom_background=&#8220;#009bc2&#8243; custom_text=&#8220;#ffffff&#8220; link=&#8220;url:https%3A%2F%2Fbit.ly%2F3jexLN9|||&#8220;][vc_btn title=&#8220;Technisches Datenblatt Pianeta 45&#8243; style=&#8220;custom&#8220; custom_background=&#8220;#009bc2&#8243; custom_text=&#8220;#ffffff&#8220; link=&#8220;url:https%3A%2F%2Fbit.ly%2F3jchFDw|||&#8220;][\/vc_column][\/vc_row]<\/p>\n<\/section>","protected":false},"excerpt":{"rendered":"<h1 style=\"font-size: 12px;\">KUGELF\u00d6RMIGE PENDELLEUCHTE PIANETA<\/h1>\n","protected":false},"featured_media":57393,"template":"","meta":[],"product_cat":[763,1568,819],"product_tag":[766],"class_list":{"0":"post-43628","1":"product","2":"type-product","3":"status-publish","4":"has-post-thumbnail","6":"product_cat-lightdeco-de","7":"product_cat-kabellose-deckenleuchten","8":"product_cat-pendelleuchten","9":"product_tag-batterie-de","11":"first","12":"instock","13":"taxable","14":"shipping-taxable","15":"purchasable","16":"product-type-variable"},"yoast_head":"<!-- This site is optimized with the Yoast SEO plugin v24.2 - https:\/\/yoast.com\/wordpress\/plugins\/seo\/ -->\n<title>KUGELF\u00d6RMIGE PENDELLEUCHTE PIANETA<\/title>\n<meta name=\"description\" content=\"Pianeta ist eine originelle dekorative Lampe, die, wie der Name schon sagt, eine v\u00f6llig kugelf\u00f6rmige Gestalt hat, als ob sie ein Planet w\u00e4re. Ideal\" \/>\n<meta name=\"robots\" content=\"index, follow, max-snippet:-1, max-image-preview:large, max-video-preview:-1\" \/>\n<link rel=\"canonical\" href=\"https:\/\/newgarden.es\/de\/shop\/lightdeco-de\/pendelleuchten\/kugelfoermige-pendelleuchte-mit-wiederaufladbarer-batterie-pianeta\/\" \/>\n<meta property=\"og:locale\" content=\"de_DE\" \/>\n<meta property=\"og:type\" content=\"article\" \/>\n<meta property=\"og:title\" content=\"KUGELF\u00d6RMIGE PENDELLEUCHTE PIANETA\" \/>\n<meta property=\"og:description\" content=\"Pianeta ist eine originelle dekorative Lampe, die, wie der Name schon sagt, eine v\u00f6llig kugelf\u00f6rmige Gestalt hat, als ob sie ein Planet w\u00e4re. Ideal\" \/>\n<meta property=\"og:url\" content=\"https:\/\/newgarden.es\/de\/shop\/lightdeco-de\/pendelleuchten\/kugelfoermige-pendelleuchte-mit-wiederaufladbarer-batterie-pianeta\/\" \/>\n<meta property=\"og:site_name\" content=\"Newgarden\" \/>\n<meta property=\"article:modified_time\" content=\"2022-04-27T11:06:44+00:00\" \/>\n<meta property=\"og:image\" content=\"https:\/\/newgarden.es\/wp-content\/uploads\/2022\/04\/PIANETA_25_35_45_1200X1200-9-1.jpg\" \/>\n\t<meta property=\"og:image:width\" content=\"1200\" \/>\n\t<meta property=\"og:image:height\" content=\"1200\" \/>\n\t<meta property=\"og:image:type\" content=\"image\/jpeg\" \/>\n<meta name=\"twitter:card\" content=\"summary_large_image\" \/>\n<meta name=\"twitter:label1\" content=\"Gesch\u00e4tzte Lesezeit\" \/>\n\t<meta name=\"twitter:data1\" content=\"1\u00a0Minute\" \/>\n<script type=\"application\/ld+json\" class=\"yoast-schema-graph\">{\"@context\":\"https:\/\/schema.org\",\"@graph\":[{\"@type\":\"WebPage\",\"@id\":\"https:\/\/newgarden.es\/de\/shop\/lightdeco-de\/pendelleuchten\/kugelfoermige-pendelleuchte-mit-wiederaufladbarer-batterie-pianeta\/\",\"url\":\"https:\/\/newgarden.es\/de\/shop\/lightdeco-de\/pendelleuchten\/kugelfoermige-pendelleuchte-mit-wiederaufladbarer-batterie-pianeta\/\",\"name\":\"KUGELF\u00d6RMIGE PENDELLEUCHTE PIANETA\",\"isPartOf\":{\"@id\":\"https:\/\/newgarden.es\/#website\"},\"primaryImageOfPage\":{\"@id\":\"https:\/\/newgarden.es\/de\/shop\/lightdeco-de\/pendelleuchten\/kugelfoermige-pendelleuchte-mit-wiederaufladbarer-batterie-pianeta\/#primaryimage\"},\"image\":{\"@id\":\"https:\/\/newgarden.es\/de\/shop\/lightdeco-de\/pendelleuchten\/kugelfoermige-pendelleuchte-mit-wiederaufladbarer-batterie-pianeta\/#primaryimage\"},\"thumbnailUrl\":\"https:\/\/newgarden.es\/wp-content\/uploads\/2022\/04\/PIANETA_25_35_45_1200X1200-9-1.jpg\",\"datePublished\":\"2022-04-13T12:44:24+00:00\",\"dateModified\":\"2022-04-27T11:06:44+00:00\",\"description\":\"Pianeta ist eine originelle dekorative Lampe, die, wie der Name schon sagt, eine v\u00f6llig kugelf\u00f6rmige Gestalt hat, als ob sie ein Planet w\u00e4re. Ideal\",\"breadcrumb\":{\"@id\":\"https:\/\/newgarden.es\/de\/shop\/lightdeco-de\/pendelleuchten\/kugelfoermige-pendelleuchte-mit-wiederaufladbarer-batterie-pianeta\/#breadcrumb\"},\"inLanguage\":\"de\",\"potentialAction\":[{\"@type\":\"ReadAction\",\"target\":[\"https:\/\/newgarden.es\/de\/shop\/lightdeco-de\/pendelleuchten\/kugelfoermige-pendelleuchte-mit-wiederaufladbarer-batterie-pianeta\/\"]}]},{\"@type\":\"ImageObject\",\"inLanguage\":\"de\",\"@id\":\"https:\/\/newgarden.es\/de\/shop\/lightdeco-de\/pendelleuchten\/kugelfoermige-pendelleuchte-mit-wiederaufladbarer-batterie-pianeta\/#primaryimage\",\"url\":\"https:\/\/newgarden.es\/wp-content\/uploads\/2022\/04\/PIANETA_25_35_45_1200X1200-9-1.jpg\",\"contentUrl\":\"https:\/\/newgarden.es\/wp-content\/uploads\/2022\/04\/PIANETA_25_35_45_1200X1200-9-1.jpg\",\"width\":1200,\"height\":1200},{\"@type\":\"BreadcrumbList\",\"@id\":\"https:\/\/newgarden.es\/de\/shop\/lightdeco-de\/pendelleuchten\/kugelfoermige-pendelleuchte-mit-wiederaufladbarer-batterie-pianeta\/#breadcrumb\",\"itemListElement\":[{\"@type\":\"ListItem\",\"position\":1,\"name\":\"Home\",\"item\":\"https:\/\/newgarden.es\/de\/\"},{\"@type\":\"ListItem\",\"position\":2,\"name\":\"Shop\",\"item\":\"https:\/\/newgarden.es\/de\/shop\/\"},{\"@type\":\"ListItem\",\"position\":3,\"name\":\"KUGELF\u00d6RMIGE PENDELLEUCHTE MIT WIEDERAUFLADBARER BATTERIE PIANETA\"}]},{\"@type\":\"WebSite\",\"@id\":\"https:\/\/newgarden.es\/#website\",\"url\":\"https:\/\/newgarden.es\/\",\"name\":\"Newgarden\",\"description\":\"Be happy\",\"potentialAction\":[{\"@type\":\"SearchAction\",\"target\":{\"@type\":\"EntryPoint\",\"urlTemplate\":\"https:\/\/newgarden.es\/?s={search_term_string}\"},\"query-input\":{\"@type\":\"PropertyValueSpecification\",\"valueRequired\":true,\"valueName\":\"search_term_string\"}}],\"inLanguage\":\"de\"}]}<\/script>\n<!-- \/ Yoast SEO plugin. -->","yoast_head_json":{"title":"KUGELF\u00d6RMIGE PENDELLEUCHTE PIANETA","description":"Pianeta ist eine originelle dekorative Lampe, die, wie der Name schon sagt, eine v\u00f6llig kugelf\u00f6rmige Gestalt hat, als ob sie ein Planet w\u00e4re. Ideal","robots":{"index":"index","follow":"follow","max-snippet":"max-snippet:-1","max-image-preview":"max-image-preview:large","max-video-preview":"max-video-preview:-1"},"canonical":"https:\/\/newgarden.es\/de\/shop\/lightdeco-de\/pendelleuchten\/kugelfoermige-pendelleuchte-mit-wiederaufladbarer-batterie-pianeta\/","og_locale":"de_DE","og_type":"article","og_title":"KUGELF\u00d6RMIGE PENDELLEUCHTE PIANETA","og_description":"Pianeta ist eine originelle dekorative Lampe, die, wie der Name schon sagt, eine v\u00f6llig kugelf\u00f6rmige Gestalt hat, als ob sie ein Planet w\u00e4re. Ideal","og_url":"https:\/\/newgarden.es\/de\/shop\/lightdeco-de\/pendelleuchten\/kugelfoermige-pendelleuchte-mit-wiederaufladbarer-batterie-pianeta\/","og_site_name":"Newgarden","article_modified_time":"2022-04-27T11:06:44+00:00","og_image":[{"width":1200,"height":1200,"url":"https:\/\/newgarden.es\/wp-content\/uploads\/2022\/04\/PIANETA_25_35_45_1200X1200-9-1.jpg","type":"image\/jpeg"}],"twitter_card":"summary_large_image","twitter_misc":{"Gesch\u00e4tzte Lesezeit":"1\u00a0Minute"},"schema":{"@context":"https:\/\/schema.org","@graph":[{"@type":"WebPage","@id":"https:\/\/newgarden.es\/de\/shop\/lightdeco-de\/pendelleuchten\/kugelfoermige-pendelleuchte-mit-wiederaufladbarer-batterie-pianeta\/","url":"https:\/\/newgarden.es\/de\/shop\/lightdeco-de\/pendelleuchten\/kugelfoermige-pendelleuchte-mit-wiederaufladbarer-batterie-pianeta\/","name":"KUGELF\u00d6RMIGE PENDELLEUCHTE PIANETA","isPartOf":{"@id":"https:\/\/newgarden.es\/#website"},"primaryImageOfPage":{"@id":"https:\/\/newgarden.es\/de\/shop\/lightdeco-de\/pendelleuchten\/kugelfoermige-pendelleuchte-mit-wiederaufladbarer-batterie-pianeta\/#primaryimage"},"image":{"@id":"https:\/\/newgarden.es\/de\/shop\/lightdeco-de\/pendelleuchten\/kugelfoermige-pendelleuchte-mit-wiederaufladbarer-batterie-pianeta\/#primaryimage"},"thumbnailUrl":"https:\/\/newgarden.es\/wp-content\/uploads\/2022\/04\/PIANETA_25_35_45_1200X1200-9-1.jpg","datePublished":"2022-04-13T12:44:24+00:00","dateModified":"2022-04-27T11:06:44+00:00","description":"Pianeta ist eine originelle dekorative Lampe, die, wie der Name schon sagt, eine v\u00f6llig kugelf\u00f6rmige Gestalt hat, als ob sie ein Planet w\u00e4re. Ideal","breadcrumb":{"@id":"https:\/\/newgarden.es\/de\/shop\/lightdeco-de\/pendelleuchten\/kugelfoermige-pendelleuchte-mit-wiederaufladbarer-batterie-pianeta\/#breadcrumb"},"inLanguage":"de","potentialAction":[{"@type":"ReadAction","target":["https:\/\/newgarden.es\/de\/shop\/lightdeco-de\/pendelleuchten\/kugelfoermige-pendelleuchte-mit-wiederaufladbarer-batterie-pianeta\/"]}]},{"@type":"ImageObject","inLanguage":"de","@id":"https:\/\/newgarden.es\/de\/shop\/lightdeco-de\/pendelleuchten\/kugelfoermige-pendelleuchte-mit-wiederaufladbarer-batterie-pianeta\/#primaryimage","url":"https:\/\/newgarden.es\/wp-content\/uploads\/2022\/04\/PIANETA_25_35_45_1200X1200-9-1.jpg","contentUrl":"https:\/\/newgarden.es\/wp-content\/uploads\/2022\/04\/PIANETA_25_35_45_1200X1200-9-1.jpg","width":1200,"height":1200},{"@type":"BreadcrumbList","@id":"https:\/\/newgarden.es\/de\/shop\/lightdeco-de\/pendelleuchten\/kugelfoermige-pendelleuchte-mit-wiederaufladbarer-batterie-pianeta\/#breadcrumb","itemListElement":[{"@type":"ListItem","position":1,"name":"Home","item":"https:\/\/newgarden.es\/de\/"},{"@type":"ListItem","position":2,"name":"Shop","item":"https:\/\/newgarden.es\/de\/shop\/"},{"@type":"ListItem","position":3,"name":"KUGELF\u00d6RMIGE PENDELLEUCHTE MIT WIEDERAUFLADBARER BATTERIE PIANETA"}]},{"@type":"WebSite","@id":"https:\/\/newgarden.es\/#website","url":"https:\/\/newgarden.es\/","name":"Newgarden","description":"Be happy","potentialAction":[{"@type":"SearchAction","target":{"@type":"EntryPoint","urlTemplate":"https:\/\/newgarden.es\/?s={search_term_string}"},"query-input":{"@type":"PropertyValueSpecification","valueRequired":true,"valueName":"search_term_string"}}],"inLanguage":"de"}]}},"df_price":49,"df_sale_price":"","df_regular_price":49,"df_image_link":"https:\/\/newgarden.es\/wp-content\/uploads\/2022\/04\/PIANETA_25_35_45_1200X1200-9-1-580x400.jpg","_links":{"self":[{"href":"https:\/\/newgarden.es\/de\/wp-json\/wp\/v2\/product\/43628"}],"collection":[{"href":"https:\/\/newgarden.es\/de\/wp-json\/wp\/v2\/product"}],"about":[{"href":"https:\/\/newgarden.es\/de\/wp-json\/wp\/v2\/types\/product"}],"wp:featuredmedia":[{"embeddable":true,"href":"https:\/\/newgarden.es\/de\/wp-json\/wp\/v2\/media\/57393"}],"wp:attachment":[{"href":"https:\/\/newgarden.es\/de\/wp-json\/wp\/v2\/media?parent=43628"}],"wp:term":[{"taxonomy":"product_cat","embeddable":true,"href":"https:\/\/newgarden.es\/de\/wp-json\/wp\/v2\/product_cat?post=43628"},{"taxonomy":"product_tag","embeddable":true,"href":"https:\/\/newgarden.es\/de\/wp-json\/wp\/v2\/product_tag?post=43628"}],"curies":[{"name":"wp","href":"https:\/\/api.w.org\/{rel}","templated":true}]}}