{"id":43700,"date":"2022-04-13T15:06:44","date_gmt":"2022-04-13T13:06:48","guid":{"rendered":"https:\/\/newgarden.es\/?post_type=product&#038;p=43700"},"modified":"2024-06-03T08:50:06","modified_gmt":"2024-06-03T06:50:06","slug":"tischlampe-norai-slim-30","status":"publish","type":"product","link":"https:\/\/newgarden.es\/de\/shop\/lightdeco-de\/tischlampe\/tischlampe-norai-slim-30\/","title":{"rendered":"TISCHLAMPE NORAI SLIM 30"},"content":{"rendered":"<section class=\"wpb-content-wrapper\"><p>[vc_row][vc_column][vc_column_text][\/vc_column_text][\/vc_column][\/vc_row][vc_row][vc_column el_class=&#8220;descripcion_producto&#8220;][vc_column_text]Die Norai Slim 30 Tischleuchte (\u00f811&#215;35 cm) kann zu einem Must-Have in Ihrem Zuhause werden. Sie ist ideal f\u00fcr jede Ecke Ihres Hauses, Kinderzimmer oder Schlafzimmer. Aufgrund ihrer geringen Gr\u00f6\u00dfe ist sie perfekt f\u00fcr die Dekoration und Beleuchtung von Tischen in Restaurants, Bars, Terrassen, Hotels oder Gesch\u00e4ften. Sie verf\u00fcgt \u00fcber einen Druckknopf, mit dem Sie auch die Lichtintensit\u00e4t einstellen k\u00f6nnen.<\/p>\n<p>Das Geh\u00e4use der Leuchte besteht aus Metall und ist in f\u00fcnf verschiedenen Farben erh\u00e4ltlich.<\/p>\n<ul class=\"tablaTech\">\n<li>\n<div class=\"boxContents no-border\">\n<div class=\"name\"><strong>GR\u00d6SSE<\/strong><\/div>\n<div class=\"data\">\u00f811,5 x 35 cm<\/div>\n<\/div>\n<\/li>\n<\/ul>\n<p>[\/vc_column_text][\/vc_column][\/vc_row][vc_row][vc_column width=&#8220;1\/2&#8243;][vc_btn title=&#8220;Technisches Datenblatt&#8220; style=&#8220;custom&#8220; custom_background=&#8220;#009bc2&#8243; custom_text=&#8220;#ffffff&#8220; shape=&#8220;square&#8220; link=&#8220;url:https%3A%2F%2Fbit.ly%2F3zPFFFT|target:%20_blank|rel:nofollow|&#8220; el_class=&#8220;btn_descargar_ficha&#8220;][\/vc_column][vc_column width=&#8220;1\/2&#8243;][vc_btn title=&#8220;BEDIENUNGSANLEITUNG&#8220; style=&#8220;custom&#8220; custom_background=&#8220;#009bc2&#8243; custom_text=&#8220;#ffffff&#8220; shape=&#8220;square&#8220; link=&#8220;url:https%3A%2F%2Fbit.ly%2F3Bxbi8r|target:%20_blank|&#8220; el_class=&#8220;btn_descargar_ficha&#8220;][\/vc_column][vc_column][\/vc_column][\/vc_row]<\/p>\n<\/section>","protected":false},"excerpt":{"rendered":"<h1 style=\"font-size: 12px;\">TISCHLAMPE NORAI SLIM 30<\/h1>\n","protected":false},"featured_media":61072,"template":"","meta":[],"product_cat":[1696,763,764,1589],"product_tag":[],"class_list":{"0":"post-43700","1":"product","2":"type-product","3":"status-publish","4":"has-post-thumbnail","6":"product_cat-productos-de","7":"product_cat-lightdeco-de","8":"product_cat-tischlampe","9":"product_cat-innenbereich-de","11":"first","12":"instock","13":"taxable","14":"shipping-taxable","15":"purchasable","16":"product-type-variable"},"yoast_head":"<!-- This site is optimized with the Yoast SEO plugin v24.2 - https:\/\/yoast.com\/wordpress\/plugins\/seo\/ -->\n<title>NORAI SLIM, Design Stehlampe mit Metallfu\u00df Au\u00dfen<\/title>\n<meta name=\"description\" content=\"kann die Norai Slim 30 Tischleuchte (\u00f811x35 cm) zu einem unverzichtbaren M\u00f6belst\u00fcck in Ihrem Zuhause werden. Es ist ideal f\u00fcr jede Ecke Ihres Hauses,\" \/>\n<meta name=\"robots\" content=\"index, follow, max-snippet:-1, max-image-preview:large, max-video-preview:-1\" \/>\n<link rel=\"canonical\" href=\"https:\/\/newgarden.es\/de\/shop\/lightdeco-de\/tischlampe\/tischlampe-norai-slim-30\/\" \/>\n<meta property=\"og:locale\" content=\"de_DE\" \/>\n<meta property=\"og:type\" content=\"article\" \/>\n<meta property=\"og:title\" content=\"NORAI SLIM, Design Stehlampe mit Metallfu\u00df Au\u00dfen\" \/>\n<meta property=\"og:description\" content=\"kann die Norai Slim 30 Tischleuchte (\u00f811x35 cm) zu einem unverzichtbaren M\u00f6belst\u00fcck in Ihrem Zuhause werden. Es ist ideal f\u00fcr jede Ecke Ihres Hauses,\" \/>\n<meta property=\"og:url\" content=\"https:\/\/newgarden.es\/de\/shop\/lightdeco-de\/tischlampe\/tischlampe-norai-slim-30\/\" \/>\n<meta property=\"og:site_name\" content=\"Newgarden\" \/>\n<meta property=\"article:modified_time\" content=\"2024-06-03T06:50:06+00:00\" \/>\n<meta property=\"og:image\" content=\"https:\/\/newgarden.es\/wp-content\/uploads\/2022\/04\/NORAI_SLIM_35_BATTERY_1200X1200-1.jpg\" \/>\n\t<meta property=\"og:image:width\" content=\"1200\" \/>\n\t<meta property=\"og:image:height\" content=\"1200\" \/>\n\t<meta property=\"og:image:type\" content=\"image\/jpeg\" \/>\n<meta name=\"twitter:card\" content=\"summary_large_image\" \/>\n<meta name=\"twitter:label1\" content=\"Gesch\u00e4tzte Lesezeit\" \/>\n\t<meta name=\"twitter:data1\" content=\"1\u00a0Minute\" \/>\n<script type=\"application\/ld+json\" class=\"yoast-schema-graph\">{\"@context\":\"https:\/\/schema.org\",\"@graph\":[{\"@type\":\"WebPage\",\"@id\":\"https:\/\/newgarden.es\/de\/shop\/lightdeco-de\/tischlampe\/tischlampe-norai-slim-30\/\",\"url\":\"https:\/\/newgarden.es\/de\/shop\/lightdeco-de\/tischlampe\/tischlampe-norai-slim-30\/\",\"name\":\"NORAI SLIM, Design Stehlampe mit Metallfu\u00df Au\u00dfen\",\"isPartOf\":{\"@id\":\"https:\/\/newgarden.es\/#website\"},\"primaryImageOfPage\":{\"@id\":\"https:\/\/newgarden.es\/de\/shop\/lightdeco-de\/tischlampe\/tischlampe-norai-slim-30\/#primaryimage\"},\"image\":{\"@id\":\"https:\/\/newgarden.es\/de\/shop\/lightdeco-de\/tischlampe\/tischlampe-norai-slim-30\/#primaryimage\"},\"thumbnailUrl\":\"https:\/\/newgarden.es\/wp-content\/uploads\/2022\/04\/NORAI_SLIM_35_BATTERY_1200X1200-1.jpg\",\"datePublished\":\"2022-04-13T13:06:48+00:00\",\"dateModified\":\"2024-06-03T06:50:06+00:00\",\"description\":\"kann die Norai Slim 30 Tischleuchte (\u00f811x35 cm) zu einem unverzichtbaren M\u00f6belst\u00fcck in Ihrem Zuhause werden. Es ist ideal f\u00fcr jede Ecke Ihres Hauses,\",\"breadcrumb\":{\"@id\":\"https:\/\/newgarden.es\/de\/shop\/lightdeco-de\/tischlampe\/tischlampe-norai-slim-30\/#breadcrumb\"},\"inLanguage\":\"de\",\"potentialAction\":[{\"@type\":\"ReadAction\",\"target\":[\"https:\/\/newgarden.es\/de\/shop\/lightdeco-de\/tischlampe\/tischlampe-norai-slim-30\/\"]}]},{\"@type\":\"ImageObject\",\"inLanguage\":\"de\",\"@id\":\"https:\/\/newgarden.es\/de\/shop\/lightdeco-de\/tischlampe\/tischlampe-norai-slim-30\/#primaryimage\",\"url\":\"https:\/\/newgarden.es\/wp-content\/uploads\/2022\/04\/NORAI_SLIM_35_BATTERY_1200X1200-1.jpg\",\"contentUrl\":\"https:\/\/newgarden.es\/wp-content\/uploads\/2022\/04\/NORAI_SLIM_35_BATTERY_1200X1200-1.jpg\",\"width\":1200,\"height\":1200},{\"@type\":\"BreadcrumbList\",\"@id\":\"https:\/\/newgarden.es\/de\/shop\/lightdeco-de\/tischlampe\/tischlampe-norai-slim-30\/#breadcrumb\",\"itemListElement\":[{\"@type\":\"ListItem\",\"position\":1,\"name\":\"Home\",\"item\":\"https:\/\/newgarden.es\/de\/\"},{\"@type\":\"ListItem\",\"position\":2,\"name\":\"Shop\",\"item\":\"https:\/\/newgarden.es\/de\/shop\/\"},{\"@type\":\"ListItem\",\"position\":3,\"name\":\"TISCHLAMPE NORAI SLIM 30\"}]},{\"@type\":\"WebSite\",\"@id\":\"https:\/\/newgarden.es\/#website\",\"url\":\"https:\/\/newgarden.es\/\",\"name\":\"Newgarden\",\"description\":\"Be happy\",\"potentialAction\":[{\"@type\":\"SearchAction\",\"target\":{\"@type\":\"EntryPoint\",\"urlTemplate\":\"https:\/\/newgarden.es\/?s={search_term_string}\"},\"query-input\":{\"@type\":\"PropertyValueSpecification\",\"valueRequired\":true,\"valueName\":\"search_term_string\"}}],\"inLanguage\":\"de\"}]}<\/script>\n<!-- \/ Yoast SEO plugin. -->","yoast_head_json":{"title":"NORAI SLIM, Design Stehlampe mit Metallfu\u00df Au\u00dfen","description":"kann die Norai Slim 30 Tischleuchte (\u00f811x35 cm) zu einem unverzichtbaren M\u00f6belst\u00fcck in Ihrem Zuhause werden. Es ist ideal f\u00fcr jede Ecke Ihres Hauses,","robots":{"index":"index","follow":"follow","max-snippet":"max-snippet:-1","max-image-preview":"max-image-preview:large","max-video-preview":"max-video-preview:-1"},"canonical":"https:\/\/newgarden.es\/de\/shop\/lightdeco-de\/tischlampe\/tischlampe-norai-slim-30\/","og_locale":"de_DE","og_type":"article","og_title":"NORAI SLIM, Design Stehlampe mit Metallfu\u00df Au\u00dfen","og_description":"kann die Norai Slim 30 Tischleuchte (\u00f811x35 cm) zu einem unverzichtbaren M\u00f6belst\u00fcck in Ihrem Zuhause werden. Es ist ideal f\u00fcr jede Ecke Ihres Hauses,","og_url":"https:\/\/newgarden.es\/de\/shop\/lightdeco-de\/tischlampe\/tischlampe-norai-slim-30\/","og_site_name":"Newgarden","article_modified_time":"2024-06-03T06:50:06+00:00","og_image":[{"width":1200,"height":1200,"url":"https:\/\/newgarden.es\/wp-content\/uploads\/2022\/04\/NORAI_SLIM_35_BATTERY_1200X1200-1.jpg","type":"image\/jpeg"}],"twitter_card":"summary_large_image","twitter_misc":{"Gesch\u00e4tzte Lesezeit":"1\u00a0Minute"},"schema":{"@context":"https:\/\/schema.org","@graph":[{"@type":"WebPage","@id":"https:\/\/newgarden.es\/de\/shop\/lightdeco-de\/tischlampe\/tischlampe-norai-slim-30\/","url":"https:\/\/newgarden.es\/de\/shop\/lightdeco-de\/tischlampe\/tischlampe-norai-slim-30\/","name":"NORAI SLIM, Design Stehlampe mit Metallfu\u00df Au\u00dfen","isPartOf":{"@id":"https:\/\/newgarden.es\/#website"},"primaryImageOfPage":{"@id":"https:\/\/newgarden.es\/de\/shop\/lightdeco-de\/tischlampe\/tischlampe-norai-slim-30\/#primaryimage"},"image":{"@id":"https:\/\/newgarden.es\/de\/shop\/lightdeco-de\/tischlampe\/tischlampe-norai-slim-30\/#primaryimage"},"thumbnailUrl":"https:\/\/newgarden.es\/wp-content\/uploads\/2022\/04\/NORAI_SLIM_35_BATTERY_1200X1200-1.jpg","datePublished":"2022-04-13T13:06:48+00:00","dateModified":"2024-06-03T06:50:06+00:00","description":"kann die Norai Slim 30 Tischleuchte (\u00f811x35 cm) zu einem unverzichtbaren M\u00f6belst\u00fcck in Ihrem Zuhause werden. Es ist ideal f\u00fcr jede Ecke Ihres Hauses,","breadcrumb":{"@id":"https:\/\/newgarden.es\/de\/shop\/lightdeco-de\/tischlampe\/tischlampe-norai-slim-30\/#breadcrumb"},"inLanguage":"de","potentialAction":[{"@type":"ReadAction","target":["https:\/\/newgarden.es\/de\/shop\/lightdeco-de\/tischlampe\/tischlampe-norai-slim-30\/"]}]},{"@type":"ImageObject","inLanguage":"de","@id":"https:\/\/newgarden.es\/de\/shop\/lightdeco-de\/tischlampe\/tischlampe-norai-slim-30\/#primaryimage","url":"https:\/\/newgarden.es\/wp-content\/uploads\/2022\/04\/NORAI_SLIM_35_BATTERY_1200X1200-1.jpg","contentUrl":"https:\/\/newgarden.es\/wp-content\/uploads\/2022\/04\/NORAI_SLIM_35_BATTERY_1200X1200-1.jpg","width":1200,"height":1200},{"@type":"BreadcrumbList","@id":"https:\/\/newgarden.es\/de\/shop\/lightdeco-de\/tischlampe\/tischlampe-norai-slim-30\/#breadcrumb","itemListElement":[{"@type":"ListItem","position":1,"name":"Home","item":"https:\/\/newgarden.es\/de\/"},{"@type":"ListItem","position":2,"name":"Shop","item":"https:\/\/newgarden.es\/de\/shop\/"},{"@type":"ListItem","position":3,"name":"TISCHLAMPE NORAI SLIM 30"}]},{"@type":"WebSite","@id":"https:\/\/newgarden.es\/#website","url":"https:\/\/newgarden.es\/","name":"Newgarden","description":"Be happy","potentialAction":[{"@type":"SearchAction","target":{"@type":"EntryPoint","urlTemplate":"https:\/\/newgarden.es\/?s={search_term_string}"},"query-input":{"@type":"PropertyValueSpecification","valueRequired":true,"valueName":"search_term_string"}}],"inLanguage":"de"}]}},"df_price":33.6,"df_sale_price":"","df_regular_price":33.6,"df_image_link":"https:\/\/newgarden.es\/wp-content\/uploads\/2022\/04\/NORAI_SLIM_35_BATTERY_1200X1200-1-580x400.jpg","_links":{"self":[{"href":"https:\/\/newgarden.es\/de\/wp-json\/wp\/v2\/product\/43700"}],"collection":[{"href":"https:\/\/newgarden.es\/de\/wp-json\/wp\/v2\/product"}],"about":[{"href":"https:\/\/newgarden.es\/de\/wp-json\/wp\/v2\/types\/product"}],"wp:featuredmedia":[{"embeddable":true,"href":"https:\/\/newgarden.es\/de\/wp-json\/wp\/v2\/media\/61072"}],"wp:attachment":[{"href":"https:\/\/newgarden.es\/de\/wp-json\/wp\/v2\/media?parent=43700"}],"wp:term":[{"taxonomy":"product_cat","embeddable":true,"href":"https:\/\/newgarden.es\/de\/wp-json\/wp\/v2\/product_cat?post=43700"},{"taxonomy":"product_tag","embeddable":true,"href":"https:\/\/newgarden.es\/de\/wp-json\/wp\/v2\/product_tag?post=43700"}],"curies":[{"name":"wp","href":"https:\/\/api.w.org\/{rel}","templated":true}]}}