{"id":43830,"date":"2022-04-18T09:38:44","date_gmt":"2022-04-18T07:38:45","guid":{"rendered":"https:\/\/newgarden.es\/?post_type=product&#038;p=43830"},"modified":"2024-06-14T11:59:43","modified_gmt":"2024-06-14T09:59:43","slug":"kabellose-stehleuchte-mit-solarladung-okinawa","status":"publish","type":"product","link":"https:\/\/newgarden.es\/de\/shop\/lightdeco-de\/stehlampe\/kabellose-stehleuchte-mit-solarladung-okinawa\/","title":{"rendered":"KABELLOSE STEHLEUCHTE MIT SOLARLADUNG OKINAWA"},"content":{"rendered":"<section class=\"wpb-content-wrapper\"><p>[vc_row][vc_column][vc_column_text][\/vc_column_text][\/vc_column][\/vc_row][vc_row][vc_column][vc_column_text]Okinawa ist eine Stehlampe, die ohne Kabel auskommt und die Sie \u00fcberallhin mitnehmen k\u00f6nnen. Okinawa ist aus robustem, nat\u00fcrlich lackiertem Bambus f\u00fcr den Einsatz im Freien unter einem Dach gefertigt. Ihr innovatives Design macht sie zu einem Must-Have f\u00fcr den Innen- und Au\u00dfenbereich Ihres Hauses. Sie verf\u00fcgt \u00fcber ein Zusatzfach.<\/p>\n<p>Sie enth\u00e4lt eine tragbare, wiederaufladbare 900-Lumen-Gl\u00fchbirne, die nicht installiert werden muss. Man muss sie nur in die N\u00e4he der Lampe bringen und sie haftet dank ihres Magnetsockels. Die Gl\u00fchbirne verf\u00fcgt \u00fcber eine Fernbedienung, mit der sie ein- und ausgeschaltet und die Lichtst\u00e4rke reguliert werden kann.<\/p>\n<p>Im oberen Teil ist ein Solarpanel integriert, das das Aufladen der Lampe erleichtert und beschleunigt.<\/p>\n<p>&nbsp;<\/p>\n<ul class=\"tablaTech\">\n<li>\n<div class=\"boxContents no-border\">\n<div class=\"name\"><strong>GR\u00d6SSE<\/strong><\/div>\n<div class=\"data\">\u00f840\u00a0x\u00a0170 cm<\/div>\n<\/div>\n<\/li>\n<\/ul>\n<p>[\/vc_column_text][\/vc_column][\/vc_row][vc_row][vc_column width=&#8220;1\/2&#8243;][vc_btn title=&#8220;Technisches Datenblatt&#8220; style=&#8220;custom&#8220; custom_background=&#8220;#009bc2&#8243; custom_text=&#8220;#ffffff&#8220; shape=&#8220;square&#8220; el_class=&#8220;btn_descargar_ficha&#8220; link=&#8220;url:https%3A%2F%2Fbit.ly%2F3OAxv8D|target:%20_blank|&#8220;][\/vc_column][vc_column width=&#8220;1\/2&#8243;][vc_btn title=&#8220;BEDIENUNGSANLEITUNG&#8220; style=&#8220;custom&#8220; custom_background=&#8220;#009bc2&#8243; custom_text=&#8220;#ffffff&#8220; shape=&#8220;square&#8220; el_class=&#8220;btn_descargar_ficha&#8220; link=&#8220;url:https%3A%2F%2Fbit.ly%2F3Swxrdd|target:%20_blank|&#8220;][\/vc_column][\/vc_row]<\/p>\n<\/section>","protected":false},"excerpt":{"rendered":"<p><strong>Kabellose Stehleuchte mit Solarladung OKINAWA<\/strong><\/p>\n","protected":false},"featured_media":63137,"template":"","meta":[],"product_cat":[1696,763,767],"product_tag":[766,793],"class_list":{"0":"post-43830","1":"product","2":"type-product","3":"status-publish","4":"has-post-thumbnail","6":"product_cat-productos-de","7":"product_cat-lightdeco-de","8":"product_cat-stehlampe","9":"product_tag-batterie-de","10":"product_tag-drahtlose","12":"first","13":"outofstock","14":"taxable","15":"shipping-taxable","16":"purchasable","17":"product-type-variable"},"yoast_head":"<!-- This site is optimized with the Yoast SEO plugin v24.2 - https:\/\/yoast.com\/wordpress\/plugins\/seo\/ -->\n<title>KABELLOSE STEHLEUCHTE MIT SOLARLADUNG OKINAWA - Newgarden<\/title>\n<meta name=\"description\" content=\"Okinawa ist eine Stehlampe, die keine Kabel braucht und die Sie \u00fcberallhin mitnehmen k\u00f6nnen. Okinawa ist aus robustem, nat\u00fcrlichem Bambus gefertigt und\" \/>\n<meta name=\"robots\" content=\"index, follow, max-snippet:-1, max-image-preview:large, max-video-preview:-1\" \/>\n<link rel=\"canonical\" href=\"https:\/\/newgarden.es\/de\/shop\/lightdeco-de\/stehlampe\/kabellose-stehleuchte-mit-solarladung-okinawa\/\" \/>\n<meta property=\"og:locale\" content=\"de_DE\" \/>\n<meta property=\"og:type\" content=\"article\" \/>\n<meta property=\"og:title\" content=\"KABELLOSE STEHLEUCHTE MIT SOLARLADUNG OKINAWA - Newgarden\" \/>\n<meta property=\"og:description\" content=\"Okinawa ist eine Stehlampe, die keine Kabel braucht und die Sie \u00fcberallhin mitnehmen k\u00f6nnen. Okinawa ist aus robustem, nat\u00fcrlichem Bambus gefertigt und\" \/>\n<meta property=\"og:url\" content=\"https:\/\/newgarden.es\/de\/shop\/lightdeco-de\/stehlampe\/kabellose-stehleuchte-mit-solarladung-okinawa\/\" \/>\n<meta property=\"og:site_name\" content=\"Newgarden\" \/>\n<meta property=\"article:modified_time\" content=\"2024-06-14T09:59:43+00:00\" \/>\n<meta property=\"og:image\" content=\"https:\/\/newgarden.es\/wp-content\/uploads\/2022\/04\/OKINAWA_FLOORLAMP_BATTERY_1200X1200-15.jpg\" \/>\n\t<meta property=\"og:image:width\" content=\"1200\" \/>\n\t<meta property=\"og:image:height\" content=\"1200\" \/>\n\t<meta property=\"og:image:type\" content=\"image\/jpeg\" \/>\n<meta name=\"twitter:card\" content=\"summary_large_image\" \/>\n<meta name=\"twitter:label1\" content=\"Gesch\u00e4tzte Lesezeit\" \/>\n\t<meta name=\"twitter:data1\" content=\"1\u00a0Minute\" \/>\n<script type=\"application\/ld+json\" class=\"yoast-schema-graph\">{\"@context\":\"https:\/\/schema.org\",\"@graph\":[{\"@type\":\"WebPage\",\"@id\":\"https:\/\/newgarden.es\/de\/shop\/lightdeco-de\/stehlampe\/kabellose-stehleuchte-mit-solarladung-okinawa\/\",\"url\":\"https:\/\/newgarden.es\/de\/shop\/lightdeco-de\/stehlampe\/kabellose-stehleuchte-mit-solarladung-okinawa\/\",\"name\":\"KABELLOSE STEHLEUCHTE MIT SOLARLADUNG OKINAWA - Newgarden\",\"isPartOf\":{\"@id\":\"https:\/\/newgarden.es\/#website\"},\"primaryImageOfPage\":{\"@id\":\"https:\/\/newgarden.es\/de\/shop\/lightdeco-de\/stehlampe\/kabellose-stehleuchte-mit-solarladung-okinawa\/#primaryimage\"},\"image\":{\"@id\":\"https:\/\/newgarden.es\/de\/shop\/lightdeco-de\/stehlampe\/kabellose-stehleuchte-mit-solarladung-okinawa\/#primaryimage\"},\"thumbnailUrl\":\"https:\/\/newgarden.es\/wp-content\/uploads\/2022\/04\/OKINAWA_FLOORLAMP_BATTERY_1200X1200-15.jpg\",\"datePublished\":\"2022-04-18T07:38:45+00:00\",\"dateModified\":\"2024-06-14T09:59:43+00:00\",\"description\":\"Okinawa ist eine Stehlampe, die keine Kabel braucht und die Sie \u00fcberallhin mitnehmen k\u00f6nnen. Okinawa ist aus robustem, nat\u00fcrlichem Bambus gefertigt und\",\"breadcrumb\":{\"@id\":\"https:\/\/newgarden.es\/de\/shop\/lightdeco-de\/stehlampe\/kabellose-stehleuchte-mit-solarladung-okinawa\/#breadcrumb\"},\"inLanguage\":\"de\",\"potentialAction\":[{\"@type\":\"ReadAction\",\"target\":[\"https:\/\/newgarden.es\/de\/shop\/lightdeco-de\/stehlampe\/kabellose-stehleuchte-mit-solarladung-okinawa\/\"]}]},{\"@type\":\"ImageObject\",\"inLanguage\":\"de\",\"@id\":\"https:\/\/newgarden.es\/de\/shop\/lightdeco-de\/stehlampe\/kabellose-stehleuchte-mit-solarladung-okinawa\/#primaryimage\",\"url\":\"https:\/\/newgarden.es\/wp-content\/uploads\/2022\/04\/OKINAWA_FLOORLAMP_BATTERY_1200X1200-15.jpg\",\"contentUrl\":\"https:\/\/newgarden.es\/wp-content\/uploads\/2022\/04\/OKINAWA_FLOORLAMP_BATTERY_1200X1200-15.jpg\",\"width\":1200,\"height\":1200},{\"@type\":\"BreadcrumbList\",\"@id\":\"https:\/\/newgarden.es\/de\/shop\/lightdeco-de\/stehlampe\/kabellose-stehleuchte-mit-solarladung-okinawa\/#breadcrumb\",\"itemListElement\":[{\"@type\":\"ListItem\",\"position\":1,\"name\":\"Home\",\"item\":\"https:\/\/newgarden.es\/de\/\"},{\"@type\":\"ListItem\",\"position\":2,\"name\":\"Shop\",\"item\":\"https:\/\/newgarden.es\/de\/shop\/\"},{\"@type\":\"ListItem\",\"position\":3,\"name\":\"KABELLOSE STEHLEUCHTE MIT SOLARLADUNG OKINAWA\"}]},{\"@type\":\"WebSite\",\"@id\":\"https:\/\/newgarden.es\/#website\",\"url\":\"https:\/\/newgarden.es\/\",\"name\":\"Newgarden\",\"description\":\"Be happy\",\"potentialAction\":[{\"@type\":\"SearchAction\",\"target\":{\"@type\":\"EntryPoint\",\"urlTemplate\":\"https:\/\/newgarden.es\/?s={search_term_string}\"},\"query-input\":{\"@type\":\"PropertyValueSpecification\",\"valueRequired\":true,\"valueName\":\"search_term_string\"}}],\"inLanguage\":\"de\"}]}<\/script>\n<!-- \/ Yoast SEO plugin. -->","yoast_head_json":{"title":"KABELLOSE STEHLEUCHTE MIT SOLARLADUNG OKINAWA - Newgarden","description":"Okinawa ist eine Stehlampe, die keine Kabel braucht und die Sie \u00fcberallhin mitnehmen k\u00f6nnen. Okinawa ist aus robustem, nat\u00fcrlichem Bambus gefertigt und","robots":{"index":"index","follow":"follow","max-snippet":"max-snippet:-1","max-image-preview":"max-image-preview:large","max-video-preview":"max-video-preview:-1"},"canonical":"https:\/\/newgarden.es\/de\/shop\/lightdeco-de\/stehlampe\/kabellose-stehleuchte-mit-solarladung-okinawa\/","og_locale":"de_DE","og_type":"article","og_title":"KABELLOSE STEHLEUCHTE MIT SOLARLADUNG OKINAWA - Newgarden","og_description":"Okinawa ist eine Stehlampe, die keine Kabel braucht und die Sie \u00fcberallhin mitnehmen k\u00f6nnen. Okinawa ist aus robustem, nat\u00fcrlichem Bambus gefertigt und","og_url":"https:\/\/newgarden.es\/de\/shop\/lightdeco-de\/stehlampe\/kabellose-stehleuchte-mit-solarladung-okinawa\/","og_site_name":"Newgarden","article_modified_time":"2024-06-14T09:59:43+00:00","og_image":[{"width":1200,"height":1200,"url":"https:\/\/newgarden.es\/wp-content\/uploads\/2022\/04\/OKINAWA_FLOORLAMP_BATTERY_1200X1200-15.jpg","type":"image\/jpeg"}],"twitter_card":"summary_large_image","twitter_misc":{"Gesch\u00e4tzte Lesezeit":"1\u00a0Minute"},"schema":{"@context":"https:\/\/schema.org","@graph":[{"@type":"WebPage","@id":"https:\/\/newgarden.es\/de\/shop\/lightdeco-de\/stehlampe\/kabellose-stehleuchte-mit-solarladung-okinawa\/","url":"https:\/\/newgarden.es\/de\/shop\/lightdeco-de\/stehlampe\/kabellose-stehleuchte-mit-solarladung-okinawa\/","name":"KABELLOSE STEHLEUCHTE MIT SOLARLADUNG OKINAWA - Newgarden","isPartOf":{"@id":"https:\/\/newgarden.es\/#website"},"primaryImageOfPage":{"@id":"https:\/\/newgarden.es\/de\/shop\/lightdeco-de\/stehlampe\/kabellose-stehleuchte-mit-solarladung-okinawa\/#primaryimage"},"image":{"@id":"https:\/\/newgarden.es\/de\/shop\/lightdeco-de\/stehlampe\/kabellose-stehleuchte-mit-solarladung-okinawa\/#primaryimage"},"thumbnailUrl":"https:\/\/newgarden.es\/wp-content\/uploads\/2022\/04\/OKINAWA_FLOORLAMP_BATTERY_1200X1200-15.jpg","datePublished":"2022-04-18T07:38:45+00:00","dateModified":"2024-06-14T09:59:43+00:00","description":"Okinawa ist eine Stehlampe, die keine Kabel braucht und die Sie \u00fcberallhin mitnehmen k\u00f6nnen. Okinawa ist aus robustem, nat\u00fcrlichem Bambus gefertigt und","breadcrumb":{"@id":"https:\/\/newgarden.es\/de\/shop\/lightdeco-de\/stehlampe\/kabellose-stehleuchte-mit-solarladung-okinawa\/#breadcrumb"},"inLanguage":"de","potentialAction":[{"@type":"ReadAction","target":["https:\/\/newgarden.es\/de\/shop\/lightdeco-de\/stehlampe\/kabellose-stehleuchte-mit-solarladung-okinawa\/"]}]},{"@type":"ImageObject","inLanguage":"de","@id":"https:\/\/newgarden.es\/de\/shop\/lightdeco-de\/stehlampe\/kabellose-stehleuchte-mit-solarladung-okinawa\/#primaryimage","url":"https:\/\/newgarden.es\/wp-content\/uploads\/2022\/04\/OKINAWA_FLOORLAMP_BATTERY_1200X1200-15.jpg","contentUrl":"https:\/\/newgarden.es\/wp-content\/uploads\/2022\/04\/OKINAWA_FLOORLAMP_BATTERY_1200X1200-15.jpg","width":1200,"height":1200},{"@type":"BreadcrumbList","@id":"https:\/\/newgarden.es\/de\/shop\/lightdeco-de\/stehlampe\/kabellose-stehleuchte-mit-solarladung-okinawa\/#breadcrumb","itemListElement":[{"@type":"ListItem","position":1,"name":"Home","item":"https:\/\/newgarden.es\/de\/"},{"@type":"ListItem","position":2,"name":"Shop","item":"https:\/\/newgarden.es\/de\/shop\/"},{"@type":"ListItem","position":3,"name":"KABELLOSE STEHLEUCHTE MIT SOLARLADUNG OKINAWA"}]},{"@type":"WebSite","@id":"https:\/\/newgarden.es\/#website","url":"https:\/\/newgarden.es\/","name":"Newgarden","description":"Be happy","potentialAction":[{"@type":"SearchAction","target":{"@type":"EntryPoint","urlTemplate":"https:\/\/newgarden.es\/?s={search_term_string}"},"query-input":{"@type":"PropertyValueSpecification","valueRequired":true,"valueName":"search_term_string"}}],"inLanguage":"de"}]}},"df_price":319,"df_sale_price":"","df_regular_price":319,"df_image_link":"https:\/\/newgarden.es\/wp-content\/uploads\/2022\/04\/OKINAWA_FLOORLAMP_BATTERY_1200X1200-15-580x400.jpg","_links":{"self":[{"href":"https:\/\/newgarden.es\/de\/wp-json\/wp\/v2\/product\/43830"}],"collection":[{"href":"https:\/\/newgarden.es\/de\/wp-json\/wp\/v2\/product"}],"about":[{"href":"https:\/\/newgarden.es\/de\/wp-json\/wp\/v2\/types\/product"}],"wp:featuredmedia":[{"embeddable":true,"href":"https:\/\/newgarden.es\/de\/wp-json\/wp\/v2\/media\/63137"}],"wp:attachment":[{"href":"https:\/\/newgarden.es\/de\/wp-json\/wp\/v2\/media?parent=43830"}],"wp:term":[{"taxonomy":"product_cat","embeddable":true,"href":"https:\/\/newgarden.es\/de\/wp-json\/wp\/v2\/product_cat?post=43830"},{"taxonomy":"product_tag","embeddable":true,"href":"https:\/\/newgarden.es\/de\/wp-json\/wp\/v2\/product_tag?post=43830"}],"curies":[{"name":"wp","href":"https:\/\/api.w.org\/{rel}","templated":true}]}}