{"id":43891,"date":"2022-04-18T09:51:46","date_gmt":"2022-04-18T07:51:48","guid":{"rendered":"https:\/\/newgarden.es\/?post_type=product&#038;p=43891"},"modified":"2024-06-13T15:53:03","modified_gmt":"2024-06-13T13:53:03","slug":"wally-disk-wandleuchte-mit-solarladung","status":"publish","type":"product","link":"https:\/\/newgarden.es\/de\/shop\/lightdeco-de\/tragbares\/wally-disk-wandleuchte-mit-solarladung\/","title":{"rendered":"WALLY DISK WANDLEUCHTE MIT SOLARLADUNG"},"content":{"rendered":"<section class=\"wpb-content-wrapper\"><p>[vc_row][vc_column][vc_column_text][\/vc_column_text][\/vc_column][\/vc_row][vc_row][vc_column][vc_column_text]Wally ist mehr als eine herk\u00f6mmliche Wandleuchte. Sie ist aus recyceltem Kunststoff hergestellt und verf\u00fcgt \u00fcber ein Solarpanel zum Aufladen. Platzieren Sie sie in Durchgangsbereichen, neben dem Swimmingpool oder wo immer Sie wollen, aber achten Sie darauf, dass sie immer direktes Sonnenlicht erh\u00e4lt, damit sie perfekt funktioniert. Sie verf\u00fcgt \u00fcber einen D\u00e4mmerungssensor, so dass Sie sie nicht mehr ein- oder ausschalten m\u00fcssen, da sie sich automatisch einschaltet, wenn sie erkennt, dass das Sonnenlicht schw\u00e4cher wird.<\/p>\n<p>In der Wally-Familie finden Sie verschiedene Formen und Gr\u00f6\u00dfen sowie Topfformate, so dass Sie unglaubliche Kompositionen schaffen k\u00f6nnen.<\/p>\n<p>Die Wally-Familie wird aus recyceltem Material aus den Ozeanen hergestellt. Sie ist ein nachhaltiges Produkt, das Plastikm\u00fcll in Form einer Lampe ein neues Leben gibt. Erh\u00e4ltlich in wei\u00df oder schwarz.[\/vc_column_text][\/vc_column][\/vc_row][vc_row][vc_column width=&#8220;1\/2&#8243;][vc_btn title=&#8220;FICHA T\u00c9CNICA WALLY DISK \u00f827&#8243; style=&#8220;custom&#8220; custom_background=&#8220;#009bc2&#8243; custom_text=&#8220;#ffffff&#8220; shape=&#8220;square&#8220; link=&#8220;url:https%3A%2F%2Fbit.ly%2F3blRoSK|&#8220;][vc_btn title=&#8220;FICHA T\u00c9CNICA WALLY DISK \u00f839&#8243; style=&#8220;custom&#8220; custom_background=&#8220;#009bc2&#8243; custom_text=&#8220;#ffffff&#8220; shape=&#8220;square&#8220; el_class=&#8220;btn_descargar_ficha&#8220; link=&#8220;url:https%3A%2F%2Fbit.ly%2F3tSdx1w|target:%20_blank|&#8220;][\/vc_column][vc_column width=&#8220;1\/2&#8243;][vc_btn title=&#8220;MANUAL DE INSTRUCCIONES WALLY DISK \u00f827&#8243; style=&#8220;custom&#8220; custom_background=&#8220;#009bc2&#8243; custom_text=&#8220;#ffffff&#8220; shape=&#8220;square&#8220; el_class=&#8220;btn_descargar_ficha&#8220; link=&#8220;url:https%3A%2F%2Fbit.ly%2F3OMgKXW|target:%20_blank|&#8220;][vc_btn title=&#8220;MANUAL DE INSTRUCCIONES WALLY DISK \u00f839&#8243; style=&#8220;custom&#8220; custom_background=&#8220;#009bc2&#8243; custom_text=&#8220;#ffffff&#8220; shape=&#8220;square&#8220; el_class=&#8220;btn_descargar_ficha&#8220; link=&#8220;url:https%3A%2F%2Fbit.ly%2F3BQuaQ3|target:%20_blank|&#8220;][\/vc_column][\/vc_row]<\/p>\n<\/section>","protected":false},"excerpt":{"rendered":"<p><strong>WALLY DISK Wandleuchte mit Solarladung<\/strong><\/p>\n","protected":false},"featured_media":56641,"template":"","meta":[],"product_cat":[763,842,826],"product_tag":[793,789],"class_list":{"0":"post-43891","1":"product","2":"type-product","3":"status-publish","4":"has-post-thumbnail","6":"product_cat-lightdeco-de","7":"product_cat-wandlampe","8":"product_cat-tragbares","9":"product_tag-drahtlose","10":"product_tag-solar-de","12":"first","13":"instock","14":"taxable","15":"shipping-taxable","16":"purchasable","17":"product-type-variable"},"yoast_head":"<!-- This site is optimized with the Yoast SEO plugin v24.2 - https:\/\/yoast.com\/wordpress\/plugins\/seo\/ -->\n<title>WALLY DISK WANDLEUCHTE MIT SOLARLADUNG - Newgarden<\/title>\n<meta name=\"description\" content=\"Wally ist mehr als eine herk\u00f6mmliche Wandleuchte. Er ist aus recyceltem Kunststoff hergestellt und verf\u00fcgt \u00fcber ein Solarpanel zum Aufladen.\" \/>\n<meta name=\"robots\" content=\"index, follow, max-snippet:-1, max-image-preview:large, max-video-preview:-1\" \/>\n<link rel=\"canonical\" href=\"https:\/\/newgarden.es\/de\/shop\/lightdeco-de\/tragbares\/wally-disk-wandleuchte-mit-solarladung\/\" \/>\n<meta property=\"og:locale\" content=\"de_DE\" \/>\n<meta property=\"og:type\" content=\"article\" \/>\n<meta property=\"og:title\" content=\"WALLY DISK WANDLEUCHTE MIT SOLARLADUNG - Newgarden\" \/>\n<meta property=\"og:description\" content=\"Wally ist mehr als eine herk\u00f6mmliche Wandleuchte. Er ist aus recyceltem Kunststoff hergestellt und verf\u00fcgt \u00fcber ein Solarpanel zum Aufladen.\" \/>\n<meta property=\"og:url\" content=\"https:\/\/newgarden.es\/de\/shop\/lightdeco-de\/tragbares\/wally-disk-wandleuchte-mit-solarladung\/\" \/>\n<meta property=\"og:site_name\" content=\"Newgarden\" \/>\n<meta property=\"article:modified_time\" content=\"2024-06-13T13:53:03+00:00\" \/>\n<meta property=\"og:image\" content=\"https:\/\/newgarden.es\/wp-content\/uploads\/2022\/04\/WALLY_DISK_27_39_1200X1200-6.jpg\" \/>\n\t<meta property=\"og:image:width\" content=\"1200\" \/>\n\t<meta property=\"og:image:height\" content=\"1200\" \/>\n\t<meta property=\"og:image:type\" content=\"image\/jpeg\" \/>\n<meta name=\"twitter:card\" content=\"summary_large_image\" \/>\n<meta name=\"twitter:label1\" content=\"Gesch\u00e4tzte Lesezeit\" \/>\n\t<meta name=\"twitter:data1\" content=\"2\u00a0Minuten\" \/>\n<script type=\"application\/ld+json\" class=\"yoast-schema-graph\">{\"@context\":\"https:\/\/schema.org\",\"@graph\":[{\"@type\":\"WebPage\",\"@id\":\"https:\/\/newgarden.es\/de\/shop\/lightdeco-de\/tragbares\/wally-disk-wandleuchte-mit-solarladung\/\",\"url\":\"https:\/\/newgarden.es\/de\/shop\/lightdeco-de\/tragbares\/wally-disk-wandleuchte-mit-solarladung\/\",\"name\":\"WALLY DISK WANDLEUCHTE MIT SOLARLADUNG - Newgarden\",\"isPartOf\":{\"@id\":\"https:\/\/newgarden.es\/#website\"},\"primaryImageOfPage\":{\"@id\":\"https:\/\/newgarden.es\/de\/shop\/lightdeco-de\/tragbares\/wally-disk-wandleuchte-mit-solarladung\/#primaryimage\"},\"image\":{\"@id\":\"https:\/\/newgarden.es\/de\/shop\/lightdeco-de\/tragbares\/wally-disk-wandleuchte-mit-solarladung\/#primaryimage\"},\"thumbnailUrl\":\"https:\/\/newgarden.es\/wp-content\/uploads\/2022\/04\/WALLY_DISK_27_39_1200X1200-6.jpg\",\"datePublished\":\"2022-04-18T07:51:48+00:00\",\"dateModified\":\"2024-06-13T13:53:03+00:00\",\"description\":\"Wally ist mehr als eine herk\u00f6mmliche Wandleuchte. Er ist aus recyceltem Kunststoff hergestellt und verf\u00fcgt \u00fcber ein Solarpanel zum Aufladen.\",\"breadcrumb\":{\"@id\":\"https:\/\/newgarden.es\/de\/shop\/lightdeco-de\/tragbares\/wally-disk-wandleuchte-mit-solarladung\/#breadcrumb\"},\"inLanguage\":\"de\",\"potentialAction\":[{\"@type\":\"ReadAction\",\"target\":[\"https:\/\/newgarden.es\/de\/shop\/lightdeco-de\/tragbares\/wally-disk-wandleuchte-mit-solarladung\/\"]}]},{\"@type\":\"ImageObject\",\"inLanguage\":\"de\",\"@id\":\"https:\/\/newgarden.es\/de\/shop\/lightdeco-de\/tragbares\/wally-disk-wandleuchte-mit-solarladung\/#primaryimage\",\"url\":\"https:\/\/newgarden.es\/wp-content\/uploads\/2022\/04\/WALLY_DISK_27_39_1200X1200-6.jpg\",\"contentUrl\":\"https:\/\/newgarden.es\/wp-content\/uploads\/2022\/04\/WALLY_DISK_27_39_1200X1200-6.jpg\",\"width\":1200,\"height\":1200},{\"@type\":\"BreadcrumbList\",\"@id\":\"https:\/\/newgarden.es\/de\/shop\/lightdeco-de\/tragbares\/wally-disk-wandleuchte-mit-solarladung\/#breadcrumb\",\"itemListElement\":[{\"@type\":\"ListItem\",\"position\":1,\"name\":\"Home\",\"item\":\"https:\/\/newgarden.es\/de\/\"},{\"@type\":\"ListItem\",\"position\":2,\"name\":\"Shop\",\"item\":\"https:\/\/newgarden.es\/de\/shop\/\"},{\"@type\":\"ListItem\",\"position\":3,\"name\":\"WALLY DISK WANDLEUCHTE MIT SOLARLADUNG\"}]},{\"@type\":\"WebSite\",\"@id\":\"https:\/\/newgarden.es\/#website\",\"url\":\"https:\/\/newgarden.es\/\",\"name\":\"Newgarden\",\"description\":\"Be happy\",\"potentialAction\":[{\"@type\":\"SearchAction\",\"target\":{\"@type\":\"EntryPoint\",\"urlTemplate\":\"https:\/\/newgarden.es\/?s={search_term_string}\"},\"query-input\":{\"@type\":\"PropertyValueSpecification\",\"valueRequired\":true,\"valueName\":\"search_term_string\"}}],\"inLanguage\":\"de\"}]}<\/script>\n<!-- \/ Yoast SEO plugin. -->","yoast_head_json":{"title":"WALLY DISK WANDLEUCHTE MIT SOLARLADUNG - Newgarden","description":"Wally ist mehr als eine herk\u00f6mmliche Wandleuchte. Er ist aus recyceltem Kunststoff hergestellt und verf\u00fcgt \u00fcber ein Solarpanel zum Aufladen.","robots":{"index":"index","follow":"follow","max-snippet":"max-snippet:-1","max-image-preview":"max-image-preview:large","max-video-preview":"max-video-preview:-1"},"canonical":"https:\/\/newgarden.es\/de\/shop\/lightdeco-de\/tragbares\/wally-disk-wandleuchte-mit-solarladung\/","og_locale":"de_DE","og_type":"article","og_title":"WALLY DISK WANDLEUCHTE MIT SOLARLADUNG - Newgarden","og_description":"Wally ist mehr als eine herk\u00f6mmliche Wandleuchte. Er ist aus recyceltem Kunststoff hergestellt und verf\u00fcgt \u00fcber ein Solarpanel zum Aufladen.","og_url":"https:\/\/newgarden.es\/de\/shop\/lightdeco-de\/tragbares\/wally-disk-wandleuchte-mit-solarladung\/","og_site_name":"Newgarden","article_modified_time":"2024-06-13T13:53:03+00:00","og_image":[{"width":1200,"height":1200,"url":"https:\/\/newgarden.es\/wp-content\/uploads\/2022\/04\/WALLY_DISK_27_39_1200X1200-6.jpg","type":"image\/jpeg"}],"twitter_card":"summary_large_image","twitter_misc":{"Gesch\u00e4tzte Lesezeit":"2\u00a0Minuten"},"schema":{"@context":"https:\/\/schema.org","@graph":[{"@type":"WebPage","@id":"https:\/\/newgarden.es\/de\/shop\/lightdeco-de\/tragbares\/wally-disk-wandleuchte-mit-solarladung\/","url":"https:\/\/newgarden.es\/de\/shop\/lightdeco-de\/tragbares\/wally-disk-wandleuchte-mit-solarladung\/","name":"WALLY DISK WANDLEUCHTE MIT SOLARLADUNG - Newgarden","isPartOf":{"@id":"https:\/\/newgarden.es\/#website"},"primaryImageOfPage":{"@id":"https:\/\/newgarden.es\/de\/shop\/lightdeco-de\/tragbares\/wally-disk-wandleuchte-mit-solarladung\/#primaryimage"},"image":{"@id":"https:\/\/newgarden.es\/de\/shop\/lightdeco-de\/tragbares\/wally-disk-wandleuchte-mit-solarladung\/#primaryimage"},"thumbnailUrl":"https:\/\/newgarden.es\/wp-content\/uploads\/2022\/04\/WALLY_DISK_27_39_1200X1200-6.jpg","datePublished":"2022-04-18T07:51:48+00:00","dateModified":"2024-06-13T13:53:03+00:00","description":"Wally ist mehr als eine herk\u00f6mmliche Wandleuchte. Er ist aus recyceltem Kunststoff hergestellt und verf\u00fcgt \u00fcber ein Solarpanel zum Aufladen.","breadcrumb":{"@id":"https:\/\/newgarden.es\/de\/shop\/lightdeco-de\/tragbares\/wally-disk-wandleuchte-mit-solarladung\/#breadcrumb"},"inLanguage":"de","potentialAction":[{"@type":"ReadAction","target":["https:\/\/newgarden.es\/de\/shop\/lightdeco-de\/tragbares\/wally-disk-wandleuchte-mit-solarladung\/"]}]},{"@type":"ImageObject","inLanguage":"de","@id":"https:\/\/newgarden.es\/de\/shop\/lightdeco-de\/tragbares\/wally-disk-wandleuchte-mit-solarladung\/#primaryimage","url":"https:\/\/newgarden.es\/wp-content\/uploads\/2022\/04\/WALLY_DISK_27_39_1200X1200-6.jpg","contentUrl":"https:\/\/newgarden.es\/wp-content\/uploads\/2022\/04\/WALLY_DISK_27_39_1200X1200-6.jpg","width":1200,"height":1200},{"@type":"BreadcrumbList","@id":"https:\/\/newgarden.es\/de\/shop\/lightdeco-de\/tragbares\/wally-disk-wandleuchte-mit-solarladung\/#breadcrumb","itemListElement":[{"@type":"ListItem","position":1,"name":"Home","item":"https:\/\/newgarden.es\/de\/"},{"@type":"ListItem","position":2,"name":"Shop","item":"https:\/\/newgarden.es\/de\/shop\/"},{"@type":"ListItem","position":3,"name":"WALLY DISK WANDLEUCHTE MIT SOLARLADUNG"}]},{"@type":"WebSite","@id":"https:\/\/newgarden.es\/#website","url":"https:\/\/newgarden.es\/","name":"Newgarden","description":"Be happy","potentialAction":[{"@type":"SearchAction","target":{"@type":"EntryPoint","urlTemplate":"https:\/\/newgarden.es\/?s={search_term_string}"},"query-input":{"@type":"PropertyValueSpecification","valueRequired":true,"valueName":"search_term_string"}}],"inLanguage":"de"}]}},"df_price":29.9,"df_sale_price":"","df_regular_price":29.9,"df_image_link":"https:\/\/newgarden.es\/wp-content\/uploads\/2022\/04\/WALLY_DISK_27_39_1200X1200-6-580x400.jpg","_links":{"self":[{"href":"https:\/\/newgarden.es\/de\/wp-json\/wp\/v2\/product\/43891"}],"collection":[{"href":"https:\/\/newgarden.es\/de\/wp-json\/wp\/v2\/product"}],"about":[{"href":"https:\/\/newgarden.es\/de\/wp-json\/wp\/v2\/types\/product"}],"wp:featuredmedia":[{"embeddable":true,"href":"https:\/\/newgarden.es\/de\/wp-json\/wp\/v2\/media\/56641"}],"wp:attachment":[{"href":"https:\/\/newgarden.es\/de\/wp-json\/wp\/v2\/media?parent=43891"}],"wp:term":[{"taxonomy":"product_cat","embeddable":true,"href":"https:\/\/newgarden.es\/de\/wp-json\/wp\/v2\/product_cat?post=43891"},{"taxonomy":"product_tag","embeddable":true,"href":"https:\/\/newgarden.es\/de\/wp-json\/wp\/v2\/product_tag?post=43891"}],"curies":[{"name":"wp","href":"https:\/\/api.w.org\/{rel}","templated":true}]}}