{"id":43995,"date":"2022-04-18T10:36:33","date_gmt":"2022-04-18T08:36:38","guid":{"rendered":"https:\/\/newgarden.es\/?post_type=product&#038;p=43995"},"modified":"2024-05-29T13:15:39","modified_gmt":"2024-05-29T11:15:39","slug":"lola-tischleuchte-20-lux","status":"publish","type":"product","link":"https:\/\/newgarden.es\/de\/shop\/lightdeco-de\/tischlampe\/lola-tischleuchte-20-lux\/","title":{"rendered":"TISCHLEUCHTE 20 LOLA 20 LUX"},"content":{"rendered":"<section class=\"wpb-content-wrapper\"><p>[vc_row][vc_column el_class=&#8220;descripcion_producto&#8220;][vc_column_text]Die Tischleuchte LOLA 20 LUX wurde f\u00fcr Orte und R\u00e4ume geschaffen, denen wir einen Hauch von Design und Raffinesse verleihen wollen. LOLA 20 LUX ist aus widerstandsf\u00e4higem, transparentem Polyamid und mit spiegelnden Fl\u00e4chen versehen, so dass wir ihre Beleuchtung auf eine andere Art genie\u00dfen k\u00f6nnen. Die Lichtintensit\u00e4t ist einstellbar und die Betriebsdauer betr\u00e4gt 50 Stunden.<\/p>\n<p>Das Modell LOLA gilt als Ikone der <span style=\"text-decoration: underline;\">Newgarden<\/span>-Produktfamilie. Mit seiner besonderen Form wird es von halb Europa geliebt und ist unser meistverkauftes Produkt auf dem Markt.<\/p>\n<p>Integriertes LED-Beleuchtungssystem mit warmem Licht (3000\u00baK).<\/p>\n<ul>\n<li><strong>GR\u00d6SSE<\/strong><br \/>\n\u00f811 x 20 cm<\/li>\n<\/ul>\n<p>[\/vc_column_text][\/vc_column][\/vc_row][vc_row disable_element=&#8220;yes&#8220;][vc_column][vc_single_image image=&#8220;6566&#8243; img_size=&#8220;full&#8220;][\/vc_column][\/vc_row][vc_row][vc_column width=&#8220;1\/2&#8243;][vc_btn title=&#8220;Technisches Datenblatt&#8220; style=&#8220;custom&#8220; custom_background=&#8220;#009bc2&#8243; custom_text=&#8220;#ffffff&#8220; shape=&#8220;square&#8220; link=&#8220;url:https%3A%2F%2Fbit.ly%2F3E1L8tz|target:%20_blank|&#8220; el_class=&#8220;btn_descargar_ficha&#8220;][\/vc_column][vc_column width=&#8220;1\/2&#8243;][vc_btn title=&#8220;BEDIENUNGSANLEITUNG&#8220; style=&#8220;custom&#8220; custom_background=&#8220;#009bc2&#8243; custom_text=&#8220;#ffffff&#8220; shape=&#8220;square&#8220; link=&#8220;url:https%3A%2F%2Fbit.ly%2F3PUHw1w|target:%20_blank|&#8220; el_class=&#8220;btn_descargar_ficha&#8220;][\/vc_column][\/vc_row]<\/p>\n<\/section>","protected":false},"excerpt":{"rendered":"<h1 style=\"font-size: 12px;\">Tischleuchte LOLA 20 LUX<\/h1>\n","protected":false},"featured_media":58540,"template":"","meta":[],"product_cat":[1696,763,764,1225,1589],"product_tag":[766,1226],"class_list":{"0":"post-43995","1":"product","2":"type-product","3":"status-publish","4":"has-post-thumbnail","6":"product_cat-productos-de","7":"product_cat-lightdeco-de","8":"product_cat-tischlampe","9":"product_cat-interior-de","10":"product_cat-innenbereich-de","11":"product_tag-batterie-de","12":"product_tag-interior-de","14":"first","15":"instock","16":"taxable","17":"shipping-taxable","18":"purchasable","19":"product-type-variable","20":"has-default-attributes"},"yoast_head":"<!-- This site is optimized with the Yoast SEO plugin v24.2 - https:\/\/yoast.com\/wordpress\/plugins\/seo\/ -->\n<title>Tischleuchte LOLA 20 LUX<\/title>\n<meta name=\"description\" content=\"Die Tischleuchte LOLA 20 LUX wurde f\u00fcr Orte und R\u00e4ume geschaffen, denen wir einen Hauch von Design und Raffinesse verleihen wollen. LOLA 20 LUX\" \/>\n<meta name=\"robots\" content=\"index, follow, max-snippet:-1, max-image-preview:large, max-video-preview:-1\" \/>\n<link rel=\"canonical\" href=\"https:\/\/newgarden.es\/de\/shop\/lightdeco-de\/tischlampe\/lola-tischleuchte-20-lux\/\" \/>\n<meta property=\"og:locale\" content=\"de_DE\" \/>\n<meta property=\"og:type\" content=\"article\" \/>\n<meta property=\"og:title\" content=\"Tischleuchte LOLA 20 LUX\" \/>\n<meta property=\"og:description\" content=\"Die Tischleuchte LOLA 20 LUX wurde f\u00fcr Orte und R\u00e4ume geschaffen, denen wir einen Hauch von Design und Raffinesse verleihen wollen. LOLA 20 LUX\" \/>\n<meta property=\"og:url\" content=\"https:\/\/newgarden.es\/de\/shop\/lightdeco-de\/tischlampe\/lola-tischleuchte-20-lux\/\" \/>\n<meta property=\"og:site_name\" content=\"Newgarden\" \/>\n<meta property=\"article:modified_time\" content=\"2024-05-29T11:15:39+00:00\" \/>\n<meta property=\"og:image\" content=\"https:\/\/newgarden.es\/wp-content\/uploads\/2022\/04\/LOLA_20_LUX_1200X1200-6.jpg\" \/>\n\t<meta property=\"og:image:width\" content=\"1200\" \/>\n\t<meta property=\"og:image:height\" content=\"1200\" \/>\n\t<meta property=\"og:image:type\" content=\"image\/jpeg\" \/>\n<meta name=\"twitter:card\" content=\"summary_large_image\" \/>\n<meta name=\"twitter:label1\" content=\"Gesch\u00e4tzte Lesezeit\" \/>\n\t<meta name=\"twitter:data1\" content=\"1\u00a0Minute\" \/>\n<script type=\"application\/ld+json\" class=\"yoast-schema-graph\">{\"@context\":\"https:\/\/schema.org\",\"@graph\":[{\"@type\":\"WebPage\",\"@id\":\"https:\/\/newgarden.es\/de\/shop\/lightdeco-de\/tischlampe\/lola-tischleuchte-20-lux\/\",\"url\":\"https:\/\/newgarden.es\/de\/shop\/lightdeco-de\/tischlampe\/lola-tischleuchte-20-lux\/\",\"name\":\"Tischleuchte LOLA 20 LUX\",\"isPartOf\":{\"@id\":\"https:\/\/newgarden.es\/#website\"},\"primaryImageOfPage\":{\"@id\":\"https:\/\/newgarden.es\/de\/shop\/lightdeco-de\/tischlampe\/lola-tischleuchte-20-lux\/#primaryimage\"},\"image\":{\"@id\":\"https:\/\/newgarden.es\/de\/shop\/lightdeco-de\/tischlampe\/lola-tischleuchte-20-lux\/#primaryimage\"},\"thumbnailUrl\":\"https:\/\/newgarden.es\/wp-content\/uploads\/2022\/04\/LOLA_20_LUX_1200X1200-6.jpg\",\"datePublished\":\"2022-04-18T08:36:38+00:00\",\"dateModified\":\"2024-05-29T11:15:39+00:00\",\"description\":\"Die Tischleuchte LOLA 20 LUX wurde f\u00fcr Orte und R\u00e4ume geschaffen, denen wir einen Hauch von Design und Raffinesse verleihen wollen. LOLA 20 LUX\",\"breadcrumb\":{\"@id\":\"https:\/\/newgarden.es\/de\/shop\/lightdeco-de\/tischlampe\/lola-tischleuchte-20-lux\/#breadcrumb\"},\"inLanguage\":\"de\",\"potentialAction\":[{\"@type\":\"ReadAction\",\"target\":[\"https:\/\/newgarden.es\/de\/shop\/lightdeco-de\/tischlampe\/lola-tischleuchte-20-lux\/\"]}]},{\"@type\":\"ImageObject\",\"inLanguage\":\"de\",\"@id\":\"https:\/\/newgarden.es\/de\/shop\/lightdeco-de\/tischlampe\/lola-tischleuchte-20-lux\/#primaryimage\",\"url\":\"https:\/\/newgarden.es\/wp-content\/uploads\/2022\/04\/LOLA_20_LUX_1200X1200-6.jpg\",\"contentUrl\":\"https:\/\/newgarden.es\/wp-content\/uploads\/2022\/04\/LOLA_20_LUX_1200X1200-6.jpg\",\"width\":1200,\"height\":1200},{\"@type\":\"BreadcrumbList\",\"@id\":\"https:\/\/newgarden.es\/de\/shop\/lightdeco-de\/tischlampe\/lola-tischleuchte-20-lux\/#breadcrumb\",\"itemListElement\":[{\"@type\":\"ListItem\",\"position\":1,\"name\":\"Home\",\"item\":\"https:\/\/newgarden.es\/de\/\"},{\"@type\":\"ListItem\",\"position\":2,\"name\":\"Shop\",\"item\":\"https:\/\/newgarden.es\/de\/shop\/\"},{\"@type\":\"ListItem\",\"position\":3,\"name\":\"TISCHLEUCHTE 20 LOLA 20 LUX\"}]},{\"@type\":\"WebSite\",\"@id\":\"https:\/\/newgarden.es\/#website\",\"url\":\"https:\/\/newgarden.es\/\",\"name\":\"Newgarden\",\"description\":\"Be happy\",\"potentialAction\":[{\"@type\":\"SearchAction\",\"target\":{\"@type\":\"EntryPoint\",\"urlTemplate\":\"https:\/\/newgarden.es\/?s={search_term_string}\"},\"query-input\":{\"@type\":\"PropertyValueSpecification\",\"valueRequired\":true,\"valueName\":\"search_term_string\"}}],\"inLanguage\":\"de\"}]}<\/script>\n<!-- \/ Yoast SEO plugin. -->","yoast_head_json":{"title":"Tischleuchte LOLA 20 LUX","description":"Die Tischleuchte LOLA 20 LUX wurde f\u00fcr Orte und R\u00e4ume geschaffen, denen wir einen Hauch von Design und Raffinesse verleihen wollen. LOLA 20 LUX","robots":{"index":"index","follow":"follow","max-snippet":"max-snippet:-1","max-image-preview":"max-image-preview:large","max-video-preview":"max-video-preview:-1"},"canonical":"https:\/\/newgarden.es\/de\/shop\/lightdeco-de\/tischlampe\/lola-tischleuchte-20-lux\/","og_locale":"de_DE","og_type":"article","og_title":"Tischleuchte LOLA 20 LUX","og_description":"Die Tischleuchte LOLA 20 LUX wurde f\u00fcr Orte und R\u00e4ume geschaffen, denen wir einen Hauch von Design und Raffinesse verleihen wollen. LOLA 20 LUX","og_url":"https:\/\/newgarden.es\/de\/shop\/lightdeco-de\/tischlampe\/lola-tischleuchte-20-lux\/","og_site_name":"Newgarden","article_modified_time":"2024-05-29T11:15:39+00:00","og_image":[{"width":1200,"height":1200,"url":"https:\/\/newgarden.es\/wp-content\/uploads\/2022\/04\/LOLA_20_LUX_1200X1200-6.jpg","type":"image\/jpeg"}],"twitter_card":"summary_large_image","twitter_misc":{"Gesch\u00e4tzte Lesezeit":"1\u00a0Minute"},"schema":{"@context":"https:\/\/schema.org","@graph":[{"@type":"WebPage","@id":"https:\/\/newgarden.es\/de\/shop\/lightdeco-de\/tischlampe\/lola-tischleuchte-20-lux\/","url":"https:\/\/newgarden.es\/de\/shop\/lightdeco-de\/tischlampe\/lola-tischleuchte-20-lux\/","name":"Tischleuchte LOLA 20 LUX","isPartOf":{"@id":"https:\/\/newgarden.es\/#website"},"primaryImageOfPage":{"@id":"https:\/\/newgarden.es\/de\/shop\/lightdeco-de\/tischlampe\/lola-tischleuchte-20-lux\/#primaryimage"},"image":{"@id":"https:\/\/newgarden.es\/de\/shop\/lightdeco-de\/tischlampe\/lola-tischleuchte-20-lux\/#primaryimage"},"thumbnailUrl":"https:\/\/newgarden.es\/wp-content\/uploads\/2022\/04\/LOLA_20_LUX_1200X1200-6.jpg","datePublished":"2022-04-18T08:36:38+00:00","dateModified":"2024-05-29T11:15:39+00:00","description":"Die Tischleuchte LOLA 20 LUX wurde f\u00fcr Orte und R\u00e4ume geschaffen, denen wir einen Hauch von Design und Raffinesse verleihen wollen. LOLA 20 LUX","breadcrumb":{"@id":"https:\/\/newgarden.es\/de\/shop\/lightdeco-de\/tischlampe\/lola-tischleuchte-20-lux\/#breadcrumb"},"inLanguage":"de","potentialAction":[{"@type":"ReadAction","target":["https:\/\/newgarden.es\/de\/shop\/lightdeco-de\/tischlampe\/lola-tischleuchte-20-lux\/"]}]},{"@type":"ImageObject","inLanguage":"de","@id":"https:\/\/newgarden.es\/de\/shop\/lightdeco-de\/tischlampe\/lola-tischleuchte-20-lux\/#primaryimage","url":"https:\/\/newgarden.es\/wp-content\/uploads\/2022\/04\/LOLA_20_LUX_1200X1200-6.jpg","contentUrl":"https:\/\/newgarden.es\/wp-content\/uploads\/2022\/04\/LOLA_20_LUX_1200X1200-6.jpg","width":1200,"height":1200},{"@type":"BreadcrumbList","@id":"https:\/\/newgarden.es\/de\/shop\/lightdeco-de\/tischlampe\/lola-tischleuchte-20-lux\/#breadcrumb","itemListElement":[{"@type":"ListItem","position":1,"name":"Home","item":"https:\/\/newgarden.es\/de\/"},{"@type":"ListItem","position":2,"name":"Shop","item":"https:\/\/newgarden.es\/de\/shop\/"},{"@type":"ListItem","position":3,"name":"TISCHLEUCHTE 20 LOLA 20 LUX"}]},{"@type":"WebSite","@id":"https:\/\/newgarden.es\/#website","url":"https:\/\/newgarden.es\/","name":"Newgarden","description":"Be happy","potentialAction":[{"@type":"SearchAction","target":{"@type":"EntryPoint","urlTemplate":"https:\/\/newgarden.es\/?s={search_term_string}"},"query-input":{"@type":"PropertyValueSpecification","valueRequired":true,"valueName":"search_term_string"}}],"inLanguage":"de"}]}},"df_price":39,"df_sale_price":"","df_regular_price":39,"df_image_link":"https:\/\/newgarden.es\/wp-content\/uploads\/2022\/04\/LOLA_20_LUX_1200X1200-6-580x400.jpg","_links":{"self":[{"href":"https:\/\/newgarden.es\/de\/wp-json\/wp\/v2\/product\/43995"}],"collection":[{"href":"https:\/\/newgarden.es\/de\/wp-json\/wp\/v2\/product"}],"about":[{"href":"https:\/\/newgarden.es\/de\/wp-json\/wp\/v2\/types\/product"}],"wp:featuredmedia":[{"embeddable":true,"href":"https:\/\/newgarden.es\/de\/wp-json\/wp\/v2\/media\/58540"}],"wp:attachment":[{"href":"https:\/\/newgarden.es\/de\/wp-json\/wp\/v2\/media?parent=43995"}],"wp:term":[{"taxonomy":"product_cat","embeddable":true,"href":"https:\/\/newgarden.es\/de\/wp-json\/wp\/v2\/product_cat?post=43995"},{"taxonomy":"product_tag","embeddable":true,"href":"https:\/\/newgarden.es\/de\/wp-json\/wp\/v2\/product_tag?post=43995"}],"curies":[{"name":"wp","href":"https:\/\/api.w.org\/{rel}","templated":true}]}}