{"id":46223,"date":"2023-02-03T08:25:03","date_gmt":"2023-02-03T07:25:05","guid":{"rendered":"https:\/\/newgarden.es\/?post_type=product&#038;p=46223"},"modified":"2025-06-11T15:52:28","modified_gmt":"2025-06-11T13:52:28","slug":"tragbare-wiederaufladbare-gluhbirne-cherry-mini","status":"publish","type":"product","link":"https:\/\/newgarden.es\/de\/shop\/lightdeco-de\/tragbares\/tragbare-wiederaufladbare-gluhbirne-cherry-mini\/","title":{"rendered":"CHERRY MINI TRAGBARE WIEDERAUFLADBARE GL\u00dcHBIRNE (3 ST\u00dcCK)"},"content":{"rendered":"<section class=\"wpb-content-wrapper\"><p>[vc_row][vc_column][vc_column_text][\/vc_column_text][\/vc_column][\/vc_row][vc_row][vc_column][vc_column_text]Cherry Mini ist die vielseitigste wiederaufladbare tragbare Gl\u00fchbirne, die Sie auf dem Markt finden werden. Dank ihrer geringen Gr\u00f6\u00dfe passt sie \u00fcberall hin, sowohl in Ihr Zuhause als auch zum Mitnehmen. <strong>Cherry Mini ist perfekt f\u00fcr die Beleuchtung von schwer zug\u00e4nglichen Bereichen oder dort, wo Sie keine Steckdose haben, sie ist perfekt f\u00fcr das Camping und zum Mitnehmen als Hilfslicht.<\/strong> Da sie nicht installiert werden muss, verf\u00fcgt sie \u00fcber einen integrierten starken Magneten, mit dem sie an jeder Metalloberfl\u00e4che befestigt werden kann, sowie \u00fcber einen Haken, um sie an jede Lampe oder jeden Baum in Ihrem Garten zu h\u00e4ngen. <strong>Seine Leistung betr\u00e4gt 350 Lumen bei maximaler Intensit\u00e4t.<\/strong><\/p>\n<p><strong>Jede Cherry Mini Box enth\u00e4lt 3 Gl\u00fchbirnen.<\/strong>\u00a0Jede Gl\u00fchbirne hat einen Aufh\u00e4ngehaken und eine selbstklebende Metallplatte, um die Platzierungsm\u00f6glichkeiten zu erh\u00f6hen. Es enth\u00e4lt auch eine Fernbedienung, mit der man sie ein- und ausschalten und ihre Intensit\u00e4t regulieren kann.<\/p>\n<p>Sie zahlen f\u00fcr 5 Schachteln CHERRI MINI (jede Schachtel enth\u00e4lt 3 Cherry Minis)<br \/>\n[\/vc_column_text][\/vc_column][\/vc_row][vc_row][vc_column width=&#8220;1\/2&#8243;][vc_btn title=&#8220;Technisches Datenblatt&#8220; style=&#8220;custom&#8220; custom_background=&#8220;#009bc2&#8243; custom_text=&#8220;#ffffff&#8220; shape=&#8220;square&#8220; link=&#8220;url:https%3A%2F%2Fbit.ly%2F3RFINeV|target:%20_blank|&#8220; el_class=&#8220;btn_descargar_ficha&#8220;][\/vc_column][vc_column width=&#8220;1\/2&#8243;][vc_btn title=&#8220;BEDIENUNGSANLEITUNG&#8220; style=&#8220;custom&#8220; custom_background=&#8220;#009bc2&#8243; custom_text=&#8220;#ffffff&#8220; shape=&#8220;square&#8220; link=&#8220;url:https%3A%2F%2Fbit.ly%2F3DAVRw5|target:%20_blank|&#8220; el_class=&#8220;btn_descargar_ficha&#8220;][\/vc_column][vc_column][\/vc_column][\/vc_row]<\/p>\n<\/section>","protected":false},"excerpt":{"rendered":"<p>[vc_row][vc_column][vc_column_text][\/vc_column_text][\/vc_column][\/vc_row][vc_row][vc_column][vc_column_text]Cherry Mini ist die vielseitigste wiederaufladbare tragbare Gl\u00fchbirne, die Sie auf dem Markt finden werden. Dank ihrer geringen Gr\u00f6\u00dfe passt sie \u00fcberall hin, sowohl in Ihr Zuhause als auch zum<\/p>\n","protected":false},"featured_media":57027,"template":"","meta":[],"product_cat":[763,842,826],"product_tag":[766,793],"class_list":{"0":"post-46223","1":"product","2":"type-product","3":"status-publish","4":"has-post-thumbnail","6":"product_cat-lightdeco-de","7":"product_cat-wandlampe","8":"product_cat-tragbares","9":"product_tag-batterie-de","10":"product_tag-drahtlose","12":"first","13":"instock","14":"taxable","15":"shipping-taxable","16":"purchasable","17":"product-type-variable"},"yoast_head":"<!-- This site is optimized with the Yoast SEO plugin v24.2 - https:\/\/yoast.com\/wordpress\/plugins\/seo\/ -->\n<title>CHERRY MINI TRAGBARE WIEDERAUFLADBARE GL\u00dcHBIRNE (3 ST\u00dcCK) - Newgarden<\/title>\n<meta name=\"description\" content=\"Cherry Mini eignet sich perfekt f\u00fcr die Beleuchtung von schwer zug\u00e4nglichen Stellen oder Bereichen, in denen Sie keine Steckdose haben. Seine Leistung betr\u00e4gt 350 Lumen.\" \/>\n<meta name=\"robots\" content=\"index, follow, max-snippet:-1, max-image-preview:large, max-video-preview:-1\" \/>\n<link rel=\"canonical\" href=\"https:\/\/newgarden.es\/de\/shop\/lightdeco-de\/tragbares\/tragbare-wiederaufladbare-gluhbirne-cherry-mini\/\" \/>\n<meta property=\"og:locale\" content=\"de_DE\" \/>\n<meta property=\"og:type\" content=\"article\" \/>\n<meta property=\"og:title\" content=\"CHERRY MINI TRAGBARE WIEDERAUFLADBARE GL\u00dcHBIRNE (3 ST\u00dcCK) - Newgarden\" \/>\n<meta property=\"og:description\" content=\"Cherry Mini eignet sich perfekt f\u00fcr die Beleuchtung von schwer zug\u00e4nglichen Stellen oder Bereichen, in denen Sie keine Steckdose haben. Seine Leistung betr\u00e4gt 350 Lumen.\" \/>\n<meta property=\"og:url\" content=\"https:\/\/newgarden.es\/de\/shop\/lightdeco-de\/tragbares\/tragbare-wiederaufladbare-gluhbirne-cherry-mini\/\" \/>\n<meta property=\"og:site_name\" content=\"Newgarden\" \/>\n<meta property=\"article:modified_time\" content=\"2025-06-11T13:52:28+00:00\" \/>\n<meta property=\"og:image\" content=\"https:\/\/newgarden.es\/wp-content\/uploads\/2023\/02\/CHERRY_MINI_BATTERY_1200X1200-5.jpg\" \/>\n\t<meta property=\"og:image:width\" content=\"1200\" \/>\n\t<meta property=\"og:image:height\" content=\"1200\" \/>\n\t<meta property=\"og:image:type\" content=\"image\/jpeg\" \/>\n<meta name=\"twitter:card\" content=\"summary_large_image\" \/>\n<meta name=\"twitter:label1\" content=\"Gesch\u00e4tzte Lesezeit\" \/>\n\t<meta name=\"twitter:data1\" content=\"2\u00a0Minuten\" \/>\n<script type=\"application\/ld+json\" class=\"yoast-schema-graph\">{\"@context\":\"https:\/\/schema.org\",\"@graph\":[{\"@type\":\"WebPage\",\"@id\":\"https:\/\/newgarden.es\/de\/shop\/lightdeco-de\/tragbares\/tragbare-wiederaufladbare-gluhbirne-cherry-mini\/\",\"url\":\"https:\/\/newgarden.es\/de\/shop\/lightdeco-de\/tragbares\/tragbare-wiederaufladbare-gluhbirne-cherry-mini\/\",\"name\":\"CHERRY MINI TRAGBARE WIEDERAUFLADBARE GL\u00dcHBIRNE (3 ST\u00dcCK) - Newgarden\",\"isPartOf\":{\"@id\":\"https:\/\/newgarden.es\/#website\"},\"primaryImageOfPage\":{\"@id\":\"https:\/\/newgarden.es\/de\/shop\/lightdeco-de\/tragbares\/tragbare-wiederaufladbare-gluhbirne-cherry-mini\/#primaryimage\"},\"image\":{\"@id\":\"https:\/\/newgarden.es\/de\/shop\/lightdeco-de\/tragbares\/tragbare-wiederaufladbare-gluhbirne-cherry-mini\/#primaryimage\"},\"thumbnailUrl\":\"https:\/\/newgarden.es\/wp-content\/uploads\/2023\/02\/CHERRY_MINI_BATTERY_1200X1200-5.jpg\",\"datePublished\":\"2023-02-03T07:25:05+00:00\",\"dateModified\":\"2025-06-11T13:52:28+00:00\",\"description\":\"Cherry Mini eignet sich perfekt f\u00fcr die Beleuchtung von schwer zug\u00e4nglichen Stellen oder Bereichen, in denen Sie keine Steckdose haben. Seine Leistung betr\u00e4gt 350 Lumen.\",\"breadcrumb\":{\"@id\":\"https:\/\/newgarden.es\/de\/shop\/lightdeco-de\/tragbares\/tragbare-wiederaufladbare-gluhbirne-cherry-mini\/#breadcrumb\"},\"inLanguage\":\"de\",\"potentialAction\":[{\"@type\":\"ReadAction\",\"target\":[\"https:\/\/newgarden.es\/de\/shop\/lightdeco-de\/tragbares\/tragbare-wiederaufladbare-gluhbirne-cherry-mini\/\"]}]},{\"@type\":\"ImageObject\",\"inLanguage\":\"de\",\"@id\":\"https:\/\/newgarden.es\/de\/shop\/lightdeco-de\/tragbares\/tragbare-wiederaufladbare-gluhbirne-cherry-mini\/#primaryimage\",\"url\":\"https:\/\/newgarden.es\/wp-content\/uploads\/2023\/02\/CHERRY_MINI_BATTERY_1200X1200-5.jpg\",\"contentUrl\":\"https:\/\/newgarden.es\/wp-content\/uploads\/2023\/02\/CHERRY_MINI_BATTERY_1200X1200-5.jpg\",\"width\":1200,\"height\":1200},{\"@type\":\"BreadcrumbList\",\"@id\":\"https:\/\/newgarden.es\/de\/shop\/lightdeco-de\/tragbares\/tragbare-wiederaufladbare-gluhbirne-cherry-mini\/#breadcrumb\",\"itemListElement\":[{\"@type\":\"ListItem\",\"position\":1,\"name\":\"Home\",\"item\":\"https:\/\/newgarden.es\/de\/\"},{\"@type\":\"ListItem\",\"position\":2,\"name\":\"Shop\",\"item\":\"https:\/\/newgarden.es\/de\/shop\/\"},{\"@type\":\"ListItem\",\"position\":3,\"name\":\"CHERRY MINI TRAGBARE WIEDERAUFLADBARE GL\u00dcHBIRNE (3 ST\u00dcCK)\"}]},{\"@type\":\"WebSite\",\"@id\":\"https:\/\/newgarden.es\/#website\",\"url\":\"https:\/\/newgarden.es\/\",\"name\":\"Newgarden\",\"description\":\"Be happy\",\"potentialAction\":[{\"@type\":\"SearchAction\",\"target\":{\"@type\":\"EntryPoint\",\"urlTemplate\":\"https:\/\/newgarden.es\/?s={search_term_string}\"},\"query-input\":{\"@type\":\"PropertyValueSpecification\",\"valueRequired\":true,\"valueName\":\"search_term_string\"}}],\"inLanguage\":\"de\"}]}<\/script>\n<!-- \/ Yoast SEO plugin. -->","yoast_head_json":{"title":"CHERRY MINI TRAGBARE WIEDERAUFLADBARE GL\u00dcHBIRNE (3 ST\u00dcCK) - Newgarden","description":"Cherry Mini eignet sich perfekt f\u00fcr die Beleuchtung von schwer zug\u00e4nglichen Stellen oder Bereichen, in denen Sie keine Steckdose haben. Seine Leistung betr\u00e4gt 350 Lumen.","robots":{"index":"index","follow":"follow","max-snippet":"max-snippet:-1","max-image-preview":"max-image-preview:large","max-video-preview":"max-video-preview:-1"},"canonical":"https:\/\/newgarden.es\/de\/shop\/lightdeco-de\/tragbares\/tragbare-wiederaufladbare-gluhbirne-cherry-mini\/","og_locale":"de_DE","og_type":"article","og_title":"CHERRY MINI TRAGBARE WIEDERAUFLADBARE GL\u00dcHBIRNE (3 ST\u00dcCK) - Newgarden","og_description":"Cherry Mini eignet sich perfekt f\u00fcr die Beleuchtung von schwer zug\u00e4nglichen Stellen oder Bereichen, in denen Sie keine Steckdose haben. Seine Leistung betr\u00e4gt 350 Lumen.","og_url":"https:\/\/newgarden.es\/de\/shop\/lightdeco-de\/tragbares\/tragbare-wiederaufladbare-gluhbirne-cherry-mini\/","og_site_name":"Newgarden","article_modified_time":"2025-06-11T13:52:28+00:00","og_image":[{"width":1200,"height":1200,"url":"https:\/\/newgarden.es\/wp-content\/uploads\/2023\/02\/CHERRY_MINI_BATTERY_1200X1200-5.jpg","type":"image\/jpeg"}],"twitter_card":"summary_large_image","twitter_misc":{"Gesch\u00e4tzte Lesezeit":"2\u00a0Minuten"},"schema":{"@context":"https:\/\/schema.org","@graph":[{"@type":"WebPage","@id":"https:\/\/newgarden.es\/de\/shop\/lightdeco-de\/tragbares\/tragbare-wiederaufladbare-gluhbirne-cherry-mini\/","url":"https:\/\/newgarden.es\/de\/shop\/lightdeco-de\/tragbares\/tragbare-wiederaufladbare-gluhbirne-cherry-mini\/","name":"CHERRY MINI TRAGBARE WIEDERAUFLADBARE GL\u00dcHBIRNE (3 ST\u00dcCK) - Newgarden","isPartOf":{"@id":"https:\/\/newgarden.es\/#website"},"primaryImageOfPage":{"@id":"https:\/\/newgarden.es\/de\/shop\/lightdeco-de\/tragbares\/tragbare-wiederaufladbare-gluhbirne-cherry-mini\/#primaryimage"},"image":{"@id":"https:\/\/newgarden.es\/de\/shop\/lightdeco-de\/tragbares\/tragbare-wiederaufladbare-gluhbirne-cherry-mini\/#primaryimage"},"thumbnailUrl":"https:\/\/newgarden.es\/wp-content\/uploads\/2023\/02\/CHERRY_MINI_BATTERY_1200X1200-5.jpg","datePublished":"2023-02-03T07:25:05+00:00","dateModified":"2025-06-11T13:52:28+00:00","description":"Cherry Mini eignet sich perfekt f\u00fcr die Beleuchtung von schwer zug\u00e4nglichen Stellen oder Bereichen, in denen Sie keine Steckdose haben. Seine Leistung betr\u00e4gt 350 Lumen.","breadcrumb":{"@id":"https:\/\/newgarden.es\/de\/shop\/lightdeco-de\/tragbares\/tragbare-wiederaufladbare-gluhbirne-cherry-mini\/#breadcrumb"},"inLanguage":"de","potentialAction":[{"@type":"ReadAction","target":["https:\/\/newgarden.es\/de\/shop\/lightdeco-de\/tragbares\/tragbare-wiederaufladbare-gluhbirne-cherry-mini\/"]}]},{"@type":"ImageObject","inLanguage":"de","@id":"https:\/\/newgarden.es\/de\/shop\/lightdeco-de\/tragbares\/tragbare-wiederaufladbare-gluhbirne-cherry-mini\/#primaryimage","url":"https:\/\/newgarden.es\/wp-content\/uploads\/2023\/02\/CHERRY_MINI_BATTERY_1200X1200-5.jpg","contentUrl":"https:\/\/newgarden.es\/wp-content\/uploads\/2023\/02\/CHERRY_MINI_BATTERY_1200X1200-5.jpg","width":1200,"height":1200},{"@type":"BreadcrumbList","@id":"https:\/\/newgarden.es\/de\/shop\/lightdeco-de\/tragbares\/tragbare-wiederaufladbare-gluhbirne-cherry-mini\/#breadcrumb","itemListElement":[{"@type":"ListItem","position":1,"name":"Home","item":"https:\/\/newgarden.es\/de\/"},{"@type":"ListItem","position":2,"name":"Shop","item":"https:\/\/newgarden.es\/de\/shop\/"},{"@type":"ListItem","position":3,"name":"CHERRY MINI TRAGBARE WIEDERAUFLADBARE GL\u00dcHBIRNE (3 ST\u00dcCK)"}]},{"@type":"WebSite","@id":"https:\/\/newgarden.es\/#website","url":"https:\/\/newgarden.es\/","name":"Newgarden","description":"Be happy","potentialAction":[{"@type":"SearchAction","target":{"@type":"EntryPoint","urlTemplate":"https:\/\/newgarden.es\/?s={search_term_string}"},"query-input":{"@type":"PropertyValueSpecification","valueRequired":true,"valueName":"search_term_string"}}],"inLanguage":"de"}]}},"df_price":30.1,"df_sale_price":"","df_regular_price":30.1,"df_image_link":"https:\/\/newgarden.es\/wp-content\/uploads\/2023\/02\/CHERRY_MINI_BATTERY_1200X1200-5-580x400.jpg","_links":{"self":[{"href":"https:\/\/newgarden.es\/de\/wp-json\/wp\/v2\/product\/46223"}],"collection":[{"href":"https:\/\/newgarden.es\/de\/wp-json\/wp\/v2\/product"}],"about":[{"href":"https:\/\/newgarden.es\/de\/wp-json\/wp\/v2\/types\/product"}],"wp:featuredmedia":[{"embeddable":true,"href":"https:\/\/newgarden.es\/de\/wp-json\/wp\/v2\/media\/57027"}],"wp:attachment":[{"href":"https:\/\/newgarden.es\/de\/wp-json\/wp\/v2\/media?parent=46223"}],"wp:term":[{"taxonomy":"product_cat","embeddable":true,"href":"https:\/\/newgarden.es\/de\/wp-json\/wp\/v2\/product_cat?post=46223"},{"taxonomy":"product_tag","embeddable":true,"href":"https:\/\/newgarden.es\/de\/wp-json\/wp\/v2\/product_tag?post=46223"}],"curies":[{"name":"wp","href":"https:\/\/api.w.org\/{rel}","templated":true}]}}