{"id":46483,"date":"2023-02-21T10:03:50","date_gmt":"2023-02-21T09:03:52","guid":{"rendered":"https:\/\/newgarden.es\/?post_type=product&#038;p=46483"},"modified":"2024-06-13T14:52:51","modified_gmt":"2024-06-13T12:52:51","slug":"kabellose-poolbeleuchtung-papaya-12-battery","status":"publish","type":"product","link":"https:\/\/newgarden.es\/de\/shop\/lightdeco-de\/tragbares\/kabellose-poolbeleuchtung-papaya-12-battery\/","title":{"rendered":"KABELLOSE POOLBELEUCHTUNG PAPAYA 12 BATTERY"},"content":{"rendered":"<section class=\"wpb-content-wrapper\"><p>[vc_row][vc_column][vc_column_text][\/vc_column_text][\/vc_column][\/vc_row][vc_row][vc_column][vc_column_text]Papaya 12 BATTERY ist ein kabelloses Licht, das speziell f\u00fcr die Beleuchtung Ihres Pools entwickelt wurde. Dank seiner kompakten und wasserdichten Bauweise kann er bis zu 1 Meter unter Wasser getaucht werden (IP 68). Sie verf\u00fcgt \u00fcber eine Fernbedienung, mit der Sie das Licht steuern k\u00f6nnen. Sie k\u00f6nnen unter einer unendlichen Anzahl von Farben sowie verschiedenen Farbwechselmodi wechseln.<\/p>\n<p>Er kann auf zwei Arten installiert werden: mit abl\u00f6sbarem Klebstoff oder mit Saugn\u00e4pfen, so dass er in jedem Pooltyp installiert werden kann, egal ob gefliest, aus Kies oder anderen Materialien. Sie kann auch als dekorative schwimmende Leuchte, Tischleuchte, bodenb\u00fcndige Leuchte verwendet werden&#8230; f\u00fcr all dies und mehr ist diese Poolleuchte ein Muss f\u00fcr Ihre Terrasse oder Ihren Garten.<\/p>\n<p>Lademodus: Es hat ein magnetisches Ladesystem, ein sicherer Lademodus f\u00fcr aquatische Produkte. Sie m\u00fcssen es nur aus dem Pool nehmen, den Ladebereich der Leuchte abtrocknen und in k\u00fcrzester Zeit haben Sie das Produkt zu 100 % aufgeladen, um alle seine Vorteile zu genie\u00dfen.<\/p>\n<p>Sie hat eine Betriebsdauer von bis zu 32 Stunden und eine Lichtquelle von 800 Lumen. Inklusive Fernbedienung und Befestigungsmaterial.<br \/>\n[\/vc_column_text][\/vc_column][\/vc_row][vc_row][vc_column width=&#8220;1\/2&#8243;][vc_btn title=&#8220;Technisches Datenblatt&#8220; style=&#8220;custom&#8220; custom_background=&#8220;#009bc2&#8243; custom_text=&#8220;#ffffff&#8220; shape=&#8220;square&#8220; link=&#8220;url:https%3A%2F%2Fbit.ly%2F3YLBPaU|target:%20_blank|&#8220; el_class=&#8220;btn_descargar_ficha&#8220;][\/vc_column][vc_column width=&#8220;1\/2&#8243;][vc_btn title=&#8220;BEDIENUNGSANLEITUNG&#8220; style=&#8220;custom&#8220; custom_background=&#8220;#009bc2&#8243; custom_text=&#8220;#ffffff&#8220; shape=&#8220;square&#8220; link=&#8220;url:https%3A%2F%2Fbit.ly%2F3HAWZSP|target:%20_blank|&#8220; el_class=&#8220;btn_descargar_ficha&#8220;][\/vc_column][vc_column][\/vc_column][\/vc_row]<\/p>\n<\/section>","protected":false},"excerpt":{"rendered":"<p>Kabellose Poolbeleuchtung PAPAYA 12 BATTERY<\/p>\n","protected":false},"featured_media":56616,"template":"","meta":[],"product_cat":[763,842,826],"product_tag":[766,793],"class_list":{"0":"post-46483","1":"product","2":"type-product","3":"status-publish","4":"has-post-thumbnail","6":"product_cat-lightdeco-de","7":"product_cat-wandlampe","8":"product_cat-tragbares","9":"product_tag-batterie-de","10":"product_tag-drahtlose","12":"first","13":"instock","14":"taxable","15":"shipping-taxable","16":"purchasable","17":"product-type-variable"},"yoast_head":"<!-- This site is optimized with the Yoast SEO plugin v24.2 - https:\/\/yoast.com\/wordpress\/plugins\/seo\/ -->\n<title>KABELLOSE POOLBELEUCHTUNG PAPAYA 12 BATTERY - Newgarden<\/title>\n<meta name=\"description\" content=\"Papaya 12 BATTERY ist ein kabelloses Licht, das speziell f\u00fcr die Beleuchtung Ihres Pools entwickelt wurde. Dank seiner kompakten und wasserdichten\" \/>\n<meta name=\"robots\" content=\"index, follow, max-snippet:-1, max-image-preview:large, max-video-preview:-1\" \/>\n<link rel=\"canonical\" href=\"https:\/\/newgarden.es\/de\/shop\/lightdeco-de\/tragbares\/kabellose-poolbeleuchtung-papaya-12-battery\/\" \/>\n<meta property=\"og:locale\" content=\"de_DE\" \/>\n<meta property=\"og:type\" content=\"article\" \/>\n<meta property=\"og:title\" content=\"KABELLOSE POOLBELEUCHTUNG PAPAYA 12 BATTERY - Newgarden\" \/>\n<meta property=\"og:description\" content=\"Papaya 12 BATTERY ist ein kabelloses Licht, das speziell f\u00fcr die Beleuchtung Ihres Pools entwickelt wurde. Dank seiner kompakten und wasserdichten\" \/>\n<meta property=\"og:url\" content=\"https:\/\/newgarden.es\/de\/shop\/lightdeco-de\/tragbares\/kabellose-poolbeleuchtung-papaya-12-battery\/\" \/>\n<meta property=\"og:site_name\" content=\"Newgarden\" \/>\n<meta property=\"article:modified_time\" content=\"2024-06-13T12:52:51+00:00\" \/>\n<meta property=\"og:image\" content=\"https:\/\/newgarden.es\/wp-content\/uploads\/2023\/02\/PAPAYA_12_BATTERY_1200X1200-7.jpg\" \/>\n\t<meta property=\"og:image:width\" content=\"1200\" \/>\n\t<meta property=\"og:image:height\" content=\"1200\" \/>\n\t<meta property=\"og:image:type\" content=\"image\/jpeg\" \/>\n<meta name=\"twitter:card\" content=\"summary_large_image\" \/>\n<meta name=\"twitter:label1\" content=\"Gesch\u00e4tzte Lesezeit\" \/>\n\t<meta name=\"twitter:data1\" content=\"1\u00a0Minute\" \/>\n<script type=\"application\/ld+json\" class=\"yoast-schema-graph\">{\"@context\":\"https:\/\/schema.org\",\"@graph\":[{\"@type\":\"WebPage\",\"@id\":\"https:\/\/newgarden.es\/de\/shop\/lightdeco-de\/tragbares\/kabellose-poolbeleuchtung-papaya-12-battery\/\",\"url\":\"https:\/\/newgarden.es\/de\/shop\/lightdeco-de\/tragbares\/kabellose-poolbeleuchtung-papaya-12-battery\/\",\"name\":\"KABELLOSE POOLBELEUCHTUNG PAPAYA 12 BATTERY - Newgarden\",\"isPartOf\":{\"@id\":\"https:\/\/newgarden.es\/#website\"},\"primaryImageOfPage\":{\"@id\":\"https:\/\/newgarden.es\/de\/shop\/lightdeco-de\/tragbares\/kabellose-poolbeleuchtung-papaya-12-battery\/#primaryimage\"},\"image\":{\"@id\":\"https:\/\/newgarden.es\/de\/shop\/lightdeco-de\/tragbares\/kabellose-poolbeleuchtung-papaya-12-battery\/#primaryimage\"},\"thumbnailUrl\":\"https:\/\/newgarden.es\/wp-content\/uploads\/2023\/02\/PAPAYA_12_BATTERY_1200X1200-7.jpg\",\"datePublished\":\"2023-02-21T09:03:52+00:00\",\"dateModified\":\"2024-06-13T12:52:51+00:00\",\"description\":\"Papaya 12 BATTERY ist ein kabelloses Licht, das speziell f\u00fcr die Beleuchtung Ihres Pools entwickelt wurde. Dank seiner kompakten und wasserdichten\",\"breadcrumb\":{\"@id\":\"https:\/\/newgarden.es\/de\/shop\/lightdeco-de\/tragbares\/kabellose-poolbeleuchtung-papaya-12-battery\/#breadcrumb\"},\"inLanguage\":\"de\",\"potentialAction\":[{\"@type\":\"ReadAction\",\"target\":[\"https:\/\/newgarden.es\/de\/shop\/lightdeco-de\/tragbares\/kabellose-poolbeleuchtung-papaya-12-battery\/\"]}]},{\"@type\":\"ImageObject\",\"inLanguage\":\"de\",\"@id\":\"https:\/\/newgarden.es\/de\/shop\/lightdeco-de\/tragbares\/kabellose-poolbeleuchtung-papaya-12-battery\/#primaryimage\",\"url\":\"https:\/\/newgarden.es\/wp-content\/uploads\/2023\/02\/PAPAYA_12_BATTERY_1200X1200-7.jpg\",\"contentUrl\":\"https:\/\/newgarden.es\/wp-content\/uploads\/2023\/02\/PAPAYA_12_BATTERY_1200X1200-7.jpg\",\"width\":1200,\"height\":1200},{\"@type\":\"BreadcrumbList\",\"@id\":\"https:\/\/newgarden.es\/de\/shop\/lightdeco-de\/tragbares\/kabellose-poolbeleuchtung-papaya-12-battery\/#breadcrumb\",\"itemListElement\":[{\"@type\":\"ListItem\",\"position\":1,\"name\":\"Home\",\"item\":\"https:\/\/newgarden.es\/de\/\"},{\"@type\":\"ListItem\",\"position\":2,\"name\":\"Shop\",\"item\":\"https:\/\/newgarden.es\/de\/shop\/\"},{\"@type\":\"ListItem\",\"position\":3,\"name\":\"KABELLOSE POOLBELEUCHTUNG PAPAYA 12 BATTERY\"}]},{\"@type\":\"WebSite\",\"@id\":\"https:\/\/newgarden.es\/#website\",\"url\":\"https:\/\/newgarden.es\/\",\"name\":\"Newgarden\",\"description\":\"Be happy\",\"potentialAction\":[{\"@type\":\"SearchAction\",\"target\":{\"@type\":\"EntryPoint\",\"urlTemplate\":\"https:\/\/newgarden.es\/?s={search_term_string}\"},\"query-input\":{\"@type\":\"PropertyValueSpecification\",\"valueRequired\":true,\"valueName\":\"search_term_string\"}}],\"inLanguage\":\"de\"}]}<\/script>\n<!-- \/ Yoast SEO plugin. -->","yoast_head_json":{"title":"KABELLOSE POOLBELEUCHTUNG PAPAYA 12 BATTERY - Newgarden","description":"Papaya 12 BATTERY ist ein kabelloses Licht, das speziell f\u00fcr die Beleuchtung Ihres Pools entwickelt wurde. Dank seiner kompakten und wasserdichten","robots":{"index":"index","follow":"follow","max-snippet":"max-snippet:-1","max-image-preview":"max-image-preview:large","max-video-preview":"max-video-preview:-1"},"canonical":"https:\/\/newgarden.es\/de\/shop\/lightdeco-de\/tragbares\/kabellose-poolbeleuchtung-papaya-12-battery\/","og_locale":"de_DE","og_type":"article","og_title":"KABELLOSE POOLBELEUCHTUNG PAPAYA 12 BATTERY - Newgarden","og_description":"Papaya 12 BATTERY ist ein kabelloses Licht, das speziell f\u00fcr die Beleuchtung Ihres Pools entwickelt wurde. Dank seiner kompakten und wasserdichten","og_url":"https:\/\/newgarden.es\/de\/shop\/lightdeco-de\/tragbares\/kabellose-poolbeleuchtung-papaya-12-battery\/","og_site_name":"Newgarden","article_modified_time":"2024-06-13T12:52:51+00:00","og_image":[{"width":1200,"height":1200,"url":"https:\/\/newgarden.es\/wp-content\/uploads\/2023\/02\/PAPAYA_12_BATTERY_1200X1200-7.jpg","type":"image\/jpeg"}],"twitter_card":"summary_large_image","twitter_misc":{"Gesch\u00e4tzte Lesezeit":"1\u00a0Minute"},"schema":{"@context":"https:\/\/schema.org","@graph":[{"@type":"WebPage","@id":"https:\/\/newgarden.es\/de\/shop\/lightdeco-de\/tragbares\/kabellose-poolbeleuchtung-papaya-12-battery\/","url":"https:\/\/newgarden.es\/de\/shop\/lightdeco-de\/tragbares\/kabellose-poolbeleuchtung-papaya-12-battery\/","name":"KABELLOSE POOLBELEUCHTUNG PAPAYA 12 BATTERY - Newgarden","isPartOf":{"@id":"https:\/\/newgarden.es\/#website"},"primaryImageOfPage":{"@id":"https:\/\/newgarden.es\/de\/shop\/lightdeco-de\/tragbares\/kabellose-poolbeleuchtung-papaya-12-battery\/#primaryimage"},"image":{"@id":"https:\/\/newgarden.es\/de\/shop\/lightdeco-de\/tragbares\/kabellose-poolbeleuchtung-papaya-12-battery\/#primaryimage"},"thumbnailUrl":"https:\/\/newgarden.es\/wp-content\/uploads\/2023\/02\/PAPAYA_12_BATTERY_1200X1200-7.jpg","datePublished":"2023-02-21T09:03:52+00:00","dateModified":"2024-06-13T12:52:51+00:00","description":"Papaya 12 BATTERY ist ein kabelloses Licht, das speziell f\u00fcr die Beleuchtung Ihres Pools entwickelt wurde. Dank seiner kompakten und wasserdichten","breadcrumb":{"@id":"https:\/\/newgarden.es\/de\/shop\/lightdeco-de\/tragbares\/kabellose-poolbeleuchtung-papaya-12-battery\/#breadcrumb"},"inLanguage":"de","potentialAction":[{"@type":"ReadAction","target":["https:\/\/newgarden.es\/de\/shop\/lightdeco-de\/tragbares\/kabellose-poolbeleuchtung-papaya-12-battery\/"]}]},{"@type":"ImageObject","inLanguage":"de","@id":"https:\/\/newgarden.es\/de\/shop\/lightdeco-de\/tragbares\/kabellose-poolbeleuchtung-papaya-12-battery\/#primaryimage","url":"https:\/\/newgarden.es\/wp-content\/uploads\/2023\/02\/PAPAYA_12_BATTERY_1200X1200-7.jpg","contentUrl":"https:\/\/newgarden.es\/wp-content\/uploads\/2023\/02\/PAPAYA_12_BATTERY_1200X1200-7.jpg","width":1200,"height":1200},{"@type":"BreadcrumbList","@id":"https:\/\/newgarden.es\/de\/shop\/lightdeco-de\/tragbares\/kabellose-poolbeleuchtung-papaya-12-battery\/#breadcrumb","itemListElement":[{"@type":"ListItem","position":1,"name":"Home","item":"https:\/\/newgarden.es\/de\/"},{"@type":"ListItem","position":2,"name":"Shop","item":"https:\/\/newgarden.es\/de\/shop\/"},{"@type":"ListItem","position":3,"name":"KABELLOSE POOLBELEUCHTUNG PAPAYA 12 BATTERY"}]},{"@type":"WebSite","@id":"https:\/\/newgarden.es\/#website","url":"https:\/\/newgarden.es\/","name":"Newgarden","description":"Be happy","potentialAction":[{"@type":"SearchAction","target":{"@type":"EntryPoint","urlTemplate":"https:\/\/newgarden.es\/?s={search_term_string}"},"query-input":{"@type":"PropertyValueSpecification","valueRequired":true,"valueName":"search_term_string"}}],"inLanguage":"de"}]}},"df_price":39,"df_sale_price":"","df_regular_price":39,"df_image_link":"https:\/\/newgarden.es\/wp-content\/uploads\/2023\/02\/PAPAYA_12_BATTERY_1200X1200-7-580x400.jpg","_links":{"self":[{"href":"https:\/\/newgarden.es\/de\/wp-json\/wp\/v2\/product\/46483"}],"collection":[{"href":"https:\/\/newgarden.es\/de\/wp-json\/wp\/v2\/product"}],"about":[{"href":"https:\/\/newgarden.es\/de\/wp-json\/wp\/v2\/types\/product"}],"wp:featuredmedia":[{"embeddable":true,"href":"https:\/\/newgarden.es\/de\/wp-json\/wp\/v2\/media\/56616"}],"wp:attachment":[{"href":"https:\/\/newgarden.es\/de\/wp-json\/wp\/v2\/media?parent=46483"}],"wp:term":[{"taxonomy":"product_cat","embeddable":true,"href":"https:\/\/newgarden.es\/de\/wp-json\/wp\/v2\/product_cat?post=46483"},{"taxonomy":"product_tag","embeddable":true,"href":"https:\/\/newgarden.es\/de\/wp-json\/wp\/v2\/product_tag?post=46483"}],"curies":[{"name":"wp","href":"https:\/\/api.w.org\/{rel}","templated":true}]}}